{"id":55,"date":"2024-10-30T09:55:39","date_gmt":"2024-10-30T09:55:39","guid":{"rendered":"https:\/\/rideaux-couture.com\/?page_id=55"},"modified":"2025-11-24T12:18:35","modified_gmt":"2025-11-24T10:18:35","slug":"contact","status":"publish","type":"page","link":"https:\/\/paule-vasseur.com\/de\/contact.htm","title":{"rendered":"Kontakt"},"content":{"rendered":"<div class=\"wp-block-columns is-layout-flex wp-container-core-columns-is-layout-9d6595d7 wp-block-columns-is-layout-flex\">\n<div class=\"wp-block-column is-layout-flow wp-block-column-is-layout-flow\" style=\"flex-basis:66.66%\">\n<div class=\"wp-block-group\" style=\"border-width:1px;padding-top:var(--wp--preset--spacing--30);padding-right:var(--wp--preset--spacing--30);padding-bottom:var(--wp--preset--spacing--30);padding-left:var(--wp--preset--spacing--30)\"><div class=\"wp-block-group__inner-container is-layout-constrained wp-container-core-group-is-layout-651e6f64 wp-block-group-is-layout-constrained\">\n<script\n type=\"text\/javascript\" src=\"https:\/\/form.jotform.com\/jsform\/250132713395351\"><\/script>\n<\/div><\/div>\n<\/div>\n\n\n\n<div class=\"wp-block-column is-layout-flow wp-block-column-is-layout-flow\" style=\"flex-basis:33.33%\">\n<div class=\"wp-block-group\" style=\"border-width:1px;padding-top:var(--wp--preset--spacing--30);padding-right:var(--wp--preset--spacing--30);padding-bottom:var(--wp--preset--spacing--30);padding-left:var(--wp--preset--spacing--30)\"><div class=\"wp-block-group__inner-container is-layout-constrained wp-container-core-group-is-layout-651e6f64 wp-block-group-is-layout-constrained\">\n<div class=\"wp-block-columns is-layout-flex wp-container-core-columns-is-layout-abbe5815 wp-block-columns-is-layout-flex\" style=\"padding-top:0;padding-right:0;padding-bottom:0;padding-left:0\">\n<div class=\"wp-block-column is-layout-flow wp-block-column-is-layout-flow\">\n<p class=\"has-text-align-center has-theme-palette-3-color has-text-color has-link-color wp-elements-2186a7f5eec123f4569b9718cc11cde9\"><strong>GROSSE DATEI  <\/strong><\/p>\n<\/div>\n<\/div>\n\n\n\n<div class=\"wp-block-columns is-layout-flex wp-container-core-columns-is-layout-abbe5815 wp-block-columns-is-layout-flex\" style=\"padding-top:0;padding-right:0;padding-bottom:0;padding-left:0\">\n<div class=\"wp-block-column is-layout-flow wp-block-column-is-layout-flow\">\n<script type=\"text\/javascript\" src=\"https:\/\/form.jotform.com\/jsform\/212824312318347\"><\/script>\n<\/div>\n<\/div>\n<\/div><\/div>\n\n\n\n<div class=\"wp-block-group\" style=\"border-width:1px;padding-top:var(--wp--preset--spacing--30);padding-right:var(--wp--preset--spacing--30);padding-bottom:var(--wp--preset--spacing--30);padding-left:var(--wp--preset--spacing--30)\"><div class=\"wp-block-group__inner-container is-layout-constrained wp-container-core-group-is-layout-651e6f64 wp-block-group-is-layout-constrained\">\n<div class=\"wp-block-columns is-layout-flex wp-container-core-columns-is-layout-9d6595d7 wp-block-columns-is-layout-flex\">\n<div class=\"wp-block-column is-layout-flow wp-block-column-is-layout-flow\">\n<p class=\"has-text-align-center has-theme-palette-3-color has-text-color has-link-color wp-elements-f3d44657a9da093b86710f497e455eba\"><strong>PER TELEFON<\/strong><\/p>\n<\/div>\n<\/div>\n\n\n\n<div class=\"wp-block-columns is-layout-flex wp-container-core-columns-is-layout-9d6595d7 wp-block-columns-is-layout-flex\">\n<div class=\"wp-block-column is-layout-flow wp-block-column-is-layout-flow\">\n<p>01 80 83 60 60<\/p>\n\n\n\n<p>06 11 52 38 27 <\/p>\n\n\n\n<p>Von au\u00dferhalb Frankreichs :+331 80 83 60 60<\/p>\n<\/div>\n<\/div>\n<\/div><\/div>\n\n\n\n<div class=\"wp-block-group\" style=\"border-width:1px;padding-top:var(--wp--preset--spacing--30);padding-right:var(--wp--preset--spacing--30);padding-bottom:var(--wp--preset--spacing--30);padding-left:var(--wp--preset--spacing--30)\"><div class=\"wp-block-group__inner-container is-layout-constrained wp-container-core-group-is-layout-651e6f64 wp-block-group-is-layout-constrained\">\n<p class=\"has-text-align-center has-theme-palette-3-color has-text-color has-link-color wp-elements-54204e12100e4cb94f7bce5d2b3ce4ea\"><strong>PER EMAIL<\/strong><\/p>\n\n\n\n<p style=\"text-transform:capitalize\">Paule Vasseur<\/p>\n\n\n\n<p style=\"text-transform:capitalize\">emmanuelle Nagel<br>36 rue des Landes<br>78400 Chatou Frankreich<\/p>\n\n\n\n<p style=\"text-transform:lowercase\">(Diese Adresse ist die Adresse unseres B\u00fcros. Es handelt sich nicht um ein Gesch\u00e4ft. Wenn Sie uns treffen m\u00f6chten, vereinbaren Sie bitte einen Termin)<\/p>\n<\/div><\/div>\n<\/div>\n<\/div>\n\n\n\n<p><\/p>","protected":false},"excerpt":{"rendered":"<p>FICHIER VOLUMINEUX PAR T\u00c9L\u00c9PHONE 01 80 83 60 60 06 11 52 38 27 From outside France :+331 80 83 60 60 PAR COURRIER Paule Vasseur emmanuelle Nagel36 rue des Landes78400 Chatou France (Cette adresse est celle de nos bureaux. Ce n&rsquo;est pas un magasin. Si vous souhaitez nous rencontrer, merci de prendre rendez-vous)<\/p>","protected":false},"author":1,"featured_media":0,"parent":0,"menu_order":0,"comment_status":"closed","ping_status":"closed","template":"","meta":{"_kadence_starter_templates_imported_post":false,"_kad_post_transparent":"","_kad_post_title":"","_kad_post_layout":"","_kad_post_sidebar_id":"","_kad_post_content_style":"","_kad_post_vertical_padding":"","_kad_post_feature":"","_kad_post_feature_position":"","_kad_post_header":false,"_kad_post_footer":false,"_kad_post_classname":"","footnotes":""},"folder":[],"class_list":["post-55","page","type-page","status-publish","hentry"],"yoast_head":"<!-- This site is optimized with the Yoast SEO plugin v27.4 - https:\/\/yoast.com\/product\/yoast-seo-wordpress\/ -->\n<title>Contact - PAULE VASSEUR<\/title>\n<meta name=\"robots\" content=\"index, follow, max-snippet:-1, max-image-preview:large, max-video-preview:-1\" \/>\n<link rel=\"canonical\" href=\"https:\/\/paule-vasseur.com\/de\/kontakt-htm\" \/>\n<meta property=\"og:locale\" content=\"de_DE\" \/>\n<meta property=\"og:type\" content=\"article\" \/>\n<meta property=\"og:title\" content=\"Contact - PAULE VASSEUR\" \/>\n<meta property=\"og:description\" content=\"FICHIER VOLUMINEUX PAR T\u00c9L\u00c9PHONE 01 80 83 60 60 06 11 52 38 27 From outside France :+331 80 83 60 60 PAR COURRIER Paule Vasseur emmanuelle Nagel36 rue des Landes78400 Chatou France (Cette adresse est celle de nos bureaux. Ce n&rsquo;est pas un magasin. Si vous souhaitez nous rencontrer, merci de prendre rendez-vous)\" \/>\n<meta property=\"og:url\" content=\"https:\/\/paule-vasseur.com\/de\/kontakt-htm\" \/>\n<meta property=\"og:site_name\" content=\"PAULE VASSEUR\" \/>\n<meta property=\"article:modified_time\" content=\"2025-11-24T10:18:35+00:00\" \/>\n<meta name=\"twitter:card\" content=\"summary_large_image\" \/>\n<meta name=\"twitter:label1\" content=\"Gesch\u00e4tzte Lesezeit\" \/>\n\t<meta name=\"twitter:data1\" content=\"1\u00a0Minute\" \/>\n<script type=\"application\/ld+json\" class=\"yoast-schema-graph\">{\"@context\":\"https:\\\/\\\/schema.org\",\"@graph\":[{\"@type\":\"WebPage\",\"@id\":\"https:\\\/\\\/paule-vasseur.com\\\/de\\\/contact.htm\",\"url\":\"https:\\\/\\\/paule-vasseur.com\\\/de\\\/contact.htm\",\"name\":\"Contact - PAULE VASSEUR\",\"isPartOf\":{\"@id\":\"https:\\\/\\\/paule-vasseur.com\\\/de\\\/#website\"},\"datePublished\":\"2024-10-30T09:55:39+00:00\",\"dateModified\":\"2025-11-24T10:18:35+00:00\",\"breadcrumb\":{\"@id\":\"https:\\\/\\\/paule-vasseur.com\\\/de\\\/contact.htm#breadcrumb\"},\"inLanguage\":\"de-CH\",\"potentialAction\":[{\"@type\":\"ReadAction\",\"target\":[\"https:\\\/\\\/paule-vasseur.com\\\/de\\\/contact.htm\"]}]},{\"@type\":\"BreadcrumbList\",\"@id\":\"https:\\\/\\\/paule-vasseur.com\\\/de\\\/contact.htm#breadcrumb\",\"itemListElement\":[{\"@type\":\"ListItem\",\"position\":1,\"name\":\"Accueil\",\"item\":\"https:\\\/\\\/paule-vasseur.com\\\/\"},{\"@type\":\"ListItem\",\"position\":2,\"name\":\"Contact\"}]},{\"@type\":\"WebSite\",\"@id\":\"https:\\\/\\\/paule-vasseur.com\\\/de\\\/#website\",\"url\":\"https:\\\/\\\/paule-vasseur.com\\\/de\\\/\",\"name\":\"RIDEAUX COUTURE\",\"description\":\"\",\"publisher\":{\"@id\":\"https:\\\/\\\/paule-vasseur.com\\\/de\\\/#organization\"},\"potentialAction\":[{\"@type\":\"SearchAction\",\"target\":{\"@type\":\"EntryPoint\",\"urlTemplate\":\"https:\\\/\\\/paule-vasseur.com\\\/de\\\/?s={search_term_string}\"},\"query-input\":{\"@type\":\"PropertyValueSpecification\",\"valueRequired\":true,\"valueName\":\"search_term_string\"}}],\"inLanguage\":\"de-CH\"},{\"@type\":\"Organization\",\"@id\":\"https:\\\/\\\/paule-vasseur.com\\\/de\\\/#organization\",\"name\":\"RIDEAUX COUTURE\",\"url\":\"https:\\\/\\\/paule-vasseur.com\\\/de\\\/\",\"logo\":{\"@type\":\"ImageObject\",\"inLanguage\":\"de-CH\",\"@id\":\"https:\\\/\\\/paule-vasseur.com\\\/de\\\/#\\\/schema\\\/logo\\\/image\\\/\",\"url\":\"https:\\\/\\\/paule-vasseur.com\\\/wp-content\\\/uploads\\\/2025\\\/09\\\/cropped-cropped-logonew2018-2.webp\",\"contentUrl\":\"https:\\\/\\\/paule-vasseur.com\\\/wp-content\\\/uploads\\\/2025\\\/09\\\/cropped-cropped-logonew2018-2.webp\",\"width\":166,\"height\":110,\"caption\":\"RIDEAUX COUTURE\"},\"image\":{\"@id\":\"https:\\\/\\\/paule-vasseur.com\\\/de\\\/#\\\/schema\\\/logo\\\/image\\\/\"}}]}<\/script>\n<!-- \/ Yoast SEO plugin. -->","yoast_head_json":{"title":"Kontakt - PAULE VASSEUR","robots":{"index":"index","follow":"follow","max-snippet":"max-snippet:-1","max-image-preview":"max-image-preview:large","max-video-preview":"max-video-preview:-1"},"canonical":"https:\/\/paule-vasseur.com\/de\/kontakt-htm","og_locale":"de_DE","og_type":"article","og_title":"Contact - PAULE VASSEUR","og_description":"FICHIER VOLUMINEUX PAR T\u00c9L\u00c9PHONE 01 80 83 60 60 06 11 52 38 27 From outside France :+331 80 83 60 60 PAR COURRIER Paule Vasseur emmanuelle Nagel36 rue des Landes78400 Chatou France (Cette adresse est celle de nos bureaux. Ce n&rsquo;est pas un magasin. Si vous souhaitez nous rencontrer, merci de prendre rendez-vous)","og_url":"https:\/\/paule-vasseur.com\/de\/kontakt-htm","og_site_name":"PAULE VASSEUR","article_modified_time":"2025-11-24T10:18:35+00:00","twitter_card":"summary_large_image","twitter_misc":{"Gesch\u00e4tzte Lesezeit":"1\u00a0Minute"},"schema":{"@context":"https:\/\/schema.org","@graph":[{"@type":"WebPage","@id":"https:\/\/paule-vasseur.com\/de\/contact.htm","url":"https:\/\/paule-vasseur.com\/de\/contact.htm","name":"Kontakt - PAULE VASSEUR","isPartOf":{"@id":"https:\/\/paule-vasseur.com\/de\/#website"},"datePublished":"2024-10-30T09:55:39+00:00","dateModified":"2025-11-24T10:18:35+00:00","breadcrumb":{"@id":"https:\/\/paule-vasseur.com\/de\/contact.htm#breadcrumb"},"inLanguage":"de-CH","potentialAction":[{"@type":"ReadAction","target":["https:\/\/paule-vasseur.com\/de\/contact.htm"]}]},{"@type":"BreadcrumbList","@id":"https:\/\/paule-vasseur.com\/de\/contact.htm#breadcrumb","itemListElement":[{"@type":"ListItem","position":1,"name":"Accueil","item":"https:\/\/paule-vasseur.com\/"},{"@type":"ListItem","position":2,"name":"Contact"}]},{"@type":"WebSite","@id":"https:\/\/paule-vasseur.com\/de\/#website","url":"https:\/\/paule-vasseur.com\/de\/","name":"VORH\u00c4NGE N\u00c4HEN","description":"","publisher":{"@id":"https:\/\/paule-vasseur.com\/de\/#organization"},"potentialAction":[{"@type":"SearchAction","target":{"@type":"EntryPoint","urlTemplate":"https:\/\/paule-vasseur.com\/de\/?s={search_term_string}"},"query-input":{"@type":"PropertyValueSpecification","valueRequired":true,"valueName":"search_term_string"}}],"inLanguage":"de-CH"},{"@type":"Organization","@id":"https:\/\/paule-vasseur.com\/de\/#organization","name":"VORH\u00c4NGE N\u00c4HEN","url":"https:\/\/paule-vasseur.com\/de\/","logo":{"@type":"ImageObject","inLanguage":"de-CH","@id":"https:\/\/paule-vasseur.com\/de\/#\/schema\/logo\/image\/","url":"https:\/\/paule-vasseur.com\/wp-content\/uploads\/2025\/09\/cropped-cropped-logonew2018-2.webp","contentUrl":"https:\/\/paule-vasseur.com\/wp-content\/uploads\/2025\/09\/cropped-cropped-logonew2018-2.webp","width":166,"height":110,"caption":"RIDEAUX COUTURE"},"image":{"@id":"https:\/\/paule-vasseur.com\/de\/#\/schema\/logo\/image\/"}}]}},"_links":{"self":[{"href":"https:\/\/paule-vasseur.com\/de\/wp-json\/wp\/v2\/pages\/55","targetHints":{"allow":["GET"]}}],"collection":[{"href":"https:\/\/paule-vasseur.com\/de\/wp-json\/wp\/v2\/pages"}],"about":[{"href":"https:\/\/paule-vasseur.com\/de\/wp-json\/wp\/v2\/types\/page"}],"author":[{"embeddable":true,"href":"https:\/\/paule-vasseur.com\/de\/wp-json\/wp\/v2\/users\/1"}],"replies":[{"embeddable":true,"href":"https:\/\/paule-vasseur.com\/de\/wp-json\/wp\/v2\/comments?post=55"}],"version-history":[{"count":10,"href":"https:\/\/paule-vasseur.com\/de\/wp-json\/wp\/v2\/pages\/55\/revisions"}],"predecessor-version":[{"id":78662,"href":"https:\/\/paule-vasseur.com\/de\/wp-json\/wp\/v2\/pages\/55\/revisions\/78662"}],"wp:attachment":[{"href":"https:\/\/paule-vasseur.com\/de\/wp-json\/wp\/v2\/media?parent=55"}],"wp:term":[{"taxonomy":"folder","embeddable":true,"href":"https:\/\/paule-vasseur.com\/de\/wp-json\/wp\/v2\/folder?post=55"}],"curies":[{"name":"wp","href":"https:\/\/api.w.org\/{rel}","templated":true}]}}