{"id":57570,"date":"2025-06-20T13:28:00","date_gmt":"2025-06-20T13:28:00","guid":{"rendered":"https:\/\/rideaux-couture.com\/?page_id=57570"},"modified":"2025-06-20T13:29:50","modified_gmt":"2025-06-20T13:29:50","slug":"privacy-policy-2","status":"publish","type":"page","link":"https:\/\/paule-vasseur.com\/de\/privacy-policy-2.htm","title":{"rendered":"Privacy Policy OK"},"content":{"rendered":"<h2 class=\"wp-block-heading\">Qui sommes-nous ?<\/h2>\n\n\n\n<p>L&rsquo;adresse de notre site Web est : <a class=\"\" href=\"https:\/\/paule-vasseur.com\/de\/\">https:\/\/paule-vasseur.com<\/a>.<br>Nous sommes <strong>la soci\u00e9t\u00e9 Rideaux Couture<\/strong>, sp\u00e9cialis\u00e9e dans la vente de rideaux sur mesure et articles de d\u00e9coration.<\/p>\n\n\n\n<hr class=\"wp-block-separator has-alpha-channel-opacity\"\/>\n\n\n\n<h2 class=\"wp-block-heading\">Commentaires<\/h2>\n\n\n\n<p>Lorsque vous laissez un commentaire sur notre site, nous collectons les donn\u00e9es indiqu\u00e9es dans le formulaire de commentaire, mais aussi votre adresse IP et l\u2019agent utilisateur de votre navigateur pour nous aider \u00e0 la d\u00e9tection des commentaires ind\u00e9sirables.<\/p>\n\n\n\n<p>Une cha\u00eene anonymis\u00e9e (\u00e9galement appel\u00e9e <strong>hash<\/strong>) cr\u00e9\u00e9e \u00e0 partir de votre adresse e-mail peut \u00eatre envoy\u00e9e au service Gravatar pour v\u00e9rifier si vous l\u2019utilisez. La politique de confidentialit\u00e9 du service Gravatar est disponible ici :<br><a class=\"\" href=\"https:\/\/automattic.com\/privacy\/\">https:\/\/automattic.com\/privacy\/<\/a>.<br>Apr\u00e8s validation de votre commentaire, votre photo de profil sera visible publiquement \u00e0 c\u00f4t\u00e9 de celui-ci.<\/p>\n\n\n\n<hr class=\"wp-block-separator has-alpha-channel-opacity\"\/>\n\n\n\n<h2 class=\"wp-block-heading\">M\u00e9dias<\/h2>\n\n\n\n<p>Si vous t\u00e9l\u00e9versez des images sur le site, nous vous conseillons d\u2019\u00e9viter d\u2019y inclure des donn\u00e9es de localisation (EXIF GPS). Les visiteurs du site peuvent t\u00e9l\u00e9charger et extraire des donn\u00e9es de localisation \u00e0 partir de ces images.<\/p>\n\n\n\n<hr class=\"wp-block-separator has-alpha-channel-opacity\"\/>\n\n\n\n<h2 class=\"wp-block-heading\">Cookies<\/h2>\n\n\n\n<p>Si vous laissez un commentaire sur notre site, il vous sera propos\u00e9 d\u2019enregistrer votre nom, adresse e-mail et site web dans des cookies. C\u2019est uniquement pour votre confort afin de ne pas avoir \u00e0 ressaisir ces informations si vous laissez un autre commentaire plus tard. Ces cookies expirent au bout d\u2019un an.<\/p>\n\n\n\n<p>Si vous vous rendez sur la page de connexion, un cookie temporaire sera cr\u00e9\u00e9 pour d\u00e9terminer si votre navigateur accepte les cookies. Il ne contient pas de donn\u00e9es personnelles et sera supprim\u00e9 automatiquement \u00e0 la fermeture de votre navigateur.<\/p>\n\n\n\n<p>Lorsque vous vous connectez, plusieurs cookies sont mis en place pour enregistrer vos informations de connexion et vos pr\u00e9f\u00e9rences d\u2019affichage. La dur\u00e9e de vie d\u2019un cookie de connexion est de deux jours, celle d\u2019un cookie d\u2019option d\u2019\u00e9cran est d\u2019un an. Si vous cochez \u00ab Se souvenir de moi \u00bb, votre connexion sera conserv\u00e9e pendant deux semaines. En vous d\u00e9connectant de votre compte, les cookies de connexion sont effac\u00e9s.<\/p>\n\n\n\n<p>En modifiant ou en publiant un article, un cookie suppl\u00e9mentaire sera enregistr\u00e9 dans votre navigateur. Ce cookie ne comprend aucune donn\u00e9e personnelle ; il indique simplement l\u2019identifiant de l\u2019article que vous venez de modifier. Il expire au bout d\u2019un jour.<\/p>\n\n\n\n<hr class=\"wp-block-separator has-alpha-channel-opacity\"\/>\n\n\n\n<h2 class=\"wp-block-heading\">Contenu embarqu\u00e9 depuis d&rsquo;autres sites<\/h2>\n\n\n\n<p>Les articles de ce site peuvent inclure des contenus int\u00e9gr\u00e9s (par exemple des vid\u00e9os, images, articles, etc.). Le contenu int\u00e9gr\u00e9 depuis d\u2019autres sites se comporte de la m\u00eame mani\u00e8re que si le visiteur se rendait sur cet autre site.<\/p>\n\n\n\n<p>Ces sites web peuvent collecter des donn\u00e9es vous concernant, utiliser des cookies, embarquer des outils de suivis tiers, suivre vos interactions avec ces contenus embarqu\u00e9s si vous disposez d\u2019un compte connect\u00e9 sur leur site.<\/p>\n\n\n\n<hr class=\"wp-block-separator has-alpha-channel-opacity\"\/>\n\n\n\n<h2 class=\"wp-block-heading\">Partage de vos donn\u00e9es personnelles<\/h2>\n\n\n\n<p>Si vous demandez une r\u00e9initialisation de mot de passe, votre adresse IP sera incluse dans l\u2019e-mail de r\u00e9initialisation.<\/p>\n\n\n\n<hr class=\"wp-block-separator has-alpha-channel-opacity\"\/>\n\n\n\n<h2 class=\"wp-block-heading\">Dur\u00e9e de conservation de vos donn\u00e9es<\/h2>\n\n\n\n<p>Si vous laissez un commentaire, le commentaire et ses m\u00e9tadonn\u00e9es sont conserv\u00e9s ind\u00e9finiment. Cela permet de reconna\u00eetre et approuver automatiquement les commentaires suivants au lieu de les laisser dans une file de mod\u00e9ration.<\/p>\n\n\n\n<p>Pour les comptes cr\u00e9\u00e9s sur notre site (si applicable), nous stockons \u00e9galement les donn\u00e9es personnelles indiqu\u00e9es dans le profil utilisateur. Tous les utilisateurs peuvent voir, modifier ou supprimer leurs informations personnelles \u00e0 tout moment (\u00e0 l\u2019exception de leur identifiant). Les administrateurs du site peuvent aussi voir et modifier ces informations.<\/p>\n\n\n\n<hr class=\"wp-block-separator has-alpha-channel-opacity\"\/>\n\n\n\n<h2 class=\"wp-block-heading\">Vos droits sur vos donn\u00e9es<\/h2>\n\n\n\n<p>Si vous avez un compte ou avez laiss\u00e9 des commentaires sur le site, vous pouvez demander \u00e0 recevoir un fichier contenant toutes les donn\u00e9es personnelles que nous poss\u00e9dons \u00e0 votre sujet, y compris celles que vous nous avez fournies.<\/p>\n\n\n\n<p>Vous pouvez \u00e9galement demander la suppression des donn\u00e9es personnelles vous concernant. Cela ne prend pas en compte les donn\u00e9es stock\u00e9es \u00e0 des fins administratives, l\u00e9gales ou pour des raisons de s\u00e9curit\u00e9.<\/p>\n\n\n\n<hr class=\"wp-block-separator has-alpha-channel-opacity\"\/>\n\n\n\n<h2 class=\"wp-block-heading\">Transmission de vos donn\u00e9es<\/h2>\n\n\n\n<p>Les commentaires des visiteurs peuvent \u00eatre v\u00e9rifi\u00e9s \u00e0 l\u2019aide d\u2019un service automatis\u00e9 de d\u00e9tection des commentaires ind\u00e9sirables.<\/p>","protected":false},"excerpt":{"rendered":"<p>Qui sommes-nous ? L&rsquo;adresse de notre site Web est : https:\/\/paule-vasseur.com.Nous sommes la soci\u00e9t\u00e9 Rideaux Couture, sp\u00e9cialis\u00e9e dans la vente de rideaux sur mesure et articles de d\u00e9coration. Commentaires Lorsque vous laissez un commentaire sur notre site, nous collectons les donn\u00e9es indiqu\u00e9es dans le formulaire de commentaire, mais aussi votre adresse IP et l\u2019agent utilisateur&#8230;<\/p>","protected":false},"author":1,"featured_media":0,"parent":0,"menu_order":0,"comment_status":"closed","ping_status":"closed","template":"","meta":{"_kadence_starter_templates_imported_post":false,"_kad_post_transparent":"","_kad_post_title":"","_kad_post_layout":"","_kad_post_sidebar_id":"","_kad_post_content_style":"","_kad_post_vertical_padding":"","_kad_post_feature":"","_kad_post_feature_position":"","_kad_post_header":false,"_kad_post_footer":false,"_kad_post_classname":"","footnotes":""},"folder":[],"class_list":["post-57570","page","type-page","status-publish","hentry"],"yoast_head":"<!-- This site is optimized with the Yoast SEO plugin v27.4 - https:\/\/yoast.com\/product\/yoast-seo-wordpress\/ -->\n<title>Privacy Policy OK - PAULE VASSEUR<\/title>\n<meta name=\"robots\" content=\"index, follow, max-snippet:-1, max-image-preview:large, max-video-preview:-1\" \/>\n<link rel=\"canonical\" href=\"https:\/\/paule-vasseur.com\/de\/privacy-policy-2.htm\" \/>\n<meta property=\"og:locale\" content=\"de_DE\" \/>\n<meta property=\"og:type\" content=\"article\" \/>\n<meta property=\"og:title\" content=\"Privacy Policy OK - PAULE VASSEUR\" \/>\n<meta property=\"og:description\" content=\"Qui sommes-nous ? L&rsquo;adresse de notre site Web est : https:\/\/paule-vasseur.com.Nous sommes la soci\u00e9t\u00e9 Rideaux Couture, sp\u00e9cialis\u00e9e dans la vente de rideaux sur mesure et articles de d\u00e9coration. Commentaires Lorsque vous laissez un commentaire sur notre site, nous collectons les donn\u00e9es indiqu\u00e9es dans le formulaire de commentaire, mais aussi votre adresse IP et l\u2019agent utilisateur...\" \/>\n<meta property=\"og:url\" content=\"https:\/\/paule-vasseur.com\/de\/privacy-policy-2.htm\" \/>\n<meta property=\"og:site_name\" content=\"PAULE VASSEUR\" \/>\n<meta property=\"article:modified_time\" content=\"2025-06-20T13:29:50+00:00\" \/>\n<meta name=\"twitter:card\" content=\"summary_large_image\" \/>\n<meta name=\"twitter:label1\" content=\"Gesch\u00e4tzte Lesezeit\" \/>\n\t<meta name=\"twitter:data1\" content=\"4\u00a0Minuten\" \/>\n<script type=\"application\/ld+json\" class=\"yoast-schema-graph\">{\"@context\":\"https:\\\/\\\/schema.org\",\"@graph\":[{\"@type\":\"WebPage\",\"@id\":\"https:\\\/\\\/paule-vasseur.com\\\/de\\\/privacy-policy-2.htm\",\"url\":\"https:\\\/\\\/paule-vasseur.com\\\/de\\\/privacy-policy-2.htm\",\"name\":\"Privacy Policy OK - PAULE VASSEUR\",\"isPartOf\":{\"@id\":\"https:\\\/\\\/paule-vasseur.com\\\/de\\\/#website\"},\"datePublished\":\"2025-06-20T13:28:00+00:00\",\"dateModified\":\"2025-06-20T13:29:50+00:00\",\"breadcrumb\":{\"@id\":\"https:\\\/\\\/paule-vasseur.com\\\/de\\\/privacy-policy-2.htm#breadcrumb\"},\"inLanguage\":\"de-CH\",\"potentialAction\":[{\"@type\":\"ReadAction\",\"target\":[\"https:\\\/\\\/paule-vasseur.com\\\/de\\\/privacy-policy-2.htm\"]}]},{\"@type\":\"BreadcrumbList\",\"@id\":\"https:\\\/\\\/paule-vasseur.com\\\/de\\\/privacy-policy-2.htm#breadcrumb\",\"itemListElement\":[{\"@type\":\"ListItem\",\"position\":1,\"name\":\"Accueil\",\"item\":\"https:\\\/\\\/paule-vasseur.com\\\/\"},{\"@type\":\"ListItem\",\"position\":2,\"name\":\"Privacy Policy OK\"}]},{\"@type\":\"WebSite\",\"@id\":\"https:\\\/\\\/paule-vasseur.com\\\/de\\\/#website\",\"url\":\"https:\\\/\\\/paule-vasseur.com\\\/de\\\/\",\"name\":\"RIDEAUX COUTURE\",\"description\":\"\",\"publisher\":{\"@id\":\"https:\\\/\\\/paule-vasseur.com\\\/de\\\/#organization\"},\"potentialAction\":[{\"@type\":\"SearchAction\",\"target\":{\"@type\":\"EntryPoint\",\"urlTemplate\":\"https:\\\/\\\/paule-vasseur.com\\\/de\\\/?s={search_term_string}\"},\"query-input\":{\"@type\":\"PropertyValueSpecification\",\"valueRequired\":true,\"valueName\":\"search_term_string\"}}],\"inLanguage\":\"de-CH\"},{\"@type\":\"Organization\",\"@id\":\"https:\\\/\\\/paule-vasseur.com\\\/de\\\/#organization\",\"name\":\"RIDEAUX COUTURE\",\"url\":\"https:\\\/\\\/paule-vasseur.com\\\/de\\\/\",\"logo\":{\"@type\":\"ImageObject\",\"inLanguage\":\"de-CH\",\"@id\":\"https:\\\/\\\/paule-vasseur.com\\\/de\\\/#\\\/schema\\\/logo\\\/image\\\/\",\"url\":\"https:\\\/\\\/paule-vasseur.com\\\/wp-content\\\/uploads\\\/2025\\\/09\\\/cropped-cropped-logonew2018-2.webp\",\"contentUrl\":\"https:\\\/\\\/paule-vasseur.com\\\/wp-content\\\/uploads\\\/2025\\\/09\\\/cropped-cropped-logonew2018-2.webp\",\"width\":166,\"height\":110,\"caption\":\"RIDEAUX COUTURE\"},\"image\":{\"@id\":\"https:\\\/\\\/paule-vasseur.com\\\/de\\\/#\\\/schema\\\/logo\\\/image\\\/\"}}]}<\/script>\n<!-- \/ Yoast SEO plugin. -->","yoast_head_json":{"title":"Privacy Policy OK - PAULE VASSEUR","robots":{"index":"index","follow":"follow","max-snippet":"max-snippet:-1","max-image-preview":"max-image-preview:large","max-video-preview":"max-video-preview:-1"},"canonical":"https:\/\/paule-vasseur.com\/de\/privacy-policy-2.htm","og_locale":"de_DE","og_type":"article","og_title":"Privacy Policy OK - PAULE VASSEUR","og_description":"Qui sommes-nous ? L&rsquo;adresse de notre site Web est : https:\/\/paule-vasseur.com.Nous sommes la soci\u00e9t\u00e9 Rideaux Couture, sp\u00e9cialis\u00e9e dans la vente de rideaux sur mesure et articles de d\u00e9coration. Commentaires Lorsque vous laissez un commentaire sur notre site, nous collectons les donn\u00e9es indiqu\u00e9es dans le formulaire de commentaire, mais aussi votre adresse IP et l\u2019agent utilisateur...","og_url":"https:\/\/paule-vasseur.com\/de\/privacy-policy-2.htm","og_site_name":"PAULE VASSEUR","article_modified_time":"2025-06-20T13:29:50+00:00","twitter_card":"summary_large_image","twitter_misc":{"Gesch\u00e4tzte Lesezeit":"4\u00a0Minuten"},"schema":{"@context":"https:\/\/schema.org","@graph":[{"@type":"WebPage","@id":"https:\/\/paule-vasseur.com\/de\/privacy-policy-2.htm","url":"https:\/\/paule-vasseur.com\/de\/privacy-policy-2.htm","name":"Privacy Policy OK - PAULE VASSEUR","isPartOf":{"@id":"https:\/\/paule-vasseur.com\/de\/#website"},"datePublished":"2025-06-20T13:28:00+00:00","dateModified":"2025-06-20T13:29:50+00:00","breadcrumb":{"@id":"https:\/\/paule-vasseur.com\/de\/privacy-policy-2.htm#breadcrumb"},"inLanguage":"de-CH","potentialAction":[{"@type":"ReadAction","target":["https:\/\/paule-vasseur.com\/de\/privacy-policy-2.htm"]}]},{"@type":"BreadcrumbList","@id":"https:\/\/paule-vasseur.com\/de\/privacy-policy-2.htm#breadcrumb","itemListElement":[{"@type":"ListItem","position":1,"name":"Accueil","item":"https:\/\/paule-vasseur.com\/"},{"@type":"ListItem","position":2,"name":"Privacy Policy OK"}]},{"@type":"WebSite","@id":"https:\/\/paule-vasseur.com\/de\/#website","url":"https:\/\/paule-vasseur.com\/de\/","name":"VORH\u00c4NGE N\u00c4HEN","description":"","publisher":{"@id":"https:\/\/paule-vasseur.com\/de\/#organization"},"potentialAction":[{"@type":"SearchAction","target":{"@type":"EntryPoint","urlTemplate":"https:\/\/paule-vasseur.com\/de\/?s={search_term_string}"},"query-input":{"@type":"PropertyValueSpecification","valueRequired":true,"valueName":"search_term_string"}}],"inLanguage":"de-CH"},{"@type":"Organization","@id":"https:\/\/paule-vasseur.com\/de\/#organization","name":"VORH\u00c4NGE N\u00c4HEN","url":"https:\/\/paule-vasseur.com\/de\/","logo":{"@type":"ImageObject","inLanguage":"de-CH","@id":"https:\/\/paule-vasseur.com\/de\/#\/schema\/logo\/image\/","url":"https:\/\/paule-vasseur.com\/wp-content\/uploads\/2025\/09\/cropped-cropped-logonew2018-2.webp","contentUrl":"https:\/\/paule-vasseur.com\/wp-content\/uploads\/2025\/09\/cropped-cropped-logonew2018-2.webp","width":166,"height":110,"caption":"RIDEAUX COUTURE"},"image":{"@id":"https:\/\/paule-vasseur.com\/de\/#\/schema\/logo\/image\/"}}]}},"_links":{"self":[{"href":"https:\/\/paule-vasseur.com\/de\/wp-json\/wp\/v2\/pages\/57570","targetHints":{"allow":["GET"]}}],"collection":[{"href":"https:\/\/paule-vasseur.com\/de\/wp-json\/wp\/v2\/pages"}],"about":[{"href":"https:\/\/paule-vasseur.com\/de\/wp-json\/wp\/v2\/types\/page"}],"author":[{"embeddable":true,"href":"https:\/\/paule-vasseur.com\/de\/wp-json\/wp\/v2\/users\/1"}],"replies":[{"embeddable":true,"href":"https:\/\/paule-vasseur.com\/de\/wp-json\/wp\/v2\/comments?post=57570"}],"version-history":[{"count":2,"href":"https:\/\/paule-vasseur.com\/de\/wp-json\/wp\/v2\/pages\/57570\/revisions"}],"predecessor-version":[{"id":57572,"href":"https:\/\/paule-vasseur.com\/de\/wp-json\/wp\/v2\/pages\/57570\/revisions\/57572"}],"wp:attachment":[{"href":"https:\/\/paule-vasseur.com\/de\/wp-json\/wp\/v2\/media?parent=57570"}],"wp:term":[{"taxonomy":"folder","embeddable":true,"href":"https:\/\/paule-vasseur.com\/de\/wp-json\/wp\/v2\/folder?post=57570"}],"curies":[{"name":"wp","href":"https:\/\/api.w.org\/{rel}","templated":true}]}}