{"id":68986,"date":"2025-09-09T15:30:26","date_gmt":"2025-09-09T13:30:26","guid":{"rendered":"https:\/\/paule-vasseur.com\/?page_id=68986"},"modified":"2025-09-29T15:11:35","modified_gmt":"2025-09-29T13:11:35","slug":"tenue-sur-mesure-mere-marie","status":"publish","type":"page","link":"https:\/\/paule-vasseur.com\/de\/tenue-sur-mesure-mere-marie.htm","title":{"rendered":"Fristen f\u00fcr die Herstellung von Sonderbestellungen"},"content":{"rendered":"<h1 class=\"wp-block-heading\">Wann sollte man das Outfit f\u00fcr die Brautmutter bestellen?<\/h1>\n\n\n\n<div class=\"wp-block-cover is-light is-layout-constrained wp-block-cover-is-layout-constrained\"><img loading=\"lazy\" decoding=\"async\" width=\"1439\" height=\"375\" class=\"wp-block-cover__image-background wp-image-68987 size-full\" alt=\"\" src=\"https:\/\/paule-vasseur.com\/wp-content\/uploads\/2025\/09\/commander-sa-tenue-de-mere-de-marie-e-.jpg\" data-object-fit=\"cover\" srcset=\"https:\/\/paule-vasseur.com\/wp-content\/uploads\/2025\/09\/commander-sa-tenue-de-mere-de-marie-e-.jpg 1439w, https:\/\/paule-vasseur.com\/wp-content\/uploads\/2025\/09\/commander-sa-tenue-de-mere-de-marie-e--500x130.jpg 500w, https:\/\/paule-vasseur.com\/wp-content\/uploads\/2025\/09\/commander-sa-tenue-de-mere-de-marie-e--650x169.jpg 650w, https:\/\/paule-vasseur.com\/wp-content\/uploads\/2025\/09\/commander-sa-tenue-de-mere-de-marie-e--1024x267.jpg 1024w, https:\/\/paule-vasseur.com\/wp-content\/uploads\/2025\/09\/commander-sa-tenue-de-mere-de-marie-e--768x200.jpg 768w\" sizes=\"auto, (max-width: 1439px) 100vw, 1439px\" \/><span aria-hidden=\"true\" class=\"wp-block-cover__background has-background-dim-0 has-background-dim\"><\/span><div class=\"wp-block-cover__inner-container\"><\/div><\/div>\n\n\n\n<h2 class=\"wp-block-heading\">Timing der Mutter, der Schwiegermutter, der Brautjungfer...<\/h2>\n\n\n\n<p>F\u00fcr die Mutter beginnt der Countdown f\u00fcr das Outfit manchmal schon ein Jahr vor dem gro\u00dfen Tag, wenn es um die Vorbereitungen geht.<br>Dasselbe gilt manchmal auch f\u00fcr die Kleidung.&nbsp;<\/p>\n\n\n\n<p>Wenn Sie bei einem ersten Termin zu Paule Vasseur kommen, werden Sie von einer qualifizierten Fachverk\u00e4uferin gef\u00fchrt, die Ihnen verschiedene Outfits vorstellt, vom Kost\u00fcmkleid oder Hosenanzug bis zum langen Kleid, H\u00fcte und andere Accessoires nicht zu vergessen.<br>Thematischer Dresscode, gew\u00fcnschte Farbe oder raffinierte Phantasie finden bei Paule Vasseur eine elegante Antwort mit dem franz\u00f6sischen Know-how, das unseren Ruf begr\u00fcndet hat.<br>Wenn Sie Ihre Wahl getroffen haben, vereinbaren Sie h\u00e4ufig einen zweiten Termin, bei dem die Braut oder der Br\u00e4utigam anwesend sein kann.\u00a0<br>Zu diesem Zeitpunkt bestellst du dein Outfit, dessen Anfertigung 7 bis 8 Wochen dauert. .<br><br>Alle unsere Outfits werden in Halbgr\u00f6\u00dfe angefertigt.<br><br>Bei einem letzten Termin k\u00f6nnen Sie Ihr Paule-Vasseur-Outfit anprobieren, bei dem vielleicht noch winzige \u00c4nderungen vorgenommen werden m\u00fcssen, damit Sie sich so wohl f\u00fchlen wie bei einer Ma\u00dfanfertigung.<br><br>Bitte planen Sie 8 Wochen f\u00fcr die Anfertigung Ihrer Festkleidung ein.<\/p>\n\n\n\n<p><\/p>","protected":false},"excerpt":{"rendered":"<p>Quand commander sa tenue de m\u00e8re de mari\u00e9(e)\u00a0? Timing de la maman, de la belle-maman, de la demoiselle d&rsquo;honneur&#8230; Pour la maman, le compte a rebours pour la tenue commence parfois un an avant le jour J pour ce qui est des pr\u00e9paratifs.Il en va parfois de m\u00eame pour les tenues.&nbsp; En venant chez Paule&#8230;<\/p>","protected":false},"author":1,"featured_media":0,"parent":0,"menu_order":0,"comment_status":"closed","ping_status":"closed","template":"","meta":{"_kadence_starter_templates_imported_post":false,"_kad_post_transparent":"","_kad_post_title":"","_kad_post_layout":"","_kad_post_sidebar_id":"","_kad_post_content_style":"","_kad_post_vertical_padding":"","_kad_post_feature":"","_kad_post_feature_position":"","_kad_post_header":false,"_kad_post_footer":false,"_kad_post_classname":"","footnotes":""},"folder":[4272],"class_list":["post-68986","page","type-page","status-publish","hentry"],"yoast_head":"<!-- This site is optimized with the Yoast SEO plugin v27.4 - https:\/\/yoast.com\/product\/yoast-seo-wordpress\/ -->\n<title>D\u00e9lais de fabrication des commandes sp\u00e9ciales - PAULE VASSEUR<\/title>\n<meta name=\"robots\" content=\"index, follow, max-snippet:-1, max-image-preview:large, max-video-preview:-1\" \/>\n<link rel=\"canonical\" href=\"https:\/\/paule-vasseur.com\/de\/masgeschneidertes-outfit-mere-marie-htm\" \/>\n<meta property=\"og:locale\" content=\"de_DE\" \/>\n<meta property=\"og:type\" content=\"article\" \/>\n<meta property=\"og:title\" content=\"D\u00e9lais de fabrication des commandes sp\u00e9ciales - PAULE VASSEUR\" \/>\n<meta property=\"og:description\" content=\"Quand commander sa tenue de m\u00e8re de mari\u00e9(e)\u00a0? Timing de la maman, de la belle-maman, de la demoiselle d&rsquo;honneur&#8230; Pour la maman, le compte a rebours pour la tenue commence parfois un an avant le jour J pour ce qui est des pr\u00e9paratifs.Il en va parfois de m\u00eame pour les tenues.&nbsp; En venant chez Paule...\" \/>\n<meta property=\"og:url\" content=\"https:\/\/paule-vasseur.com\/de\/masgeschneidertes-outfit-mere-marie-htm\" \/>\n<meta property=\"og:site_name\" content=\"PAULE VASSEUR\" \/>\n<meta property=\"article:modified_time\" content=\"2025-09-29T13:11:35+00:00\" \/>\n<meta property=\"og:image\" content=\"https:\/\/paule-vasseur.com\/wp-content\/uploads\/2025\/09\/commander-sa-tenue-de-mere-de-marie-e-.jpg\" \/>\n\t<meta property=\"og:image:width\" content=\"1439\" \/>\n\t<meta property=\"og:image:height\" content=\"375\" \/>\n\t<meta property=\"og:image:type\" content=\"image\/jpeg\" \/>\n<meta name=\"twitter:card\" content=\"summary_large_image\" \/>\n<meta name=\"twitter:label1\" content=\"Gesch\u00e4tzte Lesezeit\" \/>\n\t<meta name=\"twitter:data1\" content=\"2\u00a0Minuten\" \/>\n<script type=\"application\/ld+json\" class=\"yoast-schema-graph\">{\"@context\":\"https:\\\/\\\/schema.org\",\"@graph\":[{\"@type\":\"WebPage\",\"@id\":\"https:\\\/\\\/paule-vasseur.com\\\/de\\\/tenue-sur-mesure-mere-marie.htm\",\"url\":\"https:\\\/\\\/paule-vasseur.com\\\/de\\\/tenue-sur-mesure-mere-marie.htm\",\"name\":\"D\u00e9lais de fabrication des commandes sp\u00e9ciales - PAULE VASSEUR\",\"isPartOf\":{\"@id\":\"https:\\\/\\\/paule-vasseur.com\\\/de\\\/#website\"},\"primaryImageOfPage\":{\"@id\":\"https:\\\/\\\/paule-vasseur.com\\\/de\\\/tenue-sur-mesure-mere-marie.htm#primaryimage\"},\"image\":{\"@id\":\"https:\\\/\\\/paule-vasseur.com\\\/de\\\/tenue-sur-mesure-mere-marie.htm#primaryimage\"},\"thumbnailUrl\":\"https:\\\/\\\/paule-vasseur.com\\\/wp-content\\\/uploads\\\/2025\\\/09\\\/commander-sa-tenue-de-mere-de-marie-e-.jpg\",\"datePublished\":\"2025-09-09T13:30:26+00:00\",\"dateModified\":\"2025-09-29T13:11:35+00:00\",\"breadcrumb\":{\"@id\":\"https:\\\/\\\/paule-vasseur.com\\\/de\\\/tenue-sur-mesure-mere-marie.htm#breadcrumb\"},\"inLanguage\":\"de-CH\",\"potentialAction\":[{\"@type\":\"ReadAction\",\"target\":[\"https:\\\/\\\/paule-vasseur.com\\\/de\\\/tenue-sur-mesure-mere-marie.htm\"]}]},{\"@type\":\"ImageObject\",\"inLanguage\":\"de-CH\",\"@id\":\"https:\\\/\\\/paule-vasseur.com\\\/de\\\/tenue-sur-mesure-mere-marie.htm#primaryimage\",\"url\":\"https:\\\/\\\/paule-vasseur.com\\\/wp-content\\\/uploads\\\/2025\\\/09\\\/commander-sa-tenue-de-mere-de-marie-e-.jpg\",\"contentUrl\":\"https:\\\/\\\/paule-vasseur.com\\\/wp-content\\\/uploads\\\/2025\\\/09\\\/commander-sa-tenue-de-mere-de-marie-e-.jpg\"},{\"@type\":\"BreadcrumbList\",\"@id\":\"https:\\\/\\\/paule-vasseur.com\\\/de\\\/tenue-sur-mesure-mere-marie.htm#breadcrumb\",\"itemListElement\":[{\"@type\":\"ListItem\",\"position\":1,\"name\":\"Accueil\",\"item\":\"https:\\\/\\\/paule-vasseur.com\\\/\"},{\"@type\":\"ListItem\",\"position\":2,\"name\":\"D\u00e9lais de fabrication des commandes sp\u00e9ciales\"}]},{\"@type\":\"WebSite\",\"@id\":\"https:\\\/\\\/paule-vasseur.com\\\/de\\\/#website\",\"url\":\"https:\\\/\\\/paule-vasseur.com\\\/de\\\/\",\"name\":\"RIDEAUX COUTURE\",\"description\":\"\",\"publisher\":{\"@id\":\"https:\\\/\\\/paule-vasseur.com\\\/de\\\/#organization\"},\"potentialAction\":[{\"@type\":\"SearchAction\",\"target\":{\"@type\":\"EntryPoint\",\"urlTemplate\":\"https:\\\/\\\/paule-vasseur.com\\\/de\\\/?s={search_term_string}\"},\"query-input\":{\"@type\":\"PropertyValueSpecification\",\"valueRequired\":true,\"valueName\":\"search_term_string\"}}],\"inLanguage\":\"de-CH\"},{\"@type\":\"Organization\",\"@id\":\"https:\\\/\\\/paule-vasseur.com\\\/de\\\/#organization\",\"name\":\"RIDEAUX COUTURE\",\"url\":\"https:\\\/\\\/paule-vasseur.com\\\/de\\\/\",\"logo\":{\"@type\":\"ImageObject\",\"inLanguage\":\"de-CH\",\"@id\":\"https:\\\/\\\/paule-vasseur.com\\\/de\\\/#\\\/schema\\\/logo\\\/image\\\/\",\"url\":\"https:\\\/\\\/paule-vasseur.com\\\/wp-content\\\/uploads\\\/2025\\\/09\\\/cropped-cropped-logonew2018-2.webp\",\"contentUrl\":\"https:\\\/\\\/paule-vasseur.com\\\/wp-content\\\/uploads\\\/2025\\\/09\\\/cropped-cropped-logonew2018-2.webp\",\"width\":166,\"height\":110,\"caption\":\"RIDEAUX COUTURE\"},\"image\":{\"@id\":\"https:\\\/\\\/paule-vasseur.com\\\/de\\\/#\\\/schema\\\/logo\\\/image\\\/\"}}]}<\/script>\n<!-- \/ Yoast SEO plugin. -->","yoast_head_json":{"title":"Fristen f\u00fcr die Herstellung von Sonderbestellungen - PAULE VASSEUR","robots":{"index":"index","follow":"follow","max-snippet":"max-snippet:-1","max-image-preview":"max-image-preview:large","max-video-preview":"max-video-preview:-1"},"canonical":"https:\/\/paule-vasseur.com\/de\/masgeschneidertes-outfit-mere-marie-htm","og_locale":"de_DE","og_type":"article","og_title":"D\u00e9lais de fabrication des commandes sp\u00e9ciales - PAULE VASSEUR","og_description":"Quand commander sa tenue de m\u00e8re de mari\u00e9(e)\u00a0? Timing de la maman, de la belle-maman, de la demoiselle d&rsquo;honneur&#8230; Pour la maman, le compte a rebours pour la tenue commence parfois un an avant le jour J pour ce qui est des pr\u00e9paratifs.Il en va parfois de m\u00eame pour les tenues.&nbsp; En venant chez Paule...","og_url":"https:\/\/paule-vasseur.com\/de\/masgeschneidertes-outfit-mere-marie-htm","og_site_name":"PAULE VASSEUR","article_modified_time":"2025-09-29T13:11:35+00:00","og_image":[{"width":1439,"height":375,"url":"https:\/\/paule-vasseur.com\/wp-content\/uploads\/2025\/09\/commander-sa-tenue-de-mere-de-marie-e-.jpg","type":"image\/jpeg"}],"twitter_card":"summary_large_image","twitter_misc":{"Gesch\u00e4tzte Lesezeit":"2\u00a0Minuten"},"schema":{"@context":"https:\/\/schema.org","@graph":[{"@type":"WebPage","@id":"https:\/\/paule-vasseur.com\/de\/tenue-sur-mesure-mere-marie.htm","url":"https:\/\/paule-vasseur.com\/de\/tenue-sur-mesure-mere-marie.htm","name":"Fristen f\u00fcr die Herstellung von Sonderbestellungen - PAULE VASSEUR","isPartOf":{"@id":"https:\/\/paule-vasseur.com\/de\/#website"},"primaryImageOfPage":{"@id":"https:\/\/paule-vasseur.com\/de\/tenue-sur-mesure-mere-marie.htm#primaryimage"},"image":{"@id":"https:\/\/paule-vasseur.com\/de\/tenue-sur-mesure-mere-marie.htm#primaryimage"},"thumbnailUrl":"https:\/\/paule-vasseur.com\/wp-content\/uploads\/2025\/09\/commander-sa-tenue-de-mere-de-marie-e-.jpg","datePublished":"2025-09-09T13:30:26+00:00","dateModified":"2025-09-29T13:11:35+00:00","breadcrumb":{"@id":"https:\/\/paule-vasseur.com\/de\/tenue-sur-mesure-mere-marie.htm#breadcrumb"},"inLanguage":"de-CH","potentialAction":[{"@type":"ReadAction","target":["https:\/\/paule-vasseur.com\/de\/tenue-sur-mesure-mere-marie.htm"]}]},{"@type":"ImageObject","inLanguage":"de-CH","@id":"https:\/\/paule-vasseur.com\/de\/tenue-sur-mesure-mere-marie.htm#primaryimage","url":"https:\/\/paule-vasseur.com\/wp-content\/uploads\/2025\/09\/commander-sa-tenue-de-mere-de-marie-e-.jpg","contentUrl":"https:\/\/paule-vasseur.com\/wp-content\/uploads\/2025\/09\/commander-sa-tenue-de-mere-de-marie-e-.jpg"},{"@type":"BreadcrumbList","@id":"https:\/\/paule-vasseur.com\/de\/tenue-sur-mesure-mere-marie.htm#breadcrumb","itemListElement":[{"@type":"ListItem","position":1,"name":"Accueil","item":"https:\/\/paule-vasseur.com\/"},{"@type":"ListItem","position":2,"name":"D\u00e9lais de fabrication des commandes sp\u00e9ciales"}]},{"@type":"WebSite","@id":"https:\/\/paule-vasseur.com\/de\/#website","url":"https:\/\/paule-vasseur.com\/de\/","name":"VORH\u00c4NGE N\u00c4HEN","description":"","publisher":{"@id":"https:\/\/paule-vasseur.com\/de\/#organization"},"potentialAction":[{"@type":"SearchAction","target":{"@type":"EntryPoint","urlTemplate":"https:\/\/paule-vasseur.com\/de\/?s={search_term_string}"},"query-input":{"@type":"PropertyValueSpecification","valueRequired":true,"valueName":"search_term_string"}}],"inLanguage":"de-CH"},{"@type":"Organization","@id":"https:\/\/paule-vasseur.com\/de\/#organization","name":"VORH\u00c4NGE N\u00c4HEN","url":"https:\/\/paule-vasseur.com\/de\/","logo":{"@type":"ImageObject","inLanguage":"de-CH","@id":"https:\/\/paule-vasseur.com\/de\/#\/schema\/logo\/image\/","url":"https:\/\/paule-vasseur.com\/wp-content\/uploads\/2025\/09\/cropped-cropped-logonew2018-2.webp","contentUrl":"https:\/\/paule-vasseur.com\/wp-content\/uploads\/2025\/09\/cropped-cropped-logonew2018-2.webp","width":166,"height":110,"caption":"RIDEAUX COUTURE"},"image":{"@id":"https:\/\/paule-vasseur.com\/de\/#\/schema\/logo\/image\/"}}]}},"_links":{"self":[{"href":"https:\/\/paule-vasseur.com\/de\/wp-json\/wp\/v2\/pages\/68986","targetHints":{"allow":["GET"]}}],"collection":[{"href":"https:\/\/paule-vasseur.com\/de\/wp-json\/wp\/v2\/pages"}],"about":[{"href":"https:\/\/paule-vasseur.com\/de\/wp-json\/wp\/v2\/types\/page"}],"author":[{"embeddable":true,"href":"https:\/\/paule-vasseur.com\/de\/wp-json\/wp\/v2\/users\/1"}],"replies":[{"embeddable":true,"href":"https:\/\/paule-vasseur.com\/de\/wp-json\/wp\/v2\/comments?post=68986"}],"version-history":[{"count":11,"href":"https:\/\/paule-vasseur.com\/de\/wp-json\/wp\/v2\/pages\/68986\/revisions"}],"predecessor-version":[{"id":69001,"href":"https:\/\/paule-vasseur.com\/de\/wp-json\/wp\/v2\/pages\/68986\/revisions\/69001"}],"wp:attachment":[{"href":"https:\/\/paule-vasseur.com\/de\/wp-json\/wp\/v2\/media?parent=68986"}],"wp:term":[{"taxonomy":"folder","embeddable":true,"href":"https:\/\/paule-vasseur.com\/de\/wp-json\/wp\/v2\/folder?post=68986"}],"curies":[{"name":"wp","href":"https:\/\/api.w.org\/{rel}","templated":true}]}}