{"id":75418,"date":"2025-09-22T10:50:36","date_gmt":"2025-09-22T08:50:36","guid":{"rendered":"https:\/\/paule-vasseur.com\/?page_id=75418"},"modified":"2025-09-22T12:55:59","modified_gmt":"2025-09-22T10:55:59","slug":"timing-robe-de-mariee-sur-mesure-en-soie","status":"publish","type":"page","link":"https:\/\/paule-vasseur.com\/de\/timing-robe-de-mariee-sur-mesure-en-soie.htm","title":{"rendered":"Timing der Braut"},"content":{"rendered":"<div class=\"wp-block-image\">\n<figure class=\"aligncenter size-full is-resized\"><img loading=\"lazy\" decoding=\"async\" width=\"1160\" height=\"100\" src=\"https:\/\/paule-vasseur.com\/wp-content\/uploads\/2025\/09\/double_ligne-removebg-preview.png\" alt=\"\" class=\"wp-image-69230\" style=\"width:414px;height:auto\" srcset=\"https:\/\/paule-vasseur.com\/wp-content\/uploads\/2025\/09\/double_ligne-removebg-preview.png 1160w, https:\/\/paule-vasseur.com\/wp-content\/uploads\/2025\/09\/double_ligne-removebg-preview-500x43.png 500w, https:\/\/paule-vasseur.com\/wp-content\/uploads\/2025\/09\/double_ligne-removebg-preview-1024x88.png 1024w, https:\/\/paule-vasseur.com\/wp-content\/uploads\/2025\/09\/double_ligne-removebg-preview-768x66.png 768w, https:\/\/paule-vasseur.com\/wp-content\/uploads\/2025\/09\/double_ligne-removebg-preview-650x56.png 650w\" sizes=\"auto, (max-width: 1160px) 100vw, 1160px\" \/><\/figure>\n<\/div>\n\n<style>.kb-row-layout-id75418_60d97a-2d > .kt-row-column-wrap{align-content:start;}:where(.kb-row-layout-id75418_60d97a-2d > .kt-row-column-wrap) > .wp-block-kadence-column{justify-content:start;}.kb-row-layout-id75418_60d97a-2d > .kt-row-column-wrap{column-gap:var(--global-kb-gap-lg, 4rem);row-gap:var(--global-kb-gap-md, 2rem);padding-top:var(--global-kb-spacing-sm, 1.5rem);padding-bottom:var(--global-kb-spacing-sm, 1.5rem);grid-template-columns:minmax(0, calc(50% - ((var(--global-kb-gap-lg, 4rem) * 1 )\/2)))minmax(0, calc(50% - ((var(--global-kb-gap-lg, 4rem) * 1 )\/2)));}.kb-row-layout-id75418_60d97a-2d > .kt-row-layout-overlay{opacity:0.30;}@media all and (max-width: 1024px){.kb-row-layout-id75418_60d97a-2d > .kt-row-column-wrap{grid-template-columns:repeat(2, minmax(0, 1fr));}}@media all and (max-width: 767px){.kb-row-layout-id75418_60d97a-2d > .kt-row-column-wrap{grid-template-columns:minmax(0, 1fr);}}<\/style><div class=\"kb-row-layout-wrap kb-row-layout-id75418_60d97a-2d alignnone wp-block-kadence-rowlayout\"><div class=\"kt-row-column-wrap kt-has-2-columns kt-row-layout-equal kt-tab-layout-inherit kt-mobile-layout-row kt-row-valign-top\">\n<style>.kadence-column75418_5519a1-01 > .kt-inside-inner-col,.kadence-column75418_5519a1-01 > .kt-inside-inner-col:before{border-top-left-radius:0px;border-top-right-radius:0px;border-bottom-right-radius:0px;border-bottom-left-radius:0px;}.kadence-column75418_5519a1-01 > .kt-inside-inner-col{column-gap:var(--global-kb-gap-sm, 1rem);}.kadence-column75418_5519a1-01 > .kt-inside-inner-col{flex-direction:column;}.kadence-column75418_5519a1-01 > .kt-inside-inner-col > .aligncenter{width:100%;}.kadence-column75418_5519a1-01 > .kt-inside-inner-col:before{opacity:0.3;}.kadence-column75418_5519a1-01{position:relative;}@media all and (max-width: 1024px){.kadence-column75418_5519a1-01 > .kt-inside-inner-col{flex-direction:column;justify-content:center;}}@media all and (max-width: 767px){.kadence-column75418_5519a1-01 > .kt-inside-inner-col{flex-direction:column;justify-content:center;}}<\/style>\n<div class=\"wp-block-kadence-column kadence-column75418_5519a1-01\"><div class=\"kt-inside-inner-col\">\n<h2 class=\"wp-block-heading\">Unsere Tipps f\u00fcr die Organisation Ihrer Hochzeit<\/h2>\n\n\n\n<p>Eine gelungene Hochzeit muss zw\u00f6lf Monate im Voraus geplant werden. Sie k\u00f6nnen sie selbst organisieren oder einen Hochzeitsplaner beauftragen.<br><br>Wir empfehlen Ihnen, sich zun\u00e4chst eineinhalb Jahre vor dem Termin Ihrer Veranstaltung nach einem Veranstaltungsort umzusehen.<br>Was den Caterer betrifft, so sollten Sie ein Jahr vor dem gro\u00dfen Tag mehrere Anbieter suchen und testen und ihnen sechs bis acht Monate im Voraus eine verbindliche Antwort geben.<br>F\u00fcr Ihr Brautkleid von Paule Vasseur sollten Sie drei Monate vor dem Termin Ihrer Hochzeitsfeier einplanen.<br>F\u00fcr ein Cocktailkleid reichen zwei Monate aus, um eventuelle \u00c4nderungen einzuplanen.<br>F\u00fcr Ihre Blumendekoration sollten Sie mindestens drei Monate im Voraus einen Termin mit Ihrem Floristen vereinbaren.<br>Die Einladungen werden sechs Monate im Voraus bestellt und zwei Monate vor dem gro\u00dfen Tag verschickt.<br>Die Hochzeitslisten m\u00fcssen mindestens vier Monate vor der Hochzeit eingereicht werden.<\/p>\n<\/div><\/div>\n\n\n<style>.kadence-column75418_ec2e98-91 > .kt-inside-inner-col{display:flex;}.kadence-column75418_ec2e98-91 > .kt-inside-inner-col,.kadence-column75418_ec2e98-91 > .kt-inside-inner-col:before{border-top-left-radius:0px;border-top-right-radius:0px;border-bottom-right-radius:0px;border-bottom-left-radius:0px;}.kadence-column75418_ec2e98-91 > .kt-inside-inner-col{column-gap:var(--global-kb-gap-sm, 1rem);}.kadence-column75418_ec2e98-91 > .kt-inside-inner-col{flex-direction:column;align-items:center;}.kadence-column75418_ec2e98-91 > .kt-inside-inner-col > .kb-image-is-ratio-size{align-self:stretch;}.kadence-column75418_ec2e98-91 > .kt-inside-inner-col > .wp-block-kadence-advancedgallery{align-self:stretch;}.kadence-column75418_ec2e98-91 > .kt-inside-inner-col > .aligncenter{width:100%;}.kadence-column75418_ec2e98-91 > .kt-inside-inner-col:before{opacity:0.3;}.kadence-column75418_ec2e98-91{position:relative;}@media all and (max-width: 1024px){.kadence-column75418_ec2e98-91 > .kt-inside-inner-col{flex-direction:column;justify-content:center;align-items:center;}}@media all and (max-width: 767px){.kadence-column75418_ec2e98-91 > .kt-inside-inner-col{flex-direction:column;justify-content:center;align-items:center;}}<\/style>\n<div class=\"wp-block-kadence-column kadence-column75418_ec2e98-91\"><div class=\"kt-inside-inner-col\"><style>.kb-image75418_eba32f-73 .kb-image-has-overlay:after{opacity:0.3;}<\/style>\n<figure class=\"wp-block-kadence-image kb-image75418_eba32f-73 size-large kb-image-is-ratio-size\"><div class=\"kb-is-ratio-image kb-image-ratio-land43\"><img loading=\"lazy\" decoding=\"async\" width=\"1024\" height=\"683\" src=\"https:\/\/paule-vasseur.com\/wp-content\/uploads\/2025\/09\/focus-photography-mauritius-CFjJyUOiodM-unsplash-1024x683.jpg\" alt=\"\" class=\"kb-img wp-image-75482\" srcset=\"https:\/\/paule-vasseur.com\/wp-content\/uploads\/2025\/09\/focus-photography-mauritius-CFjJyUOiodM-unsplash-1024x683.jpg 1024w, https:\/\/paule-vasseur.com\/wp-content\/uploads\/2025\/09\/focus-photography-mauritius-CFjJyUOiodM-unsplash-500x333.jpg 500w, https:\/\/paule-vasseur.com\/wp-content\/uploads\/2025\/09\/focus-photography-mauritius-CFjJyUOiodM-unsplash-768x512.jpg 768w, https:\/\/paule-vasseur.com\/wp-content\/uploads\/2025\/09\/focus-photography-mauritius-CFjJyUOiodM-unsplash-1536x1024.jpg 1536w, https:\/\/paule-vasseur.com\/wp-content\/uploads\/2025\/09\/focus-photography-mauritius-CFjJyUOiodM-unsplash-650x433.jpg 650w, https:\/\/paule-vasseur.com\/wp-content\/uploads\/2025\/09\/focus-photography-mauritius-CFjJyUOiodM-unsplash.jpg 1920w\" sizes=\"auto, (max-width: 1024px) 100vw, 1024px\" \/><\/div><\/figure>\n<\/div><\/div>\n\n<\/div><\/div>","protected":false},"excerpt":{"rendered":"<p>Nos conseils pour organiser votre mariage Un mariage r\u00e9ussi s\u2019organise douze mois \u00e0 l\u2019avance. Vous pouvez l\u2019organiser vous-m\u00eame ou faire appel \u00e0 un \u201cwedding planner\u201d. Nous vous conseillons de rechercher votre lieu de r\u00e9ception dans un premier temps un an et demi avant la date de votre \u00e9v\u00e8nement.En ce qui concerne le traiteur, cherchez et&#8230;<\/p>","protected":false},"author":1,"featured_media":0,"parent":0,"menu_order":0,"comment_status":"closed","ping_status":"closed","template":"","meta":{"_kadence_starter_templates_imported_post":false,"_kad_post_transparent":"","_kad_post_title":"","_kad_post_layout":"","_kad_post_sidebar_id":"","_kad_post_content_style":"","_kad_post_vertical_padding":"","_kad_post_feature":"","_kad_post_feature_position":"","_kad_post_header":false,"_kad_post_footer":false,"_kad_post_classname":"","footnotes":""},"folder":[4182],"class_list":["post-75418","page","type-page","status-publish","hentry"],"yoast_head":"<!-- This site is optimized with the Yoast SEO plugin v27.4 - https:\/\/yoast.com\/product\/yoast-seo-wordpress\/ -->\n<title>Timing de la Mari\u00e9e - PAULE VASSEUR<\/title>\n<meta name=\"description\" content=\"La maison Paule Vasseur vous conseil au sujet de l&#039;organisation de votre mariage : r\u00e9servation du lieu de r\u00e9ception, commande de la robe, cr\u00e9ation et envoi des faire-parts, attribution des places, choix du th\u00e8me, r\u00e9servation du traiteur, choix du bouquet, organisation administrative...\" \/>\n<meta name=\"robots\" content=\"index, follow, max-snippet:-1, max-image-preview:large, max-video-preview:-1\" \/>\n<link rel=\"canonical\" href=\"https:\/\/paule-vasseur.com\/de\/timing-masgeschneiderte-brautkleider-aus-seide-htm\" \/>\n<meta property=\"og:locale\" content=\"de_DE\" \/>\n<meta property=\"og:type\" content=\"article\" \/>\n<meta property=\"og:title\" content=\"Timing de la Mari\u00e9e - PAULE VASSEUR\" \/>\n<meta property=\"og:description\" content=\"La maison Paule Vasseur vous conseil au sujet de l&#039;organisation de votre mariage : r\u00e9servation du lieu de r\u00e9ception, commande de la robe, cr\u00e9ation et envoi des faire-parts, attribution des places, choix du th\u00e8me, r\u00e9servation du traiteur, choix du bouquet, organisation administrative...\" \/>\n<meta property=\"og:url\" content=\"https:\/\/paule-vasseur.com\/de\/timing-masgeschneiderte-brautkleider-aus-seide-htm\" \/>\n<meta property=\"og:site_name\" content=\"PAULE VASSEUR\" \/>\n<meta property=\"article:modified_time\" content=\"2025-09-22T10:55:59+00:00\" \/>\n<meta property=\"og:image\" content=\"https:\/\/paule-vasseur.com\/wp-content\/uploads\/2025\/09\/double_ligne-removebg-preview.png\" \/>\n\t<meta property=\"og:image:width\" content=\"1160\" \/>\n\t<meta property=\"og:image:height\" content=\"100\" \/>\n\t<meta property=\"og:image:type\" content=\"image\/png\" \/>\n<meta name=\"twitter:card\" content=\"summary_large_image\" \/>\n<meta name=\"twitter:label1\" content=\"Gesch\u00e4tzte Lesezeit\" \/>\n\t<meta name=\"twitter:data1\" content=\"2\u00a0Minuten\" \/>\n<script type=\"application\/ld+json\" class=\"yoast-schema-graph\">{\"@context\":\"https:\\\/\\\/schema.org\",\"@graph\":[{\"@type\":\"WebPage\",\"@id\":\"https:\\\/\\\/paule-vasseur.com\\\/de\\\/timing-robe-de-mariee-sur-mesure-en-soie.htm\",\"url\":\"https:\\\/\\\/paule-vasseur.com\\\/de\\\/timing-robe-de-mariee-sur-mesure-en-soie.htm\",\"name\":\"Timing de la Mari\u00e9e - PAULE VASSEUR\",\"isPartOf\":{\"@id\":\"https:\\\/\\\/paule-vasseur.com\\\/de\\\/#website\"},\"primaryImageOfPage\":{\"@id\":\"https:\\\/\\\/paule-vasseur.com\\\/de\\\/timing-robe-de-mariee-sur-mesure-en-soie.htm#primaryimage\"},\"image\":{\"@id\":\"https:\\\/\\\/paule-vasseur.com\\\/de\\\/timing-robe-de-mariee-sur-mesure-en-soie.htm#primaryimage\"},\"thumbnailUrl\":\"https:\\\/\\\/paule-vasseur.com\\\/wp-content\\\/uploads\\\/2025\\\/09\\\/double_ligne-removebg-preview.png\",\"datePublished\":\"2025-09-22T08:50:36+00:00\",\"dateModified\":\"2025-09-22T10:55:59+00:00\",\"description\":\"La maison Paule Vasseur vous conseil au sujet de l'organisation de votre mariage : r\u00e9servation du lieu de r\u00e9ception, commande de la robe, cr\u00e9ation et envoi des faire-parts, attribution des places, choix du th\u00e8me, r\u00e9servation du traiteur, choix du bouquet, organisation administrative...\",\"breadcrumb\":{\"@id\":\"https:\\\/\\\/paule-vasseur.com\\\/de\\\/timing-robe-de-mariee-sur-mesure-en-soie.htm#breadcrumb\"},\"inLanguage\":\"de-CH\",\"potentialAction\":[{\"@type\":\"ReadAction\",\"target\":[\"https:\\\/\\\/paule-vasseur.com\\\/de\\\/timing-robe-de-mariee-sur-mesure-en-soie.htm\"]}]},{\"@type\":\"ImageObject\",\"inLanguage\":\"de-CH\",\"@id\":\"https:\\\/\\\/paule-vasseur.com\\\/de\\\/timing-robe-de-mariee-sur-mesure-en-soie.htm#primaryimage\",\"url\":\"https:\\\/\\\/paule-vasseur.com\\\/wp-content\\\/uploads\\\/2025\\\/09\\\/double_ligne-removebg-preview.png\",\"contentUrl\":\"https:\\\/\\\/paule-vasseur.com\\\/wp-content\\\/uploads\\\/2025\\\/09\\\/double_ligne-removebg-preview.png\"},{\"@type\":\"BreadcrumbList\",\"@id\":\"https:\\\/\\\/paule-vasseur.com\\\/de\\\/timing-robe-de-mariee-sur-mesure-en-soie.htm#breadcrumb\",\"itemListElement\":[{\"@type\":\"ListItem\",\"position\":1,\"name\":\"Accueil\",\"item\":\"https:\\\/\\\/paule-vasseur.com\\\/\"},{\"@type\":\"ListItem\",\"position\":2,\"name\":\"Timing de la Mari\u00e9e\"}]},{\"@type\":\"WebSite\",\"@id\":\"https:\\\/\\\/paule-vasseur.com\\\/de\\\/#website\",\"url\":\"https:\\\/\\\/paule-vasseur.com\\\/de\\\/\",\"name\":\"RIDEAUX COUTURE\",\"description\":\"\",\"publisher\":{\"@id\":\"https:\\\/\\\/paule-vasseur.com\\\/de\\\/#organization\"},\"potentialAction\":[{\"@type\":\"SearchAction\",\"target\":{\"@type\":\"EntryPoint\",\"urlTemplate\":\"https:\\\/\\\/paule-vasseur.com\\\/de\\\/?s={search_term_string}\"},\"query-input\":{\"@type\":\"PropertyValueSpecification\",\"valueRequired\":true,\"valueName\":\"search_term_string\"}}],\"inLanguage\":\"de-CH\"},{\"@type\":\"Organization\",\"@id\":\"https:\\\/\\\/paule-vasseur.com\\\/de\\\/#organization\",\"name\":\"RIDEAUX COUTURE\",\"url\":\"https:\\\/\\\/paule-vasseur.com\\\/de\\\/\",\"logo\":{\"@type\":\"ImageObject\",\"inLanguage\":\"de-CH\",\"@id\":\"https:\\\/\\\/paule-vasseur.com\\\/de\\\/#\\\/schema\\\/logo\\\/image\\\/\",\"url\":\"https:\\\/\\\/paule-vasseur.com\\\/wp-content\\\/uploads\\\/2025\\\/09\\\/cropped-cropped-logonew2018-2.webp\",\"contentUrl\":\"https:\\\/\\\/paule-vasseur.com\\\/wp-content\\\/uploads\\\/2025\\\/09\\\/cropped-cropped-logonew2018-2.webp\",\"width\":166,\"height\":110,\"caption\":\"RIDEAUX COUTURE\"},\"image\":{\"@id\":\"https:\\\/\\\/paule-vasseur.com\\\/de\\\/#\\\/schema\\\/logo\\\/image\\\/\"}}]}<\/script>\n<!-- \/ Yoast SEO plugin. -->","yoast_head_json":{"title":"Timing der Braut \u2013 PAULE VASSEUR","description":"Das Haus Paule Vasseur ber\u00e4t Sie bei der Organisation Ihrer Hochzeit: Reservierung des Veranstaltungsortes, Bestellung des Kleides, Gestaltung und Versand der Einladungen, Sitzplatzzuweisung, Auswahl des Themas, Reservierung des Caterers, Auswahl des Blumenstrau\u00dfes, administrative Organisation ...","robots":{"index":"index","follow":"follow","max-snippet":"max-snippet:-1","max-image-preview":"max-image-preview:large","max-video-preview":"max-video-preview:-1"},"canonical":"https:\/\/paule-vasseur.com\/de\/timing-masgeschneiderte-brautkleider-aus-seide-htm","og_locale":"de_DE","og_type":"article","og_title":"Timing de la Mari\u00e9e - PAULE VASSEUR","og_description":"La maison Paule Vasseur vous conseil au sujet de l'organisation de votre mariage : r\u00e9servation du lieu de r\u00e9ception, commande de la robe, cr\u00e9ation et envoi des faire-parts, attribution des places, choix du th\u00e8me, r\u00e9servation du traiteur, choix du bouquet, organisation administrative...","og_url":"https:\/\/paule-vasseur.com\/de\/timing-masgeschneiderte-brautkleider-aus-seide-htm","og_site_name":"PAULE VASSEUR","article_modified_time":"2025-09-22T10:55:59+00:00","og_image":[{"width":1160,"height":100,"url":"https:\/\/paule-vasseur.com\/wp-content\/uploads\/2025\/09\/double_ligne-removebg-preview.png","type":"image\/png"}],"twitter_card":"summary_large_image","twitter_misc":{"Gesch\u00e4tzte Lesezeit":"2\u00a0Minuten"},"schema":{"@context":"https:\/\/schema.org","@graph":[{"@type":"WebPage","@id":"https:\/\/paule-vasseur.com\/de\/timing-robe-de-mariee-sur-mesure-en-soie.htm","url":"https:\/\/paule-vasseur.com\/de\/timing-robe-de-mariee-sur-mesure-en-soie.htm","name":"Timing der Braut \u2013 PAULE VASSEUR","isPartOf":{"@id":"https:\/\/paule-vasseur.com\/de\/#website"},"primaryImageOfPage":{"@id":"https:\/\/paule-vasseur.com\/de\/timing-robe-de-mariee-sur-mesure-en-soie.htm#primaryimage"},"image":{"@id":"https:\/\/paule-vasseur.com\/de\/timing-robe-de-mariee-sur-mesure-en-soie.htm#primaryimage"},"thumbnailUrl":"https:\/\/paule-vasseur.com\/wp-content\/uploads\/2025\/09\/double_ligne-removebg-preview.png","datePublished":"2025-09-22T08:50:36+00:00","dateModified":"2025-09-22T10:55:59+00:00","description":"Das Haus Paule Vasseur ber\u00e4t Sie bei der Organisation Ihrer Hochzeit: Reservierung des Veranstaltungsortes, Bestellung des Kleides, Gestaltung und Versand der Einladungen, Sitzplatzzuweisung, Auswahl des Themas, Reservierung des Caterers, Auswahl des Blumenstrau\u00dfes, administrative Organisation ...","breadcrumb":{"@id":"https:\/\/paule-vasseur.com\/de\/timing-robe-de-mariee-sur-mesure-en-soie.htm#breadcrumb"},"inLanguage":"de-CH","potentialAction":[{"@type":"ReadAction","target":["https:\/\/paule-vasseur.com\/de\/timing-robe-de-mariee-sur-mesure-en-soie.htm"]}]},{"@type":"ImageObject","inLanguage":"de-CH","@id":"https:\/\/paule-vasseur.com\/de\/timing-robe-de-mariee-sur-mesure-en-soie.htm#primaryimage","url":"https:\/\/paule-vasseur.com\/wp-content\/uploads\/2025\/09\/double_ligne-removebg-preview.png","contentUrl":"https:\/\/paule-vasseur.com\/wp-content\/uploads\/2025\/09\/double_ligne-removebg-preview.png"},{"@type":"BreadcrumbList","@id":"https:\/\/paule-vasseur.com\/de\/timing-robe-de-mariee-sur-mesure-en-soie.htm#breadcrumb","itemListElement":[{"@type":"ListItem","position":1,"name":"Accueil","item":"https:\/\/paule-vasseur.com\/"},{"@type":"ListItem","position":2,"name":"Timing de la Mari\u00e9e"}]},{"@type":"WebSite","@id":"https:\/\/paule-vasseur.com\/de\/#website","url":"https:\/\/paule-vasseur.com\/de\/","name":"VORH\u00c4NGE N\u00c4HEN","description":"","publisher":{"@id":"https:\/\/paule-vasseur.com\/de\/#organization"},"potentialAction":[{"@type":"SearchAction","target":{"@type":"EntryPoint","urlTemplate":"https:\/\/paule-vasseur.com\/de\/?s={search_term_string}"},"query-input":{"@type":"PropertyValueSpecification","valueRequired":true,"valueName":"search_term_string"}}],"inLanguage":"de-CH"},{"@type":"Organization","@id":"https:\/\/paule-vasseur.com\/de\/#organization","name":"VORH\u00c4NGE N\u00c4HEN","url":"https:\/\/paule-vasseur.com\/de\/","logo":{"@type":"ImageObject","inLanguage":"de-CH","@id":"https:\/\/paule-vasseur.com\/de\/#\/schema\/logo\/image\/","url":"https:\/\/paule-vasseur.com\/wp-content\/uploads\/2025\/09\/cropped-cropped-logonew2018-2.webp","contentUrl":"https:\/\/paule-vasseur.com\/wp-content\/uploads\/2025\/09\/cropped-cropped-logonew2018-2.webp","width":166,"height":110,"caption":"RIDEAUX COUTURE"},"image":{"@id":"https:\/\/paule-vasseur.com\/de\/#\/schema\/logo\/image\/"}}]}},"_links":{"self":[{"href":"https:\/\/paule-vasseur.com\/de\/wp-json\/wp\/v2\/pages\/75418","targetHints":{"allow":["GET"]}}],"collection":[{"href":"https:\/\/paule-vasseur.com\/de\/wp-json\/wp\/v2\/pages"}],"about":[{"href":"https:\/\/paule-vasseur.com\/de\/wp-json\/wp\/v2\/types\/page"}],"author":[{"embeddable":true,"href":"https:\/\/paule-vasseur.com\/de\/wp-json\/wp\/v2\/users\/1"}],"replies":[{"embeddable":true,"href":"https:\/\/paule-vasseur.com\/de\/wp-json\/wp\/v2\/comments?post=75418"}],"version-history":[{"count":4,"href":"https:\/\/paule-vasseur.com\/de\/wp-json\/wp\/v2\/pages\/75418\/revisions"}],"predecessor-version":[{"id":75483,"href":"https:\/\/paule-vasseur.com\/de\/wp-json\/wp\/v2\/pages\/75418\/revisions\/75483"}],"wp:attachment":[{"href":"https:\/\/paule-vasseur.com\/de\/wp-json\/wp\/v2\/media?parent=75418"}],"wp:term":[{"taxonomy":"folder","embeddable":true,"href":"https:\/\/paule-vasseur.com\/de\/wp-json\/wp\/v2\/folder?post=75418"}],"curies":[{"name":"wp","href":"https:\/\/api.w.org\/{rel}","templated":true}]}}