{"id":68986,"date":"2025-09-09T15:30:26","date_gmt":"2025-09-09T13:30:26","guid":{"rendered":"https:\/\/paule-vasseur.com\/?page_id=68986"},"modified":"2025-09-29T15:11:35","modified_gmt":"2025-09-29T13:11:35","slug":"tenue-sur-mesure-mere-marie","status":"publish","type":"page","link":"https:\/\/paule-vasseur.com\/en\/tenue-sur-mesure-mere-marie.htm","title":{"rendered":"Manufacturing lead times for special orders"},"content":{"rendered":"<h1 class=\"wp-block-heading\">When should you order your mother-of-the-groom outfit?<\/h1>\n\n\n\n<div class=\"wp-block-cover is-light is-layout-constrained wp-block-cover-is-layout-constrained\"><img loading=\"lazy\" decoding=\"async\" width=\"1439\" height=\"375\" class=\"wp-block-cover__image-background wp-image-68987 size-full\" alt=\"\" src=\"https:\/\/paule-vasseur.com\/wp-content\/uploads\/2025\/09\/commander-sa-tenue-de-mere-de-marie-e-.jpg\" data-object-fit=\"cover\" srcset=\"https:\/\/paule-vasseur.com\/wp-content\/uploads\/2025\/09\/commander-sa-tenue-de-mere-de-marie-e-.jpg 1439w, https:\/\/paule-vasseur.com\/wp-content\/uploads\/2025\/09\/commander-sa-tenue-de-mere-de-marie-e--500x130.jpg 500w, https:\/\/paule-vasseur.com\/wp-content\/uploads\/2025\/09\/commander-sa-tenue-de-mere-de-marie-e--650x169.jpg 650w, https:\/\/paule-vasseur.com\/wp-content\/uploads\/2025\/09\/commander-sa-tenue-de-mere-de-marie-e--1024x267.jpg 1024w, https:\/\/paule-vasseur.com\/wp-content\/uploads\/2025\/09\/commander-sa-tenue-de-mere-de-marie-e--768x200.jpg 768w\" sizes=\"auto, (max-width: 1439px) 100vw, 1439px\" \/><span aria-hidden=\"true\" class=\"wp-block-cover__background has-background-dim-0 has-background-dim\"><\/span><div class=\"wp-block-cover__inner-container\"><\/div><\/div>\n\n\n\n<h2 class=\"wp-block-heading\">Timing for mum, mother-in-law, bridesmaid...<\/h2>\n\n\n\n<p>For mums, the countdown to getting dressed sometimes starts a year before the big day, when it comes to preparations.<br>The same sometimes applies to outfits.&nbsp;<\/p>\n\n\n\n<p>When you come to Paule Vasseur for your first appointment, you'll be guided by a qualified and specialised sales assistant who will present you with a range of outfits, from dress suits or trousers to long dresses, not forgetting hats and other accessories.<br>At Paule Vasseur, you'll find an elegant answer to any theme dress code, desired colour or sophisticated fantasy, with the French know-how that has made our reputation.<br>Once you have made your choice, you will often make a second appointment at which the bride or groom may be present.\u00a0<br>This is when you order your outfit, which takes between 7 and 8 weeks to make up. .<br><br>All our outfits are made to order.<br><br>Finally, during a final appointment, you will be able to try on your Paule Vasseur outfit, which may need some minor alterations to make you feel as comfortable as if it were made-to-measure.<br><br>Please allow 8 weeks for your ceremony dress to be made.<\/p>\n\n\n\n<p><\/p>","protected":false},"excerpt":{"rendered":"<p>Quand commander sa tenue de m\u00e8re de mari\u00e9(e)\u00a0? Timing de la maman, de la belle-maman, de la demoiselle d&rsquo;honneur&#8230; Pour la maman, le compte a rebours pour la tenue commence parfois un an avant le jour J pour ce qui est des pr\u00e9paratifs.Il en va parfois de m\u00eame pour les tenues.&nbsp; En venant chez Paule&#8230;<\/p>","protected":false},"author":1,"featured_media":0,"parent":0,"menu_order":0,"comment_status":"closed","ping_status":"closed","template":"","meta":{"_kadence_starter_templates_imported_post":false,"_kad_post_transparent":"","_kad_post_title":"","_kad_post_layout":"","_kad_post_sidebar_id":"","_kad_post_content_style":"","_kad_post_vertical_padding":"","_kad_post_feature":"","_kad_post_feature_position":"","_kad_post_header":false,"_kad_post_footer":false,"_kad_post_classname":"","footnotes":""},"folder":[4272],"class_list":["post-68986","page","type-page","status-publish","hentry"],"yoast_head":"<!-- This site is optimized with the Yoast SEO plugin v27.4 - https:\/\/yoast.com\/product\/yoast-seo-wordpress\/ -->\n<title>D\u00e9lais de fabrication des commandes sp\u00e9ciales - PAULE VASSEUR<\/title>\n<meta name=\"robots\" content=\"index, follow, max-snippet:-1, max-image-preview:large, max-video-preview:-1\" \/>\n<link rel=\"canonical\" href=\"https:\/\/paule-vasseur.com\/en\/outfit-made-to-measure-mother-marie-htm\" \/>\n<meta property=\"og:locale\" content=\"en_GB\" \/>\n<meta property=\"og:type\" content=\"article\" \/>\n<meta property=\"og:title\" content=\"D\u00e9lais de fabrication des commandes sp\u00e9ciales - PAULE VASSEUR\" \/>\n<meta property=\"og:description\" content=\"Quand commander sa tenue de m\u00e8re de mari\u00e9(e)\u00a0? Timing de la maman, de la belle-maman, de la demoiselle d&rsquo;honneur&#8230; Pour la maman, le compte a rebours pour la tenue commence parfois un an avant le jour J pour ce qui est des pr\u00e9paratifs.Il en va parfois de m\u00eame pour les tenues.&nbsp; En venant chez Paule...\" \/>\n<meta property=\"og:url\" content=\"https:\/\/paule-vasseur.com\/en\/outfit-made-to-measure-mother-marie-htm\" \/>\n<meta property=\"og:site_name\" content=\"PAULE VASSEUR\" \/>\n<meta property=\"article:modified_time\" content=\"2025-09-29T13:11:35+00:00\" \/>\n<meta property=\"og:image\" content=\"https:\/\/paule-vasseur.com\/wp-content\/uploads\/2025\/09\/commander-sa-tenue-de-mere-de-marie-e-.jpg\" \/>\n\t<meta property=\"og:image:width\" content=\"1439\" \/>\n\t<meta property=\"og:image:height\" content=\"375\" \/>\n\t<meta property=\"og:image:type\" content=\"image\/jpeg\" \/>\n<meta name=\"twitter:card\" content=\"summary_large_image\" \/>\n<meta name=\"twitter:label1\" content=\"Estimated reading time\" \/>\n\t<meta name=\"twitter:data1\" content=\"2 minutes\" \/>\n<script type=\"application\/ld+json\" class=\"yoast-schema-graph\">{\"@context\":\"https:\\\/\\\/schema.org\",\"@graph\":[{\"@type\":\"WebPage\",\"@id\":\"https:\\\/\\\/paule-vasseur.com\\\/en\\\/tenue-sur-mesure-mere-marie.htm\",\"url\":\"https:\\\/\\\/paule-vasseur.com\\\/en\\\/tenue-sur-mesure-mere-marie.htm\",\"name\":\"D\u00e9lais de fabrication des commandes sp\u00e9ciales - PAULE VASSEUR\",\"isPartOf\":{\"@id\":\"https:\\\/\\\/paule-vasseur.com\\\/en\\\/#website\"},\"primaryImageOfPage\":{\"@id\":\"https:\\\/\\\/paule-vasseur.com\\\/en\\\/tenue-sur-mesure-mere-marie.htm#primaryimage\"},\"image\":{\"@id\":\"https:\\\/\\\/paule-vasseur.com\\\/en\\\/tenue-sur-mesure-mere-marie.htm#primaryimage\"},\"thumbnailUrl\":\"https:\\\/\\\/paule-vasseur.com\\\/wp-content\\\/uploads\\\/2025\\\/09\\\/commander-sa-tenue-de-mere-de-marie-e-.jpg\",\"datePublished\":\"2025-09-09T13:30:26+00:00\",\"dateModified\":\"2025-09-29T13:11:35+00:00\",\"breadcrumb\":{\"@id\":\"https:\\\/\\\/paule-vasseur.com\\\/en\\\/tenue-sur-mesure-mere-marie.htm#breadcrumb\"},\"inLanguage\":\"en-GB\",\"potentialAction\":[{\"@type\":\"ReadAction\",\"target\":[\"https:\\\/\\\/paule-vasseur.com\\\/en\\\/tenue-sur-mesure-mere-marie.htm\"]}]},{\"@type\":\"ImageObject\",\"inLanguage\":\"en-GB\",\"@id\":\"https:\\\/\\\/paule-vasseur.com\\\/en\\\/tenue-sur-mesure-mere-marie.htm#primaryimage\",\"url\":\"https:\\\/\\\/paule-vasseur.com\\\/wp-content\\\/uploads\\\/2025\\\/09\\\/commander-sa-tenue-de-mere-de-marie-e-.jpg\",\"contentUrl\":\"https:\\\/\\\/paule-vasseur.com\\\/wp-content\\\/uploads\\\/2025\\\/09\\\/commander-sa-tenue-de-mere-de-marie-e-.jpg\"},{\"@type\":\"BreadcrumbList\",\"@id\":\"https:\\\/\\\/paule-vasseur.com\\\/en\\\/tenue-sur-mesure-mere-marie.htm#breadcrumb\",\"itemListElement\":[{\"@type\":\"ListItem\",\"position\":1,\"name\":\"Accueil\",\"item\":\"https:\\\/\\\/paule-vasseur.com\\\/\"},{\"@type\":\"ListItem\",\"position\":2,\"name\":\"D\u00e9lais de fabrication des commandes sp\u00e9ciales\"}]},{\"@type\":\"WebSite\",\"@id\":\"https:\\\/\\\/paule-vasseur.com\\\/en\\\/#website\",\"url\":\"https:\\\/\\\/paule-vasseur.com\\\/en\\\/\",\"name\":\"RIDEAUX COUTURE\",\"description\":\"\",\"publisher\":{\"@id\":\"https:\\\/\\\/paule-vasseur.com\\\/en\\\/#organization\"},\"potentialAction\":[{\"@type\":\"SearchAction\",\"target\":{\"@type\":\"EntryPoint\",\"urlTemplate\":\"https:\\\/\\\/paule-vasseur.com\\\/en\\\/?s={search_term_string}\"},\"query-input\":{\"@type\":\"PropertyValueSpecification\",\"valueRequired\":true,\"valueName\":\"search_term_string\"}}],\"inLanguage\":\"en-GB\"},{\"@type\":\"Organization\",\"@id\":\"https:\\\/\\\/paule-vasseur.com\\\/en\\\/#organization\",\"name\":\"RIDEAUX COUTURE\",\"url\":\"https:\\\/\\\/paule-vasseur.com\\\/en\\\/\",\"logo\":{\"@type\":\"ImageObject\",\"inLanguage\":\"en-GB\",\"@id\":\"https:\\\/\\\/paule-vasseur.com\\\/en\\\/#\\\/schema\\\/logo\\\/image\\\/\",\"url\":\"https:\\\/\\\/paule-vasseur.com\\\/wp-content\\\/uploads\\\/2025\\\/09\\\/cropped-cropped-logonew2018-2.webp\",\"contentUrl\":\"https:\\\/\\\/paule-vasseur.com\\\/wp-content\\\/uploads\\\/2025\\\/09\\\/cropped-cropped-logonew2018-2.webp\",\"width\":166,\"height\":110,\"caption\":\"RIDEAUX COUTURE\"},\"image\":{\"@id\":\"https:\\\/\\\/paule-vasseur.com\\\/en\\\/#\\\/schema\\\/logo\\\/image\\\/\"}}]}<\/script>\n<!-- \/ Yoast SEO plugin. -->","yoast_head_json":{"title":"Manufacturing lead times for special orders - PAULE VASSEUR","robots":{"index":"index","follow":"follow","max-snippet":"max-snippet:-1","max-image-preview":"max-image-preview:large","max-video-preview":"max-video-preview:-1"},"canonical":"https:\/\/paule-vasseur.com\/en\/outfit-made-to-measure-mother-marie-htm","og_locale":"en_GB","og_type":"article","og_title":"D\u00e9lais de fabrication des commandes sp\u00e9ciales - PAULE VASSEUR","og_description":"Quand commander sa tenue de m\u00e8re de mari\u00e9(e)\u00a0? Timing de la maman, de la belle-maman, de la demoiselle d&rsquo;honneur&#8230; Pour la maman, le compte a rebours pour la tenue commence parfois un an avant le jour J pour ce qui est des pr\u00e9paratifs.Il en va parfois de m\u00eame pour les tenues.&nbsp; En venant chez Paule...","og_url":"https:\/\/paule-vasseur.com\/en\/outfit-made-to-measure-mother-marie-htm","og_site_name":"PAULE VASSEUR","article_modified_time":"2025-09-29T13:11:35+00:00","og_image":[{"width":1439,"height":375,"url":"https:\/\/paule-vasseur.com\/wp-content\/uploads\/2025\/09\/commander-sa-tenue-de-mere-de-marie-e-.jpg","type":"image\/jpeg"}],"twitter_card":"summary_large_image","twitter_misc":{"Estimated reading time":"2 minutes"},"schema":{"@context":"https:\/\/schema.org","@graph":[{"@type":"WebPage","@id":"https:\/\/paule-vasseur.com\/en\/tenue-sur-mesure-mere-marie.htm","url":"https:\/\/paule-vasseur.com\/en\/tenue-sur-mesure-mere-marie.htm","name":"Manufacturing lead times for special orders - PAULE VASSEUR","isPartOf":{"@id":"https:\/\/paule-vasseur.com\/en\/#website"},"primaryImageOfPage":{"@id":"https:\/\/paule-vasseur.com\/en\/tenue-sur-mesure-mere-marie.htm#primaryimage"},"image":{"@id":"https:\/\/paule-vasseur.com\/en\/tenue-sur-mesure-mere-marie.htm#primaryimage"},"thumbnailUrl":"https:\/\/paule-vasseur.com\/wp-content\/uploads\/2025\/09\/commander-sa-tenue-de-mere-de-marie-e-.jpg","datePublished":"2025-09-09T13:30:26+00:00","dateModified":"2025-09-29T13:11:35+00:00","breadcrumb":{"@id":"https:\/\/paule-vasseur.com\/en\/tenue-sur-mesure-mere-marie.htm#breadcrumb"},"inLanguage":"en-GB","potentialAction":[{"@type":"ReadAction","target":["https:\/\/paule-vasseur.com\/en\/tenue-sur-mesure-mere-marie.htm"]}]},{"@type":"ImageObject","inLanguage":"en-GB","@id":"https:\/\/paule-vasseur.com\/en\/tenue-sur-mesure-mere-marie.htm#primaryimage","url":"https:\/\/paule-vasseur.com\/wp-content\/uploads\/2025\/09\/commander-sa-tenue-de-mere-de-marie-e-.jpg","contentUrl":"https:\/\/paule-vasseur.com\/wp-content\/uploads\/2025\/09\/commander-sa-tenue-de-mere-de-marie-e-.jpg"},{"@type":"BreadcrumbList","@id":"https:\/\/paule-vasseur.com\/en\/tenue-sur-mesure-mere-marie.htm#breadcrumb","itemListElement":[{"@type":"ListItem","position":1,"name":"Accueil","item":"https:\/\/paule-vasseur.com\/"},{"@type":"ListItem","position":2,"name":"D\u00e9lais de fabrication des commandes sp\u00e9ciales"}]},{"@type":"WebSite","@id":"https:\/\/paule-vasseur.com\/en\/#website","url":"https:\/\/paule-vasseur.com\/en\/","name":"SEWN CURTAINS","description":"","publisher":{"@id":"https:\/\/paule-vasseur.com\/en\/#organization"},"potentialAction":[{"@type":"SearchAction","target":{"@type":"EntryPoint","urlTemplate":"https:\/\/paule-vasseur.com\/en\/?s={search_term_string}"},"query-input":{"@type":"PropertyValueSpecification","valueRequired":true,"valueName":"search_term_string"}}],"inLanguage":"en-GB"},{"@type":"Organization","@id":"https:\/\/paule-vasseur.com\/en\/#organization","name":"SEWN CURTAINS","url":"https:\/\/paule-vasseur.com\/en\/","logo":{"@type":"ImageObject","inLanguage":"en-GB","@id":"https:\/\/paule-vasseur.com\/en\/#\/schema\/logo\/image\/","url":"https:\/\/paule-vasseur.com\/wp-content\/uploads\/2025\/09\/cropped-cropped-logonew2018-2.webp","contentUrl":"https:\/\/paule-vasseur.com\/wp-content\/uploads\/2025\/09\/cropped-cropped-logonew2018-2.webp","width":166,"height":110,"caption":"RIDEAUX COUTURE"},"image":{"@id":"https:\/\/paule-vasseur.com\/en\/#\/schema\/logo\/image\/"}}]}},"_links":{"self":[{"href":"https:\/\/paule-vasseur.com\/en\/wp-json\/wp\/v2\/pages\/68986","targetHints":{"allow":["GET"]}}],"collection":[{"href":"https:\/\/paule-vasseur.com\/en\/wp-json\/wp\/v2\/pages"}],"about":[{"href":"https:\/\/paule-vasseur.com\/en\/wp-json\/wp\/v2\/types\/page"}],"author":[{"embeddable":true,"href":"https:\/\/paule-vasseur.com\/en\/wp-json\/wp\/v2\/users\/1"}],"replies":[{"embeddable":true,"href":"https:\/\/paule-vasseur.com\/en\/wp-json\/wp\/v2\/comments?post=68986"}],"version-history":[{"count":11,"href":"https:\/\/paule-vasseur.com\/en\/wp-json\/wp\/v2\/pages\/68986\/revisions"}],"predecessor-version":[{"id":69001,"href":"https:\/\/paule-vasseur.com\/en\/wp-json\/wp\/v2\/pages\/68986\/revisions\/69001"}],"wp:attachment":[{"href":"https:\/\/paule-vasseur.com\/en\/wp-json\/wp\/v2\/media?parent=68986"}],"wp:term":[{"taxonomy":"folder","embeddable":true,"href":"https:\/\/paule-vasseur.com\/en\/wp-json\/wp\/v2\/folder?post=68986"}],"curies":[{"name":"wp","href":"https:\/\/api.w.org\/{rel}","templated":true}]}}