{"id":69271,"date":"2025-09-12T11:49:34","date_gmt":"2025-09-12T09:49:34","guid":{"rendered":"https:\/\/paule-vasseur.com\/?page_id=69271"},"modified":"2025-09-12T12:01:41","modified_gmt":"2025-09-12T10:01:41","slug":"jolie-robe-cocktail-pour-mariage","status":"publish","type":"page","link":"https:\/\/paule-vasseur.com\/en\/jolie-robe-cocktail-pour-mariage.htm","title":{"rendered":"Choisir Paule Vasseur : L&rsquo;art de sublimer chaque occasion"},"content":{"rendered":"<div class=\"wp-block-image\">\n<figure class=\"aligncenter size-large is-resized\"><img loading=\"lazy\" decoding=\"async\" width=\"1024\" height=\"88\" src=\"https:\/\/paule-vasseur.com\/wp-content\/uploads\/2025\/09\/double_ligne-removebg-preview-1024x88.png\" alt=\"\" class=\"wp-image-69230\" style=\"width:456px;height:auto\" srcset=\"https:\/\/paule-vasseur.com\/wp-content\/uploads\/2025\/09\/double_ligne-removebg-preview-1024x88.png 1024w, https:\/\/paule-vasseur.com\/wp-content\/uploads\/2025\/09\/double_ligne-removebg-preview-500x43.png 500w, https:\/\/paule-vasseur.com\/wp-content\/uploads\/2025\/09\/double_ligne-removebg-preview-768x66.png 768w, https:\/\/paule-vasseur.com\/wp-content\/uploads\/2025\/09\/double_ligne-removebg-preview-650x56.png 650w, https:\/\/paule-vasseur.com\/wp-content\/uploads\/2025\/09\/double_ligne-removebg-preview.png 1160w\" sizes=\"auto, (max-width: 1024px) 100vw, 1024px\" \/><\/figure>\n<\/div>\n\n\n<figure class=\"wp-block-image alignfull size-large\"><img loading=\"lazy\" decoding=\"async\" width=\"1024\" height=\"437\" src=\"https:\/\/paule-vasseur.com\/wp-content\/uploads\/2025\/09\/tenues-de-ce-re-monie-en-solde-2-1024x437.jpg\" alt=\"\" class=\"wp-image-69272\" srcset=\"https:\/\/paule-vasseur.com\/wp-content\/uploads\/2025\/09\/tenues-de-ce-re-monie-en-solde-2-1024x437.jpg 1024w, https:\/\/paule-vasseur.com\/wp-content\/uploads\/2025\/09\/tenues-de-ce-re-monie-en-solde-2-500x214.jpg 500w, https:\/\/paule-vasseur.com\/wp-content\/uploads\/2025\/09\/tenues-de-ce-re-monie-en-solde-2-768x328.jpg 768w, https:\/\/paule-vasseur.com\/wp-content\/uploads\/2025\/09\/tenues-de-ce-re-monie-en-solde-2-1536x656.jpg 1536w, https:\/\/paule-vasseur.com\/wp-content\/uploads\/2025\/09\/tenues-de-ce-re-monie-en-solde-2-650x278.jpg 650w, https:\/\/paule-vasseur.com\/wp-content\/uploads\/2025\/09\/tenues-de-ce-re-monie-en-solde-2.jpg 1920w\" sizes=\"auto, (max-width: 1024px) 100vw, 1024px\" \/><\/figure>\n\n\n\n<div class=\"wp-block-columns is-layout-flex wp-container-core-columns-is-layout-9d6595d7 wp-block-columns-is-layout-flex\">\n<div class=\"wp-block-column is-layout-flow wp-block-column-is-layout-flow\">\n<h2 class=\"wp-block-heading\">Votre grande fille se marie cet \u00e9t\u00e9. C&rsquo;est merveilleux !<\/h2>\n\n\n\n<p>Paule Vasseur propose des collections de tailleurs habill\u00e9s et haut de gamme pour les femmes recherchant des tenues \u00e9l\u00e9gantes, fantaisie ou intemporelles pour cocktails, f\u00eates de familles et c\u00e9l\u00e9brations religieuses, et bien s\u00fbr, pour fian\u00e7ailles et mariages.<\/p>\n\n\n\n<p>Des robes longues aux tailleurs pantalons, vous trouverez tous les incontournables des tailleurs f\u00e9minins, des robes du soir et des robes de cocktail qui se coordonnent aux bol\u00e9ros ou vestes longues selon votre envie, et bien s\u00fbr des \u00e9toles et des sacs assortis. R\u00e9put\u00e9e pour son savoir-faire \u00e0 la fran\u00e7aise et ses \u00e9toffes exceptionnelles, les collections Paule Vasseur renouvellent un Esprit \u201cCouture\u201d avec des tissus originaux, des jacquards exclusifs et des imprim\u00e9s in\u00e9dits<\/p>\n<\/div>\n\n\n\n<div class=\"wp-block-column is-layout-flow wp-block-column-is-layout-flow\">\n<h2 class=\"wp-block-heading\">Rendez-vous en boutique<\/h2>\n\n\n\n<p>D\u00e9couvrez nos revendeurs haut de gamme (Paris, Neuilly, Bordeaux, Rennes, Deauville et Jonzac). \u00c9merveill\u00e9e par des couleurs \u00e9clatantes, vous serez accueillie par une conseill\u00e8re attentive, qui comprendra imm\u00e9diatement vos attentes et saura vous proposer les solutions id\u00e9ales.<br><br>Vous pourrez essayer de nombreux mod\u00e8les, tous disponibles dans votre taille. Laissez-vous s\u00e9duire par une robe de cocktail chic et \u00e9pur\u00e9e, taill\u00e9e dans un cr\u00eape fluide au tomb\u00e9 parfait. Ici, le choix est vaste !<\/p>\n<\/div>\n<\/div>\n\n\n\n<div class=\"wp-block-group\" style=\"padding-top:0;padding-right:0;padding-bottom:0;padding-left:0\"><div class=\"wp-block-group__inner-container is-layout-constrained wp-container-core-group-is-layout-c6b4b7cd wp-block-group-is-layout-constrained\"><div class=\"wp-block-image\">\n<figure class=\"aligncenter size-full\"><img loading=\"lazy\" decoding=\"async\" width=\"166\" height=\"110\" src=\"https:\/\/paule-vasseur.com\/wp-content\/uploads\/2025\/09\/cropped-cropped-logonew2018-2-1.webp\" alt=\"\" class=\"wp-image-69239\"\/><\/figure>\n<\/div>\n\n\n<p class=\"has-text-align-center\">Are you having a ceremony?<br>Let's talk about it.<\/p>\n\n\n\n<div class=\"wp-block-buttons is-vertical is-content-justification-center is-layout-flex wp-container-core-buttons-is-layout-63e38172 wp-block-buttons-is-layout-flex\">\n<div class=\"wp-block-button is-style-fill\"><a class=\"wp-block-button__link has-text-align-center wp-element-button\" href=\"https:\/\/paule-vasseur.com\/en\/contact-htm\/\">Contact us<\/a><\/div>\n<\/div>\n\n\n<style>.wp-block-kadence-spacer.kt-block-spacer-69247_ec675a-41 .kt-block-spacer{height:20px;}.wp-block-kadence-spacer.kt-block-spacer-69247_ec675a-41 .kt-divider{border-top-width:1px;height:1px;border-top-color:#eee;width:80%;border-top-style:solid;}<\/style>\n<div class=\"wp-block-kadence-spacer aligncenter kt-block-spacer-69247_ec675a-41\"><div class=\"kt-block-spacer kt-block-spacer-halign-center\"><\/div><\/div>\n<\/div><\/div>","protected":false},"excerpt":{"rendered":"<p>Votre grande fille se marie cet \u00e9t\u00e9. C&rsquo;est merveilleux ! Paule Vasseur propose des collections de tailleurs habill\u00e9s et haut de gamme pour les femmes recherchant des tenues \u00e9l\u00e9gantes, fantaisie ou intemporelles pour cocktails, f\u00eates de familles et c\u00e9l\u00e9brations religieuses, et bien s\u00fbr, pour fian\u00e7ailles et mariages. Des robes longues aux tailleurs pantalons, vous trouverez&#8230;<\/p>","protected":false},"author":1,"featured_media":0,"parent":0,"menu_order":0,"comment_status":"closed","ping_status":"closed","template":"","meta":{"_kadence_starter_templates_imported_post":false,"_kad_post_transparent":"","_kad_post_title":"","_kad_post_layout":"","_kad_post_sidebar_id":"","_kad_post_content_style":"","_kad_post_vertical_padding":"","_kad_post_feature":"","_kad_post_feature_position":"","_kad_post_header":false,"_kad_post_footer":false,"_kad_post_classname":"","footnotes":""},"folder":[4273],"class_list":["post-69271","page","type-page","status-publish","hentry"],"yoast_head":"<!-- This site is optimized with the Yoast SEO plugin v27.5 - https:\/\/yoast.com\/product\/yoast-seo-wordpress\/ -->\n<title>Choisir Paule Vasseur : L&#039;art de sublimer chaque occasion - PAULE VASSEUR<\/title>\n<meta name=\"robots\" content=\"index, follow, max-snippet:-1, max-image-preview:large, max-video-preview:-1\" \/>\n<link rel=\"canonical\" href=\"https:\/\/paule-vasseur.com\/en\/jolie-robe-cocktail-pour-mariage.htm\" \/>\n<meta property=\"og:locale\" content=\"en_GB\" \/>\n<meta property=\"og:type\" content=\"article\" \/>\n<meta property=\"og:title\" content=\"Choisir Paule Vasseur : L&#039;art de sublimer chaque occasion - PAULE VASSEUR\" \/>\n<meta property=\"og:description\" content=\"Votre grande fille se marie cet \u00e9t\u00e9. C&rsquo;est merveilleux ! Paule Vasseur propose des collections de tailleurs habill\u00e9s et haut de gamme pour les femmes recherchant des tenues \u00e9l\u00e9gantes, fantaisie ou intemporelles pour cocktails, f\u00eates de familles et c\u00e9l\u00e9brations religieuses, et bien s\u00fbr, pour fian\u00e7ailles et mariages. Des robes longues aux tailleurs pantalons, vous trouverez...\" \/>\n<meta property=\"og:url\" content=\"https:\/\/paule-vasseur.com\/en\/jolie-robe-cocktail-pour-mariage.htm\" \/>\n<meta property=\"og:site_name\" content=\"PAULE VASSEUR\" \/>\n<meta property=\"article:modified_time\" content=\"2025-09-12T10:01:41+00:00\" \/>\n<meta property=\"og:image\" content=\"https:\/\/paule-vasseur.com\/wp-content\/uploads\/2025\/09\/double_ligne-removebg-preview.png\" \/>\n\t<meta property=\"og:image:width\" content=\"1160\" \/>\n\t<meta property=\"og:image:height\" content=\"100\" \/>\n\t<meta property=\"og:image:type\" content=\"image\/png\" \/>\n<meta name=\"twitter:card\" content=\"summary_large_image\" \/>\n<meta name=\"twitter:label1\" content=\"Estimated reading time\" \/>\n\t<meta name=\"twitter:data1\" content=\"1 minute\" \/>\n<script type=\"application\/ld+json\" class=\"yoast-schema-graph\">{\"@context\":\"https:\\\/\\\/schema.org\",\"@graph\":[{\"@type\":\"WebPage\",\"@id\":\"https:\\\/\\\/paule-vasseur.com\\\/en\\\/jolie-robe-cocktail-pour-mariage.htm\",\"url\":\"https:\\\/\\\/paule-vasseur.com\\\/en\\\/jolie-robe-cocktail-pour-mariage.htm\",\"name\":\"Choisir Paule Vasseur : L'art de sublimer chaque occasion - PAULE VASSEUR\",\"isPartOf\":{\"@id\":\"https:\\\/\\\/paule-vasseur.com\\\/en\\\/#website\"},\"primaryImageOfPage\":{\"@id\":\"https:\\\/\\\/paule-vasseur.com\\\/en\\\/jolie-robe-cocktail-pour-mariage.htm#primaryimage\"},\"image\":{\"@id\":\"https:\\\/\\\/paule-vasseur.com\\\/en\\\/jolie-robe-cocktail-pour-mariage.htm#primaryimage\"},\"thumbnailUrl\":\"https:\\\/\\\/paule-vasseur.com\\\/wp-content\\\/uploads\\\/2025\\\/09\\\/double_ligne-removebg-preview-1024x88.png\",\"datePublished\":\"2025-09-12T09:49:34+00:00\",\"dateModified\":\"2025-09-12T10:01:41+00:00\",\"breadcrumb\":{\"@id\":\"https:\\\/\\\/paule-vasseur.com\\\/en\\\/jolie-robe-cocktail-pour-mariage.htm#breadcrumb\"},\"inLanguage\":\"en-GB\",\"potentialAction\":[{\"@type\":\"ReadAction\",\"target\":[\"https:\\\/\\\/paule-vasseur.com\\\/en\\\/jolie-robe-cocktail-pour-mariage.htm\"]}]},{\"@type\":\"ImageObject\",\"inLanguage\":\"en-GB\",\"@id\":\"https:\\\/\\\/paule-vasseur.com\\\/en\\\/jolie-robe-cocktail-pour-mariage.htm#primaryimage\",\"url\":\"https:\\\/\\\/paule-vasseur.com\\\/wp-content\\\/uploads\\\/2025\\\/09\\\/double_ligne-removebg-preview-1024x88.png\",\"contentUrl\":\"https:\\\/\\\/paule-vasseur.com\\\/wp-content\\\/uploads\\\/2025\\\/09\\\/double_ligne-removebg-preview-1024x88.png\"},{\"@type\":\"BreadcrumbList\",\"@id\":\"https:\\\/\\\/paule-vasseur.com\\\/en\\\/jolie-robe-cocktail-pour-mariage.htm#breadcrumb\",\"itemListElement\":[{\"@type\":\"ListItem\",\"position\":1,\"name\":\"Accueil\",\"item\":\"https:\\\/\\\/paule-vasseur.com\\\/\"},{\"@type\":\"ListItem\",\"position\":2,\"name\":\"Choisir Paule Vasseur : L&rsquo;art de sublimer chaque occasion\"}]},{\"@type\":\"WebSite\",\"@id\":\"https:\\\/\\\/paule-vasseur.com\\\/en\\\/#website\",\"url\":\"https:\\\/\\\/paule-vasseur.com\\\/en\\\/\",\"name\":\"RIDEAUX COUTURE\",\"description\":\"\",\"publisher\":{\"@id\":\"https:\\\/\\\/paule-vasseur.com\\\/en\\\/#organization\"},\"potentialAction\":[{\"@type\":\"SearchAction\",\"target\":{\"@type\":\"EntryPoint\",\"urlTemplate\":\"https:\\\/\\\/paule-vasseur.com\\\/en\\\/?s={search_term_string}\"},\"query-input\":{\"@type\":\"PropertyValueSpecification\",\"valueRequired\":true,\"valueName\":\"search_term_string\"}}],\"inLanguage\":\"en-GB\"},{\"@type\":\"Organization\",\"@id\":\"https:\\\/\\\/paule-vasseur.com\\\/en\\\/#organization\",\"name\":\"RIDEAUX COUTURE\",\"url\":\"https:\\\/\\\/paule-vasseur.com\\\/en\\\/\",\"logo\":{\"@type\":\"ImageObject\",\"inLanguage\":\"en-GB\",\"@id\":\"https:\\\/\\\/paule-vasseur.com\\\/en\\\/#\\\/schema\\\/logo\\\/image\\\/\",\"url\":\"https:\\\/\\\/paule-vasseur.com\\\/wp-content\\\/uploads\\\/2025\\\/09\\\/cropped-cropped-logonew2018-2.webp\",\"contentUrl\":\"https:\\\/\\\/paule-vasseur.com\\\/wp-content\\\/uploads\\\/2025\\\/09\\\/cropped-cropped-logonew2018-2.webp\",\"width\":166,\"height\":110,\"caption\":\"RIDEAUX COUTURE\"},\"image\":{\"@id\":\"https:\\\/\\\/paule-vasseur.com\\\/en\\\/#\\\/schema\\\/logo\\\/image\\\/\"}}]}<\/script>\n<!-- \/ Yoast SEO plugin. -->","yoast_head_json":{"title":"Choisir Paule Vasseur : L'art de sublimer chaque occasion - PAULE VASSEUR","robots":{"index":"index","follow":"follow","max-snippet":"max-snippet:-1","max-image-preview":"max-image-preview:large","max-video-preview":"max-video-preview:-1"},"canonical":"https:\/\/paule-vasseur.com\/en\/jolie-robe-cocktail-pour-mariage.htm","og_locale":"en_GB","og_type":"article","og_title":"Choisir Paule Vasseur : L'art de sublimer chaque occasion - PAULE VASSEUR","og_description":"Votre grande fille se marie cet \u00e9t\u00e9. C&rsquo;est merveilleux ! Paule Vasseur propose des collections de tailleurs habill\u00e9s et haut de gamme pour les femmes recherchant des tenues \u00e9l\u00e9gantes, fantaisie ou intemporelles pour cocktails, f\u00eates de familles et c\u00e9l\u00e9brations religieuses, et bien s\u00fbr, pour fian\u00e7ailles et mariages. Des robes longues aux tailleurs pantalons, vous trouverez...","og_url":"https:\/\/paule-vasseur.com\/en\/jolie-robe-cocktail-pour-mariage.htm","og_site_name":"PAULE VASSEUR","article_modified_time":"2025-09-12T10:01:41+00:00","og_image":[{"width":1160,"height":100,"url":"https:\/\/paule-vasseur.com\/wp-content\/uploads\/2025\/09\/double_ligne-removebg-preview.png","type":"image\/png"}],"twitter_card":"summary_large_image","twitter_misc":{"Estimated reading time":"1 minute"},"schema":{"@context":"https:\/\/schema.org","@graph":[{"@type":"WebPage","@id":"https:\/\/paule-vasseur.com\/en\/jolie-robe-cocktail-pour-mariage.htm","url":"https:\/\/paule-vasseur.com\/en\/jolie-robe-cocktail-pour-mariage.htm","name":"Choisir Paule Vasseur : L'art de sublimer chaque occasion - PAULE VASSEUR","isPartOf":{"@id":"https:\/\/paule-vasseur.com\/en\/#website"},"primaryImageOfPage":{"@id":"https:\/\/paule-vasseur.com\/en\/jolie-robe-cocktail-pour-mariage.htm#primaryimage"},"image":{"@id":"https:\/\/paule-vasseur.com\/en\/jolie-robe-cocktail-pour-mariage.htm#primaryimage"},"thumbnailUrl":"https:\/\/paule-vasseur.com\/wp-content\/uploads\/2025\/09\/double_ligne-removebg-preview-1024x88.png","datePublished":"2025-09-12T09:49:34+00:00","dateModified":"2025-09-12T10:01:41+00:00","breadcrumb":{"@id":"https:\/\/paule-vasseur.com\/en\/jolie-robe-cocktail-pour-mariage.htm#breadcrumb"},"inLanguage":"en-GB","potentialAction":[{"@type":"ReadAction","target":["https:\/\/paule-vasseur.com\/en\/jolie-robe-cocktail-pour-mariage.htm"]}]},{"@type":"ImageObject","inLanguage":"en-GB","@id":"https:\/\/paule-vasseur.com\/en\/jolie-robe-cocktail-pour-mariage.htm#primaryimage","url":"https:\/\/paule-vasseur.com\/wp-content\/uploads\/2025\/09\/double_ligne-removebg-preview-1024x88.png","contentUrl":"https:\/\/paule-vasseur.com\/wp-content\/uploads\/2025\/09\/double_ligne-removebg-preview-1024x88.png"},{"@type":"BreadcrumbList","@id":"https:\/\/paule-vasseur.com\/en\/jolie-robe-cocktail-pour-mariage.htm#breadcrumb","itemListElement":[{"@type":"ListItem","position":1,"name":"Accueil","item":"https:\/\/paule-vasseur.com\/"},{"@type":"ListItem","position":2,"name":"Choisir Paule Vasseur : L&rsquo;art de sublimer chaque occasion"}]},{"@type":"WebSite","@id":"https:\/\/paule-vasseur.com\/en\/#website","url":"https:\/\/paule-vasseur.com\/en\/","name":"SEWN CURTAINS","description":"","publisher":{"@id":"https:\/\/paule-vasseur.com\/en\/#organization"},"potentialAction":[{"@type":"SearchAction","target":{"@type":"EntryPoint","urlTemplate":"https:\/\/paule-vasseur.com\/en\/?s={search_term_string}"},"query-input":{"@type":"PropertyValueSpecification","valueRequired":true,"valueName":"search_term_string"}}],"inLanguage":"en-GB"},{"@type":"Organization","@id":"https:\/\/paule-vasseur.com\/en\/#organization","name":"SEWN CURTAINS","url":"https:\/\/paule-vasseur.com\/en\/","logo":{"@type":"ImageObject","inLanguage":"en-GB","@id":"https:\/\/paule-vasseur.com\/en\/#\/schema\/logo\/image\/","url":"https:\/\/paule-vasseur.com\/wp-content\/uploads\/2025\/09\/cropped-cropped-logonew2018-2.webp","contentUrl":"https:\/\/paule-vasseur.com\/wp-content\/uploads\/2025\/09\/cropped-cropped-logonew2018-2.webp","width":166,"height":110,"caption":"RIDEAUX COUTURE"},"image":{"@id":"https:\/\/paule-vasseur.com\/en\/#\/schema\/logo\/image\/"}}]}},"_links":{"self":[{"href":"https:\/\/paule-vasseur.com\/en\/wp-json\/wp\/v2\/pages\/69271","targetHints":{"allow":["GET"]}}],"collection":[{"href":"https:\/\/paule-vasseur.com\/en\/wp-json\/wp\/v2\/pages"}],"about":[{"href":"https:\/\/paule-vasseur.com\/en\/wp-json\/wp\/v2\/types\/page"}],"author":[{"embeddable":true,"href":"https:\/\/paule-vasseur.com\/en\/wp-json\/wp\/v2\/users\/1"}],"replies":[{"embeddable":true,"href":"https:\/\/paule-vasseur.com\/en\/wp-json\/wp\/v2\/comments?post=69271"}],"version-history":[{"count":2,"href":"https:\/\/paule-vasseur.com\/en\/wp-json\/wp\/v2\/pages\/69271\/revisions"}],"predecessor-version":[{"id":69274,"href":"https:\/\/paule-vasseur.com\/en\/wp-json\/wp\/v2\/pages\/69271\/revisions\/69274"}],"wp:attachment":[{"href":"https:\/\/paule-vasseur.com\/en\/wp-json\/wp\/v2\/media?parent=69271"}],"wp:term":[{"taxonomy":"folder","embeddable":true,"href":"https:\/\/paule-vasseur.com\/en\/wp-json\/wp\/v2\/folder?post=69271"}],"curies":[{"name":"wp","href":"https:\/\/api.w.org\/{rel}","templated":true}]}}