{"id":74723,"date":"2025-09-16T16:19:02","date_gmt":"2025-09-16T14:19:02","guid":{"rendered":"https:\/\/paule-vasseur.com\/?page_id=74723"},"modified":"2025-10-06T14:51:52","modified_gmt":"2025-10-06T12:51:52","slug":"choisir-robe-mariage-civil","status":"publish","type":"page","link":"https:\/\/paule-vasseur.com\/en\/choisir-robe-mariage-civil.htm","title":{"rendered":"Civil wedding attire"},"content":{"rendered":"<div class=\"wp-block-image\">\n<figure class=\"aligncenter size-full is-resized\"><img loading=\"lazy\" decoding=\"async\" width=\"1160\" height=\"100\" src=\"https:\/\/paule-vasseur.com\/wp-content\/uploads\/2025\/09\/double_ligne-removebg-preview.png\" alt=\"\" class=\"wp-image-69230\" style=\"width:414px;height:auto\" srcset=\"https:\/\/paule-vasseur.com\/wp-content\/uploads\/2025\/09\/double_ligne-removebg-preview.png 1160w, https:\/\/paule-vasseur.com\/wp-content\/uploads\/2025\/09\/double_ligne-removebg-preview-500x43.png 500w, https:\/\/paule-vasseur.com\/wp-content\/uploads\/2025\/09\/double_ligne-removebg-preview-1024x88.png 1024w, https:\/\/paule-vasseur.com\/wp-content\/uploads\/2025\/09\/double_ligne-removebg-preview-768x66.png 768w, https:\/\/paule-vasseur.com\/wp-content\/uploads\/2025\/09\/double_ligne-removebg-preview-650x56.png 650w\" sizes=\"auto, (max-width: 1160px) 100vw, 1160px\" \/><\/figure>\n<\/div>\n\n\n<div class=\"wp-block-cover is-light\"><img loading=\"lazy\" decoding=\"async\" width=\"1024\" height=\"267\" class=\"wp-block-cover__image-background wp-image-74724 size-large\" alt=\"\" src=\"https:\/\/paule-vasseur.com\/wp-content\/uploads\/2025\/09\/tenues-mariage-civil-1024x267.jpg\" style=\"object-position:10% 50%\" data-object-fit=\"cover\" data-object-position=\"10% 50%\" srcset=\"https:\/\/paule-vasseur.com\/wp-content\/uploads\/2025\/09\/tenues-mariage-civil-1024x267.jpg 1024w, https:\/\/paule-vasseur.com\/wp-content\/uploads\/2025\/09\/tenues-mariage-civil-500x130.jpg 500w, https:\/\/paule-vasseur.com\/wp-content\/uploads\/2025\/09\/tenues-mariage-civil-768x200.jpg 768w, https:\/\/paule-vasseur.com\/wp-content\/uploads\/2025\/09\/tenues-mariage-civil-650x169.jpg 650w, https:\/\/paule-vasseur.com\/wp-content\/uploads\/2025\/09\/tenues-mariage-civil.jpg 1439w\" sizes=\"auto, (max-width: 1024px) 100vw, 1024px\" \/><span aria-hidden=\"true\" class=\"wp-block-cover__background has-background-dim-0 has-background-dim\"><\/span><div class=\"wp-block-cover__inner-container is-layout-constrained wp-block-cover-is-layout-constrained\">\n<p class=\"has-text-align-center has-large-font-size\"><\/p>\n<\/div><\/div>\n\n\n\n<div class=\"wp-block-columns is-layout-flex wp-container-core-columns-is-layout-9d6595d7 wp-block-columns-is-layout-flex\">\n<div class=\"wp-block-column is-layout-flow wp-block-column-is-layout-flow\">\n<p><strong>Why come to us?<\/strong><br>Even if a civil wedding only takes place at the town hall and seems like a mere formality, that doesn't mean you can't enjoy yourself! <br>and to dress smartly and elegantly to make it a real success.<br> an unforgettable and successful day!<\/p>\n<\/div>\n\n\n\n<div class=\"wp-block-column is-layout-flow wp-block-column-is-layout-flow\">\n<p class=\"has-text-align-left\">Our dresses and suits are cut to the highest standards and will dress you with elegance. Our fabrics are first-rate, and you can choose from a range of colours as subtle as they are plentiful. White, ivory and champagne tones are the obvious symbols. Magnificent pastel shades can also surprise you and enhance your day...<\/p>\n<\/div>\n<\/div>\n\n\n<style>.kb-row-layout-id74723_d726ab-19 > .kt-row-column-wrap{align-content:start;}:where(.kb-row-layout-id74723_d726ab-19 > .kt-row-column-wrap) > .wp-block-kadence-column{justify-content:start;}.kb-row-layout-id74723_d726ab-19 > .kt-row-column-wrap{column-gap:var(--global-kb-gap-sm, 1rem);row-gap:var(--global-kb-gap-md, 2rem);padding-top:var(--global-kb-spacing-sm, 1.5rem);padding-bottom:var(--global-kb-spacing-sm, 1.5rem);}.kb-row-layout-id74723_d726ab-19 > .kt-row-column-wrap > div:not(.added-for-specificity){grid-column:initial;}.kb-row-layout-id74723_d726ab-19 > .kt-row-column-wrap{grid-template-columns:repeat(3, minmax(0, 1fr));}.kb-row-layout-id74723_d726ab-19 > .kt-row-layout-overlay{opacity:0.30;}@media all and (max-width: 1024px){.kb-row-layout-id74723_d726ab-19 > .kt-row-column-wrap > div:not(.added-for-specificity){grid-column:initial;}}@media all and (max-width: 1024px){.kb-row-layout-id74723_d726ab-19 > .kt-row-column-wrap{grid-template-columns:repeat(3, minmax(0, 1fr));}}@media all and (max-width: 767px){.kb-row-layout-id74723_d726ab-19 > .kt-row-column-wrap > div:not(.added-for-specificity){grid-column:initial;}.kb-row-layout-id74723_d726ab-19 > .kt-row-column-wrap{grid-template-columns:minmax(0, 1fr);}}<\/style><div class=\"kb-row-layout-wrap kb-row-layout-id74723_d726ab-19 alignnone wp-block-kadence-rowlayout\"><div class=\"kt-row-column-wrap kt-has-3-columns kt-row-layout-equal kt-tab-layout-inherit kt-mobile-layout-row kt-row-valign-top\">\n<style>.kadence-column74723_75fc5d-ff > .kt-inside-inner-col,.kadence-column74723_75fc5d-ff > .kt-inside-inner-col:before{border-top-left-radius:0px;border-top-right-radius:0px;border-bottom-right-radius:0px;border-bottom-left-radius:0px;}.kadence-column74723_75fc5d-ff > .kt-inside-inner-col{column-gap:var(--global-kb-gap-sm, 1rem);}.kadence-column74723_75fc5d-ff > .kt-inside-inner-col{flex-direction:column;}.kadence-column74723_75fc5d-ff > .kt-inside-inner-col > .aligncenter{width:100%;}.kadence-column74723_75fc5d-ff > .kt-inside-inner-col:before{opacity:0.3;}.kadence-column74723_75fc5d-ff{position:relative;}@media all and (max-width: 1024px){.kadence-column74723_75fc5d-ff > .kt-inside-inner-col{flex-direction:column;justify-content:center;}}@media all and (max-width: 767px){.kadence-column74723_75fc5d-ff > .kt-inside-inner-col{flex-direction:column;justify-content:center;}}<\/style>\n<div class=\"wp-block-kadence-column kadence-column74723_75fc5d-ff\"><div class=\"kt-inside-inner-col\">\n<h2 class=\"wp-block-heading has-text-align-center\">Beautiful trouser suit from<br>BARBADE wedding<\/h2>\n\n\n<style>.kb-image74723_0c4dc4-fc .kb-image-has-overlay:after{opacity:0.3;}<\/style>\n<figure class=\"wp-block-kadence-image kb-image74723_0c4dc4-fc size-full\"><a href=\"https:\/\/paule-vasseur.com\/en\/white-tweed-wedding-trouser-suit-barbade-c2x28322747\/\" class=\"kb-advanced-image-link\"><img loading=\"lazy\" decoding=\"async\" width=\"600\" height=\"900\" src=\"https:\/\/paule-vasseur.com\/wp-content\/uploads\/2025\/09\/bora-bora.jpg\" alt=\"\" class=\"kb-img wp-image-74693\" srcset=\"https:\/\/paule-vasseur.com\/wp-content\/uploads\/2025\/09\/bora-bora.jpg 600w, https:\/\/paule-vasseur.com\/wp-content\/uploads\/2025\/09\/bora-bora-333x500.jpg 333w, https:\/\/paule-vasseur.com\/wp-content\/uploads\/2025\/09\/bora-bora-500x750.jpg 500w\" sizes=\"auto, (max-width: 600px) 100vw, 600px\" \/><\/a><\/figure>\n\n\n<style>.kadence-column74723_471774-84 > .kt-inside-inner-col{padding-right:var(--global-kb-spacing-xs, 1rem);padding-left:var(--global-kb-spacing-xs, 1rem);}.kadence-column74723_471774-84 > .kt-inside-inner-col,.kadence-column74723_471774-84 > .kt-inside-inner-col:before{border-top-left-radius:0px;border-top-right-radius:0px;border-bottom-right-radius:0px;border-bottom-left-radius:0px;}.kadence-column74723_471774-84 > .kt-inside-inner-col{column-gap:var(--global-kb-gap-sm, 1rem);}.kadence-column74723_471774-84 > .kt-inside-inner-col{flex-direction:column;}.kadence-column74723_471774-84 > .kt-inside-inner-col > .aligncenter{width:100%;}.kadence-column74723_471774-84 > .kt-inside-inner-col:before{opacity:0.3;}.kadence-column74723_471774-84{position:relative;}@media all and (max-width: 1024px){.kadence-column74723_471774-84 > .kt-inside-inner-col{flex-direction:column;justify-content:center;}}@media all and (max-width: 767px){.kadence-column74723_471774-84 > .kt-inside-inner-col{flex-direction:column;justify-content:center;}}<\/style>\n<div class=\"wp-block-kadence-column kadence-column74723_471774-84\"><div class=\"kt-inside-inner-col\">\n<p>Discover our beautiful BARBADE wedding trouser suit and long satin crepe jacket<\/p>\n<\/div><\/div>\n<\/div><\/div>\n\n\n<style>.kadence-column74723_9f4218-8a > .kt-inside-inner-col,.kadence-column74723_9f4218-8a > .kt-inside-inner-col:before{border-top-left-radius:0px;border-top-right-radius:0px;border-bottom-right-radius:0px;border-bottom-left-radius:0px;}.kadence-column74723_9f4218-8a > .kt-inside-inner-col{column-gap:var(--global-kb-gap-sm, 1rem);}.kadence-column74723_9f4218-8a > .kt-inside-inner-col{flex-direction:column;}.kadence-column74723_9f4218-8a > .kt-inside-inner-col > .aligncenter{width:100%;}.kadence-column74723_9f4218-8a > .kt-inside-inner-col:before{opacity:0.3;}.kadence-column74723_9f4218-8a{position:relative;}@media all and (max-width: 1024px){.kadence-column74723_9f4218-8a > .kt-inside-inner-col{flex-direction:column;justify-content:center;}}@media all and (max-width: 767px){.kadence-column74723_9f4218-8a > .kt-inside-inner-col{flex-direction:column;justify-content:center;}}<\/style>\n<div class=\"wp-block-kadence-column kadence-column74723_9f4218-8a\"><div class=\"kt-inside-inner-col\">\n<h2 class=\"wp-block-heading has-text-align-center\">Beautiful trouser suit<br>smocking HAWAI<\/h2>\n\n\n<style>.kb-image74723_c0d6fa-3c .kb-image-has-overlay:after{opacity:0.3;}<\/style>\n<figure class=\"wp-block-kadence-image kb-image74723_c0d6fa-3c size-large\"><a href=\"https:\/\/paule-vasseur.com\/en\/tailleur-pantalon-style-smoking-en-soie-hawai-c2x28268527\/\" class=\"kb-advanced-image-link\"><img loading=\"lazy\" decoding=\"async\" width=\"683\" height=\"1024\" src=\"https:\/\/paule-vasseur.com\/wp-content\/uploads\/2025\/09\/beau-tailleur-pantalon-style-smoking-elegant-hawai-683x1024.jpg\" alt=\"\" class=\"kb-img wp-image-74692\" srcset=\"https:\/\/paule-vasseur.com\/wp-content\/uploads\/2025\/09\/beau-tailleur-pantalon-style-smoking-elegant-hawai-683x1024.jpg 683w, https:\/\/paule-vasseur.com\/wp-content\/uploads\/2025\/09\/beau-tailleur-pantalon-style-smoking-elegant-hawai-333x500.jpg 333w, https:\/\/paule-vasseur.com\/wp-content\/uploads\/2025\/09\/beau-tailleur-pantalon-style-smoking-elegant-hawai-768x1152.jpg 768w, https:\/\/paule-vasseur.com\/wp-content\/uploads\/2025\/09\/beau-tailleur-pantalon-style-smoking-elegant-hawai-1024x1536.jpg 1024w, https:\/\/paule-vasseur.com\/wp-content\/uploads\/2025\/09\/beau-tailleur-pantalon-style-smoking-elegant-hawai-500x750.jpg 500w, https:\/\/paule-vasseur.com\/wp-content\/uploads\/2025\/09\/beau-tailleur-pantalon-style-smoking-elegant-hawai-650x975.jpg 650w, https:\/\/paule-vasseur.com\/wp-content\/uploads\/2025\/09\/beau-tailleur-pantalon-style-smoking-elegant-hawai.jpg 1067w\" sizes=\"auto, (max-width: 683px) 100vw, 683px\" \/><\/a><\/figure>\n\n\n<style>.kadence-column74723_257b6b-13 > .kt-inside-inner-col{padding-right:var(--global-kb-spacing-xs, 1rem);padding-left:var(--global-kb-spacing-xs, 1rem);}.kadence-column74723_257b6b-13 > .kt-inside-inner-col,.kadence-column74723_257b6b-13 > .kt-inside-inner-col:before{border-top-left-radius:0px;border-top-right-radius:0px;border-bottom-right-radius:0px;border-bottom-left-radius:0px;}.kadence-column74723_257b6b-13 > .kt-inside-inner-col{column-gap:var(--global-kb-gap-sm, 1rem);}.kadence-column74723_257b6b-13 > .kt-inside-inner-col{flex-direction:column;}.kadence-column74723_257b6b-13 > .kt-inside-inner-col > .aligncenter{width:100%;}.kadence-column74723_257b6b-13 > .kt-inside-inner-col:before{opacity:0.3;}.kadence-column74723_257b6b-13{position:relative;}@media all and (max-width: 1024px){.kadence-column74723_257b6b-13 > .kt-inside-inner-col{flex-direction:column;justify-content:center;}}@media all and (max-width: 767px){.kadence-column74723_257b6b-13 > .kt-inside-inner-col{flex-direction:column;justify-content:center;}}<\/style>\n<div class=\"wp-block-kadence-column kadence-column74723_257b6b-13\"><div class=\"kt-inside-inner-col\">\n<p>Discover our elegant tuxedo-style trouser suit HAWAI<\/p>\n<\/div><\/div>\n<\/div><\/div>\n\n\n<style>.kadence-column74723_f471aa-e6 > .kt-inside-inner-col,.kadence-column74723_f471aa-e6 > .kt-inside-inner-col:before{border-top-left-radius:0px;border-top-right-radius:0px;border-bottom-right-radius:0px;border-bottom-left-radius:0px;}.kadence-column74723_f471aa-e6 > .kt-inside-inner-col{column-gap:var(--global-kb-gap-sm, 1rem);}.kadence-column74723_f471aa-e6 > .kt-inside-inner-col{flex-direction:column;}.kadence-column74723_f471aa-e6 > .kt-inside-inner-col > .aligncenter{width:100%;}.kadence-column74723_f471aa-e6 > .kt-inside-inner-col:before{opacity:0.3;}.kadence-column74723_f471aa-e6{position:relative;}@media all and (max-width: 1024px){.kadence-column74723_f471aa-e6 > .kt-inside-inner-col{flex-direction:column;justify-content:center;}}@media all and (max-width: 767px){.kadence-column74723_f471aa-e6 > .kt-inside-inner-col{flex-direction:column;justify-content:center;}}<\/style>\n<div class=\"wp-block-kadence-column kadence-column74723_f471aa-e6\"><div class=\"kt-inside-inner-col\">\n<h2 class=\"wp-block-heading has-text-align-center\">Silk wedding jacket<br>wild Vox<\/h2>\n\n\n<style>.kb-image74723_b6ffca-68 .kb-image-has-overlay:after{opacity:0.3;}<\/style>\n<figure class=\"wp-block-kadence-image kb-image74723_b6ffca-68 size-large\"><a href=\"https:\/\/paule-vasseur.com\/en\/veste-facon-corset-de-mariage-en-soie-sauvage-vox-en-stock-t40-c2x31841157\/\" class=\"kb-advanced-image-link\"><img loading=\"lazy\" decoding=\"async\" width=\"683\" height=\"1024\" src=\"https:\/\/paule-vasseur.com\/wp-content\/uploads\/2025\/09\/veste-mariage-en-soie-sauvage-vox-683x1024.jpg\" alt=\"\" class=\"kb-img wp-image-74697\" srcset=\"https:\/\/paule-vasseur.com\/wp-content\/uploads\/2025\/09\/veste-mariage-en-soie-sauvage-vox-683x1024.jpg 683w, https:\/\/paule-vasseur.com\/wp-content\/uploads\/2025\/09\/veste-mariage-en-soie-sauvage-vox-333x500.jpg 333w, https:\/\/paule-vasseur.com\/wp-content\/uploads\/2025\/09\/veste-mariage-en-soie-sauvage-vox-768x1152.jpg 768w, https:\/\/paule-vasseur.com\/wp-content\/uploads\/2025\/09\/veste-mariage-en-soie-sauvage-vox-1024x1536.jpg 1024w, https:\/\/paule-vasseur.com\/wp-content\/uploads\/2025\/09\/veste-mariage-en-soie-sauvage-vox-500x750.jpg 500w, https:\/\/paule-vasseur.com\/wp-content\/uploads\/2025\/09\/veste-mariage-en-soie-sauvage-vox-650x975.jpg 650w, https:\/\/paule-vasseur.com\/wp-content\/uploads\/2025\/09\/veste-mariage-en-soie-sauvage-vox.jpg 1067w\" sizes=\"auto, (max-width: 683px) 100vw, 683px\" \/><\/a><\/figure>\n\n\n<style>.kadence-column74723_ef5de6-a7 > .kt-inside-inner-col{padding-right:var(--global-kb-spacing-xs, 1rem);padding-left:var(--global-kb-spacing-xs, 1rem);}.kadence-column74723_ef5de6-a7 > .kt-inside-inner-col,.kadence-column74723_ef5de6-a7 > .kt-inside-inner-col:before{border-top-left-radius:0px;border-top-right-radius:0px;border-bottom-right-radius:0px;border-bottom-left-radius:0px;}.kadence-column74723_ef5de6-a7 > .kt-inside-inner-col{column-gap:var(--global-kb-gap-sm, 1rem);}.kadence-column74723_ef5de6-a7 > .kt-inside-inner-col{flex-direction:column;}.kadence-column74723_ef5de6-a7 > .kt-inside-inner-col > .aligncenter{width:100%;}.kadence-column74723_ef5de6-a7 > .kt-inside-inner-col:before{opacity:0.3;}.kadence-column74723_ef5de6-a7{position:relative;}@media all and (max-width: 1024px){.kadence-column74723_ef5de6-a7 > .kt-inside-inner-col{flex-direction:column;justify-content:center;}}@media all and (max-width: 767px){.kadence-column74723_ef5de6-a7 > .kt-inside-inner-col{flex-direction:column;justify-content:center;}}<\/style>\n<div class=\"wp-block-kadence-column kadence-column74723_ef5de6-a7\"><div class=\"kt-inside-inner-col\">\n<p>Discover our wedding corset jacket in VOX wild silk<\/p>\n<\/div><\/div>\n<\/div><\/div>\n\n<\/div><\/div>\n\n\n<p><\/p>\n\n\n\n<p>At Paule Vasseur, we'll help you untangle your doubts and uncertainties.&nbsp;<br>In the mood for sophistication?<\/p>\n\n\n\n<p>We select only French lace from Calais and Caudry, wild silks and doupions with exclusive embroidery.<br>Are you a modern, independent woman?&nbsp;<br>Our trouser suits are cut from heavyweight satin-back crepes that are fluid and super-comfortable.<\/p>\n\n\n\n<p>We can also enhance your wedding outfit with beautiful Couture accessories:&nbsp;<br>stoles, hats, headdresses, clutches and shoes.&nbsp;<\/p>\n\n\n\n<p>Call us on 01 80 83 60 60 and come and try it out in shop.&nbsp;<\/p>","protected":false},"excerpt":{"rendered":"<p>Pourquoi venir chez nous ?M\u00eame si le mariage civil se d\u00e9roule seulement \u00e0 la mairie et ne para\u00eet \u00eatre qu&rsquo;une formalit\u00e9, cela ne vous emp\u00eache pas de vous faire plaisir et de vous habiller de fa\u00e7on chic et \u00e9l\u00e9gante pour que cela soit une journ\u00e9e inoubliable et r\u00e9ussie ! Nos robes et tailleurs ont des&#8230;<\/p>","protected":false},"author":1,"featured_media":0,"parent":0,"menu_order":0,"comment_status":"closed","ping_status":"closed","template":"","meta":{"_kadence_starter_templates_imported_post":false,"_kad_post_transparent":"","_kad_post_title":"","_kad_post_layout":"","_kad_post_sidebar_id":"","_kad_post_content_style":"","_kad_post_vertical_padding":"","_kad_post_feature":"","_kad_post_feature_position":"","_kad_post_header":false,"_kad_post_footer":false,"_kad_post_classname":"","footnotes":""},"folder":[4180],"class_list":["post-74723","page","type-page","status-publish","hentry"],"yoast_head":"<!-- This site is optimized with the Yoast SEO plugin v27.4 - https:\/\/yoast.com\/product\/yoast-seo-wordpress\/ -->\n<title>Tenues de mariage civil - PAULE VASSEUR<\/title>\n<meta name=\"robots\" content=\"index, follow, max-snippet:-1, max-image-preview:large, max-video-preview:-1\" \/>\n<link rel=\"canonical\" href=\"https:\/\/paule-vasseur.com\/en\/choose-a-wedding-dress-htm\" \/>\n<meta property=\"og:locale\" content=\"en_GB\" \/>\n<meta property=\"og:type\" content=\"article\" \/>\n<meta property=\"og:title\" content=\"Tenues de mariage civil - PAULE VASSEUR\" \/>\n<meta property=\"og:description\" content=\"Pourquoi venir chez nous ?M\u00eame si le mariage civil se d\u00e9roule seulement \u00e0 la mairie et ne para\u00eet \u00eatre qu&rsquo;une formalit\u00e9, cela ne vous emp\u00eache pas de vous faire plaisir et de vous habiller de fa\u00e7on chic et \u00e9l\u00e9gante pour que cela soit une journ\u00e9e inoubliable et r\u00e9ussie ! Nos robes et tailleurs ont des...\" \/>\n<meta property=\"og:url\" content=\"https:\/\/paule-vasseur.com\/en\/choose-a-wedding-dress-htm\" \/>\n<meta property=\"og:site_name\" content=\"PAULE VASSEUR\" \/>\n<meta property=\"article:modified_time\" content=\"2025-10-06T12:51:52+00:00\" \/>\n<meta property=\"og:image\" content=\"https:\/\/paule-vasseur.com\/wp-content\/uploads\/2025\/09\/double_ligne-removebg-preview.png\" \/>\n\t<meta property=\"og:image:width\" content=\"1160\" \/>\n\t<meta property=\"og:image:height\" content=\"100\" \/>\n\t<meta property=\"og:image:type\" content=\"image\/png\" \/>\n<meta name=\"twitter:card\" content=\"summary_large_image\" \/>\n<meta name=\"twitter:label1\" content=\"Estimated reading time\" \/>\n\t<meta name=\"twitter:data1\" content=\"3 minutes\" \/>\n<script type=\"application\/ld+json\" class=\"yoast-schema-graph\">{\"@context\":\"https:\\\/\\\/schema.org\",\"@graph\":[{\"@type\":\"WebPage\",\"@id\":\"https:\\\/\\\/paule-vasseur.com\\\/en\\\/choisir-robe-mariage-civil.htm\",\"url\":\"https:\\\/\\\/paule-vasseur.com\\\/en\\\/choisir-robe-mariage-civil.htm\",\"name\":\"Tenues de mariage civil - PAULE VASSEUR\",\"isPartOf\":{\"@id\":\"https:\\\/\\\/paule-vasseur.com\\\/en\\\/#website\"},\"primaryImageOfPage\":{\"@id\":\"https:\\\/\\\/paule-vasseur.com\\\/en\\\/choisir-robe-mariage-civil.htm#primaryimage\"},\"image\":{\"@id\":\"https:\\\/\\\/paule-vasseur.com\\\/en\\\/choisir-robe-mariage-civil.htm#primaryimage\"},\"thumbnailUrl\":\"https:\\\/\\\/paule-vasseur.com\\\/wp-content\\\/uploads\\\/2025\\\/09\\\/double_ligne-removebg-preview.png\",\"datePublished\":\"2025-09-16T14:19:02+00:00\",\"dateModified\":\"2025-10-06T12:51:52+00:00\",\"breadcrumb\":{\"@id\":\"https:\\\/\\\/paule-vasseur.com\\\/en\\\/choisir-robe-mariage-civil.htm#breadcrumb\"},\"inLanguage\":\"en-GB\",\"potentialAction\":[{\"@type\":\"ReadAction\",\"target\":[\"https:\\\/\\\/paule-vasseur.com\\\/en\\\/choisir-robe-mariage-civil.htm\"]}]},{\"@type\":\"ImageObject\",\"inLanguage\":\"en-GB\",\"@id\":\"https:\\\/\\\/paule-vasseur.com\\\/en\\\/choisir-robe-mariage-civil.htm#primaryimage\",\"url\":\"https:\\\/\\\/paule-vasseur.com\\\/wp-content\\\/uploads\\\/2025\\\/09\\\/double_ligne-removebg-preview.png\",\"contentUrl\":\"https:\\\/\\\/paule-vasseur.com\\\/wp-content\\\/uploads\\\/2025\\\/09\\\/double_ligne-removebg-preview.png\"},{\"@type\":\"BreadcrumbList\",\"@id\":\"https:\\\/\\\/paule-vasseur.com\\\/en\\\/choisir-robe-mariage-civil.htm#breadcrumb\",\"itemListElement\":[{\"@type\":\"ListItem\",\"position\":1,\"name\":\"Accueil\",\"item\":\"https:\\\/\\\/paule-vasseur.com\\\/\"},{\"@type\":\"ListItem\",\"position\":2,\"name\":\"Tenues de mariage civil\"}]},{\"@type\":\"WebSite\",\"@id\":\"https:\\\/\\\/paule-vasseur.com\\\/en\\\/#website\",\"url\":\"https:\\\/\\\/paule-vasseur.com\\\/en\\\/\",\"name\":\"RIDEAUX COUTURE\",\"description\":\"\",\"publisher\":{\"@id\":\"https:\\\/\\\/paule-vasseur.com\\\/en\\\/#organization\"},\"potentialAction\":[{\"@type\":\"SearchAction\",\"target\":{\"@type\":\"EntryPoint\",\"urlTemplate\":\"https:\\\/\\\/paule-vasseur.com\\\/en\\\/?s={search_term_string}\"},\"query-input\":{\"@type\":\"PropertyValueSpecification\",\"valueRequired\":true,\"valueName\":\"search_term_string\"}}],\"inLanguage\":\"en-GB\"},{\"@type\":\"Organization\",\"@id\":\"https:\\\/\\\/paule-vasseur.com\\\/en\\\/#organization\",\"name\":\"RIDEAUX COUTURE\",\"url\":\"https:\\\/\\\/paule-vasseur.com\\\/en\\\/\",\"logo\":{\"@type\":\"ImageObject\",\"inLanguage\":\"en-GB\",\"@id\":\"https:\\\/\\\/paule-vasseur.com\\\/en\\\/#\\\/schema\\\/logo\\\/image\\\/\",\"url\":\"https:\\\/\\\/paule-vasseur.com\\\/wp-content\\\/uploads\\\/2025\\\/09\\\/cropped-cropped-logonew2018-2.webp\",\"contentUrl\":\"https:\\\/\\\/paule-vasseur.com\\\/wp-content\\\/uploads\\\/2025\\\/09\\\/cropped-cropped-logonew2018-2.webp\",\"width\":166,\"height\":110,\"caption\":\"RIDEAUX COUTURE\"},\"image\":{\"@id\":\"https:\\\/\\\/paule-vasseur.com\\\/en\\\/#\\\/schema\\\/logo\\\/image\\\/\"}}]}<\/script>\n<!-- \/ Yoast SEO plugin. -->","yoast_head_json":{"title":"Civil wedding outfits - PAULE VASSEUR","robots":{"index":"index","follow":"follow","max-snippet":"max-snippet:-1","max-image-preview":"max-image-preview:large","max-video-preview":"max-video-preview:-1"},"canonical":"https:\/\/paule-vasseur.com\/en\/choose-a-wedding-dress-htm","og_locale":"en_GB","og_type":"article","og_title":"Tenues de mariage civil - PAULE VASSEUR","og_description":"Pourquoi venir chez nous ?M\u00eame si le mariage civil se d\u00e9roule seulement \u00e0 la mairie et ne para\u00eet \u00eatre qu&rsquo;une formalit\u00e9, cela ne vous emp\u00eache pas de vous faire plaisir et de vous habiller de fa\u00e7on chic et \u00e9l\u00e9gante pour que cela soit une journ\u00e9e inoubliable et r\u00e9ussie ! Nos robes et tailleurs ont des...","og_url":"https:\/\/paule-vasseur.com\/en\/choose-a-wedding-dress-htm","og_site_name":"PAULE VASSEUR","article_modified_time":"2025-10-06T12:51:52+00:00","og_image":[{"width":1160,"height":100,"url":"https:\/\/paule-vasseur.com\/wp-content\/uploads\/2025\/09\/double_ligne-removebg-preview.png","type":"image\/png"}],"twitter_card":"summary_large_image","twitter_misc":{"Estimated reading time":"3 minutes"},"schema":{"@context":"https:\/\/schema.org","@graph":[{"@type":"WebPage","@id":"https:\/\/paule-vasseur.com\/en\/choisir-robe-mariage-civil.htm","url":"https:\/\/paule-vasseur.com\/en\/choisir-robe-mariage-civil.htm","name":"Civil wedding outfits - PAULE VASSEUR","isPartOf":{"@id":"https:\/\/paule-vasseur.com\/en\/#website"},"primaryImageOfPage":{"@id":"https:\/\/paule-vasseur.com\/en\/choisir-robe-mariage-civil.htm#primaryimage"},"image":{"@id":"https:\/\/paule-vasseur.com\/en\/choisir-robe-mariage-civil.htm#primaryimage"},"thumbnailUrl":"https:\/\/paule-vasseur.com\/wp-content\/uploads\/2025\/09\/double_ligne-removebg-preview.png","datePublished":"2025-09-16T14:19:02+00:00","dateModified":"2025-10-06T12:51:52+00:00","breadcrumb":{"@id":"https:\/\/paule-vasseur.com\/en\/choisir-robe-mariage-civil.htm#breadcrumb"},"inLanguage":"en-GB","potentialAction":[{"@type":"ReadAction","target":["https:\/\/paule-vasseur.com\/en\/choisir-robe-mariage-civil.htm"]}]},{"@type":"ImageObject","inLanguage":"en-GB","@id":"https:\/\/paule-vasseur.com\/en\/choisir-robe-mariage-civil.htm#primaryimage","url":"https:\/\/paule-vasseur.com\/wp-content\/uploads\/2025\/09\/double_ligne-removebg-preview.png","contentUrl":"https:\/\/paule-vasseur.com\/wp-content\/uploads\/2025\/09\/double_ligne-removebg-preview.png"},{"@type":"BreadcrumbList","@id":"https:\/\/paule-vasseur.com\/en\/choisir-robe-mariage-civil.htm#breadcrumb","itemListElement":[{"@type":"ListItem","position":1,"name":"Accueil","item":"https:\/\/paule-vasseur.com\/"},{"@type":"ListItem","position":2,"name":"Tenues de mariage civil"}]},{"@type":"WebSite","@id":"https:\/\/paule-vasseur.com\/en\/#website","url":"https:\/\/paule-vasseur.com\/en\/","name":"SEWN CURTAINS","description":"","publisher":{"@id":"https:\/\/paule-vasseur.com\/en\/#organization"},"potentialAction":[{"@type":"SearchAction","target":{"@type":"EntryPoint","urlTemplate":"https:\/\/paule-vasseur.com\/en\/?s={search_term_string}"},"query-input":{"@type":"PropertyValueSpecification","valueRequired":true,"valueName":"search_term_string"}}],"inLanguage":"en-GB"},{"@type":"Organization","@id":"https:\/\/paule-vasseur.com\/en\/#organization","name":"SEWN CURTAINS","url":"https:\/\/paule-vasseur.com\/en\/","logo":{"@type":"ImageObject","inLanguage":"en-GB","@id":"https:\/\/paule-vasseur.com\/en\/#\/schema\/logo\/image\/","url":"https:\/\/paule-vasseur.com\/wp-content\/uploads\/2025\/09\/cropped-cropped-logonew2018-2.webp","contentUrl":"https:\/\/paule-vasseur.com\/wp-content\/uploads\/2025\/09\/cropped-cropped-logonew2018-2.webp","width":166,"height":110,"caption":"RIDEAUX COUTURE"},"image":{"@id":"https:\/\/paule-vasseur.com\/en\/#\/schema\/logo\/image\/"}}]}},"_links":{"self":[{"href":"https:\/\/paule-vasseur.com\/en\/wp-json\/wp\/v2\/pages\/74723","targetHints":{"allow":["GET"]}}],"collection":[{"href":"https:\/\/paule-vasseur.com\/en\/wp-json\/wp\/v2\/pages"}],"about":[{"href":"https:\/\/paule-vasseur.com\/en\/wp-json\/wp\/v2\/types\/page"}],"author":[{"embeddable":true,"href":"https:\/\/paule-vasseur.com\/en\/wp-json\/wp\/v2\/users\/1"}],"replies":[{"embeddable":true,"href":"https:\/\/paule-vasseur.com\/en\/wp-json\/wp\/v2\/comments?post=74723"}],"version-history":[{"count":15,"href":"https:\/\/paule-vasseur.com\/en\/wp-json\/wp\/v2\/pages\/74723\/revisions"}],"predecessor-version":[{"id":78415,"href":"https:\/\/paule-vasseur.com\/en\/wp-json\/wp\/v2\/pages\/74723\/revisions\/78415"}],"wp:attachment":[{"href":"https:\/\/paule-vasseur.com\/en\/wp-json\/wp\/v2\/media?parent=74723"}],"wp:term":[{"taxonomy":"folder","embeddable":true,"href":"https:\/\/paule-vasseur.com\/en\/wp-json\/wp\/v2\/folder?post=74723"}],"curies":[{"name":"wp","href":"https:\/\/api.w.org\/{rel}","templated":true}]}}