{"id":75420,"date":"2025-09-22T10:54:27","date_gmt":"2025-09-22T08:54:27","guid":{"rendered":"https:\/\/paule-vasseur.com\/?page_id=75420"},"modified":"2025-09-22T12:44:36","modified_gmt":"2025-09-22T10:44:36","slug":"choix-bouquet-mariee-champetre","status":"publish","type":"page","link":"https:\/\/paule-vasseur.com\/en\/choix-bouquet-mariee-champetre.htm","title":{"rendered":"Choosing the bridal bouquet"},"content":{"rendered":"<div class=\"wp-block-image\">\n<figure class=\"aligncenter size-full is-resized\"><img loading=\"lazy\" decoding=\"async\" width=\"1160\" height=\"100\" src=\"https:\/\/paule-vasseur.com\/wp-content\/uploads\/2025\/09\/double_ligne-removebg-preview.png\" alt=\"\" class=\"wp-image-69230\" style=\"width:414px;height:auto\" srcset=\"https:\/\/paule-vasseur.com\/wp-content\/uploads\/2025\/09\/double_ligne-removebg-preview.png 1160w, https:\/\/paule-vasseur.com\/wp-content\/uploads\/2025\/09\/double_ligne-removebg-preview-500x43.png 500w, https:\/\/paule-vasseur.com\/wp-content\/uploads\/2025\/09\/double_ligne-removebg-preview-1024x88.png 1024w, https:\/\/paule-vasseur.com\/wp-content\/uploads\/2025\/09\/double_ligne-removebg-preview-768x66.png 768w, https:\/\/paule-vasseur.com\/wp-content\/uploads\/2025\/09\/double_ligne-removebg-preview-650x56.png 650w\" sizes=\"auto, (max-width: 1160px) 100vw, 1160px\" \/><\/figure>\n<\/div>\n\n<style>.kb-row-layout-id75420_4803d1-6b > .kt-row-column-wrap{align-content:start;}:where(.kb-row-layout-id75420_4803d1-6b > .kt-row-column-wrap) > .wp-block-kadence-column{justify-content:start;}.kb-row-layout-id75420_4803d1-6b > .kt-row-column-wrap{column-gap:var(--global-kb-gap-lg, 4rem);row-gap:var(--global-kb-gap-md, 2rem);padding-top:var(--global-kb-spacing-sm, 1.5rem);padding-bottom:var(--global-kb-spacing-sm, 1.5rem);grid-template-columns:minmax(0, calc(50% - ((var(--global-kb-gap-lg, 4rem) * 1 )\/2)))minmax(0, calc(50% - ((var(--global-kb-gap-lg, 4rem) * 1 )\/2)));}.kb-row-layout-id75420_4803d1-6b > .kt-row-layout-overlay{opacity:0.30;}@media all and (max-width: 1024px){.kb-row-layout-id75420_4803d1-6b > .kt-row-column-wrap{grid-template-columns:repeat(2, minmax(0, 1fr));}}@media all and (max-width: 767px){.kb-row-layout-id75420_4803d1-6b > .kt-row-column-wrap{grid-template-columns:minmax(0, 1fr);}}<\/style><div class=\"kb-row-layout-wrap kb-row-layout-id75420_4803d1-6b alignnone wp-block-kadence-rowlayout\"><div class=\"kt-row-column-wrap kt-has-2-columns kt-row-layout-equal kt-tab-layout-inherit kt-mobile-layout-row kt-row-valign-top\">\n<style>.kadence-column75420_7611ba-a6 > .kt-inside-inner-col,.kadence-column75420_7611ba-a6 > .kt-inside-inner-col:before{border-top-left-radius:0px;border-top-right-radius:0px;border-bottom-right-radius:0px;border-bottom-left-radius:0px;}.kadence-column75420_7611ba-a6 > .kt-inside-inner-col{column-gap:var(--global-kb-gap-sm, 1rem);}.kadence-column75420_7611ba-a6 > .kt-inside-inner-col{flex-direction:column;}.kadence-column75420_7611ba-a6 > .kt-inside-inner-col > .aligncenter{width:100%;}.kadence-column75420_7611ba-a6 > .kt-inside-inner-col:before{opacity:0.3;}.kadence-column75420_7611ba-a6{position:relative;}@media all and (max-width: 1024px){.kadence-column75420_7611ba-a6 > .kt-inside-inner-col{flex-direction:column;justify-content:center;}}@media all and (max-width: 767px){.kadence-column75420_7611ba-a6 > .kt-inside-inner-col{flex-direction:column;justify-content:center;}}<\/style>\n<div class=\"wp-block-kadence-column kadence-column75420_7611ba-a6\"><div class=\"kt-inside-inner-col\">\n<h2 class=\"wp-block-heading\">Stand out in style thanks to <br>a bouquet to match your theme<\/h2>\n\n\n\n<p>The bouquet is the finishing touch to the bride's outfit, it's what sets the tone and it's also a way of personalising your wedding venue.<br>Whether more sophisticated or country-style, it will add a touch of fantasy to your outfit and your table.<\/p>\n\n\n\n<p>The important thing is to match your bouquets to the atmosphere of your ceremony. Whether white or coloured, there can never be too many flowers. Remember to decorate the town hall, the church, the vin d'honneur buffet and each of the tables.<\/p>\n\n\n\n<p>Make sure you order your flowers no later than two months before your wedding, and avoid flowers with pistils such as lilies, which could stain your dress.<\/p>\n<\/div><\/div>\n\n\n<style>.kadence-column75420_45f311-e3 > .kt-inside-inner-col{display:flex;}.kadence-column75420_45f311-e3 > .kt-inside-inner-col,.kadence-column75420_45f311-e3 > .kt-inside-inner-col:before{border-top-left-radius:0px;border-top-right-radius:0px;border-bottom-right-radius:0px;border-bottom-left-radius:0px;}.kadence-column75420_45f311-e3 > .kt-inside-inner-col{column-gap:var(--global-kb-gap-sm, 1rem);}.kadence-column75420_45f311-e3 > .kt-inside-inner-col{flex-direction:column;align-items:flex-end;}.kadence-column75420_45f311-e3 > .kt-inside-inner-col > .kb-image-is-ratio-size{align-self:stretch;}.kadence-column75420_45f311-e3 > .kt-inside-inner-col > .wp-block-kadence-advancedgallery{align-self:stretch;}.kadence-column75420_45f311-e3 > .kt-inside-inner-col > .aligncenter{width:100%;}.kadence-column75420_45f311-e3 > .kt-inside-inner-col:before{opacity:0.3;}.kadence-column75420_45f311-e3{position:relative;}@media all and (max-width: 1024px){.kadence-column75420_45f311-e3 > .kt-inside-inner-col{flex-direction:column;justify-content:center;align-items:flex-end;}}@media all and (max-width: 767px){.kadence-column75420_45f311-e3 > .kt-inside-inner-col{flex-direction:column;justify-content:center;align-items:flex-end;}}<\/style>\n<div class=\"wp-block-kadence-column kadence-column75420_45f311-e3\"><div class=\"kt-inside-inner-col\"><style>.wp-block-kadence-advancedgallery .kb-gallery-type-masonry.kb-gallery-id-75420_0d3834-24{margin:-5px;}.kb-gallery-type-masonry.kb-gallery-id-75420_0d3834-24 .kadence-blocks-gallery-item{padding:5px;}.kb-gallery-id-75420_0d3834-24 .kadence-blocks-gallery-item .kb-gal-image-radius, .kb-gallery-id-75420_0d3834-24 .kb-slide-item .kb-gal-image-radius img{border-radius:0px 0px 0px 0px;;}<\/style><div class=\"kb-gallery-wrap-id-75420_0d3834-24 alignnone wp-block-kadence-advancedgallery\"><ul class=\"kb-gallery-ul kb-gallery-non-static kb-gallery-type-masonry kb-masonry-init kb-gallery-id-75420_0d3834-24 kb-gallery-caption-style-bottom-hover kb-gallery-filter-none\" data-image-filter=\"none\" data-item-selector=\".kadence-blocks-gallery-item\" data-lightbox-caption=\"true\" data-columns-xxl=\"2\" data-columns-xl=\"2\" data-columns-md=\"2\" data-columns-sm=\"2\" data-columns-xs=\"1\" data-columns-ss=\"1\"><li class=\"kadence-blocks-gallery-item\" tabindex=\"0\"><div class=\"kadence-blocks-gallery-item-inner\"><figure class=\"kb-gallery-figure kadence-blocks-gallery-item-hide-caption\"><div class=\"kb-gal-image-radius\" style=\"max-width:1024px;\"><div class=\"kb-gallery-image-contain kadence-blocks-gallery-intrinsic\" style=\"padding-bottom:66%;\"><img loading=\"lazy\" decoding=\"async\" src=\"https:\/\/paule-vasseur.com\/wp-content\/uploads\/2025\/09\/orio-nguyen-pTrHHGrxeOE-unsplash-1024x683.jpg\" width=\"1024\" height=\"683\" alt=\"\" data-full-image=\"https:\/\/paule-vasseur.com\/wp-content\/uploads\/2025\/09\/orio-nguyen-pTrHHGrxeOE-unsplash.jpg\" data-light-image=\"https:\/\/paule-vasseur.com\/wp-content\/uploads\/2025\/09\/orio-nguyen-pTrHHGrxeOE-unsplash.jpg\" data-id=\"75472\" class=\"wp-image-75472\" srcset=\"https:\/\/paule-vasseur.com\/wp-content\/uploads\/2025\/09\/orio-nguyen-pTrHHGrxeOE-unsplash-1024x683.jpg 1024w, https:\/\/paule-vasseur.com\/wp-content\/uploads\/2025\/09\/orio-nguyen-pTrHHGrxeOE-unsplash-500x333.jpg 500w, https:\/\/paule-vasseur.com\/wp-content\/uploads\/2025\/09\/orio-nguyen-pTrHHGrxeOE-unsplash-768x512.jpg 768w, https:\/\/paule-vasseur.com\/wp-content\/uploads\/2025\/09\/orio-nguyen-pTrHHGrxeOE-unsplash-1536x1024.jpg 1536w, https:\/\/paule-vasseur.com\/wp-content\/uploads\/2025\/09\/orio-nguyen-pTrHHGrxeOE-unsplash-650x433.jpg 650w, https:\/\/paule-vasseur.com\/wp-content\/uploads\/2025\/09\/orio-nguyen-pTrHHGrxeOE-unsplash.jpg 1920w\" sizes=\"auto, (max-width: 1024px) 100vw, 1024px\" \/><\/div><\/div><\/figure><\/div><\/li><li class=\"kadence-blocks-gallery-item\" tabindex=\"0\"><div class=\"kadence-blocks-gallery-item-inner\"><figure class=\"kb-gallery-figure kadence-blocks-gallery-item-hide-caption\"><div class=\"kb-gal-image-radius\" style=\"max-width:1024px;\"><div class=\"kb-gallery-image-contain kadence-blocks-gallery-intrinsic\" style=\"padding-bottom:66%;\"><img loading=\"lazy\" decoding=\"async\" src=\"https:\/\/paule-vasseur.com\/wp-content\/uploads\/2025\/09\/myxa69-SlVSPeinkRE-unsplash-1024x684.jpg\" width=\"1024\" height=\"684\" alt=\"\" data-full-image=\"https:\/\/paule-vasseur.com\/wp-content\/uploads\/2025\/09\/myxa69-SlVSPeinkRE-unsplash.jpg\" data-light-image=\"https:\/\/paule-vasseur.com\/wp-content\/uploads\/2025\/09\/myxa69-SlVSPeinkRE-unsplash.jpg\" data-id=\"75474\" class=\"wp-image-75474\" srcset=\"https:\/\/paule-vasseur.com\/wp-content\/uploads\/2025\/09\/myxa69-SlVSPeinkRE-unsplash-1024x684.jpg 1024w, https:\/\/paule-vasseur.com\/wp-content\/uploads\/2025\/09\/myxa69-SlVSPeinkRE-unsplash-500x334.jpg 500w, https:\/\/paule-vasseur.com\/wp-content\/uploads\/2025\/09\/myxa69-SlVSPeinkRE-unsplash-768x513.jpg 768w, https:\/\/paule-vasseur.com\/wp-content\/uploads\/2025\/09\/myxa69-SlVSPeinkRE-unsplash-1536x1026.jpg 1536w, https:\/\/paule-vasseur.com\/wp-content\/uploads\/2025\/09\/myxa69-SlVSPeinkRE-unsplash-650x434.jpg 650w, https:\/\/paule-vasseur.com\/wp-content\/uploads\/2025\/09\/myxa69-SlVSPeinkRE-unsplash.jpg 1920w\" sizes=\"auto, (max-width: 1024px) 100vw, 1024px\" \/><\/div><\/div><\/figure><\/div><\/li><li class=\"kadence-blocks-gallery-item\" tabindex=\"0\"><div class=\"kadence-blocks-gallery-item-inner\"><figure class=\"kb-gallery-figure kadence-blocks-gallery-item-hide-caption\"><div class=\"kb-gal-image-radius\" style=\"max-width:1024px;\"><div class=\"kb-gallery-image-contain kadence-blocks-gallery-intrinsic\" style=\"padding-bottom:66%;\"><img loading=\"lazy\" decoding=\"async\" src=\"https:\/\/paule-vasseur.com\/wp-content\/uploads\/2025\/09\/sam-lashbrooke-P4WRiQJXDQs-unsplash-1024x681.jpg\" width=\"1024\" height=\"681\" alt=\"\" data-full-image=\"https:\/\/paule-vasseur.com\/wp-content\/uploads\/2025\/09\/sam-lashbrooke-P4WRiQJXDQs-unsplash.jpg\" data-light-image=\"https:\/\/paule-vasseur.com\/wp-content\/uploads\/2025\/09\/sam-lashbrooke-P4WRiQJXDQs-unsplash.jpg\" data-id=\"75473\" class=\"wp-image-75473\" srcset=\"https:\/\/paule-vasseur.com\/wp-content\/uploads\/2025\/09\/sam-lashbrooke-P4WRiQJXDQs-unsplash-1024x681.jpg 1024w, https:\/\/paule-vasseur.com\/wp-content\/uploads\/2025\/09\/sam-lashbrooke-P4WRiQJXDQs-unsplash-500x333.jpg 500w, https:\/\/paule-vasseur.com\/wp-content\/uploads\/2025\/09\/sam-lashbrooke-P4WRiQJXDQs-unsplash-768x511.jpg 768w, https:\/\/paule-vasseur.com\/wp-content\/uploads\/2025\/09\/sam-lashbrooke-P4WRiQJXDQs-unsplash-1536x1022.jpg 1536w, https:\/\/paule-vasseur.com\/wp-content\/uploads\/2025\/09\/sam-lashbrooke-P4WRiQJXDQs-unsplash-650x432.jpg 650w, https:\/\/paule-vasseur.com\/wp-content\/uploads\/2025\/09\/sam-lashbrooke-P4WRiQJXDQs-unsplash.jpg 1920w\" sizes=\"auto, (max-width: 1024px) 100vw, 1024px\" \/><\/div><\/div><\/figure><\/div><\/li><li class=\"kadence-blocks-gallery-item\" tabindex=\"0\"><div class=\"kadence-blocks-gallery-item-inner\"><figure class=\"kb-gallery-figure kadence-blocks-gallery-item-hide-caption\"><div class=\"kb-gal-image-radius\" style=\"max-width:1024px;\"><div class=\"kb-gallery-image-contain kadence-blocks-gallery-intrinsic\" style=\"padding-bottom:66%;\"><img loading=\"lazy\" decoding=\"async\" src=\"https:\/\/paule-vasseur.com\/wp-content\/uploads\/2025\/09\/bouquet-1024x683.jpg\" width=\"1024\" height=\"683\" alt=\"\" data-full-image=\"https:\/\/paule-vasseur.com\/wp-content\/uploads\/2025\/09\/bouquet-scaled.jpg\" data-light-image=\"https:\/\/paule-vasseur.com\/wp-content\/uploads\/2025\/09\/bouquet-scaled.jpg\" data-id=\"75477\" class=\"wp-image-75477\" srcset=\"https:\/\/paule-vasseur.com\/wp-content\/uploads\/2025\/09\/bouquet-1024x683.jpg 1024w, https:\/\/paule-vasseur.com\/wp-content\/uploads\/2025\/09\/bouquet-500x333.jpg 500w, https:\/\/paule-vasseur.com\/wp-content\/uploads\/2025\/09\/bouquet-768x512.jpg 768w, https:\/\/paule-vasseur.com\/wp-content\/uploads\/2025\/09\/bouquet-1536x1024.jpg 1536w, https:\/\/paule-vasseur.com\/wp-content\/uploads\/2025\/09\/bouquet-2048x1365.jpg 2048w, https:\/\/paule-vasseur.com\/wp-content\/uploads\/2025\/09\/bouquet-650x433.jpg 650w\" sizes=\"auto, (max-width: 1024px) 100vw, 1024px\" \/><\/div><\/div><\/figure><\/div><\/li><\/ul><\/div><\/div><\/div>\n\n<\/div><\/div>\n\n\n<p><\/p>","protected":false},"excerpt":{"rendered":"<p>D\u00e9marquez-vous avec \u00e9l\u00e9gance gr\u00e2ce \u00e0 un bouquet adapt\u00e9 \u00e0 votre th\u00e8me Le bouquet est la touche finale de la tenue de la mari\u00e9e, c\u2019est lui qui donnera le ton et c\u2019est aussi une fa\u00e7on de personnaliser votre lieu de mariage.En effet qu\u2019il soit plus sophistiqu\u00e9 ou champ\u00eatre, il permettra d\u2019ajouter une touche de fantaisie \u00e0&#8230;<\/p>","protected":false},"author":1,"featured_media":0,"parent":0,"menu_order":0,"comment_status":"closed","ping_status":"closed","template":"","meta":{"_kadence_starter_templates_imported_post":false,"_kad_post_transparent":"","_kad_post_title":"","_kad_post_layout":"","_kad_post_sidebar_id":"","_kad_post_content_style":"","_kad_post_vertical_padding":"","_kad_post_feature":"","_kad_post_feature_position":"","_kad_post_header":false,"_kad_post_footer":false,"_kad_post_classname":"","footnotes":""},"folder":[4182],"class_list":["post-75420","page","type-page","status-publish","hentry"],"yoast_head":"<!-- This site is optimized with the Yoast SEO plugin v27.4 - https:\/\/yoast.com\/product\/yoast-seo-wordpress\/ -->\n<title>Choix du bouquet de la mari\u00e9e - PAULE VASSEUR<\/title>\n<meta name=\"description\" content=\"Choix du bouquet de la mari\u00e9e Paule Vasseur : le sp\u00e9cialiste des tailleurs habill\u00e9s, robes du soir pour les mariages, la m\u00e8re de la mari\u00e9e, c\u00e9r\u00e9monie religieuse, bar-mitzvah, communions\" \/>\n<meta name=\"robots\" content=\"index, follow, max-snippet:-1, max-image-preview:large, max-video-preview:-1\" \/>\n<link rel=\"canonical\" href=\"https:\/\/paule-vasseur.com\/en\/choice-bouquet-mariee-champetre-htm\" \/>\n<meta property=\"og:locale\" content=\"en_GB\" \/>\n<meta property=\"og:type\" content=\"article\" \/>\n<meta property=\"og:title\" content=\"Choix du bouquet de la mari\u00e9e - PAULE VASSEUR\" \/>\n<meta property=\"og:description\" content=\"Choix du bouquet de la mari\u00e9e Paule Vasseur : le sp\u00e9cialiste des tailleurs habill\u00e9s, robes du soir pour les mariages, la m\u00e8re de la mari\u00e9e, c\u00e9r\u00e9monie religieuse, bar-mitzvah, communions\" \/>\n<meta property=\"og:url\" content=\"https:\/\/paule-vasseur.com\/en\/choice-bouquet-mariee-champetre-htm\" \/>\n<meta property=\"og:site_name\" content=\"PAULE VASSEUR\" \/>\n<meta property=\"article:modified_time\" content=\"2025-09-22T10:44:36+00:00\" \/>\n<meta property=\"og:image\" content=\"https:\/\/paule-vasseur.com\/wp-content\/uploads\/2025\/09\/double_ligne-removebg-preview.png\" \/>\n\t<meta property=\"og:image:width\" content=\"1160\" \/>\n\t<meta property=\"og:image:height\" content=\"100\" \/>\n\t<meta property=\"og:image:type\" content=\"image\/png\" \/>\n<meta name=\"twitter:card\" content=\"summary_large_image\" \/>\n<meta name=\"twitter:label1\" content=\"Estimated reading time\" \/>\n\t<meta name=\"twitter:data1\" content=\"1 minute\" \/>\n<script type=\"application\/ld+json\" class=\"yoast-schema-graph\">{\"@context\":\"https:\\\/\\\/schema.org\",\"@graph\":[{\"@type\":\"WebPage\",\"@id\":\"https:\\\/\\\/paule-vasseur.com\\\/en\\\/choix-bouquet-mariee-champetre.htm\",\"url\":\"https:\\\/\\\/paule-vasseur.com\\\/en\\\/choix-bouquet-mariee-champetre.htm\",\"name\":\"Choix du bouquet de la mari\u00e9e - PAULE VASSEUR\",\"isPartOf\":{\"@id\":\"https:\\\/\\\/paule-vasseur.com\\\/en\\\/#website\"},\"primaryImageOfPage\":{\"@id\":\"https:\\\/\\\/paule-vasseur.com\\\/en\\\/choix-bouquet-mariee-champetre.htm#primaryimage\"},\"image\":{\"@id\":\"https:\\\/\\\/paule-vasseur.com\\\/en\\\/choix-bouquet-mariee-champetre.htm#primaryimage\"},\"thumbnailUrl\":\"https:\\\/\\\/paule-vasseur.com\\\/wp-content\\\/uploads\\\/2025\\\/09\\\/double_ligne-removebg-preview.png\",\"datePublished\":\"2025-09-22T08:54:27+00:00\",\"dateModified\":\"2025-09-22T10:44:36+00:00\",\"description\":\"Choix du bouquet de la mari\u00e9e Paule Vasseur : le sp\u00e9cialiste des tailleurs habill\u00e9s, robes du soir pour les mariages, la m\u00e8re de la mari\u00e9e, c\u00e9r\u00e9monie religieuse, bar-mitzvah, communions\",\"breadcrumb\":{\"@id\":\"https:\\\/\\\/paule-vasseur.com\\\/en\\\/choix-bouquet-mariee-champetre.htm#breadcrumb\"},\"inLanguage\":\"en-GB\",\"potentialAction\":[{\"@type\":\"ReadAction\",\"target\":[\"https:\\\/\\\/paule-vasseur.com\\\/en\\\/choix-bouquet-mariee-champetre.htm\"]}]},{\"@type\":\"ImageObject\",\"inLanguage\":\"en-GB\",\"@id\":\"https:\\\/\\\/paule-vasseur.com\\\/en\\\/choix-bouquet-mariee-champetre.htm#primaryimage\",\"url\":\"https:\\\/\\\/paule-vasseur.com\\\/wp-content\\\/uploads\\\/2025\\\/09\\\/double_ligne-removebg-preview.png\",\"contentUrl\":\"https:\\\/\\\/paule-vasseur.com\\\/wp-content\\\/uploads\\\/2025\\\/09\\\/double_ligne-removebg-preview.png\"},{\"@type\":\"BreadcrumbList\",\"@id\":\"https:\\\/\\\/paule-vasseur.com\\\/en\\\/choix-bouquet-mariee-champetre.htm#breadcrumb\",\"itemListElement\":[{\"@type\":\"ListItem\",\"position\":1,\"name\":\"Accueil\",\"item\":\"https:\\\/\\\/paule-vasseur.com\\\/\"},{\"@type\":\"ListItem\",\"position\":2,\"name\":\"Choix du bouquet de la mari\u00e9e\"}]},{\"@type\":\"WebSite\",\"@id\":\"https:\\\/\\\/paule-vasseur.com\\\/en\\\/#website\",\"url\":\"https:\\\/\\\/paule-vasseur.com\\\/en\\\/\",\"name\":\"RIDEAUX COUTURE\",\"description\":\"\",\"publisher\":{\"@id\":\"https:\\\/\\\/paule-vasseur.com\\\/en\\\/#organization\"},\"potentialAction\":[{\"@type\":\"SearchAction\",\"target\":{\"@type\":\"EntryPoint\",\"urlTemplate\":\"https:\\\/\\\/paule-vasseur.com\\\/en\\\/?s={search_term_string}\"},\"query-input\":{\"@type\":\"PropertyValueSpecification\",\"valueRequired\":true,\"valueName\":\"search_term_string\"}}],\"inLanguage\":\"en-GB\"},{\"@type\":\"Organization\",\"@id\":\"https:\\\/\\\/paule-vasseur.com\\\/en\\\/#organization\",\"name\":\"RIDEAUX COUTURE\",\"url\":\"https:\\\/\\\/paule-vasseur.com\\\/en\\\/\",\"logo\":{\"@type\":\"ImageObject\",\"inLanguage\":\"en-GB\",\"@id\":\"https:\\\/\\\/paule-vasseur.com\\\/en\\\/#\\\/schema\\\/logo\\\/image\\\/\",\"url\":\"https:\\\/\\\/paule-vasseur.com\\\/wp-content\\\/uploads\\\/2025\\\/09\\\/cropped-cropped-logonew2018-2.webp\",\"contentUrl\":\"https:\\\/\\\/paule-vasseur.com\\\/wp-content\\\/uploads\\\/2025\\\/09\\\/cropped-cropped-logonew2018-2.webp\",\"width\":166,\"height\":110,\"caption\":\"RIDEAUX COUTURE\"},\"image\":{\"@id\":\"https:\\\/\\\/paule-vasseur.com\\\/en\\\/#\\\/schema\\\/logo\\\/image\\\/\"}}]}<\/script>\n<!-- \/ Yoast SEO plugin. -->","yoast_head_json":{"title":"Choosing the bridal bouquet - PAULE VASSEUR","description":"Choosing the bridal bouquet Paule Vasseur: the specialist in dress suits, evening gowns for weddings, mother of the bride, religious ceremonies, bar mitzvahs, communions","robots":{"index":"index","follow":"follow","max-snippet":"max-snippet:-1","max-image-preview":"max-image-preview:large","max-video-preview":"max-video-preview:-1"},"canonical":"https:\/\/paule-vasseur.com\/en\/choice-bouquet-mariee-champetre-htm","og_locale":"en_GB","og_type":"article","og_title":"Choix du bouquet de la mari\u00e9e - PAULE VASSEUR","og_description":"Choix du bouquet de la mari\u00e9e Paule Vasseur : le sp\u00e9cialiste des tailleurs habill\u00e9s, robes du soir pour les mariages, la m\u00e8re de la mari\u00e9e, c\u00e9r\u00e9monie religieuse, bar-mitzvah, communions","og_url":"https:\/\/paule-vasseur.com\/en\/choice-bouquet-mariee-champetre-htm","og_site_name":"PAULE VASSEUR","article_modified_time":"2025-09-22T10:44:36+00:00","og_image":[{"width":1160,"height":100,"url":"https:\/\/paule-vasseur.com\/wp-content\/uploads\/2025\/09\/double_ligne-removebg-preview.png","type":"image\/png"}],"twitter_card":"summary_large_image","twitter_misc":{"Estimated reading time":"1 minute"},"schema":{"@context":"https:\/\/schema.org","@graph":[{"@type":"WebPage","@id":"https:\/\/paule-vasseur.com\/en\/choix-bouquet-mariee-champetre.htm","url":"https:\/\/paule-vasseur.com\/en\/choix-bouquet-mariee-champetre.htm","name":"Choosing the bridal bouquet - PAULE VASSEUR","isPartOf":{"@id":"https:\/\/paule-vasseur.com\/en\/#website"},"primaryImageOfPage":{"@id":"https:\/\/paule-vasseur.com\/en\/choix-bouquet-mariee-champetre.htm#primaryimage"},"image":{"@id":"https:\/\/paule-vasseur.com\/en\/choix-bouquet-mariee-champetre.htm#primaryimage"},"thumbnailUrl":"https:\/\/paule-vasseur.com\/wp-content\/uploads\/2025\/09\/double_ligne-removebg-preview.png","datePublished":"2025-09-22T08:54:27+00:00","dateModified":"2025-09-22T10:44:36+00:00","description":"Choosing the bridal bouquet Paule Vasseur: the specialist in dress suits, evening gowns for weddings, mother of the bride, religious ceremonies, bar mitzvahs, communions","breadcrumb":{"@id":"https:\/\/paule-vasseur.com\/en\/choix-bouquet-mariee-champetre.htm#breadcrumb"},"inLanguage":"en-GB","potentialAction":[{"@type":"ReadAction","target":["https:\/\/paule-vasseur.com\/en\/choix-bouquet-mariee-champetre.htm"]}]},{"@type":"ImageObject","inLanguage":"en-GB","@id":"https:\/\/paule-vasseur.com\/en\/choix-bouquet-mariee-champetre.htm#primaryimage","url":"https:\/\/paule-vasseur.com\/wp-content\/uploads\/2025\/09\/double_ligne-removebg-preview.png","contentUrl":"https:\/\/paule-vasseur.com\/wp-content\/uploads\/2025\/09\/double_ligne-removebg-preview.png"},{"@type":"BreadcrumbList","@id":"https:\/\/paule-vasseur.com\/en\/choix-bouquet-mariee-champetre.htm#breadcrumb","itemListElement":[{"@type":"ListItem","position":1,"name":"Accueil","item":"https:\/\/paule-vasseur.com\/"},{"@type":"ListItem","position":2,"name":"Choix du bouquet de la mari\u00e9e"}]},{"@type":"WebSite","@id":"https:\/\/paule-vasseur.com\/en\/#website","url":"https:\/\/paule-vasseur.com\/en\/","name":"SEWN CURTAINS","description":"","publisher":{"@id":"https:\/\/paule-vasseur.com\/en\/#organization"},"potentialAction":[{"@type":"SearchAction","target":{"@type":"EntryPoint","urlTemplate":"https:\/\/paule-vasseur.com\/en\/?s={search_term_string}"},"query-input":{"@type":"PropertyValueSpecification","valueRequired":true,"valueName":"search_term_string"}}],"inLanguage":"en-GB"},{"@type":"Organization","@id":"https:\/\/paule-vasseur.com\/en\/#organization","name":"SEWN CURTAINS","url":"https:\/\/paule-vasseur.com\/en\/","logo":{"@type":"ImageObject","inLanguage":"en-GB","@id":"https:\/\/paule-vasseur.com\/en\/#\/schema\/logo\/image\/","url":"https:\/\/paule-vasseur.com\/wp-content\/uploads\/2025\/09\/cropped-cropped-logonew2018-2.webp","contentUrl":"https:\/\/paule-vasseur.com\/wp-content\/uploads\/2025\/09\/cropped-cropped-logonew2018-2.webp","width":166,"height":110,"caption":"RIDEAUX COUTURE"},"image":{"@id":"https:\/\/paule-vasseur.com\/en\/#\/schema\/logo\/image\/"}}]}},"_links":{"self":[{"href":"https:\/\/paule-vasseur.com\/en\/wp-json\/wp\/v2\/pages\/75420","targetHints":{"allow":["GET"]}}],"collection":[{"href":"https:\/\/paule-vasseur.com\/en\/wp-json\/wp\/v2\/pages"}],"about":[{"href":"https:\/\/paule-vasseur.com\/en\/wp-json\/wp\/v2\/types\/page"}],"author":[{"embeddable":true,"href":"https:\/\/paule-vasseur.com\/en\/wp-json\/wp\/v2\/users\/1"}],"replies":[{"embeddable":true,"href":"https:\/\/paule-vasseur.com\/en\/wp-json\/wp\/v2\/comments?post=75420"}],"version-history":[{"count":5,"href":"https:\/\/paule-vasseur.com\/en\/wp-json\/wp\/v2\/pages\/75420\/revisions"}],"predecessor-version":[{"id":75480,"href":"https:\/\/paule-vasseur.com\/en\/wp-json\/wp\/v2\/pages\/75420\/revisions\/75480"}],"wp:attachment":[{"href":"https:\/\/paule-vasseur.com\/en\/wp-json\/wp\/v2\/media?parent=75420"}],"wp:term":[{"taxonomy":"folder","embeddable":true,"href":"https:\/\/paule-vasseur.com\/en\/wp-json\/wp\/v2\/folder?post=75420"}],"curies":[{"name":"wp","href":"https:\/\/api.w.org\/{rel}","templated":true}]}}