{"id":75691,"date":"2025-09-23T11:02:48","date_gmt":"2025-09-23T09:02:48","guid":{"rendered":"https:\/\/paule-vasseur.com\/?page_id=75691"},"modified":"2025-09-23T11:33:03","modified_gmt":"2025-09-23T09:33:03","slug":"vip-en-paule-vasseur","status":"publish","type":"page","link":"https:\/\/paule-vasseur.com\/en\/vip-en-paule-vasseur.htm","title":{"rendered":"VIP gallery: VIP in PAULE VASSEUR"},"content":{"rendered":"<div class=\"wp-block-image\">\n<figure class=\"aligncenter size-full is-resized\"><img loading=\"lazy\" decoding=\"async\" width=\"1160\" height=\"100\" src=\"https:\/\/paule-vasseur.com\/wp-content\/uploads\/2025\/09\/double_ligne-removebg-preview.png\" alt=\"\" class=\"wp-image-69230\" style=\"width:414px;height:auto\" srcset=\"https:\/\/paule-vasseur.com\/wp-content\/uploads\/2025\/09\/double_ligne-removebg-preview.png 1160w, https:\/\/paule-vasseur.com\/wp-content\/uploads\/2025\/09\/double_ligne-removebg-preview-500x43.png 500w, https:\/\/paule-vasseur.com\/wp-content\/uploads\/2025\/09\/double_ligne-removebg-preview-1024x88.png 1024w, https:\/\/paule-vasseur.com\/wp-content\/uploads\/2025\/09\/double_ligne-removebg-preview-768x66.png 768w, https:\/\/paule-vasseur.com\/wp-content\/uploads\/2025\/09\/double_ligne-removebg-preview-650x56.png 650w\" sizes=\"auto, (max-width: 1160px) 100vw, 1160px\" \/><\/figure>\n<\/div>\n\n<style>.kb-row-layout-id75691_4042fb-61 > .kt-row-column-wrap{align-content:start;}:where(.kb-row-layout-id75691_4042fb-61 > .kt-row-column-wrap) > .wp-block-kadence-column{justify-content:start;}.kb-row-layout-id75691_4042fb-61 > .kt-row-column-wrap{column-gap:var(--global-kb-gap-md, 2rem);row-gap:var(--global-kb-gap-md, 2rem);padding-top:var(--global-kb-spacing-sm, 1.5rem);padding-bottom:var(--global-kb-spacing-sm, 1.5rem);}.kb-row-layout-id75691_4042fb-61 > .kt-row-column-wrap > div:not(.added-for-specificity){grid-column:initial;}.kb-row-layout-id75691_4042fb-61 > .kt-row-column-wrap{grid-template-columns:repeat(3, minmax(0, 1fr));}.kb-row-layout-id75691_4042fb-61 > .kt-row-layout-overlay{opacity:0.30;}@media all and (max-width: 1024px){.kb-row-layout-id75691_4042fb-61 > .kt-row-column-wrap > div:not(.added-for-specificity){grid-column:initial;}}@media all and (max-width: 1024px){.kb-row-layout-id75691_4042fb-61 > .kt-row-column-wrap{grid-template-columns:repeat(3, minmax(0, 1fr));}}@media all and (max-width: 767px){.kb-row-layout-id75691_4042fb-61 > .kt-row-column-wrap > div:not(.added-for-specificity){grid-column:initial;}.kb-row-layout-id75691_4042fb-61 > .kt-row-column-wrap{grid-template-columns:minmax(0, 1fr);}}<\/style><div class=\"kb-row-layout-wrap kb-row-layout-id75691_4042fb-61 alignnone wp-block-kadence-rowlayout\"><div class=\"kt-row-column-wrap kt-has-3-columns kt-row-layout-equal kt-tab-layout-inherit kt-mobile-layout-row kt-row-valign-top\">\n<style>.kadence-column75691_0f2d58-35 > .kt-inside-inner-col,.kadence-column75691_0f2d58-35 > .kt-inside-inner-col:before{border-top-left-radius:0px;border-top-right-radius:0px;border-bottom-right-radius:0px;border-bottom-left-radius:0px;}.kadence-column75691_0f2d58-35 > .kt-inside-inner-col{column-gap:var(--global-kb-gap-sm, 1rem);}.kadence-column75691_0f2d58-35 > .kt-inside-inner-col{flex-direction:column;}.kadence-column75691_0f2d58-35 > .kt-inside-inner-col > .aligncenter{width:100%;}.kadence-column75691_0f2d58-35 > .kt-inside-inner-col:before{opacity:0.3;}.kadence-column75691_0f2d58-35{position:relative;}@media all and (max-width: 1024px){.kadence-column75691_0f2d58-35 > .kt-inside-inner-col{flex-direction:column;justify-content:center;}}@media all and (max-width: 767px){.kadence-column75691_0f2d58-35 > .kt-inside-inner-col{flex-direction:column;justify-content:center;}}<\/style>\n<div class=\"wp-block-kadence-column kadence-column75691_0f2d58-35\"><div class=\"kt-inside-inner-col\"><style>.kb-image75691_77a62c-cf .kb-image-has-overlay:after{opacity:0.3;}<\/style>\n<figure class=\"wp-block-kadence-image kb-image75691_77a62c-cf size-full kb-image-is-ratio-size\"><div class=\"kb-is-ratio-image kb-image-ratio-port34\"><img loading=\"lazy\" decoding=\"async\" width=\"207\" height=\"300\" src=\"https:\/\/paule-vasseur.com\/wp-content\/uploads\/2025\/09\/les_fillon.jpg\" alt=\"\" class=\"kb-img wp-image-75693\"\/><\/div><\/figure>\n\n\n\n<h2 class=\"wp-block-heading\">Madame P\u00e9n\u00e9lope Fillon is dressed as PAULE VASSEUR<\/h2>\n\n\n\n<p>At Paule Vasseur we love dressing VIPs. For twenty-one years the list of VIPs who have bought and worn a PAULE VASSEUR silk outfit is long. Camilla Parker Bowles, the Bourbon princesses of Parma, Claire Chazal, Fran\u00e7oise Laborde, the Infanta of Spain, Fiona Shackelton, Sophie Gayot, Isabelle De Borchgrave, Madame Mich\u00e8le Alliot-marie, etc. ......<\/p>\n<\/div><\/div>\n\n\n<style>.kadence-column75691_24b4b0-8a > .kt-inside-inner-col,.kadence-column75691_24b4b0-8a > .kt-inside-inner-col:before{border-top-left-radius:0px;border-top-right-radius:0px;border-bottom-right-radius:0px;border-bottom-left-radius:0px;}.kadence-column75691_24b4b0-8a > .kt-inside-inner-col{column-gap:var(--global-kb-gap-sm, 1rem);}.kadence-column75691_24b4b0-8a > .kt-inside-inner-col{flex-direction:column;}.kadence-column75691_24b4b0-8a > .kt-inside-inner-col > .aligncenter{width:100%;}.kadence-column75691_24b4b0-8a > .kt-inside-inner-col:before{opacity:0.3;}.kadence-column75691_24b4b0-8a{position:relative;}@media all and (max-width: 1024px){.kadence-column75691_24b4b0-8a > .kt-inside-inner-col{flex-direction:column;justify-content:center;}}@media all and (max-width: 767px){.kadence-column75691_24b4b0-8a > .kt-inside-inner-col{flex-direction:column;justify-content:center;}}<\/style>\n<div class=\"wp-block-kadence-column kadence-column75691_24b4b0-8a\"><div class=\"kt-inside-inner-col\"><style>.kb-image75691_c50cf4-e9 .kb-image-has-overlay:after{opacity:0.3;}<\/style>\n<figure class=\"wp-block-kadence-image kb-image75691_c50cf4-e9 size-full kb-image-is-ratio-size\"><div class=\"kb-is-ratio-image kb-image-ratio-port34\"><img loading=\"lazy\" decoding=\"async\" width=\"190\" height=\"236\" src=\"https:\/\/paule-vasseur.com\/wp-content\/uploads\/2025\/09\/240140-michele-alliot-marie-hier-au-gala-pour-637x0-4.jpg\" alt=\"\" class=\"kb-img wp-image-75692\"\/><\/div><\/figure>\n\n\n\n<h2 class=\"wp-block-heading\">Mich\u00e8le Alliot Marie chooses PAULE VASSEUR<\/h2>\n\n\n\n<p>Mich\u00e8le Alliot Marie has been a PAULE VASSEUR customer for 16 years and has always chosen our fancy jackets and straight dresses with impeccable cuts. .<\/p>\n<\/div><\/div>\n\n\n<style>.kadence-column75691_0ff09d-8c > .kt-inside-inner-col,.kadence-column75691_0ff09d-8c > .kt-inside-inner-col:before{border-top-left-radius:0px;border-top-right-radius:0px;border-bottom-right-radius:0px;border-bottom-left-radius:0px;}.kadence-column75691_0ff09d-8c > .kt-inside-inner-col{column-gap:var(--global-kb-gap-sm, 1rem);}.kadence-column75691_0ff09d-8c > .kt-inside-inner-col{flex-direction:column;}.kadence-column75691_0ff09d-8c > .kt-inside-inner-col > .aligncenter{width:100%;}.kadence-column75691_0ff09d-8c > .kt-inside-inner-col:before{opacity:0.3;}.kadence-column75691_0ff09d-8c{position:relative;}@media all and (max-width: 1024px){.kadence-column75691_0ff09d-8c > .kt-inside-inner-col{flex-direction:column;justify-content:center;}}@media all and (max-width: 767px){.kadence-column75691_0ff09d-8c > .kt-inside-inner-col{flex-direction:column;justify-content:center;}}<\/style>\n<div class=\"wp-block-kadence-column kadence-column75691_0ff09d-8c\"><div class=\"kt-inside-inner-col\"><style>.kb-image75691_243581-c6 .kb-image-has-overlay:after{opacity:0.3;}.kb-image75691_243581-c6 img.kb-img, .kb-image75691_243581-c6 .kb-img img{object-position:10% 50%;}<\/style>\n<figure class=\"wp-block-kadence-image kb-image75691_243581-c6 size-full kb-image-is-ratio-size\"><div class=\"kb-is-ratio-image kb-image-ratio-port34\"><img loading=\"lazy\" decoding=\"async\" width=\"600\" height=\"554\" src=\"https:\/\/paule-vasseur.com\/wp-content\/uploads\/2025\/09\/Camilla-Parker-Bowles.jpg\" alt=\"\" class=\"kb-img wp-image-75694\" srcset=\"https:\/\/paule-vasseur.com\/wp-content\/uploads\/2025\/09\/Camilla-Parker-Bowles.jpg 600w, https:\/\/paule-vasseur.com\/wp-content\/uploads\/2025\/09\/Camilla-Parker-Bowles-500x462.jpg 500w\" sizes=\"auto, (max-width: 600px) 100vw, 600px\" \/><\/div><\/figure>\n\n\n\n<h2 class=\"wp-block-heading\">Camilla Parker Bowles chosen PAULE VASSEUR<\/h2>\n\n\n\n<p>Camilla Parker Bowles has been a PAULE VASSEUR customer for 10 years. Her few appearances in PAULE VASSEUR have left a lasting impression.<\/p>\n<\/div><\/div>\n\n<\/div><\/div>","protected":false},"excerpt":{"rendered":"<p>Madame P\u00e9n\u00e9lope Fillon est habill\u00e9e en PAULE VASSEUR Chez Paule Vasseur nous aimons beaucoup habiller les VIP. Depuis vingt et un ans la liste est longue des VIP ayant achet\u00e9 et port\u00e9 une tenue PAULE VASSEUR tout en soie . Camilla Parker Bowles,les princesses Bourbon de Parme, Claire Chazal, Fran\u00e7oise Laborde, l&rsquo;infante D &lsquo;Espagne, Fiona&#8230;<\/p>","protected":false},"author":1,"featured_media":0,"parent":0,"menu_order":0,"comment_status":"closed","ping_status":"closed","template":"","meta":{"_kadence_starter_templates_imported_post":false,"_kad_post_transparent":"","_kad_post_title":"","_kad_post_layout":"","_kad_post_sidebar_id":"","_kad_post_content_style":"","_kad_post_vertical_padding":"","_kad_post_feature":"","_kad_post_feature_position":"","_kad_post_header":false,"_kad_post_footer":false,"_kad_post_classname":"","footnotes":""},"folder":[4181],"class_list":["post-75691","page","type-page","status-publish","hentry"],"yoast_head":"<!-- This site is optimized with the Yoast SEO plugin v27.4 - https:\/\/yoast.com\/product\/yoast-seo-wordpress\/ -->\n<title>Galerie mondaine : VIP en PAULE VASSEUR - PAULE VASSEUR<\/title>\n<meta name=\"description\" content=\"Paule Vasseur : Vip en Paule Vasseur. Robe de remariage , tailleur pour remariage \u00e0 la mairie, robe color\u00e9e pour son remariage. Tailleur pantalon classique en soie.\" \/>\n<meta name=\"robots\" content=\"index, follow, max-snippet:-1, max-image-preview:large, max-video-preview:-1\" \/>\n<link rel=\"canonical\" href=\"https:\/\/paule-vasseur.com\/en\/vip-en-paule-vasseur-htm\" \/>\n<meta property=\"og:locale\" content=\"en_GB\" \/>\n<meta property=\"og:type\" content=\"article\" \/>\n<meta property=\"og:title\" content=\"Galerie mondaine : VIP en PAULE VASSEUR - PAULE VASSEUR\" \/>\n<meta property=\"og:description\" content=\"Paule Vasseur : Vip en Paule Vasseur. Robe de remariage , tailleur pour remariage \u00e0 la mairie, robe color\u00e9e pour son remariage. Tailleur pantalon classique en soie.\" \/>\n<meta property=\"og:url\" content=\"https:\/\/paule-vasseur.com\/en\/vip-en-paule-vasseur-htm\" \/>\n<meta property=\"og:site_name\" content=\"PAULE VASSEUR\" \/>\n<meta property=\"article:modified_time\" content=\"2025-09-23T09:33:03+00:00\" \/>\n<meta property=\"og:image\" content=\"https:\/\/paule-vasseur.com\/wp-content\/uploads\/2025\/09\/double_ligne-removebg-preview.png\" \/>\n\t<meta property=\"og:image:width\" content=\"1160\" \/>\n\t<meta property=\"og:image:height\" content=\"100\" \/>\n\t<meta property=\"og:image:type\" content=\"image\/png\" \/>\n<meta name=\"twitter:card\" content=\"summary_large_image\" \/>\n<meta name=\"twitter:label1\" content=\"Estimated reading time\" \/>\n\t<meta name=\"twitter:data1\" content=\"2 minutes\" \/>\n<script type=\"application\/ld+json\" class=\"yoast-schema-graph\">{\"@context\":\"https:\\\/\\\/schema.org\",\"@graph\":[{\"@type\":\"WebPage\",\"@id\":\"https:\\\/\\\/paule-vasseur.com\\\/en\\\/vip-en-paule-vasseur.htm\",\"url\":\"https:\\\/\\\/paule-vasseur.com\\\/en\\\/vip-en-paule-vasseur.htm\",\"name\":\"Galerie mondaine : VIP en PAULE VASSEUR - PAULE VASSEUR\",\"isPartOf\":{\"@id\":\"https:\\\/\\\/paule-vasseur.com\\\/en\\\/#website\"},\"primaryImageOfPage\":{\"@id\":\"https:\\\/\\\/paule-vasseur.com\\\/en\\\/vip-en-paule-vasseur.htm#primaryimage\"},\"image\":{\"@id\":\"https:\\\/\\\/paule-vasseur.com\\\/en\\\/vip-en-paule-vasseur.htm#primaryimage\"},\"thumbnailUrl\":\"https:\\\/\\\/paule-vasseur.com\\\/wp-content\\\/uploads\\\/2025\\\/09\\\/double_ligne-removebg-preview.png\",\"datePublished\":\"2025-09-23T09:02:48+00:00\",\"dateModified\":\"2025-09-23T09:33:03+00:00\",\"description\":\"Paule Vasseur : Vip en Paule Vasseur. Robe de remariage , tailleur pour remariage \u00e0 la mairie, robe color\u00e9e pour son remariage. Tailleur pantalon classique en soie.\",\"breadcrumb\":{\"@id\":\"https:\\\/\\\/paule-vasseur.com\\\/en\\\/vip-en-paule-vasseur.htm#breadcrumb\"},\"inLanguage\":\"en-GB\",\"potentialAction\":[{\"@type\":\"ReadAction\",\"target\":[\"https:\\\/\\\/paule-vasseur.com\\\/en\\\/vip-en-paule-vasseur.htm\"]}]},{\"@type\":\"ImageObject\",\"inLanguage\":\"en-GB\",\"@id\":\"https:\\\/\\\/paule-vasseur.com\\\/en\\\/vip-en-paule-vasseur.htm#primaryimage\",\"url\":\"https:\\\/\\\/paule-vasseur.com\\\/wp-content\\\/uploads\\\/2025\\\/09\\\/double_ligne-removebg-preview.png\",\"contentUrl\":\"https:\\\/\\\/paule-vasseur.com\\\/wp-content\\\/uploads\\\/2025\\\/09\\\/double_ligne-removebg-preview.png\"},{\"@type\":\"BreadcrumbList\",\"@id\":\"https:\\\/\\\/paule-vasseur.com\\\/en\\\/vip-en-paule-vasseur.htm#breadcrumb\",\"itemListElement\":[{\"@type\":\"ListItem\",\"position\":1,\"name\":\"Accueil\",\"item\":\"https:\\\/\\\/paule-vasseur.com\\\/\"},{\"@type\":\"ListItem\",\"position\":2,\"name\":\"Galerie mondaine : VIP en PAULE VASSEUR\"}]},{\"@type\":\"WebSite\",\"@id\":\"https:\\\/\\\/paule-vasseur.com\\\/en\\\/#website\",\"url\":\"https:\\\/\\\/paule-vasseur.com\\\/en\\\/\",\"name\":\"RIDEAUX COUTURE\",\"description\":\"\",\"publisher\":{\"@id\":\"https:\\\/\\\/paule-vasseur.com\\\/en\\\/#organization\"},\"potentialAction\":[{\"@type\":\"SearchAction\",\"target\":{\"@type\":\"EntryPoint\",\"urlTemplate\":\"https:\\\/\\\/paule-vasseur.com\\\/en\\\/?s={search_term_string}\"},\"query-input\":{\"@type\":\"PropertyValueSpecification\",\"valueRequired\":true,\"valueName\":\"search_term_string\"}}],\"inLanguage\":\"en-GB\"},{\"@type\":\"Organization\",\"@id\":\"https:\\\/\\\/paule-vasseur.com\\\/en\\\/#organization\",\"name\":\"RIDEAUX COUTURE\",\"url\":\"https:\\\/\\\/paule-vasseur.com\\\/en\\\/\",\"logo\":{\"@type\":\"ImageObject\",\"inLanguage\":\"en-GB\",\"@id\":\"https:\\\/\\\/paule-vasseur.com\\\/en\\\/#\\\/schema\\\/logo\\\/image\\\/\",\"url\":\"https:\\\/\\\/paule-vasseur.com\\\/wp-content\\\/uploads\\\/2025\\\/09\\\/cropped-cropped-logonew2018-2.webp\",\"contentUrl\":\"https:\\\/\\\/paule-vasseur.com\\\/wp-content\\\/uploads\\\/2025\\\/09\\\/cropped-cropped-logonew2018-2.webp\",\"width\":166,\"height\":110,\"caption\":\"RIDEAUX COUTURE\"},\"image\":{\"@id\":\"https:\\\/\\\/paule-vasseur.com\\\/en\\\/#\\\/schema\\\/logo\\\/image\\\/\"}}]}<\/script>\n<!-- \/ Yoast SEO plugin. -->","yoast_head_json":{"title":"VIP gallery: VIP in PAULE VASSEUR - PAULE VASSEUR","description":"Paule Vasseur: Vip in Paule Vasseur. Remarriage dress, suit for remarriage at the town hall, colourful dress for her remarriage. Classic silk trouser suit.","robots":{"index":"index","follow":"follow","max-snippet":"max-snippet:-1","max-image-preview":"max-image-preview:large","max-video-preview":"max-video-preview:-1"},"canonical":"https:\/\/paule-vasseur.com\/en\/vip-en-paule-vasseur-htm","og_locale":"en_GB","og_type":"article","og_title":"Galerie mondaine : VIP en PAULE VASSEUR - PAULE VASSEUR","og_description":"Paule Vasseur : Vip en Paule Vasseur. Robe de remariage , tailleur pour remariage \u00e0 la mairie, robe color\u00e9e pour son remariage. Tailleur pantalon classique en soie.","og_url":"https:\/\/paule-vasseur.com\/en\/vip-en-paule-vasseur-htm","og_site_name":"PAULE VASSEUR","article_modified_time":"2025-09-23T09:33:03+00:00","og_image":[{"width":1160,"height":100,"url":"https:\/\/paule-vasseur.com\/wp-content\/uploads\/2025\/09\/double_ligne-removebg-preview.png","type":"image\/png"}],"twitter_card":"summary_large_image","twitter_misc":{"Estimated reading time":"2 minutes"},"schema":{"@context":"https:\/\/schema.org","@graph":[{"@type":"WebPage","@id":"https:\/\/paule-vasseur.com\/en\/vip-en-paule-vasseur.htm","url":"https:\/\/paule-vasseur.com\/en\/vip-en-paule-vasseur.htm","name":"VIP gallery: VIP in PAULE VASSEUR - PAULE VASSEUR","isPartOf":{"@id":"https:\/\/paule-vasseur.com\/en\/#website"},"primaryImageOfPage":{"@id":"https:\/\/paule-vasseur.com\/en\/vip-en-paule-vasseur.htm#primaryimage"},"image":{"@id":"https:\/\/paule-vasseur.com\/en\/vip-en-paule-vasseur.htm#primaryimage"},"thumbnailUrl":"https:\/\/paule-vasseur.com\/wp-content\/uploads\/2025\/09\/double_ligne-removebg-preview.png","datePublished":"2025-09-23T09:02:48+00:00","dateModified":"2025-09-23T09:33:03+00:00","description":"Paule Vasseur: Vip in Paule Vasseur. Remarriage dress, suit for remarriage at the town hall, colourful dress for her remarriage. Classic silk trouser suit.","breadcrumb":{"@id":"https:\/\/paule-vasseur.com\/en\/vip-en-paule-vasseur.htm#breadcrumb"},"inLanguage":"en-GB","potentialAction":[{"@type":"ReadAction","target":["https:\/\/paule-vasseur.com\/en\/vip-en-paule-vasseur.htm"]}]},{"@type":"ImageObject","inLanguage":"en-GB","@id":"https:\/\/paule-vasseur.com\/en\/vip-en-paule-vasseur.htm#primaryimage","url":"https:\/\/paule-vasseur.com\/wp-content\/uploads\/2025\/09\/double_ligne-removebg-preview.png","contentUrl":"https:\/\/paule-vasseur.com\/wp-content\/uploads\/2025\/09\/double_ligne-removebg-preview.png"},{"@type":"BreadcrumbList","@id":"https:\/\/paule-vasseur.com\/en\/vip-en-paule-vasseur.htm#breadcrumb","itemListElement":[{"@type":"ListItem","position":1,"name":"Accueil","item":"https:\/\/paule-vasseur.com\/"},{"@type":"ListItem","position":2,"name":"Galerie mondaine : VIP en PAULE VASSEUR"}]},{"@type":"WebSite","@id":"https:\/\/paule-vasseur.com\/en\/#website","url":"https:\/\/paule-vasseur.com\/en\/","name":"SEWN CURTAINS","description":"","publisher":{"@id":"https:\/\/paule-vasseur.com\/en\/#organization"},"potentialAction":[{"@type":"SearchAction","target":{"@type":"EntryPoint","urlTemplate":"https:\/\/paule-vasseur.com\/en\/?s={search_term_string}"},"query-input":{"@type":"PropertyValueSpecification","valueRequired":true,"valueName":"search_term_string"}}],"inLanguage":"en-GB"},{"@type":"Organization","@id":"https:\/\/paule-vasseur.com\/en\/#organization","name":"SEWN CURTAINS","url":"https:\/\/paule-vasseur.com\/en\/","logo":{"@type":"ImageObject","inLanguage":"en-GB","@id":"https:\/\/paule-vasseur.com\/en\/#\/schema\/logo\/image\/","url":"https:\/\/paule-vasseur.com\/wp-content\/uploads\/2025\/09\/cropped-cropped-logonew2018-2.webp","contentUrl":"https:\/\/paule-vasseur.com\/wp-content\/uploads\/2025\/09\/cropped-cropped-logonew2018-2.webp","width":166,"height":110,"caption":"RIDEAUX COUTURE"},"image":{"@id":"https:\/\/paule-vasseur.com\/en\/#\/schema\/logo\/image\/"}}]}},"_links":{"self":[{"href":"https:\/\/paule-vasseur.com\/en\/wp-json\/wp\/v2\/pages\/75691","targetHints":{"allow":["GET"]}}],"collection":[{"href":"https:\/\/paule-vasseur.com\/en\/wp-json\/wp\/v2\/pages"}],"about":[{"href":"https:\/\/paule-vasseur.com\/en\/wp-json\/wp\/v2\/types\/page"}],"author":[{"embeddable":true,"href":"https:\/\/paule-vasseur.com\/en\/wp-json\/wp\/v2\/users\/1"}],"replies":[{"embeddable":true,"href":"https:\/\/paule-vasseur.com\/en\/wp-json\/wp\/v2\/comments?post=75691"}],"version-history":[{"count":10,"href":"https:\/\/paule-vasseur.com\/en\/wp-json\/wp\/v2\/pages\/75691\/revisions"}],"predecessor-version":[{"id":75710,"href":"https:\/\/paule-vasseur.com\/en\/wp-json\/wp\/v2\/pages\/75691\/revisions\/75710"}],"wp:attachment":[{"href":"https:\/\/paule-vasseur.com\/en\/wp-json\/wp\/v2\/media?parent=75691"}],"wp:term":[{"taxonomy":"folder","embeddable":true,"href":"https:\/\/paule-vasseur.com\/en\/wp-json\/wp\/v2\/folder?post=75691"}],"curies":[{"name":"wp","href":"https:\/\/api.w.org\/{rel}","templated":true}]}}