{"id":75903,"date":"2025-09-23T16:48:19","date_gmt":"2025-09-23T14:48:19","guid":{"rendered":"https:\/\/paule-vasseur.com\/?page_id=75903"},"modified":"2025-09-25T11:35:06","modified_gmt":"2025-09-25T09:35:06","slug":"historique-maison-paule-vasseur","status":"publish","type":"page","link":"https:\/\/paule-vasseur.com\/en\/historique-maison-paule-vasseur.htm","title":{"rendered":"The Paule Vasseur fashion house"},"content":{"rendered":"<div class=\"wp-block-image\">\n<figure class=\"aligncenter size-full is-resized\"><img loading=\"lazy\" decoding=\"async\" width=\"1160\" height=\"100\" src=\"https:\/\/paule-vasseur.com\/wp-content\/uploads\/2025\/09\/double_ligne-removebg-preview.png\" alt=\"\" class=\"wp-image-69230\" style=\"width:414px;height:auto\" srcset=\"https:\/\/paule-vasseur.com\/wp-content\/uploads\/2025\/09\/double_ligne-removebg-preview.png 1160w, https:\/\/paule-vasseur.com\/wp-content\/uploads\/2025\/09\/double_ligne-removebg-preview-500x43.png 500w, https:\/\/paule-vasseur.com\/wp-content\/uploads\/2025\/09\/double_ligne-removebg-preview-1024x88.png 1024w, https:\/\/paule-vasseur.com\/wp-content\/uploads\/2025\/09\/double_ligne-removebg-preview-768x66.png 768w, https:\/\/paule-vasseur.com\/wp-content\/uploads\/2025\/09\/double_ligne-removebg-preview-650x56.png 650w\" sizes=\"auto, (max-width: 1160px) 100vw, 1160px\" \/><\/figure>\n<\/div>\n\n<style>.kb-row-layout-id75903_67c5f8-2e > .kt-row-column-wrap{align-content:start;}:where(.kb-row-layout-id75903_67c5f8-2e > .kt-row-column-wrap) > .wp-block-kadence-column{justify-content:start;}.kb-row-layout-id75903_67c5f8-2e > .kt-row-column-wrap{column-gap:var(--global-kb-gap-md, 2rem);row-gap:var(--global-kb-gap-md, 2rem);padding-top:var(--global-kb-spacing-sm, 1.5rem);padding-bottom:var(--global-kb-spacing-sm, 1.5rem);grid-template-columns:minmax(0, calc(55% - ((var(--global-kb-gap-md, 2rem) * 1 )\/2)))minmax(0, calc(45% - ((var(--global-kb-gap-md, 2rem) * 1 )\/2)));}.kb-row-layout-id75903_67c5f8-2e > .kt-row-layout-overlay{opacity:0.30;}@media all and (max-width: 1024px){.kb-row-layout-id75903_67c5f8-2e > .kt-row-column-wrap{grid-template-columns:repeat(2, minmax(0, 1fr));}}@media all and (max-width: 767px){.kb-row-layout-id75903_67c5f8-2e > .kt-row-column-wrap{grid-template-columns:minmax(0, 1fr);}}<\/style><div class=\"kb-row-layout-wrap kb-row-layout-id75903_67c5f8-2e alignnone wp-block-kadence-rowlayout\"><div class=\"kt-row-column-wrap kt-has-2-columns kt-row-layout-equal kt-tab-layout-inherit kt-mobile-layout-row kt-row-valign-top\">\n<style>.kadence-column75903_e2532c-cb > .kt-inside-inner-col,.kadence-column75903_e2532c-cb > .kt-inside-inner-col:before{border-top-left-radius:0px;border-top-right-radius:0px;border-bottom-right-radius:0px;border-bottom-left-radius:0px;}.kadence-column75903_e2532c-cb > .kt-inside-inner-col{column-gap:var(--global-kb-gap-sm, 1rem);}.kadence-column75903_e2532c-cb > .kt-inside-inner-col{flex-direction:column;}.kadence-column75903_e2532c-cb > .kt-inside-inner-col > .aligncenter{width:100%;}.kadence-column75903_e2532c-cb > .kt-inside-inner-col:before{opacity:0.3;}.kadence-column75903_e2532c-cb{position:relative;}@media all and (max-width: 1024px){.kadence-column75903_e2532c-cb > .kt-inside-inner-col{flex-direction:column;justify-content:center;}}@media all and (max-width: 767px){.kadence-column75903_e2532c-cb > .kt-inside-inner-col{flex-direction:column;justify-content:center;}}<\/style>\n<div class=\"wp-block-kadence-column kadence-column75903_e2532c-cb\"><div class=\"kt-inside-inner-col\"><style>.kb-image75903_5eee4c-13 .kb-image-has-overlay:after{opacity:0.3;}<\/style>\n<figure class=\"wp-block-kadence-image kb-image75903_5eee4c-13 size-large\"><img loading=\"lazy\" decoding=\"async\" width=\"1024\" height=\"1024\" src=\"https:\/\/paule-vasseur.com\/wp-content\/uploads\/2025\/09\/pv-03-03-1024x1024.jpg\" alt=\"\" class=\"kb-img wp-image-75904\" srcset=\"https:\/\/paule-vasseur.com\/wp-content\/uploads\/2025\/09\/pv-03-03-1024x1024.jpg 1024w, https:\/\/paule-vasseur.com\/wp-content\/uploads\/2025\/09\/pv-03-03-500x500.jpg 500w, https:\/\/paule-vasseur.com\/wp-content\/uploads\/2025\/09\/pv-03-03-300x300.jpg 300w, https:\/\/paule-vasseur.com\/wp-content\/uploads\/2025\/09\/pv-03-03-768x768.jpg 768w, https:\/\/paule-vasseur.com\/wp-content\/uploads\/2025\/09\/pv-03-03-650x650.jpg 650w, https:\/\/paule-vasseur.com\/wp-content\/uploads\/2025\/09\/pv-03-03-100x100.jpg 100w, https:\/\/paule-vasseur.com\/wp-content\/uploads\/2025\/09\/pv-03-03-50x50.jpg 50w, https:\/\/paule-vasseur.com\/wp-content\/uploads\/2025\/09\/pv-03-03-32x32.jpg 32w, https:\/\/paule-vasseur.com\/wp-content\/uploads\/2025\/09\/pv-03-03.jpg 1200w\" sizes=\"auto, (max-width: 1024px) 100vw, 1024px\" \/><\/figure>\n<\/div><\/div>\n\n\n<style>.kadence-column75903_c02e70-4c > .kt-inside-inner-col,.kadence-column75903_c02e70-4c > .kt-inside-inner-col:before{border-top-left-radius:0px;border-top-right-radius:0px;border-bottom-right-radius:0px;border-bottom-left-radius:0px;}.kadence-column75903_c02e70-4c > .kt-inside-inner-col{column-gap:var(--global-kb-gap-sm, 1rem);}.kadence-column75903_c02e70-4c > .kt-inside-inner-col{flex-direction:column;}.kadence-column75903_c02e70-4c > .kt-inside-inner-col > .aligncenter{width:100%;}.kadence-column75903_c02e70-4c > .kt-inside-inner-col:before{opacity:0.3;}.kadence-column75903_c02e70-4c{position:relative;}@media all and (max-width: 1024px){.kadence-column75903_c02e70-4c > .kt-inside-inner-col{flex-direction:column;justify-content:center;}}@media all and (max-width: 767px){.kadence-column75903_c02e70-4c > .kt-inside-inner-col{flex-direction:column;justify-content:center;}}<\/style>\n<div class=\"wp-block-kadence-column kadence-column75903_c02e70-4c\"><div class=\"kt-inside-inner-col\">\n<h2 class=\"wp-block-heading\"><strong>Designer of women's formal wear since 1993<\/strong><\/h2>\n\n\n\n<p>The Paule Vasseur brand has been around for over 25 years. It was created by designer Emmanuelle Nagel when she was just 30 years old.<\/p>\n\n\n\n<p>With over 150,000 ceremonial dresses sold internationally, Paule Vasseur is a benchmark in the market for dress suits for weddings, ceremonies and major events. We have been working with and creating wild silk dresses for over 25 years. In 2012, the Divine boutique in Versailles opened a magnificent point of sale dedicated to the world of Paule Vasseur. Paule Vasseur works according to the traditional methods and techniques of French couture while offering you ready-to-wear prices.<\/p>\n\n\n\n<p>Paule Vasseur is a French brand, made and designed in France. We give priority to traditional couture skills and to our partners in accessories, millinery and shoemaking.<\/p>\n\n\n\n<div class=\"wp-block-group\" style=\"padding-top:0;padding-right:0;padding-bottom:0;padding-left:0\"><div class=\"wp-block-group__inner-container is-layout-constrained wp-container-core-group-is-layout-c6b4b7cd wp-block-group-is-layout-constrained\"><div class=\"wp-block-image\">\n<figure class=\"aligncenter size-full\"><img loading=\"lazy\" decoding=\"async\" width=\"166\" height=\"110\" src=\"https:\/\/paule-vasseur.com\/wp-content\/uploads\/2025\/09\/cropped-cropped-logonew2018-2-1.webp\" alt=\"\" class=\"wp-image-69239\"\/><\/figure>\n<\/div>\n\n\n<p class=\"has-text-align-center\">Are you having a ceremony?<br>Let's talk about it.<\/p>\n\n\n\n<div class=\"wp-block-buttons is-vertical is-content-justification-center is-layout-flex wp-container-core-buttons-is-layout-63e38172 wp-block-buttons-is-layout-flex\">\n<div class=\"wp-block-button is-style-fill\"><a class=\"wp-block-button__link has-text-align-center wp-element-button\" href=\"https:\/\/paule-vasseur.com\/en\/contact-htm\/\">Contact us<\/a><\/div>\n<\/div>\n\n\n<style>.wp-block-kadence-spacer.kt-block-spacer-69247_ec675a-41 .kt-block-spacer{height:20px;}.wp-block-kadence-spacer.kt-block-spacer-69247_ec675a-41 .kt-divider{border-top-width:1px;height:1px;border-top-color:#eee;width:80%;border-top-style:solid;}<\/style>\n<div class=\"wp-block-kadence-spacer aligncenter kt-block-spacer-69247_ec675a-41\"><div class=\"kt-block-spacer kt-block-spacer-halign-center\"><\/div><\/div>\n<\/div><\/div>\n<\/div><\/div>\n\n<\/div><\/div>","protected":false},"excerpt":{"rendered":"<p>Cr\u00e9ateur de tenues habill\u00e9es pour dames depuis 1993 La marque Paule Vasseur existe depuis plus de 25 ans. Elle a \u00e9t\u00e9 cr\u00e9e par la cr\u00e9atrice Emmanuelle Nagel alors seulement \u00e2g\u00e9e de 30 ans. Avec plus de 150 000 tenues de c\u00e9r\u00e9monie vendues \u00e0 l\u2018international, Paule Vasseur est une r\u00e9f\u00e9rence sur le march\u00e9 des tailleurs habill\u00e9s&#8230;<\/p>","protected":false},"author":1,"featured_media":0,"parent":0,"menu_order":0,"comment_status":"closed","ping_status":"closed","template":"","meta":{"_kadence_starter_templates_imported_post":false,"_kad_post_transparent":"","_kad_post_title":"","_kad_post_layout":"","_kad_post_sidebar_id":"","_kad_post_content_style":"","_kad_post_vertical_padding":"","_kad_post_feature":"","_kad_post_feature_position":"","_kad_post_header":false,"_kad_post_footer":false,"_kad_post_classname":"","footnotes":""},"folder":[4273],"class_list":["post-75903","page","type-page","status-publish","hentry"],"yoast_head":"<!-- This site is optimized with the Yoast SEO plugin v27.4 - https:\/\/yoast.com\/product\/yoast-seo-wordpress\/ -->\n<title>La\u00a0maison\u00a0de couture\u00a0Paule Vasseur - PAULE VASSEUR<\/title>\n<meta name=\"description\" content=\"Paule Vasseur : le sp\u00e9cialiste des tailleurs habill\u00e9s, robes du soir pour les mariages, la m\u00e8re de la mari\u00e9e, c\u00e9r\u00e9monie religieuse, bar-mitzvah, communions, mariage civil, robe longue.\" \/>\n<meta name=\"robots\" content=\"index, follow, max-snippet:-1, max-image-preview:large, max-video-preview:-1\" \/>\n<link rel=\"canonical\" href=\"https:\/\/paule-vasseur.com\/en\/history-of-maison-paule-vasseur-htm\" \/>\n<meta property=\"og:locale\" content=\"en_GB\" \/>\n<meta property=\"og:type\" content=\"article\" \/>\n<meta property=\"og:title\" content=\"La\u00a0maison\u00a0de couture\u00a0Paule Vasseur - PAULE VASSEUR\" \/>\n<meta property=\"og:description\" content=\"Paule Vasseur : le sp\u00e9cialiste des tailleurs habill\u00e9s, robes du soir pour les mariages, la m\u00e8re de la mari\u00e9e, c\u00e9r\u00e9monie religieuse, bar-mitzvah, communions, mariage civil, robe longue.\" \/>\n<meta property=\"og:url\" content=\"https:\/\/paule-vasseur.com\/en\/history-of-maison-paule-vasseur-htm\" \/>\n<meta property=\"og:site_name\" content=\"PAULE VASSEUR\" \/>\n<meta property=\"article:modified_time\" content=\"2025-09-25T09:35:06+00:00\" \/>\n<meta property=\"og:image\" content=\"https:\/\/paule-vasseur.com\/wp-content\/uploads\/2025\/09\/double_ligne-removebg-preview.png\" \/>\n\t<meta property=\"og:image:width\" content=\"1160\" \/>\n\t<meta property=\"og:image:height\" content=\"100\" \/>\n\t<meta property=\"og:image:type\" content=\"image\/png\" \/>\n<meta name=\"twitter:card\" content=\"summary_large_image\" \/>\n<meta name=\"twitter:label1\" content=\"Estimated reading time\" \/>\n\t<meta name=\"twitter:data1\" content=\"3 minutes\" \/>\n<script type=\"application\/ld+json\" class=\"yoast-schema-graph\">{\"@context\":\"https:\\\/\\\/schema.org\",\"@graph\":[{\"@type\":\"WebPage\",\"@id\":\"https:\\\/\\\/paule-vasseur.com\\\/en\\\/historique-maison-paule-vasseur.htm\",\"url\":\"https:\\\/\\\/paule-vasseur.com\\\/en\\\/historique-maison-paule-vasseur.htm\",\"name\":\"La\u00a0maison\u00a0de couture\u00a0Paule Vasseur - PAULE VASSEUR\",\"isPartOf\":{\"@id\":\"https:\\\/\\\/paule-vasseur.com\\\/en\\\/#website\"},\"primaryImageOfPage\":{\"@id\":\"https:\\\/\\\/paule-vasseur.com\\\/en\\\/historique-maison-paule-vasseur.htm#primaryimage\"},\"image\":{\"@id\":\"https:\\\/\\\/paule-vasseur.com\\\/en\\\/historique-maison-paule-vasseur.htm#primaryimage\"},\"thumbnailUrl\":\"https:\\\/\\\/paule-vasseur.com\\\/wp-content\\\/uploads\\\/2025\\\/09\\\/double_ligne-removebg-preview.png\",\"datePublished\":\"2025-09-23T14:48:19+00:00\",\"dateModified\":\"2025-09-25T09:35:06+00:00\",\"description\":\"Paule Vasseur : le sp\u00e9cialiste des tailleurs habill\u00e9s, robes du soir pour les mariages, la m\u00e8re de la mari\u00e9e, c\u00e9r\u00e9monie religieuse, bar-mitzvah, communions, mariage civil, robe longue.\",\"breadcrumb\":{\"@id\":\"https:\\\/\\\/paule-vasseur.com\\\/en\\\/historique-maison-paule-vasseur.htm#breadcrumb\"},\"inLanguage\":\"en-GB\",\"potentialAction\":[{\"@type\":\"ReadAction\",\"target\":[\"https:\\\/\\\/paule-vasseur.com\\\/en\\\/historique-maison-paule-vasseur.htm\"]}]},{\"@type\":\"ImageObject\",\"inLanguage\":\"en-GB\",\"@id\":\"https:\\\/\\\/paule-vasseur.com\\\/en\\\/historique-maison-paule-vasseur.htm#primaryimage\",\"url\":\"https:\\\/\\\/paule-vasseur.com\\\/wp-content\\\/uploads\\\/2025\\\/09\\\/double_ligne-removebg-preview.png\",\"contentUrl\":\"https:\\\/\\\/paule-vasseur.com\\\/wp-content\\\/uploads\\\/2025\\\/09\\\/double_ligne-removebg-preview.png\"},{\"@type\":\"BreadcrumbList\",\"@id\":\"https:\\\/\\\/paule-vasseur.com\\\/en\\\/historique-maison-paule-vasseur.htm#breadcrumb\",\"itemListElement\":[{\"@type\":\"ListItem\",\"position\":1,\"name\":\"Accueil\",\"item\":\"https:\\\/\\\/paule-vasseur.com\\\/\"},{\"@type\":\"ListItem\",\"position\":2,\"name\":\"La\u00a0maison\u00a0de couture\u00a0Paule Vasseur\"}]},{\"@type\":\"WebSite\",\"@id\":\"https:\\\/\\\/paule-vasseur.com\\\/en\\\/#website\",\"url\":\"https:\\\/\\\/paule-vasseur.com\\\/en\\\/\",\"name\":\"RIDEAUX COUTURE\",\"description\":\"\",\"publisher\":{\"@id\":\"https:\\\/\\\/paule-vasseur.com\\\/en\\\/#organization\"},\"potentialAction\":[{\"@type\":\"SearchAction\",\"target\":{\"@type\":\"EntryPoint\",\"urlTemplate\":\"https:\\\/\\\/paule-vasseur.com\\\/en\\\/?s={search_term_string}\"},\"query-input\":{\"@type\":\"PropertyValueSpecification\",\"valueRequired\":true,\"valueName\":\"search_term_string\"}}],\"inLanguage\":\"en-GB\"},{\"@type\":\"Organization\",\"@id\":\"https:\\\/\\\/paule-vasseur.com\\\/en\\\/#organization\",\"name\":\"RIDEAUX COUTURE\",\"url\":\"https:\\\/\\\/paule-vasseur.com\\\/en\\\/\",\"logo\":{\"@type\":\"ImageObject\",\"inLanguage\":\"en-GB\",\"@id\":\"https:\\\/\\\/paule-vasseur.com\\\/en\\\/#\\\/schema\\\/logo\\\/image\\\/\",\"url\":\"https:\\\/\\\/paule-vasseur.com\\\/wp-content\\\/uploads\\\/2025\\\/09\\\/cropped-cropped-logonew2018-2.webp\",\"contentUrl\":\"https:\\\/\\\/paule-vasseur.com\\\/wp-content\\\/uploads\\\/2025\\\/09\\\/cropped-cropped-logonew2018-2.webp\",\"width\":166,\"height\":110,\"caption\":\"RIDEAUX COUTURE\"},\"image\":{\"@id\":\"https:\\\/\\\/paule-vasseur.com\\\/en\\\/#\\\/schema\\\/logo\\\/image\\\/\"}}]}<\/script>\n<!-- \/ Yoast SEO plugin. -->","yoast_head_json":{"title":"The Paule Vasseur fashion house - PAULE VASSEUR","description":"Paule Vasseur: the specialist in dress suits, evening gowns for weddings, mother of the bride, religious ceremonies, bar mitzvahs, communions, civil weddings, long dresses.","robots":{"index":"index","follow":"follow","max-snippet":"max-snippet:-1","max-image-preview":"max-image-preview:large","max-video-preview":"max-video-preview:-1"},"canonical":"https:\/\/paule-vasseur.com\/en\/history-of-maison-paule-vasseur-htm","og_locale":"en_GB","og_type":"article","og_title":"La\u00a0maison\u00a0de couture\u00a0Paule Vasseur - PAULE VASSEUR","og_description":"Paule Vasseur : le sp\u00e9cialiste des tailleurs habill\u00e9s, robes du soir pour les mariages, la m\u00e8re de la mari\u00e9e, c\u00e9r\u00e9monie religieuse, bar-mitzvah, communions, mariage civil, robe longue.","og_url":"https:\/\/paule-vasseur.com\/en\/history-of-maison-paule-vasseur-htm","og_site_name":"PAULE VASSEUR","article_modified_time":"2025-09-25T09:35:06+00:00","og_image":[{"width":1160,"height":100,"url":"https:\/\/paule-vasseur.com\/wp-content\/uploads\/2025\/09\/double_ligne-removebg-preview.png","type":"image\/png"}],"twitter_card":"summary_large_image","twitter_misc":{"Estimated reading time":"3 minutes"},"schema":{"@context":"https:\/\/schema.org","@graph":[{"@type":"WebPage","@id":"https:\/\/paule-vasseur.com\/en\/historique-maison-paule-vasseur.htm","url":"https:\/\/paule-vasseur.com\/en\/historique-maison-paule-vasseur.htm","name":"The Paule Vasseur fashion house - PAULE VASSEUR","isPartOf":{"@id":"https:\/\/paule-vasseur.com\/en\/#website"},"primaryImageOfPage":{"@id":"https:\/\/paule-vasseur.com\/en\/historique-maison-paule-vasseur.htm#primaryimage"},"image":{"@id":"https:\/\/paule-vasseur.com\/en\/historique-maison-paule-vasseur.htm#primaryimage"},"thumbnailUrl":"https:\/\/paule-vasseur.com\/wp-content\/uploads\/2025\/09\/double_ligne-removebg-preview.png","datePublished":"2025-09-23T14:48:19+00:00","dateModified":"2025-09-25T09:35:06+00:00","description":"Paule Vasseur: the specialist in dress suits, evening gowns for weddings, mother of the bride, religious ceremonies, bar mitzvahs, communions, civil weddings, long dresses.","breadcrumb":{"@id":"https:\/\/paule-vasseur.com\/en\/historique-maison-paule-vasseur.htm#breadcrumb"},"inLanguage":"en-GB","potentialAction":[{"@type":"ReadAction","target":["https:\/\/paule-vasseur.com\/en\/historique-maison-paule-vasseur.htm"]}]},{"@type":"ImageObject","inLanguage":"en-GB","@id":"https:\/\/paule-vasseur.com\/en\/historique-maison-paule-vasseur.htm#primaryimage","url":"https:\/\/paule-vasseur.com\/wp-content\/uploads\/2025\/09\/double_ligne-removebg-preview.png","contentUrl":"https:\/\/paule-vasseur.com\/wp-content\/uploads\/2025\/09\/double_ligne-removebg-preview.png"},{"@type":"BreadcrumbList","@id":"https:\/\/paule-vasseur.com\/en\/historique-maison-paule-vasseur.htm#breadcrumb","itemListElement":[{"@type":"ListItem","position":1,"name":"Accueil","item":"https:\/\/paule-vasseur.com\/"},{"@type":"ListItem","position":2,"name":"La\u00a0maison\u00a0de couture\u00a0Paule Vasseur"}]},{"@type":"WebSite","@id":"https:\/\/paule-vasseur.com\/en\/#website","url":"https:\/\/paule-vasseur.com\/en\/","name":"SEWN CURTAINS","description":"","publisher":{"@id":"https:\/\/paule-vasseur.com\/en\/#organization"},"potentialAction":[{"@type":"SearchAction","target":{"@type":"EntryPoint","urlTemplate":"https:\/\/paule-vasseur.com\/en\/?s={search_term_string}"},"query-input":{"@type":"PropertyValueSpecification","valueRequired":true,"valueName":"search_term_string"}}],"inLanguage":"en-GB"},{"@type":"Organization","@id":"https:\/\/paule-vasseur.com\/en\/#organization","name":"SEWN CURTAINS","url":"https:\/\/paule-vasseur.com\/en\/","logo":{"@type":"ImageObject","inLanguage":"en-GB","@id":"https:\/\/paule-vasseur.com\/en\/#\/schema\/logo\/image\/","url":"https:\/\/paule-vasseur.com\/wp-content\/uploads\/2025\/09\/cropped-cropped-logonew2018-2.webp","contentUrl":"https:\/\/paule-vasseur.com\/wp-content\/uploads\/2025\/09\/cropped-cropped-logonew2018-2.webp","width":166,"height":110,"caption":"RIDEAUX COUTURE"},"image":{"@id":"https:\/\/paule-vasseur.com\/en\/#\/schema\/logo\/image\/"}}]}},"_links":{"self":[{"href":"https:\/\/paule-vasseur.com\/en\/wp-json\/wp\/v2\/pages\/75903","targetHints":{"allow":["GET"]}}],"collection":[{"href":"https:\/\/paule-vasseur.com\/en\/wp-json\/wp\/v2\/pages"}],"about":[{"href":"https:\/\/paule-vasseur.com\/en\/wp-json\/wp\/v2\/types\/page"}],"author":[{"embeddable":true,"href":"https:\/\/paule-vasseur.com\/en\/wp-json\/wp\/v2\/users\/1"}],"replies":[{"embeddable":true,"href":"https:\/\/paule-vasseur.com\/en\/wp-json\/wp\/v2\/comments?post=75903"}],"version-history":[{"count":4,"href":"https:\/\/paule-vasseur.com\/en\/wp-json\/wp\/v2\/pages\/75903\/revisions"}],"predecessor-version":[{"id":76021,"href":"https:\/\/paule-vasseur.com\/en\/wp-json\/wp\/v2\/pages\/75903\/revisions\/76021"}],"wp:attachment":[{"href":"https:\/\/paule-vasseur.com\/en\/wp-json\/wp\/v2\/media?parent=75903"}],"wp:term":[{"taxonomy":"folder","embeddable":true,"href":"https:\/\/paule-vasseur.com\/en\/wp-json\/wp\/v2\/folder?post=75903"}],"curies":[{"name":"wp","href":"https:\/\/api.w.org\/{rel}","templated":true}]}}