{"id":75986,"date":"2025-09-25T10:58:30","date_gmt":"2025-09-25T08:58:30","guid":{"rendered":"https:\/\/paule-vasseur.com\/?page_id=75986"},"modified":"2025-10-03T14:10:30","modified_gmt":"2025-10-03T12:10:30","slug":"savoir-faire-maison-paule-vasseur","status":"publish","type":"page","link":"https:\/\/paule-vasseur.com\/en\/savoir-faire-maison-paule-vasseur.htm","title":{"rendered":"Our expertise: Tradition and excellence in French fashion"},"content":{"rendered":"<div class=\"wp-block-image\">\n<figure class=\"aligncenter size-full is-resized\"><img loading=\"lazy\" decoding=\"async\" width=\"1160\" height=\"100\" src=\"https:\/\/paule-vasseur.com\/wp-content\/uploads\/2025\/09\/double_ligne-removebg-preview.png\" alt=\"\" class=\"wp-image-69230\" style=\"width:414px;height:auto\" srcset=\"https:\/\/paule-vasseur.com\/wp-content\/uploads\/2025\/09\/double_ligne-removebg-preview.png 1160w, https:\/\/paule-vasseur.com\/wp-content\/uploads\/2025\/09\/double_ligne-removebg-preview-500x43.png 500w, https:\/\/paule-vasseur.com\/wp-content\/uploads\/2025\/09\/double_ligne-removebg-preview-1024x88.png 1024w, https:\/\/paule-vasseur.com\/wp-content\/uploads\/2025\/09\/double_ligne-removebg-preview-768x66.png 768w, https:\/\/paule-vasseur.com\/wp-content\/uploads\/2025\/09\/double_ligne-removebg-preview-650x56.png 650w\" sizes=\"auto, (max-width: 1160px) 100vw, 1160px\" \/><\/figure>\n<\/div>\n\n\n<h2 class=\"wp-block-heading\">A benchmark in France and around the world for your ceremonial wear<\/h2>\n\n\n\n<p>The Paule Vasseur brand was founded in 1993 by Emmanuelle Nagel, a designer who was only 30 years old at the time. Since its launch 25 years ago, the brand has sold almost 150,000 formal wear items on the international market. It owes this success to collections inspired by tradition and the spirit of haute couture, while using ready-to-wear techniques. Paule Vasseur's style is Parisian, classic, chic, colourful and couture. In short, everything you need to arrive at your next wedding in style and elegance.<\/p>\n\n\n<style>.kb-row-layout-id75986_3665c2-2c > .kt-row-column-wrap{align-content:start;}:where(.kb-row-layout-id75986_3665c2-2c > .kt-row-column-wrap) > .wp-block-kadence-column{justify-content:start;}.kb-row-layout-id75986_3665c2-2c > .kt-row-column-wrap{column-gap:var(--global-kb-gap-md, 2rem);row-gap:var(--global-kb-gap-md, 2rem);padding-top:var(--global-kb-spacing-sm, 1.5rem);padding-bottom:var(--global-kb-spacing-sm, 1.5rem);grid-template-columns:repeat(2, minmax(0, 1fr));}.kb-row-layout-id75986_3665c2-2c > .kt-row-layout-overlay{opacity:0.30;}@media all and (max-width: 1024px){.kb-row-layout-id75986_3665c2-2c > .kt-row-column-wrap{grid-template-columns:repeat(2, minmax(0, 1fr));}}@media all and (max-width: 767px){.kb-row-layout-id75986_3665c2-2c > .kt-row-column-wrap{grid-template-columns:minmax(0, 1fr);}}<\/style><div class=\"kb-row-layout-wrap kb-row-layout-id75986_3665c2-2c alignnone wp-block-kadence-rowlayout\"><div class=\"kt-row-column-wrap kt-has-2-columns kt-row-layout-equal kt-tab-layout-inherit kt-mobile-layout-row kt-row-valign-top\">\n<style>.kadence-column75986_05495a-27 > .kt-inside-inner-col,.kadence-column75986_05495a-27 > .kt-inside-inner-col:before{border-top-left-radius:0px;border-top-right-radius:0px;border-bottom-right-radius:0px;border-bottom-left-radius:0px;}.kadence-column75986_05495a-27 > .kt-inside-inner-col{column-gap:var(--global-kb-gap-sm, 1rem);}.kadence-column75986_05495a-27 > .kt-inside-inner-col{flex-direction:column;}.kadence-column75986_05495a-27 > .kt-inside-inner-col > .aligncenter{width:100%;}.kadence-column75986_05495a-27 > .kt-inside-inner-col:before{opacity:0.3;}.kadence-column75986_05495a-27{position:relative;}@media all and (max-width: 1024px){.kadence-column75986_05495a-27 > .kt-inside-inner-col{flex-direction:column;justify-content:center;}}@media all and (max-width: 767px){.kadence-column75986_05495a-27 > .kt-inside-inner-col{flex-direction:column;justify-content:center;}}<\/style>\n<div class=\"wp-block-kadence-column kadence-column75986_05495a-27\"><div class=\"kt-inside-inner-col\">\n<h2 class=\"wp-block-heading\">Exceptional wedding suits created for elegant, trendy women<\/h2>\n\n\n\n<p>The creation of our collections is based on the materials, the fit and the hand of the fabrics. The volumes and shapes are worked out with the pattern makers and fittings... Our core target is women's dress suits, dresses and trouser suits, as well as formal cocktail dresses in jacquard, organza, embroidered tulle...<br>We can also offer outfits for larger sizes. These models are specially designed for generous body shapes, adapted and tailored to fit our curvy customers.<br>Our creations and our prices are top-of-the-range ready-to-wear. This is due to our French manufacturing and the service we have put in place to welcome you as a VIP and provide you with exceptional care, just like at a tailor's. <\/p>\n\n\n<style>.wp-block-kadence-advancedbtn.kb-btns78274_7b0fbf-7d{gap:var(--global-kb-gap-xs, 0.5rem );justify-content:center;align-items:center;}.kt-btns78274_7b0fbf-7d .kt-button{font-weight:normal;font-style:normal;}.kt-btns78274_7b0fbf-7d .kt-btn-wrap-0{margin-right:5px;}.wp-block-kadence-advancedbtn.kt-btns78274_7b0fbf-7d .kt-btn-wrap-0 .kt-button{color:#555555;border-color:#555555;}.wp-block-kadence-advancedbtn.kt-btns78274_7b0fbf-7d .kt-btn-wrap-0 .kt-button:hover, .wp-block-kadence-advancedbtn.kt-btns78274_7b0fbf-7d .kt-btn-wrap-0 .kt-button:focus{color:#ffffff;border-color:#444444;}.wp-block-kadence-advancedbtn.kt-btns78274_7b0fbf-7d .kt-btn-wrap-0 .kt-button::before{display:none;}.wp-block-kadence-advancedbtn.kt-btns78274_7b0fbf-7d .kt-btn-wrap-0 .kt-button:hover, .wp-block-kadence-advancedbtn.kt-btns78274_7b0fbf-7d .kt-btn-wrap-0 .kt-button:focus{background:#444444;}<\/style>\n<div class=\"wp-block-kadence-advancedbtn kb-buttons-wrap kb-btns78274_7b0fbf-7d\"><style>ul.menu .wp-block-kadence-advancedbtn .kb-btn78274_8e70c7-27.kb-button{width:initial;}<\/style><a class=\"kb-button kt-button button kb-btn78274_8e70c7-27 kt-btn-size-standard kt-btn-width-type-auto kb-btn-global-fill  kt-btn-has-text-true kt-btn-has-svg-false  wp-block-kadence-singlebtn\" href=\"https:\/\/paule-vasseur.com\/en\/contact-htm\/\"><span class=\"kt-btn-inner-text\">Make an appointment<\/span><\/a><\/div>\n<\/div><\/div>\n\n\n<style>.kadence-column75986_186706-7c > .kt-inside-inner-col,.kadence-column75986_186706-7c > .kt-inside-inner-col:before{border-top-left-radius:0px;border-top-right-radius:0px;border-bottom-right-radius:0px;border-bottom-left-radius:0px;}.kadence-column75986_186706-7c > .kt-inside-inner-col{column-gap:var(--global-kb-gap-sm, 1rem);}.kadence-column75986_186706-7c > .kt-inside-inner-col{flex-direction:column;}.kadence-column75986_186706-7c > .kt-inside-inner-col > .aligncenter{width:100%;}.kadence-column75986_186706-7c > .kt-inside-inner-col:before{opacity:0.3;}.kadence-column75986_186706-7c{position:relative;}@media all and (max-width: 1024px){.kadence-column75986_186706-7c > .kt-inside-inner-col{flex-direction:column;justify-content:center;}}@media all and (max-width: 767px){.kadence-column75986_186706-7c > .kt-inside-inner-col{flex-direction:column;justify-content:center;}}<\/style>\n<div class=\"wp-block-kadence-column kadence-column75986_186706-7c\"><div class=\"kt-inside-inner-col\"><style>.kb-image75986_722df5-11 .kb-image-has-overlay:after{opacity:0.3;}<\/style>\n<figure class=\"wp-block-kadence-image kb-image75986_722df5-11 size-full\"><img loading=\"lazy\" decoding=\"async\" width=\"566\" height=\"338\" src=\"https:\/\/paule-vasseur.com\/wp-content\/uploads\/2025\/09\/cbr-photographie-105-2.jpg\" alt=\"\" class=\"kb-img wp-image-75989\" srcset=\"https:\/\/paule-vasseur.com\/wp-content\/uploads\/2025\/09\/cbr-photographie-105-2.jpg 566w, https:\/\/paule-vasseur.com\/wp-content\/uploads\/2025\/09\/cbr-photographie-105-2-500x299.jpg 500w\" sizes=\"auto, (max-width: 566px) 100vw, 566px\" \/><\/figure>\n<\/div><\/div>\n\n<\/div><\/div>\n\n\n<p><\/p>","protected":false},"excerpt":{"rendered":"<p>Une r\u00e9f\u00e9rence en France mais aussi \u00e0 l\u2019international pour vos tenues de c\u00e9r\u00e9monie La marque Paule Vasseur a \u00e9t\u00e9 fond\u00e9e en 1993 par Emmanuelle Nagel, une cr\u00e9atrice alors seulement \u00e2g\u00e9e de 30 ans. Depuis son lancement il y a 25 ans, l\u2019enseigne a vendu pr\u00e8s de 150,000 tenues de c\u00e9r\u00e9monie sur le march\u00e9 international. Une&#8230;<\/p>","protected":false},"author":1,"featured_media":0,"parent":0,"menu_order":0,"comment_status":"closed","ping_status":"closed","template":"","meta":{"_kadence_starter_templates_imported_post":false,"_kad_post_transparent":"","_kad_post_title":"","_kad_post_layout":"","_kad_post_sidebar_id":"","_kad_post_content_style":"","_kad_post_vertical_padding":"","_kad_post_feature":"","_kad_post_feature_position":"","_kad_post_header":false,"_kad_post_footer":false,"_kad_post_classname":"","footnotes":""},"folder":[4273],"class_list":["post-75986","page","type-page","status-publish","hentry"],"yoast_head":"<!-- This site is optimized with the Yoast SEO plugin v27.4 - https:\/\/yoast.com\/product\/yoast-seo-wordpress\/ -->\n<title>Notre savoir-faire : Tradition et excellence de la mode fran\u00e7aise - PAULE VASSEUR<\/title>\n<meta name=\"robots\" content=\"index, follow, max-snippet:-1, max-image-preview:large, max-video-preview:-1\" \/>\n<link rel=\"canonical\" href=\"https:\/\/paule-vasseur.com\/en\/savoir-faire-maison-paule-vasseur-htm\" \/>\n<meta property=\"og:locale\" content=\"en_GB\" \/>\n<meta property=\"og:type\" content=\"article\" \/>\n<meta property=\"og:title\" content=\"Notre savoir-faire : Tradition et excellence de la mode fran\u00e7aise - PAULE VASSEUR\" \/>\n<meta property=\"og:description\" content=\"Une r\u00e9f\u00e9rence en France mais aussi \u00e0 l\u2019international pour vos tenues de c\u00e9r\u00e9monie La marque Paule Vasseur a \u00e9t\u00e9 fond\u00e9e en 1993 par Emmanuelle Nagel, une cr\u00e9atrice alors seulement \u00e2g\u00e9e de 30 ans. Depuis son lancement il y a 25 ans, l\u2019enseigne a vendu pr\u00e8s de 150,000 tenues de c\u00e9r\u00e9monie sur le march\u00e9 international. Une...\" \/>\n<meta property=\"og:url\" content=\"https:\/\/paule-vasseur.com\/en\/savoir-faire-maison-paule-vasseur-htm\" \/>\n<meta property=\"og:site_name\" content=\"PAULE VASSEUR\" \/>\n<meta property=\"article:modified_time\" content=\"2025-10-03T12:10:30+00:00\" \/>\n<meta property=\"og:image\" content=\"https:\/\/paule-vasseur.com\/wp-content\/uploads\/2025\/09\/double_ligne-removebg-preview.png\" \/>\n\t<meta property=\"og:image:width\" content=\"1160\" \/>\n\t<meta property=\"og:image:height\" content=\"100\" \/>\n\t<meta property=\"og:image:type\" content=\"image\/png\" \/>\n<meta name=\"twitter:card\" content=\"summary_large_image\" \/>\n<script type=\"application\/ld+json\" class=\"yoast-schema-graph\">{\"@context\":\"https:\\\/\\\/schema.org\",\"@graph\":[{\"@type\":\"WebPage\",\"@id\":\"https:\\\/\\\/paule-vasseur.com\\\/en\\\/savoir-faire-maison-paule-vasseur.htm\",\"url\":\"https:\\\/\\\/paule-vasseur.com\\\/en\\\/savoir-faire-maison-paule-vasseur.htm\",\"name\":\"Notre savoir-faire : Tradition et excellence de la mode fran\u00e7aise - PAULE VASSEUR\",\"isPartOf\":{\"@id\":\"https:\\\/\\\/paule-vasseur.com\\\/en\\\/#website\"},\"primaryImageOfPage\":{\"@id\":\"https:\\\/\\\/paule-vasseur.com\\\/en\\\/savoir-faire-maison-paule-vasseur.htm#primaryimage\"},\"image\":{\"@id\":\"https:\\\/\\\/paule-vasseur.com\\\/en\\\/savoir-faire-maison-paule-vasseur.htm#primaryimage\"},\"thumbnailUrl\":\"https:\\\/\\\/paule-vasseur.com\\\/wp-content\\\/uploads\\\/2025\\\/09\\\/double_ligne-removebg-preview.png\",\"datePublished\":\"2025-09-25T08:58:30+00:00\",\"dateModified\":\"2025-10-03T12:10:30+00:00\",\"breadcrumb\":{\"@id\":\"https:\\\/\\\/paule-vasseur.com\\\/en\\\/savoir-faire-maison-paule-vasseur.htm#breadcrumb\"},\"inLanguage\":\"en-GB\",\"potentialAction\":[{\"@type\":\"ReadAction\",\"target\":[\"https:\\\/\\\/paule-vasseur.com\\\/en\\\/savoir-faire-maison-paule-vasseur.htm\"]}]},{\"@type\":\"ImageObject\",\"inLanguage\":\"en-GB\",\"@id\":\"https:\\\/\\\/paule-vasseur.com\\\/en\\\/savoir-faire-maison-paule-vasseur.htm#primaryimage\",\"url\":\"https:\\\/\\\/paule-vasseur.com\\\/wp-content\\\/uploads\\\/2025\\\/09\\\/double_ligne-removebg-preview.png\",\"contentUrl\":\"https:\\\/\\\/paule-vasseur.com\\\/wp-content\\\/uploads\\\/2025\\\/09\\\/double_ligne-removebg-preview.png\"},{\"@type\":\"BreadcrumbList\",\"@id\":\"https:\\\/\\\/paule-vasseur.com\\\/en\\\/savoir-faire-maison-paule-vasseur.htm#breadcrumb\",\"itemListElement\":[{\"@type\":\"ListItem\",\"position\":1,\"name\":\"Accueil\",\"item\":\"https:\\\/\\\/paule-vasseur.com\\\/\"},{\"@type\":\"ListItem\",\"position\":2,\"name\":\"Notre savoir-faire : Tradition et excellence de la mode fran\u00e7aise\"}]},{\"@type\":\"WebSite\",\"@id\":\"https:\\\/\\\/paule-vasseur.com\\\/en\\\/#website\",\"url\":\"https:\\\/\\\/paule-vasseur.com\\\/en\\\/\",\"name\":\"RIDEAUX COUTURE\",\"description\":\"\",\"publisher\":{\"@id\":\"https:\\\/\\\/paule-vasseur.com\\\/en\\\/#organization\"},\"potentialAction\":[{\"@type\":\"SearchAction\",\"target\":{\"@type\":\"EntryPoint\",\"urlTemplate\":\"https:\\\/\\\/paule-vasseur.com\\\/en\\\/?s={search_term_string}\"},\"query-input\":{\"@type\":\"PropertyValueSpecification\",\"valueRequired\":true,\"valueName\":\"search_term_string\"}}],\"inLanguage\":\"en-GB\"},{\"@type\":\"Organization\",\"@id\":\"https:\\\/\\\/paule-vasseur.com\\\/en\\\/#organization\",\"name\":\"RIDEAUX COUTURE\",\"url\":\"https:\\\/\\\/paule-vasseur.com\\\/en\\\/\",\"logo\":{\"@type\":\"ImageObject\",\"inLanguage\":\"en-GB\",\"@id\":\"https:\\\/\\\/paule-vasseur.com\\\/en\\\/#\\\/schema\\\/logo\\\/image\\\/\",\"url\":\"https:\\\/\\\/paule-vasseur.com\\\/wp-content\\\/uploads\\\/2025\\\/09\\\/cropped-cropped-logonew2018-2.webp\",\"contentUrl\":\"https:\\\/\\\/paule-vasseur.com\\\/wp-content\\\/uploads\\\/2025\\\/09\\\/cropped-cropped-logonew2018-2.webp\",\"width\":166,\"height\":110,\"caption\":\"RIDEAUX COUTURE\"},\"image\":{\"@id\":\"https:\\\/\\\/paule-vasseur.com\\\/en\\\/#\\\/schema\\\/logo\\\/image\\\/\"}}]}<\/script>\n<!-- \/ Yoast SEO plugin. -->","yoast_head_json":{"title":"Our expertise: Tradition and excellence in French fashion - PAULE VASSEUR","robots":{"index":"index","follow":"follow","max-snippet":"max-snippet:-1","max-image-preview":"max-image-preview:large","max-video-preview":"max-video-preview:-1"},"canonical":"https:\/\/paule-vasseur.com\/en\/savoir-faire-maison-paule-vasseur-htm","og_locale":"en_GB","og_type":"article","og_title":"Notre savoir-faire : Tradition et excellence de la mode fran\u00e7aise - PAULE VASSEUR","og_description":"Une r\u00e9f\u00e9rence en France mais aussi \u00e0 l\u2019international pour vos tenues de c\u00e9r\u00e9monie La marque Paule Vasseur a \u00e9t\u00e9 fond\u00e9e en 1993 par Emmanuelle Nagel, une cr\u00e9atrice alors seulement \u00e2g\u00e9e de 30 ans. Depuis son lancement il y a 25 ans, l\u2019enseigne a vendu pr\u00e8s de 150,000 tenues de c\u00e9r\u00e9monie sur le march\u00e9 international. Une...","og_url":"https:\/\/paule-vasseur.com\/en\/savoir-faire-maison-paule-vasseur-htm","og_site_name":"PAULE VASSEUR","article_modified_time":"2025-10-03T12:10:30+00:00","og_image":[{"width":1160,"height":100,"url":"https:\/\/paule-vasseur.com\/wp-content\/uploads\/2025\/09\/double_ligne-removebg-preview.png","type":"image\/png"}],"twitter_card":"summary_large_image","schema":{"@context":"https:\/\/schema.org","@graph":[{"@type":"WebPage","@id":"https:\/\/paule-vasseur.com\/en\/savoir-faire-maison-paule-vasseur.htm","url":"https:\/\/paule-vasseur.com\/en\/savoir-faire-maison-paule-vasseur.htm","name":"Our expertise: Tradition and excellence in French fashion - PAULE VASSEUR","isPartOf":{"@id":"https:\/\/paule-vasseur.com\/en\/#website"},"primaryImageOfPage":{"@id":"https:\/\/paule-vasseur.com\/en\/savoir-faire-maison-paule-vasseur.htm#primaryimage"},"image":{"@id":"https:\/\/paule-vasseur.com\/en\/savoir-faire-maison-paule-vasseur.htm#primaryimage"},"thumbnailUrl":"https:\/\/paule-vasseur.com\/wp-content\/uploads\/2025\/09\/double_ligne-removebg-preview.png","datePublished":"2025-09-25T08:58:30+00:00","dateModified":"2025-10-03T12:10:30+00:00","breadcrumb":{"@id":"https:\/\/paule-vasseur.com\/en\/savoir-faire-maison-paule-vasseur.htm#breadcrumb"},"inLanguage":"en-GB","potentialAction":[{"@type":"ReadAction","target":["https:\/\/paule-vasseur.com\/en\/savoir-faire-maison-paule-vasseur.htm"]}]},{"@type":"ImageObject","inLanguage":"en-GB","@id":"https:\/\/paule-vasseur.com\/en\/savoir-faire-maison-paule-vasseur.htm#primaryimage","url":"https:\/\/paule-vasseur.com\/wp-content\/uploads\/2025\/09\/double_ligne-removebg-preview.png","contentUrl":"https:\/\/paule-vasseur.com\/wp-content\/uploads\/2025\/09\/double_ligne-removebg-preview.png"},{"@type":"BreadcrumbList","@id":"https:\/\/paule-vasseur.com\/en\/savoir-faire-maison-paule-vasseur.htm#breadcrumb","itemListElement":[{"@type":"ListItem","position":1,"name":"Accueil","item":"https:\/\/paule-vasseur.com\/"},{"@type":"ListItem","position":2,"name":"Notre savoir-faire : Tradition et excellence de la mode fran\u00e7aise"}]},{"@type":"WebSite","@id":"https:\/\/paule-vasseur.com\/en\/#website","url":"https:\/\/paule-vasseur.com\/en\/","name":"SEWN CURTAINS","description":"","publisher":{"@id":"https:\/\/paule-vasseur.com\/en\/#organization"},"potentialAction":[{"@type":"SearchAction","target":{"@type":"EntryPoint","urlTemplate":"https:\/\/paule-vasseur.com\/en\/?s={search_term_string}"},"query-input":{"@type":"PropertyValueSpecification","valueRequired":true,"valueName":"search_term_string"}}],"inLanguage":"en-GB"},{"@type":"Organization","@id":"https:\/\/paule-vasseur.com\/en\/#organization","name":"SEWN CURTAINS","url":"https:\/\/paule-vasseur.com\/en\/","logo":{"@type":"ImageObject","inLanguage":"en-GB","@id":"https:\/\/paule-vasseur.com\/en\/#\/schema\/logo\/image\/","url":"https:\/\/paule-vasseur.com\/wp-content\/uploads\/2025\/09\/cropped-cropped-logonew2018-2.webp","contentUrl":"https:\/\/paule-vasseur.com\/wp-content\/uploads\/2025\/09\/cropped-cropped-logonew2018-2.webp","width":166,"height":110,"caption":"RIDEAUX COUTURE"},"image":{"@id":"https:\/\/paule-vasseur.com\/en\/#\/schema\/logo\/image\/"}}]}},"_links":{"self":[{"href":"https:\/\/paule-vasseur.com\/en\/wp-json\/wp\/v2\/pages\/75986","targetHints":{"allow":["GET"]}}],"collection":[{"href":"https:\/\/paule-vasseur.com\/en\/wp-json\/wp\/v2\/pages"}],"about":[{"href":"https:\/\/paule-vasseur.com\/en\/wp-json\/wp\/v2\/types\/page"}],"author":[{"embeddable":true,"href":"https:\/\/paule-vasseur.com\/en\/wp-json\/wp\/v2\/users\/1"}],"replies":[{"embeddable":true,"href":"https:\/\/paule-vasseur.com\/en\/wp-json\/wp\/v2\/comments?post=75986"}],"version-history":[{"count":7,"href":"https:\/\/paule-vasseur.com\/en\/wp-json\/wp\/v2\/pages\/75986\/revisions"}],"predecessor-version":[{"id":78275,"href":"https:\/\/paule-vasseur.com\/en\/wp-json\/wp\/v2\/pages\/75986\/revisions\/78275"}],"wp:attachment":[{"href":"https:\/\/paule-vasseur.com\/en\/wp-json\/wp\/v2\/media?parent=75986"}],"wp:term":[{"taxonomy":"folder","embeddable":true,"href":"https:\/\/paule-vasseur.com\/en\/wp-json\/wp\/v2\/folder?post=75986"}],"curies":[{"name":"wp","href":"https:\/\/api.w.org\/{rel}","templated":true}]}}