{"id":76674,"date":"2025-09-30T14:50:32","date_gmt":"2025-09-30T12:50:32","guid":{"rendered":"https:\/\/paule-vasseur.com\/?page_id=76674"},"modified":"2026-04-13T10:08:35","modified_gmt":"2026-04-13T08:08:35","slug":"anciennes-collections-paule-vasseur","status":"publish","type":"page","link":"https:\/\/paule-vasseur.com\/en\/anciennes-collections-paule-vasseur.htm","title":{"rendered":"Former collections"},"content":{"rendered":"<div class=\"wp-block-image\">\n<figure class=\"aligncenter size-full is-resized\"><img loading=\"lazy\" decoding=\"async\" width=\"1160\" height=\"100\" src=\"https:\/\/paule-vasseur.com\/wp-content\/uploads\/2025\/09\/double_ligne-removebg-preview.png\" alt=\"\" class=\"wp-image-69230\" style=\"width:414px;height:auto\" srcset=\"https:\/\/paule-vasseur.com\/wp-content\/uploads\/2025\/09\/double_ligne-removebg-preview.png 1160w, https:\/\/paule-vasseur.com\/wp-content\/uploads\/2025\/09\/double_ligne-removebg-preview-500x43.png 500w, https:\/\/paule-vasseur.com\/wp-content\/uploads\/2025\/09\/double_ligne-removebg-preview-1024x88.png 1024w, https:\/\/paule-vasseur.com\/wp-content\/uploads\/2025\/09\/double_ligne-removebg-preview-768x66.png 768w, https:\/\/paule-vasseur.com\/wp-content\/uploads\/2025\/09\/double_ligne-removebg-preview-650x56.png 650w\" sizes=\"auto, (max-width: 1160px) 100vw, 1160px\" \/><\/figure>\n<\/div>\n\n<style>.wp-block-kadence-advancedgallery .kb-gallery-type-grid.kb-gallery-id-76674_7a8c0f-22{margin:-5px;}.kb-gallery-type-grid.kb-gallery-id-76674_7a8c0f-22 .kadence-blocks-gallery-item{padding:5px;}.kb-gallery-id-76674_7a8c0f-22 .kadence-blocks-gallery-item .kb-gal-image-radius, .kb-gallery-id-76674_7a8c0f-22 .kb-slide-item .kb-gal-image-radius img{border-radius:0px 0px 0px 0px;;}.kb-gallery-id-76674_7a8c0f-22 .kadence-blocks-gallery-item .kadence-blocks-gallery-item-inner .kadence-blocks-gallery-item__caption{font-size:var(--global-kb-font-size-lg, 2rem);line-height:40px;}.kb-gallery-caption-style-bottom.kb-gallery-id-76674_7a8c0f-22 .kadence-blocks-gallery-item .kadence-blocks-gallery-item-inner .kadence-blocks-gallery-item__caption, .kb-gallery-caption-style-bottom-hover.kb-gallery-id-76674_7a8c0f-22 .kadence-blocks-gallery-item .kadence-blocks-gallery-item-inner .kadence-blocks-gallery-item__caption{background:linear-gradient(0deg, rgba(0, 0, 0, 0.5) 0, rgba(0, 0, 0, 0) 100%);}<\/style><div class=\"kb-gallery-wrap-id-76674_7a8c0f-22 alignnone wp-block-kadence-advancedgallery\"><ul class=\"kb-gallery-ul kb-gallery-non-static kb-gallery-type-grid kb-gallery-id-76674_7a8c0f-22 kb-gallery-caption-style-bottom kb-gallery-filter-none\" data-image-filter=\"none\" data-item-selector=\".kadence-blocks-gallery-item\" data-lightbox-caption=\"true\" data-columns-xxl=\"4\" data-columns-xl=\"4\" data-columns-md=\"4\" data-columns-sm=\"3\" data-columns-xs=\"2\" data-columns-ss=\"2\"><li class=\"kadence-blocks-gallery-item\"><div class=\"kadence-blocks-gallery-item-inner\"><figure class=\"kb-gallery-figure kb-gallery-item-has-link kadence-blocks-gallery-item-has-caption\"><a href=\"https:\/\/paule-vasseur.com\/en\/product-category\/11-collection-2017\/\" class=\"kb-gallery-item-link\"  ><div class=\"kb-gal-image-radius\"><div class=\"kb-gallery-image-contain kadence-blocks-gallery-intrinsic kb-gallery-image-ratio-port23 kb-has-image-ratio-port23\" ><img loading=\"lazy\" decoding=\"async\" src=\"https:\/\/paule-vasseur.com\/wp-content\/uploads\/2025\/09\/ETE-15-LisbonnWendy-zoom-650x975-1-500x750-1.webp\" width=\"500\" height=\"750\" alt=\"\" data-full-image=\"https:\/\/paule-vasseur.com\/wp-content\/uploads\/2025\/09\/ETE-15-LisbonnWendy-zoom-650x975-1-500x750-1.webp\" data-light-image=\"https:\/\/paule-vasseur.com\/wp-content\/uploads\/2025\/09\/ETE-15-LisbonnWendy-zoom-650x975-1-500x750-1.webp\" data-id=\"76677\" class=\"wp-image-76677\" srcset=\"https:\/\/paule-vasseur.com\/wp-content\/uploads\/2025\/09\/ETE-15-LisbonnWendy-zoom-650x975-1-500x750-1.webp 500w, https:\/\/paule-vasseur.com\/wp-content\/uploads\/2025\/09\/ETE-15-LisbonnWendy-zoom-650x975-1-500x750-1-333x500.webp 333w\" sizes=\"auto, (max-width: 500px) 100vw, 500px\" \/><\/div><div class=\"kadence-blocks-gallery-item__caption\">Collection <br>2017<\/div><\/div><\/a><\/figure><\/div><\/li><li class=\"kadence-blocks-gallery-item\"><div class=\"kadence-blocks-gallery-item-inner\"><figure class=\"kb-gallery-figure kb-gallery-item-has-link kadence-blocks-gallery-item-has-caption\"><a href=\"https:\/\/paule-vasseur.com\/en\/product-category\/dernieres-nouveautes-2016\/\" class=\"kb-gallery-item-link\"  ><div class=\"kb-gal-image-radius\"><div class=\"kb-gallery-image-contain kadence-blocks-gallery-intrinsic kb-gallery-image-ratio-port23 kb-has-image-ratio-port23\" ><img loading=\"lazy\" decoding=\"async\" src=\"https:\/\/paule-vasseur.com\/wp-content\/uploads\/2025\/09\/veste-mariage-en-tweed-VOGUE-zoom-500x750-1.webp\" width=\"500\" height=\"750\" alt=\"\" data-full-image=\"https:\/\/paule-vasseur.com\/wp-content\/uploads\/2025\/09\/veste-mariage-en-tweed-VOGUE-zoom-500x750-1.webp\" data-light-image=\"https:\/\/paule-vasseur.com\/wp-content\/uploads\/2025\/09\/veste-mariage-en-tweed-VOGUE-zoom-500x750-1.webp\" data-id=\"76681\" class=\"wp-image-76681\" srcset=\"https:\/\/paule-vasseur.com\/wp-content\/uploads\/2025\/09\/veste-mariage-en-tweed-VOGUE-zoom-500x750-1.webp 500w, https:\/\/paule-vasseur.com\/wp-content\/uploads\/2025\/09\/veste-mariage-en-tweed-VOGUE-zoom-500x750-1-333x500.webp 333w\" sizes=\"auto, (max-width: 500px) 100vw, 500px\" \/><\/div><div class=\"kadence-blocks-gallery-item__caption\">Collection <br>2016<\/div><\/div><\/a><\/figure><\/div><\/li><li class=\"kadence-blocks-gallery-item\"><div class=\"kadence-blocks-gallery-item-inner\"><figure class=\"kb-gallery-figure kb-gallery-item-has-link kadence-blocks-gallery-item-has-caption\"><a href=\"https:\/\/paule-vasseur.com\/en\/product-category\/9-collection-ete-2015\/\" class=\"kb-gallery-item-link\"  ><div class=\"kb-gal-image-radius\"><div class=\"kb-gallery-image-contain kadence-blocks-gallery-intrinsic kb-gallery-image-ratio-port23 kb-has-image-ratio-port23\" ><img loading=\"lazy\" decoding=\"async\" src=\"https:\/\/paule-vasseur.com\/wp-content\/uploads\/2025\/09\/LE-LIS-FEI-zoom-650x975-1-500x750-1.webp\" width=\"500\" height=\"750\" alt=\"\" data-full-image=\"https:\/\/paule-vasseur.com\/wp-content\/uploads\/2025\/09\/LE-LIS-FEI-zoom-650x975-1-500x750-1.webp\" data-light-image=\"https:\/\/paule-vasseur.com\/wp-content\/uploads\/2025\/09\/LE-LIS-FEI-zoom-650x975-1-500x750-1.webp\" data-id=\"76678\" class=\"wp-image-76678\" srcset=\"https:\/\/paule-vasseur.com\/wp-content\/uploads\/2025\/09\/LE-LIS-FEI-zoom-650x975-1-500x750-1.webp 500w, https:\/\/paule-vasseur.com\/wp-content\/uploads\/2025\/09\/LE-LIS-FEI-zoom-650x975-1-500x750-1-333x500.webp 333w\" sizes=\"auto, (max-width: 500px) 100vw, 500px\" \/><\/div><div class=\"kadence-blocks-gallery-item__caption\">Collection <br>\u00e9t\u00e9 2015<\/div><\/div><\/a><\/figure><\/div><\/li><li class=\"kadence-blocks-gallery-item\"><div class=\"kadence-blocks-gallery-item-inner\"><figure class=\"kb-gallery-figure kb-gallery-item-has-link kadence-blocks-gallery-item-has-caption\"><a href=\"https:\/\/paule-vasseur.com\/en\/product-category\/anciennes-collections\/\" class=\"kb-gallery-item-link\"  ><div class=\"kb-gal-image-radius\"><div class=\"kb-gallery-image-contain kadence-blocks-gallery-intrinsic kb-gallery-image-ratio-port23 kb-has-image-ratio-port23\" ><img loading=\"lazy\" decoding=\"async\" src=\"https:\/\/paule-vasseur.com\/wp-content\/uploads\/2025\/09\/LE-KLO-FEI2-zoom-500x750-1.webp\" width=\"500\" height=\"750\" alt=\"\" data-full-image=\"https:\/\/paule-vasseur.com\/wp-content\/uploads\/2025\/09\/LE-KLO-FEI2-zoom-500x750-1.webp\" data-light-image=\"https:\/\/paule-vasseur.com\/wp-content\/uploads\/2025\/09\/LE-KLO-FEI2-zoom-500x750-1.webp\" data-id=\"76679\" class=\"wp-image-76679\" srcset=\"https:\/\/paule-vasseur.com\/wp-content\/uploads\/2025\/09\/LE-KLO-FEI2-zoom-500x750-1.webp 500w, https:\/\/paule-vasseur.com\/wp-content\/uploads\/2025\/09\/LE-KLO-FEI2-zoom-500x750-1-333x500.webp 333w\" sizes=\"auto, (max-width: 500px) 100vw, 500px\" \/><\/div><div class=\"kadence-blocks-gallery-item__caption\">Collections <br>pr\u00e9c\u00e9dentes<\/div><\/div><\/a><\/figure><\/div><\/li><\/ul><\/div>\n\n<style>.wp-block-kadence-spacer.kt-block-spacer-76674_ce749a-43 .kt-block-spacer{height:60px;}.wp-block-kadence-spacer.kt-block-spacer-76674_ce749a-43 .kt-divider{border-top-width:1px;height:1px;border-top-color:#eee;width:80%;border-top-style:solid;}<\/style>\n<div class=\"wp-block-kadence-spacer aligncenter kt-block-spacer-76674_ce749a-43\"><div class=\"kt-block-spacer kt-block-spacer-halign-center\"><\/div><\/div>","protected":false},"excerpt":{"rendered":"","protected":false},"author":1,"featured_media":0,"parent":0,"menu_order":0,"comment_status":"closed","ping_status":"closed","template":"","meta":{"_kadence_starter_templates_imported_post":false,"_kad_post_transparent":"","_kad_post_title":"","_kad_post_layout":"","_kad_post_sidebar_id":"","_kad_post_content_style":"","_kad_post_vertical_padding":"","_kad_post_feature":"","_kad_post_feature_position":"","_kad_post_header":false,"_kad_post_footer":false,"_kad_post_classname":"","footnotes":""},"folder":[4175],"class_list":["post-76674","page","type-page","status-publish","hentry"],"yoast_head":"<!-- This site is optimized with the Yoast SEO plugin v27.5 - https:\/\/yoast.com\/product\/yoast-seo-wordpress\/ -->\n<title>Anciennes collections - PAULE VASSEUR<\/title>\n<meta name=\"description\" content=\"Paule Vasseur : le sp\u00e9cialiste des tailleurs habill\u00e9s, robes du soir pour les mariages, la m\u00e8re de la mari\u00e9e, c\u00e9r\u00e9monie religieuse, bar-mitzvah, communions, mariage civil, robe longue.\" \/>\n<meta name=\"robots\" content=\"index, follow, max-snippet:-1, max-image-preview:large, max-video-preview:-1\" \/>\n<link rel=\"canonical\" href=\"https:\/\/paule-vasseur.com\/en\/anciennes-collections-paule-vasseur.htm\" \/>\n<meta property=\"og:locale\" content=\"en_GB\" \/>\n<meta property=\"og:type\" content=\"article\" \/>\n<meta property=\"og:title\" content=\"Anciennes collections - PAULE VASSEUR\" \/>\n<meta property=\"og:description\" content=\"Paule Vasseur : le sp\u00e9cialiste des tailleurs habill\u00e9s, robes du soir pour les mariages, la m\u00e8re de la mari\u00e9e, c\u00e9r\u00e9monie religieuse, bar-mitzvah, communions, mariage civil, robe longue.\" \/>\n<meta property=\"og:url\" content=\"https:\/\/paule-vasseur.com\/en\/anciennes-collections-paule-vasseur.htm\" \/>\n<meta property=\"og:site_name\" content=\"PAULE VASSEUR\" \/>\n<meta property=\"article:modified_time\" content=\"2026-04-13T08:08:35+00:00\" \/>\n<meta property=\"og:image\" content=\"https:\/\/paule-vasseur.com\/wp-content\/uploads\/2025\/09\/double_ligne-removebg-preview.png\" \/>\n\t<meta property=\"og:image:width\" content=\"1160\" \/>\n\t<meta property=\"og:image:height\" content=\"100\" \/>\n\t<meta property=\"og:image:type\" content=\"image\/png\" \/>\n<meta name=\"twitter:card\" content=\"summary_large_image\" \/>\n<meta name=\"twitter:label1\" content=\"Estimated reading time\" \/>\n\t<meta name=\"twitter:data1\" content=\"1 minute\" \/>\n<script type=\"application\/ld+json\" class=\"yoast-schema-graph\">{\"@context\":\"https:\\\/\\\/schema.org\",\"@graph\":[{\"@type\":\"WebPage\",\"@id\":\"https:\\\/\\\/paule-vasseur.com\\\/en\\\/anciennes-collections-paule-vasseur.htm\",\"url\":\"https:\\\/\\\/paule-vasseur.com\\\/en\\\/anciennes-collections-paule-vasseur.htm\",\"name\":\"Anciennes collections - PAULE VASSEUR\",\"isPartOf\":{\"@id\":\"https:\\\/\\\/paule-vasseur.com\\\/en\\\/#website\"},\"primaryImageOfPage\":{\"@id\":\"https:\\\/\\\/paule-vasseur.com\\\/en\\\/anciennes-collections-paule-vasseur.htm#primaryimage\"},\"image\":{\"@id\":\"https:\\\/\\\/paule-vasseur.com\\\/en\\\/anciennes-collections-paule-vasseur.htm#primaryimage\"},\"thumbnailUrl\":\"https:\\\/\\\/paule-vasseur.com\\\/wp-content\\\/uploads\\\/2025\\\/09\\\/double_ligne-removebg-preview.png\",\"datePublished\":\"2025-09-30T12:50:32+00:00\",\"dateModified\":\"2026-04-13T08:08:35+00:00\",\"description\":\"Paule Vasseur : le sp\u00e9cialiste des tailleurs habill\u00e9s, robes du soir pour les mariages, la m\u00e8re de la mari\u00e9e, c\u00e9r\u00e9monie religieuse, bar-mitzvah, communions, mariage civil, robe longue.\",\"breadcrumb\":{\"@id\":\"https:\\\/\\\/paule-vasseur.com\\\/en\\\/anciennes-collections-paule-vasseur.htm#breadcrumb\"},\"inLanguage\":\"en-GB\",\"potentialAction\":[{\"@type\":\"ReadAction\",\"target\":[\"https:\\\/\\\/paule-vasseur.com\\\/en\\\/anciennes-collections-paule-vasseur.htm\"]}]},{\"@type\":\"ImageObject\",\"inLanguage\":\"en-GB\",\"@id\":\"https:\\\/\\\/paule-vasseur.com\\\/en\\\/anciennes-collections-paule-vasseur.htm#primaryimage\",\"url\":\"https:\\\/\\\/paule-vasseur.com\\\/wp-content\\\/uploads\\\/2025\\\/09\\\/double_ligne-removebg-preview.png\",\"contentUrl\":\"https:\\\/\\\/paule-vasseur.com\\\/wp-content\\\/uploads\\\/2025\\\/09\\\/double_ligne-removebg-preview.png\"},{\"@type\":\"BreadcrumbList\",\"@id\":\"https:\\\/\\\/paule-vasseur.com\\\/en\\\/anciennes-collections-paule-vasseur.htm#breadcrumb\",\"itemListElement\":[{\"@type\":\"ListItem\",\"position\":1,\"name\":\"Accueil\",\"item\":\"https:\\\/\\\/paule-vasseur.com\\\/\"},{\"@type\":\"ListItem\",\"position\":2,\"name\":\"Anciennes collections\"}]},{\"@type\":\"WebSite\",\"@id\":\"https:\\\/\\\/paule-vasseur.com\\\/en\\\/#website\",\"url\":\"https:\\\/\\\/paule-vasseur.com\\\/en\\\/\",\"name\":\"RIDEAUX COUTURE\",\"description\":\"\",\"publisher\":{\"@id\":\"https:\\\/\\\/paule-vasseur.com\\\/en\\\/#organization\"},\"potentialAction\":[{\"@type\":\"SearchAction\",\"target\":{\"@type\":\"EntryPoint\",\"urlTemplate\":\"https:\\\/\\\/paule-vasseur.com\\\/en\\\/?s={search_term_string}\"},\"query-input\":{\"@type\":\"PropertyValueSpecification\",\"valueRequired\":true,\"valueName\":\"search_term_string\"}}],\"inLanguage\":\"en-GB\"},{\"@type\":\"Organization\",\"@id\":\"https:\\\/\\\/paule-vasseur.com\\\/en\\\/#organization\",\"name\":\"RIDEAUX COUTURE\",\"url\":\"https:\\\/\\\/paule-vasseur.com\\\/en\\\/\",\"logo\":{\"@type\":\"ImageObject\",\"inLanguage\":\"en-GB\",\"@id\":\"https:\\\/\\\/paule-vasseur.com\\\/en\\\/#\\\/schema\\\/logo\\\/image\\\/\",\"url\":\"https:\\\/\\\/paule-vasseur.com\\\/wp-content\\\/uploads\\\/2025\\\/09\\\/cropped-cropped-logonew2018-2.webp\",\"contentUrl\":\"https:\\\/\\\/paule-vasseur.com\\\/wp-content\\\/uploads\\\/2025\\\/09\\\/cropped-cropped-logonew2018-2.webp\",\"width\":166,\"height\":110,\"caption\":\"RIDEAUX COUTURE\"},\"image\":{\"@id\":\"https:\\\/\\\/paule-vasseur.com\\\/en\\\/#\\\/schema\\\/logo\\\/image\\\/\"}}]}<\/script>\n<!-- \/ Yoast SEO plugin. -->","yoast_head_json":{"title":"Anciennes collections - PAULE VASSEUR","description":"Paule Vasseur: the specialist in dress suits, evening gowns for weddings, mother of the bride, religious ceremonies, bar mitzvahs, communions, civil weddings, long dresses.","robots":{"index":"index","follow":"follow","max-snippet":"max-snippet:-1","max-image-preview":"max-image-preview:large","max-video-preview":"max-video-preview:-1"},"canonical":"https:\/\/paule-vasseur.com\/en\/anciennes-collections-paule-vasseur.htm","og_locale":"en_GB","og_type":"article","og_title":"Anciennes collections - PAULE VASSEUR","og_description":"Paule Vasseur : le sp\u00e9cialiste des tailleurs habill\u00e9s, robes du soir pour les mariages, la m\u00e8re de la mari\u00e9e, c\u00e9r\u00e9monie religieuse, bar-mitzvah, communions, mariage civil, robe longue.","og_url":"https:\/\/paule-vasseur.com\/en\/anciennes-collections-paule-vasseur.htm","og_site_name":"PAULE VASSEUR","article_modified_time":"2026-04-13T08:08:35+00:00","og_image":[{"width":1160,"height":100,"url":"https:\/\/paule-vasseur.com\/wp-content\/uploads\/2025\/09\/double_ligne-removebg-preview.png","type":"image\/png"}],"twitter_card":"summary_large_image","twitter_misc":{"Estimated reading time":"1 minute"},"schema":{"@context":"https:\/\/schema.org","@graph":[{"@type":"WebPage","@id":"https:\/\/paule-vasseur.com\/en\/anciennes-collections-paule-vasseur.htm","url":"https:\/\/paule-vasseur.com\/en\/anciennes-collections-paule-vasseur.htm","name":"Anciennes collections - PAULE VASSEUR","isPartOf":{"@id":"https:\/\/paule-vasseur.com\/en\/#website"},"primaryImageOfPage":{"@id":"https:\/\/paule-vasseur.com\/en\/anciennes-collections-paule-vasseur.htm#primaryimage"},"image":{"@id":"https:\/\/paule-vasseur.com\/en\/anciennes-collections-paule-vasseur.htm#primaryimage"},"thumbnailUrl":"https:\/\/paule-vasseur.com\/wp-content\/uploads\/2025\/09\/double_ligne-removebg-preview.png","datePublished":"2025-09-30T12:50:32+00:00","dateModified":"2026-04-13T08:08:35+00:00","description":"Paule Vasseur: the specialist in dress suits, evening gowns for weddings, mother of the bride, religious ceremonies, bar mitzvahs, communions, civil weddings, long dresses.","breadcrumb":{"@id":"https:\/\/paule-vasseur.com\/en\/anciennes-collections-paule-vasseur.htm#breadcrumb"},"inLanguage":"en-GB","potentialAction":[{"@type":"ReadAction","target":["https:\/\/paule-vasseur.com\/en\/anciennes-collections-paule-vasseur.htm"]}]},{"@type":"ImageObject","inLanguage":"en-GB","@id":"https:\/\/paule-vasseur.com\/en\/anciennes-collections-paule-vasseur.htm#primaryimage","url":"https:\/\/paule-vasseur.com\/wp-content\/uploads\/2025\/09\/double_ligne-removebg-preview.png","contentUrl":"https:\/\/paule-vasseur.com\/wp-content\/uploads\/2025\/09\/double_ligne-removebg-preview.png"},{"@type":"BreadcrumbList","@id":"https:\/\/paule-vasseur.com\/en\/anciennes-collections-paule-vasseur.htm#breadcrumb","itemListElement":[{"@type":"ListItem","position":1,"name":"Accueil","item":"https:\/\/paule-vasseur.com\/"},{"@type":"ListItem","position":2,"name":"Anciennes collections"}]},{"@type":"WebSite","@id":"https:\/\/paule-vasseur.com\/en\/#website","url":"https:\/\/paule-vasseur.com\/en\/","name":"SEWN CURTAINS","description":"","publisher":{"@id":"https:\/\/paule-vasseur.com\/en\/#organization"},"potentialAction":[{"@type":"SearchAction","target":{"@type":"EntryPoint","urlTemplate":"https:\/\/paule-vasseur.com\/en\/?s={search_term_string}"},"query-input":{"@type":"PropertyValueSpecification","valueRequired":true,"valueName":"search_term_string"}}],"inLanguage":"en-GB"},{"@type":"Organization","@id":"https:\/\/paule-vasseur.com\/en\/#organization","name":"SEWN CURTAINS","url":"https:\/\/paule-vasseur.com\/en\/","logo":{"@type":"ImageObject","inLanguage":"en-GB","@id":"https:\/\/paule-vasseur.com\/en\/#\/schema\/logo\/image\/","url":"https:\/\/paule-vasseur.com\/wp-content\/uploads\/2025\/09\/cropped-cropped-logonew2018-2.webp","contentUrl":"https:\/\/paule-vasseur.com\/wp-content\/uploads\/2025\/09\/cropped-cropped-logonew2018-2.webp","width":166,"height":110,"caption":"RIDEAUX COUTURE"},"image":{"@id":"https:\/\/paule-vasseur.com\/en\/#\/schema\/logo\/image\/"}}]}},"_links":{"self":[{"href":"https:\/\/paule-vasseur.com\/en\/wp-json\/wp\/v2\/pages\/76674","targetHints":{"allow":["GET"]}}],"collection":[{"href":"https:\/\/paule-vasseur.com\/en\/wp-json\/wp\/v2\/pages"}],"about":[{"href":"https:\/\/paule-vasseur.com\/en\/wp-json\/wp\/v2\/types\/page"}],"author":[{"embeddable":true,"href":"https:\/\/paule-vasseur.com\/en\/wp-json\/wp\/v2\/users\/1"}],"replies":[{"embeddable":true,"href":"https:\/\/paule-vasseur.com\/en\/wp-json\/wp\/v2\/comments?post=76674"}],"version-history":[{"count":25,"href":"https:\/\/paule-vasseur.com\/en\/wp-json\/wp\/v2\/pages\/76674\/revisions"}],"predecessor-version":[{"id":78915,"href":"https:\/\/paule-vasseur.com\/en\/wp-json\/wp\/v2\/pages\/76674\/revisions\/78915"}],"wp:attachment":[{"href":"https:\/\/paule-vasseur.com\/en\/wp-json\/wp\/v2\/media?parent=76674"}],"wp:term":[{"taxonomy":"folder","embeddable":true,"href":"https:\/\/paule-vasseur.com\/en\/wp-json\/wp\/v2\/folder?post=76674"}],"curies":[{"name":"wp","href":"https:\/\/api.w.org\/{rel}","templated":true}]}}