{"id":76747,"date":"2025-09-30T16:13:40","date_gmt":"2025-09-30T14:13:40","guid":{"rendered":"https:\/\/paule-vasseur.com\/?page_id=76747"},"modified":"2025-09-30T16:13:41","modified_gmt":"2025-09-30T14:13:41","slug":"robe-femme-invitee-mariage","status":"publish","type":"page","link":"https:\/\/paule-vasseur.com\/en\/robe-femme-invitee-mariage.htm","title":{"rendered":"Magenta Spring Summer 2025 formalwear collection"},"content":{"rendered":"<div class=\"wp-block-image\">\n<figure class=\"aligncenter size-full is-resized\"><img loading=\"lazy\" decoding=\"async\" width=\"1160\" height=\"100\" src=\"https:\/\/paule-vasseur.com\/wp-content\/uploads\/2025\/09\/double_ligne-removebg-preview.png\" alt=\"\" class=\"wp-image-69230\" style=\"width:414px;height:auto\" srcset=\"https:\/\/paule-vasseur.com\/wp-content\/uploads\/2025\/09\/double_ligne-removebg-preview.png 1160w, https:\/\/paule-vasseur.com\/wp-content\/uploads\/2025\/09\/double_ligne-removebg-preview-500x43.png 500w, https:\/\/paule-vasseur.com\/wp-content\/uploads\/2025\/09\/double_ligne-removebg-preview-1024x88.png 1024w, https:\/\/paule-vasseur.com\/wp-content\/uploads\/2025\/09\/double_ligne-removebg-preview-768x66.png 768w, https:\/\/paule-vasseur.com\/wp-content\/uploads\/2025\/09\/double_ligne-removebg-preview-650x56.png 650w\" sizes=\"auto, (max-width: 1160px) 100vw, 1160px\" \/><\/figure>\n<\/div>\n\n<style>.kb-row-layout-id76747_898227-91 > .kt-row-column-wrap{align-content:start;}:where(.kb-row-layout-id76747_898227-91 > .kt-row-column-wrap) > .wp-block-kadence-column{justify-content:start;}.kb-row-layout-id76747_898227-91 > .kt-row-column-wrap{column-gap:var(--global-kb-gap-md, 2rem);row-gap:var(--global-kb-gap-md, 2rem);padding-top:var(--global-kb-spacing-sm, 1.5rem);padding-bottom:var(--global-kb-spacing-sm, 1.5rem);grid-template-columns:repeat(2, minmax(0, 1fr));}.kb-row-layout-id76747_898227-91 > .kt-row-layout-overlay{opacity:0.30;}@media all and (max-width: 1024px){.kb-row-layout-id76747_898227-91 > .kt-row-column-wrap{grid-template-columns:repeat(2, minmax(0, 1fr));}}@media all and (max-width: 767px){.kb-row-layout-id76747_898227-91 > .kt-row-column-wrap{grid-template-columns:minmax(0, 1fr);}}<\/style><div class=\"kb-row-layout-wrap kb-row-layout-id76747_898227-91 alignnone wp-block-kadence-rowlayout\"><div class=\"kt-row-column-wrap kt-has-2-columns kt-row-layout-equal kt-tab-layout-inherit kt-mobile-layout-row kt-row-valign-top\">\n<style>.kadence-column76747_db354f-3b > .kt-inside-inner-col,.kadence-column76747_db354f-3b > .kt-inside-inner-col:before{border-top-left-radius:0px;border-top-right-radius:0px;border-bottom-right-radius:0px;border-bottom-left-radius:0px;}.kadence-column76747_db354f-3b > .kt-inside-inner-col{column-gap:var(--global-kb-gap-sm, 1rem);}.kadence-column76747_db354f-3b > .kt-inside-inner-col{flex-direction:column;}.kadence-column76747_db354f-3b > .kt-inside-inner-col > .aligncenter{width:100%;}.kadence-column76747_db354f-3b > .kt-inside-inner-col:before{opacity:0.3;}.kadence-column76747_db354f-3b{position:relative;}@media all and (max-width: 1024px){.kadence-column76747_db354f-3b > .kt-inside-inner-col{flex-direction:column;justify-content:center;}}@media all and (max-width: 767px){.kadence-column76747_db354f-3b > .kt-inside-inner-col{flex-direction:column;justify-content:center;}}<\/style>\n<div class=\"wp-block-kadence-column kadence-column76747_db354f-3b\"><div class=\"kt-inside-inner-col\"><style>.kb-image76747_8c039a-59 .kb-image-has-overlay:after{opacity:0.3;}<\/style>\n<figure class=\"wp-block-kadence-image kb-image76747_8c039a-59 size-full kb-image-is-ratio-size\"><div class=\"kb-is-ratio-image kb-image-ratio-port23\"><img loading=\"lazy\" decoding=\"async\" width=\"1200\" height=\"953\" src=\"https:\/\/paule-vasseur.com\/wp-content\/uploads\/2025\/09\/magenta-e23-theme-akola-robe-marine-etole-oxyde-04.jpg\" alt=\"\" class=\"kb-img wp-image-76752\" srcset=\"https:\/\/paule-vasseur.com\/wp-content\/uploads\/2025\/09\/magenta-e23-theme-akola-robe-marine-etole-oxyde-04.jpg 1200w, https:\/\/paule-vasseur.com\/wp-content\/uploads\/2025\/09\/magenta-e23-theme-akola-robe-marine-etole-oxyde-04-500x397.jpg 500w, https:\/\/paule-vasseur.com\/wp-content\/uploads\/2025\/09\/magenta-e23-theme-akola-robe-marine-etole-oxyde-04-1024x813.jpg 1024w, https:\/\/paule-vasseur.com\/wp-content\/uploads\/2025\/09\/magenta-e23-theme-akola-robe-marine-etole-oxyde-04-768x610.jpg 768w, https:\/\/paule-vasseur.com\/wp-content\/uploads\/2025\/09\/magenta-e23-theme-akola-robe-marine-etole-oxyde-04-650x516.jpg 650w\" sizes=\"auto, (max-width: 1200px) 100vw, 1200px\" \/><\/div><\/figure>\n\n\n<style>.kb-image76747_36c73f-94 .kb-image-has-overlay:after{opacity:0.3;}<\/style>\n<figure class=\"wp-block-kadence-image kb-image76747_36c73f-94 size-large kb-image-is-ratio-size\"><div class=\"kb-is-ratio-image kb-image-ratio-land169\"><img loading=\"lazy\" decoding=\"async\" width=\"1024\" height=\"576\" src=\"https:\/\/paule-vasseur.com\/wp-content\/uploads\/2025\/09\/ambiance-nude-1024x576.jpg\" alt=\"\" class=\"kb-img wp-image-76750\" srcset=\"https:\/\/paule-vasseur.com\/wp-content\/uploads\/2025\/09\/ambiance-nude-1024x576.jpg 1024w, https:\/\/paule-vasseur.com\/wp-content\/uploads\/2025\/09\/ambiance-nude-500x281.jpg 500w, https:\/\/paule-vasseur.com\/wp-content\/uploads\/2025\/09\/ambiance-nude-768x432.jpg 768w, https:\/\/paule-vasseur.com\/wp-content\/uploads\/2025\/09\/ambiance-nude-1536x864.jpg 1536w, https:\/\/paule-vasseur.com\/wp-content\/uploads\/2025\/09\/ambiance-nude-650x366.jpg 650w, https:\/\/paule-vasseur.com\/wp-content\/uploads\/2025\/09\/ambiance-nude.jpg 1920w\" sizes=\"auto, (max-width: 1024px) 100vw, 1024px\" \/><\/div><\/figure>\n\n\n<style>.kb-image76747_4489b1-8b .kb-image-has-overlay:after{opacity:0.3;}<\/style>\n<figure class=\"wp-block-kadence-image kb-image76747_4489b1-8b size-large kb-image-is-ratio-size\"><div class=\"kb-is-ratio-image kb-image-ratio-port23\"><img loading=\"lazy\" decoding=\"async\" width=\"648\" height=\"1024\" src=\"https:\/\/paule-vasseur.com\/wp-content\/uploads\/2025\/09\/magenta-e23-theme-doupion-veste-thalia-robe-cascade-02-648x1024.jpg\" alt=\"\" class=\"kb-img wp-image-76754\" srcset=\"https:\/\/paule-vasseur.com\/wp-content\/uploads\/2025\/09\/magenta-e23-theme-doupion-veste-thalia-robe-cascade-02-648x1024.jpg 648w, https:\/\/paule-vasseur.com\/wp-content\/uploads\/2025\/09\/magenta-e23-theme-doupion-veste-thalia-robe-cascade-02-316x500.jpg 316w, https:\/\/paule-vasseur.com\/wp-content\/uploads\/2025\/09\/magenta-e23-theme-doupion-veste-thalia-robe-cascade-02-768x1214.jpg 768w, https:\/\/paule-vasseur.com\/wp-content\/uploads\/2025\/09\/magenta-e23-theme-doupion-veste-thalia-robe-cascade-02-972x1536.jpg 972w, https:\/\/paule-vasseur.com\/wp-content\/uploads\/2025\/09\/magenta-e23-theme-doupion-veste-thalia-robe-cascade-02-500x791.jpg 500w, https:\/\/paule-vasseur.com\/wp-content\/uploads\/2025\/09\/magenta-e23-theme-doupion-veste-thalia-robe-cascade-02-650x1028.jpg 650w, https:\/\/paule-vasseur.com\/wp-content\/uploads\/2025\/09\/magenta-e23-theme-doupion-veste-thalia-robe-cascade-02.jpg 1012w\" sizes=\"auto, (max-width: 648px) 100vw, 648px\" \/><\/div><\/figure>\n\n\n\n<h2 class=\"wp-block-heading\">Fresh, seductive formalwear for this summer<\/h2>\n\n\n\n<p>A twist of personality and freshness. Our expertise will enable us to offer you a range of different models and to show you our carefully crafted materials and finishes. We'll find the model that suits you best. We'll accompany you to the boutique and help you coordinate your hat, clutch and shoes to make the most of your outfit.<\/p>\n<\/div><\/div>\n\n\n<style>.kadence-column76747_9dadfe-01 > .kt-inside-inner-col,.kadence-column76747_9dadfe-01 > .kt-inside-inner-col:before{border-top-left-radius:0px;border-top-right-radius:0px;border-bottom-right-radius:0px;border-bottom-left-radius:0px;}.kadence-column76747_9dadfe-01 > .kt-inside-inner-col{column-gap:var(--global-kb-gap-sm, 1rem);}.kadence-column76747_9dadfe-01 > .kt-inside-inner-col{flex-direction:column;}.kadence-column76747_9dadfe-01 > .kt-inside-inner-col > .aligncenter{width:100%;}.kadence-column76747_9dadfe-01 > .kt-inside-inner-col:before{opacity:0.3;}.kadence-column76747_9dadfe-01{position:relative;}@media all and (max-width: 1024px){.kadence-column76747_9dadfe-01 > .kt-inside-inner-col{flex-direction:column;justify-content:center;}}@media all and (max-width: 767px){.kadence-column76747_9dadfe-01 > .kt-inside-inner-col{flex-direction:column;justify-content:center;}}<\/style>\n<div class=\"wp-block-kadence-column kadence-column76747_9dadfe-01\"><div class=\"kt-inside-inner-col\"><style>.kb-image76747_ae14a2-ed .kb-image-has-overlay:after{opacity:0.3;}<\/style>\n<figure class=\"wp-block-kadence-image kb-image76747_ae14a2-ed size-full kb-image-is-ratio-size\"><div class=\"kb-is-ratio-image kb-image-ratio-port23\"><img loading=\"lazy\" decoding=\"async\" width=\"1200\" height=\"1174\" src=\"https:\/\/paule-vasseur.com\/wp-content\/uploads\/2025\/09\/magenta-e23-theme-akola-robe-marine-etole-oxyde-02.jpg\" alt=\"\" class=\"kb-img wp-image-76751\" srcset=\"https:\/\/paule-vasseur.com\/wp-content\/uploads\/2025\/09\/magenta-e23-theme-akola-robe-marine-etole-oxyde-02.jpg 1200w, https:\/\/paule-vasseur.com\/wp-content\/uploads\/2025\/09\/magenta-e23-theme-akola-robe-marine-etole-oxyde-02-500x489.jpg 500w, https:\/\/paule-vasseur.com\/wp-content\/uploads\/2025\/09\/magenta-e23-theme-akola-robe-marine-etole-oxyde-02-1024x1002.jpg 1024w, https:\/\/paule-vasseur.com\/wp-content\/uploads\/2025\/09\/magenta-e23-theme-akola-robe-marine-etole-oxyde-02-768x751.jpg 768w, https:\/\/paule-vasseur.com\/wp-content\/uploads\/2025\/09\/magenta-e23-theme-akola-robe-marine-etole-oxyde-02-650x636.jpg 650w, https:\/\/paule-vasseur.com\/wp-content\/uploads\/2025\/09\/magenta-e23-theme-akola-robe-marine-etole-oxyde-02-50x50.jpg 50w, https:\/\/paule-vasseur.com\/wp-content\/uploads\/2025\/09\/magenta-e23-theme-akola-robe-marine-etole-oxyde-02-32x32.jpg 32w\" sizes=\"auto, (max-width: 1200px) 100vw, 1200px\" \/><\/div><\/figure>\n\n\n\n<h2 class=\"wp-block-heading\">Magenta: a timeless colour to enhance your ceremonies<\/h2>\n\n\n\n<p>Ceremonies are the perfect opportunity to wear exceptional outfits... A spectacular flower, the perfect outfit for a dressy day. Colourful and designed, this pattern will enhance this elaborate dress, particularly suited to all your figures.<\/p>\n\n\n\n<p>The matching magenta dress and little jacket is timeless. Magenta, a flattering, healthy-looking colour, combined with this quality silk, ensures elegance for all your events.<\/p>\n\n\n<style>.kb-image76747_e3b0b9-be .kb-image-has-overlay:after{opacity:0.3;}<\/style>\n<figure class=\"wp-block-kadence-image kb-image76747_e3b0b9-be size-large kb-image-is-ratio-size\"><div class=\"kb-is-ratio-image kb-image-ratio-port23\"><img loading=\"lazy\" decoding=\"async\" width=\"682\" height=\"1024\" src=\"https:\/\/paule-vasseur.com\/wp-content\/uploads\/2025\/09\/magenta-e23-theme-doupion-veste-thalia-robe-cascade-01-682x1024.jpg\" alt=\"\" class=\"kb-img wp-image-76753\" srcset=\"https:\/\/paule-vasseur.com\/wp-content\/uploads\/2025\/09\/magenta-e23-theme-doupion-veste-thalia-robe-cascade-01-682x1024.jpg 682w, https:\/\/paule-vasseur.com\/wp-content\/uploads\/2025\/09\/magenta-e23-theme-doupion-veste-thalia-robe-cascade-01-333x500.jpg 333w, https:\/\/paule-vasseur.com\/wp-content\/uploads\/2025\/09\/magenta-e23-theme-doupion-veste-thalia-robe-cascade-01-768x1154.jpg 768w, https:\/\/paule-vasseur.com\/wp-content\/uploads\/2025\/09\/magenta-e23-theme-doupion-veste-thalia-robe-cascade-01-1022x1536.jpg 1022w, https:\/\/paule-vasseur.com\/wp-content\/uploads\/2025\/09\/magenta-e23-theme-doupion-veste-thalia-robe-cascade-01-500x751.jpg 500w, https:\/\/paule-vasseur.com\/wp-content\/uploads\/2025\/09\/magenta-e23-theme-doupion-veste-thalia-robe-cascade-01-650x977.jpg 650w, https:\/\/paule-vasseur.com\/wp-content\/uploads\/2025\/09\/magenta-e23-theme-doupion-veste-thalia-robe-cascade-01.jpg 1065w\" sizes=\"auto, (max-width: 682px) 100vw, 682px\" \/><\/div><\/figure>\n\n\n<style>.kb-image76747_8ce00e-94 .kb-image-has-overlay:after{opacity:0.3;}<\/style>\n<figure class=\"wp-block-kadence-image kb-image76747_8ce00e-94 size-large kb-image-is-ratio-size\"><div class=\"kb-is-ratio-image kb-image-ratio-land43\"><img loading=\"lazy\" decoding=\"async\" width=\"1024\" height=\"838\" src=\"https:\/\/paule-vasseur.com\/wp-content\/uploads\/2025\/09\/ambiance-disco-mariage-1024x838.jpg\" alt=\"\" class=\"kb-img wp-image-76749\" srcset=\"https:\/\/paule-vasseur.com\/wp-content\/uploads\/2025\/09\/ambiance-disco-mariage-1024x838.jpg 1024w, https:\/\/paule-vasseur.com\/wp-content\/uploads\/2025\/09\/ambiance-disco-mariage-500x409.jpg 500w, https:\/\/paule-vasseur.com\/wp-content\/uploads\/2025\/09\/ambiance-disco-mariage-768x628.jpg 768w, https:\/\/paule-vasseur.com\/wp-content\/uploads\/2025\/09\/ambiance-disco-mariage-650x532.jpg 650w, https:\/\/paule-vasseur.com\/wp-content\/uploads\/2025\/09\/ambiance-disco-mariage.jpg 1200w\" sizes=\"auto, (max-width: 1024px) 100vw, 1024px\" \/><\/div><\/figure>\n<\/div><\/div>\n\n<\/div><\/div>\n\n\n<p><\/p>","protected":false},"excerpt":{"rendered":"<p>Une tenue de c\u00e9r\u00e9monie fra\u00eeche et s\u00e9duisante pour cet \u00e9t\u00e9 Un twist de personnalit\u00e9 et de fraicheur. Notre savoir-faire nous permettra de vous pr\u00e9senter diff\u00e9rents mod\u00e8les et de vous faire appr\u00e9cier nos mati\u00e8res et finitions travaill\u00e9es avec le plus grand soin. Nous trouverons le mod\u00e8le qui saura vous mettre en valeur. Nous vous accompagnerons en&#8230;<\/p>","protected":false},"author":1,"featured_media":0,"parent":0,"menu_order":0,"comment_status":"closed","ping_status":"closed","template":"","meta":{"_kadence_starter_templates_imported_post":false,"_kad_post_transparent":"","_kad_post_title":"","_kad_post_layout":"","_kad_post_sidebar_id":"","_kad_post_content_style":"","_kad_post_vertical_padding":"","_kad_post_feature":"","_kad_post_feature_position":"","_kad_post_header":false,"_kad_post_footer":false,"_kad_post_classname":"","footnotes":""},"folder":[4281],"class_list":["post-76747","page","type-page","status-publish","hentry"],"yoast_head":"<!-- This site is optimized with the Yoast SEO plugin v27.4 - https:\/\/yoast.com\/product\/yoast-seo-wordpress\/ -->\n<title>Collection de tenues de c\u00e9r\u00e9monie Magenta printemps \u00e9t\u00e9 2025 - PAULE VASSEUR<\/title>\n<meta name=\"robots\" content=\"index, follow, max-snippet:-1, max-image-preview:large, max-video-preview:-1\" \/>\n<link rel=\"canonical\" href=\"https:\/\/paule-vasseur.com\/en\/dress-woman-wedding-guest-htm\" \/>\n<meta property=\"og:locale\" content=\"en_GB\" \/>\n<meta property=\"og:type\" content=\"article\" \/>\n<meta property=\"og:title\" content=\"Collection de tenues de c\u00e9r\u00e9monie Magenta printemps \u00e9t\u00e9 2025 - PAULE VASSEUR\" \/>\n<meta property=\"og:description\" content=\"Une tenue de c\u00e9r\u00e9monie fra\u00eeche et s\u00e9duisante pour cet \u00e9t\u00e9 Un twist de personnalit\u00e9 et de fraicheur. Notre savoir-faire nous permettra de vous pr\u00e9senter diff\u00e9rents mod\u00e8les et de vous faire appr\u00e9cier nos mati\u00e8res et finitions travaill\u00e9es avec le plus grand soin. Nous trouverons le mod\u00e8le qui saura vous mettre en valeur. Nous vous accompagnerons en...\" \/>\n<meta property=\"og:url\" content=\"https:\/\/paule-vasseur.com\/en\/dress-woman-wedding-guest-htm\" \/>\n<meta property=\"og:site_name\" content=\"PAULE VASSEUR\" \/>\n<meta property=\"article:modified_time\" content=\"2025-09-30T14:13:41+00:00\" \/>\n<meta property=\"og:image\" content=\"https:\/\/paule-vasseur.com\/wp-content\/uploads\/2025\/09\/double_ligne-removebg-preview.png\" \/>\n\t<meta property=\"og:image:width\" content=\"1160\" \/>\n\t<meta property=\"og:image:height\" content=\"100\" \/>\n\t<meta property=\"og:image:type\" content=\"image\/png\" \/>\n<meta name=\"twitter:card\" content=\"summary_large_image\" \/>\n<meta name=\"twitter:label1\" content=\"Estimated reading time\" \/>\n\t<meta name=\"twitter:data1\" content=\"3 minutes\" \/>\n<script type=\"application\/ld+json\" class=\"yoast-schema-graph\">{\"@context\":\"https:\\\/\\\/schema.org\",\"@graph\":[{\"@type\":\"WebPage\",\"@id\":\"https:\\\/\\\/paule-vasseur.com\\\/en\\\/robe-femme-invitee-mariage.htm\",\"url\":\"https:\\\/\\\/paule-vasseur.com\\\/en\\\/robe-femme-invitee-mariage.htm\",\"name\":\"Collection de tenues de c\u00e9r\u00e9monie Magenta printemps \u00e9t\u00e9 2025 - PAULE VASSEUR\",\"isPartOf\":{\"@id\":\"https:\\\/\\\/paule-vasseur.com\\\/en\\\/#website\"},\"primaryImageOfPage\":{\"@id\":\"https:\\\/\\\/paule-vasseur.com\\\/en\\\/robe-femme-invitee-mariage.htm#primaryimage\"},\"image\":{\"@id\":\"https:\\\/\\\/paule-vasseur.com\\\/en\\\/robe-femme-invitee-mariage.htm#primaryimage\"},\"thumbnailUrl\":\"https:\\\/\\\/paule-vasseur.com\\\/wp-content\\\/uploads\\\/2025\\\/09\\\/double_ligne-removebg-preview.png\",\"datePublished\":\"2025-09-30T14:13:40+00:00\",\"dateModified\":\"2025-09-30T14:13:41+00:00\",\"breadcrumb\":{\"@id\":\"https:\\\/\\\/paule-vasseur.com\\\/en\\\/robe-femme-invitee-mariage.htm#breadcrumb\"},\"inLanguage\":\"en-GB\",\"potentialAction\":[{\"@type\":\"ReadAction\",\"target\":[\"https:\\\/\\\/paule-vasseur.com\\\/en\\\/robe-femme-invitee-mariage.htm\"]}]},{\"@type\":\"ImageObject\",\"inLanguage\":\"en-GB\",\"@id\":\"https:\\\/\\\/paule-vasseur.com\\\/en\\\/robe-femme-invitee-mariage.htm#primaryimage\",\"url\":\"https:\\\/\\\/paule-vasseur.com\\\/wp-content\\\/uploads\\\/2025\\\/09\\\/double_ligne-removebg-preview.png\",\"contentUrl\":\"https:\\\/\\\/paule-vasseur.com\\\/wp-content\\\/uploads\\\/2025\\\/09\\\/double_ligne-removebg-preview.png\"},{\"@type\":\"BreadcrumbList\",\"@id\":\"https:\\\/\\\/paule-vasseur.com\\\/en\\\/robe-femme-invitee-mariage.htm#breadcrumb\",\"itemListElement\":[{\"@type\":\"ListItem\",\"position\":1,\"name\":\"Accueil\",\"item\":\"https:\\\/\\\/paule-vasseur.com\\\/\"},{\"@type\":\"ListItem\",\"position\":2,\"name\":\"Collection de tenues de c\u00e9r\u00e9monie Magenta printemps \u00e9t\u00e9 2025\"}]},{\"@type\":\"WebSite\",\"@id\":\"https:\\\/\\\/paule-vasseur.com\\\/en\\\/#website\",\"url\":\"https:\\\/\\\/paule-vasseur.com\\\/en\\\/\",\"name\":\"RIDEAUX COUTURE\",\"description\":\"\",\"publisher\":{\"@id\":\"https:\\\/\\\/paule-vasseur.com\\\/en\\\/#organization\"},\"potentialAction\":[{\"@type\":\"SearchAction\",\"target\":{\"@type\":\"EntryPoint\",\"urlTemplate\":\"https:\\\/\\\/paule-vasseur.com\\\/en\\\/?s={search_term_string}\"},\"query-input\":{\"@type\":\"PropertyValueSpecification\",\"valueRequired\":true,\"valueName\":\"search_term_string\"}}],\"inLanguage\":\"en-GB\"},{\"@type\":\"Organization\",\"@id\":\"https:\\\/\\\/paule-vasseur.com\\\/en\\\/#organization\",\"name\":\"RIDEAUX COUTURE\",\"url\":\"https:\\\/\\\/paule-vasseur.com\\\/en\\\/\",\"logo\":{\"@type\":\"ImageObject\",\"inLanguage\":\"en-GB\",\"@id\":\"https:\\\/\\\/paule-vasseur.com\\\/en\\\/#\\\/schema\\\/logo\\\/image\\\/\",\"url\":\"https:\\\/\\\/paule-vasseur.com\\\/wp-content\\\/uploads\\\/2025\\\/09\\\/cropped-cropped-logonew2018-2.webp\",\"contentUrl\":\"https:\\\/\\\/paule-vasseur.com\\\/wp-content\\\/uploads\\\/2025\\\/09\\\/cropped-cropped-logonew2018-2.webp\",\"width\":166,\"height\":110,\"caption\":\"RIDEAUX COUTURE\"},\"image\":{\"@id\":\"https:\\\/\\\/paule-vasseur.com\\\/en\\\/#\\\/schema\\\/logo\\\/image\\\/\"}}]}<\/script>\n<!-- \/ Yoast SEO plugin. -->","yoast_head_json":{"title":"Magenta Spring Summer 2025 formalwear collection - PAULE VASSEUR","robots":{"index":"index","follow":"follow","max-snippet":"max-snippet:-1","max-image-preview":"max-image-preview:large","max-video-preview":"max-video-preview:-1"},"canonical":"https:\/\/paule-vasseur.com\/en\/dress-woman-wedding-guest-htm","og_locale":"en_GB","og_type":"article","og_title":"Collection de tenues de c\u00e9r\u00e9monie Magenta printemps \u00e9t\u00e9 2025 - PAULE VASSEUR","og_description":"Une tenue de c\u00e9r\u00e9monie fra\u00eeche et s\u00e9duisante pour cet \u00e9t\u00e9 Un twist de personnalit\u00e9 et de fraicheur. Notre savoir-faire nous permettra de vous pr\u00e9senter diff\u00e9rents mod\u00e8les et de vous faire appr\u00e9cier nos mati\u00e8res et finitions travaill\u00e9es avec le plus grand soin. Nous trouverons le mod\u00e8le qui saura vous mettre en valeur. Nous vous accompagnerons en...","og_url":"https:\/\/paule-vasseur.com\/en\/dress-woman-wedding-guest-htm","og_site_name":"PAULE VASSEUR","article_modified_time":"2025-09-30T14:13:41+00:00","og_image":[{"width":1160,"height":100,"url":"https:\/\/paule-vasseur.com\/wp-content\/uploads\/2025\/09\/double_ligne-removebg-preview.png","type":"image\/png"}],"twitter_card":"summary_large_image","twitter_misc":{"Estimated reading time":"3 minutes"},"schema":{"@context":"https:\/\/schema.org","@graph":[{"@type":"WebPage","@id":"https:\/\/paule-vasseur.com\/en\/robe-femme-invitee-mariage.htm","url":"https:\/\/paule-vasseur.com\/en\/robe-femme-invitee-mariage.htm","name":"Magenta Spring Summer 2025 formalwear collection - PAULE VASSEUR","isPartOf":{"@id":"https:\/\/paule-vasseur.com\/en\/#website"},"primaryImageOfPage":{"@id":"https:\/\/paule-vasseur.com\/en\/robe-femme-invitee-mariage.htm#primaryimage"},"image":{"@id":"https:\/\/paule-vasseur.com\/en\/robe-femme-invitee-mariage.htm#primaryimage"},"thumbnailUrl":"https:\/\/paule-vasseur.com\/wp-content\/uploads\/2025\/09\/double_ligne-removebg-preview.png","datePublished":"2025-09-30T14:13:40+00:00","dateModified":"2025-09-30T14:13:41+00:00","breadcrumb":{"@id":"https:\/\/paule-vasseur.com\/en\/robe-femme-invitee-mariage.htm#breadcrumb"},"inLanguage":"en-GB","potentialAction":[{"@type":"ReadAction","target":["https:\/\/paule-vasseur.com\/en\/robe-femme-invitee-mariage.htm"]}]},{"@type":"ImageObject","inLanguage":"en-GB","@id":"https:\/\/paule-vasseur.com\/en\/robe-femme-invitee-mariage.htm#primaryimage","url":"https:\/\/paule-vasseur.com\/wp-content\/uploads\/2025\/09\/double_ligne-removebg-preview.png","contentUrl":"https:\/\/paule-vasseur.com\/wp-content\/uploads\/2025\/09\/double_ligne-removebg-preview.png"},{"@type":"BreadcrumbList","@id":"https:\/\/paule-vasseur.com\/en\/robe-femme-invitee-mariage.htm#breadcrumb","itemListElement":[{"@type":"ListItem","position":1,"name":"Accueil","item":"https:\/\/paule-vasseur.com\/"},{"@type":"ListItem","position":2,"name":"Collection de tenues de c\u00e9r\u00e9monie Magenta printemps \u00e9t\u00e9 2025"}]},{"@type":"WebSite","@id":"https:\/\/paule-vasseur.com\/en\/#website","url":"https:\/\/paule-vasseur.com\/en\/","name":"SEWN CURTAINS","description":"","publisher":{"@id":"https:\/\/paule-vasseur.com\/en\/#organization"},"potentialAction":[{"@type":"SearchAction","target":{"@type":"EntryPoint","urlTemplate":"https:\/\/paule-vasseur.com\/en\/?s={search_term_string}"},"query-input":{"@type":"PropertyValueSpecification","valueRequired":true,"valueName":"search_term_string"}}],"inLanguage":"en-GB"},{"@type":"Organization","@id":"https:\/\/paule-vasseur.com\/en\/#organization","name":"SEWN CURTAINS","url":"https:\/\/paule-vasseur.com\/en\/","logo":{"@type":"ImageObject","inLanguage":"en-GB","@id":"https:\/\/paule-vasseur.com\/en\/#\/schema\/logo\/image\/","url":"https:\/\/paule-vasseur.com\/wp-content\/uploads\/2025\/09\/cropped-cropped-logonew2018-2.webp","contentUrl":"https:\/\/paule-vasseur.com\/wp-content\/uploads\/2025\/09\/cropped-cropped-logonew2018-2.webp","width":166,"height":110,"caption":"RIDEAUX COUTURE"},"image":{"@id":"https:\/\/paule-vasseur.com\/en\/#\/schema\/logo\/image\/"}}]}},"_links":{"self":[{"href":"https:\/\/paule-vasseur.com\/en\/wp-json\/wp\/v2\/pages\/76747","targetHints":{"allow":["GET"]}}],"collection":[{"href":"https:\/\/paule-vasseur.com\/en\/wp-json\/wp\/v2\/pages"}],"about":[{"href":"https:\/\/paule-vasseur.com\/en\/wp-json\/wp\/v2\/types\/page"}],"author":[{"embeddable":true,"href":"https:\/\/paule-vasseur.com\/en\/wp-json\/wp\/v2\/users\/1"}],"replies":[{"embeddable":true,"href":"https:\/\/paule-vasseur.com\/en\/wp-json\/wp\/v2\/comments?post=76747"}],"version-history":[{"count":1,"href":"https:\/\/paule-vasseur.com\/en\/wp-json\/wp\/v2\/pages\/76747\/revisions"}],"predecessor-version":[{"id":76756,"href":"https:\/\/paule-vasseur.com\/en\/wp-json\/wp\/v2\/pages\/76747\/revisions\/76756"}],"wp:attachment":[{"href":"https:\/\/paule-vasseur.com\/en\/wp-json\/wp\/v2\/media?parent=76747"}],"wp:term":[{"taxonomy":"folder","embeddable":true,"href":"https:\/\/paule-vasseur.com\/en\/wp-json\/wp\/v2\/folder?post=76747"}],"curies":[{"name":"wp","href":"https:\/\/api.w.org\/{rel}","templated":true}]}}