{"id":74743,"date":"2025-09-16T16:45:30","date_gmt":"2025-09-16T14:45:30","guid":{"rendered":"https:\/\/paule-vasseur.com\/?page_id=74743"},"modified":"2025-10-15T10:50:52","modified_gmt":"2025-10-15T08:50:52","slug":"robe-cocktail-grande-taille-sexy","status":"publish","type":"page","link":"https:\/\/paule-vasseur.com\/es\/robe-cocktail-grande-taille-sexy.htm","title":{"rendered":"\u00a1S\u00e9 sexy y elegante con un vestido de c\u00f3ctel para bodas hasta la talla 56!"},"content":{"rendered":"<div class=\"wp-block-image\">\n<figure class=\"aligncenter size-full is-resized\"><img loading=\"lazy\" decoding=\"async\" width=\"1160\" height=\"100\" src=\"https:\/\/paule-vasseur.com\/wp-content\/uploads\/2025\/09\/double_ligne-removebg-preview.png\" alt=\"\" class=\"wp-image-69230\" style=\"width:414px;height:auto\" srcset=\"https:\/\/paule-vasseur.com\/wp-content\/uploads\/2025\/09\/double_ligne-removebg-preview.png 1160w, https:\/\/paule-vasseur.com\/wp-content\/uploads\/2025\/09\/double_ligne-removebg-preview-500x43.png 500w, https:\/\/paule-vasseur.com\/wp-content\/uploads\/2025\/09\/double_ligne-removebg-preview-1024x88.png 1024w, https:\/\/paule-vasseur.com\/wp-content\/uploads\/2025\/09\/double_ligne-removebg-preview-768x66.png 768w, https:\/\/paule-vasseur.com\/wp-content\/uploads\/2025\/09\/double_ligne-removebg-preview-650x56.png 650w\" sizes=\"auto, (max-width: 1160px) 100vw, 1160px\" \/><\/figure>\n<\/div>\n\n<style>.kb-row-layout-id74743_0c7911-4f > .kt-row-column-wrap{align-content:start;}:where(.kb-row-layout-id74743_0c7911-4f > .kt-row-column-wrap) > .wp-block-kadence-column{justify-content:start;}.kb-row-layout-id74743_0c7911-4f > .kt-row-column-wrap{column-gap:var(--global-kb-gap-md, 2rem);row-gap:var(--global-kb-gap-md, 2rem);padding-top:var(--global-kb-spacing-sm, 1.5rem);padding-bottom:var(--global-kb-spacing-sm, 1.5rem);grid-template-columns:repeat(2, minmax(0, 1fr));}.kb-row-layout-id74743_0c7911-4f > .kt-row-layout-overlay{opacity:0.30;}@media all and (max-width: 1024px){.kb-row-layout-id74743_0c7911-4f > .kt-row-column-wrap{grid-template-columns:repeat(2, minmax(0, 1fr));}}@media all and (max-width: 767px){.kb-row-layout-id74743_0c7911-4f > .kt-row-column-wrap{grid-template-columns:minmax(0, 1fr);}}<\/style><div class=\"kb-row-layout-wrap kb-row-layout-id74743_0c7911-4f alignnone wp-block-kadence-rowlayout\"><div class=\"kt-row-column-wrap kt-has-2-columns kt-row-layout-equal kt-tab-layout-inherit kt-mobile-layout-row kt-row-valign-top\">\n<style>.kadence-column74743_60ead0-c3 > .kt-inside-inner-col,.kadence-column74743_60ead0-c3 > .kt-inside-inner-col:before{border-top-left-radius:0px;border-top-right-radius:0px;border-bottom-right-radius:0px;border-bottom-left-radius:0px;}.kadence-column74743_60ead0-c3 > .kt-inside-inner-col{column-gap:var(--global-kb-gap-sm, 1rem);}.kadence-column74743_60ead0-c3 > .kt-inside-inner-col{flex-direction:column;}.kadence-column74743_60ead0-c3 > .kt-inside-inner-col > .aligncenter{width:100%;}.kadence-column74743_60ead0-c3 > .kt-inside-inner-col:before{opacity:0.3;}.kadence-column74743_60ead0-c3{position:relative;}@media all and (max-width: 1024px){.kadence-column74743_60ead0-c3 > .kt-inside-inner-col{flex-direction:column;justify-content:center;}}@media all and (max-width: 767px){.kadence-column74743_60ead0-c3 > .kt-inside-inner-col{flex-direction:column;justify-content:center;}}<\/style>\n<div class=\"wp-block-kadence-column kadence-column74743_60ead0-c3\"><div class=\"kt-inside-inner-col\">\n<h2 class=\"wp-block-heading\">En Paule Vasseur, las mujeres con curvas tambi\u00e9n tienen derecho a ser sexys.<\/h2>\n\n\n\n<p>\u00bfPor qu\u00e9 no llevar un vestido sin tirantes, tubo o de encaje para ese c\u00f3ctel o la boda de tu hijo? \u00bfQue seas tan curvil\u00ednea no significa que no puedas llevar una talla grande?<br>Conocidos por nuestros cortes a medida y nuestro esp\u00edritu Couture, hemos dise\u00f1ado nuestros trajes, vestidos y pantalones para que le queden como un guante hasta la talla 56. Pero tambi\u00e9n nos ocupamos de ese \u00faltimo paso.<br>Como bien sabes, de 10 mujeres de la misma altura, ninguna tiene el mismo cuerpo, el mismo equilibrio corporal, el mismo porte de cabeza, las mismas caderas, etc...<br>En la regi\u00f3n parisina, concierte una cita con una de nuestras tiendas especializadas en tallas grandes.<br>Le ayudar\u00e1n a hacer la elecci\u00f3n correcta. Adem\u00e1s, nuestros conjuntos de tallas grandes se pueden confeccionar en otros colores y\/o combinaciones de encaje. <\/p>\n\n\n<style>.wp-block-kadence-advancedbtn.kb-btns78274_7b0fbf-7d{gap:var(--global-kb-gap-xs, 0.5rem );justify-content:center;align-items:center;}.kt-btns78274_7b0fbf-7d .kt-button{font-weight:normal;font-style:normal;}.kt-btns78274_7b0fbf-7d .kt-btn-wrap-0{margin-right:5px;}.wp-block-kadence-advancedbtn.kt-btns78274_7b0fbf-7d .kt-btn-wrap-0 .kt-button{color:#555555;border-color:#555555;}.wp-block-kadence-advancedbtn.kt-btns78274_7b0fbf-7d .kt-btn-wrap-0 .kt-button:hover, .wp-block-kadence-advancedbtn.kt-btns78274_7b0fbf-7d .kt-btn-wrap-0 .kt-button:focus{color:#ffffff;border-color:#444444;}.wp-block-kadence-advancedbtn.kt-btns78274_7b0fbf-7d .kt-btn-wrap-0 .kt-button::before{display:none;}.wp-block-kadence-advancedbtn.kt-btns78274_7b0fbf-7d .kt-btn-wrap-0 .kt-button:hover, .wp-block-kadence-advancedbtn.kt-btns78274_7b0fbf-7d .kt-btn-wrap-0 .kt-button:focus{background:#444444;}<\/style>\n<div class=\"wp-block-kadence-advancedbtn kb-buttons-wrap kb-btns78274_7b0fbf-7d\"><style>ul.menu .wp-block-kadence-advancedbtn .kb-btn78274_8e70c7-27.kb-button{width:initial;}<\/style><a class=\"kb-button kt-button button kb-btn78274_8e70c7-27 kt-btn-size-standard kt-btn-width-type-auto kb-btn-global-fill  kt-btn-has-text-true kt-btn-has-svg-false  wp-block-kadence-singlebtn\" href=\"https:\/\/paule-vasseur.com\/es\/contacto-htm\/\"><span class=\"kt-btn-inner-text\">Concierte una cita<\/span><\/a><\/div>\n\n\n\n<p>Nuestros vestidos de c\u00f3ctel chic son ideales para una bonita boda o una salida nocturna excepcional. Elegantes o incluso sexys, son el mejor aliado de las mujeres fuertes.<br>Te recomendamos encarecidamente que no te tomes el tema a la ligera si quieres estar perfecta el d\u00eda de tu boda. <br>Cu\u00e1ntas veces hemos escuchado el mismo escenario: <br>Has intentado comprar a distancia, a veces incluso muy lejos, en China, a nuestros competidores menos \u00e9ticos. Has comprado bas\u00e1ndote en magn\u00edficas fotos y, una vez que llega el vestido, nada sale bien, ni el corte, ni el tejido, ni el color, ni el acabado. <br>\u00bfSabes por qu\u00e9? <br>\u00a1Bueno, porque los milagros no existen!<br>Es la diferencia entre la gama alta y la gama baja.<\/p>\n\n\n\n<div class=\"wp-block-group\" style=\"padding-top:0;padding-right:0;padding-bottom:0;padding-left:0\"><div class=\"wp-block-group__inner-container is-layout-constrained wp-container-core-group-is-layout-c6b4b7cd wp-block-group-is-layout-constrained\"><div class=\"wp-block-image\">\n<figure class=\"aligncenter size-full\"><img loading=\"lazy\" decoding=\"async\" width=\"166\" height=\"110\" src=\"https:\/\/paule-vasseur.com\/wp-content\/uploads\/2025\/09\/cropped-cropped-logonew2018-2-1.webp\" alt=\"\" class=\"wp-image-69239\"\/><\/figure>\n<\/div>\n\n\n<p class=\"has-text-align-center\">\u00bfVas a celebrar una ceremonia?<br>Hablemos de ello.<\/p>\n\n\n\n<div class=\"wp-block-buttons is-vertical is-content-justification-center is-layout-flex wp-container-core-buttons-is-layout-63e38172 wp-block-buttons-is-layout-flex\">\n<div class=\"wp-block-button is-style-fill\"><a class=\"wp-block-button__link has-text-align-center wp-element-button\" href=\"https:\/\/paule-vasseur.com\/es\/contacto-htm\/\">P\u00f3ngase en contacto con nosotros<\/a><\/div>\n<\/div>\n\n\n<style>.wp-block-kadence-spacer.kt-block-spacer-69247_ec675a-41 .kt-block-spacer{height:20px;}.wp-block-kadence-spacer.kt-block-spacer-69247_ec675a-41 .kt-divider{border-top-width:1px;height:1px;border-top-color:#eee;width:80%;border-top-style:solid;}<\/style>\n<div class=\"wp-block-kadence-spacer aligncenter kt-block-spacer-69247_ec675a-41\"><div class=\"kt-block-spacer kt-block-spacer-halign-center\"><\/div><\/div>\n<\/div><\/div>\n<\/div><\/div>\n\n\n<style>.kadence-column74743_7c04bf-9d > .kt-inside-inner-col,.kadence-column74743_7c04bf-9d > .kt-inside-inner-col:before{border-top-left-radius:0px;border-top-right-radius:0px;border-bottom-right-radius:0px;border-bottom-left-radius:0px;}.kadence-column74743_7c04bf-9d > .kt-inside-inner-col{column-gap:var(--global-kb-gap-sm, 1rem);}.kadence-column74743_7c04bf-9d > .kt-inside-inner-col{flex-direction:column;}.kadence-column74743_7c04bf-9d > .kt-inside-inner-col > .aligncenter{width:100%;}.kadence-column74743_7c04bf-9d > .kt-inside-inner-col:before{opacity:0.3;}.kadence-column74743_7c04bf-9d{position:relative;}@media all and (max-width: 1024px){.kadence-column74743_7c04bf-9d > .kt-inside-inner-col{flex-direction:column;justify-content:center;}}@media all and (max-width: 767px){.kadence-column74743_7c04bf-9d > .kt-inside-inner-col{flex-direction:column;justify-content:center;}}<\/style>\n<div class=\"wp-block-kadence-column kadence-column74743_7c04bf-9d\"><div class=\"kt-inside-inner-col\"><style>.kb-image74743_476849-25 .kb-image-has-overlay:after{opacity:0.3;}<\/style>\n<figure class=\"wp-block-kadence-image kb-image74743_476849-25 size-large kb-image-is-ratio-size\"><div class=\"kb-is-ratio-image kb-image-ratio-port23\"><img loading=\"lazy\" decoding=\"async\" width=\"682\" height=\"1024\" src=\"https:\/\/paule-vasseur.com\/wp-content\/uploads\/2025\/10\/3A6D6448-78EA-4BAA-9C36-048C46C02DB5_1_105_c-682x1024.jpeg\" alt=\"\" class=\"kb-img wp-image-78505\" srcset=\"https:\/\/paule-vasseur.com\/wp-content\/uploads\/2025\/10\/3A6D6448-78EA-4BAA-9C36-048C46C02DB5_1_105_c-682x1024.jpeg 682w, https:\/\/paule-vasseur.com\/wp-content\/uploads\/2025\/10\/3A6D6448-78EA-4BAA-9C36-048C46C02DB5_1_105_c-333x500.jpeg 333w, https:\/\/paule-vasseur.com\/wp-content\/uploads\/2025\/10\/3A6D6448-78EA-4BAA-9C36-048C46C02DB5_1_105_c-500x751.jpeg 500w, https:\/\/paule-vasseur.com\/wp-content\/uploads\/2025\/10\/3A6D6448-78EA-4BAA-9C36-048C46C02DB5_1_105_c-650x976.jpeg 650w, https:\/\/paule-vasseur.com\/wp-content\/uploads\/2025\/10\/3A6D6448-78EA-4BAA-9C36-048C46C02DB5_1_105_c.jpeg 723w\" sizes=\"auto, (max-width: 682px) 100vw, 682px\" \/><\/div><\/figure>\n<\/div><\/div>\n\n<\/div><\/div>","protected":false},"excerpt":{"rendered":"<p>Chez Paule Vasseur, les femmes rondes aussi ont le droit d&rsquo;\u00eatre sexy. Pourquoi ne pas porter une robe bustier, fourreau, en dentelle&#8230; pour ce cocktail ou pour le mariage de votre enfant? Sous pr\u00e9texte que vos formes g\u00e9n\u00e9reuses vous cantonnent&nbsp;dans les grandes tailles ?Connues pour nos coupes ajust\u00e9es et notre esprit Couture, nous avons \u00e9tudi\u00e9&#8230;<\/p>","protected":false},"author":1,"featured_media":0,"parent":0,"menu_order":0,"comment_status":"closed","ping_status":"closed","template":"","meta":{"_kadence_starter_templates_imported_post":false,"_kad_post_transparent":"","_kad_post_title":"","_kad_post_layout":"","_kad_post_sidebar_id":"","_kad_post_content_style":"","_kad_post_vertical_padding":"","_kad_post_feature":"","_kad_post_feature_position":"","_kad_post_header":false,"_kad_post_footer":false,"_kad_post_classname":"","footnotes":""},"folder":[4280],"class_list":["post-74743","page","type-page","status-publish","hentry"],"yoast_head":"<!-- This site is optimized with the Yoast SEO plugin v27.4 - https:\/\/yoast.com\/product\/yoast-seo-wordpress\/ -->\n<title>\u00catre Sexy et \u00e9l\u00e9gante en robe de cocktail de mariage jusqu&#039;\u00e0 la taille 56 ! - PAULE VASSEUR<\/title>\n<meta name=\"robots\" content=\"index, follow, max-snippet:-1, max-image-preview:large, max-video-preview:-1\" \/>\n<link rel=\"canonical\" href=\"https:\/\/paule-vasseur.com\/es\/sexy-plus-size-cocktail-dress-htm\" \/>\n<meta property=\"og:locale\" content=\"es_ES\" \/>\n<meta property=\"og:type\" content=\"article\" \/>\n<meta property=\"og:title\" content=\"\u00catre Sexy et \u00e9l\u00e9gante en robe de cocktail de mariage jusqu&#039;\u00e0 la taille 56 ! - PAULE VASSEUR\" \/>\n<meta property=\"og:description\" content=\"Chez Paule Vasseur, les femmes rondes aussi ont le droit d&rsquo;\u00eatre sexy. Pourquoi ne pas porter une robe bustier, fourreau, en dentelle&#8230; pour ce cocktail ou pour le mariage de votre enfant? Sous pr\u00e9texte que vos formes g\u00e9n\u00e9reuses vous cantonnent&nbsp;dans les grandes tailles ?Connues pour nos coupes ajust\u00e9es et notre esprit Couture, nous avons \u00e9tudi\u00e9...\" \/>\n<meta property=\"og:url\" content=\"https:\/\/paule-vasseur.com\/es\/sexy-plus-size-cocktail-dress-htm\" \/>\n<meta property=\"og:site_name\" content=\"PAULE VASSEUR\" \/>\n<meta property=\"article:modified_time\" content=\"2025-10-15T08:50:52+00:00\" \/>\n<meta property=\"og:image\" content=\"https:\/\/paule-vasseur.com\/wp-content\/uploads\/2025\/09\/double_ligne-removebg-preview.png\" \/>\n\t<meta property=\"og:image:width\" content=\"1160\" \/>\n\t<meta property=\"og:image:height\" content=\"100\" \/>\n\t<meta property=\"og:image:type\" content=\"image\/png\" \/>\n<meta name=\"twitter:card\" content=\"summary_large_image\" \/>\n<meta name=\"twitter:label1\" content=\"Tiempo de lectura\" \/>\n\t<meta name=\"twitter:data1\" content=\"6 minutos\" \/>\n<script type=\"application\/ld+json\" class=\"yoast-schema-graph\">{\"@context\":\"https:\\\/\\\/schema.org\",\"@graph\":[{\"@type\":\"WebPage\",\"@id\":\"https:\\\/\\\/paule-vasseur.com\\\/es\\\/robe-cocktail-grande-taille-sexy.htm\",\"url\":\"https:\\\/\\\/paule-vasseur.com\\\/es\\\/robe-cocktail-grande-taille-sexy.htm\",\"name\":\"\u00catre Sexy et \u00e9l\u00e9gante en robe de cocktail de mariage jusqu'\u00e0 la taille 56 ! - PAULE VASSEUR\",\"isPartOf\":{\"@id\":\"https:\\\/\\\/paule-vasseur.com\\\/es\\\/#website\"},\"primaryImageOfPage\":{\"@id\":\"https:\\\/\\\/paule-vasseur.com\\\/es\\\/robe-cocktail-grande-taille-sexy.htm#primaryimage\"},\"image\":{\"@id\":\"https:\\\/\\\/paule-vasseur.com\\\/es\\\/robe-cocktail-grande-taille-sexy.htm#primaryimage\"},\"thumbnailUrl\":\"https:\\\/\\\/paule-vasseur.com\\\/wp-content\\\/uploads\\\/2025\\\/09\\\/double_ligne-removebg-preview.png\",\"datePublished\":\"2025-09-16T14:45:30+00:00\",\"dateModified\":\"2025-10-15T08:50:52+00:00\",\"breadcrumb\":{\"@id\":\"https:\\\/\\\/paule-vasseur.com\\\/es\\\/robe-cocktail-grande-taille-sexy.htm#breadcrumb\"},\"inLanguage\":\"es\",\"potentialAction\":[{\"@type\":\"ReadAction\",\"target\":[\"https:\\\/\\\/paule-vasseur.com\\\/es\\\/robe-cocktail-grande-taille-sexy.htm\"]}]},{\"@type\":\"ImageObject\",\"inLanguage\":\"es\",\"@id\":\"https:\\\/\\\/paule-vasseur.com\\\/es\\\/robe-cocktail-grande-taille-sexy.htm#primaryimage\",\"url\":\"https:\\\/\\\/paule-vasseur.com\\\/wp-content\\\/uploads\\\/2025\\\/09\\\/double_ligne-removebg-preview.png\",\"contentUrl\":\"https:\\\/\\\/paule-vasseur.com\\\/wp-content\\\/uploads\\\/2025\\\/09\\\/double_ligne-removebg-preview.png\"},{\"@type\":\"BreadcrumbList\",\"@id\":\"https:\\\/\\\/paule-vasseur.com\\\/es\\\/robe-cocktail-grande-taille-sexy.htm#breadcrumb\",\"itemListElement\":[{\"@type\":\"ListItem\",\"position\":1,\"name\":\"Accueil\",\"item\":\"https:\\\/\\\/paule-vasseur.com\\\/\"},{\"@type\":\"ListItem\",\"position\":2,\"name\":\"\u00catre Sexy et \u00e9l\u00e9gante en robe de cocktail de mariage jusqu&rsquo;\u00e0 la taille 56 !\"}]},{\"@type\":\"WebSite\",\"@id\":\"https:\\\/\\\/paule-vasseur.com\\\/es\\\/#website\",\"url\":\"https:\\\/\\\/paule-vasseur.com\\\/es\\\/\",\"name\":\"RIDEAUX COUTURE\",\"description\":\"\",\"publisher\":{\"@id\":\"https:\\\/\\\/paule-vasseur.com\\\/es\\\/#organization\"},\"potentialAction\":[{\"@type\":\"SearchAction\",\"target\":{\"@type\":\"EntryPoint\",\"urlTemplate\":\"https:\\\/\\\/paule-vasseur.com\\\/es\\\/?s={search_term_string}\"},\"query-input\":{\"@type\":\"PropertyValueSpecification\",\"valueRequired\":true,\"valueName\":\"search_term_string\"}}],\"inLanguage\":\"es\"},{\"@type\":\"Organization\",\"@id\":\"https:\\\/\\\/paule-vasseur.com\\\/es\\\/#organization\",\"name\":\"RIDEAUX COUTURE\",\"url\":\"https:\\\/\\\/paule-vasseur.com\\\/es\\\/\",\"logo\":{\"@type\":\"ImageObject\",\"inLanguage\":\"es\",\"@id\":\"https:\\\/\\\/paule-vasseur.com\\\/es\\\/#\\\/schema\\\/logo\\\/image\\\/\",\"url\":\"https:\\\/\\\/paule-vasseur.com\\\/wp-content\\\/uploads\\\/2025\\\/09\\\/cropped-cropped-logonew2018-2.webp\",\"contentUrl\":\"https:\\\/\\\/paule-vasseur.com\\\/wp-content\\\/uploads\\\/2025\\\/09\\\/cropped-cropped-logonew2018-2.webp\",\"width\":166,\"height\":110,\"caption\":\"RIDEAUX COUTURE\"},\"image\":{\"@id\":\"https:\\\/\\\/paule-vasseur.com\\\/es\\\/#\\\/schema\\\/logo\\\/image\\\/\"}}]}<\/script>\n<!-- \/ Yoast SEO plugin. -->","yoast_head_json":{"title":"\u00a1S\u00e9 sexy y elegante con un vestido de c\u00f3ctel para bodas hasta la talla 56! - PAULE VASSEUR","robots":{"index":"index","follow":"follow","max-snippet":"max-snippet:-1","max-image-preview":"max-image-preview:large","max-video-preview":"max-video-preview:-1"},"canonical":"https:\/\/paule-vasseur.com\/es\/sexy-plus-size-cocktail-dress-htm","og_locale":"es_ES","og_type":"article","og_title":"\u00catre Sexy et \u00e9l\u00e9gante en robe de cocktail de mariage jusqu'\u00e0 la taille 56 ! - PAULE VASSEUR","og_description":"Chez Paule Vasseur, les femmes rondes aussi ont le droit d&rsquo;\u00eatre sexy. Pourquoi ne pas porter une robe bustier, fourreau, en dentelle&#8230; pour ce cocktail ou pour le mariage de votre enfant? Sous pr\u00e9texte que vos formes g\u00e9n\u00e9reuses vous cantonnent&nbsp;dans les grandes tailles ?Connues pour nos coupes ajust\u00e9es et notre esprit Couture, nous avons \u00e9tudi\u00e9...","og_url":"https:\/\/paule-vasseur.com\/es\/sexy-plus-size-cocktail-dress-htm","og_site_name":"PAULE VASSEUR","article_modified_time":"2025-10-15T08:50:52+00:00","og_image":[{"width":1160,"height":100,"url":"https:\/\/paule-vasseur.com\/wp-content\/uploads\/2025\/09\/double_ligne-removebg-preview.png","type":"image\/png"}],"twitter_card":"summary_large_image","twitter_misc":{"Tiempo de lectura":"6 minutos"},"schema":{"@context":"https:\/\/schema.org","@graph":[{"@type":"WebPage","@id":"https:\/\/paule-vasseur.com\/es\/robe-cocktail-grande-taille-sexy.htm","url":"https:\/\/paule-vasseur.com\/es\/robe-cocktail-grande-taille-sexy.htm","name":"\u00a1S\u00e9 sexy y elegante con un vestido de c\u00f3ctel para bodas hasta la talla 56! - PAULE VASSEUR","isPartOf":{"@id":"https:\/\/paule-vasseur.com\/es\/#website"},"primaryImageOfPage":{"@id":"https:\/\/paule-vasseur.com\/es\/robe-cocktail-grande-taille-sexy.htm#primaryimage"},"image":{"@id":"https:\/\/paule-vasseur.com\/es\/robe-cocktail-grande-taille-sexy.htm#primaryimage"},"thumbnailUrl":"https:\/\/paule-vasseur.com\/wp-content\/uploads\/2025\/09\/double_ligne-removebg-preview.png","datePublished":"2025-09-16T14:45:30+00:00","dateModified":"2025-10-15T08:50:52+00:00","breadcrumb":{"@id":"https:\/\/paule-vasseur.com\/es\/robe-cocktail-grande-taille-sexy.htm#breadcrumb"},"inLanguage":"es","potentialAction":[{"@type":"ReadAction","target":["https:\/\/paule-vasseur.com\/es\/robe-cocktail-grande-taille-sexy.htm"]}]},{"@type":"ImageObject","inLanguage":"es","@id":"https:\/\/paule-vasseur.com\/es\/robe-cocktail-grande-taille-sexy.htm#primaryimage","url":"https:\/\/paule-vasseur.com\/wp-content\/uploads\/2025\/09\/double_ligne-removebg-preview.png","contentUrl":"https:\/\/paule-vasseur.com\/wp-content\/uploads\/2025\/09\/double_ligne-removebg-preview.png"},{"@type":"BreadcrumbList","@id":"https:\/\/paule-vasseur.com\/es\/robe-cocktail-grande-taille-sexy.htm#breadcrumb","itemListElement":[{"@type":"ListItem","position":1,"name":"Accueil","item":"https:\/\/paule-vasseur.com\/"},{"@type":"ListItem","position":2,"name":"\u00catre Sexy et \u00e9l\u00e9gante en robe de cocktail de mariage jusqu&rsquo;\u00e0 la taille 56 !"}]},{"@type":"WebSite","@id":"https:\/\/paule-vasseur.com\/es\/#website","url":"https:\/\/paule-vasseur.com\/es\/","name":"CORTINAS DE COSTURA","description":"","publisher":{"@id":"https:\/\/paule-vasseur.com\/es\/#organization"},"potentialAction":[{"@type":"SearchAction","target":{"@type":"EntryPoint","urlTemplate":"https:\/\/paule-vasseur.com\/es\/?s={search_term_string}"},"query-input":{"@type":"PropertyValueSpecification","valueRequired":true,"valueName":"search_term_string"}}],"inLanguage":"es"},{"@type":"Organization","@id":"https:\/\/paule-vasseur.com\/es\/#organization","name":"CORTINAS DE COSTURA","url":"https:\/\/paule-vasseur.com\/es\/","logo":{"@type":"ImageObject","inLanguage":"es","@id":"https:\/\/paule-vasseur.com\/es\/#\/schema\/logo\/image\/","url":"https:\/\/paule-vasseur.com\/wp-content\/uploads\/2025\/09\/cropped-cropped-logonew2018-2.webp","contentUrl":"https:\/\/paule-vasseur.com\/wp-content\/uploads\/2025\/09\/cropped-cropped-logonew2018-2.webp","width":166,"height":110,"caption":"RIDEAUX COUTURE"},"image":{"@id":"https:\/\/paule-vasseur.com\/es\/#\/schema\/logo\/image\/"}}]}},"_links":{"self":[{"href":"https:\/\/paule-vasseur.com\/es\/wp-json\/wp\/v2\/pages\/74743","targetHints":{"allow":["GET"]}}],"collection":[{"href":"https:\/\/paule-vasseur.com\/es\/wp-json\/wp\/v2\/pages"}],"about":[{"href":"https:\/\/paule-vasseur.com\/es\/wp-json\/wp\/v2\/types\/page"}],"author":[{"embeddable":true,"href":"https:\/\/paule-vasseur.com\/es\/wp-json\/wp\/v2\/users\/1"}],"replies":[{"embeddable":true,"href":"https:\/\/paule-vasseur.com\/es\/wp-json\/wp\/v2\/comments?post=74743"}],"version-history":[{"count":12,"href":"https:\/\/paule-vasseur.com\/es\/wp-json\/wp\/v2\/pages\/74743\/revisions"}],"predecessor-version":[{"id":78510,"href":"https:\/\/paule-vasseur.com\/es\/wp-json\/wp\/v2\/pages\/74743\/revisions\/78510"}],"wp:attachment":[{"href":"https:\/\/paule-vasseur.com\/es\/wp-json\/wp\/v2\/media?parent=74743"}],"wp:term":[{"taxonomy":"folder","embeddable":true,"href":"https:\/\/paule-vasseur.com\/es\/wp-json\/wp\/v2\/folder?post=74743"}],"curies":[{"name":"wp","href":"https:\/\/api.w.org\/{rel}","templated":true}]}}