{"id":76538,"date":"2025-09-29T16:11:07","date_gmt":"2025-09-29T14:11:07","guid":{"rendered":"https:\/\/paule-vasseur.com\/?page_id=76538"},"modified":"2025-09-29T16:26:46","modified_gmt":"2025-09-29T14:26:46","slug":"boutique-paule-vasseur-bordeaux-robe-belle-maman","status":"publish","type":"page","link":"https:\/\/paule-vasseur.com\/es\/boutique-paule-vasseur-bordeaux-robe-belle-maman.htm","title":{"rendered":"Maison Paule Vasseur: venga a probarla y d\u00e9jese aconsejar en Burdeos"},"content":{"rendered":"<div class=\"wp-block-image\">\n<figure class=\"aligncenter size-large is-resized\"><img loading=\"lazy\" decoding=\"async\" width=\"1024\" height=\"88\" src=\"https:\/\/paule-vasseur.com\/wp-content\/uploads\/2025\/09\/double_ligne-removebg-preview-1024x88.png\" alt=\"\" class=\"wp-image-69230\" style=\"width:456px;height:auto\" srcset=\"https:\/\/paule-vasseur.com\/wp-content\/uploads\/2025\/09\/double_ligne-removebg-preview-1024x88.png 1024w, https:\/\/paule-vasseur.com\/wp-content\/uploads\/2025\/09\/double_ligne-removebg-preview-500x43.png 500w, https:\/\/paule-vasseur.com\/wp-content\/uploads\/2025\/09\/double_ligne-removebg-preview-768x66.png 768w, https:\/\/paule-vasseur.com\/wp-content\/uploads\/2025\/09\/double_ligne-removebg-preview-650x56.png 650w, https:\/\/paule-vasseur.com\/wp-content\/uploads\/2025\/09\/double_ligne-removebg-preview.png 1160w\" sizes=\"auto, (max-width: 1024px) 100vw, 1024px\" \/><\/figure>\n<\/div>\n\n<style>.kb-row-layout-id76538_612ff0-74 > .kt-row-column-wrap{align-content:start;}:where(.kb-row-layout-id76538_612ff0-74 > .kt-row-column-wrap) > .wp-block-kadence-column{justify-content:start;}.kb-row-layout-id76538_612ff0-74 > .kt-row-column-wrap{column-gap:var(--global-kb-gap-md, 2rem);row-gap:var(--global-kb-gap-md, 2rem);padding-top:var(--global-kb-spacing-sm, 1.5rem);padding-bottom:var(--global-kb-spacing-sm, 1.5rem);grid-template-columns:minmax(0, calc(55% - ((var(--global-kb-gap-md, 2rem) * 1 )\/2)))minmax(0, calc(45% - ((var(--global-kb-gap-md, 2rem) * 1 )\/2)));}.kb-row-layout-id76538_612ff0-74 > .kt-row-layout-overlay{opacity:0.30;}@media all and (max-width: 1024px){.kb-row-layout-id76538_612ff0-74 > .kt-row-column-wrap{grid-template-columns:repeat(2, minmax(0, 1fr));}}@media all and (max-width: 767px){.kb-row-layout-id76538_612ff0-74 > .kt-row-column-wrap{grid-template-columns:minmax(0, 1fr);}}<\/style><div class=\"kb-row-layout-wrap kb-row-layout-id76538_612ff0-74 alignnone wp-block-kadence-rowlayout\"><div class=\"kt-row-column-wrap kt-has-2-columns kt-row-layout-equal kt-tab-layout-inherit kt-mobile-layout-row kt-row-valign-top\">\n<style>.kadence-column76538_988920-03 > .kt-inside-inner-col,.kadence-column76538_988920-03 > .kt-inside-inner-col:before{border-top-left-radius:0px;border-top-right-radius:0px;border-bottom-right-radius:0px;border-bottom-left-radius:0px;}.kadence-column76538_988920-03 > .kt-inside-inner-col{column-gap:var(--global-kb-gap-sm, 1rem);}.kadence-column76538_988920-03 > .kt-inside-inner-col{flex-direction:column;}.kadence-column76538_988920-03 > .kt-inside-inner-col > .aligncenter{width:100%;}.kadence-column76538_988920-03 > .kt-inside-inner-col:before{opacity:0.3;}.kadence-column76538_988920-03{position:relative;}@media all and (max-width: 1024px){.kadence-column76538_988920-03 > .kt-inside-inner-col{flex-direction:column;justify-content:center;}}@media all and (max-width: 767px){.kadence-column76538_988920-03 > .kt-inside-inner-col{flex-direction:column;justify-content:center;}}<\/style>\n<div class=\"wp-block-kadence-column kadence-column76538_988920-03\"><div class=\"kt-inside-inner-col\">\n<h2 class=\"wp-block-heading\">Bienvenido a Croquelune en Burdeos<\/h2>\n\n\n\n<p>BOUTIQUE CROQUELUNE<br>29-31 rue Bouffard<br>33000 Burdeos<br><br>S\u00d3LO CON CITA PREVIA<br>Tel\u00e9fono: 05 56 44 57 98<br>Horario: de martes a s\u00e1bado, de 11.00 a 18.00 h.<\/p>\n\n\n\n<h2 class=\"wp-block-heading\">Preparaci\u00f3n de la cita<\/h2>\n\n\n\n<p>Para ayudarle a tomar la decisi\u00f3n correcta y hacer que su cita sea memorable, ll\u00e1menos y cu\u00e9ntenos sus planes. Delphine Devilder le dar\u00e1 una bienvenida cordial y profesional en su boutique.<br>\u00bfTienen un c\u00f3digo de vestimenta?<br>Ella podr\u00e1 aconsejarte sobre EL atuendo perfecto para el gran d\u00eda.<br>Venga a probarse nuestros magn\u00edficos trajes de mujer, elegantes y originales, y descubra nuestra ropa formal de seda o crep\u00e9 vaporoso y femenino para sus recepciones, ceremonias nupciales, bautizos o c\u00f3cteles formales.<br>Fabricado con know-how franc\u00e9s, requiere un plazo de entrega de 10 semanas.<br>Los ajustes finales se realizar\u00e1n durante la 2\u00aa prueba.<\/p>\n\n\n\n<div class=\"wp-block-group\" style=\"padding-top:0;padding-right:0;padding-bottom:0;padding-left:0\"><div class=\"wp-block-group__inner-container is-layout-constrained wp-container-core-group-is-layout-c6b4b7cd wp-block-group-is-layout-constrained\"><div class=\"wp-block-image\">\n<figure class=\"aligncenter size-full\"><img loading=\"lazy\" decoding=\"async\" width=\"166\" height=\"110\" src=\"https:\/\/paule-vasseur.com\/wp-content\/uploads\/2025\/09\/cropped-cropped-logonew2018-2-1.webp\" alt=\"\" class=\"wp-image-69239\"\/><\/figure>\n<\/div>\n\n\n<p class=\"has-text-align-center\">\u00bfVas a celebrar una ceremonia?<br>Hablemos de ello.<\/p>\n\n\n\n<div class=\"wp-block-buttons is-vertical is-content-justification-center is-layout-flex wp-container-core-buttons-is-layout-63e38172 wp-block-buttons-is-layout-flex\">\n<div class=\"wp-block-button is-style-fill\"><a class=\"wp-block-button__link has-text-align-center wp-element-button\" href=\"https:\/\/paule-vasseur.com\/es\/contacto-htm\/\">P\u00f3ngase en contacto con nosotros<\/a><\/div>\n<\/div>\n\n\n<style>.wp-block-kadence-spacer.kt-block-spacer-69247_ec675a-41 .kt-block-spacer{height:20px;}.wp-block-kadence-spacer.kt-block-spacer-69247_ec675a-41 .kt-divider{border-top-width:1px;height:1px;border-top-color:#eee;width:80%;border-top-style:solid;}<\/style>\n<div class=\"wp-block-kadence-spacer aligncenter kt-block-spacer-69247_ec675a-41\"><div class=\"kt-block-spacer kt-block-spacer-halign-center\"><\/div><\/div>\n<\/div><\/div>\n<\/div><\/div>\n\n\n<style>.kadence-column76538_01c862-cc > .kt-inside-inner-col{display:flex;}.kadence-column76538_01c862-cc > .kt-inside-inner-col,.kadence-column76538_01c862-cc > .kt-inside-inner-col:before{border-top-left-radius:0px;border-top-right-radius:0px;border-bottom-right-radius:0px;border-bottom-left-radius:0px;}.kadence-column76538_01c862-cc > .kt-inside-inner-col{column-gap:var(--global-kb-gap-sm, 1rem);}.kadence-column76538_01c862-cc > .kt-inside-inner-col{flex-direction:row;flex-wrap:wrap;align-items:center;justify-content:center;}.kadence-column76538_01c862-cc > .kt-inside-inner-col > *, .kadence-column76538_01c862-cc > .kt-inside-inner-col > figure.wp-block-image, .kadence-column76538_01c862-cc > .kt-inside-inner-col > figure.wp-block-kadence-image{margin-top:0px;margin-bottom:0px;}.kadence-column76538_01c862-cc > .kt-inside-inner-col > .kb-image-is-ratio-size{flex-grow:1;}.kadence-column76538_01c862-cc > .kt-inside-inner-col:before{opacity:0.3;}.kadence-column76538_01c862-cc{position:relative;}@media all and (max-width: 1024px){.kadence-column76538_01c862-cc > .kt-inside-inner-col{flex-direction:row;flex-wrap:wrap;align-items:center;justify-content:center;}}@media all and (min-width: 768px) and (max-width: 1024px){.kadence-column76538_01c862-cc > .kt-inside-inner-col > *, .kadence-column76538_01c862-cc > .kt-inside-inner-col > figure.wp-block-image, .kadence-column76538_01c862-cc > .kt-inside-inner-col > figure.wp-block-kadence-image{margin-top:0px;margin-bottom:0px;}.kadence-column76538_01c862-cc > .kt-inside-inner-col > .kb-image-is-ratio-size{flex-grow:1;}}@media all and (max-width: 767px){.kadence-column76538_01c862-cc > .kt-inside-inner-col{flex-direction:row;flex-wrap:wrap;justify-content:flex-start;justify-content:center;}.kadence-column76538_01c862-cc > .kt-inside-inner-col > *, .kadence-column76538_01c862-cc > .kt-inside-inner-col > figure.wp-block-image, .kadence-column76538_01c862-cc > .kt-inside-inner-col > figure.wp-block-kadence-image{margin-top:0px;margin-bottom:0px;}.kadence-column76538_01c862-cc > .kt-inside-inner-col > .kb-image-is-ratio-size{flex-grow:1;}}<\/style>\n<div class=\"wp-block-kadence-column kadence-column76538_01c862-cc kb-section-dir-horizontal\"><div class=\"kt-inside-inner-col\"><style>.kb-image76538_353bad-34 .kb-image-has-overlay:after{opacity:0.3;}<\/style>\n<figure class=\"wp-block-kadence-image kb-image76538_353bad-34 size-large kb-image-is-ratio-size\"><div class=\"kb-is-ratio-image kb-image-ratio-port23\"><img loading=\"lazy\" decoding=\"async\" width=\"683\" height=\"1024\" src=\"https:\/\/paule-vasseur.com\/wp-content\/uploads\/2025\/09\/Ete-2020-seze-fei-peacock01-big-zoom-1-683x1024.webp\" alt=\"\" class=\"kb-img wp-image-76543\" srcset=\"https:\/\/paule-vasseur.com\/wp-content\/uploads\/2025\/09\/Ete-2020-seze-fei-peacock01-big-zoom-1-683x1024.webp 683w, https:\/\/paule-vasseur.com\/wp-content\/uploads\/2025\/09\/Ete-2020-seze-fei-peacock01-big-zoom-1-333x500.webp 333w, https:\/\/paule-vasseur.com\/wp-content\/uploads\/2025\/09\/Ete-2020-seze-fei-peacock01-big-zoom-1-768x1152.webp 768w, https:\/\/paule-vasseur.com\/wp-content\/uploads\/2025\/09\/Ete-2020-seze-fei-peacock01-big-zoom-1-1024x1536.webp 1024w, https:\/\/paule-vasseur.com\/wp-content\/uploads\/2025\/09\/Ete-2020-seze-fei-peacock01-big-zoom-1-500x750.webp 500w, https:\/\/paule-vasseur.com\/wp-content\/uploads\/2025\/09\/Ete-2020-seze-fei-peacock01-big-zoom-1-650x975.webp 650w, https:\/\/paule-vasseur.com\/wp-content\/uploads\/2025\/09\/Ete-2020-seze-fei-peacock01-big-zoom-1.webp 1067w\" sizes=\"auto, (max-width: 683px) 100vw, 683px\" \/><\/div><\/figure>\n<\/div><\/div>\n\n<\/div><\/div>\n\n<style>.kb-row-layout-id76538_b50496-d5 > .kt-row-column-wrap{align-content:start;}:where(.kb-row-layout-id76538_b50496-d5 > .kt-row-column-wrap) > .wp-block-kadence-column{justify-content:start;}.kb-row-layout-id76538_b50496-d5 > .kt-row-column-wrap{column-gap:var(--global-kb-gap-md, 2rem);row-gap:var(--global-kb-gap-md, 2rem);padding-top:var(--global-kb-spacing-sm, 1.5rem);padding-bottom:var(--global-kb-spacing-sm, 1.5rem);grid-template-columns:minmax(0, calc(55% - ((var(--global-kb-gap-md, 2rem) * 1 )\/2)))minmax(0, calc(45% - ((var(--global-kb-gap-md, 2rem) * 1 )\/2)));}.kb-row-layout-id76538_b50496-d5 > .kt-row-layout-overlay{opacity:0.30;}@media all and (max-width: 1024px){.kb-row-layout-id76538_b50496-d5 > .kt-row-column-wrap{grid-template-columns:repeat(2, minmax(0, 1fr));}}@media all and (max-width: 767px){.kb-row-layout-id76538_b50496-d5 > .kt-row-column-wrap{grid-template-columns:minmax(0, 1fr);}}<\/style><div class=\"kb-row-layout-wrap kb-row-layout-id76538_b50496-d5 alignnone wp-block-kadence-rowlayout\"><div class=\"kt-row-column-wrap kt-has-2-columns kt-row-layout-equal kt-tab-layout-inherit kt-mobile-layout-row kt-row-valign-top\">\n<style>.kadence-column76538_f273d0-96 > .kt-inside-inner-col,.kadence-column76538_f273d0-96 > .kt-inside-inner-col:before{border-top-left-radius:0px;border-top-right-radius:0px;border-bottom-right-radius:0px;border-bottom-left-radius:0px;}.kadence-column76538_f273d0-96 > .kt-inside-inner-col{column-gap:var(--global-kb-gap-sm, 1rem);}.kadence-column76538_f273d0-96 > .kt-inside-inner-col{flex-direction:column;}.kadence-column76538_f273d0-96 > .kt-inside-inner-col > .aligncenter{width:100%;}.kadence-column76538_f273d0-96 > .kt-inside-inner-col:before{opacity:0.3;}.kadence-column76538_f273d0-96{position:relative;}@media all and (max-width: 1024px){.kadence-column76538_f273d0-96 > .kt-inside-inner-col{flex-direction:column;justify-content:center;}}@media all and (max-width: 767px){.kadence-column76538_f273d0-96 > .kt-inside-inner-col{flex-direction:column;justify-content:center;}}<\/style>\n<div class=\"wp-block-kadence-column kadence-column76538_f273d0-96\"><div class=\"kt-inside-inner-col\"><style>.kb-image76538_8b392f-f8 .kb-image-has-overlay:after{opacity:0.3;}<\/style>\n<figure class=\"wp-block-kadence-image kb-image76538_8b392f-f8 size-full kb-image-is-ratio-size\"><div class=\"kb-is-ratio-image kb-image-ratio-land43\"><img loading=\"lazy\" decoding=\"async\" width=\"525\" height=\"375\" src=\"https:\/\/paule-vasseur.com\/wp-content\/uploads\/2025\/09\/magnifique-robe-rose.jpg\" alt=\"\" class=\"kb-img wp-image-76541\" srcset=\"https:\/\/paule-vasseur.com\/wp-content\/uploads\/2025\/09\/magnifique-robe-rose.jpg 525w, https:\/\/paule-vasseur.com\/wp-content\/uploads\/2025\/09\/magnifique-robe-rose-500x357.jpg 500w\" sizes=\"auto, (max-width: 525px) 100vw, 525px\" \/><\/div><\/figure>\n<\/div><\/div>\n\n\n<style>.kadence-column76538_1ccab3-59 > .kt-inside-inner-col,.kadence-column76538_1ccab3-59 > .kt-inside-inner-col:before{border-top-left-radius:0px;border-top-right-radius:0px;border-bottom-right-radius:0px;border-bottom-left-radius:0px;}.kadence-column76538_1ccab3-59 > .kt-inside-inner-col{column-gap:var(--global-kb-gap-sm, 1rem);}.kadence-column76538_1ccab3-59 > .kt-inside-inner-col{flex-direction:column;}.kadence-column76538_1ccab3-59 > .kt-inside-inner-col > .aligncenter{width:100%;}.kadence-column76538_1ccab3-59 > .kt-inside-inner-col:before{opacity:0.3;}.kadence-column76538_1ccab3-59{position:relative;}@media all and (max-width: 1024px){.kadence-column76538_1ccab3-59 > .kt-inside-inner-col{flex-direction:column;justify-content:center;}}@media all and (max-width: 767px){.kadence-column76538_1ccab3-59 > .kt-inside-inner-col{flex-direction:column;justify-content:center;}}<\/style>\n<div class=\"wp-block-kadence-column kadence-column76538_1ccab3-59\"><div class=\"kt-inside-inner-col\">\n<h2 class=\"wp-block-heading\">Bienvenida personalizada<\/h2>\n\n\n\n<p>Puede ver y probarse los modelos de la colecci\u00f3n PAULE VASSEUR en las tallas 36 a 50 en CROQUELUNE.<br>La mejor colecci\u00f3n de trajes de novia para mujer en Burdeos.<br>Desde 1993, estamos especializados en el asesoramiento y la confecci\u00f3n a media medida para la boda de su hijo.<br>En la boutique, descubrir\u00e1 una colecci\u00f3n completa de trajes, vestidos, abrigos, chaquetas, boleros y pantalones chic que podr\u00e1 probarse con cita previa.<br>A continuaci\u00f3n, tendr\u00e1 el privilegio de encargar su traje en el tejido y el color que desee.<\/p>\n\n\n\n<h2 class=\"wp-block-heading\">Historia<\/h2>\n\n\n\n<p>Fundada en 1981, Croquelune viste a las madres de los novios con amabilidad y pasi\u00f3n.<br>Marie Wozniezko y Delphine Courau Devilder, dise\u00f1adoras y costureras experimentadas, estar\u00e1n a su disposici\u00f3n para ayudarle, en colaboraci\u00f3n con Paule Vasseur.<br>Su probada experiencia les permite vestir a todo tipo de cuerpos y realizar todos los arreglos in situ.<\/p>\n<\/div><\/div>\n\n<\/div><\/div>","protected":false},"excerpt":{"rendered":"<p>Bienvenue chez Croquelune \u00e0 Bordeaux BOUTIQUE CROQUELUNE29-31 rue Bouffard33000 Bordeaux SUR RENDEZ-VOUS UNIQUEMENTT\u00e9l : 05 56 44 57 98Horaires : du mardi au samedi de 11h \u00e0 18h00 Pr\u00e9parer son Rendez-vous Pour vous aider dans votre choix et rendre votre rendez-vous m\u00e9morable, t\u00e9l\u00e9phonez-nous et expliquez-nous votre projet. Madame Delphine Devilder vous accueillera avec gentillesse et&#8230;<\/p>","protected":false},"author":1,"featured_media":0,"parent":0,"menu_order":0,"comment_status":"closed","ping_status":"closed","template":"","meta":{"_kadence_starter_templates_imported_post":false,"_kad_post_transparent":"","_kad_post_title":"","_kad_post_layout":"","_kad_post_sidebar_id":"","_kad_post_content_style":"","_kad_post_vertical_padding":"","_kad_post_feature":"","_kad_post_feature_position":"","_kad_post_header":false,"_kad_post_footer":false,"_kad_post_classname":"","footnotes":""},"folder":[4179],"class_list":["post-76538","page","type-page","status-publish","hentry"],"yoast_head":"<!-- This site is optimized with the Yoast SEO plugin v27.4 - https:\/\/yoast.com\/product\/yoast-seo-wordpress\/ -->\n<title>Maison Paule Vasseur : venez essayer et vous faire conseiller \u00e0 Bordeaux - PAULE VASSEUR<\/title>\n<meta name=\"description\" content=\"Paule Vasseur : le sp\u00e9cialiste des tailleurs habill\u00e9s, robes du soir pour les mariages, la m\u00e8re de la mari\u00e9e, c\u00e9r\u00e9monie religieuse, communions, mariage civil, mariages chics et \u00e9l\u00e9gants \u00e0 la boutique Croquelune \u00e0 Bordeaux dans le quartier des antiquaires .\" \/>\n<meta name=\"robots\" content=\"index, follow, max-snippet:-1, max-image-preview:large, max-video-preview:-1\" \/>\n<link rel=\"canonical\" href=\"https:\/\/paule-vasseur.com\/es\/boutique-paule-vasseur-bordeaux-robe-belle-maman-htm\" \/>\n<meta property=\"og:locale\" content=\"es_ES\" \/>\n<meta property=\"og:type\" content=\"article\" \/>\n<meta property=\"og:title\" content=\"Maison Paule Vasseur : venez essayer et vous faire conseiller \u00e0 Bordeaux - PAULE VASSEUR\" \/>\n<meta property=\"og:description\" content=\"Paule Vasseur : le sp\u00e9cialiste des tailleurs habill\u00e9s, robes du soir pour les mariages, la m\u00e8re de la mari\u00e9e, c\u00e9r\u00e9monie religieuse, communions, mariage civil, mariages chics et \u00e9l\u00e9gants \u00e0 la boutique Croquelune \u00e0 Bordeaux dans le quartier des antiquaires .\" \/>\n<meta property=\"og:url\" content=\"https:\/\/paule-vasseur.com\/es\/boutique-paule-vasseur-bordeaux-robe-belle-maman-htm\" \/>\n<meta property=\"og:site_name\" content=\"PAULE VASSEUR\" \/>\n<meta property=\"article:modified_time\" content=\"2025-09-29T14:26:46+00:00\" \/>\n<meta property=\"og:image\" content=\"https:\/\/paule-vasseur.com\/wp-content\/uploads\/2025\/09\/double_ligne-removebg-preview.png\" \/>\n\t<meta property=\"og:image:width\" content=\"1160\" \/>\n\t<meta property=\"og:image:height\" content=\"100\" \/>\n\t<meta property=\"og:image:type\" content=\"image\/png\" \/>\n<meta name=\"twitter:card\" content=\"summary_large_image\" \/>\n<meta name=\"twitter:label1\" content=\"Tiempo de lectura\" \/>\n\t<meta name=\"twitter:data1\" content=\"5 minutos\" \/>\n<script type=\"application\/ld+json\" class=\"yoast-schema-graph\">{\"@context\":\"https:\\\/\\\/schema.org\",\"@graph\":[{\"@type\":\"WebPage\",\"@id\":\"https:\\\/\\\/paule-vasseur.com\\\/es\\\/boutique-paule-vasseur-bordeaux-robe-belle-maman.htm\",\"url\":\"https:\\\/\\\/paule-vasseur.com\\\/es\\\/boutique-paule-vasseur-bordeaux-robe-belle-maman.htm\",\"name\":\"Maison Paule Vasseur : venez essayer et vous faire conseiller \u00e0 Bordeaux - PAULE VASSEUR\",\"isPartOf\":{\"@id\":\"https:\\\/\\\/paule-vasseur.com\\\/es\\\/#website\"},\"primaryImageOfPage\":{\"@id\":\"https:\\\/\\\/paule-vasseur.com\\\/es\\\/boutique-paule-vasseur-bordeaux-robe-belle-maman.htm#primaryimage\"},\"image\":{\"@id\":\"https:\\\/\\\/paule-vasseur.com\\\/es\\\/boutique-paule-vasseur-bordeaux-robe-belle-maman.htm#primaryimage\"},\"thumbnailUrl\":\"https:\\\/\\\/paule-vasseur.com\\\/wp-content\\\/uploads\\\/2025\\\/09\\\/double_ligne-removebg-preview-1024x88.png\",\"datePublished\":\"2025-09-29T14:11:07+00:00\",\"dateModified\":\"2025-09-29T14:26:46+00:00\",\"description\":\"Paule Vasseur : le sp\u00e9cialiste des tailleurs habill\u00e9s, robes du soir pour les mariages, la m\u00e8re de la mari\u00e9e, c\u00e9r\u00e9monie religieuse, communions, mariage civil, mariages chics et \u00e9l\u00e9gants \u00e0 la boutique Croquelune \u00e0 Bordeaux dans le quartier des antiquaires .\",\"breadcrumb\":{\"@id\":\"https:\\\/\\\/paule-vasseur.com\\\/es\\\/boutique-paule-vasseur-bordeaux-robe-belle-maman.htm#breadcrumb\"},\"inLanguage\":\"es\",\"potentialAction\":[{\"@type\":\"ReadAction\",\"target\":[\"https:\\\/\\\/paule-vasseur.com\\\/es\\\/boutique-paule-vasseur-bordeaux-robe-belle-maman.htm\"]}]},{\"@type\":\"ImageObject\",\"inLanguage\":\"es\",\"@id\":\"https:\\\/\\\/paule-vasseur.com\\\/es\\\/boutique-paule-vasseur-bordeaux-robe-belle-maman.htm#primaryimage\",\"url\":\"https:\\\/\\\/paule-vasseur.com\\\/wp-content\\\/uploads\\\/2025\\\/09\\\/double_ligne-removebg-preview-1024x88.png\",\"contentUrl\":\"https:\\\/\\\/paule-vasseur.com\\\/wp-content\\\/uploads\\\/2025\\\/09\\\/double_ligne-removebg-preview-1024x88.png\"},{\"@type\":\"BreadcrumbList\",\"@id\":\"https:\\\/\\\/paule-vasseur.com\\\/es\\\/boutique-paule-vasseur-bordeaux-robe-belle-maman.htm#breadcrumb\",\"itemListElement\":[{\"@type\":\"ListItem\",\"position\":1,\"name\":\"Accueil\",\"item\":\"https:\\\/\\\/paule-vasseur.com\\\/\"},{\"@type\":\"ListItem\",\"position\":2,\"name\":\"Maison Paule Vasseur : venez essayer et vous faire conseiller \u00e0 Bordeaux\"}]},{\"@type\":\"WebSite\",\"@id\":\"https:\\\/\\\/paule-vasseur.com\\\/es\\\/#website\",\"url\":\"https:\\\/\\\/paule-vasseur.com\\\/es\\\/\",\"name\":\"RIDEAUX COUTURE\",\"description\":\"\",\"publisher\":{\"@id\":\"https:\\\/\\\/paule-vasseur.com\\\/es\\\/#organization\"},\"potentialAction\":[{\"@type\":\"SearchAction\",\"target\":{\"@type\":\"EntryPoint\",\"urlTemplate\":\"https:\\\/\\\/paule-vasseur.com\\\/es\\\/?s={search_term_string}\"},\"query-input\":{\"@type\":\"PropertyValueSpecification\",\"valueRequired\":true,\"valueName\":\"search_term_string\"}}],\"inLanguage\":\"es\"},{\"@type\":\"Organization\",\"@id\":\"https:\\\/\\\/paule-vasseur.com\\\/es\\\/#organization\",\"name\":\"RIDEAUX COUTURE\",\"url\":\"https:\\\/\\\/paule-vasseur.com\\\/es\\\/\",\"logo\":{\"@type\":\"ImageObject\",\"inLanguage\":\"es\",\"@id\":\"https:\\\/\\\/paule-vasseur.com\\\/es\\\/#\\\/schema\\\/logo\\\/image\\\/\",\"url\":\"https:\\\/\\\/paule-vasseur.com\\\/wp-content\\\/uploads\\\/2025\\\/09\\\/cropped-cropped-logonew2018-2.webp\",\"contentUrl\":\"https:\\\/\\\/paule-vasseur.com\\\/wp-content\\\/uploads\\\/2025\\\/09\\\/cropped-cropped-logonew2018-2.webp\",\"width\":166,\"height\":110,\"caption\":\"RIDEAUX COUTURE\"},\"image\":{\"@id\":\"https:\\\/\\\/paule-vasseur.com\\\/es\\\/#\\\/schema\\\/logo\\\/image\\\/\"}}]}<\/script>\n<!-- \/ Yoast SEO plugin. -->","yoast_head_json":{"title":"Maison Paule Vasseur: venga a probarla y d\u00e9jese aconsejar en Burdeos - PAULE VASSEUR","description":"Paule Vasseur: la especialista en trajes de novio, trajes de noche para bodas, madrinas, ceremonias religiosas, comuniones, bodas civiles, bodas chic y elegantes en la boutique Croquelune, en el barrio de antig\u00fcedades de Burdeos. .","robots":{"index":"index","follow":"follow","max-snippet":"max-snippet:-1","max-image-preview":"max-image-preview:large","max-video-preview":"max-video-preview:-1"},"canonical":"https:\/\/paule-vasseur.com\/es\/boutique-paule-vasseur-bordeaux-robe-belle-maman-htm","og_locale":"es_ES","og_type":"article","og_title":"Maison Paule Vasseur : venez essayer et vous faire conseiller \u00e0 Bordeaux - PAULE VASSEUR","og_description":"Paule Vasseur : le sp\u00e9cialiste des tailleurs habill\u00e9s, robes du soir pour les mariages, la m\u00e8re de la mari\u00e9e, c\u00e9r\u00e9monie religieuse, communions, mariage civil, mariages chics et \u00e9l\u00e9gants \u00e0 la boutique Croquelune \u00e0 Bordeaux dans le quartier des antiquaires .","og_url":"https:\/\/paule-vasseur.com\/es\/boutique-paule-vasseur-bordeaux-robe-belle-maman-htm","og_site_name":"PAULE VASSEUR","article_modified_time":"2025-09-29T14:26:46+00:00","og_image":[{"width":1160,"height":100,"url":"https:\/\/paule-vasseur.com\/wp-content\/uploads\/2025\/09\/double_ligne-removebg-preview.png","type":"image\/png"}],"twitter_card":"summary_large_image","twitter_misc":{"Tiempo de lectura":"5 minutos"},"schema":{"@context":"https:\/\/schema.org","@graph":[{"@type":"WebPage","@id":"https:\/\/paule-vasseur.com\/es\/boutique-paule-vasseur-bordeaux-robe-belle-maman.htm","url":"https:\/\/paule-vasseur.com\/es\/boutique-paule-vasseur-bordeaux-robe-belle-maman.htm","name":"Maison Paule Vasseur: venga a probarla y d\u00e9jese aconsejar en Burdeos - PAULE VASSEUR","isPartOf":{"@id":"https:\/\/paule-vasseur.com\/es\/#website"},"primaryImageOfPage":{"@id":"https:\/\/paule-vasseur.com\/es\/boutique-paule-vasseur-bordeaux-robe-belle-maman.htm#primaryimage"},"image":{"@id":"https:\/\/paule-vasseur.com\/es\/boutique-paule-vasseur-bordeaux-robe-belle-maman.htm#primaryimage"},"thumbnailUrl":"https:\/\/paule-vasseur.com\/wp-content\/uploads\/2025\/09\/double_ligne-removebg-preview-1024x88.png","datePublished":"2025-09-29T14:11:07+00:00","dateModified":"2025-09-29T14:26:46+00:00","description":"Paule Vasseur: la especialista en trajes de novio, trajes de noche para bodas, madrinas, ceremonias religiosas, comuniones, bodas civiles, bodas chic y elegantes en la boutique Croquelune, en el barrio de antig\u00fcedades de Burdeos. .","breadcrumb":{"@id":"https:\/\/paule-vasseur.com\/es\/boutique-paule-vasseur-bordeaux-robe-belle-maman.htm#breadcrumb"},"inLanguage":"es","potentialAction":[{"@type":"ReadAction","target":["https:\/\/paule-vasseur.com\/es\/boutique-paule-vasseur-bordeaux-robe-belle-maman.htm"]}]},{"@type":"ImageObject","inLanguage":"es","@id":"https:\/\/paule-vasseur.com\/es\/boutique-paule-vasseur-bordeaux-robe-belle-maman.htm#primaryimage","url":"https:\/\/paule-vasseur.com\/wp-content\/uploads\/2025\/09\/double_ligne-removebg-preview-1024x88.png","contentUrl":"https:\/\/paule-vasseur.com\/wp-content\/uploads\/2025\/09\/double_ligne-removebg-preview-1024x88.png"},{"@type":"BreadcrumbList","@id":"https:\/\/paule-vasseur.com\/es\/boutique-paule-vasseur-bordeaux-robe-belle-maman.htm#breadcrumb","itemListElement":[{"@type":"ListItem","position":1,"name":"Accueil","item":"https:\/\/paule-vasseur.com\/"},{"@type":"ListItem","position":2,"name":"Maison Paule Vasseur : venez essayer et vous faire conseiller \u00e0 Bordeaux"}]},{"@type":"WebSite","@id":"https:\/\/paule-vasseur.com\/es\/#website","url":"https:\/\/paule-vasseur.com\/es\/","name":"CORTINAS DE COSTURA","description":"","publisher":{"@id":"https:\/\/paule-vasseur.com\/es\/#organization"},"potentialAction":[{"@type":"SearchAction","target":{"@type":"EntryPoint","urlTemplate":"https:\/\/paule-vasseur.com\/es\/?s={search_term_string}"},"query-input":{"@type":"PropertyValueSpecification","valueRequired":true,"valueName":"search_term_string"}}],"inLanguage":"es"},{"@type":"Organization","@id":"https:\/\/paule-vasseur.com\/es\/#organization","name":"CORTINAS DE COSTURA","url":"https:\/\/paule-vasseur.com\/es\/","logo":{"@type":"ImageObject","inLanguage":"es","@id":"https:\/\/paule-vasseur.com\/es\/#\/schema\/logo\/image\/","url":"https:\/\/paule-vasseur.com\/wp-content\/uploads\/2025\/09\/cropped-cropped-logonew2018-2.webp","contentUrl":"https:\/\/paule-vasseur.com\/wp-content\/uploads\/2025\/09\/cropped-cropped-logonew2018-2.webp","width":166,"height":110,"caption":"RIDEAUX COUTURE"},"image":{"@id":"https:\/\/paule-vasseur.com\/es\/#\/schema\/logo\/image\/"}}]}},"_links":{"self":[{"href":"https:\/\/paule-vasseur.com\/es\/wp-json\/wp\/v2\/pages\/76538","targetHints":{"allow":["GET"]}}],"collection":[{"href":"https:\/\/paule-vasseur.com\/es\/wp-json\/wp\/v2\/pages"}],"about":[{"href":"https:\/\/paule-vasseur.com\/es\/wp-json\/wp\/v2\/types\/page"}],"author":[{"embeddable":true,"href":"https:\/\/paule-vasseur.com\/es\/wp-json\/wp\/v2\/users\/1"}],"replies":[{"embeddable":true,"href":"https:\/\/paule-vasseur.com\/es\/wp-json\/wp\/v2\/comments?post=76538"}],"version-history":[{"count":21,"href":"https:\/\/paule-vasseur.com\/es\/wp-json\/wp\/v2\/pages\/76538\/revisions"}],"predecessor-version":[{"id":76570,"href":"https:\/\/paule-vasseur.com\/es\/wp-json\/wp\/v2\/pages\/76538\/revisions\/76570"}],"wp:attachment":[{"href":"https:\/\/paule-vasseur.com\/es\/wp-json\/wp\/v2\/media?parent=76538"}],"wp:term":[{"taxonomy":"folder","embeddable":true,"href":"https:\/\/paule-vasseur.com\/es\/wp-json\/wp\/v2\/folder?post=76538"}],"curies":[{"name":"wp","href":"https:\/\/api.w.org\/{rel}","templated":true}]}}