{"id":76757,"date":"2025-09-30T16:16:37","date_gmt":"2025-09-30T14:16:37","guid":{"rendered":"https:\/\/paule-vasseur.com\/?page_id=76757"},"modified":"2025-09-30T16:16:38","modified_gmt":"2025-09-30T14:16:38","slug":"look-chic-evenement-femme","status":"publish","type":"page","link":"https:\/\/paule-vasseur.com\/es\/look-chic-evenement-femme.htm","title":{"rendered":"Colecci\u00f3n de ropa formal Nude primavera verano 2025"},"content":{"rendered":"<div class=\"wp-block-image\">\n<figure class=\"aligncenter size-full is-resized\"><img loading=\"lazy\" decoding=\"async\" width=\"1160\" height=\"100\" src=\"https:\/\/paule-vasseur.com\/wp-content\/uploads\/2025\/09\/double_ligne-removebg-preview.png\" alt=\"\" class=\"wp-image-69230\" style=\"width:414px;height:auto\" srcset=\"https:\/\/paule-vasseur.com\/wp-content\/uploads\/2025\/09\/double_ligne-removebg-preview.png 1160w, https:\/\/paule-vasseur.com\/wp-content\/uploads\/2025\/09\/double_ligne-removebg-preview-500x43.png 500w, https:\/\/paule-vasseur.com\/wp-content\/uploads\/2025\/09\/double_ligne-removebg-preview-1024x88.png 1024w, https:\/\/paule-vasseur.com\/wp-content\/uploads\/2025\/09\/double_ligne-removebg-preview-768x66.png 768w, https:\/\/paule-vasseur.com\/wp-content\/uploads\/2025\/09\/double_ligne-removebg-preview-650x56.png 650w\" sizes=\"auto, (max-width: 1160px) 100vw, 1160px\" \/><\/figure>\n<\/div>\n\n<style>.kb-row-layout-id76757_e1d668-17 > .kt-row-column-wrap{align-content:start;}:where(.kb-row-layout-id76757_e1d668-17 > .kt-row-column-wrap) > .wp-block-kadence-column{justify-content:start;}.kb-row-layout-id76757_e1d668-17 > .kt-row-column-wrap{column-gap:var(--global-kb-gap-md, 2rem);row-gap:var(--global-kb-gap-md, 2rem);padding-top:var(--global-kb-spacing-sm, 1.5rem);padding-bottom:var(--global-kb-spacing-sm, 1.5rem);grid-template-columns:repeat(2, minmax(0, 1fr));}.kb-row-layout-id76757_e1d668-17 > .kt-row-layout-overlay{opacity:0.30;}@media all and (max-width: 1024px){.kb-row-layout-id76757_e1d668-17 > .kt-row-column-wrap{grid-template-columns:repeat(2, minmax(0, 1fr));}}@media all and (max-width: 767px){.kb-row-layout-id76757_e1d668-17 > .kt-row-column-wrap{grid-template-columns:minmax(0, 1fr);}}<\/style><div class=\"kb-row-layout-wrap kb-row-layout-id76757_e1d668-17 alignnone wp-block-kadence-rowlayout\"><div class=\"kt-row-column-wrap kt-has-2-columns kt-row-layout-equal kt-tab-layout-inherit kt-mobile-layout-row kt-row-valign-top\">\n<style>.kadence-column76757_470ad4-5c > .kt-inside-inner-col,.kadence-column76757_470ad4-5c > .kt-inside-inner-col:before{border-top-left-radius:0px;border-top-right-radius:0px;border-bottom-right-radius:0px;border-bottom-left-radius:0px;}.kadence-column76757_470ad4-5c > .kt-inside-inner-col{column-gap:var(--global-kb-gap-sm, 1rem);}.kadence-column76757_470ad4-5c > .kt-inside-inner-col{flex-direction:column;}.kadence-column76757_470ad4-5c > .kt-inside-inner-col > .aligncenter{width:100%;}.kadence-column76757_470ad4-5c > .kt-inside-inner-col:before{opacity:0.3;}.kadence-column76757_470ad4-5c{position:relative;}@media all and (max-width: 1024px){.kadence-column76757_470ad4-5c > .kt-inside-inner-col{flex-direction:column;justify-content:center;}}@media all and (max-width: 767px){.kadence-column76757_470ad4-5c > .kt-inside-inner-col{flex-direction:column;justify-content:center;}}<\/style>\n<div class=\"wp-block-kadence-column kadence-column76757_470ad4-5c\"><div class=\"kt-inside-inner-col\"><style>.kb-image76757_7c07d9-db .kb-image-has-overlay:after{opacity:0.3;}<\/style>\n<figure class=\"wp-block-kadence-image kb-image76757_7c07d9-db size-full kb-image-is-ratio-size\"><div class=\"kb-is-ratio-image kb-image-ratio-land169\"><img loading=\"lazy\" decoding=\"async\" width=\"1200\" height=\"801\" src=\"https:\/\/paule-vasseur.com\/wp-content\/uploads\/2025\/09\/paule-vasseur-tenue-de-ceremonie-2.jpg\" alt=\"\" class=\"kb-img wp-image-76764\" srcset=\"https:\/\/paule-vasseur.com\/wp-content\/uploads\/2025\/09\/paule-vasseur-tenue-de-ceremonie-2.jpg 1200w, https:\/\/paule-vasseur.com\/wp-content\/uploads\/2025\/09\/paule-vasseur-tenue-de-ceremonie-2-500x334.jpg 500w, https:\/\/paule-vasseur.com\/wp-content\/uploads\/2025\/09\/paule-vasseur-tenue-de-ceremonie-2-1024x684.jpg 1024w, https:\/\/paule-vasseur.com\/wp-content\/uploads\/2025\/09\/paule-vasseur-tenue-de-ceremonie-2-768x513.jpg 768w, https:\/\/paule-vasseur.com\/wp-content\/uploads\/2025\/09\/paule-vasseur-tenue-de-ceremonie-2-650x434.jpg 650w\" sizes=\"auto, (max-width: 1200px) 100vw, 1200px\" \/><\/div><\/figure>\n\n\n<style>.kb-image76757_88736a-3a .kb-image-has-overlay:after{opacity:0.3;}<\/style>\n<figure class=\"wp-block-kadence-image kb-image76757_88736a-3a size-large kb-image-is-ratio-size\"><div class=\"kb-is-ratio-image kb-image-ratio-land169\"><img loading=\"lazy\" decoding=\"async\" width=\"1024\" height=\"576\" src=\"https:\/\/paule-vasseur.com\/wp-content\/uploads\/2025\/09\/ambiance-nude-1024x576.jpg\" alt=\"\" class=\"kb-img wp-image-76750\" srcset=\"https:\/\/paule-vasseur.com\/wp-content\/uploads\/2025\/09\/ambiance-nude-1024x576.jpg 1024w, https:\/\/paule-vasseur.com\/wp-content\/uploads\/2025\/09\/ambiance-nude-500x281.jpg 500w, https:\/\/paule-vasseur.com\/wp-content\/uploads\/2025\/09\/ambiance-nude-768x432.jpg 768w, https:\/\/paule-vasseur.com\/wp-content\/uploads\/2025\/09\/ambiance-nude-1536x864.jpg 1536w, https:\/\/paule-vasseur.com\/wp-content\/uploads\/2025\/09\/ambiance-nude-650x366.jpg 650w, https:\/\/paule-vasseur.com\/wp-content\/uploads\/2025\/09\/ambiance-nude.jpg 1920w\" sizes=\"auto, (max-width: 1024px) 100vw, 1024px\" \/><\/div><\/figure>\n\n\n<style>.kb-image76757_7d88b8-74 .kb-image-has-overlay:after{opacity:0.3;}<\/style>\n<figure class=\"wp-block-kadence-image kb-image76757_7d88b8-74 size-large kb-image-is-ratio-size\"><div class=\"kb-is-ratio-image kb-image-ratio-port23\"><img loading=\"lazy\" decoding=\"async\" width=\"937\" height=\"1024\" src=\"https:\/\/paule-vasseur.com\/wp-content\/uploads\/2025\/09\/e23-theme-aniza-robe-kim-111nude02-937x1024.jpg\" alt=\"\" class=\"kb-img wp-image-76759\" srcset=\"https:\/\/paule-vasseur.com\/wp-content\/uploads\/2025\/09\/e23-theme-aniza-robe-kim-111nude02-937x1024.jpg 937w, https:\/\/paule-vasseur.com\/wp-content\/uploads\/2025\/09\/e23-theme-aniza-robe-kim-111nude02-457x500.jpg 457w, https:\/\/paule-vasseur.com\/wp-content\/uploads\/2025\/09\/e23-theme-aniza-robe-kim-111nude02-768x840.jpg 768w, https:\/\/paule-vasseur.com\/wp-content\/uploads\/2025\/09\/e23-theme-aniza-robe-kim-111nude02-500x547.jpg 500w, https:\/\/paule-vasseur.com\/wp-content\/uploads\/2025\/09\/e23-theme-aniza-robe-kim-111nude02-650x711.jpg 650w, https:\/\/paule-vasseur.com\/wp-content\/uploads\/2025\/09\/e23-theme-aniza-robe-kim-111nude02.jpg 1200w\" sizes=\"auto, (max-width: 937px) 100vw, 937px\" \/><\/div><\/figure>\n\n\n\n<h2 class=\"wp-block-heading\">Trajes de etiqueta elegantes<\/h2>\n\n\n\n<p>La temporada de ceremonias ha comenzado de nuevo, por lo que le invitamos a ponerse en contacto con nosotros lo antes posible.<br>Cuando se trata de atuendos para bodas, c\u00f3cteles o bautizos, ya seas la novia, la suegra o la invitada, necesitas estar radiante en tu gran d\u00eda.<br>Deje que nuestros equipos de expertos le asesoren en nuestras boutiques sobre su elecci\u00f3n de atuendos, colores, materiales y accesorios.<br>\u00bfUn sombrerito o uno grande? \u00bfZapatos altos o tacones bajos? te ayudaremos a elegir el conjunto m\u00e1s elegante, estiloso y c\u00f3modo.<\/p>\n<\/div><\/div>\n\n\n<style>.kadence-column76757_0793d0-9b > .kt-inside-inner-col,.kadence-column76757_0793d0-9b > .kt-inside-inner-col:before{border-top-left-radius:0px;border-top-right-radius:0px;border-bottom-right-radius:0px;border-bottom-left-radius:0px;}.kadence-column76757_0793d0-9b > .kt-inside-inner-col{column-gap:var(--global-kb-gap-sm, 1rem);}.kadence-column76757_0793d0-9b > .kt-inside-inner-col{flex-direction:column;}.kadence-column76757_0793d0-9b > .kt-inside-inner-col > .aligncenter{width:100%;}.kadence-column76757_0793d0-9b > .kt-inside-inner-col:before{opacity:0.3;}.kadence-column76757_0793d0-9b{position:relative;}@media all and (max-width: 1024px){.kadence-column76757_0793d0-9b > .kt-inside-inner-col{flex-direction:column;justify-content:center;}}@media all and (max-width: 767px){.kadence-column76757_0793d0-9b > .kt-inside-inner-col{flex-direction:column;justify-content:center;}}<\/style>\n<div class=\"wp-block-kadence-column kadence-column76757_0793d0-9b\"><div class=\"kt-inside-inner-col\"><style>.kb-image76757_850d9d-1b .kb-image-has-overlay:after{opacity:0.3;}<\/style>\n<figure class=\"wp-block-kadence-image kb-image76757_850d9d-1b size-full kb-image-is-ratio-size\"><div class=\"kb-is-ratio-image kb-image-ratio-port23\"><img loading=\"lazy\" decoding=\"async\" width=\"1200\" height=\"1534\" src=\"https:\/\/paule-vasseur.com\/wp-content\/uploads\/2025\/09\/e23-theme-aniza-robe-kim-111nude03.jpg\" alt=\"\" class=\"kb-img wp-image-76760\" srcset=\"https:\/\/paule-vasseur.com\/wp-content\/uploads\/2025\/09\/e23-theme-aniza-robe-kim-111nude03.jpg 1200w, https:\/\/paule-vasseur.com\/wp-content\/uploads\/2025\/09\/e23-theme-aniza-robe-kim-111nude03-391x500.jpg 391w, https:\/\/paule-vasseur.com\/wp-content\/uploads\/2025\/09\/e23-theme-aniza-robe-kim-111nude03-801x1024.jpg 801w, https:\/\/paule-vasseur.com\/wp-content\/uploads\/2025\/09\/e23-theme-aniza-robe-kim-111nude03-768x982.jpg 768w, https:\/\/paule-vasseur.com\/wp-content\/uploads\/2025\/09\/e23-theme-aniza-robe-kim-111nude03-500x639.jpg 500w, https:\/\/paule-vasseur.com\/wp-content\/uploads\/2025\/09\/e23-theme-aniza-robe-kim-111nude03-650x831.jpg 650w\" sizes=\"auto, (max-width: 1200px) 100vw, 1200px\" \/><\/div><\/figure>\n\n\n\n<h2 class=\"wp-block-heading\">Opta por ropa formal delicada<\/h2>\n\n\n\n<p>Suavidad y delicadeza para este estampado de flores, luces y sombras. La sutil coloraci\u00f3n \u00abnude\u00bb y \u00abantracita\u00bb crea una silueta refinada y femenina. Coordinado con lentejuelas, gasa y seda, Paule Vasseur ha seleccionado estos materiales y acabados refinados para perfeccionar su atuendo. Esta colecci\u00f3n combina todos los criterios de calidad, saber hacer y experiencia.<\/p>\n\n\n<style>.kb-image76757_3fd7de-40 .kb-image-has-overlay:after{opacity:0.3;}<\/style>\n<figure class=\"wp-block-kadence-image kb-image76757_3fd7de-40 size-large kb-image-is-ratio-size\"><div class=\"kb-is-ratio-image kb-image-ratio-port23\"><img loading=\"lazy\" decoding=\"async\" width=\"1024\" height=\"930\" src=\"https:\/\/paule-vasseur.com\/wp-content\/uploads\/2025\/09\/nude-e23-theme-aniza-veste-therese-robe-tzarine-02-1024x930.jpg\" alt=\"\" class=\"kb-img wp-image-76761\" srcset=\"https:\/\/paule-vasseur.com\/wp-content\/uploads\/2025\/09\/nude-e23-theme-aniza-veste-therese-robe-tzarine-02-1024x930.jpg 1024w, https:\/\/paule-vasseur.com\/wp-content\/uploads\/2025\/09\/nude-e23-theme-aniza-veste-therese-robe-tzarine-02-500x454.jpg 500w, https:\/\/paule-vasseur.com\/wp-content\/uploads\/2025\/09\/nude-e23-theme-aniza-veste-therese-robe-tzarine-02-768x698.jpg 768w, https:\/\/paule-vasseur.com\/wp-content\/uploads\/2025\/09\/nude-e23-theme-aniza-veste-therese-robe-tzarine-02-650x590.jpg 650w, https:\/\/paule-vasseur.com\/wp-content\/uploads\/2025\/09\/nude-e23-theme-aniza-veste-therese-robe-tzarine-02.jpg 1200w\" sizes=\"auto, (max-width: 1024px) 100vw, 1024px\" \/><\/div><\/figure>\n<\/div><\/div>\n\n<\/div><\/div>\n\n\n<p><\/p>","protected":false},"excerpt":{"rendered":"<p>Tenue de c\u00e9r\u00e9monie champ\u00eatre et \u00e9l\u00e9gante La saison des c\u00e9r\u00e9monies est repartie, nous vous invitons \u00e0 nous contacter au plus vite.Pour une tenue de mariage, cocktail ou bapt\u00eame, que vous soyez la mari\u00e9e, la belle-m\u00e8re ou l\u2019invit\u00e9, vous vous devez d\u2019\u00eatre rayonnante ce grand jour.Laissez-vous conseiller par nos \u00e9quipes expertes dans nos boutiques : choix&#8230;<\/p>","protected":false},"author":1,"featured_media":0,"parent":0,"menu_order":0,"comment_status":"closed","ping_status":"closed","template":"","meta":{"_kadence_starter_templates_imported_post":false,"_kad_post_transparent":"","_kad_post_title":"","_kad_post_layout":"","_kad_post_sidebar_id":"","_kad_post_content_style":"","_kad_post_vertical_padding":"","_kad_post_feature":"","_kad_post_feature_position":"","_kad_post_header":false,"_kad_post_footer":false,"_kad_post_classname":"","footnotes":""},"folder":[4281],"class_list":["post-76757","page","type-page","status-publish","hentry"],"yoast_head":"<!-- This site is optimized with the Yoast SEO plugin v27.4 - https:\/\/yoast.com\/product\/yoast-seo-wordpress\/ -->\n<title>Collection de tenues de c\u00e9r\u00e9monie nude printemps \u00e9t\u00e9 2025 - PAULE VASSEUR<\/title>\n<meta name=\"robots\" content=\"index, follow, max-snippet:-1, max-image-preview:large, max-video-preview:-1\" \/>\n<link rel=\"canonical\" href=\"https:\/\/paule-vasseur.com\/es\/look-chic-evenement-femme-htm\" \/>\n<meta property=\"og:locale\" content=\"es_ES\" \/>\n<meta property=\"og:type\" content=\"article\" \/>\n<meta property=\"og:title\" content=\"Collection de tenues de c\u00e9r\u00e9monie nude printemps \u00e9t\u00e9 2025 - PAULE VASSEUR\" \/>\n<meta property=\"og:description\" content=\"Tenue de c\u00e9r\u00e9monie champ\u00eatre et \u00e9l\u00e9gante La saison des c\u00e9r\u00e9monies est repartie, nous vous invitons \u00e0 nous contacter au plus vite.Pour une tenue de mariage, cocktail ou bapt\u00eame, que vous soyez la mari\u00e9e, la belle-m\u00e8re ou l\u2019invit\u00e9, vous vous devez d\u2019\u00eatre rayonnante ce grand jour.Laissez-vous conseiller par nos \u00e9quipes expertes dans nos boutiques : choix...\" \/>\n<meta property=\"og:url\" content=\"https:\/\/paule-vasseur.com\/es\/look-chic-evenement-femme-htm\" \/>\n<meta property=\"og:site_name\" content=\"PAULE VASSEUR\" \/>\n<meta property=\"article:modified_time\" content=\"2025-09-30T14:16:38+00:00\" \/>\n<meta property=\"og:image\" content=\"https:\/\/paule-vasseur.com\/wp-content\/uploads\/2025\/09\/double_ligne-removebg-preview.png\" \/>\n\t<meta property=\"og:image:width\" content=\"1160\" \/>\n\t<meta property=\"og:image:height\" content=\"100\" \/>\n\t<meta property=\"og:image:type\" content=\"image\/png\" \/>\n<meta name=\"twitter:card\" content=\"summary_large_image\" \/>\n<meta name=\"twitter:label1\" content=\"Tiempo de lectura\" \/>\n\t<meta name=\"twitter:data1\" content=\"2 minutos\" \/>\n<script type=\"application\/ld+json\" class=\"yoast-schema-graph\">{\"@context\":\"https:\\\/\\\/schema.org\",\"@graph\":[{\"@type\":\"WebPage\",\"@id\":\"https:\\\/\\\/paule-vasseur.com\\\/es\\\/look-chic-evenement-femme.htm\",\"url\":\"https:\\\/\\\/paule-vasseur.com\\\/es\\\/look-chic-evenement-femme.htm\",\"name\":\"Collection de tenues de c\u00e9r\u00e9monie nude printemps \u00e9t\u00e9 2025 - PAULE VASSEUR\",\"isPartOf\":{\"@id\":\"https:\\\/\\\/paule-vasseur.com\\\/es\\\/#website\"},\"primaryImageOfPage\":{\"@id\":\"https:\\\/\\\/paule-vasseur.com\\\/es\\\/look-chic-evenement-femme.htm#primaryimage\"},\"image\":{\"@id\":\"https:\\\/\\\/paule-vasseur.com\\\/es\\\/look-chic-evenement-femme.htm#primaryimage\"},\"thumbnailUrl\":\"https:\\\/\\\/paule-vasseur.com\\\/wp-content\\\/uploads\\\/2025\\\/09\\\/double_ligne-removebg-preview.png\",\"datePublished\":\"2025-09-30T14:16:37+00:00\",\"dateModified\":\"2025-09-30T14:16:38+00:00\",\"breadcrumb\":{\"@id\":\"https:\\\/\\\/paule-vasseur.com\\\/es\\\/look-chic-evenement-femme.htm#breadcrumb\"},\"inLanguage\":\"es\",\"potentialAction\":[{\"@type\":\"ReadAction\",\"target\":[\"https:\\\/\\\/paule-vasseur.com\\\/es\\\/look-chic-evenement-femme.htm\"]}]},{\"@type\":\"ImageObject\",\"inLanguage\":\"es\",\"@id\":\"https:\\\/\\\/paule-vasseur.com\\\/es\\\/look-chic-evenement-femme.htm#primaryimage\",\"url\":\"https:\\\/\\\/paule-vasseur.com\\\/wp-content\\\/uploads\\\/2025\\\/09\\\/double_ligne-removebg-preview.png\",\"contentUrl\":\"https:\\\/\\\/paule-vasseur.com\\\/wp-content\\\/uploads\\\/2025\\\/09\\\/double_ligne-removebg-preview.png\"},{\"@type\":\"BreadcrumbList\",\"@id\":\"https:\\\/\\\/paule-vasseur.com\\\/es\\\/look-chic-evenement-femme.htm#breadcrumb\",\"itemListElement\":[{\"@type\":\"ListItem\",\"position\":1,\"name\":\"Accueil\",\"item\":\"https:\\\/\\\/paule-vasseur.com\\\/\"},{\"@type\":\"ListItem\",\"position\":2,\"name\":\"Collection de tenues de c\u00e9r\u00e9monie nude printemps \u00e9t\u00e9 2025\"}]},{\"@type\":\"WebSite\",\"@id\":\"https:\\\/\\\/paule-vasseur.com\\\/es\\\/#website\",\"url\":\"https:\\\/\\\/paule-vasseur.com\\\/es\\\/\",\"name\":\"RIDEAUX COUTURE\",\"description\":\"\",\"publisher\":{\"@id\":\"https:\\\/\\\/paule-vasseur.com\\\/es\\\/#organization\"},\"potentialAction\":[{\"@type\":\"SearchAction\",\"target\":{\"@type\":\"EntryPoint\",\"urlTemplate\":\"https:\\\/\\\/paule-vasseur.com\\\/es\\\/?s={search_term_string}\"},\"query-input\":{\"@type\":\"PropertyValueSpecification\",\"valueRequired\":true,\"valueName\":\"search_term_string\"}}],\"inLanguage\":\"es\"},{\"@type\":\"Organization\",\"@id\":\"https:\\\/\\\/paule-vasseur.com\\\/es\\\/#organization\",\"name\":\"RIDEAUX COUTURE\",\"url\":\"https:\\\/\\\/paule-vasseur.com\\\/es\\\/\",\"logo\":{\"@type\":\"ImageObject\",\"inLanguage\":\"es\",\"@id\":\"https:\\\/\\\/paule-vasseur.com\\\/es\\\/#\\\/schema\\\/logo\\\/image\\\/\",\"url\":\"https:\\\/\\\/paule-vasseur.com\\\/wp-content\\\/uploads\\\/2025\\\/09\\\/cropped-cropped-logonew2018-2.webp\",\"contentUrl\":\"https:\\\/\\\/paule-vasseur.com\\\/wp-content\\\/uploads\\\/2025\\\/09\\\/cropped-cropped-logonew2018-2.webp\",\"width\":166,\"height\":110,\"caption\":\"RIDEAUX COUTURE\"},\"image\":{\"@id\":\"https:\\\/\\\/paule-vasseur.com\\\/es\\\/#\\\/schema\\\/logo\\\/image\\\/\"}}]}<\/script>\n<!-- \/ Yoast SEO plugin. -->","yoast_head_json":{"title":"Colecci\u00f3n de ropa formal nude primavera verano 2025 - PAULE VASSEUR","robots":{"index":"index","follow":"follow","max-snippet":"max-snippet:-1","max-image-preview":"max-image-preview:large","max-video-preview":"max-video-preview:-1"},"canonical":"https:\/\/paule-vasseur.com\/es\/look-chic-evenement-femme-htm","og_locale":"es_ES","og_type":"article","og_title":"Collection de tenues de c\u00e9r\u00e9monie nude printemps \u00e9t\u00e9 2025 - PAULE VASSEUR","og_description":"Tenue de c\u00e9r\u00e9monie champ\u00eatre et \u00e9l\u00e9gante La saison des c\u00e9r\u00e9monies est repartie, nous vous invitons \u00e0 nous contacter au plus vite.Pour une tenue de mariage, cocktail ou bapt\u00eame, que vous soyez la mari\u00e9e, la belle-m\u00e8re ou l\u2019invit\u00e9, vous vous devez d\u2019\u00eatre rayonnante ce grand jour.Laissez-vous conseiller par nos \u00e9quipes expertes dans nos boutiques : choix...","og_url":"https:\/\/paule-vasseur.com\/es\/look-chic-evenement-femme-htm","og_site_name":"PAULE VASSEUR","article_modified_time":"2025-09-30T14:16:38+00:00","og_image":[{"width":1160,"height":100,"url":"https:\/\/paule-vasseur.com\/wp-content\/uploads\/2025\/09\/double_ligne-removebg-preview.png","type":"image\/png"}],"twitter_card":"summary_large_image","twitter_misc":{"Tiempo de lectura":"2 minutos"},"schema":{"@context":"https:\/\/schema.org","@graph":[{"@type":"WebPage","@id":"https:\/\/paule-vasseur.com\/es\/look-chic-evenement-femme.htm","url":"https:\/\/paule-vasseur.com\/es\/look-chic-evenement-femme.htm","name":"Colecci\u00f3n de ropa formal nude primavera verano 2025 - PAULE VASSEUR","isPartOf":{"@id":"https:\/\/paule-vasseur.com\/es\/#website"},"primaryImageOfPage":{"@id":"https:\/\/paule-vasseur.com\/es\/look-chic-evenement-femme.htm#primaryimage"},"image":{"@id":"https:\/\/paule-vasseur.com\/es\/look-chic-evenement-femme.htm#primaryimage"},"thumbnailUrl":"https:\/\/paule-vasseur.com\/wp-content\/uploads\/2025\/09\/double_ligne-removebg-preview.png","datePublished":"2025-09-30T14:16:37+00:00","dateModified":"2025-09-30T14:16:38+00:00","breadcrumb":{"@id":"https:\/\/paule-vasseur.com\/es\/look-chic-evenement-femme.htm#breadcrumb"},"inLanguage":"es","potentialAction":[{"@type":"ReadAction","target":["https:\/\/paule-vasseur.com\/es\/look-chic-evenement-femme.htm"]}]},{"@type":"ImageObject","inLanguage":"es","@id":"https:\/\/paule-vasseur.com\/es\/look-chic-evenement-femme.htm#primaryimage","url":"https:\/\/paule-vasseur.com\/wp-content\/uploads\/2025\/09\/double_ligne-removebg-preview.png","contentUrl":"https:\/\/paule-vasseur.com\/wp-content\/uploads\/2025\/09\/double_ligne-removebg-preview.png"},{"@type":"BreadcrumbList","@id":"https:\/\/paule-vasseur.com\/es\/look-chic-evenement-femme.htm#breadcrumb","itemListElement":[{"@type":"ListItem","position":1,"name":"Accueil","item":"https:\/\/paule-vasseur.com\/"},{"@type":"ListItem","position":2,"name":"Collection de tenues de c\u00e9r\u00e9monie nude printemps \u00e9t\u00e9 2025"}]},{"@type":"WebSite","@id":"https:\/\/paule-vasseur.com\/es\/#website","url":"https:\/\/paule-vasseur.com\/es\/","name":"CORTINAS DE COSTURA","description":"","publisher":{"@id":"https:\/\/paule-vasseur.com\/es\/#organization"},"potentialAction":[{"@type":"SearchAction","target":{"@type":"EntryPoint","urlTemplate":"https:\/\/paule-vasseur.com\/es\/?s={search_term_string}"},"query-input":{"@type":"PropertyValueSpecification","valueRequired":true,"valueName":"search_term_string"}}],"inLanguage":"es"},{"@type":"Organization","@id":"https:\/\/paule-vasseur.com\/es\/#organization","name":"CORTINAS DE COSTURA","url":"https:\/\/paule-vasseur.com\/es\/","logo":{"@type":"ImageObject","inLanguage":"es","@id":"https:\/\/paule-vasseur.com\/es\/#\/schema\/logo\/image\/","url":"https:\/\/paule-vasseur.com\/wp-content\/uploads\/2025\/09\/cropped-cropped-logonew2018-2.webp","contentUrl":"https:\/\/paule-vasseur.com\/wp-content\/uploads\/2025\/09\/cropped-cropped-logonew2018-2.webp","width":166,"height":110,"caption":"RIDEAUX COUTURE"},"image":{"@id":"https:\/\/paule-vasseur.com\/es\/#\/schema\/logo\/image\/"}}]}},"_links":{"self":[{"href":"https:\/\/paule-vasseur.com\/es\/wp-json\/wp\/v2\/pages\/76757","targetHints":{"allow":["GET"]}}],"collection":[{"href":"https:\/\/paule-vasseur.com\/es\/wp-json\/wp\/v2\/pages"}],"about":[{"href":"https:\/\/paule-vasseur.com\/es\/wp-json\/wp\/v2\/types\/page"}],"author":[{"embeddable":true,"href":"https:\/\/paule-vasseur.com\/es\/wp-json\/wp\/v2\/users\/1"}],"replies":[{"embeddable":true,"href":"https:\/\/paule-vasseur.com\/es\/wp-json\/wp\/v2\/comments?post=76757"}],"version-history":[{"count":3,"href":"https:\/\/paule-vasseur.com\/es\/wp-json\/wp\/v2\/pages\/76757\/revisions"}],"predecessor-version":[{"id":76766,"href":"https:\/\/paule-vasseur.com\/es\/wp-json\/wp\/v2\/pages\/76757\/revisions\/76766"}],"wp:attachment":[{"href":"https:\/\/paule-vasseur.com\/es\/wp-json\/wp\/v2\/media?parent=76757"}],"wp:term":[{"taxonomy":"folder","embeddable":true,"href":"https:\/\/paule-vasseur.com\/es\/wp-json\/wp\/v2\/folder?post=76757"}],"curies":[{"name":"wp","href":"https:\/\/api.w.org\/{rel}","templated":true}]}}