{"id":68986,"date":"2025-09-09T15:30:26","date_gmt":"2025-09-09T13:30:26","guid":{"rendered":"https:\/\/paule-vasseur.com\/?page_id=68986"},"modified":"2025-09-29T15:11:35","modified_gmt":"2025-09-29T13:11:35","slug":"tenue-sur-mesure-mere-marie","status":"publish","type":"page","link":"https:\/\/paule-vasseur.com\/it\/tenue-sur-mesure-mere-marie.htm","title":{"rendered":"D\u00e9lais de fabrication des commandes sp\u00e9ciales"},"content":{"rendered":"<h1 class=\"wp-block-heading\">Quand commander sa tenue de m\u00e8re de mari\u00e9(e)\u00a0?<\/h1>\n\n\n\n<div class=\"wp-block-cover is-light is-layout-constrained wp-block-cover-is-layout-constrained\"><img loading=\"lazy\" decoding=\"async\" width=\"1439\" height=\"375\" class=\"wp-block-cover__image-background wp-image-68987 size-full\" alt=\"\" src=\"https:\/\/paule-vasseur.com\/wp-content\/uploads\/2025\/09\/commander-sa-tenue-de-mere-de-marie-e-.jpg\" data-object-fit=\"cover\" srcset=\"https:\/\/paule-vasseur.com\/wp-content\/uploads\/2025\/09\/commander-sa-tenue-de-mere-de-marie-e-.jpg 1439w, https:\/\/paule-vasseur.com\/wp-content\/uploads\/2025\/09\/commander-sa-tenue-de-mere-de-marie-e--500x130.jpg 500w, https:\/\/paule-vasseur.com\/wp-content\/uploads\/2025\/09\/commander-sa-tenue-de-mere-de-marie-e--650x169.jpg 650w, https:\/\/paule-vasseur.com\/wp-content\/uploads\/2025\/09\/commander-sa-tenue-de-mere-de-marie-e--1024x267.jpg 1024w, https:\/\/paule-vasseur.com\/wp-content\/uploads\/2025\/09\/commander-sa-tenue-de-mere-de-marie-e--768x200.jpg 768w\" sizes=\"auto, (max-width: 1439px) 100vw, 1439px\" \/><span aria-hidden=\"true\" class=\"wp-block-cover__background has-background-dim-0 has-background-dim\"><\/span><div class=\"wp-block-cover__inner-container\"><\/div><\/div>\n\n\n\n<h2 class=\"wp-block-heading\">Timing de la maman, de la belle-maman, de la demoiselle d&rsquo;honneur&#8230;<\/h2>\n\n\n\n<p>Pour la maman, le compte a rebours pour la tenue commence parfois un an avant le jour J pour ce qui est des pr\u00e9paratifs.<br>Il en va parfois de m\u00eame pour les tenues.&nbsp;<\/p>\n\n\n\n<p>En venant chez Paule Vasseur lors d&rsquo;un premier rendez-vous, vous serez guid\u00e9e par une vendeuse qualifi\u00e9e et sp\u00e9cialis\u00e9e qui vous pr\u00e9sentera plusieurs tenues, du tailleur robe ou pantalon \u00e0 la robe longue, sans oublier les chapeaux et autres accessoires.<br>Dress-code th\u00e9matique, couleur souhait\u00e9e ou fantaisie sophistiqu\u00e9e trouveront chez Paule Vasseur une r\u00e9ponse \u00e9l\u00e9gante avec le savoir-faire \u00e0 la fran\u00e7aise qui a fait notre r\u00e9putation.<br>Une fois votre choix fait, il est fr\u00e9quent que vous preniez un second rendez-vous auquel la mari\u00e9e ou le mari\u00e9 peut \u00eatre pr\u00e9sent.\u00a0<br>C&rsquo;est \u00e0 ce moment que vous commanderez votre tenue, dont le d\u00e9lai de confection se situe entre 7 et 8 semaines .<br><br>Toutes nos tenues sont fabriqu\u00e9es en demi-mesure.<br><br>Enfin, lors d&rsquo;un ultime rendez-vous, vous pourrez essayer votre ensemble Paule Vasseur sur lequel d&rsquo;infimes retouches seront peut-\u00eatre n\u00e9cessaires afin que vous vous sentiez aussi a l&rsquo;aise que dans du sur-mesure.<br><br>Merci de pr\u00e9voir 8 semaines pour la confection de votre tenue de c\u00e9r\u00e9monie.<\/p>\n\n\n\n<p><\/p>","protected":false},"excerpt":{"rendered":"<p>Quand commander sa tenue de m\u00e8re de mari\u00e9(e)\u00a0? Timing de la maman, de la belle-maman, de la demoiselle d&rsquo;honneur&#8230; Pour la maman, le compte a rebours pour la tenue commence parfois un an avant le jour J pour ce qui est des pr\u00e9paratifs.Il en va parfois de m\u00eame pour les tenues.&nbsp; En venant chez Paule&#8230;<\/p>","protected":false},"author":1,"featured_media":0,"parent":0,"menu_order":0,"comment_status":"closed","ping_status":"closed","template":"","meta":{"_kadence_starter_templates_imported_post":false,"_kad_post_transparent":"","_kad_post_title":"","_kad_post_layout":"","_kad_post_sidebar_id":"","_kad_post_content_style":"","_kad_post_vertical_padding":"","_kad_post_feature":"","_kad_post_feature_position":"","_kad_post_header":false,"_kad_post_footer":false,"_kad_post_classname":"","footnotes":""},"folder":[4272],"class_list":["post-68986","page","type-page","status-publish","hentry"],"yoast_head":"<!-- This site is optimized with the Yoast SEO plugin v27.4 - https:\/\/yoast.com\/product\/yoast-seo-wordpress\/ -->\n<title>D\u00e9lais de fabrication des commandes sp\u00e9ciales - PAULE VASSEUR<\/title>\n<meta name=\"robots\" content=\"index, follow, max-snippet:-1, max-image-preview:large, max-video-preview:-1\" \/>\n<link rel=\"canonical\" href=\"https:\/\/paule-vasseur.com\/it\/tenue-sur-mesure-mere-marie.htm\" \/>\n<meta property=\"og:locale\" content=\"it_IT\" \/>\n<meta property=\"og:type\" content=\"article\" \/>\n<meta property=\"og:title\" content=\"D\u00e9lais de fabrication des commandes sp\u00e9ciales - PAULE VASSEUR\" \/>\n<meta property=\"og:description\" content=\"Quand commander sa tenue de m\u00e8re de mari\u00e9(e)\u00a0? Timing de la maman, de la belle-maman, de la demoiselle d&rsquo;honneur&#8230; Pour la maman, le compte a rebours pour la tenue commence parfois un an avant le jour J pour ce qui est des pr\u00e9paratifs.Il en va parfois de m\u00eame pour les tenues.&nbsp; En venant chez Paule...\" \/>\n<meta property=\"og:url\" content=\"https:\/\/paule-vasseur.com\/it\/tenue-sur-mesure-mere-marie.htm\" \/>\n<meta property=\"og:site_name\" content=\"PAULE VASSEUR\" \/>\n<meta property=\"article:modified_time\" content=\"2025-09-29T13:11:35+00:00\" \/>\n<meta property=\"og:image\" content=\"https:\/\/paule-vasseur.com\/wp-content\/uploads\/2025\/09\/commander-sa-tenue-de-mere-de-marie-e-.jpg\" \/>\n\t<meta property=\"og:image:width\" content=\"1439\" \/>\n\t<meta property=\"og:image:height\" content=\"375\" \/>\n\t<meta property=\"og:image:type\" content=\"image\/jpeg\" \/>\n<meta name=\"twitter:card\" content=\"summary_large_image\" \/>\n<meta name=\"twitter:label1\" content=\"Tempo di lettura stimato\" \/>\n\t<meta name=\"twitter:data1\" content=\"2 minuti\" \/>\n<script type=\"application\/ld+json\" class=\"yoast-schema-graph\">{\"@context\":\"https:\\\/\\\/schema.org\",\"@graph\":[{\"@type\":\"WebPage\",\"@id\":\"https:\\\/\\\/paule-vasseur.com\\\/it\\\/tenue-sur-mesure-mere-marie.htm\",\"url\":\"https:\\\/\\\/paule-vasseur.com\\\/it\\\/tenue-sur-mesure-mere-marie.htm\",\"name\":\"D\u00e9lais de fabrication des commandes sp\u00e9ciales - PAULE VASSEUR\",\"isPartOf\":{\"@id\":\"https:\\\/\\\/paule-vasseur.com\\\/it\\\/#website\"},\"primaryImageOfPage\":{\"@id\":\"https:\\\/\\\/paule-vasseur.com\\\/it\\\/tenue-sur-mesure-mere-marie.htm#primaryimage\"},\"image\":{\"@id\":\"https:\\\/\\\/paule-vasseur.com\\\/it\\\/tenue-sur-mesure-mere-marie.htm#primaryimage\"},\"thumbnailUrl\":\"https:\\\/\\\/paule-vasseur.com\\\/wp-content\\\/uploads\\\/2025\\\/09\\\/commander-sa-tenue-de-mere-de-marie-e-.jpg\",\"datePublished\":\"2025-09-09T13:30:26+00:00\",\"dateModified\":\"2025-09-29T13:11:35+00:00\",\"breadcrumb\":{\"@id\":\"https:\\\/\\\/paule-vasseur.com\\\/it\\\/tenue-sur-mesure-mere-marie.htm#breadcrumb\"},\"inLanguage\":\"it-IT\",\"potentialAction\":[{\"@type\":\"ReadAction\",\"target\":[\"https:\\\/\\\/paule-vasseur.com\\\/it\\\/tenue-sur-mesure-mere-marie.htm\"]}]},{\"@type\":\"ImageObject\",\"inLanguage\":\"it-IT\",\"@id\":\"https:\\\/\\\/paule-vasseur.com\\\/it\\\/tenue-sur-mesure-mere-marie.htm#primaryimage\",\"url\":\"https:\\\/\\\/paule-vasseur.com\\\/wp-content\\\/uploads\\\/2025\\\/09\\\/commander-sa-tenue-de-mere-de-marie-e-.jpg\",\"contentUrl\":\"https:\\\/\\\/paule-vasseur.com\\\/wp-content\\\/uploads\\\/2025\\\/09\\\/commander-sa-tenue-de-mere-de-marie-e-.jpg\"},{\"@type\":\"BreadcrumbList\",\"@id\":\"https:\\\/\\\/paule-vasseur.com\\\/it\\\/tenue-sur-mesure-mere-marie.htm#breadcrumb\",\"itemListElement\":[{\"@type\":\"ListItem\",\"position\":1,\"name\":\"Accueil\",\"item\":\"https:\\\/\\\/paule-vasseur.com\\\/\"},{\"@type\":\"ListItem\",\"position\":2,\"name\":\"D\u00e9lais de fabrication des commandes sp\u00e9ciales\"}]},{\"@type\":\"WebSite\",\"@id\":\"https:\\\/\\\/paule-vasseur.com\\\/it\\\/#website\",\"url\":\"https:\\\/\\\/paule-vasseur.com\\\/it\\\/\",\"name\":\"RIDEAUX COUTURE\",\"description\":\"\",\"publisher\":{\"@id\":\"https:\\\/\\\/paule-vasseur.com\\\/it\\\/#organization\"},\"potentialAction\":[{\"@type\":\"SearchAction\",\"target\":{\"@type\":\"EntryPoint\",\"urlTemplate\":\"https:\\\/\\\/paule-vasseur.com\\\/it\\\/?s={search_term_string}\"},\"query-input\":{\"@type\":\"PropertyValueSpecification\",\"valueRequired\":true,\"valueName\":\"search_term_string\"}}],\"inLanguage\":\"it-IT\"},{\"@type\":\"Organization\",\"@id\":\"https:\\\/\\\/paule-vasseur.com\\\/it\\\/#organization\",\"name\":\"RIDEAUX COUTURE\",\"url\":\"https:\\\/\\\/paule-vasseur.com\\\/it\\\/\",\"logo\":{\"@type\":\"ImageObject\",\"inLanguage\":\"it-IT\",\"@id\":\"https:\\\/\\\/paule-vasseur.com\\\/it\\\/#\\\/schema\\\/logo\\\/image\\\/\",\"url\":\"https:\\\/\\\/paule-vasseur.com\\\/wp-content\\\/uploads\\\/2025\\\/09\\\/cropped-cropped-logonew2018-2.webp\",\"contentUrl\":\"https:\\\/\\\/paule-vasseur.com\\\/wp-content\\\/uploads\\\/2025\\\/09\\\/cropped-cropped-logonew2018-2.webp\",\"width\":166,\"height\":110,\"caption\":\"RIDEAUX COUTURE\"},\"image\":{\"@id\":\"https:\\\/\\\/paule-vasseur.com\\\/it\\\/#\\\/schema\\\/logo\\\/image\\\/\"}}]}<\/script>\n<!-- \/ Yoast SEO plugin. -->","yoast_head_json":{"title":"D\u00e9lais de fabrication des commandes sp\u00e9ciales - PAULE VASSEUR","robots":{"index":"index","follow":"follow","max-snippet":"max-snippet:-1","max-image-preview":"max-image-preview:large","max-video-preview":"max-video-preview:-1"},"canonical":"https:\/\/paule-vasseur.com\/it\/tenue-sur-mesure-mere-marie.htm","og_locale":"it_IT","og_type":"article","og_title":"D\u00e9lais de fabrication des commandes sp\u00e9ciales - PAULE VASSEUR","og_description":"Quand commander sa tenue de m\u00e8re de mari\u00e9(e)\u00a0? Timing de la maman, de la belle-maman, de la demoiselle d&rsquo;honneur&#8230; Pour la maman, le compte a rebours pour la tenue commence parfois un an avant le jour J pour ce qui est des pr\u00e9paratifs.Il en va parfois de m\u00eame pour les tenues.&nbsp; En venant chez Paule...","og_url":"https:\/\/paule-vasseur.com\/it\/tenue-sur-mesure-mere-marie.htm","og_site_name":"PAULE VASSEUR","article_modified_time":"2025-09-29T13:11:35+00:00","og_image":[{"width":1439,"height":375,"url":"https:\/\/paule-vasseur.com\/wp-content\/uploads\/2025\/09\/commander-sa-tenue-de-mere-de-marie-e-.jpg","type":"image\/jpeg"}],"twitter_card":"summary_large_image","twitter_misc":{"Tempo di lettura stimato":"2 minuti"},"schema":{"@context":"https:\/\/schema.org","@graph":[{"@type":"WebPage","@id":"https:\/\/paule-vasseur.com\/it\/tenue-sur-mesure-mere-marie.htm","url":"https:\/\/paule-vasseur.com\/it\/tenue-sur-mesure-mere-marie.htm","name":"D\u00e9lais de fabrication des commandes sp\u00e9ciales - PAULE VASSEUR","isPartOf":{"@id":"https:\/\/paule-vasseur.com\/it\/#website"},"primaryImageOfPage":{"@id":"https:\/\/paule-vasseur.com\/it\/tenue-sur-mesure-mere-marie.htm#primaryimage"},"image":{"@id":"https:\/\/paule-vasseur.com\/it\/tenue-sur-mesure-mere-marie.htm#primaryimage"},"thumbnailUrl":"https:\/\/paule-vasseur.com\/wp-content\/uploads\/2025\/09\/commander-sa-tenue-de-mere-de-marie-e-.jpg","datePublished":"2025-09-09T13:30:26+00:00","dateModified":"2025-09-29T13:11:35+00:00","breadcrumb":{"@id":"https:\/\/paule-vasseur.com\/it\/tenue-sur-mesure-mere-marie.htm#breadcrumb"},"inLanguage":"it-IT","potentialAction":[{"@type":"ReadAction","target":["https:\/\/paule-vasseur.com\/it\/tenue-sur-mesure-mere-marie.htm"]}]},{"@type":"ImageObject","inLanguage":"it-IT","@id":"https:\/\/paule-vasseur.com\/it\/tenue-sur-mesure-mere-marie.htm#primaryimage","url":"https:\/\/paule-vasseur.com\/wp-content\/uploads\/2025\/09\/commander-sa-tenue-de-mere-de-marie-e-.jpg","contentUrl":"https:\/\/paule-vasseur.com\/wp-content\/uploads\/2025\/09\/commander-sa-tenue-de-mere-de-marie-e-.jpg"},{"@type":"BreadcrumbList","@id":"https:\/\/paule-vasseur.com\/it\/tenue-sur-mesure-mere-marie.htm#breadcrumb","itemListElement":[{"@type":"ListItem","position":1,"name":"Accueil","item":"https:\/\/paule-vasseur.com\/"},{"@type":"ListItem","position":2,"name":"D\u00e9lais de fabrication des commandes sp\u00e9ciales"}]},{"@type":"WebSite","@id":"https:\/\/paule-vasseur.com\/it\/#website","url":"https:\/\/paule-vasseur.com\/it\/","name":"TENDAGGI CUCITI SU MISURA","description":"","publisher":{"@id":"https:\/\/paule-vasseur.com\/it\/#organization"},"potentialAction":[{"@type":"SearchAction","target":{"@type":"EntryPoint","urlTemplate":"https:\/\/paule-vasseur.com\/it\/?s={search_term_string}"},"query-input":{"@type":"PropertyValueSpecification","valueRequired":true,"valueName":"search_term_string"}}],"inLanguage":"it-IT"},{"@type":"Organization","@id":"https:\/\/paule-vasseur.com\/it\/#organization","name":"TENDAGGI CUCITI SU MISURA","url":"https:\/\/paule-vasseur.com\/it\/","logo":{"@type":"ImageObject","inLanguage":"it-IT","@id":"https:\/\/paule-vasseur.com\/it\/#\/schema\/logo\/image\/","url":"https:\/\/paule-vasseur.com\/wp-content\/uploads\/2025\/09\/cropped-cropped-logonew2018-2.webp","contentUrl":"https:\/\/paule-vasseur.com\/wp-content\/uploads\/2025\/09\/cropped-cropped-logonew2018-2.webp","width":166,"height":110,"caption":"RIDEAUX COUTURE"},"image":{"@id":"https:\/\/paule-vasseur.com\/it\/#\/schema\/logo\/image\/"}}]}},"_links":{"self":[{"href":"https:\/\/paule-vasseur.com\/it\/wp-json\/wp\/v2\/pages\/68986","targetHints":{"allow":["GET"]}}],"collection":[{"href":"https:\/\/paule-vasseur.com\/it\/wp-json\/wp\/v2\/pages"}],"about":[{"href":"https:\/\/paule-vasseur.com\/it\/wp-json\/wp\/v2\/types\/page"}],"author":[{"embeddable":true,"href":"https:\/\/paule-vasseur.com\/it\/wp-json\/wp\/v2\/users\/1"}],"replies":[{"embeddable":true,"href":"https:\/\/paule-vasseur.com\/it\/wp-json\/wp\/v2\/comments?post=68986"}],"version-history":[{"count":11,"href":"https:\/\/paule-vasseur.com\/it\/wp-json\/wp\/v2\/pages\/68986\/revisions"}],"predecessor-version":[{"id":69001,"href":"https:\/\/paule-vasseur.com\/it\/wp-json\/wp\/v2\/pages\/68986\/revisions\/69001"}],"wp:attachment":[{"href":"https:\/\/paule-vasseur.com\/it\/wp-json\/wp\/v2\/media?parent=68986"}],"wp:term":[{"taxonomy":"folder","embeddable":true,"href":"https:\/\/paule-vasseur.com\/it\/wp-json\/wp\/v2\/folder?post=68986"}],"curies":[{"name":"wp","href":"https:\/\/api.w.org\/{rel}","templated":true}]}}