{"id":75405,"date":"2025-09-22T10:30:10","date_gmt":"2025-09-22T08:30:10","guid":{"rendered":"https:\/\/paule-vasseur.com\/?page_id=75405"},"modified":"2025-09-22T12:39:46","modified_gmt":"2025-09-22T10:39:46","slug":"lieu-reception-mariage-chateau","status":"publish","type":"page","link":"https:\/\/paule-vasseur.com\/it\/lieu-reception-mariage-chateau.htm","title":{"rendered":"Come si sceglie la sede del matrimonio?"},"content":{"rendered":"<div class=\"wp-block-image\">\n<figure class=\"aligncenter size-full is-resized\"><img loading=\"lazy\" decoding=\"async\" width=\"1160\" height=\"100\" src=\"https:\/\/paule-vasseur.com\/wp-content\/uploads\/2025\/09\/double_ligne-removebg-preview.png\" alt=\"\" class=\"wp-image-69230\" style=\"width:414px;height:auto\" srcset=\"https:\/\/paule-vasseur.com\/wp-content\/uploads\/2025\/09\/double_ligne-removebg-preview.png 1160w, https:\/\/paule-vasseur.com\/wp-content\/uploads\/2025\/09\/double_ligne-removebg-preview-500x43.png 500w, https:\/\/paule-vasseur.com\/wp-content\/uploads\/2025\/09\/double_ligne-removebg-preview-1024x88.png 1024w, https:\/\/paule-vasseur.com\/wp-content\/uploads\/2025\/09\/double_ligne-removebg-preview-768x66.png 768w, https:\/\/paule-vasseur.com\/wp-content\/uploads\/2025\/09\/double_ligne-removebg-preview-650x56.png 650w\" sizes=\"auto, (max-width: 1160px) 100vw, 1160px\" \/><\/figure>\n<\/div>\n\n<style>.kb-row-layout-id75405_00cf56-65 > .kt-row-column-wrap{align-content:start;}:where(.kb-row-layout-id75405_00cf56-65 > .kt-row-column-wrap) > .wp-block-kadence-column{justify-content:start;}.kb-row-layout-id75405_00cf56-65 > .kt-row-column-wrap{column-gap:var(--global-kb-gap-lg, 4rem);row-gap:var(--global-kb-gap-md, 2rem);padding-top:var(--global-kb-spacing-sm, 1.5rem);padding-bottom:var(--global-kb-spacing-sm, 1.5rem);grid-template-columns:minmax(0, calc(50% - ((var(--global-kb-gap-lg, 4rem) * 1 )\/2)))minmax(0, calc(50% - ((var(--global-kb-gap-lg, 4rem) * 1 )\/2)));}.kb-row-layout-id75405_00cf56-65 > .kt-row-layout-overlay{opacity:0.30;}@media all and (max-width: 1024px){.kb-row-layout-id75405_00cf56-65 > .kt-row-column-wrap{grid-template-columns:repeat(2, minmax(0, 1fr));}}@media all and (max-width: 767px){.kb-row-layout-id75405_00cf56-65 > .kt-row-column-wrap{grid-template-columns:minmax(0, 1fr);}}<\/style><div class=\"kb-row-layout-wrap kb-row-layout-id75405_00cf56-65 alignnone wp-block-kadence-rowlayout\"><div class=\"kt-row-column-wrap kt-has-2-columns kt-row-layout-equal kt-tab-layout-inherit kt-mobile-layout-row kt-row-valign-top\">\n<style>.kadence-column75405_6d62b2-4b > .kt-inside-inner-col,.kadence-column75405_6d62b2-4b > .kt-inside-inner-col:before{border-top-left-radius:0px;border-top-right-radius:0px;border-bottom-right-radius:0px;border-bottom-left-radius:0px;}.kadence-column75405_6d62b2-4b > .kt-inside-inner-col{column-gap:var(--global-kb-gap-sm, 1rem);}.kadence-column75405_6d62b2-4b > .kt-inside-inner-col{flex-direction:column;}.kadence-column75405_6d62b2-4b > .kt-inside-inner-col > .aligncenter{width:100%;}.kadence-column75405_6d62b2-4b > .kt-inside-inner-col:before{opacity:0.3;}.kadence-column75405_6d62b2-4b{position:relative;}@media all and (max-width: 1024px){.kadence-column75405_6d62b2-4b > .kt-inside-inner-col{flex-direction:column;justify-content:center;}}@media all and (max-width: 767px){.kadence-column75405_6d62b2-4b > .kt-inside-inner-col{flex-direction:column;justify-content:center;}}<\/style>\n<div class=\"wp-block-kadence-column kadence-column75405_6d62b2-4b\"><div class=\"kt-inside-inner-col\">\n<h2 class=\"wp-block-heading\">Quale tema e quale atmosfera per il vostro matrimonio?&nbsp;<\/h2>\n\n\n\n<p>Potete optare per un matrimonio \u00abch\u00e2telaine\u201d, un matrimonio pi\u00f9 \u00abnaturale\u201d in un ambiente rurale.<br>Potete anche organizzare il vostro evento nella privacy di una casa di famiglia o di un loft per un'atmosfera pi\u00f9 \u00abcittadina\u201d.<br>Tutto dipende dal tema e dall'atmosfera che avete scelto per il vostro matrimonio.<br><br>Il fascino di un castello per un matrimonio magico:<br>Per un ambiente pi\u00f9 sofisticato, si pu\u00f2 ricorrere a un catering regionale con cocktail, orchestra classica e decorazioni floreali spettacolari.<br>Un abito da sposa, il modello EMI di Paule Vasseur, si adatter\u00e0 perfettamente al vostro stato d'animo.<\/p>\n\n\n\n<p>L'intimit\u00e0 di una casa di famiglia o di una splendida residenza di campagna: <br>\u00c8 la soluzione pi\u00f9 calda perch\u00e9 \u00e8 un luogo spesso pieno di ricordi. Per quanto riguarda il catering, fidatevi del passaparola. La decorazione pu\u00f2 essere legata alla cultura regionale.<\/p>\n\n\n\n<p>Per un matrimonio pi\u00f9 urbano: un loft o una sala dall'atmosfera industriale sta diventando molto trendy e permette di sposarsi anche in inverno. L'arredamento floreale sar\u00e0 pi\u00f9 zen, con bouquet in stile giapponese e un catering che servir\u00e0 piatti asiatici. L'abito da sposa Chrysalide di Paule Vasseur sar\u00e0 sobrio e chic.<\/p>\n\n\n\n<p>Qualunque sia l'atmosfera che scegliete, potete creare un codice di abbigliamento uniforme per i vostri ospiti. Paule Vasseur offre un'ampia gamma di colori, quindi troverete sicuramente quello che cercate nelle nostre collezioni. Date un'occhiata alla nostra nuova collezione di tessuti esclusivi.<\/p>\n<\/div><\/div>\n\n\n<style>.kadence-column75405_7d760e-9d > .kt-inside-inner-col,.kadence-column75405_7d760e-9d > .kt-inside-inner-col:before{border-top-left-radius:0px;border-top-right-radius:0px;border-bottom-right-radius:0px;border-bottom-left-radius:0px;}.kadence-column75405_7d760e-9d > .kt-inside-inner-col{column-gap:var(--global-kb-gap-sm, 1rem);}.kadence-column75405_7d760e-9d > .kt-inside-inner-col{flex-direction:column;}.kadence-column75405_7d760e-9d > .kt-inside-inner-col > .aligncenter{width:100%;}.kadence-column75405_7d760e-9d > .kt-inside-inner-col:before{opacity:0.3;}.kadence-column75405_7d760e-9d{position:relative;}@media all and (max-width: 1024px){.kadence-column75405_7d760e-9d > .kt-inside-inner-col{flex-direction:column;justify-content:center;}}@media all and (max-width: 767px){.kadence-column75405_7d760e-9d > .kt-inside-inner-col{flex-direction:column;justify-content:center;}}<\/style>\n<div class=\"wp-block-kadence-column kadence-column75405_7d760e-9d\"><div class=\"kt-inside-inner-col\"><style>.kb-image75405_82dd74-8e .kb-image-has-overlay:after{opacity:0.3;}.kb-image75405_82dd74-8e img.kb-img, .kb-image75405_82dd74-8e .kb-img img{object-position:51% 17%;}<\/style>\n<figure class=\"wp-block-kadence-image kb-image75405_82dd74-8e size-large kb-image-is-ratio-size\"><div class=\"kb-is-ratio-image kb-image-ratio-port34\"><img loading=\"lazy\" decoding=\"async\" width=\"683\" height=\"1024\" src=\"https:\/\/paule-vasseur.com\/wp-content\/uploads\/2025\/09\/jeremy-wong-weddings-K8KiCHh4WU4-unsplash-683x1024.jpg\" alt=\"\" class=\"kb-img wp-image-75321\" srcset=\"https:\/\/paule-vasseur.com\/wp-content\/uploads\/2025\/09\/jeremy-wong-weddings-K8KiCHh4WU4-unsplash-683x1024.jpg 683w, https:\/\/paule-vasseur.com\/wp-content\/uploads\/2025\/09\/jeremy-wong-weddings-K8KiCHh4WU4-unsplash-333x500.jpg 333w, https:\/\/paule-vasseur.com\/wp-content\/uploads\/2025\/09\/jeremy-wong-weddings-K8KiCHh4WU4-unsplash-768x1152.jpg 768w, https:\/\/paule-vasseur.com\/wp-content\/uploads\/2025\/09\/jeremy-wong-weddings-K8KiCHh4WU4-unsplash-1024x1536.jpg 1024w, https:\/\/paule-vasseur.com\/wp-content\/uploads\/2025\/09\/jeremy-wong-weddings-K8KiCHh4WU4-unsplash-1365x2048.jpg 1365w, https:\/\/paule-vasseur.com\/wp-content\/uploads\/2025\/09\/jeremy-wong-weddings-K8KiCHh4WU4-unsplash-500x750.jpg 500w, https:\/\/paule-vasseur.com\/wp-content\/uploads\/2025\/09\/jeremy-wong-weddings-K8KiCHh4WU4-unsplash-650x975.jpg 650w, https:\/\/paule-vasseur.com\/wp-content\/uploads\/2025\/09\/jeremy-wong-weddings-K8KiCHh4WU4-unsplash-scaled.jpg 1706w\" sizes=\"auto, (max-width: 683px) 100vw, 683px\" \/><\/div><\/figure>\n<\/div><\/div>\n\n<\/div><\/div>\n\n\n<p><\/p>","protected":false},"excerpt":{"rendered":"<p>Quel th\u00e8me et quelle ambiance pour votre mariage ?&nbsp; Vous pouvez opter pour un mariage de \u00ab\u00a0ch\u00e2telaine\u201d, un mariage plus \u00ab\u00a0nature\u201d dans un lieu plus champ\u00eatre.Il est possible d\u2019organiser \u00e9galement votre \u00e9v\u00e8nement dans l\u2019intimit\u00e9 d\u2019une maison de famille ou d\u2019un loft pour une ambiance plus \u00ab\u00a0city\u201d.Tout d\u00e9pend du th\u00e8me et de l\u2019ambiance que vous choisissez&#8230;<\/p>","protected":false},"author":1,"featured_media":0,"parent":0,"menu_order":0,"comment_status":"closed","ping_status":"closed","template":"","meta":{"_kadence_starter_templates_imported_post":false,"_kad_post_transparent":"","_kad_post_title":"","_kad_post_layout":"","_kad_post_sidebar_id":"","_kad_post_content_style":"","_kad_post_vertical_padding":"","_kad_post_feature":"","_kad_post_feature_position":"","_kad_post_header":false,"_kad_post_footer":false,"_kad_post_classname":"","footnotes":""},"folder":[4182],"class_list":["post-75405","page","type-page","status-publish","hentry"],"yoast_head":"<!-- This site is optimized with the Yoast SEO plugin v27.4 - https:\/\/yoast.com\/product\/yoast-seo-wordpress\/ -->\n<title>Comment choisir le lieu de votre mariage ? - PAULE VASSEUR<\/title>\n<meta name=\"description\" content=\"Paule Vasseur : le sp\u00e9cialiste des tailleurs habill\u00e9s, robes du soir pour les mariages, la m\u00e8re de la mari\u00e9e, c\u00e9r\u00e9monie religieuse, bar-mitzvah, communions, mariage civil, robe longue,\" \/>\n<meta name=\"robots\" content=\"index, follow, max-snippet:-1, max-image-preview:large, max-video-preview:-1\" \/>\n<link rel=\"canonical\" href=\"https:\/\/paule-vasseur.com\/it\/sede-del-ricevimento-di-nozze-chateau-htm\" \/>\n<meta property=\"og:locale\" content=\"it_IT\" \/>\n<meta property=\"og:type\" content=\"article\" \/>\n<meta property=\"og:title\" content=\"Comment choisir le lieu de votre mariage ? - PAULE VASSEUR\" \/>\n<meta property=\"og:description\" content=\"Paule Vasseur : le sp\u00e9cialiste des tailleurs habill\u00e9s, robes du soir pour les mariages, la m\u00e8re de la mari\u00e9e, c\u00e9r\u00e9monie religieuse, bar-mitzvah, communions, mariage civil, robe longue,\" \/>\n<meta property=\"og:url\" content=\"https:\/\/paule-vasseur.com\/it\/sede-del-ricevimento-di-nozze-chateau-htm\" \/>\n<meta property=\"og:site_name\" content=\"PAULE VASSEUR\" \/>\n<meta property=\"article:modified_time\" content=\"2025-09-22T10:39:46+00:00\" \/>\n<meta property=\"og:image\" content=\"https:\/\/paule-vasseur.com\/wp-content\/uploads\/2025\/09\/double_ligne-removebg-preview.png\" \/>\n\t<meta property=\"og:image:width\" content=\"1160\" \/>\n\t<meta property=\"og:image:height\" content=\"100\" \/>\n\t<meta property=\"og:image:type\" content=\"image\/png\" \/>\n<meta name=\"twitter:card\" content=\"summary_large_image\" \/>\n<meta name=\"twitter:label1\" content=\"Tempo di lettura stimato\" \/>\n\t<meta name=\"twitter:data1\" content=\"2 minuti\" \/>\n<script type=\"application\/ld+json\" class=\"yoast-schema-graph\">{\"@context\":\"https:\\\/\\\/schema.org\",\"@graph\":[{\"@type\":\"WebPage\",\"@id\":\"https:\\\/\\\/paule-vasseur.com\\\/it\\\/lieu-reception-mariage-chateau.htm\",\"url\":\"https:\\\/\\\/paule-vasseur.com\\\/it\\\/lieu-reception-mariage-chateau.htm\",\"name\":\"Comment choisir le lieu de votre mariage ? - PAULE VASSEUR\",\"isPartOf\":{\"@id\":\"https:\\\/\\\/paule-vasseur.com\\\/it\\\/#website\"},\"primaryImageOfPage\":{\"@id\":\"https:\\\/\\\/paule-vasseur.com\\\/it\\\/lieu-reception-mariage-chateau.htm#primaryimage\"},\"image\":{\"@id\":\"https:\\\/\\\/paule-vasseur.com\\\/it\\\/lieu-reception-mariage-chateau.htm#primaryimage\"},\"thumbnailUrl\":\"https:\\\/\\\/paule-vasseur.com\\\/wp-content\\\/uploads\\\/2025\\\/09\\\/double_ligne-removebg-preview.png\",\"datePublished\":\"2025-09-22T08:30:10+00:00\",\"dateModified\":\"2025-09-22T10:39:46+00:00\",\"description\":\"Paule Vasseur : le sp\u00e9cialiste des tailleurs habill\u00e9s, robes du soir pour les mariages, la m\u00e8re de la mari\u00e9e, c\u00e9r\u00e9monie religieuse, bar-mitzvah, communions, mariage civil, robe longue,\",\"breadcrumb\":{\"@id\":\"https:\\\/\\\/paule-vasseur.com\\\/it\\\/lieu-reception-mariage-chateau.htm#breadcrumb\"},\"inLanguage\":\"it-IT\",\"potentialAction\":[{\"@type\":\"ReadAction\",\"target\":[\"https:\\\/\\\/paule-vasseur.com\\\/it\\\/lieu-reception-mariage-chateau.htm\"]}]},{\"@type\":\"ImageObject\",\"inLanguage\":\"it-IT\",\"@id\":\"https:\\\/\\\/paule-vasseur.com\\\/it\\\/lieu-reception-mariage-chateau.htm#primaryimage\",\"url\":\"https:\\\/\\\/paule-vasseur.com\\\/wp-content\\\/uploads\\\/2025\\\/09\\\/double_ligne-removebg-preview.png\",\"contentUrl\":\"https:\\\/\\\/paule-vasseur.com\\\/wp-content\\\/uploads\\\/2025\\\/09\\\/double_ligne-removebg-preview.png\"},{\"@type\":\"BreadcrumbList\",\"@id\":\"https:\\\/\\\/paule-vasseur.com\\\/it\\\/lieu-reception-mariage-chateau.htm#breadcrumb\",\"itemListElement\":[{\"@type\":\"ListItem\",\"position\":1,\"name\":\"Accueil\",\"item\":\"https:\\\/\\\/paule-vasseur.com\\\/\"},{\"@type\":\"ListItem\",\"position\":2,\"name\":\"Comment choisir le lieu de votre mariage ?\"}]},{\"@type\":\"WebSite\",\"@id\":\"https:\\\/\\\/paule-vasseur.com\\\/it\\\/#website\",\"url\":\"https:\\\/\\\/paule-vasseur.com\\\/it\\\/\",\"name\":\"RIDEAUX COUTURE\",\"description\":\"\",\"publisher\":{\"@id\":\"https:\\\/\\\/paule-vasseur.com\\\/it\\\/#organization\"},\"potentialAction\":[{\"@type\":\"SearchAction\",\"target\":{\"@type\":\"EntryPoint\",\"urlTemplate\":\"https:\\\/\\\/paule-vasseur.com\\\/it\\\/?s={search_term_string}\"},\"query-input\":{\"@type\":\"PropertyValueSpecification\",\"valueRequired\":true,\"valueName\":\"search_term_string\"}}],\"inLanguage\":\"it-IT\"},{\"@type\":\"Organization\",\"@id\":\"https:\\\/\\\/paule-vasseur.com\\\/it\\\/#organization\",\"name\":\"RIDEAUX COUTURE\",\"url\":\"https:\\\/\\\/paule-vasseur.com\\\/it\\\/\",\"logo\":{\"@type\":\"ImageObject\",\"inLanguage\":\"it-IT\",\"@id\":\"https:\\\/\\\/paule-vasseur.com\\\/it\\\/#\\\/schema\\\/logo\\\/image\\\/\",\"url\":\"https:\\\/\\\/paule-vasseur.com\\\/wp-content\\\/uploads\\\/2025\\\/09\\\/cropped-cropped-logonew2018-2.webp\",\"contentUrl\":\"https:\\\/\\\/paule-vasseur.com\\\/wp-content\\\/uploads\\\/2025\\\/09\\\/cropped-cropped-logonew2018-2.webp\",\"width\":166,\"height\":110,\"caption\":\"RIDEAUX COUTURE\"},\"image\":{\"@id\":\"https:\\\/\\\/paule-vasseur.com\\\/it\\\/#\\\/schema\\\/logo\\\/image\\\/\"}}]}<\/script>\n<!-- \/ Yoast SEO plugin. -->","yoast_head_json":{"title":"Come scegliere la sede del vostro matrimonio - PAULE VASSEUR","description":"Paule Vasseur: lo specialista in abiti da cerimonia, abiti da sera per matrimoni, madri della sposa, cerimonie religiose, bar mitzvah, comunioni, matrimoni civili, abiti lunghi,","robots":{"index":"index","follow":"follow","max-snippet":"max-snippet:-1","max-image-preview":"max-image-preview:large","max-video-preview":"max-video-preview:-1"},"canonical":"https:\/\/paule-vasseur.com\/it\/sede-del-ricevimento-di-nozze-chateau-htm","og_locale":"it_IT","og_type":"article","og_title":"Comment choisir le lieu de votre mariage ? - PAULE VASSEUR","og_description":"Paule Vasseur : le sp\u00e9cialiste des tailleurs habill\u00e9s, robes du soir pour les mariages, la m\u00e8re de la mari\u00e9e, c\u00e9r\u00e9monie religieuse, bar-mitzvah, communions, mariage civil, robe longue,","og_url":"https:\/\/paule-vasseur.com\/it\/sede-del-ricevimento-di-nozze-chateau-htm","og_site_name":"PAULE VASSEUR","article_modified_time":"2025-09-22T10:39:46+00:00","og_image":[{"width":1160,"height":100,"url":"https:\/\/paule-vasseur.com\/wp-content\/uploads\/2025\/09\/double_ligne-removebg-preview.png","type":"image\/png"}],"twitter_card":"summary_large_image","twitter_misc":{"Tempo di lettura stimato":"2 minuti"},"schema":{"@context":"https:\/\/schema.org","@graph":[{"@type":"WebPage","@id":"https:\/\/paule-vasseur.com\/it\/lieu-reception-mariage-chateau.htm","url":"https:\/\/paule-vasseur.com\/it\/lieu-reception-mariage-chateau.htm","name":"Come scegliere la sede del vostro matrimonio - PAULE VASSEUR","isPartOf":{"@id":"https:\/\/paule-vasseur.com\/it\/#website"},"primaryImageOfPage":{"@id":"https:\/\/paule-vasseur.com\/it\/lieu-reception-mariage-chateau.htm#primaryimage"},"image":{"@id":"https:\/\/paule-vasseur.com\/it\/lieu-reception-mariage-chateau.htm#primaryimage"},"thumbnailUrl":"https:\/\/paule-vasseur.com\/wp-content\/uploads\/2025\/09\/double_ligne-removebg-preview.png","datePublished":"2025-09-22T08:30:10+00:00","dateModified":"2025-09-22T10:39:46+00:00","description":"Paule Vasseur: lo specialista in abiti da cerimonia, abiti da sera per matrimoni, madri della sposa, cerimonie religiose, bar mitzvah, comunioni, matrimoni civili, abiti lunghi,","breadcrumb":{"@id":"https:\/\/paule-vasseur.com\/it\/lieu-reception-mariage-chateau.htm#breadcrumb"},"inLanguage":"it-IT","potentialAction":[{"@type":"ReadAction","target":["https:\/\/paule-vasseur.com\/it\/lieu-reception-mariage-chateau.htm"]}]},{"@type":"ImageObject","inLanguage":"it-IT","@id":"https:\/\/paule-vasseur.com\/it\/lieu-reception-mariage-chateau.htm#primaryimage","url":"https:\/\/paule-vasseur.com\/wp-content\/uploads\/2025\/09\/double_ligne-removebg-preview.png","contentUrl":"https:\/\/paule-vasseur.com\/wp-content\/uploads\/2025\/09\/double_ligne-removebg-preview.png"},{"@type":"BreadcrumbList","@id":"https:\/\/paule-vasseur.com\/it\/lieu-reception-mariage-chateau.htm#breadcrumb","itemListElement":[{"@type":"ListItem","position":1,"name":"Accueil","item":"https:\/\/paule-vasseur.com\/"},{"@type":"ListItem","position":2,"name":"Comment choisir le lieu de votre mariage ?"}]},{"@type":"WebSite","@id":"https:\/\/paule-vasseur.com\/it\/#website","url":"https:\/\/paule-vasseur.com\/it\/","name":"TENDAGGI CUCITI SU MISURA","description":"","publisher":{"@id":"https:\/\/paule-vasseur.com\/it\/#organization"},"potentialAction":[{"@type":"SearchAction","target":{"@type":"EntryPoint","urlTemplate":"https:\/\/paule-vasseur.com\/it\/?s={search_term_string}"},"query-input":{"@type":"PropertyValueSpecification","valueRequired":true,"valueName":"search_term_string"}}],"inLanguage":"it-IT"},{"@type":"Organization","@id":"https:\/\/paule-vasseur.com\/it\/#organization","name":"TENDAGGI CUCITI SU MISURA","url":"https:\/\/paule-vasseur.com\/it\/","logo":{"@type":"ImageObject","inLanguage":"it-IT","@id":"https:\/\/paule-vasseur.com\/it\/#\/schema\/logo\/image\/","url":"https:\/\/paule-vasseur.com\/wp-content\/uploads\/2025\/09\/cropped-cropped-logonew2018-2.webp","contentUrl":"https:\/\/paule-vasseur.com\/wp-content\/uploads\/2025\/09\/cropped-cropped-logonew2018-2.webp","width":166,"height":110,"caption":"RIDEAUX COUTURE"},"image":{"@id":"https:\/\/paule-vasseur.com\/it\/#\/schema\/logo\/image\/"}}]}},"_links":{"self":[{"href":"https:\/\/paule-vasseur.com\/it\/wp-json\/wp\/v2\/pages\/75405","targetHints":{"allow":["GET"]}}],"collection":[{"href":"https:\/\/paule-vasseur.com\/it\/wp-json\/wp\/v2\/pages"}],"about":[{"href":"https:\/\/paule-vasseur.com\/it\/wp-json\/wp\/v2\/types\/page"}],"author":[{"embeddable":true,"href":"https:\/\/paule-vasseur.com\/it\/wp-json\/wp\/v2\/users\/1"}],"replies":[{"embeddable":true,"href":"https:\/\/paule-vasseur.com\/it\/wp-json\/wp\/v2\/comments?post=75405"}],"version-history":[{"count":7,"href":"https:\/\/paule-vasseur.com\/it\/wp-json\/wp\/v2\/pages\/75405\/revisions"}],"predecessor-version":[{"id":75471,"href":"https:\/\/paule-vasseur.com\/it\/wp-json\/wp\/v2\/pages\/75405\/revisions\/75471"}],"wp:attachment":[{"href":"https:\/\/paule-vasseur.com\/it\/wp-json\/wp\/v2\/media?parent=75405"}],"wp:term":[{"taxonomy":"folder","embeddable":true,"href":"https:\/\/paule-vasseur.com\/it\/wp-json\/wp\/v2\/folder?post=75405"}],"curies":[{"name":"wp","href":"https:\/\/api.w.org\/{rel}","templated":true}]}}