{"id":75416,"date":"2025-09-22T10:48:55","date_gmt":"2025-09-22T08:48:55","guid":{"rendered":"https:\/\/paule-vasseur.com\/?page_id=75416"},"modified":"2025-09-22T14:13:43","modified_gmt":"2025-09-22T12:13:43","slug":"robe-pour-remariage","status":"publish","type":"page","link":"https:\/\/paule-vasseur.com\/it\/robe-pour-remariage.htm","title":{"rendered":"Un nuovo matrimonio a Paule Vasseur"},"content":{"rendered":"<div class=\"wp-block-image\">\n<figure class=\"aligncenter size-full is-resized\"><img loading=\"lazy\" decoding=\"async\" width=\"1160\" height=\"100\" src=\"https:\/\/paule-vasseur.com\/wp-content\/uploads\/2025\/09\/double_ligne-removebg-preview.png\" alt=\"\" class=\"wp-image-69230\" style=\"width:414px;height:auto\" srcset=\"https:\/\/paule-vasseur.com\/wp-content\/uploads\/2025\/09\/double_ligne-removebg-preview.png 1160w, https:\/\/paule-vasseur.com\/wp-content\/uploads\/2025\/09\/double_ligne-removebg-preview-500x43.png 500w, https:\/\/paule-vasseur.com\/wp-content\/uploads\/2025\/09\/double_ligne-removebg-preview-1024x88.png 1024w, https:\/\/paule-vasseur.com\/wp-content\/uploads\/2025\/09\/double_ligne-removebg-preview-768x66.png 768w, https:\/\/paule-vasseur.com\/wp-content\/uploads\/2025\/09\/double_ligne-removebg-preview-650x56.png 650w\" sizes=\"auto, (max-width: 1160px) 100vw, 1160px\" \/><\/figure>\n<\/div>\n\n<style>.kb-row-layout-id75416_2b0320-05 > .kt-row-column-wrap{align-content:start;}:where(.kb-row-layout-id75416_2b0320-05 > .kt-row-column-wrap) > .wp-block-kadence-column{justify-content:start;}.kb-row-layout-id75416_2b0320-05 > .kt-row-column-wrap{column-gap:var(--global-kb-gap-sm, 1rem);row-gap:var(--global-kb-gap-md, 2rem);padding-top:var(--global-kb-spacing-sm, 1.5rem);padding-bottom:var(--global-kb-spacing-sm, 1.5rem);grid-template-columns:minmax(0, calc(65% - ((var(--global-kb-gap-sm, 1rem) * 1 )\/2)))minmax(0, calc(35% - ((var(--global-kb-gap-sm, 1rem) * 1 )\/2)));}.kb-row-layout-id75416_2b0320-05 > .kt-row-layout-overlay{opacity:0.30;}@media all and (max-width: 1024px){.kb-row-layout-id75416_2b0320-05 > .kt-row-column-wrap{grid-template-columns:repeat(2, minmax(0, 1fr));}}@media all and (max-width: 767px){.kb-row-layout-id75416_2b0320-05 > .kt-row-column-wrap{grid-template-columns:minmax(0, 1fr);}}<\/style><div class=\"kb-row-layout-wrap kb-row-layout-id75416_2b0320-05 alignnone wp-block-kadence-rowlayout\"><div class=\"kt-row-column-wrap kt-has-2-columns kt-row-layout-equal kt-tab-layout-inherit kt-mobile-layout-row kt-row-valign-top\">\n<style>.kadence-column75416_b8314a-58 > .kt-inside-inner-col,.kadence-column75416_b8314a-58 > .kt-inside-inner-col:before{border-top-left-radius:0px;border-top-right-radius:0px;border-bottom-right-radius:0px;border-bottom-left-radius:0px;}.kadence-column75416_b8314a-58 > .kt-inside-inner-col{column-gap:var(--global-kb-gap-sm, 1rem);}.kadence-column75416_b8314a-58 > .kt-inside-inner-col{flex-direction:column;}.kadence-column75416_b8314a-58 > .kt-inside-inner-col > .aligncenter{width:100%;}.kadence-column75416_b8314a-58 > .kt-inside-inner-col:before{opacity:0.3;}.kadence-column75416_b8314a-58{position:relative;}@media all and (max-width: 1024px){.kadence-column75416_b8314a-58 > .kt-inside-inner-col{flex-direction:column;justify-content:center;}}@media all and (max-width: 767px){.kadence-column75416_b8314a-58 > .kt-inside-inner-col{flex-direction:column;justify-content:center;}}<\/style>\n<div class=\"wp-block-kadence-column kadence-column75416_b8314a-58\"><div class=\"kt-inside-inner-col\">\n<h2 class=\"wp-block-heading\">Che abito indossare per il matrimonio?<\/h2>\n\n\n\n<p>Dopo un primo matrimonio pi\u00f9 o meno riuscito, vi sentite pronte a godervi appieno la vita e il vostro nuovo partner. Per questo \u00e8 importante che abbiate l'abito, il vestito o lo smocking che voi e solo voi desiderate ardentemente. In generale, non sarete disturbate da influenze esterne e potrete esprimere la vostra vera personalit\u00e0 ai vostri ospiti senza complessi.&nbsp;<\/p>\n\n\n\n<p>Non \u00e8 raro che il tradizionale abito dritto color avorio si trasformi in uno stile pi\u00f9 fantasioso. Forse desiderate un d\u00e9collet\u00e9 audace messo in risalto da un grazioso pizzo di Calais o un insieme superbamente ricamato?<\/p>\n\n\n\n<p>Per coprire le spalle durante la cerimonia, offriamo diversi modelli di stole in organza di seta o chiffon, a tinta unita, bicolore, ricamate o in pizzo. Per un look pi\u00f9 elegante, la nostra collezione di giacche e boleri dal taglio perfetto \u00e8 disponibile con maniche lunghe, a 3\/4 o addirittura corte e completer\u00e0 il vostro outfit con eleganza e raffinatezza. Questo abito \u00e8 disponibile in ... come tutti i nostri abiti.<\/p>\n<\/div><\/div>\n\n\n<style>.kadence-column75416_11c52d-70 > .kt-inside-inner-col{display:flex;}.kadence-column75416_11c52d-70 > .kt-inside-inner-col,.kadence-column75416_11c52d-70 > .kt-inside-inner-col:before{border-top-left-radius:0px;border-top-right-radius:0px;border-bottom-right-radius:0px;border-bottom-left-radius:0px;}.kadence-column75416_11c52d-70 > .kt-inside-inner-col{column-gap:var(--global-kb-gap-sm, 1rem);}.kadence-column75416_11c52d-70 > .kt-inside-inner-col{flex-direction:column;align-items:center;}.kadence-column75416_11c52d-70 > .kt-inside-inner-col > .kb-image-is-ratio-size{align-self:stretch;}.kadence-column75416_11c52d-70 > .kt-inside-inner-col > .wp-block-kadence-advancedgallery{align-self:stretch;}.kadence-column75416_11c52d-70 > .kt-inside-inner-col > .aligncenter{width:100%;}.kadence-column75416_11c52d-70 > .kt-inside-inner-col:before{opacity:0.3;}.kadence-column75416_11c52d-70{position:relative;}@media all and (max-width: 1024px){.kadence-column75416_11c52d-70 > .kt-inside-inner-col{flex-direction:column;justify-content:center;align-items:center;}}@media all and (max-width: 767px){.kadence-column75416_11c52d-70 > .kt-inside-inner-col{flex-direction:column;justify-content:center;align-items:center;}}<\/style>\n<div class=\"wp-block-kadence-column kadence-column75416_11c52d-70\"><div class=\"kt-inside-inner-col\"><style>.kb-image75416_291ed0-15.kb-image-is-ratio-size, .kb-image75416_291ed0-15 .kb-image-is-ratio-size{max-width:318px;width:100%;}.wp-block-kadence-column > .kt-inside-inner-col > .kb-image75416_291ed0-15.kb-image-is-ratio-size, .wp-block-kadence-column > .kt-inside-inner-col > .kb-image75416_291ed0-15 .kb-image-is-ratio-size{align-self:unset;}.kb-image75416_291ed0-15{max-width:318px;}.image-is-svg.kb-image75416_291ed0-15{-webkit-flex:0 1 100%;flex:0 1 100%;}.image-is-svg.kb-image75416_291ed0-15 img{width:100%;}.kb-image75416_291ed0-15 .kb-image-has-overlay:after{opacity:0.3;}<\/style>\n<figure class=\"wp-block-kadence-image kb-image75416_291ed0-15 size-full kb-image-is-ratio-size\"><div class=\"kb-is-ratio-image kb-image-ratio-port34\"><img loading=\"lazy\" decoding=\"async\" width=\"600\" height=\"900\" src=\"https:\/\/paule-vasseur.com\/wp-content\/uploads\/2025\/09\/ETE-2012-MARIA-ALI-NYM.webp\" alt=\"\" class=\"kb-img wp-image-75493\" srcset=\"https:\/\/paule-vasseur.com\/wp-content\/uploads\/2025\/09\/ETE-2012-MARIA-ALI-NYM.webp 600w, https:\/\/paule-vasseur.com\/wp-content\/uploads\/2025\/09\/ETE-2012-MARIA-ALI-NYM-333x500.webp 333w, https:\/\/paule-vasseur.com\/wp-content\/uploads\/2025\/09\/ETE-2012-MARIA-ALI-NYM-500x750.webp 500w\" sizes=\"auto, (max-width: 600px) 100vw, 600px\" \/><\/div><\/figure>\n<\/div><\/div>\n\n<\/div><\/div>\n\n\n<p><\/p>","protected":false},"excerpt":{"rendered":"<p>Quelle tenue porter pour son remariage ? Apr\u00e8s un premier mariage plus ou moins r\u00e9ussi, vous vous sentez pr\u00eate \u00e0 profiter pleinement de la vie et de votre nouveau compagnon. Alors il est important pour vous d&rsquo;avoir la robe, le tailleur ou le smocking que vous et vous seule d\u00e9sirez ardemment. G\u00e9n\u00e9ralement aucune influence externe&#8230;<\/p>","protected":false},"author":1,"featured_media":0,"parent":0,"menu_order":0,"comment_status":"closed","ping_status":"closed","template":"","meta":{"_kadence_starter_templates_imported_post":false,"_kad_post_transparent":"","_kad_post_title":"","_kad_post_layout":"","_kad_post_sidebar_id":"","_kad_post_content_style":"","_kad_post_vertical_padding":"","_kad_post_feature":"","_kad_post_feature_position":"","_kad_post_header":false,"_kad_post_footer":false,"_kad_post_classname":"","footnotes":""},"folder":[4182],"class_list":["post-75416","page","type-page","status-publish","hentry"],"yoast_head":"<!-- This site is optimized with the Yoast SEO plugin v27.6 - https:\/\/yoast.com\/product\/yoast-seo-wordpress\/ -->\n<title>Un remariage chez Paule Vasseur - PAULE VASSEUR<\/title>\n<meta name=\"description\" content=\"Votre remariage chez Paule Vasseur : le sp\u00e9cialiste des tailleurs habill\u00e9s, robes du soir pour les mariages, la m\u00e8re de la mari\u00e9e, c\u00e9r\u00e9monie religieuse, bar-mitzvah, communions, mariage civil, robe longue,\" \/>\n<meta name=\"robots\" content=\"index, follow, max-snippet:-1, max-image-preview:large, max-video-preview:-1\" \/>\n<link rel=\"canonical\" href=\"https:\/\/paule-vasseur.com\/it\/abito-per-il-risposo-htm\" \/>\n<meta property=\"og:locale\" content=\"it_IT\" \/>\n<meta property=\"og:type\" content=\"article\" \/>\n<meta property=\"og:title\" content=\"Un remariage chez Paule Vasseur - PAULE VASSEUR\" \/>\n<meta property=\"og:description\" content=\"Votre remariage chez Paule Vasseur : le sp\u00e9cialiste des tailleurs habill\u00e9s, robes du soir pour les mariages, la m\u00e8re de la mari\u00e9e, c\u00e9r\u00e9monie religieuse, bar-mitzvah, communions, mariage civil, robe longue,\" \/>\n<meta property=\"og:url\" content=\"https:\/\/paule-vasseur.com\/it\/abito-per-il-risposo-htm\" \/>\n<meta property=\"og:site_name\" content=\"PAULE VASSEUR\" \/>\n<meta property=\"article:modified_time\" content=\"2025-09-22T12:13:43+00:00\" \/>\n<meta property=\"og:image\" content=\"https:\/\/paule-vasseur.com\/wp-content\/uploads\/2025\/09\/double_ligne-removebg-preview.png\" \/>\n\t<meta property=\"og:image:width\" content=\"1160\" \/>\n\t<meta property=\"og:image:height\" content=\"100\" \/>\n\t<meta property=\"og:image:type\" content=\"image\/png\" \/>\n<meta name=\"twitter:card\" content=\"summary_large_image\" \/>\n<meta name=\"twitter:label1\" content=\"Tempo di lettura stimato\" \/>\n\t<meta name=\"twitter:data1\" content=\"2 minuti\" \/>\n<script type=\"application\/ld+json\" class=\"yoast-schema-graph\">{\"@context\":\"https:\\\/\\\/schema.org\",\"@graph\":[{\"@type\":\"WebPage\",\"@id\":\"https:\\\/\\\/paule-vasseur.com\\\/it\\\/robe-pour-remariage.htm\",\"url\":\"https:\\\/\\\/paule-vasseur.com\\\/it\\\/robe-pour-remariage.htm\",\"name\":\"Un remariage chez Paule Vasseur - PAULE VASSEUR\",\"isPartOf\":{\"@id\":\"https:\\\/\\\/paule-vasseur.com\\\/it\\\/#website\"},\"primaryImageOfPage\":{\"@id\":\"https:\\\/\\\/paule-vasseur.com\\\/it\\\/robe-pour-remariage.htm#primaryimage\"},\"image\":{\"@id\":\"https:\\\/\\\/paule-vasseur.com\\\/it\\\/robe-pour-remariage.htm#primaryimage\"},\"thumbnailUrl\":\"https:\\\/\\\/paule-vasseur.com\\\/wp-content\\\/uploads\\\/2025\\\/09\\\/double_ligne-removebg-preview.png\",\"datePublished\":\"2025-09-22T08:48:55+00:00\",\"dateModified\":\"2025-09-22T12:13:43+00:00\",\"description\":\"Votre remariage chez Paule Vasseur : le sp\u00e9cialiste des tailleurs habill\u00e9s, robes du soir pour les mariages, la m\u00e8re de la mari\u00e9e, c\u00e9r\u00e9monie religieuse, bar-mitzvah, communions, mariage civil, robe longue,\",\"breadcrumb\":{\"@id\":\"https:\\\/\\\/paule-vasseur.com\\\/it\\\/robe-pour-remariage.htm#breadcrumb\"},\"inLanguage\":\"it-IT\",\"potentialAction\":[{\"@type\":\"ReadAction\",\"target\":[\"https:\\\/\\\/paule-vasseur.com\\\/it\\\/robe-pour-remariage.htm\"]}]},{\"@type\":\"ImageObject\",\"inLanguage\":\"it-IT\",\"@id\":\"https:\\\/\\\/paule-vasseur.com\\\/it\\\/robe-pour-remariage.htm#primaryimage\",\"url\":\"https:\\\/\\\/paule-vasseur.com\\\/wp-content\\\/uploads\\\/2025\\\/09\\\/double_ligne-removebg-preview.png\",\"contentUrl\":\"https:\\\/\\\/paule-vasseur.com\\\/wp-content\\\/uploads\\\/2025\\\/09\\\/double_ligne-removebg-preview.png\"},{\"@type\":\"BreadcrumbList\",\"@id\":\"https:\\\/\\\/paule-vasseur.com\\\/it\\\/robe-pour-remariage.htm#breadcrumb\",\"itemListElement\":[{\"@type\":\"ListItem\",\"position\":1,\"name\":\"Accueil\",\"item\":\"https:\\\/\\\/paule-vasseur.com\\\/\"},{\"@type\":\"ListItem\",\"position\":2,\"name\":\"Un remariage chez Paule Vasseur\"}]},{\"@type\":\"WebSite\",\"@id\":\"https:\\\/\\\/paule-vasseur.com\\\/it\\\/#website\",\"url\":\"https:\\\/\\\/paule-vasseur.com\\\/it\\\/\",\"name\":\"RIDEAUX COUTURE\",\"description\":\"\",\"publisher\":{\"@id\":\"https:\\\/\\\/paule-vasseur.com\\\/it\\\/#organization\"},\"potentialAction\":[{\"@type\":\"SearchAction\",\"target\":{\"@type\":\"EntryPoint\",\"urlTemplate\":\"https:\\\/\\\/paule-vasseur.com\\\/it\\\/?s={search_term_string}\"},\"query-input\":{\"@type\":\"PropertyValueSpecification\",\"valueRequired\":true,\"valueName\":\"search_term_string\"}}],\"inLanguage\":\"it-IT\"},{\"@type\":\"Organization\",\"@id\":\"https:\\\/\\\/paule-vasseur.com\\\/it\\\/#organization\",\"name\":\"RIDEAUX COUTURE\",\"url\":\"https:\\\/\\\/paule-vasseur.com\\\/it\\\/\",\"logo\":{\"@type\":\"ImageObject\",\"inLanguage\":\"it-IT\",\"@id\":\"https:\\\/\\\/paule-vasseur.com\\\/it\\\/#\\\/schema\\\/logo\\\/image\\\/\",\"url\":\"https:\\\/\\\/paule-vasseur.com\\\/wp-content\\\/uploads\\\/2025\\\/09\\\/cropped-cropped-logonew2018-2.webp\",\"contentUrl\":\"https:\\\/\\\/paule-vasseur.com\\\/wp-content\\\/uploads\\\/2025\\\/09\\\/cropped-cropped-logonew2018-2.webp\",\"width\":166,\"height\":110,\"caption\":\"RIDEAUX COUTURE\"},\"image\":{\"@id\":\"https:\\\/\\\/paule-vasseur.com\\\/it\\\/#\\\/schema\\\/logo\\\/image\\\/\"}}]}<\/script>\n<!-- \/ Yoast SEO plugin. -->","yoast_head_json":{"title":"Un nuovo matrimonio da Paule Vasseur - PAULE VASSEUR","description":"Il vostro matrimonio da Paule Vasseur: lo specialista in abiti da cerimonia, abiti da sera per matrimoni, madri della sposa, cerimonie religiose, bar mitzvah, comunioni, matrimoni civili, abiti lunghi,","robots":{"index":"index","follow":"follow","max-snippet":"max-snippet:-1","max-image-preview":"max-image-preview:large","max-video-preview":"max-video-preview:-1"},"canonical":"https:\/\/paule-vasseur.com\/it\/abito-per-il-risposo-htm","og_locale":"it_IT","og_type":"article","og_title":"Un remariage chez Paule Vasseur - PAULE VASSEUR","og_description":"Votre remariage chez Paule Vasseur : le sp\u00e9cialiste des tailleurs habill\u00e9s, robes du soir pour les mariages, la m\u00e8re de la mari\u00e9e, c\u00e9r\u00e9monie religieuse, bar-mitzvah, communions, mariage civil, robe longue,","og_url":"https:\/\/paule-vasseur.com\/it\/abito-per-il-risposo-htm","og_site_name":"PAULE VASSEUR","article_modified_time":"2025-09-22T12:13:43+00:00","og_image":[{"width":1160,"height":100,"url":"https:\/\/paule-vasseur.com\/wp-content\/uploads\/2025\/09\/double_ligne-removebg-preview.png","type":"image\/png"}],"twitter_card":"summary_large_image","twitter_misc":{"Tempo di lettura stimato":"2 minuti"},"schema":{"@context":"https:\/\/schema.org","@graph":[{"@type":"WebPage","@id":"https:\/\/paule-vasseur.com\/it\/robe-pour-remariage.htm","url":"https:\/\/paule-vasseur.com\/it\/robe-pour-remariage.htm","name":"Un nuovo matrimonio da Paule Vasseur - PAULE VASSEUR","isPartOf":{"@id":"https:\/\/paule-vasseur.com\/it\/#website"},"primaryImageOfPage":{"@id":"https:\/\/paule-vasseur.com\/it\/robe-pour-remariage.htm#primaryimage"},"image":{"@id":"https:\/\/paule-vasseur.com\/it\/robe-pour-remariage.htm#primaryimage"},"thumbnailUrl":"https:\/\/paule-vasseur.com\/wp-content\/uploads\/2025\/09\/double_ligne-removebg-preview.png","datePublished":"2025-09-22T08:48:55+00:00","dateModified":"2025-09-22T12:13:43+00:00","description":"Il vostro matrimonio da Paule Vasseur: lo specialista in abiti da cerimonia, abiti da sera per matrimoni, madri della sposa, cerimonie religiose, bar mitzvah, comunioni, matrimoni civili, abiti lunghi,","breadcrumb":{"@id":"https:\/\/paule-vasseur.com\/it\/robe-pour-remariage.htm#breadcrumb"},"inLanguage":"it-IT","potentialAction":[{"@type":"ReadAction","target":["https:\/\/paule-vasseur.com\/it\/robe-pour-remariage.htm"]}]},{"@type":"ImageObject","inLanguage":"it-IT","@id":"https:\/\/paule-vasseur.com\/it\/robe-pour-remariage.htm#primaryimage","url":"https:\/\/paule-vasseur.com\/wp-content\/uploads\/2025\/09\/double_ligne-removebg-preview.png","contentUrl":"https:\/\/paule-vasseur.com\/wp-content\/uploads\/2025\/09\/double_ligne-removebg-preview.png"},{"@type":"BreadcrumbList","@id":"https:\/\/paule-vasseur.com\/it\/robe-pour-remariage.htm#breadcrumb","itemListElement":[{"@type":"ListItem","position":1,"name":"Accueil","item":"https:\/\/paule-vasseur.com\/"},{"@type":"ListItem","position":2,"name":"Un remariage chez Paule Vasseur"}]},{"@type":"WebSite","@id":"https:\/\/paule-vasseur.com\/it\/#website","url":"https:\/\/paule-vasseur.com\/it\/","name":"TENDAGGI CUCITI SU MISURA","description":"","publisher":{"@id":"https:\/\/paule-vasseur.com\/it\/#organization"},"potentialAction":[{"@type":"SearchAction","target":{"@type":"EntryPoint","urlTemplate":"https:\/\/paule-vasseur.com\/it\/?s={search_term_string}"},"query-input":{"@type":"PropertyValueSpecification","valueRequired":true,"valueName":"search_term_string"}}],"inLanguage":"it-IT"},{"@type":"Organization","@id":"https:\/\/paule-vasseur.com\/it\/#organization","name":"TENDAGGI CUCITI SU MISURA","url":"https:\/\/paule-vasseur.com\/it\/","logo":{"@type":"ImageObject","inLanguage":"it-IT","@id":"https:\/\/paule-vasseur.com\/it\/#\/schema\/logo\/image\/","url":"https:\/\/paule-vasseur.com\/wp-content\/uploads\/2025\/09\/cropped-cropped-logonew2018-2.webp","contentUrl":"https:\/\/paule-vasseur.com\/wp-content\/uploads\/2025\/09\/cropped-cropped-logonew2018-2.webp","width":166,"height":110,"caption":"RIDEAUX COUTURE"},"image":{"@id":"https:\/\/paule-vasseur.com\/it\/#\/schema\/logo\/image\/"}}]}},"_links":{"self":[{"href":"https:\/\/paule-vasseur.com\/it\/wp-json\/wp\/v2\/pages\/75416","targetHints":{"allow":["GET"]}}],"collection":[{"href":"https:\/\/paule-vasseur.com\/it\/wp-json\/wp\/v2\/pages"}],"about":[{"href":"https:\/\/paule-vasseur.com\/it\/wp-json\/wp\/v2\/types\/page"}],"author":[{"embeddable":true,"href":"https:\/\/paule-vasseur.com\/it\/wp-json\/wp\/v2\/users\/1"}],"replies":[{"embeddable":true,"href":"https:\/\/paule-vasseur.com\/it\/wp-json\/wp\/v2\/comments?post=75416"}],"version-history":[{"count":9,"href":"https:\/\/paule-vasseur.com\/it\/wp-json\/wp\/v2\/pages\/75416\/revisions"}],"predecessor-version":[{"id":75494,"href":"https:\/\/paule-vasseur.com\/it\/wp-json\/wp\/v2\/pages\/75416\/revisions\/75494"}],"wp:attachment":[{"href":"https:\/\/paule-vasseur.com\/it\/wp-json\/wp\/v2\/media?parent=75416"}],"wp:term":[{"taxonomy":"folder","embeddable":true,"href":"https:\/\/paule-vasseur.com\/it\/wp-json\/wp\/v2\/folder?post=75416"}],"curies":[{"name":"wp","href":"https:\/\/api.w.org\/{rel}","templated":true}]}}