{"id":75776,"date":"2025-09-23T12:55:08","date_gmt":"2025-09-23T10:55:08","guid":{"rendered":"https:\/\/paule-vasseur.com\/?page_id=75776"},"modified":"2025-09-23T13:03:46","modified_gmt":"2025-09-23T11:03:46","slug":"galerie-photo-mariage-invitee","status":"publish","type":"page","link":"https:\/\/paule-vasseur.com\/it\/galerie-photo-mariage-invitee.htm","title":{"rendered":"Foto degli ospiti vestiti da Paule Vasseur"},"content":{"rendered":"<div class=\"wp-block-image\">\n<figure class=\"aligncenter size-full is-resized\"><img loading=\"lazy\" decoding=\"async\" width=\"1160\" height=\"100\" src=\"https:\/\/paule-vasseur.com\/wp-content\/uploads\/2025\/09\/double_ligne-removebg-preview.png\" alt=\"\" class=\"wp-image-69230\" style=\"width:414px;height:auto\" srcset=\"https:\/\/paule-vasseur.com\/wp-content\/uploads\/2025\/09\/double_ligne-removebg-preview.png 1160w, https:\/\/paule-vasseur.com\/wp-content\/uploads\/2025\/09\/double_ligne-removebg-preview-500x43.png 500w, https:\/\/paule-vasseur.com\/wp-content\/uploads\/2025\/09\/double_ligne-removebg-preview-1024x88.png 1024w, https:\/\/paule-vasseur.com\/wp-content\/uploads\/2025\/09\/double_ligne-removebg-preview-768x66.png 768w, https:\/\/paule-vasseur.com\/wp-content\/uploads\/2025\/09\/double_ligne-removebg-preview-650x56.png 650w\" sizes=\"auto, (max-width: 1160px) 100vw, 1160px\" \/><\/figure>\n<\/div>\n\n<style>.kb-row-layout-id75776_1844d6-45 > .kt-row-column-wrap{align-content:start;}:where(.kb-row-layout-id75776_1844d6-45 > .kt-row-column-wrap) > .wp-block-kadence-column{justify-content:start;}.kb-row-layout-id75776_1844d6-45 > .kt-row-column-wrap{column-gap:var(--global-kb-gap-md, 2rem);row-gap:var(--global-kb-gap-md, 2rem);padding-top:var(--global-kb-spacing-sm, 1.5rem);padding-bottom:var(--global-kb-spacing-sm, 1.5rem);grid-template-columns:repeat(2, minmax(0, 1fr));}.kb-row-layout-id75776_1844d6-45 > .kt-row-layout-overlay{opacity:0.30;}@media all and (max-width: 1024px){.kb-row-layout-id75776_1844d6-45 > .kt-row-column-wrap{grid-template-columns:repeat(2, minmax(0, 1fr));}}@media all and (max-width: 767px){.kb-row-layout-id75776_1844d6-45 > .kt-row-column-wrap{grid-template-columns:minmax(0, 1fr);}}<\/style><div class=\"kb-row-layout-wrap kb-row-layout-id75776_1844d6-45 alignnone wp-block-kadence-rowlayout\"><div class=\"kt-row-column-wrap kt-has-2-columns kt-row-layout-equal kt-tab-layout-inherit kt-mobile-layout-row kt-row-valign-top\">\n<style>.kadence-column75776_4f2c6e-78 > .kt-inside-inner-col,.kadence-column75776_4f2c6e-78 > .kt-inside-inner-col:before{border-top-left-radius:0px;border-top-right-radius:0px;border-bottom-right-radius:0px;border-bottom-left-radius:0px;}.kadence-column75776_4f2c6e-78 > .kt-inside-inner-col{column-gap:var(--global-kb-gap-sm, 1rem);}.kadence-column75776_4f2c6e-78 > .kt-inside-inner-col{flex-direction:column;}.kadence-column75776_4f2c6e-78 > .kt-inside-inner-col > .aligncenter{width:100%;}.kadence-column75776_4f2c6e-78 > .kt-inside-inner-col:before{opacity:0.3;}.kadence-column75776_4f2c6e-78{position:relative;}@media all and (max-width: 1024px){.kadence-column75776_4f2c6e-78 > .kt-inside-inner-col{flex-direction:column;justify-content:center;}}@media all and (max-width: 767px){.kadence-column75776_4f2c6e-78 > .kt-inside-inner-col{flex-direction:column;justify-content:center;}}<\/style>\n<div class=\"wp-block-kadence-column kadence-column75776_4f2c6e-78\"><div class=\"kt-inside-inner-col\">\n<h2 class=\"wp-block-heading\">Scoprite i nostri consigli sui colori da evitare ai matrimoni<\/h2>\n\n\n\n<p>Qualunque sia la forma e lo stile, il colore \u00e8 la cosa pi\u00f9 importante per un outfit elegante e privo di falsi moda.  Il bianco e l'ecru sono sempre riservati alla sposa, e anche se arriva con un magnifico abito colorato, evitate un total look immacolato. A meno che, ovviamente, il dress-code della Riviera non sia all'ordine del giorno!<br><br>Da Paule Vasseur, potrete adottare un look alla Jackie Kennedy senza indossare il solito \u00ablittle black dress\u00bb.<br>Tuttavia, sono ammessi tocchi di nero nella cintura o negli accessori.<br><br>Tutte le stampe con il nero sono facili da abbinare a una giacca semplice.<br>Da Paule Vasseur troverete giacche e cappotti eleganti e chic da abbinare al vostro abito da sposa stampato.<\/p>\n<\/div><\/div>\n\n\n<style>.kadence-column75776_dd60ef-1a > .kt-inside-inner-col,.kadence-column75776_dd60ef-1a > .kt-inside-inner-col:before{border-top-left-radius:0px;border-top-right-radius:0px;border-bottom-right-radius:0px;border-bottom-left-radius:0px;}.kadence-column75776_dd60ef-1a > .kt-inside-inner-col{column-gap:var(--global-kb-gap-sm, 1rem);}.kadence-column75776_dd60ef-1a > .kt-inside-inner-col{flex-direction:column;}.kadence-column75776_dd60ef-1a > .kt-inside-inner-col > .aligncenter{width:100%;}.kadence-column75776_dd60ef-1a > .kt-inside-inner-col:before{opacity:0.3;}.kadence-column75776_dd60ef-1a{position:relative;}@media all and (max-width: 1024px){.kadence-column75776_dd60ef-1a > .kt-inside-inner-col{flex-direction:column;justify-content:center;}}@media all and (max-width: 767px){.kadence-column75776_dd60ef-1a > .kt-inside-inner-col{flex-direction:column;justify-content:center;}}<\/style>\n<div class=\"wp-block-kadence-column kadence-column75776_dd60ef-1a\"><div class=\"kt-inside-inner-col\"><style>.kb-image75776_01e252-7f .kb-image-has-overlay:after{opacity:0.3;}<\/style>\n<figure class=\"wp-block-kadence-image kb-image75776_01e252-7f kb-image-is-ratio-size\"><div class=\"kb-is-ratio-image kb-image-ratio-land169\"><img alt=\"\" class=\"kb-img\"\/><\/div><\/figure>\n<\/div><\/div>\n\n<\/div><\/div>\n\n<style>.kb-row-layout-id75776_ce488a-58 > .kt-row-column-wrap{align-content:start;}:where(.kb-row-layout-id75776_ce488a-58 > .kt-row-column-wrap) > .wp-block-kadence-column{justify-content:start;}.kb-row-layout-id75776_ce488a-58 > .kt-row-column-wrap{column-gap:var(--global-kb-gap-md, 2rem);row-gap:var(--global-kb-gap-md, 2rem);padding-top:var(--global-kb-spacing-sm, 1.5rem);padding-bottom:var(--global-kb-spacing-sm, 1.5rem);grid-template-columns:repeat(2, minmax(0, 1fr));}.kb-row-layout-id75776_ce488a-58 > .kt-row-layout-overlay{opacity:0.30;}@media all and (max-width: 1024px){.kb-row-layout-id75776_ce488a-58 > .kt-row-column-wrap{grid-template-columns:repeat(2, minmax(0, 1fr));}}@media all and (max-width: 767px){.kb-row-layout-id75776_ce488a-58 > .kt-row-column-wrap{grid-template-columns:minmax(0, 1fr);}}<\/style><div class=\"kb-row-layout-wrap kb-row-layout-id75776_ce488a-58 alignnone wp-block-kadence-rowlayout\"><div class=\"kt-row-column-wrap kt-has-2-columns kt-row-layout-equal kt-tab-layout-inherit kt-mobile-layout-row kt-row-valign-top\">\n<style>.kadence-column75776_eb17e3-ea > .kt-inside-inner-col,.kadence-column75776_eb17e3-ea > .kt-inside-inner-col:before{border-top-left-radius:0px;border-top-right-radius:0px;border-bottom-right-radius:0px;border-bottom-left-radius:0px;}.kadence-column75776_eb17e3-ea > .kt-inside-inner-col{column-gap:var(--global-kb-gap-sm, 1rem);}.kadence-column75776_eb17e3-ea > .kt-inside-inner-col{flex-direction:column;}.kadence-column75776_eb17e3-ea > .kt-inside-inner-col > .aligncenter{width:100%;}.kadence-column75776_eb17e3-ea > .kt-inside-inner-col:before{opacity:0.3;}.kadence-column75776_eb17e3-ea{position:relative;}@media all and (max-width: 1024px){.kadence-column75776_eb17e3-ea > .kt-inside-inner-col{flex-direction:column;justify-content:center;}}@media all and (max-width: 767px){.kadence-column75776_eb17e3-ea > .kt-inside-inner-col{flex-direction:column;justify-content:center;}}<\/style>\n<div class=\"wp-block-kadence-column kadence-column75776_eb17e3-ea\"><div class=\"kt-inside-inner-col\"><style>.kb-image75776_804e40-f6 .kb-image-has-overlay:after{opacity:0.3;}.kb-image75776_804e40-f6 img.kb-img, .kb-image75776_804e40-f6 .kb-img img{object-position:50% 25%;}<\/style>\n<figure class=\"wp-block-kadence-image kb-image75776_804e40-f6 size-full kb-image-is-ratio-size\"><div class=\"kb-is-ratio-image kb-image-ratio-land43\"><img loading=\"lazy\" decoding=\"async\" width=\"502\" height=\"384\" src=\"https:\/\/paule-vasseur.com\/wp-content\/uploads\/2025\/09\/invitee-en-paule-vasseur.png\" alt=\"\" class=\"kb-img wp-image-75779\" srcset=\"https:\/\/paule-vasseur.com\/wp-content\/uploads\/2025\/09\/invitee-en-paule-vasseur.png 502w, https:\/\/paule-vasseur.com\/wp-content\/uploads\/2025\/09\/invitee-en-paule-vasseur-500x382.png 500w\" sizes=\"auto, (max-width: 502px) 100vw, 502px\" \/><\/div><\/figure>\n<\/div><\/div>\n\n\n<style>.kadence-column75776_3157d7-4b > .kt-inside-inner-col,.kadence-column75776_3157d7-4b > .kt-inside-inner-col:before{border-top-left-radius:0px;border-top-right-radius:0px;border-bottom-right-radius:0px;border-bottom-left-radius:0px;}.kadence-column75776_3157d7-4b > .kt-inside-inner-col{column-gap:var(--global-kb-gap-sm, 1rem);}.kadence-column75776_3157d7-4b > .kt-inside-inner-col{flex-direction:column;}.kadence-column75776_3157d7-4b > .kt-inside-inner-col > .aligncenter{width:100%;}.kadence-column75776_3157d7-4b > .kt-inside-inner-col:before{opacity:0.3;}.kadence-column75776_3157d7-4b{position:relative;}@media all and (max-width: 1024px){.kadence-column75776_3157d7-4b > .kt-inside-inner-col{flex-direction:column;justify-content:center;}}@media all and (max-width: 767px){.kadence-column75776_3157d7-4b > .kt-inside-inner-col{flex-direction:column;justify-content:center;}}<\/style>\n<div class=\"wp-block-kadence-column kadence-column75776_3157d7-4b\"><div class=\"kt-inside-inner-col\">\n<h2 class=\"wp-block-heading\">Cosa vorresti indossare?\u00a0<\/h2>\n\n\n\n<p>Le piacerebbe indossare un abito, un tailleur con gonna?<br>Le nostre esclusive stampe su seta e le righe su cr\u00eape potrebbero essere la soluzione.\u00a0<br><br>Si sente pi\u00f9 a suo agio con i pantaloni?<br>I nostri tailleur pantalone eleganti e fluidi sono disponibili in colori di tendenza e tagli alla moda che valorizzano la figura.\u00a0<br>Pantaloni a sigaretta, pantaloni a gamba larga, giacche aderenti o giacche larghe: c'\u00e8 solo l'imbarazzo della scelta!<br><br>Avete indossato un abito, un completo o un abito chic di Paule Vasseur a un matrimonio.  Non esitate a inviarci la vostra foto via e-mail e saremo lieti di inviarvi un simpatico regalo Paule Vasseur.<br><br>Chiamateci al numero 01 80 83 68 52<\/p>\n<\/div><\/div>\n\n<\/div><\/div>","protected":false},"excerpt":{"rendered":"<p>D\u00e9couvrez nos astuces en mati\u00e8re de couleurs \u00e0 \u00e9viter \u00e0 un mariage Qu&rsquo;importent la forme et le style, la couleur est plus importante pour une tenue \u00e9l\u00e9gante sans fashion faux-pas. \u00a0Les blancs et l&rsquo;\u00e9cru sont toujours r\u00e9serv\u00e9s \u00e0 la mari\u00e9e; et m\u00eame si elle arrive dans une magnifique robe color\u00e9e, \u00e9vitez le total look immacul\u00e9&#8230;.<\/p>","protected":false},"author":1,"featured_media":0,"parent":0,"menu_order":0,"comment_status":"closed","ping_status":"closed","template":"","meta":{"_kadence_starter_templates_imported_post":false,"_kad_post_transparent":"","_kad_post_title":"","_kad_post_layout":"","_kad_post_sidebar_id":"","_kad_post_content_style":"","_kad_post_vertical_padding":"","_kad_post_feature":"","_kad_post_feature_position":"","_kad_post_header":false,"_kad_post_footer":false,"_kad_post_classname":"","footnotes":""},"folder":[4181],"class_list":["post-75776","page","type-page","status-publish","hentry"],"yoast_head":"<!-- This site is optimized with the Yoast SEO plugin v27.5 - https:\/\/yoast.com\/product\/yoast-seo-wordpress\/ -->\n<title>Photos d&#039;invit\u00e9es habill\u00e9es par la maison\u00a0Paule Vasseur - PAULE VASSEUR<\/title>\n<meta name=\"description\" content=\"D\u00e9couvrez les photos de mariage de nos clientes invit\u00e9es.\" \/>\n<meta name=\"robots\" content=\"index, follow, max-snippet:-1, max-image-preview:large, max-video-preview:-1\" \/>\n<link rel=\"canonical\" href=\"https:\/\/paule-vasseur.com\/it\/galleria-fotografica-del-matrimonio-invitee-htm\" \/>\n<meta property=\"og:locale\" content=\"it_IT\" \/>\n<meta property=\"og:type\" content=\"article\" \/>\n<meta property=\"og:title\" content=\"Photos d&#039;invit\u00e9es habill\u00e9es par la maison\u00a0Paule Vasseur - PAULE VASSEUR\" \/>\n<meta property=\"og:description\" content=\"D\u00e9couvrez les photos de mariage de nos clientes invit\u00e9es.\" \/>\n<meta property=\"og:url\" content=\"https:\/\/paule-vasseur.com\/it\/galleria-fotografica-del-matrimonio-invitee-htm\" \/>\n<meta property=\"og:site_name\" content=\"PAULE VASSEUR\" \/>\n<meta property=\"article:modified_time\" content=\"2025-09-23T11:03:46+00:00\" \/>\n<meta property=\"og:image\" content=\"https:\/\/paule-vasseur.com\/wp-content\/uploads\/2025\/09\/double_ligne-removebg-preview.png\" \/>\n\t<meta property=\"og:image:width\" content=\"1160\" \/>\n\t<meta property=\"og:image:height\" content=\"100\" \/>\n\t<meta property=\"og:image:type\" content=\"image\/png\" \/>\n<meta name=\"twitter:card\" content=\"summary_large_image\" \/>\n<meta name=\"twitter:label1\" content=\"Tempo di lettura stimato\" \/>\n\t<meta name=\"twitter:data1\" content=\"2 minuti\" \/>\n<script type=\"application\/ld+json\" class=\"yoast-schema-graph\">{\"@context\":\"https:\\\/\\\/schema.org\",\"@graph\":[{\"@type\":\"WebPage\",\"@id\":\"https:\\\/\\\/paule-vasseur.com\\\/it\\\/galerie-photo-mariage-invitee.htm\",\"url\":\"https:\\\/\\\/paule-vasseur.com\\\/it\\\/galerie-photo-mariage-invitee.htm\",\"name\":\"Photos d'invit\u00e9es habill\u00e9es par la maison\u00a0Paule Vasseur - PAULE VASSEUR\",\"isPartOf\":{\"@id\":\"https:\\\/\\\/paule-vasseur.com\\\/it\\\/#website\"},\"primaryImageOfPage\":{\"@id\":\"https:\\\/\\\/paule-vasseur.com\\\/it\\\/galerie-photo-mariage-invitee.htm#primaryimage\"},\"image\":{\"@id\":\"https:\\\/\\\/paule-vasseur.com\\\/it\\\/galerie-photo-mariage-invitee.htm#primaryimage\"},\"thumbnailUrl\":\"https:\\\/\\\/paule-vasseur.com\\\/wp-content\\\/uploads\\\/2025\\\/09\\\/double_ligne-removebg-preview.png\",\"datePublished\":\"2025-09-23T10:55:08+00:00\",\"dateModified\":\"2025-09-23T11:03:46+00:00\",\"description\":\"D\u00e9couvrez les photos de mariage de nos clientes invit\u00e9es.\",\"breadcrumb\":{\"@id\":\"https:\\\/\\\/paule-vasseur.com\\\/it\\\/galerie-photo-mariage-invitee.htm#breadcrumb\"},\"inLanguage\":\"it-IT\",\"potentialAction\":[{\"@type\":\"ReadAction\",\"target\":[\"https:\\\/\\\/paule-vasseur.com\\\/it\\\/galerie-photo-mariage-invitee.htm\"]}]},{\"@type\":\"ImageObject\",\"inLanguage\":\"it-IT\",\"@id\":\"https:\\\/\\\/paule-vasseur.com\\\/it\\\/galerie-photo-mariage-invitee.htm#primaryimage\",\"url\":\"https:\\\/\\\/paule-vasseur.com\\\/wp-content\\\/uploads\\\/2025\\\/09\\\/double_ligne-removebg-preview.png\",\"contentUrl\":\"https:\\\/\\\/paule-vasseur.com\\\/wp-content\\\/uploads\\\/2025\\\/09\\\/double_ligne-removebg-preview.png\"},{\"@type\":\"BreadcrumbList\",\"@id\":\"https:\\\/\\\/paule-vasseur.com\\\/it\\\/galerie-photo-mariage-invitee.htm#breadcrumb\",\"itemListElement\":[{\"@type\":\"ListItem\",\"position\":1,\"name\":\"Accueil\",\"item\":\"https:\\\/\\\/paule-vasseur.com\\\/\"},{\"@type\":\"ListItem\",\"position\":2,\"name\":\"Photos d&rsquo;invit\u00e9es habill\u00e9es par la maison\u00a0Paule Vasseur\"}]},{\"@type\":\"WebSite\",\"@id\":\"https:\\\/\\\/paule-vasseur.com\\\/it\\\/#website\",\"url\":\"https:\\\/\\\/paule-vasseur.com\\\/it\\\/\",\"name\":\"RIDEAUX COUTURE\",\"description\":\"\",\"publisher\":{\"@id\":\"https:\\\/\\\/paule-vasseur.com\\\/it\\\/#organization\"},\"potentialAction\":[{\"@type\":\"SearchAction\",\"target\":{\"@type\":\"EntryPoint\",\"urlTemplate\":\"https:\\\/\\\/paule-vasseur.com\\\/it\\\/?s={search_term_string}\"},\"query-input\":{\"@type\":\"PropertyValueSpecification\",\"valueRequired\":true,\"valueName\":\"search_term_string\"}}],\"inLanguage\":\"it-IT\"},{\"@type\":\"Organization\",\"@id\":\"https:\\\/\\\/paule-vasseur.com\\\/it\\\/#organization\",\"name\":\"RIDEAUX COUTURE\",\"url\":\"https:\\\/\\\/paule-vasseur.com\\\/it\\\/\",\"logo\":{\"@type\":\"ImageObject\",\"inLanguage\":\"it-IT\",\"@id\":\"https:\\\/\\\/paule-vasseur.com\\\/it\\\/#\\\/schema\\\/logo\\\/image\\\/\",\"url\":\"https:\\\/\\\/paule-vasseur.com\\\/wp-content\\\/uploads\\\/2025\\\/09\\\/cropped-cropped-logonew2018-2.webp\",\"contentUrl\":\"https:\\\/\\\/paule-vasseur.com\\\/wp-content\\\/uploads\\\/2025\\\/09\\\/cropped-cropped-logonew2018-2.webp\",\"width\":166,\"height\":110,\"caption\":\"RIDEAUX COUTURE\"},\"image\":{\"@id\":\"https:\\\/\\\/paule-vasseur.com\\\/it\\\/#\\\/schema\\\/logo\\\/image\\\/\"}}]}<\/script>\n<!-- \/ Yoast SEO plugin. -->","yoast_head_json":{"title":"Foto degli ospiti vestiti da Paule Vasseur - PAULE VASSEUR","description":"Scoprite le foto di matrimonio dei nostri clienti ospiti.","robots":{"index":"index","follow":"follow","max-snippet":"max-snippet:-1","max-image-preview":"max-image-preview:large","max-video-preview":"max-video-preview:-1"},"canonical":"https:\/\/paule-vasseur.com\/it\/galleria-fotografica-del-matrimonio-invitee-htm","og_locale":"it_IT","og_type":"article","og_title":"Photos d'invit\u00e9es habill\u00e9es par la maison\u00a0Paule Vasseur - PAULE VASSEUR","og_description":"D\u00e9couvrez les photos de mariage de nos clientes invit\u00e9es.","og_url":"https:\/\/paule-vasseur.com\/it\/galleria-fotografica-del-matrimonio-invitee-htm","og_site_name":"PAULE VASSEUR","article_modified_time":"2025-09-23T11:03:46+00:00","og_image":[{"width":1160,"height":100,"url":"https:\/\/paule-vasseur.com\/wp-content\/uploads\/2025\/09\/double_ligne-removebg-preview.png","type":"image\/png"}],"twitter_card":"summary_large_image","twitter_misc":{"Tempo di lettura stimato":"2 minuti"},"schema":{"@context":"https:\/\/schema.org","@graph":[{"@type":"WebPage","@id":"https:\/\/paule-vasseur.com\/it\/galerie-photo-mariage-invitee.htm","url":"https:\/\/paule-vasseur.com\/it\/galerie-photo-mariage-invitee.htm","name":"Foto degli ospiti vestiti da Paule Vasseur - PAULE VASSEUR","isPartOf":{"@id":"https:\/\/paule-vasseur.com\/it\/#website"},"primaryImageOfPage":{"@id":"https:\/\/paule-vasseur.com\/it\/galerie-photo-mariage-invitee.htm#primaryimage"},"image":{"@id":"https:\/\/paule-vasseur.com\/it\/galerie-photo-mariage-invitee.htm#primaryimage"},"thumbnailUrl":"https:\/\/paule-vasseur.com\/wp-content\/uploads\/2025\/09\/double_ligne-removebg-preview.png","datePublished":"2025-09-23T10:55:08+00:00","dateModified":"2025-09-23T11:03:46+00:00","description":"Scoprite le foto di matrimonio dei nostri clienti ospiti.","breadcrumb":{"@id":"https:\/\/paule-vasseur.com\/it\/galerie-photo-mariage-invitee.htm#breadcrumb"},"inLanguage":"it-IT","potentialAction":[{"@type":"ReadAction","target":["https:\/\/paule-vasseur.com\/it\/galerie-photo-mariage-invitee.htm"]}]},{"@type":"ImageObject","inLanguage":"it-IT","@id":"https:\/\/paule-vasseur.com\/it\/galerie-photo-mariage-invitee.htm#primaryimage","url":"https:\/\/paule-vasseur.com\/wp-content\/uploads\/2025\/09\/double_ligne-removebg-preview.png","contentUrl":"https:\/\/paule-vasseur.com\/wp-content\/uploads\/2025\/09\/double_ligne-removebg-preview.png"},{"@type":"BreadcrumbList","@id":"https:\/\/paule-vasseur.com\/it\/galerie-photo-mariage-invitee.htm#breadcrumb","itemListElement":[{"@type":"ListItem","position":1,"name":"Accueil","item":"https:\/\/paule-vasseur.com\/"},{"@type":"ListItem","position":2,"name":"Photos d&rsquo;invit\u00e9es habill\u00e9es par la maison\u00a0Paule Vasseur"}]},{"@type":"WebSite","@id":"https:\/\/paule-vasseur.com\/it\/#website","url":"https:\/\/paule-vasseur.com\/it\/","name":"TENDAGGI CUCITI SU MISURA","description":"","publisher":{"@id":"https:\/\/paule-vasseur.com\/it\/#organization"},"potentialAction":[{"@type":"SearchAction","target":{"@type":"EntryPoint","urlTemplate":"https:\/\/paule-vasseur.com\/it\/?s={search_term_string}"},"query-input":{"@type":"PropertyValueSpecification","valueRequired":true,"valueName":"search_term_string"}}],"inLanguage":"it-IT"},{"@type":"Organization","@id":"https:\/\/paule-vasseur.com\/it\/#organization","name":"TENDAGGI CUCITI SU MISURA","url":"https:\/\/paule-vasseur.com\/it\/","logo":{"@type":"ImageObject","inLanguage":"it-IT","@id":"https:\/\/paule-vasseur.com\/it\/#\/schema\/logo\/image\/","url":"https:\/\/paule-vasseur.com\/wp-content\/uploads\/2025\/09\/cropped-cropped-logonew2018-2.webp","contentUrl":"https:\/\/paule-vasseur.com\/wp-content\/uploads\/2025\/09\/cropped-cropped-logonew2018-2.webp","width":166,"height":110,"caption":"RIDEAUX COUTURE"},"image":{"@id":"https:\/\/paule-vasseur.com\/it\/#\/schema\/logo\/image\/"}}]}},"_links":{"self":[{"href":"https:\/\/paule-vasseur.com\/it\/wp-json\/wp\/v2\/pages\/75776","targetHints":{"allow":["GET"]}}],"collection":[{"href":"https:\/\/paule-vasseur.com\/it\/wp-json\/wp\/v2\/pages"}],"about":[{"href":"https:\/\/paule-vasseur.com\/it\/wp-json\/wp\/v2\/types\/page"}],"author":[{"embeddable":true,"href":"https:\/\/paule-vasseur.com\/it\/wp-json\/wp\/v2\/users\/1"}],"replies":[{"embeddable":true,"href":"https:\/\/paule-vasseur.com\/it\/wp-json\/wp\/v2\/comments?post=75776"}],"version-history":[{"count":10,"href":"https:\/\/paule-vasseur.com\/it\/wp-json\/wp\/v2\/pages\/75776\/revisions"}],"predecessor-version":[{"id":75792,"href":"https:\/\/paule-vasseur.com\/it\/wp-json\/wp\/v2\/pages\/75776\/revisions\/75792"}],"wp:attachment":[{"href":"https:\/\/paule-vasseur.com\/it\/wp-json\/wp\/v2\/media?parent=75776"}],"wp:term":[{"taxonomy":"folder","embeddable":true,"href":"https:\/\/paule-vasseur.com\/it\/wp-json\/wp\/v2\/folder?post=75776"}],"curies":[{"name":"wp","href":"https:\/\/api.w.org\/{rel}","templated":true}]}}