{"id":76008,"date":"2025-09-25T11:11:20","date_gmt":"2025-09-25T09:11:20","guid":{"rendered":"https:\/\/paule-vasseur.com\/?page_id=76008"},"modified":"2025-09-25T11:15:46","modified_gmt":"2025-09-25T09:15:46","slug":"broderie-tenue-de-mariage-et-ceremonie","status":"publish","type":"page","link":"https:\/\/paule-vasseur.com\/it\/broderie-tenue-de-mariage-et-ceremonie.htm","title":{"rendered":"La broderie Paule Vasseur : L&rsquo;\u00c9l\u00e9gance intemporelle et l&rsquo;excellence de la qualit\u00e9"},"content":{"rendered":"<div class=\"wp-block-image\">\n<figure class=\"aligncenter size-full is-resized\"><img loading=\"lazy\" decoding=\"async\" width=\"1160\" height=\"100\" src=\"https:\/\/paule-vasseur.com\/wp-content\/uploads\/2025\/09\/double_ligne-removebg-preview.png\" alt=\"\" class=\"wp-image-69230\" style=\"width:414px;height:auto\" srcset=\"https:\/\/paule-vasseur.com\/wp-content\/uploads\/2025\/09\/double_ligne-removebg-preview.png 1160w, https:\/\/paule-vasseur.com\/wp-content\/uploads\/2025\/09\/double_ligne-removebg-preview-500x43.png 500w, https:\/\/paule-vasseur.com\/wp-content\/uploads\/2025\/09\/double_ligne-removebg-preview-1024x88.png 1024w, https:\/\/paule-vasseur.com\/wp-content\/uploads\/2025\/09\/double_ligne-removebg-preview-768x66.png 768w, https:\/\/paule-vasseur.com\/wp-content\/uploads\/2025\/09\/double_ligne-removebg-preview-650x56.png 650w\" sizes=\"auto, (max-width: 1160px) 100vw, 1160px\" \/><\/figure>\n<\/div>\n\n<style>.kb-row-layout-id76008_95da0b-c7 > .kt-row-column-wrap{align-content:start;}:where(.kb-row-layout-id76008_95da0b-c7 > .kt-row-column-wrap) > .wp-block-kadence-column{justify-content:start;}.kb-row-layout-id76008_95da0b-c7 > .kt-row-column-wrap{column-gap:var(--global-kb-gap-md, 2rem);row-gap:var(--global-kb-gap-md, 2rem);padding-top:var(--global-kb-spacing-sm, 1.5rem);padding-bottom:var(--global-kb-spacing-sm, 1.5rem);grid-template-columns:repeat(2, minmax(0, 1fr));}.kb-row-layout-id76008_95da0b-c7 > .kt-row-layout-overlay{opacity:0.30;}@media all and (max-width: 1024px){.kb-row-layout-id76008_95da0b-c7 > .kt-row-column-wrap{grid-template-columns:repeat(2, minmax(0, 1fr));}}@media all and (max-width: 767px){.kb-row-layout-id76008_95da0b-c7 > .kt-row-column-wrap{grid-template-columns:minmax(0, 1fr);}}<\/style><div class=\"kb-row-layout-wrap kb-row-layout-id76008_95da0b-c7 alignnone wp-block-kadence-rowlayout\"><div class=\"kt-row-column-wrap kt-has-2-columns kt-row-layout-equal kt-tab-layout-inherit kt-mobile-layout-row kt-row-valign-top\">\n<style>.kadence-column76008_31c90d-60 > .kt-inside-inner-col,.kadence-column76008_31c90d-60 > .kt-inside-inner-col:before{border-top-left-radius:0px;border-top-right-radius:0px;border-bottom-right-radius:0px;border-bottom-left-radius:0px;}.kadence-column76008_31c90d-60 > .kt-inside-inner-col{column-gap:var(--global-kb-gap-sm, 1rem);}.kadence-column76008_31c90d-60 > .kt-inside-inner-col{flex-direction:column;}.kadence-column76008_31c90d-60 > .kt-inside-inner-col > .aligncenter{width:100%;}.kadence-column76008_31c90d-60 > .kt-inside-inner-col:before{opacity:0.3;}.kadence-column76008_31c90d-60{position:relative;}@media all and (max-width: 1024px){.kadence-column76008_31c90d-60 > .kt-inside-inner-col{flex-direction:column;justify-content:center;}}@media all and (max-width: 767px){.kadence-column76008_31c90d-60 > .kt-inside-inner-col{flex-direction:column;justify-content:center;}}<\/style>\n<div class=\"wp-block-kadence-column kadence-column76008_31c90d-60\"><div class=\"kt-inside-inner-col\">\n<h2 class=\"wp-block-heading\">Un art de la broderie raffin\u00e9 pour des tenues de c\u00e9r\u00e9monie uniques<\/h2>\n\n\n\n<p>Chez Paule Vasseur, la broderie est bien plus qu&rsquo;une simple technique, c&rsquo;est un art ma\u00eetris\u00e9 qui sublime chaque tenue de c\u00e9r\u00e9monie. Nos cr\u00e9ations allient tradition et modernit\u00e9, en m\u00ealant des techniques de haute couture \u00e0 celles du pr\u00eat-\u00e0-porter.<\/p>\n\n\n\n<p>Chaque d\u00e9tail brod\u00e9 est con\u00e7u avec minutie pour apporter une touche d&rsquo;\u00e9l\u00e9gance suppl\u00e9mentaire \u00e0 nos tailleurs et robes de cocktail. Nos broderies, r\u00e9alis\u00e9es sur des mati\u00e8res nobles telles que le jacquard, l\u2019organza ou le tulle, mettent en valeur la silhouette de la femme mature, en lui offrant une allure chic et intemporelle. Ainsi, chaque pi\u00e8ce devient unique et refl\u00e8te la personnalit\u00e9 de celle qui la porte.<\/p>\n\n\n\n<div class=\"wp-block-buttons is-content-justification-center is-layout-flex wp-container-core-buttons-is-layout-16018d1d wp-block-buttons-is-layout-flex\">\n<div class=\"wp-block-button\"><a class=\"wp-block-button__link wp-element-button\">D\u00e9couvrez les nouvelles collections<\/a><\/div>\n<\/div>\n<\/div><\/div>\n\n\n<style>.kadence-column76008_3a0ad5-ca > .kt-inside-inner-col,.kadence-column76008_3a0ad5-ca > .kt-inside-inner-col:before{border-top-left-radius:0px;border-top-right-radius:0px;border-bottom-right-radius:0px;border-bottom-left-radius:0px;}.kadence-column76008_3a0ad5-ca > .kt-inside-inner-col{column-gap:var(--global-kb-gap-sm, 1rem);}.kadence-column76008_3a0ad5-ca > .kt-inside-inner-col{flex-direction:column;}.kadence-column76008_3a0ad5-ca > .kt-inside-inner-col > .aligncenter{width:100%;}.kadence-column76008_3a0ad5-ca > .kt-inside-inner-col:before{opacity:0.3;}.kadence-column76008_3a0ad5-ca{position:relative;}@media all and (max-width: 1024px){.kadence-column76008_3a0ad5-ca > .kt-inside-inner-col{flex-direction:column;justify-content:center;}}@media all and (max-width: 767px){.kadence-column76008_3a0ad5-ca > .kt-inside-inner-col{flex-direction:column;justify-content:center;}}<\/style>\n<div class=\"wp-block-kadence-column kadence-column76008_3a0ad5-ca\"><div class=\"kt-inside-inner-col\"><style>.kb-image76008_d0263d-56 .kb-image-has-overlay:after{opacity:0.3;}<\/style>\n<figure class=\"wp-block-kadence-image kb-image76008_d0263d-56 size-full\"><img loading=\"lazy\" decoding=\"async\" width=\"900\" height=\"592\" src=\"https:\/\/paule-vasseur.com\/wp-content\/uploads\/2025\/09\/e18-mai-yli-blanche-3-zoom-1.jpg\" alt=\"\" class=\"kb-img wp-image-76010\" srcset=\"https:\/\/paule-vasseur.com\/wp-content\/uploads\/2025\/09\/e18-mai-yli-blanche-3-zoom-1.jpg 900w, https:\/\/paule-vasseur.com\/wp-content\/uploads\/2025\/09\/e18-mai-yli-blanche-3-zoom-1-500x329.jpg 500w, https:\/\/paule-vasseur.com\/wp-content\/uploads\/2025\/09\/e18-mai-yli-blanche-3-zoom-1-768x505.jpg 768w, https:\/\/paule-vasseur.com\/wp-content\/uploads\/2025\/09\/e18-mai-yli-blanche-3-zoom-1-650x428.jpg 650w\" sizes=\"auto, (max-width: 900px) 100vw, 900px\" \/><\/figure>\n<\/div><\/div>\n\n<\/div><\/div>\n\n<style>.kb-row-layout-id76008_e7e663-53 > .kt-row-column-wrap{align-content:start;}:where(.kb-row-layout-id76008_e7e663-53 > .kt-row-column-wrap) > .wp-block-kadence-column{justify-content:start;}.kb-row-layout-id76008_e7e663-53 > .kt-row-column-wrap{column-gap:var(--global-kb-gap-md, 2rem);row-gap:var(--global-kb-gap-md, 2rem);padding-top:var(--global-kb-spacing-sm, 1.5rem);padding-bottom:var(--global-kb-spacing-sm, 1.5rem);grid-template-columns:repeat(2, minmax(0, 1fr));}.kb-row-layout-id76008_e7e663-53 > .kt-row-layout-overlay{opacity:0.30;}@media all and (max-width: 1024px){.kb-row-layout-id76008_e7e663-53 > .kt-row-column-wrap{grid-template-columns:repeat(2, minmax(0, 1fr));}}@media all and (max-width: 767px){.kb-row-layout-id76008_e7e663-53 > .kt-row-column-wrap{grid-template-columns:minmax(0, 1fr);}}<\/style><div class=\"kb-row-layout-wrap kb-row-layout-id76008_e7e663-53 alignnone wp-block-kadence-rowlayout\"><div class=\"kt-row-column-wrap kt-has-2-columns kt-row-layout-equal kt-tab-layout-inherit kt-mobile-layout-row kt-row-valign-top\">\n<style>.kadence-column76008_73d758-4c > .kt-inside-inner-col,.kadence-column76008_73d758-4c > .kt-inside-inner-col:before{border-top-left-radius:0px;border-top-right-radius:0px;border-bottom-right-radius:0px;border-bottom-left-radius:0px;}.kadence-column76008_73d758-4c > .kt-inside-inner-col{column-gap:var(--global-kb-gap-sm, 1rem);}.kadence-column76008_73d758-4c > .kt-inside-inner-col{flex-direction:column;}.kadence-column76008_73d758-4c > .kt-inside-inner-col > .aligncenter{width:100%;}.kadence-column76008_73d758-4c > .kt-inside-inner-col:before{opacity:0.3;}.kadence-column76008_73d758-4c{position:relative;}@media all and (max-width: 1024px){.kadence-column76008_73d758-4c > .kt-inside-inner-col{flex-direction:column;justify-content:center;}}@media all and (max-width: 767px){.kadence-column76008_73d758-4c > .kt-inside-inner-col{flex-direction:column;justify-content:center;}}<\/style>\n<div class=\"wp-block-kadence-column kadence-column76008_73d758-4c\"><div class=\"kt-inside-inner-col\"><style>.kb-image76008_1464ef-9d .kb-image-has-overlay:after{opacity:0.3;}<\/style>\n<figure class=\"wp-block-kadence-image kb-image76008_1464ef-9d size-full\"><img loading=\"lazy\" decoding=\"async\" width=\"900\" height=\"592\" src=\"https:\/\/paule-vasseur.com\/wp-content\/uploads\/2025\/09\/e18-mon-fper-indigo2-zoom-1.jpg\" alt=\"\" class=\"kb-img wp-image-76011\" srcset=\"https:\/\/paule-vasseur.com\/wp-content\/uploads\/2025\/09\/e18-mon-fper-indigo2-zoom-1.jpg 900w, https:\/\/paule-vasseur.com\/wp-content\/uploads\/2025\/09\/e18-mon-fper-indigo2-zoom-1-500x329.jpg 500w, https:\/\/paule-vasseur.com\/wp-content\/uploads\/2025\/09\/e18-mon-fper-indigo2-zoom-1-768x505.jpg 768w, https:\/\/paule-vasseur.com\/wp-content\/uploads\/2025\/09\/e18-mon-fper-indigo2-zoom-1-650x428.jpg 650w\" sizes=\"auto, (max-width: 900px) 100vw, 900px\" \/><\/figure>\n<\/div><\/div>\n\n\n<style>.kadence-column76008_f11cb5-bc > .kt-inside-inner-col,.kadence-column76008_f11cb5-bc > .kt-inside-inner-col:before{border-top-left-radius:0px;border-top-right-radius:0px;border-bottom-right-radius:0px;border-bottom-left-radius:0px;}.kadence-column76008_f11cb5-bc > .kt-inside-inner-col{column-gap:var(--global-kb-gap-sm, 1rem);}.kadence-column76008_f11cb5-bc > .kt-inside-inner-col{flex-direction:column;}.kadence-column76008_f11cb5-bc > .kt-inside-inner-col > .aligncenter{width:100%;}.kadence-column76008_f11cb5-bc > .kt-inside-inner-col:before{opacity:0.3;}.kadence-column76008_f11cb5-bc{position:relative;}@media all and (max-width: 1024px){.kadence-column76008_f11cb5-bc > .kt-inside-inner-col{flex-direction:column;justify-content:center;}}@media all and (max-width: 767px){.kadence-column76008_f11cb5-bc > .kt-inside-inner-col{flex-direction:column;justify-content:center;}}<\/style>\n<div class=\"wp-block-kadence-column kadence-column76008_f11cb5-bc\"><div class=\"kt-inside-inner-col\">\n<h2 class=\"wp-block-heading\">Personnalisation sur Mesure : Des Broderies qui Subliment Votre \u00c9v\u00e9nement<\/h2>\n\n\n\n<p>Paule Vasseur propose un service de personnalisation haut de gamme, int\u00e9grant des broderies exclusives, adapt\u00e9es \u00e0 chaque cliente. Que ce soit pour une robe de cocktail \u00e9l\u00e9gante ou un tailleur-pantalon sophistiqu\u00e9, nous offrons la possibilit\u00e9 de choisir des motifs et des finitions brod\u00e9es pour rendre votre tenue v\u00e9ritablement unique.<\/p>\n\n\n\n<p>Notre expertise en broderie nous permet de cr\u00e9er des pi\u00e8ces sur mesure qui s\u2019ajustent parfaitement \u00e0 toutes les morphologies, y compris les grandes tailles. Ces cr\u00e9ations personnalis\u00e9es, conjuguant couleurs chatoyantes et coupes impeccables, sont id\u00e9ales pour des femmes matures \u00e0 la recherche d&rsquo;une \u00e9l\u00e9gance in\u00e9gal\u00e9e pour leurs occasions sp\u00e9ciales.<\/p>\n\n\n\n<div class=\"wp-block-buttons is-content-justification-center is-layout-flex wp-container-core-buttons-is-layout-16018d1d wp-block-buttons-is-layout-flex\">\n<div class=\"wp-block-button\"><a class=\"wp-block-button__link wp-element-button\">Pr\u00e9parons votre prochaine tenue ensemble !<\/a><\/div>\n<\/div>\n<\/div><\/div>\n\n<\/div><\/div>","protected":false},"excerpt":{"rendered":"<p>Un art de la broderie raffin\u00e9 pour des tenues de c\u00e9r\u00e9monie uniques Chez Paule Vasseur, la broderie est bien plus qu&rsquo;une simple technique, c&rsquo;est un art ma\u00eetris\u00e9 qui sublime chaque tenue de c\u00e9r\u00e9monie. Nos cr\u00e9ations allient tradition et modernit\u00e9, en m\u00ealant des techniques de haute couture \u00e0 celles du pr\u00eat-\u00e0-porter. Chaque d\u00e9tail brod\u00e9 est con\u00e7u&#8230;<\/p>","protected":false},"author":1,"featured_media":0,"parent":0,"menu_order":0,"comment_status":"closed","ping_status":"closed","template":"","meta":{"_kadence_starter_templates_imported_post":false,"_kad_post_transparent":"","_kad_post_title":"","_kad_post_layout":"","_kad_post_sidebar_id":"","_kad_post_content_style":"","_kad_post_vertical_padding":"","_kad_post_feature":"","_kad_post_feature_position":"","_kad_post_header":false,"_kad_post_footer":false,"_kad_post_classname":"","footnotes":""},"folder":[4273],"class_list":["post-76008","page","type-page","status-publish","hentry"],"yoast_head":"<!-- This site is optimized with the Yoast SEO plugin v27.4 - https:\/\/yoast.com\/product\/yoast-seo-wordpress\/ -->\n<title>La broderie Paule Vasseur : L&#039;\u00c9l\u00e9gance intemporelle et l&#039;excellence de la qualit\u00e9 - PAULE VASSEUR<\/title>\n<meta name=\"description\" content=\"Chez Paule Vasseur, la broderie est bien plus qu&#039;une simple technique, c&#039;est un art ma\u00eetris\u00e9 qui sublime chaque tenue de c\u00e9r\u00e9monie. Nos cr\u00e9ations allient tradition et modernit\u00e9, en m\u00ealant des techniques de haute couture \u00e0 celles du pr\u00eat-\u00e0-porter.\" \/>\n<meta name=\"robots\" content=\"index, follow, max-snippet:-1, max-image-preview:large, max-video-preview:-1\" \/>\n<link rel=\"canonical\" href=\"https:\/\/paule-vasseur.com\/it\/ricamo-abiti-da-cerimonia-e-da-matrimonio-htm\" \/>\n<meta property=\"og:locale\" content=\"it_IT\" \/>\n<meta property=\"og:type\" content=\"article\" \/>\n<meta property=\"og:title\" content=\"La broderie Paule Vasseur : L&#039;\u00c9l\u00e9gance intemporelle et l&#039;excellence de la qualit\u00e9 - PAULE VASSEUR\" \/>\n<meta property=\"og:description\" content=\"Chez Paule Vasseur, la broderie est bien plus qu&#039;une simple technique, c&#039;est un art ma\u00eetris\u00e9 qui sublime chaque tenue de c\u00e9r\u00e9monie. Nos cr\u00e9ations allient tradition et modernit\u00e9, en m\u00ealant des techniques de haute couture \u00e0 celles du pr\u00eat-\u00e0-porter.\" \/>\n<meta property=\"og:url\" content=\"https:\/\/paule-vasseur.com\/it\/ricamo-abiti-da-cerimonia-e-da-matrimonio-htm\" \/>\n<meta property=\"og:site_name\" content=\"PAULE VASSEUR\" \/>\n<meta property=\"article:modified_time\" content=\"2025-09-25T09:15:46+00:00\" \/>\n<meta property=\"og:image\" content=\"https:\/\/paule-vasseur.com\/wp-content\/uploads\/2025\/09\/double_ligne-removebg-preview.png\" \/>\n\t<meta property=\"og:image:width\" content=\"1160\" \/>\n\t<meta property=\"og:image:height\" content=\"100\" \/>\n\t<meta property=\"og:image:type\" content=\"image\/png\" \/>\n<meta name=\"twitter:card\" content=\"summary_large_image\" \/>\n<meta name=\"twitter:label1\" content=\"Tempo di lettura stimato\" \/>\n\t<meta name=\"twitter:data1\" content=\"2 minuti\" \/>\n<script type=\"application\/ld+json\" class=\"yoast-schema-graph\">{\"@context\":\"https:\\\/\\\/schema.org\",\"@graph\":[{\"@type\":\"WebPage\",\"@id\":\"https:\\\/\\\/paule-vasseur.com\\\/it\\\/broderie-tenue-de-mariage-et-ceremonie.htm\",\"url\":\"https:\\\/\\\/paule-vasseur.com\\\/it\\\/broderie-tenue-de-mariage-et-ceremonie.htm\",\"name\":\"La broderie Paule Vasseur : L'\u00c9l\u00e9gance intemporelle et l'excellence de la qualit\u00e9 - PAULE VASSEUR\",\"isPartOf\":{\"@id\":\"https:\\\/\\\/paule-vasseur.com\\\/it\\\/#website\"},\"primaryImageOfPage\":{\"@id\":\"https:\\\/\\\/paule-vasseur.com\\\/it\\\/broderie-tenue-de-mariage-et-ceremonie.htm#primaryimage\"},\"image\":{\"@id\":\"https:\\\/\\\/paule-vasseur.com\\\/it\\\/broderie-tenue-de-mariage-et-ceremonie.htm#primaryimage\"},\"thumbnailUrl\":\"https:\\\/\\\/paule-vasseur.com\\\/wp-content\\\/uploads\\\/2025\\\/09\\\/double_ligne-removebg-preview.png\",\"datePublished\":\"2025-09-25T09:11:20+00:00\",\"dateModified\":\"2025-09-25T09:15:46+00:00\",\"description\":\"Chez Paule Vasseur, la broderie est bien plus qu'une simple technique, c'est un art ma\u00eetris\u00e9 qui sublime chaque tenue de c\u00e9r\u00e9monie. Nos cr\u00e9ations allient tradition et modernit\u00e9, en m\u00ealant des techniques de haute couture \u00e0 celles du pr\u00eat-\u00e0-porter.\",\"breadcrumb\":{\"@id\":\"https:\\\/\\\/paule-vasseur.com\\\/it\\\/broderie-tenue-de-mariage-et-ceremonie.htm#breadcrumb\"},\"inLanguage\":\"it-IT\",\"potentialAction\":[{\"@type\":\"ReadAction\",\"target\":[\"https:\\\/\\\/paule-vasseur.com\\\/it\\\/broderie-tenue-de-mariage-et-ceremonie.htm\"]}]},{\"@type\":\"ImageObject\",\"inLanguage\":\"it-IT\",\"@id\":\"https:\\\/\\\/paule-vasseur.com\\\/it\\\/broderie-tenue-de-mariage-et-ceremonie.htm#primaryimage\",\"url\":\"https:\\\/\\\/paule-vasseur.com\\\/wp-content\\\/uploads\\\/2025\\\/09\\\/double_ligne-removebg-preview.png\",\"contentUrl\":\"https:\\\/\\\/paule-vasseur.com\\\/wp-content\\\/uploads\\\/2025\\\/09\\\/double_ligne-removebg-preview.png\"},{\"@type\":\"BreadcrumbList\",\"@id\":\"https:\\\/\\\/paule-vasseur.com\\\/it\\\/broderie-tenue-de-mariage-et-ceremonie.htm#breadcrumb\",\"itemListElement\":[{\"@type\":\"ListItem\",\"position\":1,\"name\":\"Accueil\",\"item\":\"https:\\\/\\\/paule-vasseur.com\\\/\"},{\"@type\":\"ListItem\",\"position\":2,\"name\":\"La broderie Paule Vasseur : L&rsquo;\u00c9l\u00e9gance intemporelle et l&rsquo;excellence de la qualit\u00e9\"}]},{\"@type\":\"WebSite\",\"@id\":\"https:\\\/\\\/paule-vasseur.com\\\/it\\\/#website\",\"url\":\"https:\\\/\\\/paule-vasseur.com\\\/it\\\/\",\"name\":\"RIDEAUX COUTURE\",\"description\":\"\",\"publisher\":{\"@id\":\"https:\\\/\\\/paule-vasseur.com\\\/it\\\/#organization\"},\"potentialAction\":[{\"@type\":\"SearchAction\",\"target\":{\"@type\":\"EntryPoint\",\"urlTemplate\":\"https:\\\/\\\/paule-vasseur.com\\\/it\\\/?s={search_term_string}\"},\"query-input\":{\"@type\":\"PropertyValueSpecification\",\"valueRequired\":true,\"valueName\":\"search_term_string\"}}],\"inLanguage\":\"it-IT\"},{\"@type\":\"Organization\",\"@id\":\"https:\\\/\\\/paule-vasseur.com\\\/it\\\/#organization\",\"name\":\"RIDEAUX COUTURE\",\"url\":\"https:\\\/\\\/paule-vasseur.com\\\/it\\\/\",\"logo\":{\"@type\":\"ImageObject\",\"inLanguage\":\"it-IT\",\"@id\":\"https:\\\/\\\/paule-vasseur.com\\\/it\\\/#\\\/schema\\\/logo\\\/image\\\/\",\"url\":\"https:\\\/\\\/paule-vasseur.com\\\/wp-content\\\/uploads\\\/2025\\\/09\\\/cropped-cropped-logonew2018-2.webp\",\"contentUrl\":\"https:\\\/\\\/paule-vasseur.com\\\/wp-content\\\/uploads\\\/2025\\\/09\\\/cropped-cropped-logonew2018-2.webp\",\"width\":166,\"height\":110,\"caption\":\"RIDEAUX COUTURE\"},\"image\":{\"@id\":\"https:\\\/\\\/paule-vasseur.com\\\/it\\\/#\\\/schema\\\/logo\\\/image\\\/\"}}]}<\/script>\n<!-- \/ Yoast SEO plugin. -->","yoast_head_json":{"title":"Il ricamo Paule Vasseur: eleganza senza tempo ed eccellenza nella qualit\u00e0 - PAULE VASSEUR","description":"Chez Paule Vasseur, la broderie est bien plus qu'une simple technique, c'est un art ma\u00eetris\u00e9 qui sublime chaque tenue de c\u00e9r\u00e9monie. Nos cr\u00e9ations allient tradition et modernit\u00e9, en m\u00ealant des techniques de haute couture \u00e0 celles du pr\u00eat-\u00e0-porter.","robots":{"index":"index","follow":"follow","max-snippet":"max-snippet:-1","max-image-preview":"max-image-preview:large","max-video-preview":"max-video-preview:-1"},"canonical":"https:\/\/paule-vasseur.com\/it\/ricamo-abiti-da-cerimonia-e-da-matrimonio-htm","og_locale":"it_IT","og_type":"article","og_title":"La broderie Paule Vasseur : L'\u00c9l\u00e9gance intemporelle et l'excellence de la qualit\u00e9 - PAULE VASSEUR","og_description":"Chez Paule Vasseur, la broderie est bien plus qu'une simple technique, c'est un art ma\u00eetris\u00e9 qui sublime chaque tenue de c\u00e9r\u00e9monie. Nos cr\u00e9ations allient tradition et modernit\u00e9, en m\u00ealant des techniques de haute couture \u00e0 celles du pr\u00eat-\u00e0-porter.","og_url":"https:\/\/paule-vasseur.com\/it\/ricamo-abiti-da-cerimonia-e-da-matrimonio-htm","og_site_name":"PAULE VASSEUR","article_modified_time":"2025-09-25T09:15:46+00:00","og_image":[{"width":1160,"height":100,"url":"https:\/\/paule-vasseur.com\/wp-content\/uploads\/2025\/09\/double_ligne-removebg-preview.png","type":"image\/png"}],"twitter_card":"summary_large_image","twitter_misc":{"Tempo di lettura stimato":"2 minuti"},"schema":{"@context":"https:\/\/schema.org","@graph":[{"@type":"WebPage","@id":"https:\/\/paule-vasseur.com\/it\/broderie-tenue-de-mariage-et-ceremonie.htm","url":"https:\/\/paule-vasseur.com\/it\/broderie-tenue-de-mariage-et-ceremonie.htm","name":"Il ricamo Paule Vasseur: eleganza senza tempo ed eccellenza nella qualit\u00e0 - PAULE VASSEUR","isPartOf":{"@id":"https:\/\/paule-vasseur.com\/it\/#website"},"primaryImageOfPage":{"@id":"https:\/\/paule-vasseur.com\/it\/broderie-tenue-de-mariage-et-ceremonie.htm#primaryimage"},"image":{"@id":"https:\/\/paule-vasseur.com\/it\/broderie-tenue-de-mariage-et-ceremonie.htm#primaryimage"},"thumbnailUrl":"https:\/\/paule-vasseur.com\/wp-content\/uploads\/2025\/09\/double_ligne-removebg-preview.png","datePublished":"2025-09-25T09:11:20+00:00","dateModified":"2025-09-25T09:15:46+00:00","description":"Chez Paule Vasseur, la broderie est bien plus qu'une simple technique, c'est un art ma\u00eetris\u00e9 qui sublime chaque tenue de c\u00e9r\u00e9monie. Nos cr\u00e9ations allient tradition et modernit\u00e9, en m\u00ealant des techniques de haute couture \u00e0 celles du pr\u00eat-\u00e0-porter.","breadcrumb":{"@id":"https:\/\/paule-vasseur.com\/it\/broderie-tenue-de-mariage-et-ceremonie.htm#breadcrumb"},"inLanguage":"it-IT","potentialAction":[{"@type":"ReadAction","target":["https:\/\/paule-vasseur.com\/it\/broderie-tenue-de-mariage-et-ceremonie.htm"]}]},{"@type":"ImageObject","inLanguage":"it-IT","@id":"https:\/\/paule-vasseur.com\/it\/broderie-tenue-de-mariage-et-ceremonie.htm#primaryimage","url":"https:\/\/paule-vasseur.com\/wp-content\/uploads\/2025\/09\/double_ligne-removebg-preview.png","contentUrl":"https:\/\/paule-vasseur.com\/wp-content\/uploads\/2025\/09\/double_ligne-removebg-preview.png"},{"@type":"BreadcrumbList","@id":"https:\/\/paule-vasseur.com\/it\/broderie-tenue-de-mariage-et-ceremonie.htm#breadcrumb","itemListElement":[{"@type":"ListItem","position":1,"name":"Accueil","item":"https:\/\/paule-vasseur.com\/"},{"@type":"ListItem","position":2,"name":"La broderie Paule Vasseur : L&rsquo;\u00c9l\u00e9gance intemporelle et l&rsquo;excellence de la qualit\u00e9"}]},{"@type":"WebSite","@id":"https:\/\/paule-vasseur.com\/it\/#website","url":"https:\/\/paule-vasseur.com\/it\/","name":"TENDAGGI CUCITI SU MISURA","description":"","publisher":{"@id":"https:\/\/paule-vasseur.com\/it\/#organization"},"potentialAction":[{"@type":"SearchAction","target":{"@type":"EntryPoint","urlTemplate":"https:\/\/paule-vasseur.com\/it\/?s={search_term_string}"},"query-input":{"@type":"PropertyValueSpecification","valueRequired":true,"valueName":"search_term_string"}}],"inLanguage":"it-IT"},{"@type":"Organization","@id":"https:\/\/paule-vasseur.com\/it\/#organization","name":"TENDAGGI CUCITI SU MISURA","url":"https:\/\/paule-vasseur.com\/it\/","logo":{"@type":"ImageObject","inLanguage":"it-IT","@id":"https:\/\/paule-vasseur.com\/it\/#\/schema\/logo\/image\/","url":"https:\/\/paule-vasseur.com\/wp-content\/uploads\/2025\/09\/cropped-cropped-logonew2018-2.webp","contentUrl":"https:\/\/paule-vasseur.com\/wp-content\/uploads\/2025\/09\/cropped-cropped-logonew2018-2.webp","width":166,"height":110,"caption":"RIDEAUX COUTURE"},"image":{"@id":"https:\/\/paule-vasseur.com\/it\/#\/schema\/logo\/image\/"}}]}},"_links":{"self":[{"href":"https:\/\/paule-vasseur.com\/it\/wp-json\/wp\/v2\/pages\/76008","targetHints":{"allow":["GET"]}}],"collection":[{"href":"https:\/\/paule-vasseur.com\/it\/wp-json\/wp\/v2\/pages"}],"about":[{"href":"https:\/\/paule-vasseur.com\/it\/wp-json\/wp\/v2\/types\/page"}],"author":[{"embeddable":true,"href":"https:\/\/paule-vasseur.com\/it\/wp-json\/wp\/v2\/users\/1"}],"replies":[{"embeddable":true,"href":"https:\/\/paule-vasseur.com\/it\/wp-json\/wp\/v2\/comments?post=76008"}],"version-history":[{"count":4,"href":"https:\/\/paule-vasseur.com\/it\/wp-json\/wp\/v2\/pages\/76008\/revisions"}],"predecessor-version":[{"id":76015,"href":"https:\/\/paule-vasseur.com\/it\/wp-json\/wp\/v2\/pages\/76008\/revisions\/76015"}],"wp:attachment":[{"href":"https:\/\/paule-vasseur.com\/it\/wp-json\/wp\/v2\/media?parent=76008"}],"wp:term":[{"taxonomy":"folder","embeddable":true,"href":"https:\/\/paule-vasseur.com\/it\/wp-json\/wp\/v2\/folder?post=76008"}],"curies":[{"name":"wp","href":"https:\/\/api.w.org\/{rel}","templated":true}]}}