{"id":76104,"date":"2025-09-25T14:41:01","date_gmt":"2025-09-25T12:41:01","guid":{"rendered":"https:\/\/paule-vasseur.com\/?page_id=76104"},"modified":"2025-09-26T11:08:07","modified_gmt":"2025-09-26T09:08:07","slug":"maman-habille-par-paule-vasseur","status":"publish","type":"page","link":"https:\/\/paule-vasseur.com\/it\/maman-habille-par-paule-vasseur.htm","title":{"rendered":"Foto di madri vestite e consigliate da Paule Vasseur"},"content":{"rendered":"<style>.kb-row-layout-id76104_dd4f84-03 > .kt-row-column-wrap{align-content:start;}:where(.kb-row-layout-id76104_dd4f84-03 > .kt-row-column-wrap) > .wp-block-kadence-column{justify-content:start;}.kb-row-layout-id76104_dd4f84-03 > .kt-row-column-wrap{column-gap:var(--global-kb-gap-md, 2rem);row-gap:var(--global-kb-gap-md, 2rem);padding-top:var(--global-kb-spacing-sm, 1.5rem);padding-bottom:var(--global-kb-spacing-sm, 1.5rem);grid-template-columns:minmax(0, 2fr) minmax(0, 1fr) minmax(0, 1fr);}.kb-row-layout-id76104_dd4f84-03 > .kt-row-layout-overlay{opacity:0.30;}@media all and (max-width: 1024px){.kb-row-layout-id76104_dd4f84-03 > .kt-row-column-wrap > div:not(.added-for-specificity){grid-column:initial;}}@media all and (max-width: 1024px){.kb-row-layout-id76104_dd4f84-03 > .kt-row-column-wrap{grid-template-columns:repeat(3, minmax(0, 1fr));}}@media all and (max-width: 767px){.kb-row-layout-id76104_dd4f84-03 > .kt-row-column-wrap > div:not(.added-for-specificity){grid-column:initial;}.kb-row-layout-id76104_dd4f84-03 > .kt-row-column-wrap{grid-template-columns:minmax(0, 1fr);}}<\/style><div class=\"kb-row-layout-wrap kb-row-layout-id76104_dd4f84-03 alignnone wp-block-kadence-rowlayout\"><div class=\"kt-row-column-wrap kt-has-3-columns kt-row-layout-equal kt-tab-layout-inherit kt-mobile-layout-row kt-row-valign-top\">\n<style>.kadence-column76104_ec5007-bf > .kt-inside-inner-col,.kadence-column76104_ec5007-bf > .kt-inside-inner-col:before{border-top-left-radius:0px;border-top-right-radius:0px;border-bottom-right-radius:0px;border-bottom-left-radius:0px;}.kadence-column76104_ec5007-bf > .kt-inside-inner-col{column-gap:var(--global-kb-gap-sm, 1rem);}.kadence-column76104_ec5007-bf > .kt-inside-inner-col{flex-direction:column;}.kadence-column76104_ec5007-bf > .kt-inside-inner-col > .aligncenter{width:100%;}.kadence-column76104_ec5007-bf > .kt-inside-inner-col:before{opacity:0.3;}.kadence-column76104_ec5007-bf{position:relative;}@media all and (max-width: 1024px){.kadence-column76104_ec5007-bf > .kt-inside-inner-col{flex-direction:column;justify-content:center;}}@media all and (max-width: 767px){.kadence-column76104_ec5007-bf > .kt-inside-inner-col{flex-direction:column;justify-content:center;}}<\/style>\n<div class=\"wp-block-kadence-column kadence-column76104_ec5007-bf\"><div class=\"kt-inside-inner-col\">\n<h2 class=\"wp-block-heading\">Tutta la famiglia a Paule Vasseur<\/h2>\n\n\n\n<p>Per aiutarvi a fare la scelta giusta e a rendere il vostro appuntamento memorabile, chiamateci e parlateci dei vostri progetti.<br>Dal 1993 siamo specialisti nel fornire consulenza e abiti su misura per il matrimonio della vostra bambina. Le nostre collezioni sono intergenerazionali e saremo lieti di vestire anche la sposa, le sue sorelle e la nonna.<\/p>\n\n\n\n<h2 class=\"wp-block-heading\">Eleganza Paule Vasseur<\/h2>\n\n\n\n<p>Offriamo anche bellissimi cappelli da abbinare ai nostri abiti da cerimonia. Se avete un modista di fiducia, vi forniremo dei campioni di tessuto al momento dell'acquisto o dell'ordine del vostro abito Paule Vasseur.<\/p>\n\n\n\n<h2 class=\"wp-block-heading\">Gli sposi sono entusiasti<\/h2>\n\n\n\n<p>Saremo inoltre lieti di accogliere i vostri coniugi per gli allestimenti.<br>I matrimoni per donne eleganti alla ricerca di un outfit eccezionale per un matrimonio sofisticato, una cerimonia in famiglia o un cocktail party richiedono talvolta il consiglio dei vostri mariti e compagni.<br>In boutique, scoprirete un'infinita scelta di possibili combinazioni di stili e tessuti nella nostra collezione per il vostro abito, cappotto o pantalone, con cappotti, giacche e bolerini abbinati per un abbigliamento da cerimonia elegante e chic.<\/p>\n\n\n\n<h2 class=\"wp-block-heading\">Portate un amico!<\/h2>\n\n\n\n<p>Vi consigliamo vivamente di prendere un appuntamento, se lo desiderate, e di venire con un caro amico che sapr\u00e0 consigliarvi con gentilezza.<br>Chi vi conosce meglio se non il vostro migliore amico?&nbsp;<br>Saremo inoltre lieti di vestire la vostra amica per la cerimonia, creando un'armonia allegra ed elegante per il matrimonio 2022 dei vostri figli. Vi consiglieremo nella scelta dell'abito, tenendo conto dei vostri gusti.<\/p>\n<\/div><\/div>\n\n\n<style>.kadence-column76104_7fc114-c2 > .kt-inside-inner-col,.kadence-column76104_7fc114-c2 > .kt-inside-inner-col:before{border-top-left-radius:0px;border-top-right-radius:0px;border-bottom-right-radius:0px;border-bottom-left-radius:0px;}.kadence-column76104_7fc114-c2 > .kt-inside-inner-col{column-gap:var(--global-kb-gap-sm, 1rem);}.kadence-column76104_7fc114-c2 > .kt-inside-inner-col{flex-direction:column;}.kadence-column76104_7fc114-c2 > .kt-inside-inner-col > .aligncenter{width:100%;}.kadence-column76104_7fc114-c2 > .kt-inside-inner-col:before{opacity:0.3;}.kadence-column76104_7fc114-c2{position:relative;}@media all and (max-width: 1024px){.kadence-column76104_7fc114-c2 > .kt-inside-inner-col{flex-direction:column;justify-content:center;}}@media all and (max-width: 767px){.kadence-column76104_7fc114-c2 > .kt-inside-inner-col{flex-direction:column;justify-content:center;}}<\/style>\n<div class=\"wp-block-kadence-column kadence-column76104_7fc114-c2\"><div class=\"kt-inside-inner-col\"><style>.kb-image76104_2b54fa-18 .kb-image-has-overlay:after{opacity:0.3;}<\/style>\n<figure class=\"wp-block-kadence-image kb-image76104_2b54fa-18 size-full kb-image-is-ratio-size\"><div class=\"kb-is-ratio-image kb-image-ratio-port34\"><img loading=\"lazy\" decoding=\"async\" width=\"300\" height=\"450\" src=\"https:\/\/paule-vasseur.com\/wp-content\/uploads\/2025\/09\/lequin-300-450.jpg\" alt=\"\" class=\"kb-img wp-image-76112\"\/><\/div><\/figure>\n\n\n<style>.kb-image76104_8c136d-22 .kb-image-has-overlay:after{opacity:0.3;}<\/style>\n<figure class=\"wp-block-kadence-image kb-image76104_8c136d-22 size-full kb-image-is-ratio-size\"><div class=\"kb-is-ratio-image kb-image-ratio-port34\"><img loading=\"lazy\" decoding=\"async\" width=\"611\" height=\"855\" src=\"https:\/\/paule-vasseur.com\/wp-content\/uploads\/2025\/09\/liliane.jpg\" alt=\"\" class=\"kb-img wp-image-76115\" srcset=\"https:\/\/paule-vasseur.com\/wp-content\/uploads\/2025\/09\/liliane.jpg 611w, https:\/\/paule-vasseur.com\/wp-content\/uploads\/2025\/09\/liliane-357x500.jpg 357w, https:\/\/paule-vasseur.com\/wp-content\/uploads\/2025\/09\/liliane-500x700.jpg 500w\" sizes=\"auto, (max-width: 611px) 100vw, 611px\" \/><\/div><\/figure>\n<\/div><\/div>\n\n\n<style>.kadence-column76104_0684f6-c9 > .kt-inside-inner-col,.kadence-column76104_0684f6-c9 > .kt-inside-inner-col:before{border-top-left-radius:0px;border-top-right-radius:0px;border-bottom-right-radius:0px;border-bottom-left-radius:0px;}.kadence-column76104_0684f6-c9 > .kt-inside-inner-col{column-gap:var(--global-kb-gap-sm, 1rem);}.kadence-column76104_0684f6-c9 > .kt-inside-inner-col{flex-direction:column;}.kadence-column76104_0684f6-c9 > .kt-inside-inner-col > .aligncenter{width:100%;}.kadence-column76104_0684f6-c9 > .kt-inside-inner-col:before{opacity:0.3;}.kadence-column76104_0684f6-c9{position:relative;}@media all and (max-width: 1024px){.kadence-column76104_0684f6-c9 > .kt-inside-inner-col{flex-direction:column;justify-content:center;}}@media all and (max-width: 767px){.kadence-column76104_0684f6-c9 > .kt-inside-inner-col{flex-direction:column;justify-content:center;}}<\/style>\n<div class=\"wp-block-kadence-column kadence-column76104_0684f6-c9\"><div class=\"kt-inside-inner-col\"><style>.kb-image76104_8b4caf-94 .kb-image-has-overlay:after{opacity:0.3;}<\/style>\n<figure class=\"wp-block-kadence-image kb-image76104_8b4caf-94 size-full kb-image-is-ratio-size\"><div class=\"kb-is-ratio-image kb-image-ratio-port34\"><img loading=\"lazy\" decoding=\"async\" width=\"300\" height=\"449\" src=\"https:\/\/paule-vasseur.com\/wp-content\/uploads\/2025\/09\/300-450-lechaix.jpg\" alt=\"\" class=\"kb-img wp-image-76111\"\/><\/div><\/figure>\n\n\n<style>.kb-image76104_c9b92d-7a .kb-image-has-overlay:after{opacity:0.3;}<\/style>\n<figure class=\"wp-block-kadence-image kb-image76104_c9b92d-7a size-full kb-image-is-ratio-size\"><div class=\"kb-is-ratio-image kb-image-ratio-port34\"><img loading=\"lazy\" decoding=\"async\" width=\"267\" height=\"400\" src=\"https:\/\/paule-vasseur.com\/wp-content\/uploads\/2025\/09\/motherofthebrideoutfit-silk.jpg\" alt=\"\" class=\"kb-img wp-image-76114\"\/><\/div><\/figure>\n<\/div><\/div>\n\n<\/div><\/div>\n\n\n<div class=\"wp-block-group\" style=\"padding-top:0;padding-right:0;padding-bottom:0;padding-left:0\"><div class=\"wp-block-group__inner-container is-layout-constrained wp-container-core-group-is-layout-c6b4b7cd wp-block-group-is-layout-constrained\"><div class=\"wp-block-image\">\n<figure class=\"aligncenter size-full\"><img loading=\"lazy\" decoding=\"async\" width=\"166\" height=\"110\" src=\"https:\/\/paule-vasseur.com\/wp-content\/uploads\/2025\/09\/cropped-cropped-logonew2018-2-1.webp\" alt=\"\" class=\"wp-image-69239\"\/><\/figure>\n<\/div>\n\n\n<p class=\"has-text-align-center\">Avete una cerimonia?<br>Parliamone.<\/p>\n\n\n\n<div class=\"wp-block-buttons is-vertical is-content-justification-center is-layout-flex wp-container-core-buttons-is-layout-63e38172 wp-block-buttons-is-layout-flex\">\n<div class=\"wp-block-button is-style-fill\"><a class=\"wp-block-button__link has-text-align-center wp-element-button\" href=\"https:\/\/paule-vasseur.com\/it\/contatto-htm\/\">Contattateci<\/a><\/div>\n<\/div>\n\n\n<style>.wp-block-kadence-spacer.kt-block-spacer-69247_ec675a-41 .kt-block-spacer{height:20px;}.wp-block-kadence-spacer.kt-block-spacer-69247_ec675a-41 .kt-divider{border-top-width:1px;height:1px;border-top-color:#eee;width:80%;border-top-style:solid;}<\/style>\n<div class=\"wp-block-kadence-spacer aligncenter kt-block-spacer-69247_ec675a-41\"><div class=\"kt-block-spacer kt-block-spacer-halign-center\"><\/div><\/div>\n<\/div><\/div>","protected":false},"excerpt":{"rendered":"<p>Toute la famille en Paule Vasseur Pour vous aider dans votre choix et rendre votre rendez-vous m\u00e9morable, t\u00e9l\u00e9phonez-nous et expliquez-nous votre projet.Nous sommes sp\u00e9cialistes depuis 1993 pour vous conseiller et vous habiller en demi-mesure pour le mariage de votre enfant. Nos collections sont trans-g\u00e9n\u00e9rationnelles et nous serons heureux d&rsquo;habiller aussi la mari\u00e9e, ses s\u0153urs et&#8230;<\/p>","protected":false},"author":1,"featured_media":0,"parent":0,"menu_order":0,"comment_status":"closed","ping_status":"closed","template":"","meta":{"_kadence_starter_templates_imported_post":false,"_kad_post_transparent":"","_kad_post_title":"","_kad_post_layout":"","_kad_post_sidebar_id":"","_kad_post_content_style":"","_kad_post_vertical_padding":"","_kad_post_feature":"","_kad_post_feature_position":"","_kad_post_header":false,"_kad_post_footer":false,"_kad_post_classname":"","footnotes":""},"folder":[],"class_list":["post-76104","page","type-page","status-publish","hentry"],"yoast_head":"<!-- This site is optimized with the Yoast SEO plugin v27.5 - https:\/\/yoast.com\/product\/yoast-seo-wordpress\/ -->\n<title>Photos de mamans habill\u00e9es et conseill\u00e9es par la maison\u00a0Paule Vasseur - PAULE VASSEUR<\/title>\n<meta name=\"description\" content=\"Paule Vasseur : le sp\u00e9cialiste des tailleurs habill\u00e9s, robes du soir pour les mariages, la m\u00e8re de la mari\u00e9e ou du mari\u00e9 vous pr\u00e9sente un floril\u00e8ge de photos de mamans habill\u00e9es par PAULE VASSEUR .\" \/>\n<meta name=\"robots\" content=\"index, follow, max-snippet:-1, max-image-preview:large, max-video-preview:-1\" \/>\n<link rel=\"canonical\" href=\"https:\/\/paule-vasseur.com\/it\/maman-habille-par-paule-vasseur-htm\" \/>\n<meta property=\"og:locale\" content=\"it_IT\" \/>\n<meta property=\"og:type\" content=\"article\" \/>\n<meta property=\"og:title\" content=\"Photos de mamans habill\u00e9es et conseill\u00e9es par la maison\u00a0Paule Vasseur - PAULE VASSEUR\" \/>\n<meta property=\"og:description\" content=\"Paule Vasseur : le sp\u00e9cialiste des tailleurs habill\u00e9s, robes du soir pour les mariages, la m\u00e8re de la mari\u00e9e ou du mari\u00e9 vous pr\u00e9sente un floril\u00e8ge de photos de mamans habill\u00e9es par PAULE VASSEUR .\" \/>\n<meta property=\"og:url\" content=\"https:\/\/paule-vasseur.com\/it\/maman-habille-par-paule-vasseur-htm\" \/>\n<meta property=\"og:site_name\" content=\"PAULE VASSEUR\" \/>\n<meta property=\"article:modified_time\" content=\"2025-09-26T09:08:07+00:00\" \/>\n<meta property=\"og:image\" content=\"https:\/\/paule-vasseur.com\/wp-content\/uploads\/2025\/09\/lequin-300-450.jpg\" \/>\n\t<meta property=\"og:image:width\" content=\"300\" \/>\n\t<meta property=\"og:image:height\" content=\"450\" \/>\n\t<meta property=\"og:image:type\" content=\"image\/jpeg\" \/>\n<meta name=\"twitter:card\" content=\"summary_large_image\" \/>\n<meta name=\"twitter:label1\" content=\"Tempo di lettura stimato\" \/>\n\t<meta name=\"twitter:data1\" content=\"3 minuti\" \/>\n<script type=\"application\/ld+json\" class=\"yoast-schema-graph\">{\"@context\":\"https:\\\/\\\/schema.org\",\"@graph\":[{\"@type\":\"WebPage\",\"@id\":\"https:\\\/\\\/paule-vasseur.com\\\/it\\\/maman-habille-par-paule-vasseur.htm\",\"url\":\"https:\\\/\\\/paule-vasseur.com\\\/it\\\/maman-habille-par-paule-vasseur.htm\",\"name\":\"Photos de mamans habill\u00e9es et conseill\u00e9es par la maison\u00a0Paule Vasseur - PAULE VASSEUR\",\"isPartOf\":{\"@id\":\"https:\\\/\\\/paule-vasseur.com\\\/it\\\/#website\"},\"primaryImageOfPage\":{\"@id\":\"https:\\\/\\\/paule-vasseur.com\\\/it\\\/maman-habille-par-paule-vasseur.htm#primaryimage\"},\"image\":{\"@id\":\"https:\\\/\\\/paule-vasseur.com\\\/it\\\/maman-habille-par-paule-vasseur.htm#primaryimage\"},\"thumbnailUrl\":\"https:\\\/\\\/paule-vasseur.com\\\/wp-content\\\/uploads\\\/2025\\\/09\\\/lequin-300-450.jpg\",\"datePublished\":\"2025-09-25T12:41:01+00:00\",\"dateModified\":\"2025-09-26T09:08:07+00:00\",\"description\":\"Paule Vasseur : le sp\u00e9cialiste des tailleurs habill\u00e9s, robes du soir pour les mariages, la m\u00e8re de la mari\u00e9e ou du mari\u00e9 vous pr\u00e9sente un floril\u00e8ge de photos de mamans habill\u00e9es par PAULE VASSEUR .\",\"breadcrumb\":{\"@id\":\"https:\\\/\\\/paule-vasseur.com\\\/it\\\/maman-habille-par-paule-vasseur.htm#breadcrumb\"},\"inLanguage\":\"it-IT\",\"potentialAction\":[{\"@type\":\"ReadAction\",\"target\":[\"https:\\\/\\\/paule-vasseur.com\\\/it\\\/maman-habille-par-paule-vasseur.htm\"]}]},{\"@type\":\"ImageObject\",\"inLanguage\":\"it-IT\",\"@id\":\"https:\\\/\\\/paule-vasseur.com\\\/it\\\/maman-habille-par-paule-vasseur.htm#primaryimage\",\"url\":\"https:\\\/\\\/paule-vasseur.com\\\/wp-content\\\/uploads\\\/2025\\\/09\\\/lequin-300-450.jpg\",\"contentUrl\":\"https:\\\/\\\/paule-vasseur.com\\\/wp-content\\\/uploads\\\/2025\\\/09\\\/lequin-300-450.jpg\"},{\"@type\":\"BreadcrumbList\",\"@id\":\"https:\\\/\\\/paule-vasseur.com\\\/it\\\/maman-habille-par-paule-vasseur.htm#breadcrumb\",\"itemListElement\":[{\"@type\":\"ListItem\",\"position\":1,\"name\":\"Accueil\",\"item\":\"https:\\\/\\\/paule-vasseur.com\\\/\"},{\"@type\":\"ListItem\",\"position\":2,\"name\":\"Photos de mamans habill\u00e9es et conseill\u00e9es par la maison\u00a0Paule Vasseur\"}]},{\"@type\":\"WebSite\",\"@id\":\"https:\\\/\\\/paule-vasseur.com\\\/it\\\/#website\",\"url\":\"https:\\\/\\\/paule-vasseur.com\\\/it\\\/\",\"name\":\"RIDEAUX COUTURE\",\"description\":\"\",\"publisher\":{\"@id\":\"https:\\\/\\\/paule-vasseur.com\\\/it\\\/#organization\"},\"potentialAction\":[{\"@type\":\"SearchAction\",\"target\":{\"@type\":\"EntryPoint\",\"urlTemplate\":\"https:\\\/\\\/paule-vasseur.com\\\/it\\\/?s={search_term_string}\"},\"query-input\":{\"@type\":\"PropertyValueSpecification\",\"valueRequired\":true,\"valueName\":\"search_term_string\"}}],\"inLanguage\":\"it-IT\"},{\"@type\":\"Organization\",\"@id\":\"https:\\\/\\\/paule-vasseur.com\\\/it\\\/#organization\",\"name\":\"RIDEAUX COUTURE\",\"url\":\"https:\\\/\\\/paule-vasseur.com\\\/it\\\/\",\"logo\":{\"@type\":\"ImageObject\",\"inLanguage\":\"it-IT\",\"@id\":\"https:\\\/\\\/paule-vasseur.com\\\/it\\\/#\\\/schema\\\/logo\\\/image\\\/\",\"url\":\"https:\\\/\\\/paule-vasseur.com\\\/wp-content\\\/uploads\\\/2025\\\/09\\\/cropped-cropped-logonew2018-2.webp\",\"contentUrl\":\"https:\\\/\\\/paule-vasseur.com\\\/wp-content\\\/uploads\\\/2025\\\/09\\\/cropped-cropped-logonew2018-2.webp\",\"width\":166,\"height\":110,\"caption\":\"RIDEAUX COUTURE\"},\"image\":{\"@id\":\"https:\\\/\\\/paule-vasseur.com\\\/it\\\/#\\\/schema\\\/logo\\\/image\\\/\"}}]}<\/script>\n<!-- \/ Yoast SEO plugin. -->","yoast_head_json":{"title":"Foto di madri vestite e consigliate da Paule Vasseur - PAULE VASSEUR","description":"Paule Vasseur: lo specialista in abiti da cerimonia e da sera per matrimoni, la madre della sposa o dello sposo presenta una selezione di foto di madri vestite da PAULE VASSEUR. .","robots":{"index":"index","follow":"follow","max-snippet":"max-snippet:-1","max-image-preview":"max-image-preview:large","max-video-preview":"max-video-preview:-1"},"canonical":"https:\/\/paule-vasseur.com\/it\/maman-habille-par-paule-vasseur-htm","og_locale":"it_IT","og_type":"article","og_title":"Photos de mamans habill\u00e9es et conseill\u00e9es par la maison\u00a0Paule Vasseur - PAULE VASSEUR","og_description":"Paule Vasseur : le sp\u00e9cialiste des tailleurs habill\u00e9s, robes du soir pour les mariages, la m\u00e8re de la mari\u00e9e ou du mari\u00e9 vous pr\u00e9sente un floril\u00e8ge de photos de mamans habill\u00e9es par PAULE VASSEUR .","og_url":"https:\/\/paule-vasseur.com\/it\/maman-habille-par-paule-vasseur-htm","og_site_name":"PAULE VASSEUR","article_modified_time":"2025-09-26T09:08:07+00:00","og_image":[{"width":300,"height":450,"url":"https:\/\/paule-vasseur.com\/wp-content\/uploads\/2025\/09\/lequin-300-450.jpg","type":"image\/jpeg"}],"twitter_card":"summary_large_image","twitter_misc":{"Tempo di lettura stimato":"3 minuti"},"schema":{"@context":"https:\/\/schema.org","@graph":[{"@type":"WebPage","@id":"https:\/\/paule-vasseur.com\/it\/maman-habille-par-paule-vasseur.htm","url":"https:\/\/paule-vasseur.com\/it\/maman-habille-par-paule-vasseur.htm","name":"Foto di madri vestite e consigliate da Paule Vasseur - PAULE VASSEUR","isPartOf":{"@id":"https:\/\/paule-vasseur.com\/it\/#website"},"primaryImageOfPage":{"@id":"https:\/\/paule-vasseur.com\/it\/maman-habille-par-paule-vasseur.htm#primaryimage"},"image":{"@id":"https:\/\/paule-vasseur.com\/it\/maman-habille-par-paule-vasseur.htm#primaryimage"},"thumbnailUrl":"https:\/\/paule-vasseur.com\/wp-content\/uploads\/2025\/09\/lequin-300-450.jpg","datePublished":"2025-09-25T12:41:01+00:00","dateModified":"2025-09-26T09:08:07+00:00","description":"Paule Vasseur: lo specialista in abiti da cerimonia e da sera per matrimoni, la madre della sposa o dello sposo presenta una selezione di foto di madri vestite da PAULE VASSEUR. .","breadcrumb":{"@id":"https:\/\/paule-vasseur.com\/it\/maman-habille-par-paule-vasseur.htm#breadcrumb"},"inLanguage":"it-IT","potentialAction":[{"@type":"ReadAction","target":["https:\/\/paule-vasseur.com\/it\/maman-habille-par-paule-vasseur.htm"]}]},{"@type":"ImageObject","inLanguage":"it-IT","@id":"https:\/\/paule-vasseur.com\/it\/maman-habille-par-paule-vasseur.htm#primaryimage","url":"https:\/\/paule-vasseur.com\/wp-content\/uploads\/2025\/09\/lequin-300-450.jpg","contentUrl":"https:\/\/paule-vasseur.com\/wp-content\/uploads\/2025\/09\/lequin-300-450.jpg"},{"@type":"BreadcrumbList","@id":"https:\/\/paule-vasseur.com\/it\/maman-habille-par-paule-vasseur.htm#breadcrumb","itemListElement":[{"@type":"ListItem","position":1,"name":"Accueil","item":"https:\/\/paule-vasseur.com\/"},{"@type":"ListItem","position":2,"name":"Photos de mamans habill\u00e9es et conseill\u00e9es par la maison\u00a0Paule Vasseur"}]},{"@type":"WebSite","@id":"https:\/\/paule-vasseur.com\/it\/#website","url":"https:\/\/paule-vasseur.com\/it\/","name":"TENDAGGI CUCITI SU MISURA","description":"","publisher":{"@id":"https:\/\/paule-vasseur.com\/it\/#organization"},"potentialAction":[{"@type":"SearchAction","target":{"@type":"EntryPoint","urlTemplate":"https:\/\/paule-vasseur.com\/it\/?s={search_term_string}"},"query-input":{"@type":"PropertyValueSpecification","valueRequired":true,"valueName":"search_term_string"}}],"inLanguage":"it-IT"},{"@type":"Organization","@id":"https:\/\/paule-vasseur.com\/it\/#organization","name":"TENDAGGI CUCITI SU MISURA","url":"https:\/\/paule-vasseur.com\/it\/","logo":{"@type":"ImageObject","inLanguage":"it-IT","@id":"https:\/\/paule-vasseur.com\/it\/#\/schema\/logo\/image\/","url":"https:\/\/paule-vasseur.com\/wp-content\/uploads\/2025\/09\/cropped-cropped-logonew2018-2.webp","contentUrl":"https:\/\/paule-vasseur.com\/wp-content\/uploads\/2025\/09\/cropped-cropped-logonew2018-2.webp","width":166,"height":110,"caption":"RIDEAUX COUTURE"},"image":{"@id":"https:\/\/paule-vasseur.com\/it\/#\/schema\/logo\/image\/"}}]}},"_links":{"self":[{"href":"https:\/\/paule-vasseur.com\/it\/wp-json\/wp\/v2\/pages\/76104","targetHints":{"allow":["GET"]}}],"collection":[{"href":"https:\/\/paule-vasseur.com\/it\/wp-json\/wp\/v2\/pages"}],"about":[{"href":"https:\/\/paule-vasseur.com\/it\/wp-json\/wp\/v2\/types\/page"}],"author":[{"embeddable":true,"href":"https:\/\/paule-vasseur.com\/it\/wp-json\/wp\/v2\/users\/1"}],"replies":[{"embeddable":true,"href":"https:\/\/paule-vasseur.com\/it\/wp-json\/wp\/v2\/comments?post=76104"}],"version-history":[{"count":13,"href":"https:\/\/paule-vasseur.com\/it\/wp-json\/wp\/v2\/pages\/76104\/revisions"}],"predecessor-version":[{"id":76191,"href":"https:\/\/paule-vasseur.com\/it\/wp-json\/wp\/v2\/pages\/76104\/revisions\/76191"}],"wp:attachment":[{"href":"https:\/\/paule-vasseur.com\/it\/wp-json\/wp\/v2\/media?parent=76104"}],"wp:term":[{"taxonomy":"folder","embeddable":true,"href":"https:\/\/paule-vasseur.com\/it\/wp-json\/wp\/v2\/folder?post=76104"}],"curies":[{"name":"wp","href":"https:\/\/api.w.org\/{rel}","templated":true}]}}