{"id":76707,"date":"2025-09-30T15:17:42","date_gmt":"2025-09-30T13:17:42","guid":{"rendered":"https:\/\/paule-vasseur.com\/?page_id=76707"},"modified":"2025-09-30T17:15:26","modified_gmt":"2025-09-30T15:15:26","slug":"tenue-ceremonie-orange-paule-vasseur-collection-2024","status":"publish","type":"page","link":"https:\/\/paule-vasseur.com\/it\/tenue-ceremonie-orange-paule-vasseur-collection-2024.htm","title":{"rendered":"Collezione di abiti da cerimonia Orange Primavera Estate 2025"},"content":{"rendered":"<div class=\"wp-block-image\">\n<figure class=\"aligncenter size-full is-resized\"><img loading=\"lazy\" decoding=\"async\" width=\"1160\" height=\"100\" src=\"https:\/\/paule-vasseur.com\/wp-content\/uploads\/2025\/09\/double_ligne-removebg-preview.png\" alt=\"\" class=\"wp-image-69230\" style=\"width:414px;height:auto\" srcset=\"https:\/\/paule-vasseur.com\/wp-content\/uploads\/2025\/09\/double_ligne-removebg-preview.png 1160w, https:\/\/paule-vasseur.com\/wp-content\/uploads\/2025\/09\/double_ligne-removebg-preview-500x43.png 500w, https:\/\/paule-vasseur.com\/wp-content\/uploads\/2025\/09\/double_ligne-removebg-preview-1024x88.png 1024w, https:\/\/paule-vasseur.com\/wp-content\/uploads\/2025\/09\/double_ligne-removebg-preview-768x66.png 768w, https:\/\/paule-vasseur.com\/wp-content\/uploads\/2025\/09\/double_ligne-removebg-preview-650x56.png 650w\" sizes=\"auto, (max-width: 1160px) 100vw, 1160px\" \/><\/figure>\n<\/div>\n\n<style>.kb-row-layout-id76707_1e4cc1-6c > .kt-row-column-wrap{align-content:start;}:where(.kb-row-layout-id76707_1e4cc1-6c > .kt-row-column-wrap) > .wp-block-kadence-column{justify-content:start;}.kb-row-layout-id76707_1e4cc1-6c > .kt-row-column-wrap{column-gap:var(--global-kb-gap-md, 2rem);row-gap:var(--global-kb-gap-md, 2rem);padding-top:var(--global-kb-spacing-sm, 1.5rem);padding-bottom:var(--global-kb-spacing-sm, 1.5rem);grid-template-columns:repeat(2, minmax(0, 1fr));}.kb-row-layout-id76707_1e4cc1-6c > .kt-row-layout-overlay{opacity:0.30;}@media all and (max-width: 1024px){.kb-row-layout-id76707_1e4cc1-6c > .kt-row-column-wrap{grid-template-columns:repeat(2, minmax(0, 1fr));}}@media all and (max-width: 767px){.kb-row-layout-id76707_1e4cc1-6c > .kt-row-column-wrap{grid-template-columns:minmax(0, 1fr);}}<\/style><div class=\"kb-row-layout-wrap kb-row-layout-id76707_1e4cc1-6c alignnone wp-block-kadence-rowlayout\"><div class=\"kt-row-column-wrap kt-has-2-columns kt-row-layout-equal kt-tab-layout-inherit kt-mobile-layout-row kt-row-valign-top\">\n<style>.kadence-column76707_bca280-6e > .kt-inside-inner-col,.kadence-column76707_bca280-6e > .kt-inside-inner-col:before{border-top-left-radius:0px;border-top-right-radius:0px;border-bottom-right-radius:0px;border-bottom-left-radius:0px;}.kadence-column76707_bca280-6e > .kt-inside-inner-col{column-gap:var(--global-kb-gap-sm, 1rem);}.kadence-column76707_bca280-6e > .kt-inside-inner-col{flex-direction:column;}.kadence-column76707_bca280-6e > .kt-inside-inner-col > .aligncenter{width:100%;}.kadence-column76707_bca280-6e > .kt-inside-inner-col:before{opacity:0.3;}.kadence-column76707_bca280-6e{position:relative;}@media all and (max-width: 1024px){.kadence-column76707_bca280-6e > .kt-inside-inner-col{flex-direction:column;justify-content:center;}}@media all and (max-width: 767px){.kadence-column76707_bca280-6e > .kt-inside-inner-col{flex-direction:column;justify-content:center;}}<\/style>\n<div class=\"wp-block-kadence-column kadence-column76707_bca280-6e\"><div class=\"kt-inside-inner-col\"><style>.kb-image76707_a8ac0d-c5 .kb-image-has-overlay:after{opacity:0.3;}<\/style>\n<figure class=\"wp-block-kadence-image kb-image76707_a8ac0d-c5 size-large kb-image-is-ratio-size\"><div class=\"kb-is-ratio-image kb-image-ratio-port23\"><img loading=\"lazy\" decoding=\"async\" width=\"682\" height=\"1024\" src=\"https:\/\/paule-vasseur.com\/wp-content\/uploads\/2025\/09\/cbr-photographie-52-682x1024.jpg\" alt=\"\" class=\"kb-img wp-image-76716\" srcset=\"https:\/\/paule-vasseur.com\/wp-content\/uploads\/2025\/09\/cbr-photographie-52-682x1024.jpg 682w, https:\/\/paule-vasseur.com\/wp-content\/uploads\/2025\/09\/cbr-photographie-52-333x500.jpg 333w, https:\/\/paule-vasseur.com\/wp-content\/uploads\/2025\/09\/cbr-photographie-52-768x1153.jpg 768w, https:\/\/paule-vasseur.com\/wp-content\/uploads\/2025\/09\/cbr-photographie-52-1023x1536.jpg 1023w, https:\/\/paule-vasseur.com\/wp-content\/uploads\/2025\/09\/cbr-photographie-52-500x750.jpg 500w, https:\/\/paule-vasseur.com\/wp-content\/uploads\/2025\/09\/cbr-photographie-52-650x976.jpg 650w, https:\/\/paule-vasseur.com\/wp-content\/uploads\/2025\/09\/cbr-photographie-52.jpg 1066w\" sizes=\"auto, (max-width: 682px) 100vw, 682px\" \/><\/div><\/figure>\n\n\n<style>.kb-image76707_c0ddad-49 .kb-image-has-overlay:after{opacity:0.3;}<\/style>\n<figure class=\"wp-block-kadence-image kb-image76707_c0ddad-49 size-large kb-image-is-ratio-size\"><div class=\"kb-is-ratio-image kb-image-ratio-port23\"><img loading=\"lazy\" decoding=\"async\" width=\"682\" height=\"1024\" src=\"https:\/\/paule-vasseur.com\/wp-content\/uploads\/2025\/09\/cbr-photographie-46-682x1024.jpg\" alt=\"\" class=\"kb-img wp-image-76714\" srcset=\"https:\/\/paule-vasseur.com\/wp-content\/uploads\/2025\/09\/cbr-photographie-46-682x1024.jpg 682w, https:\/\/paule-vasseur.com\/wp-content\/uploads\/2025\/09\/cbr-photographie-46-333x500.jpg 333w, https:\/\/paule-vasseur.com\/wp-content\/uploads\/2025\/09\/cbr-photographie-46-768x1153.jpg 768w, https:\/\/paule-vasseur.com\/wp-content\/uploads\/2025\/09\/cbr-photographie-46-1023x1536.jpg 1023w, https:\/\/paule-vasseur.com\/wp-content\/uploads\/2025\/09\/cbr-photographie-46-500x750.jpg 500w, https:\/\/paule-vasseur.com\/wp-content\/uploads\/2025\/09\/cbr-photographie-46-650x976.jpg 650w, https:\/\/paule-vasseur.com\/wp-content\/uploads\/2025\/09\/cbr-photographie-46.jpg 1066w\" sizes=\"auto, (max-width: 682px) 100vw, 682px\" \/><\/div><\/figure>\n\n\n<style>.kb-image76707_29ff75-b9 .kb-image-has-overlay:after{opacity:0.3;}<\/style>\n<figure class=\"wp-block-kadence-image kb-image76707_29ff75-b9 size-large kb-image-is-ratio-size\"><div class=\"kb-is-ratio-image kb-image-ratio-port23\"><img loading=\"lazy\" decoding=\"async\" width=\"682\" height=\"1024\" src=\"https:\/\/paule-vasseur.com\/wp-content\/uploads\/2025\/09\/cbr-photographie-29-682x1024.jpg\" alt=\"\" class=\"kb-img wp-image-76718\" srcset=\"https:\/\/paule-vasseur.com\/wp-content\/uploads\/2025\/09\/cbr-photographie-29-682x1024.jpg 682w, https:\/\/paule-vasseur.com\/wp-content\/uploads\/2025\/09\/cbr-photographie-29-333x500.jpg 333w, https:\/\/paule-vasseur.com\/wp-content\/uploads\/2025\/09\/cbr-photographie-29-768x1153.jpg 768w, https:\/\/paule-vasseur.com\/wp-content\/uploads\/2025\/09\/cbr-photographie-29-1023x1536.jpg 1023w, https:\/\/paule-vasseur.com\/wp-content\/uploads\/2025\/09\/cbr-photographie-29-500x750.jpg 500w, https:\/\/paule-vasseur.com\/wp-content\/uploads\/2025\/09\/cbr-photographie-29-650x976.jpg 650w, https:\/\/paule-vasseur.com\/wp-content\/uploads\/2025\/09\/cbr-photographie-29.jpg 1066w\" sizes=\"auto, (max-width: 682px) 100vw, 682px\" \/><\/div><\/figure>\n\n\n\n<h2 class=\"wp-block-heading\">Accessori scintillanti per completare il vostro abbigliamento da cerimonia<\/h2>\n\n\n\n<p>Coordinare un outfit con scarpe o cappello pu\u00f2 aggiungere un tocco finale di complementariet\u00e0 al vostro look. Per un outfit stampato, \u00e8 meglio scegliere scarpe e accessori in tinta unita per evitare errori di gusto.<\/p>\n\n\n\n<p>Cappelli sofisticati, sandali in pelle dai colori neutri e pochette eleganti saranno perfetti da coordinare con il vostro ensemble.<\/p>\n\n\n\n<p>Collaboriamo con partner di accessori, calzolai e modiste per offrirvi accessori eleganti e di alta qualit\u00e0. Contattateci per saperne di pi\u00f9 sulle nostre opzioni di accessori e su come abbinare un outfit con scarpe e cappello.<\/p>\n<\/div><\/div>\n\n\n<style>.kadence-column76707_06bab4-ba > .kt-inside-inner-col,.kadence-column76707_06bab4-ba > .kt-inside-inner-col:before{border-top-left-radius:0px;border-top-right-radius:0px;border-bottom-right-radius:0px;border-bottom-left-radius:0px;}.kadence-column76707_06bab4-ba > .kt-inside-inner-col{column-gap:var(--global-kb-gap-sm, 1rem);}.kadence-column76707_06bab4-ba > .kt-inside-inner-col{flex-direction:column;}.kadence-column76707_06bab4-ba > .kt-inside-inner-col > .aligncenter{width:100%;}.kadence-column76707_06bab4-ba > .kt-inside-inner-col:before{opacity:0.3;}.kadence-column76707_06bab4-ba{position:relative;}@media all and (max-width: 1024px){.kadence-column76707_06bab4-ba > .kt-inside-inner-col{flex-direction:column;justify-content:center;}}@media all and (max-width: 767px){.kadence-column76707_06bab4-ba > .kt-inside-inner-col{flex-direction:column;justify-content:center;}}<\/style>\n<div class=\"wp-block-kadence-column kadence-column76707_06bab4-ba\"><div class=\"kt-inside-inner-col\"><style>.kb-image76707_65398b-2e .kb-image-has-overlay:after{opacity:0.3;}<\/style>\n<figure class=\"wp-block-kadence-image kb-image76707_65398b-2e size-large kb-image-is-ratio-size\"><div class=\"kb-is-ratio-image kb-image-ratio-port23\"><img loading=\"lazy\" decoding=\"async\" width=\"682\" height=\"1024\" src=\"https:\/\/paule-vasseur.com\/wp-content\/uploads\/2025\/09\/cbr-photographie-40-682x1024.jpg\" alt=\"\" class=\"kb-img wp-image-76715\" srcset=\"https:\/\/paule-vasseur.com\/wp-content\/uploads\/2025\/09\/cbr-photographie-40-682x1024.jpg 682w, https:\/\/paule-vasseur.com\/wp-content\/uploads\/2025\/09\/cbr-photographie-40-333x500.jpg 333w, https:\/\/paule-vasseur.com\/wp-content\/uploads\/2025\/09\/cbr-photographie-40-768x1153.jpg 768w, https:\/\/paule-vasseur.com\/wp-content\/uploads\/2025\/09\/cbr-photographie-40-1023x1536.jpg 1023w, https:\/\/paule-vasseur.com\/wp-content\/uploads\/2025\/09\/cbr-photographie-40-500x750.jpg 500w, https:\/\/paule-vasseur.com\/wp-content\/uploads\/2025\/09\/cbr-photographie-40-650x976.jpg 650w, https:\/\/paule-vasseur.com\/wp-content\/uploads\/2025\/09\/cbr-photographie-40.jpg 1066w\" sizes=\"auto, (max-width: 682px) 100vw, 682px\" \/><\/div><\/figure>\n\n\n\n<h2 class=\"wp-block-heading\">Abiti da cerimonia eleganti e colorati<\/h2>\n\n\n\n<p>Una stampa tonale sarebbe perfetta per aggiungere un tocco di originalit\u00e0 a un abito elegante per un evento speciale. Le stampe floreali arancioni brillanti o di ispirazione tropicale sono ottime scelte per aggiungere un tocco di freschezza al vostro outfit.<\/p>\n\n\n\n<p>Paule Vasseur propone diverse collezioni estive con stampe vivaci e colorate, perfette per una cerimonia elegante, un matrimonio o un cocktail party. Lavoriamo con materiali di alta qualit\u00e0 e tecniche di cucito tradizionali per creare abiti comodi ed eleganti.<\/p>\n\n\n\n<p>Saremo lieti di aiutarvi a vestirvi e a creare una silhouette estiva che sia allo stesso tempo tonica ed elegante. Contattateci per saperne di pi\u00f9 sulle nostre collezioni.<\/p>\n\n\n<style>.kb-image76707_a7a047-da .kb-image-has-overlay:after{opacity:0.3;}<\/style>\n<figure class=\"wp-block-kadence-image kb-image76707_a7a047-da size-large kb-image-is-ratio-size\"><div class=\"kb-is-ratio-image kb-image-ratio-port23\"><img loading=\"lazy\" decoding=\"async\" width=\"683\" height=\"1024\" src=\"https:\/\/paule-vasseur.com\/wp-content\/uploads\/2025\/09\/collection-orange-cbr-photographie-176-683x1024.jpg\" alt=\"\" class=\"kb-img wp-image-76713\" srcset=\"https:\/\/paule-vasseur.com\/wp-content\/uploads\/2025\/09\/collection-orange-cbr-photographie-176-683x1024.jpg 683w, https:\/\/paule-vasseur.com\/wp-content\/uploads\/2025\/09\/collection-orange-cbr-photographie-176-334x500.jpg 334w, https:\/\/paule-vasseur.com\/wp-content\/uploads\/2025\/09\/collection-orange-cbr-photographie-176-768x1151.jpg 768w, https:\/\/paule-vasseur.com\/wp-content\/uploads\/2025\/09\/collection-orange-cbr-photographie-176-1025x1536.jpg 1025w, https:\/\/paule-vasseur.com\/wp-content\/uploads\/2025\/09\/collection-orange-cbr-photographie-176-500x750.jpg 500w, https:\/\/paule-vasseur.com\/wp-content\/uploads\/2025\/09\/collection-orange-cbr-photographie-176-650x974.jpg 650w, https:\/\/paule-vasseur.com\/wp-content\/uploads\/2025\/09\/collection-orange-cbr-photographie-176.jpg 1060w\" sizes=\"auto, (max-width: 683px) 100vw, 683px\" \/><\/div><\/figure>\n\n\n<style>.kb-image76707_f8e1fa-e1 .kb-image-has-overlay:after{opacity:0.3;}<\/style>\n<figure class=\"wp-block-kadence-image kb-image76707_f8e1fa-e1 size-large kb-image-is-ratio-size\"><div class=\"kb-is-ratio-image kb-image-ratio-port23\"><img loading=\"lazy\" decoding=\"async\" width=\"682\" height=\"1024\" src=\"https:\/\/paule-vasseur.com\/wp-content\/uploads\/2025\/09\/cbr-photographie-31-682x1024.jpg\" alt=\"\" class=\"kb-img wp-image-76717\" srcset=\"https:\/\/paule-vasseur.com\/wp-content\/uploads\/2025\/09\/cbr-photographie-31-682x1024.jpg 682w, https:\/\/paule-vasseur.com\/wp-content\/uploads\/2025\/09\/cbr-photographie-31-333x500.jpg 333w, https:\/\/paule-vasseur.com\/wp-content\/uploads\/2025\/09\/cbr-photographie-31-768x1153.jpg 768w, https:\/\/paule-vasseur.com\/wp-content\/uploads\/2025\/09\/cbr-photographie-31-1023x1536.jpg 1023w, https:\/\/paule-vasseur.com\/wp-content\/uploads\/2025\/09\/cbr-photographie-31-500x750.jpg 500w, https:\/\/paule-vasseur.com\/wp-content\/uploads\/2025\/09\/cbr-photographie-31-650x976.jpg 650w, https:\/\/paule-vasseur.com\/wp-content\/uploads\/2025\/09\/cbr-photographie-31.jpg 1066w\" sizes=\"auto, (max-width: 682px) 100vw, 682px\" \/><\/div><\/figure>\n<\/div><\/div>\n\n<\/div><\/div>","protected":false},"excerpt":{"rendered":"<p>Des accessoires p\u00e9tillants pour compl\u00e9ter votre tenue de c\u00e9r\u00e9monie Coordonner une tenue avec des chaussures ou un chapeau pourrait ajouter une touche finale de compl\u00e9mentarit\u00e9 \u00e0 votre look. Pour un ensemble imprim\u00e9, il est pr\u00e9f\u00e9rable de choisir des chaussures et des accessoires de couleur unie pour \u00e9viter les fautes de go\u00fbts. Les chapeaux sophistiqu\u00e9s, les&#8230;<\/p>","protected":false},"author":1,"featured_media":0,"parent":0,"menu_order":0,"comment_status":"closed","ping_status":"closed","template":"","meta":{"_kadence_starter_templates_imported_post":false,"_kad_post_transparent":"","_kad_post_title":"","_kad_post_layout":"","_kad_post_sidebar_id":"","_kad_post_content_style":"","_kad_post_vertical_padding":"","_kad_post_feature":"","_kad_post_feature_position":"","_kad_post_header":false,"_kad_post_footer":false,"_kad_post_classname":"","footnotes":""},"folder":[4281],"class_list":["post-76707","page","type-page","status-publish","hentry"],"yoast_head":"<!-- This site is optimized with the Yoast SEO plugin v27.4 - https:\/\/yoast.com\/product\/yoast-seo-wordpress\/ -->\n<title>Collection de tenues de c\u00e9r\u00e9monie Orange printemps \u00e9t\u00e9 2025 - PAULE VASSEUR<\/title>\n<meta name=\"robots\" content=\"index, follow, max-snippet:-1, max-image-preview:large, max-video-preview:-1\" \/>\n<link rel=\"canonical\" href=\"https:\/\/paule-vasseur.com\/it\/abito-da-cerimonia-arancione-collezione-paule-vasseur-2024-htm\" \/>\n<meta property=\"og:locale\" content=\"it_IT\" \/>\n<meta property=\"og:type\" content=\"article\" \/>\n<meta property=\"og:title\" content=\"Collection de tenues de c\u00e9r\u00e9monie Orange printemps \u00e9t\u00e9 2025 - PAULE VASSEUR\" \/>\n<meta property=\"og:description\" content=\"Des accessoires p\u00e9tillants pour compl\u00e9ter votre tenue de c\u00e9r\u00e9monie Coordonner une tenue avec des chaussures ou un chapeau pourrait ajouter une touche finale de compl\u00e9mentarit\u00e9 \u00e0 votre look. Pour un ensemble imprim\u00e9, il est pr\u00e9f\u00e9rable de choisir des chaussures et des accessoires de couleur unie pour \u00e9viter les fautes de go\u00fbts. Les chapeaux sophistiqu\u00e9s, les...\" \/>\n<meta property=\"og:url\" content=\"https:\/\/paule-vasseur.com\/it\/abito-da-cerimonia-arancione-collezione-paule-vasseur-2024-htm\" \/>\n<meta property=\"og:site_name\" content=\"PAULE VASSEUR\" \/>\n<meta property=\"article:modified_time\" content=\"2025-09-30T15:15:26+00:00\" \/>\n<meta property=\"og:image\" content=\"https:\/\/paule-vasseur.com\/wp-content\/uploads\/2025\/09\/double_ligne-removebg-preview.png\" \/>\n\t<meta property=\"og:image:width\" content=\"1160\" \/>\n\t<meta property=\"og:image:height\" content=\"100\" \/>\n\t<meta property=\"og:image:type\" content=\"image\/png\" \/>\n<meta name=\"twitter:card\" content=\"summary_large_image\" \/>\n<meta name=\"twitter:label1\" content=\"Tempo di lettura stimato\" \/>\n\t<meta name=\"twitter:data1\" content=\"3 minuti\" \/>\n<script type=\"application\/ld+json\" class=\"yoast-schema-graph\">{\"@context\":\"https:\\\/\\\/schema.org\",\"@graph\":[{\"@type\":\"WebPage\",\"@id\":\"https:\\\/\\\/paule-vasseur.com\\\/it\\\/tenue-ceremonie-orange-paule-vasseur-collection-2024.htm\",\"url\":\"https:\\\/\\\/paule-vasseur.com\\\/it\\\/tenue-ceremonie-orange-paule-vasseur-collection-2024.htm\",\"name\":\"Collection de tenues de c\u00e9r\u00e9monie Orange printemps \u00e9t\u00e9 2025 - PAULE VASSEUR\",\"isPartOf\":{\"@id\":\"https:\\\/\\\/paule-vasseur.com\\\/it\\\/#website\"},\"primaryImageOfPage\":{\"@id\":\"https:\\\/\\\/paule-vasseur.com\\\/it\\\/tenue-ceremonie-orange-paule-vasseur-collection-2024.htm#primaryimage\"},\"image\":{\"@id\":\"https:\\\/\\\/paule-vasseur.com\\\/it\\\/tenue-ceremonie-orange-paule-vasseur-collection-2024.htm#primaryimage\"},\"thumbnailUrl\":\"https:\\\/\\\/paule-vasseur.com\\\/wp-content\\\/uploads\\\/2025\\\/09\\\/double_ligne-removebg-preview.png\",\"datePublished\":\"2025-09-30T13:17:42+00:00\",\"dateModified\":\"2025-09-30T15:15:26+00:00\",\"breadcrumb\":{\"@id\":\"https:\\\/\\\/paule-vasseur.com\\\/it\\\/tenue-ceremonie-orange-paule-vasseur-collection-2024.htm#breadcrumb\"},\"inLanguage\":\"it-IT\",\"potentialAction\":[{\"@type\":\"ReadAction\",\"target\":[\"https:\\\/\\\/paule-vasseur.com\\\/it\\\/tenue-ceremonie-orange-paule-vasseur-collection-2024.htm\"]}]},{\"@type\":\"ImageObject\",\"inLanguage\":\"it-IT\",\"@id\":\"https:\\\/\\\/paule-vasseur.com\\\/it\\\/tenue-ceremonie-orange-paule-vasseur-collection-2024.htm#primaryimage\",\"url\":\"https:\\\/\\\/paule-vasseur.com\\\/wp-content\\\/uploads\\\/2025\\\/09\\\/double_ligne-removebg-preview.png\",\"contentUrl\":\"https:\\\/\\\/paule-vasseur.com\\\/wp-content\\\/uploads\\\/2025\\\/09\\\/double_ligne-removebg-preview.png\"},{\"@type\":\"BreadcrumbList\",\"@id\":\"https:\\\/\\\/paule-vasseur.com\\\/it\\\/tenue-ceremonie-orange-paule-vasseur-collection-2024.htm#breadcrumb\",\"itemListElement\":[{\"@type\":\"ListItem\",\"position\":1,\"name\":\"Accueil\",\"item\":\"https:\\\/\\\/paule-vasseur.com\\\/\"},{\"@type\":\"ListItem\",\"position\":2,\"name\":\"Collection de tenues de c\u00e9r\u00e9monie Orange printemps \u00e9t\u00e9 2025\"}]},{\"@type\":\"WebSite\",\"@id\":\"https:\\\/\\\/paule-vasseur.com\\\/it\\\/#website\",\"url\":\"https:\\\/\\\/paule-vasseur.com\\\/it\\\/\",\"name\":\"RIDEAUX COUTURE\",\"description\":\"\",\"publisher\":{\"@id\":\"https:\\\/\\\/paule-vasseur.com\\\/it\\\/#organization\"},\"potentialAction\":[{\"@type\":\"SearchAction\",\"target\":{\"@type\":\"EntryPoint\",\"urlTemplate\":\"https:\\\/\\\/paule-vasseur.com\\\/it\\\/?s={search_term_string}\"},\"query-input\":{\"@type\":\"PropertyValueSpecification\",\"valueRequired\":true,\"valueName\":\"search_term_string\"}}],\"inLanguage\":\"it-IT\"},{\"@type\":\"Organization\",\"@id\":\"https:\\\/\\\/paule-vasseur.com\\\/it\\\/#organization\",\"name\":\"RIDEAUX COUTURE\",\"url\":\"https:\\\/\\\/paule-vasseur.com\\\/it\\\/\",\"logo\":{\"@type\":\"ImageObject\",\"inLanguage\":\"it-IT\",\"@id\":\"https:\\\/\\\/paule-vasseur.com\\\/it\\\/#\\\/schema\\\/logo\\\/image\\\/\",\"url\":\"https:\\\/\\\/paule-vasseur.com\\\/wp-content\\\/uploads\\\/2025\\\/09\\\/cropped-cropped-logonew2018-2.webp\",\"contentUrl\":\"https:\\\/\\\/paule-vasseur.com\\\/wp-content\\\/uploads\\\/2025\\\/09\\\/cropped-cropped-logonew2018-2.webp\",\"width\":166,\"height\":110,\"caption\":\"RIDEAUX COUTURE\"},\"image\":{\"@id\":\"https:\\\/\\\/paule-vasseur.com\\\/it\\\/#\\\/schema\\\/logo\\\/image\\\/\"}}]}<\/script>\n<!-- \/ Yoast SEO plugin. -->","yoast_head_json":{"title":"Collezione di abiti da cerimonia arancioni primavera estate 2025 - PAULE VASSEUR","robots":{"index":"index","follow":"follow","max-snippet":"max-snippet:-1","max-image-preview":"max-image-preview:large","max-video-preview":"max-video-preview:-1"},"canonical":"https:\/\/paule-vasseur.com\/it\/abito-da-cerimonia-arancione-collezione-paule-vasseur-2024-htm","og_locale":"it_IT","og_type":"article","og_title":"Collection de tenues de c\u00e9r\u00e9monie Orange printemps \u00e9t\u00e9 2025 - PAULE VASSEUR","og_description":"Des accessoires p\u00e9tillants pour compl\u00e9ter votre tenue de c\u00e9r\u00e9monie Coordonner une tenue avec des chaussures ou un chapeau pourrait ajouter une touche finale de compl\u00e9mentarit\u00e9 \u00e0 votre look. Pour un ensemble imprim\u00e9, il est pr\u00e9f\u00e9rable de choisir des chaussures et des accessoires de couleur unie pour \u00e9viter les fautes de go\u00fbts. Les chapeaux sophistiqu\u00e9s, les...","og_url":"https:\/\/paule-vasseur.com\/it\/abito-da-cerimonia-arancione-collezione-paule-vasseur-2024-htm","og_site_name":"PAULE VASSEUR","article_modified_time":"2025-09-30T15:15:26+00:00","og_image":[{"width":1160,"height":100,"url":"https:\/\/paule-vasseur.com\/wp-content\/uploads\/2025\/09\/double_ligne-removebg-preview.png","type":"image\/png"}],"twitter_card":"summary_large_image","twitter_misc":{"Tempo di lettura stimato":"3 minuti"},"schema":{"@context":"https:\/\/schema.org","@graph":[{"@type":"WebPage","@id":"https:\/\/paule-vasseur.com\/it\/tenue-ceremonie-orange-paule-vasseur-collection-2024.htm","url":"https:\/\/paule-vasseur.com\/it\/tenue-ceremonie-orange-paule-vasseur-collection-2024.htm","name":"Collezione di abiti da cerimonia arancioni primavera estate 2025 - PAULE VASSEUR","isPartOf":{"@id":"https:\/\/paule-vasseur.com\/it\/#website"},"primaryImageOfPage":{"@id":"https:\/\/paule-vasseur.com\/it\/tenue-ceremonie-orange-paule-vasseur-collection-2024.htm#primaryimage"},"image":{"@id":"https:\/\/paule-vasseur.com\/it\/tenue-ceremonie-orange-paule-vasseur-collection-2024.htm#primaryimage"},"thumbnailUrl":"https:\/\/paule-vasseur.com\/wp-content\/uploads\/2025\/09\/double_ligne-removebg-preview.png","datePublished":"2025-09-30T13:17:42+00:00","dateModified":"2025-09-30T15:15:26+00:00","breadcrumb":{"@id":"https:\/\/paule-vasseur.com\/it\/tenue-ceremonie-orange-paule-vasseur-collection-2024.htm#breadcrumb"},"inLanguage":"it-IT","potentialAction":[{"@type":"ReadAction","target":["https:\/\/paule-vasseur.com\/it\/tenue-ceremonie-orange-paule-vasseur-collection-2024.htm"]}]},{"@type":"ImageObject","inLanguage":"it-IT","@id":"https:\/\/paule-vasseur.com\/it\/tenue-ceremonie-orange-paule-vasseur-collection-2024.htm#primaryimage","url":"https:\/\/paule-vasseur.com\/wp-content\/uploads\/2025\/09\/double_ligne-removebg-preview.png","contentUrl":"https:\/\/paule-vasseur.com\/wp-content\/uploads\/2025\/09\/double_ligne-removebg-preview.png"},{"@type":"BreadcrumbList","@id":"https:\/\/paule-vasseur.com\/it\/tenue-ceremonie-orange-paule-vasseur-collection-2024.htm#breadcrumb","itemListElement":[{"@type":"ListItem","position":1,"name":"Accueil","item":"https:\/\/paule-vasseur.com\/"},{"@type":"ListItem","position":2,"name":"Collection de tenues de c\u00e9r\u00e9monie Orange printemps \u00e9t\u00e9 2025"}]},{"@type":"WebSite","@id":"https:\/\/paule-vasseur.com\/it\/#website","url":"https:\/\/paule-vasseur.com\/it\/","name":"TENDAGGI CUCITI SU MISURA","description":"","publisher":{"@id":"https:\/\/paule-vasseur.com\/it\/#organization"},"potentialAction":[{"@type":"SearchAction","target":{"@type":"EntryPoint","urlTemplate":"https:\/\/paule-vasseur.com\/it\/?s={search_term_string}"},"query-input":{"@type":"PropertyValueSpecification","valueRequired":true,"valueName":"search_term_string"}}],"inLanguage":"it-IT"},{"@type":"Organization","@id":"https:\/\/paule-vasseur.com\/it\/#organization","name":"TENDAGGI CUCITI SU MISURA","url":"https:\/\/paule-vasseur.com\/it\/","logo":{"@type":"ImageObject","inLanguage":"it-IT","@id":"https:\/\/paule-vasseur.com\/it\/#\/schema\/logo\/image\/","url":"https:\/\/paule-vasseur.com\/wp-content\/uploads\/2025\/09\/cropped-cropped-logonew2018-2.webp","contentUrl":"https:\/\/paule-vasseur.com\/wp-content\/uploads\/2025\/09\/cropped-cropped-logonew2018-2.webp","width":166,"height":110,"caption":"RIDEAUX COUTURE"},"image":{"@id":"https:\/\/paule-vasseur.com\/it\/#\/schema\/logo\/image\/"}}]}},"_links":{"self":[{"href":"https:\/\/paule-vasseur.com\/it\/wp-json\/wp\/v2\/pages\/76707","targetHints":{"allow":["GET"]}}],"collection":[{"href":"https:\/\/paule-vasseur.com\/it\/wp-json\/wp\/v2\/pages"}],"about":[{"href":"https:\/\/paule-vasseur.com\/it\/wp-json\/wp\/v2\/types\/page"}],"author":[{"embeddable":true,"href":"https:\/\/paule-vasseur.com\/it\/wp-json\/wp\/v2\/users\/1"}],"replies":[{"embeddable":true,"href":"https:\/\/paule-vasseur.com\/it\/wp-json\/wp\/v2\/comments?post=76707"}],"version-history":[{"count":6,"href":"https:\/\/paule-vasseur.com\/it\/wp-json\/wp\/v2\/pages\/76707\/revisions"}],"predecessor-version":[{"id":76721,"href":"https:\/\/paule-vasseur.com\/it\/wp-json\/wp\/v2\/pages\/76707\/revisions\/76721"}],"wp:attachment":[{"href":"https:\/\/paule-vasseur.com\/it\/wp-json\/wp\/v2\/media?parent=76707"}],"wp:term":[{"taxonomy":"folder","embeddable":true,"href":"https:\/\/paule-vasseur.com\/it\/wp-json\/wp\/v2\/folder?post=76707"}],"curies":[{"name":"wp","href":"https:\/\/api.w.org\/{rel}","templated":true}]}}