{"id":76767,"date":"2025-09-30T16:20:45","date_gmt":"2025-09-30T14:20:45","guid":{"rendered":"https:\/\/paule-vasseur.com\/?page_id=76767"},"modified":"2025-09-30T16:20:46","modified_gmt":"2025-09-30T14:20:46","slug":"robe-de-ceremonie-rose","status":"publish","type":"page","link":"https:\/\/paule-vasseur.com\/it\/robe-de-ceremonie-rose.htm","title":{"rendered":"Collezione di abiti da cerimonia Aqua e Peony Primavera Estate 2025"},"content":{"rendered":"<div class=\"wp-block-image\">\n<figure class=\"aligncenter size-full is-resized\"><img loading=\"lazy\" decoding=\"async\" width=\"1160\" height=\"100\" src=\"https:\/\/paule-vasseur.com\/wp-content\/uploads\/2025\/09\/double_ligne-removebg-preview.png\" alt=\"\" class=\"wp-image-69230\" style=\"width:414px;height:auto\" srcset=\"https:\/\/paule-vasseur.com\/wp-content\/uploads\/2025\/09\/double_ligne-removebg-preview.png 1160w, https:\/\/paule-vasseur.com\/wp-content\/uploads\/2025\/09\/double_ligne-removebg-preview-500x43.png 500w, https:\/\/paule-vasseur.com\/wp-content\/uploads\/2025\/09\/double_ligne-removebg-preview-1024x88.png 1024w, https:\/\/paule-vasseur.com\/wp-content\/uploads\/2025\/09\/double_ligne-removebg-preview-768x66.png 768w, https:\/\/paule-vasseur.com\/wp-content\/uploads\/2025\/09\/double_ligne-removebg-preview-650x56.png 650w\" sizes=\"auto, (max-width: 1160px) 100vw, 1160px\" \/><\/figure>\n<\/div>\n\n<style>.kb-row-layout-id76767_799490-13 > .kt-row-column-wrap{align-content:start;}:where(.kb-row-layout-id76767_799490-13 > .kt-row-column-wrap) > .wp-block-kadence-column{justify-content:start;}.kb-row-layout-id76767_799490-13 > .kt-row-column-wrap{column-gap:var(--global-kb-gap-md, 2rem);row-gap:var(--global-kb-gap-md, 2rem);padding-top:var(--global-kb-spacing-sm, 1.5rem);padding-bottom:var(--global-kb-spacing-sm, 1.5rem);grid-template-columns:repeat(2, minmax(0, 1fr));}.kb-row-layout-id76767_799490-13 > .kt-row-layout-overlay{opacity:0.30;}@media all and (max-width: 1024px){.kb-row-layout-id76767_799490-13 > .kt-row-column-wrap{grid-template-columns:repeat(2, minmax(0, 1fr));}}@media all and (max-width: 767px){.kb-row-layout-id76767_799490-13 > .kt-row-column-wrap{grid-template-columns:minmax(0, 1fr);}}<\/style><div class=\"kb-row-layout-wrap kb-row-layout-id76767_799490-13 alignnone wp-block-kadence-rowlayout\"><div class=\"kt-row-column-wrap kt-has-2-columns kt-row-layout-equal kt-tab-layout-inherit kt-mobile-layout-row kt-row-valign-top\">\n<style>.kadence-column76767_2067d7-07 > .kt-inside-inner-col,.kadence-column76767_2067d7-07 > .kt-inside-inner-col:before{border-top-left-radius:0px;border-top-right-radius:0px;border-bottom-right-radius:0px;border-bottom-left-radius:0px;}.kadence-column76767_2067d7-07 > .kt-inside-inner-col{column-gap:var(--global-kb-gap-sm, 1rem);}.kadence-column76767_2067d7-07 > .kt-inside-inner-col{flex-direction:column;}.kadence-column76767_2067d7-07 > .kt-inside-inner-col > .aligncenter{width:100%;}.kadence-column76767_2067d7-07 > .kt-inside-inner-col:before{opacity:0.3;}.kadence-column76767_2067d7-07{position:relative;}@media all and (max-width: 1024px){.kadence-column76767_2067d7-07 > .kt-inside-inner-col{flex-direction:column;justify-content:center;}}@media all and (max-width: 767px){.kadence-column76767_2067d7-07 > .kt-inside-inner-col{flex-direction:column;justify-content:center;}}<\/style>\n<div class=\"wp-block-kadence-column kadence-column76767_2067d7-07\"><div class=\"kt-inside-inner-col\"><style>.kb-image76767_66bc50-a7 .kb-image-has-overlay:after{opacity:0.3;}<\/style>\n<figure class=\"wp-block-kadence-image kb-image76767_66bc50-a7 size-full kb-image-is-ratio-size\"><div class=\"kb-is-ratio-image kb-image-ratio-land169\"><img loading=\"lazy\" decoding=\"async\" width=\"1200\" height=\"900\" src=\"https:\/\/paule-vasseur.com\/wp-content\/uploads\/2025\/09\/paule-vasseur-tenue-de-ceremonie-14.jpg\" alt=\"\" class=\"kb-img wp-image-76772\" srcset=\"https:\/\/paule-vasseur.com\/wp-content\/uploads\/2025\/09\/paule-vasseur-tenue-de-ceremonie-14.jpg 1200w, https:\/\/paule-vasseur.com\/wp-content\/uploads\/2025\/09\/paule-vasseur-tenue-de-ceremonie-14-500x375.jpg 500w, https:\/\/paule-vasseur.com\/wp-content\/uploads\/2025\/09\/paule-vasseur-tenue-de-ceremonie-14-1024x768.jpg 1024w, https:\/\/paule-vasseur.com\/wp-content\/uploads\/2025\/09\/paule-vasseur-tenue-de-ceremonie-14-768x576.jpg 768w, https:\/\/paule-vasseur.com\/wp-content\/uploads\/2025\/09\/paule-vasseur-tenue-de-ceremonie-14-650x488.jpg 650w\" sizes=\"auto, (max-width: 1200px) 100vw, 1200px\" \/><\/div><\/figure>\n\n\n<style>.kb-image76767_57a222-a1 .kb-image-has-overlay:after{opacity:0.3;}<\/style>\n<figure class=\"wp-block-kadence-image kb-image76767_57a222-a1 size-large kb-image-is-ratio-size\"><div class=\"kb-is-ratio-image kb-image-ratio-port23\"><img loading=\"lazy\" decoding=\"async\" width=\"728\" height=\"1024\" src=\"https:\/\/paule-vasseur.com\/wp-content\/uploads\/2025\/09\/aqua-e23-theme-akola-manteau-montana-raquel-fez02-728x1024.jpg\" alt=\"\" class=\"kb-img wp-image-76770\" srcset=\"https:\/\/paule-vasseur.com\/wp-content\/uploads\/2025\/09\/aqua-e23-theme-akola-manteau-montana-raquel-fez02-728x1024.jpg 728w, https:\/\/paule-vasseur.com\/wp-content\/uploads\/2025\/09\/aqua-e23-theme-akola-manteau-montana-raquel-fez02-356x500.jpg 356w, https:\/\/paule-vasseur.com\/wp-content\/uploads\/2025\/09\/aqua-e23-theme-akola-manteau-montana-raquel-fez02-768x1080.jpg 768w, https:\/\/paule-vasseur.com\/wp-content\/uploads\/2025\/09\/aqua-e23-theme-akola-manteau-montana-raquel-fez02-1092x1536.jpg 1092w, https:\/\/paule-vasseur.com\/wp-content\/uploads\/2025\/09\/aqua-e23-theme-akola-manteau-montana-raquel-fez02-500x703.jpg 500w, https:\/\/paule-vasseur.com\/wp-content\/uploads\/2025\/09\/aqua-e23-theme-akola-manteau-montana-raquel-fez02-650x914.jpg 650w, https:\/\/paule-vasseur.com\/wp-content\/uploads\/2025\/09\/aqua-e23-theme-akola-manteau-montana-raquel-fez02.jpg 1138w\" sizes=\"auto, (max-width: 728px) 100vw, 728px\" \/><\/div><\/figure>\n\n\n<style>.kb-image76767_7dcbc7-1f .kb-image-has-overlay:after{opacity:0.3;}<\/style>\n<figure class=\"wp-block-kadence-image kb-image76767_7dcbc7-1f size-full kb-image-is-ratio-size\"><div class=\"kb-is-ratio-image kb-image-ratio-land169\"><img loading=\"lazy\" decoding=\"async\" width=\"640\" height=\"360\" src=\"https:\/\/paule-vasseur.com\/wp-content\/uploads\/2025\/09\/paule-vasseur-tenue-de-ceremonie-1.jpg\" alt=\"\" class=\"kb-img wp-image-76771\" srcset=\"https:\/\/paule-vasseur.com\/wp-content\/uploads\/2025\/09\/paule-vasseur-tenue-de-ceremonie-1.jpg 640w, https:\/\/paule-vasseur.com\/wp-content\/uploads\/2025\/09\/paule-vasseur-tenue-de-ceremonie-1-500x281.jpg 500w\" sizes=\"auto, (max-width: 640px) 100vw, 640px\" \/><\/div><\/figure>\n\n\n\n<h2 class=\"wp-block-heading\">Optate per un servizio personalizzato e di alta gamma<\/h2>\n\n\n\n<p>I nostri consulenti di vendita offrono un servizio personalizzato per rispondere a tutte le vostre domande: quali pochette coordinare? Quali scarpe e cappelli? Pivoine o Aqua da abbinare ai vostri abiti da cerimonia? Offriamo un servizio di qualit\u00e0 per accompagnarvi prima di ogni vostro evento: Battesimi, matrimoni, cocktail party.\u00a0<\/p>\n\n\n<style>.kb-image76767_195338-55 .kb-image-has-overlay:after{opacity:0.3;}<\/style>\n<figure class=\"wp-block-kadence-image kb-image76767_195338-55 size-large kb-image-is-ratio-size\"><div class=\"kb-is-ratio-image kb-image-ratio-square\"><img loading=\"lazy\" decoding=\"async\" width=\"1024\" height=\"838\" src=\"https:\/\/paule-vasseur.com\/wp-content\/uploads\/2025\/09\/pivoine-e23-theme-cortina-chemise-lumio-copra-fez-ivoire-03-1024x838.jpg\" alt=\"\" class=\"kb-img wp-image-76775\" srcset=\"https:\/\/paule-vasseur.com\/wp-content\/uploads\/2025\/09\/pivoine-e23-theme-cortina-chemise-lumio-copra-fez-ivoire-03-1024x838.jpg 1024w, https:\/\/paule-vasseur.com\/wp-content\/uploads\/2025\/09\/pivoine-e23-theme-cortina-chemise-lumio-copra-fez-ivoire-03-500x409.jpg 500w, https:\/\/paule-vasseur.com\/wp-content\/uploads\/2025\/09\/pivoine-e23-theme-cortina-chemise-lumio-copra-fez-ivoire-03-768x628.jpg 768w, https:\/\/paule-vasseur.com\/wp-content\/uploads\/2025\/09\/pivoine-e23-theme-cortina-chemise-lumio-copra-fez-ivoire-03-650x532.jpg 650w, https:\/\/paule-vasseur.com\/wp-content\/uploads\/2025\/09\/pivoine-e23-theme-cortina-chemise-lumio-copra-fez-ivoire-03.jpg 1200w\" sizes=\"auto, (max-width: 1024px) 100vw, 1024px\" \/><\/div><\/figure>\n<\/div><\/div>\n\n\n<style>.kadence-column76767_319d4a-f7 > .kt-inside-inner-col,.kadence-column76767_319d4a-f7 > .kt-inside-inner-col:before{border-top-left-radius:0px;border-top-right-radius:0px;border-bottom-right-radius:0px;border-bottom-left-radius:0px;}.kadence-column76767_319d4a-f7 > .kt-inside-inner-col{column-gap:var(--global-kb-gap-sm, 1rem);}.kadence-column76767_319d4a-f7 > .kt-inside-inner-col{flex-direction:column;}.kadence-column76767_319d4a-f7 > .kt-inside-inner-col > .aligncenter{width:100%;}.kadence-column76767_319d4a-f7 > .kt-inside-inner-col:before{opacity:0.3;}.kadence-column76767_319d4a-f7{position:relative;}@media all and (max-width: 1024px){.kadence-column76767_319d4a-f7 > .kt-inside-inner-col{flex-direction:column;justify-content:center;}}@media all and (max-width: 767px){.kadence-column76767_319d4a-f7 > .kt-inside-inner-col{flex-direction:column;justify-content:center;}}<\/style>\n<div class=\"wp-block-kadence-column kadence-column76767_319d4a-f7\"><div class=\"kt-inside-inner-col\"><style>.kb-image76767_bf66a5-5b .kb-image-has-overlay:after{opacity:0.3;}<\/style>\n<figure class=\"wp-block-kadence-image kb-image76767_bf66a5-5b size-full kb-image-is-ratio-size\"><div class=\"kb-is-ratio-image kb-image-ratio-port23\"><img loading=\"lazy\" decoding=\"async\" width=\"975\" height=\"1600\" src=\"https:\/\/paule-vasseur.com\/wp-content\/uploads\/2025\/09\/aqua-e23-theme-akola-jupe-medina-bustier-fiona06.jpg\" alt=\"\" class=\"kb-img wp-image-76769\" srcset=\"https:\/\/paule-vasseur.com\/wp-content\/uploads\/2025\/09\/aqua-e23-theme-akola-jupe-medina-bustier-fiona06.jpg 975w, https:\/\/paule-vasseur.com\/wp-content\/uploads\/2025\/09\/aqua-e23-theme-akola-jupe-medina-bustier-fiona06-305x500.jpg 305w, https:\/\/paule-vasseur.com\/wp-content\/uploads\/2025\/09\/aqua-e23-theme-akola-jupe-medina-bustier-fiona06-624x1024.jpg 624w, https:\/\/paule-vasseur.com\/wp-content\/uploads\/2025\/09\/aqua-e23-theme-akola-jupe-medina-bustier-fiona06-768x1260.jpg 768w, https:\/\/paule-vasseur.com\/wp-content\/uploads\/2025\/09\/aqua-e23-theme-akola-jupe-medina-bustier-fiona06-936x1536.jpg 936w, https:\/\/paule-vasseur.com\/wp-content\/uploads\/2025\/09\/aqua-e23-theme-akola-jupe-medina-bustier-fiona06-500x821.jpg 500w, https:\/\/paule-vasseur.com\/wp-content\/uploads\/2025\/09\/aqua-e23-theme-akola-jupe-medina-bustier-fiona06-650x1067.jpg 650w\" sizes=\"auto, (max-width: 975px) 100vw, 975px\" \/><\/div><\/figure>\n\n\n\n<h2 class=\"wp-block-heading\">Scegliete abiti da cerimonia di grande effetto<\/h2>\n\n\n\n<p>Quest'anno combiniamo due colori scintillanti:<\/p>\n\n\n\n<p>- Rosa peonia: un colore vivido, forte e d'impatto, che ricorda il sorbetto al lampone e dona al look \u00abluce, colore ed energia\u00bb. Vibrante, femminile, perfetto per un total look o da coordinare con tonalit\u00e0 tenui per silhouette luminose e di tendenza.<\/p>\n\n\n\n<p>- verde acqua: un bellissimo verde acqua, un'acquamarina naturale.<\/p>\n\n\n\n<p>Adatta a tutte le carnagioni e a tutte le occasioni, dalle pi\u00f9 informali alle pi\u00f9 eleganti, questa tonalit\u00e0 che ricorda le acque cristalline \u00e8 perfetta per abiti, cappotti, gonne, pantaloni e splendidi abiti da sera.<\/p>\n\n\n<style>.kb-image76767_37681c-53 .kb-image-has-overlay:after{opacity:0.3;}<\/style>\n<figure class=\"wp-block-kadence-image kb-image76767_37681c-53 size-large kb-image-is-ratio-size\"><div class=\"kb-is-ratio-image kb-image-ratio-port23\"><img loading=\"lazy\" decoding=\"async\" width=\"929\" height=\"1024\" src=\"https:\/\/paule-vasseur.com\/wp-content\/uploads\/2025\/09\/pivoine-e23-theme-cortina-chemise-lumio-copra-fez-ivoire-08-929x1024.jpg\" alt=\"\" class=\"kb-img wp-image-76768\" srcset=\"https:\/\/paule-vasseur.com\/wp-content\/uploads\/2025\/09\/pivoine-e23-theme-cortina-chemise-lumio-copra-fez-ivoire-08-929x1024.jpg 929w, https:\/\/paule-vasseur.com\/wp-content\/uploads\/2025\/09\/pivoine-e23-theme-cortina-chemise-lumio-copra-fez-ivoire-08-454x500.jpg 454w, https:\/\/paule-vasseur.com\/wp-content\/uploads\/2025\/09\/pivoine-e23-theme-cortina-chemise-lumio-copra-fez-ivoire-08-768x847.jpg 768w, https:\/\/paule-vasseur.com\/wp-content\/uploads\/2025\/09\/pivoine-e23-theme-cortina-chemise-lumio-copra-fez-ivoire-08-500x551.jpg 500w, https:\/\/paule-vasseur.com\/wp-content\/uploads\/2025\/09\/pivoine-e23-theme-cortina-chemise-lumio-copra-fez-ivoire-08-650x717.jpg 650w, https:\/\/paule-vasseur.com\/wp-content\/uploads\/2025\/09\/pivoine-e23-theme-cortina-chemise-lumio-copra-fez-ivoire-08.jpg 1200w\" sizes=\"auto, (max-width: 929px) 100vw, 929px\" \/><\/div><\/figure>\n<\/div><\/div>\n\n<\/div><\/div>\n\n\n<p><\/p>","protected":false},"excerpt":{"rendered":"<p>Optez pour un service personnalis\u00e9 et haut de gamme Nos conseill\u00e8res de ventes vous offrent un service personnalis\u00e9 permettant de r\u00e9pondre \u00e0 toutes vos questions : quelles pochettes coordonn\u00e9es ? quelles chaussures et quels chapeaux ? Pivoine ou Aqua \u00e0 \u00a0coordonner \u00e0 vos robes habill\u00e9es?\u00a0Nous proposons un service de qualit\u00e9 \u00a0pour vous accompagner \u00a0avant chacun&#8230;<\/p>","protected":false},"author":1,"featured_media":0,"parent":0,"menu_order":0,"comment_status":"closed","ping_status":"closed","template":"","meta":{"_kadence_starter_templates_imported_post":false,"_kad_post_transparent":"","_kad_post_title":"","_kad_post_layout":"","_kad_post_sidebar_id":"","_kad_post_content_style":"","_kad_post_vertical_padding":"","_kad_post_feature":"","_kad_post_feature_position":"","_kad_post_header":false,"_kad_post_footer":false,"_kad_post_classname":"","footnotes":""},"folder":[4281],"class_list":["post-76767","page","type-page","status-publish","hentry"],"yoast_head":"<!-- This site is optimized with the Yoast SEO plugin v27.4 - https:\/\/yoast.com\/product\/yoast-seo-wordpress\/ -->\n<title>Collection de tenues de c\u00e9r\u00e9monie Aqua et Pivoine printemps \u00e9t\u00e9 2025 - PAULE VASSEUR<\/title>\n<meta name=\"description\" content=\"COLLECTION DE TENUES DE C\u00c9R\u00c9MONIE AQUA ET PIVOINE 2025 Paule Vasseur : le sp\u00e9cialiste des tailleurs habill\u00e9s, robes du soir pour les mariages, la m\u00e8re de la mari\u00e9e, c\u00e9r\u00e9monie religieuse, bar-mitzvah, communions, mariage civil, robe longue.\" \/>\n<meta name=\"robots\" content=\"index, follow, max-snippet:-1, max-image-preview:large, max-video-preview:-1\" \/>\n<link rel=\"canonical\" href=\"https:\/\/paule-vasseur.com\/it\/abito-da-cerimonia-rosa-htm\" \/>\n<meta property=\"og:locale\" content=\"it_IT\" \/>\n<meta property=\"og:type\" content=\"article\" \/>\n<meta property=\"og:title\" content=\"Collection de tenues de c\u00e9r\u00e9monie Aqua et Pivoine printemps \u00e9t\u00e9 2025 - PAULE VASSEUR\" \/>\n<meta property=\"og:description\" content=\"COLLECTION DE TENUES DE C\u00c9R\u00c9MONIE AQUA ET PIVOINE 2025 Paule Vasseur : le sp\u00e9cialiste des tailleurs habill\u00e9s, robes du soir pour les mariages, la m\u00e8re de la mari\u00e9e, c\u00e9r\u00e9monie religieuse, bar-mitzvah, communions, mariage civil, robe longue.\" \/>\n<meta property=\"og:url\" content=\"https:\/\/paule-vasseur.com\/it\/abito-da-cerimonia-rosa-htm\" \/>\n<meta property=\"og:site_name\" content=\"PAULE VASSEUR\" \/>\n<meta property=\"article:modified_time\" content=\"2025-09-30T14:20:46+00:00\" \/>\n<meta property=\"og:image\" content=\"https:\/\/paule-vasseur.com\/wp-content\/uploads\/2025\/09\/double_ligne-removebg-preview.png\" \/>\n\t<meta property=\"og:image:width\" content=\"1160\" \/>\n\t<meta property=\"og:image:height\" content=\"100\" \/>\n\t<meta property=\"og:image:type\" content=\"image\/png\" \/>\n<meta name=\"twitter:card\" content=\"summary_large_image\" \/>\n<meta name=\"twitter:label1\" content=\"Tempo di lettura stimato\" \/>\n\t<meta name=\"twitter:data1\" content=\"3 minuti\" \/>\n<script type=\"application\/ld+json\" class=\"yoast-schema-graph\">{\"@context\":\"https:\\\/\\\/schema.org\",\"@graph\":[{\"@type\":\"WebPage\",\"@id\":\"https:\\\/\\\/paule-vasseur.com\\\/it\\\/robe-de-ceremonie-rose.htm\",\"url\":\"https:\\\/\\\/paule-vasseur.com\\\/it\\\/robe-de-ceremonie-rose.htm\",\"name\":\"Collection de tenues de c\u00e9r\u00e9monie Aqua et Pivoine printemps \u00e9t\u00e9 2025 - PAULE VASSEUR\",\"isPartOf\":{\"@id\":\"https:\\\/\\\/paule-vasseur.com\\\/it\\\/#website\"},\"primaryImageOfPage\":{\"@id\":\"https:\\\/\\\/paule-vasseur.com\\\/it\\\/robe-de-ceremonie-rose.htm#primaryimage\"},\"image\":{\"@id\":\"https:\\\/\\\/paule-vasseur.com\\\/it\\\/robe-de-ceremonie-rose.htm#primaryimage\"},\"thumbnailUrl\":\"https:\\\/\\\/paule-vasseur.com\\\/wp-content\\\/uploads\\\/2025\\\/09\\\/double_ligne-removebg-preview.png\",\"datePublished\":\"2025-09-30T14:20:45+00:00\",\"dateModified\":\"2025-09-30T14:20:46+00:00\",\"description\":\"COLLECTION DE TENUES DE C\u00c9R\u00c9MONIE AQUA ET PIVOINE 2025 Paule Vasseur : le sp\u00e9cialiste des tailleurs habill\u00e9s, robes du soir pour les mariages, la m\u00e8re de la mari\u00e9e, c\u00e9r\u00e9monie religieuse, bar-mitzvah, communions, mariage civil, robe longue.\",\"breadcrumb\":{\"@id\":\"https:\\\/\\\/paule-vasseur.com\\\/it\\\/robe-de-ceremonie-rose.htm#breadcrumb\"},\"inLanguage\":\"it-IT\",\"potentialAction\":[{\"@type\":\"ReadAction\",\"target\":[\"https:\\\/\\\/paule-vasseur.com\\\/it\\\/robe-de-ceremonie-rose.htm\"]}]},{\"@type\":\"ImageObject\",\"inLanguage\":\"it-IT\",\"@id\":\"https:\\\/\\\/paule-vasseur.com\\\/it\\\/robe-de-ceremonie-rose.htm#primaryimage\",\"url\":\"https:\\\/\\\/paule-vasseur.com\\\/wp-content\\\/uploads\\\/2025\\\/09\\\/double_ligne-removebg-preview.png\",\"contentUrl\":\"https:\\\/\\\/paule-vasseur.com\\\/wp-content\\\/uploads\\\/2025\\\/09\\\/double_ligne-removebg-preview.png\"},{\"@type\":\"BreadcrumbList\",\"@id\":\"https:\\\/\\\/paule-vasseur.com\\\/it\\\/robe-de-ceremonie-rose.htm#breadcrumb\",\"itemListElement\":[{\"@type\":\"ListItem\",\"position\":1,\"name\":\"Accueil\",\"item\":\"https:\\\/\\\/paule-vasseur.com\\\/\"},{\"@type\":\"ListItem\",\"position\":2,\"name\":\"Collection de tenues de c\u00e9r\u00e9monie Aqua et Pivoine printemps \u00e9t\u00e9 2025\"}]},{\"@type\":\"WebSite\",\"@id\":\"https:\\\/\\\/paule-vasseur.com\\\/it\\\/#website\",\"url\":\"https:\\\/\\\/paule-vasseur.com\\\/it\\\/\",\"name\":\"RIDEAUX COUTURE\",\"description\":\"\",\"publisher\":{\"@id\":\"https:\\\/\\\/paule-vasseur.com\\\/it\\\/#organization\"},\"potentialAction\":[{\"@type\":\"SearchAction\",\"target\":{\"@type\":\"EntryPoint\",\"urlTemplate\":\"https:\\\/\\\/paule-vasseur.com\\\/it\\\/?s={search_term_string}\"},\"query-input\":{\"@type\":\"PropertyValueSpecification\",\"valueRequired\":true,\"valueName\":\"search_term_string\"}}],\"inLanguage\":\"it-IT\"},{\"@type\":\"Organization\",\"@id\":\"https:\\\/\\\/paule-vasseur.com\\\/it\\\/#organization\",\"name\":\"RIDEAUX COUTURE\",\"url\":\"https:\\\/\\\/paule-vasseur.com\\\/it\\\/\",\"logo\":{\"@type\":\"ImageObject\",\"inLanguage\":\"it-IT\",\"@id\":\"https:\\\/\\\/paule-vasseur.com\\\/it\\\/#\\\/schema\\\/logo\\\/image\\\/\",\"url\":\"https:\\\/\\\/paule-vasseur.com\\\/wp-content\\\/uploads\\\/2025\\\/09\\\/cropped-cropped-logonew2018-2.webp\",\"contentUrl\":\"https:\\\/\\\/paule-vasseur.com\\\/wp-content\\\/uploads\\\/2025\\\/09\\\/cropped-cropped-logonew2018-2.webp\",\"width\":166,\"height\":110,\"caption\":\"RIDEAUX COUTURE\"},\"image\":{\"@id\":\"https:\\\/\\\/paule-vasseur.com\\\/it\\\/#\\\/schema\\\/logo\\\/image\\\/\"}}]}<\/script>\n<!-- \/ Yoast SEO plugin. -->","yoast_head_json":{"title":"Collezione di abiti da cerimonia Aqua e Pivoine Primavera Estate 2025 - PAULE VASSEUR","description":"COLLEZIONE DI ABITI DA CERIMONIA IN ACQUA E PIVOINO 2025 Paule Vasseur: lo specialista di abiti da cerimonia, abiti da sera per matrimoni, madri della sposa, cerimonie religiose, bar mitzvah, comunioni, matrimoni civili, abiti lunghi.","robots":{"index":"index","follow":"follow","max-snippet":"max-snippet:-1","max-image-preview":"max-image-preview:large","max-video-preview":"max-video-preview:-1"},"canonical":"https:\/\/paule-vasseur.com\/it\/abito-da-cerimonia-rosa-htm","og_locale":"it_IT","og_type":"article","og_title":"Collection de tenues de c\u00e9r\u00e9monie Aqua et Pivoine printemps \u00e9t\u00e9 2025 - PAULE VASSEUR","og_description":"COLLECTION DE TENUES DE C\u00c9R\u00c9MONIE AQUA ET PIVOINE 2025 Paule Vasseur : le sp\u00e9cialiste des tailleurs habill\u00e9s, robes du soir pour les mariages, la m\u00e8re de la mari\u00e9e, c\u00e9r\u00e9monie religieuse, bar-mitzvah, communions, mariage civil, robe longue.","og_url":"https:\/\/paule-vasseur.com\/it\/abito-da-cerimonia-rosa-htm","og_site_name":"PAULE VASSEUR","article_modified_time":"2025-09-30T14:20:46+00:00","og_image":[{"width":1160,"height":100,"url":"https:\/\/paule-vasseur.com\/wp-content\/uploads\/2025\/09\/double_ligne-removebg-preview.png","type":"image\/png"}],"twitter_card":"summary_large_image","twitter_misc":{"Tempo di lettura stimato":"3 minuti"},"schema":{"@context":"https:\/\/schema.org","@graph":[{"@type":"WebPage","@id":"https:\/\/paule-vasseur.com\/it\/robe-de-ceremonie-rose.htm","url":"https:\/\/paule-vasseur.com\/it\/robe-de-ceremonie-rose.htm","name":"Collezione di abiti da cerimonia Aqua e Pivoine Primavera Estate 2025 - PAULE VASSEUR","isPartOf":{"@id":"https:\/\/paule-vasseur.com\/it\/#website"},"primaryImageOfPage":{"@id":"https:\/\/paule-vasseur.com\/it\/robe-de-ceremonie-rose.htm#primaryimage"},"image":{"@id":"https:\/\/paule-vasseur.com\/it\/robe-de-ceremonie-rose.htm#primaryimage"},"thumbnailUrl":"https:\/\/paule-vasseur.com\/wp-content\/uploads\/2025\/09\/double_ligne-removebg-preview.png","datePublished":"2025-09-30T14:20:45+00:00","dateModified":"2025-09-30T14:20:46+00:00","description":"COLLEZIONE DI ABITI DA CERIMONIA IN ACQUA E PIVOINO 2025 Paule Vasseur: lo specialista di abiti da cerimonia, abiti da sera per matrimoni, madri della sposa, cerimonie religiose, bar mitzvah, comunioni, matrimoni civili, abiti lunghi.","breadcrumb":{"@id":"https:\/\/paule-vasseur.com\/it\/robe-de-ceremonie-rose.htm#breadcrumb"},"inLanguage":"it-IT","potentialAction":[{"@type":"ReadAction","target":["https:\/\/paule-vasseur.com\/it\/robe-de-ceremonie-rose.htm"]}]},{"@type":"ImageObject","inLanguage":"it-IT","@id":"https:\/\/paule-vasseur.com\/it\/robe-de-ceremonie-rose.htm#primaryimage","url":"https:\/\/paule-vasseur.com\/wp-content\/uploads\/2025\/09\/double_ligne-removebg-preview.png","contentUrl":"https:\/\/paule-vasseur.com\/wp-content\/uploads\/2025\/09\/double_ligne-removebg-preview.png"},{"@type":"BreadcrumbList","@id":"https:\/\/paule-vasseur.com\/it\/robe-de-ceremonie-rose.htm#breadcrumb","itemListElement":[{"@type":"ListItem","position":1,"name":"Accueil","item":"https:\/\/paule-vasseur.com\/"},{"@type":"ListItem","position":2,"name":"Collection de tenues de c\u00e9r\u00e9monie Aqua et Pivoine printemps \u00e9t\u00e9 2025"}]},{"@type":"WebSite","@id":"https:\/\/paule-vasseur.com\/it\/#website","url":"https:\/\/paule-vasseur.com\/it\/","name":"TENDAGGI CUCITI SU MISURA","description":"","publisher":{"@id":"https:\/\/paule-vasseur.com\/it\/#organization"},"potentialAction":[{"@type":"SearchAction","target":{"@type":"EntryPoint","urlTemplate":"https:\/\/paule-vasseur.com\/it\/?s={search_term_string}"},"query-input":{"@type":"PropertyValueSpecification","valueRequired":true,"valueName":"search_term_string"}}],"inLanguage":"it-IT"},{"@type":"Organization","@id":"https:\/\/paule-vasseur.com\/it\/#organization","name":"TENDAGGI CUCITI SU MISURA","url":"https:\/\/paule-vasseur.com\/it\/","logo":{"@type":"ImageObject","inLanguage":"it-IT","@id":"https:\/\/paule-vasseur.com\/it\/#\/schema\/logo\/image\/","url":"https:\/\/paule-vasseur.com\/wp-content\/uploads\/2025\/09\/cropped-cropped-logonew2018-2.webp","contentUrl":"https:\/\/paule-vasseur.com\/wp-content\/uploads\/2025\/09\/cropped-cropped-logonew2018-2.webp","width":166,"height":110,"caption":"RIDEAUX COUTURE"},"image":{"@id":"https:\/\/paule-vasseur.com\/it\/#\/schema\/logo\/image\/"}}]}},"_links":{"self":[{"href":"https:\/\/paule-vasseur.com\/it\/wp-json\/wp\/v2\/pages\/76767","targetHints":{"allow":["GET"]}}],"collection":[{"href":"https:\/\/paule-vasseur.com\/it\/wp-json\/wp\/v2\/pages"}],"about":[{"href":"https:\/\/paule-vasseur.com\/it\/wp-json\/wp\/v2\/types\/page"}],"author":[{"embeddable":true,"href":"https:\/\/paule-vasseur.com\/it\/wp-json\/wp\/v2\/users\/1"}],"replies":[{"embeddable":true,"href":"https:\/\/paule-vasseur.com\/it\/wp-json\/wp\/v2\/comments?post=76767"}],"version-history":[{"count":2,"href":"https:\/\/paule-vasseur.com\/it\/wp-json\/wp\/v2\/pages\/76767\/revisions"}],"predecessor-version":[{"id":76776,"href":"https:\/\/paule-vasseur.com\/it\/wp-json\/wp\/v2\/pages\/76767\/revisions\/76776"}],"wp:attachment":[{"href":"https:\/\/paule-vasseur.com\/it\/wp-json\/wp\/v2\/media?parent=76767"}],"wp:term":[{"taxonomy":"folder","embeddable":true,"href":"https:\/\/paule-vasseur.com\/it\/wp-json\/wp\/v2\/folder?post=76767"}],"curies":[{"name":"wp","href":"https:\/\/api.w.org\/{rel}","templated":true}]}}