{"id":76816,"date":"2025-09-30T16:38:26","date_gmt":"2025-09-30T14:38:26","guid":{"rendered":"https:\/\/paule-vasseur.com\/?page_id=76816"},"modified":"2025-09-30T17:16:15","modified_gmt":"2025-09-30T15:16:15","slug":"tenue-ceremonie-chic-ile-de-france","status":"publish","type":"page","link":"https:\/\/paule-vasseur.com\/it\/tenue-ceremonie-chic-ile-de-france.htm","title":{"rendered":"Collection de tenues de c\u00e9r\u00e9monie bleu majorelle printemps \u00e9t\u00e9 2025"},"content":{"rendered":"<div class=\"wp-block-image\">\n<figure class=\"aligncenter size-full is-resized\"><img loading=\"lazy\" decoding=\"async\" width=\"1160\" height=\"100\" src=\"https:\/\/paule-vasseur.com\/wp-content\/uploads\/2025\/09\/double_ligne-removebg-preview.png\" alt=\"\" class=\"wp-image-69230\" style=\"width:414px;height:auto\" srcset=\"https:\/\/paule-vasseur.com\/wp-content\/uploads\/2025\/09\/double_ligne-removebg-preview.png 1160w, https:\/\/paule-vasseur.com\/wp-content\/uploads\/2025\/09\/double_ligne-removebg-preview-500x43.png 500w, https:\/\/paule-vasseur.com\/wp-content\/uploads\/2025\/09\/double_ligne-removebg-preview-1024x88.png 1024w, https:\/\/paule-vasseur.com\/wp-content\/uploads\/2025\/09\/double_ligne-removebg-preview-768x66.png 768w, https:\/\/paule-vasseur.com\/wp-content\/uploads\/2025\/09\/double_ligne-removebg-preview-650x56.png 650w\" sizes=\"auto, (max-width: 1160px) 100vw, 1160px\" \/><\/figure>\n<\/div>\n\n<style>.kb-row-layout-id76816_0918cf-e8 > .kt-row-column-wrap{align-content:start;}:where(.kb-row-layout-id76816_0918cf-e8 > .kt-row-column-wrap) > .wp-block-kadence-column{justify-content:start;}.kb-row-layout-id76816_0918cf-e8 > .kt-row-column-wrap{column-gap:var(--global-kb-gap-md, 2rem);row-gap:var(--global-kb-gap-md, 2rem);padding-top:var(--global-kb-spacing-sm, 1.5rem);padding-bottom:var(--global-kb-spacing-sm, 1.5rem);grid-template-columns:repeat(2, minmax(0, 1fr));}.kb-row-layout-id76816_0918cf-e8 > .kt-row-layout-overlay{opacity:0.30;}@media all and (max-width: 1024px){.kb-row-layout-id76816_0918cf-e8 > .kt-row-column-wrap{grid-template-columns:repeat(2, minmax(0, 1fr));}}@media all and (max-width: 767px){.kb-row-layout-id76816_0918cf-e8 > .kt-row-column-wrap{grid-template-columns:minmax(0, 1fr);}}<\/style><div class=\"kb-row-layout-wrap kb-row-layout-id76816_0918cf-e8 alignnone wp-block-kadence-rowlayout\"><div class=\"kt-row-column-wrap kt-has-2-columns kt-row-layout-equal kt-tab-layout-inherit kt-mobile-layout-row kt-row-valign-top\">\n<style>.kadence-column76816_e380e3-3b > .kt-inside-inner-col,.kadence-column76816_e380e3-3b > .kt-inside-inner-col:before{border-top-left-radius:0px;border-top-right-radius:0px;border-bottom-right-radius:0px;border-bottom-left-radius:0px;}.kadence-column76816_e380e3-3b > .kt-inside-inner-col{column-gap:var(--global-kb-gap-sm, 1rem);}.kadence-column76816_e380e3-3b > .kt-inside-inner-col{flex-direction:column;}.kadence-column76816_e380e3-3b > .kt-inside-inner-col > .aligncenter{width:100%;}.kadence-column76816_e380e3-3b > .kt-inside-inner-col:before{opacity:0.3;}.kadence-column76816_e380e3-3b{position:relative;}@media all and (max-width: 1024px){.kadence-column76816_e380e3-3b > .kt-inside-inner-col{flex-direction:column;justify-content:center;}}@media all and (max-width: 767px){.kadence-column76816_e380e3-3b > .kt-inside-inner-col{flex-direction:column;justify-content:center;}}<\/style>\n<div class=\"wp-block-kadence-column kadence-column76816_e380e3-3b\"><div class=\"kt-inside-inner-col\"><style>.kb-image76816_0fa244-be .kb-image-has-overlay:after{opacity:0.3;}<\/style>\n<figure class=\"wp-block-kadence-image kb-image76816_0fa244-be size-full kb-image-is-ratio-size\"><div class=\"kb-is-ratio-image kb-image-ratio-land169\"><img loading=\"lazy\" decoding=\"async\" width=\"1200\" height=\"800\" src=\"https:\/\/paule-vasseur.com\/wp-content\/uploads\/2025\/09\/paule-vasseur-tenue-de-ceremonie-16.jpg\" alt=\"\" class=\"kb-img wp-image-76823\" srcset=\"https:\/\/paule-vasseur.com\/wp-content\/uploads\/2025\/09\/paule-vasseur-tenue-de-ceremonie-16.jpg 1200w, https:\/\/paule-vasseur.com\/wp-content\/uploads\/2025\/09\/paule-vasseur-tenue-de-ceremonie-16-500x333.jpg 500w, https:\/\/paule-vasseur.com\/wp-content\/uploads\/2025\/09\/paule-vasseur-tenue-de-ceremonie-16-1024x683.jpg 1024w, https:\/\/paule-vasseur.com\/wp-content\/uploads\/2025\/09\/paule-vasseur-tenue-de-ceremonie-16-768x512.jpg 768w, https:\/\/paule-vasseur.com\/wp-content\/uploads\/2025\/09\/paule-vasseur-tenue-de-ceremonie-16-650x433.jpg 650w\" sizes=\"auto, (max-width: 1200px) 100vw, 1200px\" \/><\/div><\/figure>\n\n\n<style>.kb-image76816_3c33a1-af .kb-image-has-overlay:after{opacity:0.3;}<\/style>\n<figure class=\"wp-block-kadence-image kb-image76816_3c33a1-af size-full kb-image-is-ratio-size\"><div class=\"kb-is-ratio-image kb-image-ratio-port23\"><img loading=\"lazy\" decoding=\"async\" width=\"500\" height=\"749\" src=\"https:\/\/paule-vasseur.com\/wp-content\/uploads\/2025\/09\/bleumajorelle-e23-theme-khan-therese-pantalon-zut-fez-jade03.jpg\" alt=\"\" class=\"kb-img wp-image-76818\" srcset=\"https:\/\/paule-vasseur.com\/wp-content\/uploads\/2025\/09\/bleumajorelle-e23-theme-khan-therese-pantalon-zut-fez-jade03.jpg 500w, https:\/\/paule-vasseur.com\/wp-content\/uploads\/2025\/09\/bleumajorelle-e23-theme-khan-therese-pantalon-zut-fez-jade03-334x500.jpg 334w\" sizes=\"auto, (max-width: 500px) 100vw, 500px\" \/><\/div><\/figure>\n\n\n<style>.kb-image76816_0ac8e3-c9 .kb-image-has-overlay:after{opacity:0.3;}<\/style>\n<figure class=\"wp-block-kadence-image kb-image76816_0ac8e3-c9 size-full kb-image-is-ratio-size\"><div class=\"kb-is-ratio-image kb-image-ratio-land169\"><img loading=\"lazy\" decoding=\"async\" width=\"1200\" height=\"1093\" src=\"https:\/\/paule-vasseur.com\/wp-content\/uploads\/2025\/09\/bleumajorelle-e23-theme-khan-montana-robe-marine-fez01.jpg\" alt=\"\" class=\"kb-img wp-image-76817\" srcset=\"https:\/\/paule-vasseur.com\/wp-content\/uploads\/2025\/09\/bleumajorelle-e23-theme-khan-montana-robe-marine-fez01.jpg 1200w, https:\/\/paule-vasseur.com\/wp-content\/uploads\/2025\/09\/bleumajorelle-e23-theme-khan-montana-robe-marine-fez01-500x455.jpg 500w, https:\/\/paule-vasseur.com\/wp-content\/uploads\/2025\/09\/bleumajorelle-e23-theme-khan-montana-robe-marine-fez01-1024x933.jpg 1024w, https:\/\/paule-vasseur.com\/wp-content\/uploads\/2025\/09\/bleumajorelle-e23-theme-khan-montana-robe-marine-fez01-768x700.jpg 768w, https:\/\/paule-vasseur.com\/wp-content\/uploads\/2025\/09\/bleumajorelle-e23-theme-khan-montana-robe-marine-fez01-650x592.jpg 650w\" sizes=\"auto, (max-width: 1200px) 100vw, 1200px\" \/><\/div><\/figure>\n\n\n<style>.kb-image76816_14e2fb-10 .kb-image-has-overlay:after{opacity:0.3;}<\/style>\n<figure class=\"wp-block-kadence-image kb-image76816_14e2fb-10 size-large kb-image-is-ratio-size\"><div class=\"kb-is-ratio-image kb-image-ratio-land43\"><img loading=\"lazy\" decoding=\"async\" width=\"1024\" height=\"683\" src=\"https:\/\/paule-vasseur.com\/wp-content\/uploads\/2025\/09\/paule-vasseur-tenue-de-ceremonie-12-1024x683.jpg\" alt=\"\" class=\"kb-img wp-image-76822\" srcset=\"https:\/\/paule-vasseur.com\/wp-content\/uploads\/2025\/09\/paule-vasseur-tenue-de-ceremonie-12-1024x683.jpg 1024w, https:\/\/paule-vasseur.com\/wp-content\/uploads\/2025\/09\/paule-vasseur-tenue-de-ceremonie-12-500x333.jpg 500w, https:\/\/paule-vasseur.com\/wp-content\/uploads\/2025\/09\/paule-vasseur-tenue-de-ceremonie-12-768x512.jpg 768w, https:\/\/paule-vasseur.com\/wp-content\/uploads\/2025\/09\/paule-vasseur-tenue-de-ceremonie-12-650x433.jpg 650w, https:\/\/paule-vasseur.com\/wp-content\/uploads\/2025\/09\/paule-vasseur-tenue-de-ceremonie-12.jpg 1200w\" sizes=\"auto, (max-width: 1024px) 100vw, 1024px\" \/><\/div><\/figure>\n\n\n<style>.kb-image76816_2d112e-1c .kb-image-has-overlay:after{opacity:0.3;}<\/style>\n<figure class=\"wp-block-kadence-image kb-image76816_2d112e-1c size-large kb-image-is-ratio-size\"><div class=\"kb-is-ratio-image kb-image-ratio-port23\"><img loading=\"lazy\" decoding=\"async\" width=\"1024\" height=\"998\" src=\"https:\/\/paule-vasseur.com\/wp-content\/uploads\/2025\/09\/bleumajorelle-e23-theme-khan-therese-robe-marine-menthe-02-1024x998.jpg\" alt=\"\" class=\"kb-img wp-image-76820\" srcset=\"https:\/\/paule-vasseur.com\/wp-content\/uploads\/2025\/09\/bleumajorelle-e23-theme-khan-therese-robe-marine-menthe-02-1024x998.jpg 1024w, https:\/\/paule-vasseur.com\/wp-content\/uploads\/2025\/09\/bleumajorelle-e23-theme-khan-therese-robe-marine-menthe-02-500x488.jpg 500w, https:\/\/paule-vasseur.com\/wp-content\/uploads\/2025\/09\/bleumajorelle-e23-theme-khan-therese-robe-marine-menthe-02-768x749.jpg 768w, https:\/\/paule-vasseur.com\/wp-content\/uploads\/2025\/09\/bleumajorelle-e23-theme-khan-therese-robe-marine-menthe-02-650x634.jpg 650w, https:\/\/paule-vasseur.com\/wp-content\/uploads\/2025\/09\/bleumajorelle-e23-theme-khan-therese-robe-marine-menthe-02-50x50.jpg 50w, https:\/\/paule-vasseur.com\/wp-content\/uploads\/2025\/09\/bleumajorelle-e23-theme-khan-therese-robe-marine-menthe-02-32x32.jpg 32w, https:\/\/paule-vasseur.com\/wp-content\/uploads\/2025\/09\/bleumajorelle-e23-theme-khan-therese-robe-marine-menthe-02.jpg 1200w\" sizes=\"auto, (max-width: 1024px) 100vw, 1024px\" \/><\/div><\/figure>\n<\/div><\/div>\n\n\n<style>.kadence-column76816_18546a-62 > .kt-inside-inner-col,.kadence-column76816_18546a-62 > .kt-inside-inner-col:before{border-top-left-radius:0px;border-top-right-radius:0px;border-bottom-right-radius:0px;border-bottom-left-radius:0px;}.kadence-column76816_18546a-62 > .kt-inside-inner-col{column-gap:var(--global-kb-gap-sm, 1rem);}.kadence-column76816_18546a-62 > .kt-inside-inner-col{flex-direction:column;}.kadence-column76816_18546a-62 > .kt-inside-inner-col > .aligncenter{width:100%;}.kadence-column76816_18546a-62 > .kt-inside-inner-col:before{opacity:0.3;}.kadence-column76816_18546a-62{position:relative;}@media all and (max-width: 1024px){.kadence-column76816_18546a-62 > .kt-inside-inner-col{flex-direction:column;justify-content:center;}}@media all and (max-width: 767px){.kadence-column76816_18546a-62 > .kt-inside-inner-col{flex-direction:column;justify-content:center;}}<\/style>\n<div class=\"wp-block-kadence-column kadence-column76816_18546a-62\"><div class=\"kt-inside-inner-col\"><style>.kb-image76816_c0166f-67 .kb-image-has-overlay:after{opacity:0.3;}<\/style>\n<figure class=\"wp-block-kadence-image kb-image76816_c0166f-67 size-full kb-image-is-ratio-size\"><div class=\"kb-is-ratio-image kb-image-ratio-port23\"><img loading=\"lazy\" decoding=\"async\" width=\"1066\" height=\"1600\" src=\"https:\/\/paule-vasseur.com\/wp-content\/uploads\/2025\/09\/pv2023-robe-marine-fez-445-bleu-majorelle-01-zoom-1.jpg\" alt=\"\" class=\"kb-img wp-image-76824\" srcset=\"https:\/\/paule-vasseur.com\/wp-content\/uploads\/2025\/09\/pv2023-robe-marine-fez-445-bleu-majorelle-01-zoom-1.jpg 1066w, https:\/\/paule-vasseur.com\/wp-content\/uploads\/2025\/09\/pv2023-robe-marine-fez-445-bleu-majorelle-01-zoom-1-333x500.jpg 333w, https:\/\/paule-vasseur.com\/wp-content\/uploads\/2025\/09\/pv2023-robe-marine-fez-445-bleu-majorelle-01-zoom-1-682x1024.jpg 682w, https:\/\/paule-vasseur.com\/wp-content\/uploads\/2025\/09\/pv2023-robe-marine-fez-445-bleu-majorelle-01-zoom-1-768x1153.jpg 768w, https:\/\/paule-vasseur.com\/wp-content\/uploads\/2025\/09\/pv2023-robe-marine-fez-445-bleu-majorelle-01-zoom-1-1023x1536.jpg 1023w, https:\/\/paule-vasseur.com\/wp-content\/uploads\/2025\/09\/pv2023-robe-marine-fez-445-bleu-majorelle-01-zoom-1-500x750.jpg 500w, https:\/\/paule-vasseur.com\/wp-content\/uploads\/2025\/09\/pv2023-robe-marine-fez-445-bleu-majorelle-01-zoom-1-650x976.jpg 650w\" sizes=\"auto, (max-width: 1066px) 100vw, 1066px\" \/><\/div><\/figure>\n\n\n\n<h2 class=\"wp-block-heading\">Optez pour une tenue de c\u00e9r\u00e9monie bleu iconique<\/h2>\n\n\n\n<p>C\u2019est au Maroc que le peintre Jacques Majorelle va cr\u00e9er ce bleu fantaisiste. Il l\u2019utilise pour son atelier et ses jardins, c\u00e9l\u00e8bres aujourd\u2019hui sous le nom de Jardin Majorelle.<br>Ce bleu outremer, \u00e0 la fois profond et vif, franc et lumineux, peut se confondre avec le bleu Klein ou le bleu Guimet.<\/p>\n\n\n\n<p>Mix and match parfait d\u2019un imprim\u00e9 graphique et d&rsquo;un uni bleu lagon ou bleu Majorelle qui dynamise votre silhouette. Ces couleurs d&rsquo;atolls, plein \u00e9t\u00e9, touches indispensables pour vous mettre en valeur lors de ces journ\u00e9es uniques. Les bleus mettent en valeur nos teints, blondes, rousses ou brunes.<\/p>\n\n\n\n<p>Cette tendance \u00abmer du sud \u00bb s\u2019adapte parfaitement aux petites robes soyeuses en soie et dentelle. Ces tenues rivalisent de f\u00e9minit\u00e9 et les diff\u00e9rentes formes de ce th\u00e8me seront adapt\u00e9es \u00e0 chacune de vos morphologies.<\/p>\n\n\n<style>.kb-image76816_78df38-96 .kb-image-has-overlay:after{opacity:0.3;}<\/style>\n<figure class=\"wp-block-kadence-image kb-image76816_78df38-96 size-full kb-image-is-ratio-size\"><div class=\"kb-is-ratio-image kb-image-ratio-port23\"><img loading=\"lazy\" decoding=\"async\" width=\"500\" height=\"785\" src=\"https:\/\/paule-vasseur.com\/wp-content\/uploads\/2025\/09\/bleumajorelle-e23-theme-khan-therese-robe-marine-menthe-03.jpg\" alt=\"\" class=\"kb-img wp-image-76821\" srcset=\"https:\/\/paule-vasseur.com\/wp-content\/uploads\/2025\/09\/bleumajorelle-e23-theme-khan-therese-robe-marine-menthe-03.jpg 500w, https:\/\/paule-vasseur.com\/wp-content\/uploads\/2025\/09\/bleumajorelle-e23-theme-khan-therese-robe-marine-menthe-03-318x500.jpg 318w\" sizes=\"auto, (max-width: 500px) 100vw, 500px\" \/><\/div><\/figure>\n\n\n<style>.kb-image76816_078958-dc .kb-image-has-overlay:after{opacity:0.3;}<\/style>\n<figure class=\"wp-block-kadence-image kb-image76816_078958-dc size-full kb-image-is-ratio-size\"><div class=\"kb-is-ratio-image kb-image-ratio-land43\"><img loading=\"lazy\" decoding=\"async\" width=\"500\" height=\"408\" src=\"https:\/\/paule-vasseur.com\/wp-content\/uploads\/2025\/09\/bleumajorelle-e23-theme-khan-therese-pantalon-zut-fez-jade07.jpg\" alt=\"\" class=\"kb-img wp-image-76819\"\/><\/div><\/figure>\n\n\n\n<h2 class=\"wp-block-heading\">Sublimez votre morphologie avec une pi\u00e8ce Paule Vasseur<\/h2>\n\n\n\n<p>Des jolis d\u00e9tails de robes fronc\u00e9es, des encolures seyantes, une coupe parfaite pour chacun de nos mod\u00e8les.\u00a0Dans nos diff\u00e9rentes collections : Robe 3 trous, robe bustier, tailleur, unis ou imprim\u00e9s, dentelles ou sequin, nous serons l\u00e0 pour vous aider dans votre choix.<br>Fabrication dans nos ateliers de qualit\u00e9, nous assurons un service retouches qui vous permettra d\u2019\u00eatre une maman ou une belle maman parfaite pour le grand jour !<\/p>\n<\/div><\/div>\n\n<\/div><\/div>\n\n\n<p><\/p>","protected":false},"excerpt":{"rendered":"<p>Optez pour une tenue de c\u00e9r\u00e9monie bleu iconique C\u2019est au Maroc que le peintre Jacques Majorelle va cr\u00e9er ce bleu fantaisiste. Il l\u2019utilise pour son atelier et ses jardins, c\u00e9l\u00e8bres aujourd\u2019hui sous le nom de Jardin Majorelle.Ce bleu outremer, \u00e0 la fois profond et vif, franc et lumineux, peut se confondre avec le bleu Klein&#8230;<\/p>","protected":false},"author":1,"featured_media":0,"parent":0,"menu_order":0,"comment_status":"closed","ping_status":"closed","template":"","meta":{"_kadence_starter_templates_imported_post":false,"_kad_post_transparent":"","_kad_post_title":"","_kad_post_layout":"","_kad_post_sidebar_id":"","_kad_post_content_style":"","_kad_post_vertical_padding":"","_kad_post_feature":"","_kad_post_feature_position":"","_kad_post_header":false,"_kad_post_footer":false,"_kad_post_classname":"","footnotes":""},"folder":[4281],"class_list":["post-76816","page","type-page","status-publish","hentry"],"yoast_head":"<!-- This site is optimized with the Yoast SEO plugin v27.3 - https:\/\/yoast.com\/product\/yoast-seo-wordpress\/ -->\n<title>Collection de tenues de c\u00e9r\u00e9monie bleu majorelle printemps \u00e9t\u00e9 2025 - PAULE VASSEUR<\/title>\n<meta name=\"robots\" content=\"index, follow, max-snippet:-1, max-image-preview:large, max-video-preview:-1\" \/>\n<link rel=\"canonical\" href=\"https:\/\/paule-vasseur.com\/it\/tenue-ceremonie-chic-ile-de-france.htm\" \/>\n<meta property=\"og:locale\" content=\"it_IT\" \/>\n<meta property=\"og:type\" content=\"article\" \/>\n<meta property=\"og:title\" content=\"Collection de tenues de c\u00e9r\u00e9monie bleu majorelle printemps \u00e9t\u00e9 2025 - PAULE VASSEUR\" \/>\n<meta property=\"og:description\" content=\"Optez pour une tenue de c\u00e9r\u00e9monie bleu iconique C\u2019est au Maroc que le peintre Jacques Majorelle va cr\u00e9er ce bleu fantaisiste. Il l\u2019utilise pour son atelier et ses jardins, c\u00e9l\u00e8bres aujourd\u2019hui sous le nom de Jardin Majorelle.Ce bleu outremer, \u00e0 la fois profond et vif, franc et lumineux, peut se confondre avec le bleu Klein...\" \/>\n<meta property=\"og:url\" content=\"https:\/\/paule-vasseur.com\/it\/tenue-ceremonie-chic-ile-de-france.htm\" \/>\n<meta property=\"og:site_name\" content=\"PAULE VASSEUR\" \/>\n<meta property=\"article:modified_time\" content=\"2025-09-30T15:16:15+00:00\" \/>\n<meta property=\"og:image\" content=\"https:\/\/paule-vasseur.com\/wp-content\/uploads\/2025\/09\/double_ligne-removebg-preview.png\" \/>\n\t<meta property=\"og:image:width\" content=\"1160\" \/>\n\t<meta property=\"og:image:height\" content=\"100\" \/>\n\t<meta property=\"og:image:type\" content=\"image\/png\" \/>\n<meta name=\"twitter:card\" content=\"summary_large_image\" \/>\n<meta name=\"twitter:label1\" content=\"Tempo di lettura stimato\" \/>\n\t<meta name=\"twitter:data1\" content=\"3 minuti\" \/>\n<script type=\"application\/ld+json\" class=\"yoast-schema-graph\">{\"@context\":\"https:\\\/\\\/schema.org\",\"@graph\":[{\"@type\":\"WebPage\",\"@id\":\"https:\\\/\\\/paule-vasseur.com\\\/it\\\/tenue-ceremonie-chic-ile-de-france.htm\",\"url\":\"https:\\\/\\\/paule-vasseur.com\\\/it\\\/tenue-ceremonie-chic-ile-de-france.htm\",\"name\":\"Collection de tenues de c\u00e9r\u00e9monie bleu majorelle printemps \u00e9t\u00e9 2025 - PAULE VASSEUR\",\"isPartOf\":{\"@id\":\"https:\\\/\\\/paule-vasseur.com\\\/it\\\/#website\"},\"primaryImageOfPage\":{\"@id\":\"https:\\\/\\\/paule-vasseur.com\\\/it\\\/tenue-ceremonie-chic-ile-de-france.htm#primaryimage\"},\"image\":{\"@id\":\"https:\\\/\\\/paule-vasseur.com\\\/it\\\/tenue-ceremonie-chic-ile-de-france.htm#primaryimage\"},\"thumbnailUrl\":\"https:\\\/\\\/paule-vasseur.com\\\/wp-content\\\/uploads\\\/2025\\\/09\\\/double_ligne-removebg-preview.png\",\"datePublished\":\"2025-09-30T14:38:26+00:00\",\"dateModified\":\"2025-09-30T15:16:15+00:00\",\"breadcrumb\":{\"@id\":\"https:\\\/\\\/paule-vasseur.com\\\/it\\\/tenue-ceremonie-chic-ile-de-france.htm#breadcrumb\"},\"inLanguage\":\"it-IT\",\"potentialAction\":[{\"@type\":\"ReadAction\",\"target\":[\"https:\\\/\\\/paule-vasseur.com\\\/it\\\/tenue-ceremonie-chic-ile-de-france.htm\"]}]},{\"@type\":\"ImageObject\",\"inLanguage\":\"it-IT\",\"@id\":\"https:\\\/\\\/paule-vasseur.com\\\/it\\\/tenue-ceremonie-chic-ile-de-france.htm#primaryimage\",\"url\":\"https:\\\/\\\/paule-vasseur.com\\\/wp-content\\\/uploads\\\/2025\\\/09\\\/double_ligne-removebg-preview.png\",\"contentUrl\":\"https:\\\/\\\/paule-vasseur.com\\\/wp-content\\\/uploads\\\/2025\\\/09\\\/double_ligne-removebg-preview.png\"},{\"@type\":\"BreadcrumbList\",\"@id\":\"https:\\\/\\\/paule-vasseur.com\\\/it\\\/tenue-ceremonie-chic-ile-de-france.htm#breadcrumb\",\"itemListElement\":[{\"@type\":\"ListItem\",\"position\":1,\"name\":\"Accueil\",\"item\":\"https:\\\/\\\/paule-vasseur.com\\\/\"},{\"@type\":\"ListItem\",\"position\":2,\"name\":\"Collection de tenues de c\u00e9r\u00e9monie bleu majorelle printemps \u00e9t\u00e9 2025\"}]},{\"@type\":\"WebSite\",\"@id\":\"https:\\\/\\\/paule-vasseur.com\\\/it\\\/#website\",\"url\":\"https:\\\/\\\/paule-vasseur.com\\\/it\\\/\",\"name\":\"RIDEAUX COUTURE\",\"description\":\"\",\"publisher\":{\"@id\":\"https:\\\/\\\/paule-vasseur.com\\\/it\\\/#organization\"},\"potentialAction\":[{\"@type\":\"SearchAction\",\"target\":{\"@type\":\"EntryPoint\",\"urlTemplate\":\"https:\\\/\\\/paule-vasseur.com\\\/it\\\/?s={search_term_string}\"},\"query-input\":{\"@type\":\"PropertyValueSpecification\",\"valueRequired\":true,\"valueName\":\"search_term_string\"}}],\"inLanguage\":\"it-IT\"},{\"@type\":\"Organization\",\"@id\":\"https:\\\/\\\/paule-vasseur.com\\\/it\\\/#organization\",\"name\":\"RIDEAUX COUTURE\",\"url\":\"https:\\\/\\\/paule-vasseur.com\\\/it\\\/\",\"logo\":{\"@type\":\"ImageObject\",\"inLanguage\":\"it-IT\",\"@id\":\"https:\\\/\\\/paule-vasseur.com\\\/it\\\/#\\\/schema\\\/logo\\\/image\\\/\",\"url\":\"https:\\\/\\\/paule-vasseur.com\\\/wp-content\\\/uploads\\\/2025\\\/09\\\/cropped-cropped-logonew2018-2.webp\",\"contentUrl\":\"https:\\\/\\\/paule-vasseur.com\\\/wp-content\\\/uploads\\\/2025\\\/09\\\/cropped-cropped-logonew2018-2.webp\",\"width\":166,\"height\":110,\"caption\":\"RIDEAUX COUTURE\"},\"image\":{\"@id\":\"https:\\\/\\\/paule-vasseur.com\\\/it\\\/#\\\/schema\\\/logo\\\/image\\\/\"}}]}<\/script>\n<!-- \/ Yoast SEO plugin. -->","yoast_head_json":{"title":"Collection de tenues de c\u00e9r\u00e9monie bleu majorelle printemps \u00e9t\u00e9 2025 - PAULE VASSEUR","robots":{"index":"index","follow":"follow","max-snippet":"max-snippet:-1","max-image-preview":"max-image-preview:large","max-video-preview":"max-video-preview:-1"},"canonical":"https:\/\/paule-vasseur.com\/it\/tenue-ceremonie-chic-ile-de-france.htm","og_locale":"it_IT","og_type":"article","og_title":"Collection de tenues de c\u00e9r\u00e9monie bleu majorelle printemps \u00e9t\u00e9 2025 - PAULE VASSEUR","og_description":"Optez pour une tenue de c\u00e9r\u00e9monie bleu iconique C\u2019est au Maroc que le peintre Jacques Majorelle va cr\u00e9er ce bleu fantaisiste. Il l\u2019utilise pour son atelier et ses jardins, c\u00e9l\u00e8bres aujourd\u2019hui sous le nom de Jardin Majorelle.Ce bleu outremer, \u00e0 la fois profond et vif, franc et lumineux, peut se confondre avec le bleu Klein...","og_url":"https:\/\/paule-vasseur.com\/it\/tenue-ceremonie-chic-ile-de-france.htm","og_site_name":"PAULE VASSEUR","article_modified_time":"2025-09-30T15:16:15+00:00","og_image":[{"width":1160,"height":100,"url":"https:\/\/paule-vasseur.com\/wp-content\/uploads\/2025\/09\/double_ligne-removebg-preview.png","type":"image\/png"}],"twitter_card":"summary_large_image","twitter_misc":{"Tempo di lettura stimato":"3 minuti"},"schema":{"@context":"https:\/\/schema.org","@graph":[{"@type":"WebPage","@id":"https:\/\/paule-vasseur.com\/it\/tenue-ceremonie-chic-ile-de-france.htm","url":"https:\/\/paule-vasseur.com\/it\/tenue-ceremonie-chic-ile-de-france.htm","name":"Collection de tenues de c\u00e9r\u00e9monie bleu majorelle printemps \u00e9t\u00e9 2025 - PAULE VASSEUR","isPartOf":{"@id":"https:\/\/paule-vasseur.com\/it\/#website"},"primaryImageOfPage":{"@id":"https:\/\/paule-vasseur.com\/it\/tenue-ceremonie-chic-ile-de-france.htm#primaryimage"},"image":{"@id":"https:\/\/paule-vasseur.com\/it\/tenue-ceremonie-chic-ile-de-france.htm#primaryimage"},"thumbnailUrl":"https:\/\/paule-vasseur.com\/wp-content\/uploads\/2025\/09\/double_ligne-removebg-preview.png","datePublished":"2025-09-30T14:38:26+00:00","dateModified":"2025-09-30T15:16:15+00:00","breadcrumb":{"@id":"https:\/\/paule-vasseur.com\/it\/tenue-ceremonie-chic-ile-de-france.htm#breadcrumb"},"inLanguage":"it-IT","potentialAction":[{"@type":"ReadAction","target":["https:\/\/paule-vasseur.com\/it\/tenue-ceremonie-chic-ile-de-france.htm"]}]},{"@type":"ImageObject","inLanguage":"it-IT","@id":"https:\/\/paule-vasseur.com\/it\/tenue-ceremonie-chic-ile-de-france.htm#primaryimage","url":"https:\/\/paule-vasseur.com\/wp-content\/uploads\/2025\/09\/double_ligne-removebg-preview.png","contentUrl":"https:\/\/paule-vasseur.com\/wp-content\/uploads\/2025\/09\/double_ligne-removebg-preview.png"},{"@type":"BreadcrumbList","@id":"https:\/\/paule-vasseur.com\/it\/tenue-ceremonie-chic-ile-de-france.htm#breadcrumb","itemListElement":[{"@type":"ListItem","position":1,"name":"Accueil","item":"https:\/\/paule-vasseur.com\/"},{"@type":"ListItem","position":2,"name":"Collection de tenues de c\u00e9r\u00e9monie bleu majorelle printemps \u00e9t\u00e9 2025"}]},{"@type":"WebSite","@id":"https:\/\/paule-vasseur.com\/it\/#website","url":"https:\/\/paule-vasseur.com\/it\/","name":"TENDAGGI CUCITI SU MISURA","description":"","publisher":{"@id":"https:\/\/paule-vasseur.com\/it\/#organization"},"potentialAction":[{"@type":"SearchAction","target":{"@type":"EntryPoint","urlTemplate":"https:\/\/paule-vasseur.com\/it\/?s={search_term_string}"},"query-input":{"@type":"PropertyValueSpecification","valueRequired":true,"valueName":"search_term_string"}}],"inLanguage":"it-IT"},{"@type":"Organization","@id":"https:\/\/paule-vasseur.com\/it\/#organization","name":"TENDAGGI CUCITI SU MISURA","url":"https:\/\/paule-vasseur.com\/it\/","logo":{"@type":"ImageObject","inLanguage":"it-IT","@id":"https:\/\/paule-vasseur.com\/it\/#\/schema\/logo\/image\/","url":"https:\/\/paule-vasseur.com\/wp-content\/uploads\/2025\/09\/cropped-cropped-logonew2018-2.webp","contentUrl":"https:\/\/paule-vasseur.com\/wp-content\/uploads\/2025\/09\/cropped-cropped-logonew2018-2.webp","width":166,"height":110,"caption":"RIDEAUX COUTURE"},"image":{"@id":"https:\/\/paule-vasseur.com\/it\/#\/schema\/logo\/image\/"}}]}},"_links":{"self":[{"href":"https:\/\/paule-vasseur.com\/it\/wp-json\/wp\/v2\/pages\/76816","targetHints":{"allow":["GET"]}}],"collection":[{"href":"https:\/\/paule-vasseur.com\/it\/wp-json\/wp\/v2\/pages"}],"about":[{"href":"https:\/\/paule-vasseur.com\/it\/wp-json\/wp\/v2\/types\/page"}],"author":[{"embeddable":true,"href":"https:\/\/paule-vasseur.com\/it\/wp-json\/wp\/v2\/users\/1"}],"replies":[{"embeddable":true,"href":"https:\/\/paule-vasseur.com\/it\/wp-json\/wp\/v2\/comments?post=76816"}],"version-history":[{"count":3,"href":"https:\/\/paule-vasseur.com\/it\/wp-json\/wp\/v2\/pages\/76816\/revisions"}],"predecessor-version":[{"id":76839,"href":"https:\/\/paule-vasseur.com\/it\/wp-json\/wp\/v2\/pages\/76816\/revisions\/76839"}],"wp:attachment":[{"href":"https:\/\/paule-vasseur.com\/it\/wp-json\/wp\/v2\/media?parent=76816"}],"wp:term":[{"taxonomy":"folder","embeddable":true,"href":"https:\/\/paule-vasseur.com\/it\/wp-json\/wp\/v2\/folder?post=76816"}],"curies":[{"name":"wp","href":"https:\/\/api.w.org\/{rel}","templated":true}]}}