{"id":78897,"date":"2026-04-09T12:12:32","date_gmt":"2026-04-09T10:12:32","guid":{"rendered":"https:\/\/paule-vasseur.com\/?page_id=78897"},"modified":"2026-04-09T12:12:32","modified_gmt":"2026-04-09T10:12:32","slug":"bat-mitzvah","status":"publish","type":"page","link":"https:\/\/paule-vasseur.com\/it\/bat-mitzvah.htm","title":{"rendered":"D\u00e9finition de Bat-mitzvah"},"content":{"rendered":"<div class=\"wp-block-image\">\n<figure class=\"aligncenter size-large is-resized\"><img loading=\"lazy\" decoding=\"async\" width=\"1024\" height=\"88\" src=\"https:\/\/paule-vasseur.com\/wp-content\/uploads\/2025\/09\/double_ligne-removebg-preview-1024x88.png\" alt=\"\" class=\"wp-image-69230\" style=\"width:456px;height:auto\" srcset=\"https:\/\/paule-vasseur.com\/wp-content\/uploads\/2025\/09\/double_ligne-removebg-preview-1024x88.png 1024w, https:\/\/paule-vasseur.com\/wp-content\/uploads\/2025\/09\/double_ligne-removebg-preview-500x43.png 500w, https:\/\/paule-vasseur.com\/wp-content\/uploads\/2025\/09\/double_ligne-removebg-preview-768x66.png 768w, https:\/\/paule-vasseur.com\/wp-content\/uploads\/2025\/09\/double_ligne-removebg-preview-650x56.png 650w, https:\/\/paule-vasseur.com\/wp-content\/uploads\/2025\/09\/double_ligne-removebg-preview.png 1160w\" sizes=\"auto, (max-width: 1024px) 100vw, 1024px\" \/><\/figure>\n<\/div>\n\n\n<p>La bat-mitsvah, aussi appel\u00e9e communion juive, est le pendant f\u00e9minin de la bar-mitsvah, \u00e0 savoir une c\u00e9r\u00e9monie de confirmation religieuse, par laquelle la jeune fille juive marque sa majorit\u00e9, en principe \u00e0 l\u2019\u00e2ge de 12 ans.<\/p>\n\n\n\n<div class=\"wp-block-group\" style=\"padding-top:0;padding-right:0;padding-bottom:0;padding-left:0\"><div class=\"wp-block-group__inner-container is-layout-constrained wp-container-core-group-is-layout-c6b4b7cd wp-block-group-is-layout-constrained\"><div class=\"wp-block-image\">\n<figure class=\"aligncenter size-full\"><img loading=\"lazy\" decoding=\"async\" width=\"166\" height=\"110\" src=\"https:\/\/paule-vasseur.com\/wp-content\/uploads\/2025\/09\/cropped-cropped-logonew2018-2-1.webp\" alt=\"\" class=\"wp-image-69239\"\/><\/figure>\n<\/div>\n\n\n<p class=\"has-text-align-center\">Avete una cerimonia?<br>Parliamone.<\/p>\n\n\n\n<div class=\"wp-block-buttons is-vertical is-content-justification-center is-layout-flex wp-container-core-buttons-is-layout-63e38172 wp-block-buttons-is-layout-flex\">\n<div class=\"wp-block-button is-style-fill\"><a class=\"wp-block-button__link has-text-align-center wp-element-button\" href=\"https:\/\/paule-vasseur.com\/it\/contatto-htm\/\">Contattateci<\/a><\/div>\n<\/div>\n\n\n<style>.wp-block-kadence-spacer.kt-block-spacer-69247_ec675a-41 .kt-block-spacer{height:20px;}.wp-block-kadence-spacer.kt-block-spacer-69247_ec675a-41 .kt-divider{border-top-width:1px;height:1px;border-top-color:#eee;width:80%;border-top-style:solid;}<\/style>\n<div class=\"wp-block-kadence-spacer aligncenter kt-block-spacer-69247_ec675a-41\"><div class=\"kt-block-spacer kt-block-spacer-halign-center\"><\/div><\/div>\n<\/div><\/div>","protected":false},"excerpt":{"rendered":"<p>La bat-mitsvah, aussi appel\u00e9e communion juive, est le pendant f\u00e9minin de la bar-mitsvah, \u00e0 savoir une c\u00e9r\u00e9monie de confirmation religieuse, par laquelle la jeune fille juive marque sa majorit\u00e9, en principe \u00e0 l\u2019\u00e2ge de 12 ans.<\/p>","protected":false},"author":1,"featured_media":0,"parent":0,"menu_order":0,"comment_status":"closed","ping_status":"closed","template":"","meta":{"_kadence_starter_templates_imported_post":false,"_kad_post_transparent":"","_kad_post_title":"","_kad_post_layout":"","_kad_post_sidebar_id":"","_kad_post_content_style":"","_kad_post_vertical_padding":"","_kad_post_feature":"","_kad_post_feature_position":"","_kad_post_header":false,"_kad_post_footer":false,"_kad_post_classname":"","footnotes":""},"folder":[],"class_list":["post-78897","page","type-page","status-publish","hentry"],"yoast_head":"<!-- This site is optimized with the Yoast SEO plugin v27.4 - https:\/\/yoast.com\/product\/yoast-seo-wordpress\/ -->\n<title>D\u00e9finition de Bat-mitzvah - PAULE VASSEUR<\/title>\n<meta name=\"robots\" content=\"index, follow, max-snippet:-1, max-image-preview:large, max-video-preview:-1\" \/>\n<link rel=\"canonical\" href=\"https:\/\/paule-vasseur.com\/it\/bat-mitzvah.htm\" \/>\n<meta property=\"og:locale\" content=\"it_IT\" \/>\n<meta property=\"og:type\" content=\"article\" \/>\n<meta property=\"og:title\" content=\"D\u00e9finition de Bat-mitzvah - PAULE VASSEUR\" \/>\n<meta property=\"og:description\" content=\"La bat-mitsvah, aussi appel\u00e9e communion juive, est le pendant f\u00e9minin de la bar-mitsvah, \u00e0 savoir une c\u00e9r\u00e9monie de confirmation religieuse, par laquelle la jeune fille juive marque sa majorit\u00e9, en principe \u00e0 l\u2019\u00e2ge de 12 ans.\" \/>\n<meta property=\"og:url\" content=\"https:\/\/paule-vasseur.com\/it\/bat-mitzvah.htm\" \/>\n<meta property=\"og:site_name\" content=\"PAULE VASSEUR\" \/>\n<meta property=\"og:image\" content=\"https:\/\/paule-vasseur.com\/wp-content\/uploads\/2025\/09\/double_ligne-removebg-preview.png\" \/>\n\t<meta property=\"og:image:width\" content=\"1160\" \/>\n\t<meta property=\"og:image:height\" content=\"100\" \/>\n\t<meta property=\"og:image:type\" content=\"image\/png\" \/>\n<meta name=\"twitter:card\" content=\"summary_large_image\" \/>\n<meta name=\"twitter:label1\" content=\"Tempo di lettura stimato\" \/>\n\t<meta name=\"twitter:data1\" content=\"1 minuto\" \/>\n<script type=\"application\/ld+json\" class=\"yoast-schema-graph\">{\"@context\":\"https:\\\/\\\/schema.org\",\"@graph\":[{\"@type\":\"WebPage\",\"@id\":\"https:\\\/\\\/paule-vasseur.com\\\/it\\\/bat-mitzvah.htm\",\"url\":\"https:\\\/\\\/paule-vasseur.com\\\/it\\\/bat-mitzvah.htm\",\"name\":\"D\u00e9finition de Bat-mitzvah - PAULE VASSEUR\",\"isPartOf\":{\"@id\":\"https:\\\/\\\/paule-vasseur.com\\\/it\\\/#website\"},\"primaryImageOfPage\":{\"@id\":\"https:\\\/\\\/paule-vasseur.com\\\/it\\\/bat-mitzvah.htm#primaryimage\"},\"image\":{\"@id\":\"https:\\\/\\\/paule-vasseur.com\\\/it\\\/bat-mitzvah.htm#primaryimage\"},\"thumbnailUrl\":\"https:\\\/\\\/paule-vasseur.com\\\/wp-content\\\/uploads\\\/2025\\\/09\\\/double_ligne-removebg-preview-1024x88.png\",\"datePublished\":\"2026-04-09T10:12:32+00:00\",\"breadcrumb\":{\"@id\":\"https:\\\/\\\/paule-vasseur.com\\\/it\\\/bat-mitzvah.htm#breadcrumb\"},\"inLanguage\":\"it-IT\",\"potentialAction\":[{\"@type\":\"ReadAction\",\"target\":[\"https:\\\/\\\/paule-vasseur.com\\\/it\\\/bat-mitzvah.htm\"]}]},{\"@type\":\"ImageObject\",\"inLanguage\":\"it-IT\",\"@id\":\"https:\\\/\\\/paule-vasseur.com\\\/it\\\/bat-mitzvah.htm#primaryimage\",\"url\":\"https:\\\/\\\/paule-vasseur.com\\\/wp-content\\\/uploads\\\/2025\\\/09\\\/double_ligne-removebg-preview-1024x88.png\",\"contentUrl\":\"https:\\\/\\\/paule-vasseur.com\\\/wp-content\\\/uploads\\\/2025\\\/09\\\/double_ligne-removebg-preview-1024x88.png\"},{\"@type\":\"BreadcrumbList\",\"@id\":\"https:\\\/\\\/paule-vasseur.com\\\/it\\\/bat-mitzvah.htm#breadcrumb\",\"itemListElement\":[{\"@type\":\"ListItem\",\"position\":1,\"name\":\"Accueil\",\"item\":\"https:\\\/\\\/paule-vasseur.com\\\/\"},{\"@type\":\"ListItem\",\"position\":2,\"name\":\"D\u00e9finition de Bat-mitzvah\"}]},{\"@type\":\"WebSite\",\"@id\":\"https:\\\/\\\/paule-vasseur.com\\\/it\\\/#website\",\"url\":\"https:\\\/\\\/paule-vasseur.com\\\/it\\\/\",\"name\":\"RIDEAUX COUTURE\",\"description\":\"\",\"publisher\":{\"@id\":\"https:\\\/\\\/paule-vasseur.com\\\/it\\\/#organization\"},\"potentialAction\":[{\"@type\":\"SearchAction\",\"target\":{\"@type\":\"EntryPoint\",\"urlTemplate\":\"https:\\\/\\\/paule-vasseur.com\\\/it\\\/?s={search_term_string}\"},\"query-input\":{\"@type\":\"PropertyValueSpecification\",\"valueRequired\":true,\"valueName\":\"search_term_string\"}}],\"inLanguage\":\"it-IT\"},{\"@type\":\"Organization\",\"@id\":\"https:\\\/\\\/paule-vasseur.com\\\/it\\\/#organization\",\"name\":\"RIDEAUX COUTURE\",\"url\":\"https:\\\/\\\/paule-vasseur.com\\\/it\\\/\",\"logo\":{\"@type\":\"ImageObject\",\"inLanguage\":\"it-IT\",\"@id\":\"https:\\\/\\\/paule-vasseur.com\\\/it\\\/#\\\/schema\\\/logo\\\/image\\\/\",\"url\":\"https:\\\/\\\/paule-vasseur.com\\\/wp-content\\\/uploads\\\/2025\\\/09\\\/cropped-cropped-logonew2018-2.webp\",\"contentUrl\":\"https:\\\/\\\/paule-vasseur.com\\\/wp-content\\\/uploads\\\/2025\\\/09\\\/cropped-cropped-logonew2018-2.webp\",\"width\":166,\"height\":110,\"caption\":\"RIDEAUX COUTURE\"},\"image\":{\"@id\":\"https:\\\/\\\/paule-vasseur.com\\\/it\\\/#\\\/schema\\\/logo\\\/image\\\/\"}}]}<\/script>\n<!-- \/ Yoast SEO plugin. -->","yoast_head_json":{"title":"D\u00e9finition de Bat-mitzvah - PAULE VASSEUR","robots":{"index":"index","follow":"follow","max-snippet":"max-snippet:-1","max-image-preview":"max-image-preview:large","max-video-preview":"max-video-preview:-1"},"canonical":"https:\/\/paule-vasseur.com\/it\/bat-mitzvah.htm","og_locale":"it_IT","og_type":"article","og_title":"D\u00e9finition de Bat-mitzvah - PAULE VASSEUR","og_description":"La bat-mitsvah, aussi appel\u00e9e communion juive, est le pendant f\u00e9minin de la bar-mitsvah, \u00e0 savoir une c\u00e9r\u00e9monie de confirmation religieuse, par laquelle la jeune fille juive marque sa majorit\u00e9, en principe \u00e0 l\u2019\u00e2ge de 12 ans.","og_url":"https:\/\/paule-vasseur.com\/it\/bat-mitzvah.htm","og_site_name":"PAULE VASSEUR","og_image":[{"width":1160,"height":100,"url":"https:\/\/paule-vasseur.com\/wp-content\/uploads\/2025\/09\/double_ligne-removebg-preview.png","type":"image\/png"}],"twitter_card":"summary_large_image","twitter_misc":{"Tempo di lettura stimato":"1 minuto"},"schema":{"@context":"https:\/\/schema.org","@graph":[{"@type":"WebPage","@id":"https:\/\/paule-vasseur.com\/it\/bat-mitzvah.htm","url":"https:\/\/paule-vasseur.com\/it\/bat-mitzvah.htm","name":"D\u00e9finition de Bat-mitzvah - PAULE VASSEUR","isPartOf":{"@id":"https:\/\/paule-vasseur.com\/it\/#website"},"primaryImageOfPage":{"@id":"https:\/\/paule-vasseur.com\/it\/bat-mitzvah.htm#primaryimage"},"image":{"@id":"https:\/\/paule-vasseur.com\/it\/bat-mitzvah.htm#primaryimage"},"thumbnailUrl":"https:\/\/paule-vasseur.com\/wp-content\/uploads\/2025\/09\/double_ligne-removebg-preview-1024x88.png","datePublished":"2026-04-09T10:12:32+00:00","breadcrumb":{"@id":"https:\/\/paule-vasseur.com\/it\/bat-mitzvah.htm#breadcrumb"},"inLanguage":"it-IT","potentialAction":[{"@type":"ReadAction","target":["https:\/\/paule-vasseur.com\/it\/bat-mitzvah.htm"]}]},{"@type":"ImageObject","inLanguage":"it-IT","@id":"https:\/\/paule-vasseur.com\/it\/bat-mitzvah.htm#primaryimage","url":"https:\/\/paule-vasseur.com\/wp-content\/uploads\/2025\/09\/double_ligne-removebg-preview-1024x88.png","contentUrl":"https:\/\/paule-vasseur.com\/wp-content\/uploads\/2025\/09\/double_ligne-removebg-preview-1024x88.png"},{"@type":"BreadcrumbList","@id":"https:\/\/paule-vasseur.com\/it\/bat-mitzvah.htm#breadcrumb","itemListElement":[{"@type":"ListItem","position":1,"name":"Accueil","item":"https:\/\/paule-vasseur.com\/"},{"@type":"ListItem","position":2,"name":"D\u00e9finition de Bat-mitzvah"}]},{"@type":"WebSite","@id":"https:\/\/paule-vasseur.com\/it\/#website","url":"https:\/\/paule-vasseur.com\/it\/","name":"TENDAGGI CUCITI SU MISURA","description":"","publisher":{"@id":"https:\/\/paule-vasseur.com\/it\/#organization"},"potentialAction":[{"@type":"SearchAction","target":{"@type":"EntryPoint","urlTemplate":"https:\/\/paule-vasseur.com\/it\/?s={search_term_string}"},"query-input":{"@type":"PropertyValueSpecification","valueRequired":true,"valueName":"search_term_string"}}],"inLanguage":"it-IT"},{"@type":"Organization","@id":"https:\/\/paule-vasseur.com\/it\/#organization","name":"TENDAGGI CUCITI SU MISURA","url":"https:\/\/paule-vasseur.com\/it\/","logo":{"@type":"ImageObject","inLanguage":"it-IT","@id":"https:\/\/paule-vasseur.com\/it\/#\/schema\/logo\/image\/","url":"https:\/\/paule-vasseur.com\/wp-content\/uploads\/2025\/09\/cropped-cropped-logonew2018-2.webp","contentUrl":"https:\/\/paule-vasseur.com\/wp-content\/uploads\/2025\/09\/cropped-cropped-logonew2018-2.webp","width":166,"height":110,"caption":"RIDEAUX COUTURE"},"image":{"@id":"https:\/\/paule-vasseur.com\/it\/#\/schema\/logo\/image\/"}}]}},"_links":{"self":[{"href":"https:\/\/paule-vasseur.com\/it\/wp-json\/wp\/v2\/pages\/78897","targetHints":{"allow":["GET"]}}],"collection":[{"href":"https:\/\/paule-vasseur.com\/it\/wp-json\/wp\/v2\/pages"}],"about":[{"href":"https:\/\/paule-vasseur.com\/it\/wp-json\/wp\/v2\/types\/page"}],"author":[{"embeddable":true,"href":"https:\/\/paule-vasseur.com\/it\/wp-json\/wp\/v2\/users\/1"}],"replies":[{"embeddable":true,"href":"https:\/\/paule-vasseur.com\/it\/wp-json\/wp\/v2\/comments?post=78897"}],"version-history":[{"count":1,"href":"https:\/\/paule-vasseur.com\/it\/wp-json\/wp\/v2\/pages\/78897\/revisions"}],"predecessor-version":[{"id":78898,"href":"https:\/\/paule-vasseur.com\/it\/wp-json\/wp\/v2\/pages\/78897\/revisions\/78898"}],"wp:attachment":[{"href":"https:\/\/paule-vasseur.com\/it\/wp-json\/wp\/v2\/media?parent=78897"}],"wp:term":[{"taxonomy":"folder","embeddable":true,"href":"https:\/\/paule-vasseur.com\/it\/wp-json\/wp\/v2\/folder?post=78897"}],"curies":[{"name":"wp","href":"https:\/\/api.w.org\/{rel}","templated":true}]}}