{"id":2118,"date":"2025-04-17T08:59:19","date_gmt":"2025-04-17T08:59:19","guid":{"rendered":"https:\/\/rideaux-couture.com\/panier\/"},"modified":"2025-09-23T15:36:46","modified_gmt":"2025-09-23T13:36:46","slug":"panier","status":"publish","type":"page","link":"https:\/\/paule-vasseur.com\/nl\/panier\/","title":{"rendered":"Panier"},"content":{"rendered":"<div data-block-name=\"woocommerce\/cart\" class=\"wp-block-woocommerce-cart alignwide is-loading\">\n<div data-block-name=\"woocommerce\/filled-cart-block\" class=\"wp-block-woocommerce-filled-cart-block\">\n<div data-block-name=\"woocommerce\/cart-items-block\" class=\"wp-block-woocommerce-cart-items-block\">\n<div data-block-name=\"woocommerce\/cart-line-items-block\" class=\"wp-block-woocommerce-cart-line-items-block\"><\/div>\n\n\n\n<div data-block-name=\"woocommerce\/cart-cross-sells-block\" class=\"wp-block-woocommerce-cart-cross-sells-block\">\n<h2 class=\"wp-block-heading has-large-font-size\">\u00c7a peut vous int\u00e9resser&#8230;<\/h2>\n\n\n\n<div data-block-name=\"woocommerce\/cart-cross-sells-products-block\" class=\"wp-block-woocommerce-cart-cross-sells-products-block\"><\/div>\n<\/div>\n<\/div>\n\n\n\n<div data-block-name=\"woocommerce\/cart-totals-block\" class=\"wp-block-woocommerce-cart-totals-block\">\n<div data-block-name=\"woocommerce\/cart-order-summary-block\" class=\"wp-block-woocommerce-cart-order-summary-block\">\n<div data-block-name=\"woocommerce\/cart-order-summary-heading-block\" data-content=\"Total panier\" class=\"wp-block-woocommerce-cart-order-summary-heading-block\"><\/div>\n\n\n\n<div data-block-name=\"woocommerce\/cart-order-summary-coupon-form-block\" class=\"wp-block-woocommerce-cart-order-summary-coupon-form-block\"><\/div>\n\n\n\n<div data-block-name=\"woocommerce\/cart-order-summary-totals-block\" class=\"wp-block-woocommerce-cart-order-summary-totals-block\">\n<div data-block-name=\"woocommerce\/cart-order-summary-subtotal-block\" class=\"wp-block-woocommerce-cart-order-summary-subtotal-block\"><\/div>\n\n\n\n<div data-block-name=\"woocommerce\/cart-order-summary-fee-block\" class=\"wp-block-woocommerce-cart-order-summary-fee-block\"><\/div>\n\n\n\n<div data-block-name=\"woocommerce\/cart-order-summary-discount-block\" class=\"wp-block-woocommerce-cart-order-summary-discount-block\"><\/div>\n\n\n\n<div data-block-name=\"woocommerce\/cart-order-summary-shipping-block\" class=\"wp-block-woocommerce-cart-order-summary-shipping-block\"><\/div>\n\n\n\n<div data-block-name=\"woocommerce\/cart-order-summary-taxes-block\" class=\"wp-block-woocommerce-cart-order-summary-taxes-block\"><\/div>\n<\/div>\n<\/div>\n\n\n\n\n\n<div data-block-name=\"woocommerce\/cart-express-payment-block\" class=\"wp-block-woocommerce-cart-express-payment-block\"><\/div>\n\n\n\n<div data-block-name=\"woocommerce\/proceed-to-checkout-block\" class=\"wp-block-woocommerce-proceed-to-checkout-block\"><\/div>\n\n\n\n<div data-block-name=\"woocommerce\/cart-accepted-payment-methods-block\" class=\"wp-block-woocommerce-cart-accepted-payment-methods-block\"><\/div>\n<\/div>\n<\/div>\n\n\n\n<div data-block-name=\"woocommerce\/empty-cart-block\" class=\"wp-block-woocommerce-empty-cart-block\">\n<h2 class=\"wp-block-heading has-text-align-center with-empty-cart-icon wc-block-cart__empty-cart__title\">Votre panier est actuellement vide&nbsp;!<\/h2>\n\n\n\n<hr class=\"wp-block-separator has-alpha-channel-opacity is-style-dots\"\/>\n\n\n\n<h2 class=\"wp-block-heading has-text-align-center\">Nouveau dans la boutique<\/h2>\n\n\n<div data-block-name=\"woocommerce\/product-new\" data-columns=\"4\" data-rows=\"1\" class=\"wc-block-grid wp-block-product-new wp-block-woocommerce-product-new wc-block-product-new has-4-columns\"><ul class=\"wc-block-grid__products\"><li class=\"wc-block-grid__product entry loop-entry content-bg woo-archive-action-visible woo-archive-btn-button product-loop-boxed woo-archive-image-hover-none\"><a href=\"https:\/\/paule-vasseur.com\/nl\/produit\/serre-tete-chapeau-original-pour-mariage-civil-ou-ceremonie-deauville-template\/\" class=\"wc-block-grid__product-link woocommerce-loop-image-link woocommerce-LoopProduct-link woocommerce-loop-product__link\">\n\t\t\t\t\t<img loading=\"lazy\" decoding=\"async\" width=\"500\" height=\"750\" src=\"https:\/\/paule-vasseur.com\/wp-content\/uploads\/2025\/09\/chapeau-Deauville-bicolore1-zoom-500x750.jpg\" class=\"attachment-woocommerce_thumbnail size-woocommerce_thumbnail wvs-archive-product-image\" alt=\"Serre-t\u00eate Chapeau original pour mariage civil ou c\u00e9r\u00e9monie DEAUVILLE (template)\" srcset=\"https:\/\/paule-vasseur.com\/wp-content\/uploads\/2025\/09\/chapeau-Deauville-bicolore1-zoom-500x750.jpg 500w, https:\/\/paule-vasseur.com\/wp-content\/uploads\/2025\/09\/chapeau-Deauville-bicolore1-zoom-333x500.jpg 333w, https:\/\/paule-vasseur.com\/wp-content\/uploads\/2025\/09\/chapeau-Deauville-bicolore1-zoom-682x1024.jpg 682w, https:\/\/paule-vasseur.com\/wp-content\/uploads\/2025\/09\/chapeau-Deauville-bicolore1-zoom-768x1153.jpg 768w, https:\/\/paule-vasseur.com\/wp-content\/uploads\/2025\/09\/chapeau-Deauville-bicolore1-zoom-1023x1536.jpg 1023w, https:\/\/paule-vasseur.com\/wp-content\/uploads\/2025\/09\/chapeau-Deauville-bicolore1-zoom-650x976.jpg 650w, https:\/\/paule-vasseur.com\/wp-content\/uploads\/2025\/09\/chapeau-Deauville-bicolore1-zoom.jpg 1066w\" sizes=\"auto, (max-width: 500px) 100vw, 500px\" \/>\n\t\t\t\t\t\n\t\t\t\t<\/a>\n\t\t\t\t<div class=\"product-details content-bg entry-content-wrap\">\n\t\t\t\t\t<a href=\"https:\/\/paule-vasseur.com\/nl\/produit\/serre-tete-chapeau-original-pour-mariage-civil-ou-ceremonie-deauville-template\/\" class=\"wc-block-grid__product-title-link\">\n\t\t\t\t\t\t<div class=\"wc-block-grid__product-title\">Serre-t\u00eate Chapeau original pour mariage civil ou c\u00e9r\u00e9monie DEAUVILLE (template)<\/div>\n\t\t\t\t\t<\/a>\n\t\t\t\t\t\n\t\t\t\t\t<div class=\"wc-block-grid__product-price price\"><\/div>\n\t\t\t\t\t<div class=\"wp-block-button wc-block-grid__product-add-to-cart\"><a href=\"https:\/\/paule-vasseur.com\/nl\/produit\/serre-tete-chapeau-original-pour-mariage-civil-ou-ceremonie-deauville-template\/\" aria-label=\"Meer informatie over &#039;Serre-t\u00eate Chapeau original pour mariage civil ou c\u00e9r\u00e9monie DEAUVILLE (template)&#039;\" data-quantity=\"1\" data-product_id=\"78807\" data-product_sku=\"CHAPEAU-DEAUVILLE-1\" rel=\"nofollow\" class=\"wp-block-button__link add_to_cart_button\" data-no-translation-aria-label=\"\">Lees meer<span class=\"kadence-svg-iconset svg-baseline\"><svg class=\"kadence-svg-icon kadence-spinner-svg\" fill=\"currentColor\" version=\"1.1\" xmlns=\"http:\/\/www.w3.org\/2000\/svg\" width=\"16\" height=\"16\" viewbox=\"0 0 16 16\"><title>Loading<\/title><path d=\"M16 6h-6l2.243-2.243c-1.133-1.133-2.64-1.757-4.243-1.757s-3.109 0.624-4.243 1.757c-1.133 1.133-1.757 2.64-1.757 4.243s0.624 3.109 1.757 4.243c1.133 1.133 2.64 1.757 4.243 1.757s3.109-0.624 4.243-1.757c0.095-0.095 0.185-0.192 0.273-0.292l1.505 1.317c-1.466 1.674-3.62 2.732-6.020 2.732-4.418 0-8-3.582-8-8s3.582-8 8-8c2.209 0 4.209 0.896 5.656 2.344l2.343-2.344v6z\"><\/path>\n\t\t\t\t<\/svg><\/span><span class=\"kadence-svg-iconset svg-baseline\"><svg class=\"kadence-svg-icon kadence-check-svg\" fill=\"currentColor\" version=\"1.1\" xmlns=\"http:\/\/www.w3.org\/2000\/svg\" width=\"16\" height=\"16\" viewbox=\"0 0 16 16\"><title>Done<\/title><path d=\"M14 2.5l-8.5 8.5-3.5-3.5-1.5 1.5 5 5 10-10z\"><\/path>\n\t\t\t\t<\/svg><\/span><\/a><\/div>\n\t\t\t\t<\/div>\n\t\t\t<\/li><li class=\"wc-block-grid__product entry loop-entry content-bg woo-archive-action-visible woo-archive-btn-button product-loop-boxed woo-archive-image-hover-none\"><a href=\"https:\/\/paule-vasseur.com\/nl\/produit\/perso3\/\" class=\"wc-block-grid__product-link woocommerce-loop-image-link woocommerce-LoopProduct-link woocommerce-loop-product__link\">\n\t\t\t\t\t<img loading=\"lazy\" decoding=\"async\" width=\"500\" height=\"500\" src=\"https:\/\/paule-vasseur.com\/wp-content\/uploads\/woocommerce-placeholder-500x500.png\" class=\"woocommerce-placeholder wp-post-image wvs-archive-product-image\" alt=\"Plaatshouder\" srcset=\"https:\/\/paule-vasseur.com\/wp-content\/uploads\/woocommerce-placeholder-500x500.png 500w, https:\/\/paule-vasseur.com\/wp-content\/uploads\/woocommerce-placeholder-100x100.png 100w, https:\/\/paule-vasseur.com\/wp-content\/uploads\/woocommerce-placeholder-650x650.png 650w, https:\/\/paule-vasseur.com\/wp-content\/uploads\/woocommerce-placeholder-300x300.png 300w, https:\/\/paule-vasseur.com\/wp-content\/uploads\/woocommerce-placeholder-1024x1024.png 1024w, https:\/\/paule-vasseur.com\/wp-content\/uploads\/woocommerce-placeholder-150x150.png 150w, https:\/\/paule-vasseur.com\/wp-content\/uploads\/woocommerce-placeholder-768x768.png 768w, https:\/\/paule-vasseur.com\/wp-content\/uploads\/woocommerce-placeholder.png 1200w\" sizes=\"auto, (max-width: 500px) 100vw, 500px\" data-no-translation-alt=\"\" \/>\n\t\t\t\t\t\n\t\t\t\t<\/a>\n\t\t\t\t<div class=\"product-details content-bg entry-content-wrap\">\n\t\t\t\t\t<a href=\"https:\/\/paule-vasseur.com\/nl\/produit\/perso3\/\" class=\"wc-block-grid__product-title-link\">\n\t\t\t\t\t\t<div class=\"wc-block-grid__product-title\">A-PANIER PERSONNALIS\u00c9 3<\/div>\n\t\t\t\t\t<\/a>\n\t\t\t\t\t\n\t\t\t\t\t<div class=\"wc-block-grid__product-price price\"><\/div>\n\t\t\t\t\t<div class=\"wp-block-button wc-block-grid__product-add-to-cart\"><a href=\"https:\/\/paule-vasseur.com\/nl\/produit\/perso3\/\" aria-label=\"Meer informatie over &#039;A-PANIER PERSONNALIS\u00c9 3&#039;\" data-quantity=\"1\" data-product_id=\"78668\" data-product_sku=\"AA-PANIER-PERSO-3\" rel=\"nofollow\" class=\"wp-block-button__link add_to_cart_button\" data-no-translation-aria-label=\"\">Lees meer<span class=\"kadence-svg-iconset svg-baseline\"><svg class=\"kadence-svg-icon kadence-spinner-svg\" fill=\"currentColor\" version=\"1.1\" xmlns=\"http:\/\/www.w3.org\/2000\/svg\" width=\"16\" height=\"16\" viewbox=\"0 0 16 16\"><title>Loading<\/title><path d=\"M16 6h-6l2.243-2.243c-1.133-1.133-2.64-1.757-4.243-1.757s-3.109 0.624-4.243 1.757c-1.133 1.133-1.757 2.64-1.757 4.243s0.624 3.109 1.757 4.243c1.133 1.133 2.64 1.757 4.243 1.757s3.109-0.624 4.243-1.757c0.095-0.095 0.185-0.192 0.273-0.292l1.505 1.317c-1.466 1.674-3.62 2.732-6.020 2.732-4.418 0-8-3.582-8-8s3.582-8 8-8c2.209 0 4.209 0.896 5.656 2.344l2.343-2.344v6z\"><\/path>\n\t\t\t\t<\/svg><\/span><span class=\"kadence-svg-iconset svg-baseline\"><svg class=\"kadence-svg-icon kadence-check-svg\" fill=\"currentColor\" version=\"1.1\" xmlns=\"http:\/\/www.w3.org\/2000\/svg\" width=\"16\" height=\"16\" viewbox=\"0 0 16 16\"><title>Done<\/title><path d=\"M14 2.5l-8.5 8.5-3.5-3.5-1.5 1.5 5 5 10-10z\"><\/path>\n\t\t\t\t<\/svg><\/span><\/a><\/div>\n\t\t\t\t<\/div>\n\t\t\t<\/li><li class=\"wc-block-grid__product entry loop-entry content-bg woo-archive-action-visible woo-archive-btn-button product-loop-boxed woo-archive-image-hover-none\"><a href=\"https:\/\/paule-vasseur.com\/nl\/produit\/perso2\/\" class=\"wc-block-grid__product-link woocommerce-loop-image-link woocommerce-LoopProduct-link woocommerce-loop-product__link\">\n\t\t\t\t\t<img loading=\"lazy\" decoding=\"async\" width=\"500\" height=\"500\" src=\"https:\/\/paule-vasseur.com\/wp-content\/uploads\/woocommerce-placeholder-500x500.png\" class=\"woocommerce-placeholder wp-post-image wvs-archive-product-image\" alt=\"Plaatshouder\" srcset=\"https:\/\/paule-vasseur.com\/wp-content\/uploads\/woocommerce-placeholder-500x500.png 500w, https:\/\/paule-vasseur.com\/wp-content\/uploads\/woocommerce-placeholder-100x100.png 100w, https:\/\/paule-vasseur.com\/wp-content\/uploads\/woocommerce-placeholder-650x650.png 650w, https:\/\/paule-vasseur.com\/wp-content\/uploads\/woocommerce-placeholder-300x300.png 300w, https:\/\/paule-vasseur.com\/wp-content\/uploads\/woocommerce-placeholder-1024x1024.png 1024w, https:\/\/paule-vasseur.com\/wp-content\/uploads\/woocommerce-placeholder-150x150.png 150w, https:\/\/paule-vasseur.com\/wp-content\/uploads\/woocommerce-placeholder-768x768.png 768w, https:\/\/paule-vasseur.com\/wp-content\/uploads\/woocommerce-placeholder.png 1200w\" sizes=\"auto, (max-width: 500px) 100vw, 500px\" data-no-translation-alt=\"\" \/>\n\t\t\t\t\t\n\t\t\t\t<\/a>\n\t\t\t\t<div class=\"product-details content-bg entry-content-wrap\">\n\t\t\t\t\t<a href=\"https:\/\/paule-vasseur.com\/nl\/produit\/perso2\/\" class=\"wc-block-grid__product-title-link\">\n\t\t\t\t\t\t<div class=\"wc-block-grid__product-title\">A-PANIER PERSONNALIS\u00c9 2<\/div>\n\t\t\t\t\t<\/a>\n\t\t\t\t\t\n\t\t\t\t\t<div class=\"wc-block-grid__product-price price\"><\/div>\n\t\t\t\t\t<div class=\"wp-block-button wc-block-grid__product-add-to-cart\"><a href=\"https:\/\/paule-vasseur.com\/nl\/produit\/perso2\/\" aria-label=\"Meer informatie over &#039;A-PANIER PERSONNALIS\u00c9 2&#039;\" data-quantity=\"1\" data-product_id=\"78667\" data-product_sku=\"AA-PANIER-PERSO-2\" rel=\"nofollow\" class=\"wp-block-button__link add_to_cart_button\" data-no-translation-aria-label=\"\">Lees meer<span class=\"kadence-svg-iconset svg-baseline\"><svg class=\"kadence-svg-icon kadence-spinner-svg\" fill=\"currentColor\" version=\"1.1\" xmlns=\"http:\/\/www.w3.org\/2000\/svg\" width=\"16\" height=\"16\" viewbox=\"0 0 16 16\"><title>Loading<\/title><path d=\"M16 6h-6l2.243-2.243c-1.133-1.133-2.64-1.757-4.243-1.757s-3.109 0.624-4.243 1.757c-1.133 1.133-1.757 2.64-1.757 4.243s0.624 3.109 1.757 4.243c1.133 1.133 2.64 1.757 4.243 1.757s3.109-0.624 4.243-1.757c0.095-0.095 0.185-0.192 0.273-0.292l1.505 1.317c-1.466 1.674-3.62 2.732-6.020 2.732-4.418 0-8-3.582-8-8s3.582-8 8-8c2.209 0 4.209 0.896 5.656 2.344l2.343-2.344v6z\"><\/path>\n\t\t\t\t<\/svg><\/span><span class=\"kadence-svg-iconset svg-baseline\"><svg class=\"kadence-svg-icon kadence-check-svg\" fill=\"currentColor\" version=\"1.1\" xmlns=\"http:\/\/www.w3.org\/2000\/svg\" width=\"16\" height=\"16\" viewbox=\"0 0 16 16\"><title>Done<\/title><path d=\"M14 2.5l-8.5 8.5-3.5-3.5-1.5 1.5 5 5 10-10z\"><\/path>\n\t\t\t\t<\/svg><\/span><\/a><\/div>\n\t\t\t\t<\/div>\n\t\t\t<\/li><li class=\"wc-block-grid__product entry loop-entry content-bg woo-archive-action-visible woo-archive-btn-button product-loop-boxed woo-archive-image-hover-none\"><a href=\"https:\/\/paule-vasseur.com\/nl\/nom\/\" class=\"wc-block-grid__product-link woocommerce-loop-image-link woocommerce-LoopProduct-link woocommerce-loop-product__link\">\n\t\t\t\t\t<img loading=\"lazy\" decoding=\"async\" width=\"500\" height=\"750\" src=\"https:\/\/paule-vasseur.com\/wp-content\/uploads\/2025\/09\/JUPE-LONGUE-MEDINA-GOA-TSHIRT-LYAH-CRE-PE-02-zoom-500x750.jpg\" class=\"attachment-woocommerce_thumbnail size-woocommerce_thumbnail wvs-archive-product-image\" alt=\"tee shirt \u00e9l\u00e9gant LYAH cr\u00eape satin de soie\" srcset=\"https:\/\/paule-vasseur.com\/wp-content\/uploads\/2025\/09\/JUPE-LONGUE-MEDINA-GOA-TSHIRT-LYAH-CRE-PE-02-zoom-500x750.jpg 500w, https:\/\/paule-vasseur.com\/wp-content\/uploads\/2025\/09\/JUPE-LONGUE-MEDINA-GOA-TSHIRT-LYAH-CRE-PE-02-zoom-333x500.jpg 333w, https:\/\/paule-vasseur.com\/wp-content\/uploads\/2025\/09\/JUPE-LONGUE-MEDINA-GOA-TSHIRT-LYAH-CRE-PE-02-zoom-683x1024.jpg 683w, https:\/\/paule-vasseur.com\/wp-content\/uploads\/2025\/09\/JUPE-LONGUE-MEDINA-GOA-TSHIRT-LYAH-CRE-PE-02-zoom-768x1152.jpg 768w, https:\/\/paule-vasseur.com\/wp-content\/uploads\/2025\/09\/JUPE-LONGUE-MEDINA-GOA-TSHIRT-LYAH-CRE-PE-02-zoom-1024x1536.jpg 1024w, https:\/\/paule-vasseur.com\/wp-content\/uploads\/2025\/09\/JUPE-LONGUE-MEDINA-GOA-TSHIRT-LYAH-CRE-PE-02-zoom-650x975.jpg 650w, https:\/\/paule-vasseur.com\/wp-content\/uploads\/2025\/09\/JUPE-LONGUE-MEDINA-GOA-TSHIRT-LYAH-CRE-PE-02-zoom.jpg 1067w\" sizes=\"auto, (max-width: 500px) 100vw, 500px\" \/>\n\t\t\t\t\t\n\t\t\t\t<\/a>\n\t\t\t\t<div class=\"product-details content-bg entry-content-wrap\">\n\t\t\t\t\t<a href=\"https:\/\/paule-vasseur.com\/nl\/nom\/\" class=\"wc-block-grid__product-title-link\">\n\t\t\t\t\t\t<div class=\"wc-block-grid__product-title\">tee shirt \u00e9l\u00e9gant LYAH cr\u00eape satin de soie<\/div>\n\t\t\t\t\t<\/a>\n\t\t\t\t\t\n\t\t\t\t\t<div class=\"wc-block-grid__product-price price\"><span class=\"woocommerce-Price-amount amount\">385,00&nbsp;<span class=\"woocommerce-Price-currencySymbol\">\u20ac<\/span><\/span> <small class=\"woocommerce-price-suffix\">Inclusief btw (<span class=\"woocommerce-Price-amount amount\">320,83&nbsp;<span class=\"woocommerce-Price-currencySymbol\">\u20ac<\/span><\/span> HT)<\/small><\/div>\n\t\t\t\t\t<div class=\"wp-block-button wc-block-grid__product-add-to-cart\"><a href=\"\/nl\/wp-json\/wp\/v2\/pages\/2118?add-to-cart=78182\" aria-label=\"In winkelmand: \u201ctee shirt \u00e9l\u00e9gant LYAH cr\u00eape satin de soie\u201d\" data-quantity=\"1\" data-product_id=\"78182\" data-product_sku=\"TSHIRT LYAH-CR\u00caPE-SATIN SOIE\" rel=\"nofollow\" class=\"wp-block-button__link add_to_cart_button ajax_add_to_cart\" data-no-translation-aria-label=\"\">In winkelwagen<span class=\"kadence-svg-iconset svg-baseline\"><svg class=\"kadence-svg-icon kadence-spinner-svg\" fill=\"currentColor\" version=\"1.1\" xmlns=\"http:\/\/www.w3.org\/2000\/svg\" width=\"16\" height=\"16\" viewbox=\"0 0 16 16\"><title>Loading<\/title><path d=\"M16 6h-6l2.243-2.243c-1.133-1.133-2.64-1.757-4.243-1.757s-3.109 0.624-4.243 1.757c-1.133 1.133-1.757 2.64-1.757 4.243s0.624 3.109 1.757 4.243c1.133 1.133 2.64 1.757 4.243 1.757s3.109-0.624 4.243-1.757c0.095-0.095 0.185-0.192 0.273-0.292l1.505 1.317c-1.466 1.674-3.62 2.732-6.020 2.732-4.418 0-8-3.582-8-8s3.582-8 8-8c2.209 0 4.209 0.896 5.656 2.344l2.343-2.344v6z\"><\/path>\n\t\t\t\t<\/svg><\/span><span class=\"kadence-svg-iconset svg-baseline\"><svg class=\"kadence-svg-icon kadence-check-svg\" fill=\"currentColor\" version=\"1.1\" xmlns=\"http:\/\/www.w3.org\/2000\/svg\" width=\"16\" height=\"16\" viewbox=\"0 0 16 16\"><title>Done<\/title><path d=\"M14 2.5l-8.5 8.5-3.5-3.5-1.5 1.5 5 5 10-10z\"><\/path>\n\t\t\t\t<\/svg><\/span><\/a><\/div>\n\t\t\t\t<\/div>\n\t\t\t<\/li><\/ul><\/div><\/div>\n<\/div>","protected":false},"excerpt":{"rendered":"","protected":false},"author":1,"featured_media":0,"parent":0,"menu_order":0,"comment_status":"closed","ping_status":"closed","template":"","meta":{"_kadence_starter_templates_imported_post":false,"_kad_post_transparent":"","_kad_post_title":"","_kad_post_layout":"","_kad_post_sidebar_id":"","_kad_post_content_style":"","_kad_post_vertical_padding":"","_kad_post_feature":"","_kad_post_feature_position":"","_kad_post_header":false,"_kad_post_footer":false,"_kad_post_classname":"","footnotes":""},"folder":[1646],"class_list":["post-2118","page","type-page","status-publish","hentry"],"yoast_head":"<!-- This site is optimized with the Yoast SEO plugin v27.4 - https:\/\/yoast.com\/product\/yoast-seo-wordpress\/ -->\n<title>Panier - PAULE VASSEUR<\/title>\n<meta name=\"robots\" content=\"index, follow, max-snippet:-1, max-image-preview:large, max-video-preview:-1\" \/>\n<link rel=\"canonical\" href=\"https:\/\/paule-vasseur.com\/nl\/panier\/\" \/>\n<meta property=\"og:locale\" content=\"nl_BE\" \/>\n<meta property=\"og:type\" content=\"article\" \/>\n<meta property=\"og:title\" content=\"Panier - PAULE VASSEUR\" \/>\n<meta property=\"og:url\" content=\"https:\/\/paule-vasseur.com\/nl\/panier\/\" \/>\n<meta property=\"og:site_name\" content=\"PAULE VASSEUR\" \/>\n<meta property=\"article:modified_time\" content=\"2025-09-23T13:36:46+00:00\" \/>\n<meta name=\"twitter:card\" content=\"summary_large_image\" \/>\n<meta name=\"twitter:label1\" content=\"Geschatte leestijd\" \/>\n\t<meta name=\"twitter:data1\" content=\"1 minuut\" \/>\n<script type=\"application\/ld+json\" class=\"yoast-schema-graph\">{\"@context\":\"https:\\\/\\\/schema.org\",\"@graph\":[{\"@type\":\"WebPage\",\"@id\":\"https:\\\/\\\/paule-vasseur.com\\\/nl\\\/panier\\\/\",\"url\":\"https:\\\/\\\/paule-vasseur.com\\\/nl\\\/panier\\\/\",\"name\":\"Panier - PAULE VASSEUR\",\"isPartOf\":{\"@id\":\"https:\\\/\\\/paule-vasseur.com\\\/nl\\\/#website\"},\"datePublished\":\"2025-04-17T08:59:19+00:00\",\"dateModified\":\"2025-09-23T13:36:46+00:00\",\"breadcrumb\":{\"@id\":\"https:\\\/\\\/paule-vasseur.com\\\/nl\\\/panier\\\/#breadcrumb\"},\"inLanguage\":\"nl-BE\",\"potentialAction\":[{\"@type\":\"ReadAction\",\"target\":[\"https:\\\/\\\/paule-vasseur.com\\\/nl\\\/panier\\\/\"]}]},{\"@type\":\"BreadcrumbList\",\"@id\":\"https:\\\/\\\/paule-vasseur.com\\\/nl\\\/panier\\\/#breadcrumb\",\"itemListElement\":[{\"@type\":\"ListItem\",\"position\":1,\"name\":\"Accueil\",\"item\":\"https:\\\/\\\/paule-vasseur.com\\\/\"},{\"@type\":\"ListItem\",\"position\":2,\"name\":\"Panier\"}]},{\"@type\":\"WebSite\",\"@id\":\"https:\\\/\\\/paule-vasseur.com\\\/nl\\\/#website\",\"url\":\"https:\\\/\\\/paule-vasseur.com\\\/nl\\\/\",\"name\":\"RIDEAUX COUTURE\",\"description\":\"\",\"publisher\":{\"@id\":\"https:\\\/\\\/paule-vasseur.com\\\/nl\\\/#organization\"},\"potentialAction\":[{\"@type\":\"SearchAction\",\"target\":{\"@type\":\"EntryPoint\",\"urlTemplate\":\"https:\\\/\\\/paule-vasseur.com\\\/nl\\\/?s={search_term_string}\"},\"query-input\":{\"@type\":\"PropertyValueSpecification\",\"valueRequired\":true,\"valueName\":\"search_term_string\"}}],\"inLanguage\":\"nl-BE\"},{\"@type\":\"Organization\",\"@id\":\"https:\\\/\\\/paule-vasseur.com\\\/nl\\\/#organization\",\"name\":\"RIDEAUX COUTURE\",\"url\":\"https:\\\/\\\/paule-vasseur.com\\\/nl\\\/\",\"logo\":{\"@type\":\"ImageObject\",\"inLanguage\":\"nl-BE\",\"@id\":\"https:\\\/\\\/paule-vasseur.com\\\/nl\\\/#\\\/schema\\\/logo\\\/image\\\/\",\"url\":\"https:\\\/\\\/paule-vasseur.com\\\/wp-content\\\/uploads\\\/2025\\\/09\\\/cropped-cropped-logonew2018-2.webp\",\"contentUrl\":\"https:\\\/\\\/paule-vasseur.com\\\/wp-content\\\/uploads\\\/2025\\\/09\\\/cropped-cropped-logonew2018-2.webp\",\"width\":166,\"height\":110,\"caption\":\"RIDEAUX COUTURE\"},\"image\":{\"@id\":\"https:\\\/\\\/paule-vasseur.com\\\/nl\\\/#\\\/schema\\\/logo\\\/image\\\/\"}}]}<\/script>\n<!-- \/ Yoast SEO plugin. -->","yoast_head_json":{"title":"Panier - PAULE VASSEUR","robots":{"index":"index","follow":"follow","max-snippet":"max-snippet:-1","max-image-preview":"max-image-preview:large","max-video-preview":"max-video-preview:-1"},"canonical":"https:\/\/paule-vasseur.com\/nl\/panier\/","og_locale":"nl_BE","og_type":"article","og_title":"Panier - PAULE VASSEUR","og_url":"https:\/\/paule-vasseur.com\/nl\/panier\/","og_site_name":"PAULE VASSEUR","article_modified_time":"2025-09-23T13:36:46+00:00","twitter_card":"summary_large_image","twitter_misc":{"Geschatte leestijd":"1 minuut"},"schema":{"@context":"https:\/\/schema.org","@graph":[{"@type":"WebPage","@id":"https:\/\/paule-vasseur.com\/nl\/panier\/","url":"https:\/\/paule-vasseur.com\/nl\/panier\/","name":"Panier - PAULE VASSEUR","isPartOf":{"@id":"https:\/\/paule-vasseur.com\/nl\/#website"},"datePublished":"2025-04-17T08:59:19+00:00","dateModified":"2025-09-23T13:36:46+00:00","breadcrumb":{"@id":"https:\/\/paule-vasseur.com\/nl\/panier\/#breadcrumb"},"inLanguage":"nl-BE","potentialAction":[{"@type":"ReadAction","target":["https:\/\/paule-vasseur.com\/nl\/panier\/"]}]},{"@type":"BreadcrumbList","@id":"https:\/\/paule-vasseur.com\/nl\/panier\/#breadcrumb","itemListElement":[{"@type":"ListItem","position":1,"name":"Accueil","item":"https:\/\/paule-vasseur.com\/"},{"@type":"ListItem","position":2,"name":"Panier"}]},{"@type":"WebSite","@id":"https:\/\/paule-vasseur.com\/nl\/#website","url":"https:\/\/paule-vasseur.com\/nl\/","name":"GORDIJNEN NAAIEN","description":"","publisher":{"@id":"https:\/\/paule-vasseur.com\/nl\/#organization"},"potentialAction":[{"@type":"SearchAction","target":{"@type":"EntryPoint","urlTemplate":"https:\/\/paule-vasseur.com\/nl\/?s={search_term_string}"},"query-input":{"@type":"PropertyValueSpecification","valueRequired":true,"valueName":"search_term_string"}}],"inLanguage":"nl-BE"},{"@type":"Organization","@id":"https:\/\/paule-vasseur.com\/nl\/#organization","name":"GORDIJNEN NAAIEN","url":"https:\/\/paule-vasseur.com\/nl\/","logo":{"@type":"ImageObject","inLanguage":"nl-BE","@id":"https:\/\/paule-vasseur.com\/nl\/#\/schema\/logo\/image\/","url":"https:\/\/paule-vasseur.com\/wp-content\/uploads\/2025\/09\/cropped-cropped-logonew2018-2.webp","contentUrl":"https:\/\/paule-vasseur.com\/wp-content\/uploads\/2025\/09\/cropped-cropped-logonew2018-2.webp","width":166,"height":110,"caption":"RIDEAUX COUTURE"},"image":{"@id":"https:\/\/paule-vasseur.com\/nl\/#\/schema\/logo\/image\/"}}]}},"_links":{"self":[{"href":"https:\/\/paule-vasseur.com\/nl\/wp-json\/wp\/v2\/pages\/2118","targetHints":{"allow":["GET"]}}],"collection":[{"href":"https:\/\/paule-vasseur.com\/nl\/wp-json\/wp\/v2\/pages"}],"about":[{"href":"https:\/\/paule-vasseur.com\/nl\/wp-json\/wp\/v2\/types\/page"}],"author":[{"embeddable":true,"href":"https:\/\/paule-vasseur.com\/nl\/wp-json\/wp\/v2\/users\/1"}],"replies":[{"embeddable":true,"href":"https:\/\/paule-vasseur.com\/nl\/wp-json\/wp\/v2\/comments?post=2118"}],"version-history":[{"count":2,"href":"https:\/\/paule-vasseur.com\/nl\/wp-json\/wp\/v2\/pages\/2118\/revisions"}],"predecessor-version":[{"id":68265,"href":"https:\/\/paule-vasseur.com\/nl\/wp-json\/wp\/v2\/pages\/2118\/revisions\/68265"}],"wp:attachment":[{"href":"https:\/\/paule-vasseur.com\/nl\/wp-json\/wp\/v2\/media?parent=2118"}],"wp:term":[{"taxonomy":"folder","embeddable":true,"href":"https:\/\/paule-vasseur.com\/nl\/wp-json\/wp\/v2\/folder?post=2118"}],"curies":[{"name":"wp","href":"https:\/\/api.w.org\/{rel}","templated":true}]}}