{"id":75387,"date":"2025-09-19T15:19:49","date_gmt":"2025-09-19T13:19:49","guid":{"rendered":"https:\/\/paule-vasseur.com\/?page_id=75387"},"modified":"2025-09-22T16:49:50","modified_gmt":"2025-09-22T14:49:50","slug":"choisir-robe-cocktail-mariage-invitee","status":"publish","type":"page","link":"https:\/\/paule-vasseur.com\/nl\/choisir-robe-cocktail-mariage-invitee.htm","title":{"rendered":"De outfit van je bruiloftsgast kiezen Paule Vasseur"},"content":{"rendered":"<div class=\"wp-block-image\">\n<figure class=\"aligncenter size-full is-resized\"><img loading=\"lazy\" decoding=\"async\" width=\"1160\" height=\"100\" src=\"https:\/\/paule-vasseur.com\/wp-content\/uploads\/2025\/09\/double_ligne-removebg-preview.png\" alt=\"\" class=\"wp-image-69230\" style=\"width:414px;height:auto\" srcset=\"https:\/\/paule-vasseur.com\/wp-content\/uploads\/2025\/09\/double_ligne-removebg-preview.png 1160w, https:\/\/paule-vasseur.com\/wp-content\/uploads\/2025\/09\/double_ligne-removebg-preview-500x43.png 500w, https:\/\/paule-vasseur.com\/wp-content\/uploads\/2025\/09\/double_ligne-removebg-preview-1024x88.png 1024w, https:\/\/paule-vasseur.com\/wp-content\/uploads\/2025\/09\/double_ligne-removebg-preview-768x66.png 768w, https:\/\/paule-vasseur.com\/wp-content\/uploads\/2025\/09\/double_ligne-removebg-preview-650x56.png 650w\" sizes=\"auto, (max-width: 1160px) 100vw, 1160px\" \/><\/figure>\n<\/div>\n\n<style>.kb-row-layout-id75387_03e364-10 > .kt-row-column-wrap{align-content:start;}:where(.kb-row-layout-id75387_03e364-10 > .kt-row-column-wrap) > .wp-block-kadence-column{justify-content:start;}.kb-row-layout-id75387_03e364-10 > .kt-row-column-wrap{column-gap:var(--global-kb-gap-lg, 4rem);row-gap:var(--global-kb-gap-md, 2rem);padding-top:var(--global-kb-spacing-sm, 1.5rem);padding-bottom:var(--global-kb-spacing-sm, 1.5rem);grid-template-columns:minmax(0, calc(65% - ((var(--global-kb-gap-lg, 4rem) * 1 )\/2)))minmax(0, calc(35% - ((var(--global-kb-gap-lg, 4rem) * 1 )\/2)));}.kb-row-layout-id75387_03e364-10 > .kt-row-layout-overlay{opacity:0.30;}@media all and (max-width: 1024px){.kb-row-layout-id75387_03e364-10 > .kt-row-column-wrap{grid-template-columns:repeat(2, minmax(0, 1fr));}}@media all and (max-width: 767px){.kb-row-layout-id75387_03e364-10 > .kt-row-column-wrap{grid-template-columns:minmax(0, 1fr);}}<\/style><div class=\"kb-row-layout-wrap kb-row-layout-id75387_03e364-10 alignnone wp-block-kadence-rowlayout\"><div class=\"kt-row-column-wrap kt-has-2-columns kt-row-layout-equal kt-tab-layout-inherit kt-mobile-layout-row kt-row-valign-top\">\n<style>.kadence-column75387_bbb36f-78 > .kt-inside-inner-col,.kadence-column75387_bbb36f-78 > .kt-inside-inner-col:before{border-top-left-radius:0px;border-top-right-radius:0px;border-bottom-right-radius:0px;border-bottom-left-radius:0px;}.kadence-column75387_bbb36f-78 > .kt-inside-inner-col{column-gap:var(--global-kb-gap-sm, 1rem);}.kadence-column75387_bbb36f-78 > .kt-inside-inner-col{flex-direction:column;}.kadence-column75387_bbb36f-78 > .kt-inside-inner-col > .aligncenter{width:100%;}.kadence-column75387_bbb36f-78 > .kt-inside-inner-col:before{opacity:0.3;}.kadence-column75387_bbb36f-78{position:relative;}@media all and (max-width: 1024px){.kadence-column75387_bbb36f-78 > .kt-inside-inner-col{flex-direction:column;justify-content:center;}}@media all and (max-width: 767px){.kadence-column75387_bbb36f-78 > .kt-inside-inner-col{flex-direction:column;justify-content:center;}}<\/style>\n<div class=\"wp-block-kadence-column kadence-column75387_bbb36f-78\"><div class=\"kt-inside-inner-col\">\n<h2 class=\"wp-block-heading\">Ben je uitgenodigd voor een bruiloft?<\/h2>\n\n\n\n<p>Wil je opvallen zonder de bruid of de schoonmoeders te overschaduwen?<br><br>Hier zijn een paar tips om je te helpen de juiste keuze te maken:<br>Zoek eerst uit wat de dresscode is.<br>De dresscode is een stilistisch thema: de geest van een tijdperk, levensstijl, kleur, accessoire of detail dat door de bruid en bruidegom wordt gewenst en dat een onderscheidend kenmerk zal zijn en alle gasten zal verenigen.<br><br>Wit, ivoor en champagne zijn de kleuren die gereserveerd zijn voor de bruid.\u00a0<br>Zwart is weliswaar elegant, maar kan de gelaatstrekken soms verharden.\u00a0<br>Profiteer in de zomer van deze gelukkige dag om kleur te dragen.<\/p>\n\n\n\n<p>Steeds vaker worden korte namiddagoutfits gereserveerd voor middagceremonies (stadhuis, kerkdienst en vin d'honneur) en bij avondevenementen worden lange jurken of geraffineerde outfits gebruikt om de cocktails voor het diner en het daaropvolgende bal op te waarderen!<br>Gun jezelf een hoed of gevederde hoofdtooi om je silhouet af te maken en te verbeteren.<br>Het is op een bruiloft dat je het je kunt veroorloven!<br>Last but not least, verfraai je jurk en je teint met de perfecte make-up!<br><br>In onze collectie vind je evenveel kleurrijke antwoorden als vormen waarmee je opvalt: strapless jurken, sheath jurken, met of zonder kant, in een klassieke stijl of jaren 50 cocktailstijl.<\/p>\n\n\n\n<p>Bel ons op <strong>01 80 83 68 52<\/strong><\/p>\n<\/div><\/div>\n\n\n<style>.kadence-column75387_be4203-f2 > .kt-inside-inner-col,.kadence-column75387_be4203-f2 > .kt-inside-inner-col:before{border-top-left-radius:0px;border-top-right-radius:0px;border-bottom-right-radius:0px;border-bottom-left-radius:0px;}.kadence-column75387_be4203-f2 > .kt-inside-inner-col{column-gap:var(--global-kb-gap-sm, 1rem);}.kadence-column75387_be4203-f2 > .kt-inside-inner-col{flex-direction:column;}.kadence-column75387_be4203-f2 > .kt-inside-inner-col > .aligncenter{width:100%;}.kadence-column75387_be4203-f2 > .kt-inside-inner-col:before{opacity:0.3;}.kadence-column75387_be4203-f2{position:relative;}@media all and (max-width: 1024px){.kadence-column75387_be4203-f2 > .kt-inside-inner-col{flex-direction:column;justify-content:center;}}@media all and (max-width: 767px){.kadence-column75387_be4203-f2 > .kt-inside-inner-col{flex-direction:column;justify-content:center;}}<\/style>\n<div class=\"wp-block-kadence-column kadence-column75387_be4203-f2\"><div class=\"kt-inside-inner-col\"><style>.kb-image75387_661775-56 .kb-image-has-overlay:after{opacity:0.3;}<\/style>\n<figure class=\"wp-block-kadence-image kb-image75387_661775-56 size-large kb-image-is-ratio-size\"><div class=\"kb-is-ratio-image kb-image-ratio-port23\"><img loading=\"lazy\" decoding=\"async\" width=\"683\" height=\"1024\" src=\"https:\/\/paule-vasseur.com\/wp-content\/uploads\/2025\/09\/veste-mariage-en-tweed-VOGUE-zoom-1-683x1024.webp\" alt=\"\" class=\"kb-img wp-image-75626\" srcset=\"https:\/\/paule-vasseur.com\/wp-content\/uploads\/2025\/09\/veste-mariage-en-tweed-VOGUE-zoom-1-683x1024.webp 683w, https:\/\/paule-vasseur.com\/wp-content\/uploads\/2025\/09\/veste-mariage-en-tweed-VOGUE-zoom-1-333x500.webp 333w, https:\/\/paule-vasseur.com\/wp-content\/uploads\/2025\/09\/veste-mariage-en-tweed-VOGUE-zoom-1-768x1152.webp 768w, https:\/\/paule-vasseur.com\/wp-content\/uploads\/2025\/09\/veste-mariage-en-tweed-VOGUE-zoom-1-1024x1536.webp 1024w, https:\/\/paule-vasseur.com\/wp-content\/uploads\/2025\/09\/veste-mariage-en-tweed-VOGUE-zoom-1-500x750.webp 500w, https:\/\/paule-vasseur.com\/wp-content\/uploads\/2025\/09\/veste-mariage-en-tweed-VOGUE-zoom-1-650x975.webp 650w, https:\/\/paule-vasseur.com\/wp-content\/uploads\/2025\/09\/veste-mariage-en-tweed-VOGUE-zoom-1.webp 1067w\" sizes=\"auto, (max-width: 683px) 100vw, 683px\" \/><\/div><\/figure>\n<\/div><\/div>\n\n<\/div><\/div>\n\n\n<p><\/p>","protected":false},"excerpt":{"rendered":"<p>Vous \u00eates invit\u00e9e \u00e0 un mariage ? Vous avez envie d&rsquo;\u00eatre remarqu\u00e9e sans \u00e9clipser la mari\u00e9e ni les belles-mamans ? Voici quelques conseils pour vous aider dans votre choix :Tout d&rsquo;abord, renseignez vous sur le dress-code impos\u00e9.Le dress-code est un th\u00e8me stylistique: esprit d&rsquo;une \u00e9poque, mode de vie, couleur, accessoire ou d\u00e9tail d\u00e9sir\u00e9s par les&#8230;<\/p>","protected":false},"author":1,"featured_media":0,"parent":0,"menu_order":0,"comment_status":"closed","ping_status":"closed","template":"","meta":{"_kadence_starter_templates_imported_post":false,"_kad_post_transparent":"","_kad_post_title":"","_kad_post_layout":"","_kad_post_sidebar_id":"","_kad_post_content_style":"","_kad_post_vertical_padding":"","_kad_post_feature":"","_kad_post_feature_position":"","_kad_post_header":false,"_kad_post_footer":false,"_kad_post_classname":"","footnotes":""},"folder":[4182],"class_list":["post-75387","page","type-page","status-publish","hentry"],"yoast_head":"<!-- This site is optimized with the Yoast SEO plugin v27.4 - https:\/\/yoast.com\/product\/yoast-seo-wordpress\/ -->\n<title>Choisir sa tenue d&#039;invit\u00e9e de mariage\u00a0Paule Vasseur - PAULE VASSEUR<\/title>\n<meta name=\"robots\" content=\"index, follow, max-snippet:-1, max-image-preview:large, max-video-preview:-1\" \/>\n<link rel=\"canonical\" href=\"https:\/\/paule-vasseur.com\/nl\/kies-cocktailjurk-bruiloft-invitee-htm\" \/>\n<meta property=\"og:locale\" content=\"nl_BE\" \/>\n<meta property=\"og:type\" content=\"article\" \/>\n<meta property=\"og:title\" content=\"Choisir sa tenue d&#039;invit\u00e9e de mariage\u00a0Paule Vasseur - PAULE VASSEUR\" \/>\n<meta property=\"og:description\" content=\"Vous \u00eates invit\u00e9e \u00e0 un mariage ? Vous avez envie d&rsquo;\u00eatre remarqu\u00e9e sans \u00e9clipser la mari\u00e9e ni les belles-mamans ? Voici quelques conseils pour vous aider dans votre choix :Tout d&rsquo;abord, renseignez vous sur le dress-code impos\u00e9.Le dress-code est un th\u00e8me stylistique: esprit d&rsquo;une \u00e9poque, mode de vie, couleur, accessoire ou d\u00e9tail d\u00e9sir\u00e9s par les...\" \/>\n<meta property=\"og:url\" content=\"https:\/\/paule-vasseur.com\/nl\/kies-cocktailjurk-bruiloft-invitee-htm\" \/>\n<meta property=\"og:site_name\" content=\"PAULE VASSEUR\" \/>\n<meta property=\"article:modified_time\" content=\"2025-09-22T14:49:50+00:00\" \/>\n<meta property=\"og:image\" content=\"https:\/\/paule-vasseur.com\/wp-content\/uploads\/2025\/09\/double_ligne-removebg-preview.png\" \/>\n\t<meta property=\"og:image:width\" content=\"1160\" \/>\n\t<meta property=\"og:image:height\" content=\"100\" \/>\n\t<meta property=\"og:image:type\" content=\"image\/png\" \/>\n<meta name=\"twitter:card\" content=\"summary_large_image\" \/>\n<meta name=\"twitter:label1\" content=\"Geschatte leestijd\" \/>\n\t<meta name=\"twitter:data1\" content=\"2 minuten\" \/>\n<script type=\"application\/ld+json\" class=\"yoast-schema-graph\">{\"@context\":\"https:\\\/\\\/schema.org\",\"@graph\":[{\"@type\":\"WebPage\",\"@id\":\"https:\\\/\\\/paule-vasseur.com\\\/nl\\\/choisir-robe-cocktail-mariage-invitee.htm\",\"url\":\"https:\\\/\\\/paule-vasseur.com\\\/nl\\\/choisir-robe-cocktail-mariage-invitee.htm\",\"name\":\"Choisir sa tenue d'invit\u00e9e de mariage\u00a0Paule Vasseur - PAULE VASSEUR\",\"isPartOf\":{\"@id\":\"https:\\\/\\\/paule-vasseur.com\\\/nl\\\/#website\"},\"primaryImageOfPage\":{\"@id\":\"https:\\\/\\\/paule-vasseur.com\\\/nl\\\/choisir-robe-cocktail-mariage-invitee.htm#primaryimage\"},\"image\":{\"@id\":\"https:\\\/\\\/paule-vasseur.com\\\/nl\\\/choisir-robe-cocktail-mariage-invitee.htm#primaryimage\"},\"thumbnailUrl\":\"https:\\\/\\\/paule-vasseur.com\\\/wp-content\\\/uploads\\\/2025\\\/09\\\/double_ligne-removebg-preview.png\",\"datePublished\":\"2025-09-19T13:19:49+00:00\",\"dateModified\":\"2025-09-22T14:49:50+00:00\",\"breadcrumb\":{\"@id\":\"https:\\\/\\\/paule-vasseur.com\\\/nl\\\/choisir-robe-cocktail-mariage-invitee.htm#breadcrumb\"},\"inLanguage\":\"nl-BE\",\"potentialAction\":[{\"@type\":\"ReadAction\",\"target\":[\"https:\\\/\\\/paule-vasseur.com\\\/nl\\\/choisir-robe-cocktail-mariage-invitee.htm\"]}]},{\"@type\":\"ImageObject\",\"inLanguage\":\"nl-BE\",\"@id\":\"https:\\\/\\\/paule-vasseur.com\\\/nl\\\/choisir-robe-cocktail-mariage-invitee.htm#primaryimage\",\"url\":\"https:\\\/\\\/paule-vasseur.com\\\/wp-content\\\/uploads\\\/2025\\\/09\\\/double_ligne-removebg-preview.png\",\"contentUrl\":\"https:\\\/\\\/paule-vasseur.com\\\/wp-content\\\/uploads\\\/2025\\\/09\\\/double_ligne-removebg-preview.png\"},{\"@type\":\"BreadcrumbList\",\"@id\":\"https:\\\/\\\/paule-vasseur.com\\\/nl\\\/choisir-robe-cocktail-mariage-invitee.htm#breadcrumb\",\"itemListElement\":[{\"@type\":\"ListItem\",\"position\":1,\"name\":\"Accueil\",\"item\":\"https:\\\/\\\/paule-vasseur.com\\\/\"},{\"@type\":\"ListItem\",\"position\":2,\"name\":\"Choisir sa tenue d&rsquo;invit\u00e9e de mariage\u00a0Paule Vasseur\"}]},{\"@type\":\"WebSite\",\"@id\":\"https:\\\/\\\/paule-vasseur.com\\\/nl\\\/#website\",\"url\":\"https:\\\/\\\/paule-vasseur.com\\\/nl\\\/\",\"name\":\"RIDEAUX COUTURE\",\"description\":\"\",\"publisher\":{\"@id\":\"https:\\\/\\\/paule-vasseur.com\\\/nl\\\/#organization\"},\"potentialAction\":[{\"@type\":\"SearchAction\",\"target\":{\"@type\":\"EntryPoint\",\"urlTemplate\":\"https:\\\/\\\/paule-vasseur.com\\\/nl\\\/?s={search_term_string}\"},\"query-input\":{\"@type\":\"PropertyValueSpecification\",\"valueRequired\":true,\"valueName\":\"search_term_string\"}}],\"inLanguage\":\"nl-BE\"},{\"@type\":\"Organization\",\"@id\":\"https:\\\/\\\/paule-vasseur.com\\\/nl\\\/#organization\",\"name\":\"RIDEAUX COUTURE\",\"url\":\"https:\\\/\\\/paule-vasseur.com\\\/nl\\\/\",\"logo\":{\"@type\":\"ImageObject\",\"inLanguage\":\"nl-BE\",\"@id\":\"https:\\\/\\\/paule-vasseur.com\\\/nl\\\/#\\\/schema\\\/logo\\\/image\\\/\",\"url\":\"https:\\\/\\\/paule-vasseur.com\\\/wp-content\\\/uploads\\\/2025\\\/09\\\/cropped-cropped-logonew2018-2.webp\",\"contentUrl\":\"https:\\\/\\\/paule-vasseur.com\\\/wp-content\\\/uploads\\\/2025\\\/09\\\/cropped-cropped-logonew2018-2.webp\",\"width\":166,\"height\":110,\"caption\":\"RIDEAUX COUTURE\"},\"image\":{\"@id\":\"https:\\\/\\\/paule-vasseur.com\\\/nl\\\/#\\\/schema\\\/logo\\\/image\\\/\"}}]}<\/script>\n<!-- \/ Yoast SEO plugin. -->","yoast_head_json":{"title":"De outfit van je bruiloftsgast kiezen Paule Vasseur - PAULE VASSEUR","robots":{"index":"index","follow":"follow","max-snippet":"max-snippet:-1","max-image-preview":"max-image-preview:large","max-video-preview":"max-video-preview:-1"},"canonical":"https:\/\/paule-vasseur.com\/nl\/kies-cocktailjurk-bruiloft-invitee-htm","og_locale":"nl_BE","og_type":"article","og_title":"Choisir sa tenue d'invit\u00e9e de mariage\u00a0Paule Vasseur - PAULE VASSEUR","og_description":"Vous \u00eates invit\u00e9e \u00e0 un mariage ? Vous avez envie d&rsquo;\u00eatre remarqu\u00e9e sans \u00e9clipser la mari\u00e9e ni les belles-mamans ? Voici quelques conseils pour vous aider dans votre choix :Tout d&rsquo;abord, renseignez vous sur le dress-code impos\u00e9.Le dress-code est un th\u00e8me stylistique: esprit d&rsquo;une \u00e9poque, mode de vie, couleur, accessoire ou d\u00e9tail d\u00e9sir\u00e9s par les...","og_url":"https:\/\/paule-vasseur.com\/nl\/kies-cocktailjurk-bruiloft-invitee-htm","og_site_name":"PAULE VASSEUR","article_modified_time":"2025-09-22T14:49:50+00:00","og_image":[{"width":1160,"height":100,"url":"https:\/\/paule-vasseur.com\/wp-content\/uploads\/2025\/09\/double_ligne-removebg-preview.png","type":"image\/png"}],"twitter_card":"summary_large_image","twitter_misc":{"Geschatte leestijd":"2 minuten"},"schema":{"@context":"https:\/\/schema.org","@graph":[{"@type":"WebPage","@id":"https:\/\/paule-vasseur.com\/nl\/choisir-robe-cocktail-mariage-invitee.htm","url":"https:\/\/paule-vasseur.com\/nl\/choisir-robe-cocktail-mariage-invitee.htm","name":"De outfit van je bruiloftsgast kiezen Paule Vasseur - PAULE VASSEUR","isPartOf":{"@id":"https:\/\/paule-vasseur.com\/nl\/#website"},"primaryImageOfPage":{"@id":"https:\/\/paule-vasseur.com\/nl\/choisir-robe-cocktail-mariage-invitee.htm#primaryimage"},"image":{"@id":"https:\/\/paule-vasseur.com\/nl\/choisir-robe-cocktail-mariage-invitee.htm#primaryimage"},"thumbnailUrl":"https:\/\/paule-vasseur.com\/wp-content\/uploads\/2025\/09\/double_ligne-removebg-preview.png","datePublished":"2025-09-19T13:19:49+00:00","dateModified":"2025-09-22T14:49:50+00:00","breadcrumb":{"@id":"https:\/\/paule-vasseur.com\/nl\/choisir-robe-cocktail-mariage-invitee.htm#breadcrumb"},"inLanguage":"nl-BE","potentialAction":[{"@type":"ReadAction","target":["https:\/\/paule-vasseur.com\/nl\/choisir-robe-cocktail-mariage-invitee.htm"]}]},{"@type":"ImageObject","inLanguage":"nl-BE","@id":"https:\/\/paule-vasseur.com\/nl\/choisir-robe-cocktail-mariage-invitee.htm#primaryimage","url":"https:\/\/paule-vasseur.com\/wp-content\/uploads\/2025\/09\/double_ligne-removebg-preview.png","contentUrl":"https:\/\/paule-vasseur.com\/wp-content\/uploads\/2025\/09\/double_ligne-removebg-preview.png"},{"@type":"BreadcrumbList","@id":"https:\/\/paule-vasseur.com\/nl\/choisir-robe-cocktail-mariage-invitee.htm#breadcrumb","itemListElement":[{"@type":"ListItem","position":1,"name":"Accueil","item":"https:\/\/paule-vasseur.com\/"},{"@type":"ListItem","position":2,"name":"Choisir sa tenue d&rsquo;invit\u00e9e de mariage\u00a0Paule Vasseur"}]},{"@type":"WebSite","@id":"https:\/\/paule-vasseur.com\/nl\/#website","url":"https:\/\/paule-vasseur.com\/nl\/","name":"GORDIJNEN NAAIEN","description":"","publisher":{"@id":"https:\/\/paule-vasseur.com\/nl\/#organization"},"potentialAction":[{"@type":"SearchAction","target":{"@type":"EntryPoint","urlTemplate":"https:\/\/paule-vasseur.com\/nl\/?s={search_term_string}"},"query-input":{"@type":"PropertyValueSpecification","valueRequired":true,"valueName":"search_term_string"}}],"inLanguage":"nl-BE"},{"@type":"Organization","@id":"https:\/\/paule-vasseur.com\/nl\/#organization","name":"GORDIJNEN NAAIEN","url":"https:\/\/paule-vasseur.com\/nl\/","logo":{"@type":"ImageObject","inLanguage":"nl-BE","@id":"https:\/\/paule-vasseur.com\/nl\/#\/schema\/logo\/image\/","url":"https:\/\/paule-vasseur.com\/wp-content\/uploads\/2025\/09\/cropped-cropped-logonew2018-2.webp","contentUrl":"https:\/\/paule-vasseur.com\/wp-content\/uploads\/2025\/09\/cropped-cropped-logonew2018-2.webp","width":166,"height":110,"caption":"RIDEAUX COUTURE"},"image":{"@id":"https:\/\/paule-vasseur.com\/nl\/#\/schema\/logo\/image\/"}}]}},"_links":{"self":[{"href":"https:\/\/paule-vasseur.com\/nl\/wp-json\/wp\/v2\/pages\/75387","targetHints":{"allow":["GET"]}}],"collection":[{"href":"https:\/\/paule-vasseur.com\/nl\/wp-json\/wp\/v2\/pages"}],"about":[{"href":"https:\/\/paule-vasseur.com\/nl\/wp-json\/wp\/v2\/types\/page"}],"author":[{"embeddable":true,"href":"https:\/\/paule-vasseur.com\/nl\/wp-json\/wp\/v2\/users\/1"}],"replies":[{"embeddable":true,"href":"https:\/\/paule-vasseur.com\/nl\/wp-json\/wp\/v2\/comments?post=75387"}],"version-history":[{"count":10,"href":"https:\/\/paule-vasseur.com\/nl\/wp-json\/wp\/v2\/pages\/75387\/revisions"}],"predecessor-version":[{"id":75629,"href":"https:\/\/paule-vasseur.com\/nl\/wp-json\/wp\/v2\/pages\/75387\/revisions\/75629"}],"wp:attachment":[{"href":"https:\/\/paule-vasseur.com\/nl\/wp-json\/wp\/v2\/media?parent=75387"}],"wp:term":[{"taxonomy":"folder","embeddable":true,"href":"https:\/\/paule-vasseur.com\/nl\/wp-json\/wp\/v2\/folder?post=75387"}],"curies":[{"name":"wp","href":"https:\/\/api.w.org\/{rel}","templated":true}]}}