{"id":75909,"date":"2025-09-23T16:51:03","date_gmt":"2025-09-23T14:51:03","guid":{"rendered":"https:\/\/paule-vasseur.com\/?page_id=75909"},"modified":"2025-09-29T10:47:28","modified_gmt":"2025-09-29T08:47:28","slug":"formulaire-rendez-vous-et-contact","status":"publish","type":"page","link":"https:\/\/paule-vasseur.com\/nl\/formulaire-rendez-vous-et-contact.htm","title":{"rendered":"Contact- en afsprakenformulier Paule Vasseur"},"content":{"rendered":"<div class=\"wp-block-image\">\n<figure class=\"aligncenter size-full is-resized\"><img loading=\"lazy\" decoding=\"async\" width=\"1160\" height=\"100\" src=\"https:\/\/paule-vasseur.com\/wp-content\/uploads\/2025\/09\/double_ligne-removebg-preview.png\" alt=\"\" class=\"wp-image-69230\" style=\"width:414px;height:auto\" srcset=\"https:\/\/paule-vasseur.com\/wp-content\/uploads\/2025\/09\/double_ligne-removebg-preview.png 1160w, https:\/\/paule-vasseur.com\/wp-content\/uploads\/2025\/09\/double_ligne-removebg-preview-500x43.png 500w, https:\/\/paule-vasseur.com\/wp-content\/uploads\/2025\/09\/double_ligne-removebg-preview-1024x88.png 1024w, https:\/\/paule-vasseur.com\/wp-content\/uploads\/2025\/09\/double_ligne-removebg-preview-768x66.png 768w, https:\/\/paule-vasseur.com\/wp-content\/uploads\/2025\/09\/double_ligne-removebg-preview-650x56.png 650w\" sizes=\"auto, (max-width: 1160px) 100vw, 1160px\" \/><\/figure>\n<\/div>\n\n<style>.kb-row-layout-id75909_e17fa9-cd > .kt-row-column-wrap{align-content:start;}:where(.kb-row-layout-id75909_e17fa9-cd > .kt-row-column-wrap) > .wp-block-kadence-column{justify-content:start;}.kb-row-layout-id75909_e17fa9-cd > .kt-row-column-wrap{column-gap:var(--global-kb-gap-md, 2rem);row-gap:var(--global-kb-gap-md, 2rem);padding-top:var(--global-kb-spacing-sm, 1.5rem);padding-bottom:var(--global-kb-spacing-sm, 1.5rem);grid-template-columns:minmax(0, calc(55% - ((var(--global-kb-gap-md, 2rem) * 1 )\/2)))minmax(0, calc(45% - ((var(--global-kb-gap-md, 2rem) * 1 )\/2)));}.kb-row-layout-id75909_e17fa9-cd > .kt-row-layout-overlay{opacity:0.30;}@media all and (max-width: 1024px){.kb-row-layout-id75909_e17fa9-cd > .kt-row-column-wrap{grid-template-columns:repeat(2, minmax(0, 1fr));}}@media all and (max-width: 767px){.kb-row-layout-id75909_e17fa9-cd > .kt-row-column-wrap{grid-template-columns:minmax(0, 1fr);}}<\/style><div class=\"kb-row-layout-wrap kb-row-layout-id75909_e17fa9-cd alignnone wp-block-kadence-rowlayout\"><div class=\"kt-row-column-wrap kt-has-2-columns kt-row-layout-equal kt-tab-layout-inherit kt-mobile-layout-row kt-row-valign-top\">\n<style>.kadence-column75909_4a7614-34 > .kt-inside-inner-col,.kadence-column75909_4a7614-34 > .kt-inside-inner-col:before{border-top-left-radius:0px;border-top-right-radius:0px;border-bottom-right-radius:0px;border-bottom-left-radius:0px;}.kadence-column75909_4a7614-34 > .kt-inside-inner-col{column-gap:var(--global-kb-gap-sm, 1rem);}.kadence-column75909_4a7614-34 > .kt-inside-inner-col{flex-direction:column;}.kadence-column75909_4a7614-34 > .kt-inside-inner-col > .aligncenter{width:100%;}.kadence-column75909_4a7614-34 > .kt-inside-inner-col:before{opacity:0.3;}.kadence-column75909_4a7614-34{position:relative;}@media all and (max-width: 1024px){.kadence-column75909_4a7614-34 > .kt-inside-inner-col{flex-direction:column;justify-content:center;}}@media all and (max-width: 767px){.kadence-column75909_4a7614-34 > .kt-inside-inner-col{flex-direction:column;justify-content:center;}}<\/style>\n<div class=\"wp-block-kadence-column kadence-column75909_4a7614-34\"><div class=\"kt-inside-inner-col\"><style>.kb-image75909_6f68d2-9c .kb-image-has-overlay:after{opacity:0.3;}<\/style>\n<figure class=\"wp-block-kadence-image kb-image75909_6f68d2-9c size-full kb-image-is-ratio-size\"><div class=\"kb-is-ratio-image kb-image-ratio-land43\"><img loading=\"lazy\" decoding=\"async\" width=\"936\" height=\"626\" src=\"https:\/\/paule-vasseur.com\/wp-content\/uploads\/2025\/09\/LDG-HERMIONE-AOUT2021.jpg\" alt=\"\" class=\"kb-img wp-image-75905\" srcset=\"https:\/\/paule-vasseur.com\/wp-content\/uploads\/2025\/09\/LDG-HERMIONE-AOUT2021.jpg 936w, https:\/\/paule-vasseur.com\/wp-content\/uploads\/2025\/09\/LDG-HERMIONE-AOUT2021-500x334.jpg 500w, https:\/\/paule-vasseur.com\/wp-content\/uploads\/2025\/09\/LDG-HERMIONE-AOUT2021-768x514.jpg 768w, https:\/\/paule-vasseur.com\/wp-content\/uploads\/2025\/09\/LDG-HERMIONE-AOUT2021-650x435.jpg 650w\" sizes=\"auto, (max-width: 936px) 100vw, 936px\" \/><\/div><\/figure>\n<\/div><\/div>\n\n\n<style>.kadence-column75909_10aacd-4d > .kt-inside-inner-col,.kadence-column75909_10aacd-4d > .kt-inside-inner-col:before{border-top-left-radius:0px;border-top-right-radius:0px;border-bottom-right-radius:0px;border-bottom-left-radius:0px;}.kadence-column75909_10aacd-4d > .kt-inside-inner-col{column-gap:var(--global-kb-gap-sm, 1rem);}.kadence-column75909_10aacd-4d > .kt-inside-inner-col{flex-direction:column;}.kadence-column75909_10aacd-4d > .kt-inside-inner-col > .aligncenter{width:100%;}.kadence-column75909_10aacd-4d > .kt-inside-inner-col:before{opacity:0.3;}.kadence-column75909_10aacd-4d{position:relative;}@media all and (max-width: 1024px){.kadence-column75909_10aacd-4d > .kt-inside-inner-col{flex-direction:column;justify-content:center;}}@media all and (max-width: 767px){.kadence-column75909_10aacd-4d > .kt-inside-inner-col{flex-direction:column;justify-content:center;}}<\/style>\n<div class=\"wp-block-kadence-column kadence-column75909_10aacd-4d\"><div class=\"kt-inside-inner-col\">\n<h2 class=\"wp-block-heading\">CONTACT &amp; AFSPRAKEN PAULE VASSEUR<\/h2>\n\n\n\n<p>Om onze nieuwe Paule Vasseur 2025 formele collecties te ontdekken, maak een afspraak via onderstaand formulier.<\/p>\n\n\n\n<p>Geef je keuze en maat op voor het passen.<br>We zullen ons best doen om je bezoek te organiseren.<\/p>\n\n\n\n<p><br>Vul dit formulier in om contact met ons op te nemen:<br><br>We bieden een persoonlijke service, pasvormen en verbouwingen.<\/p>\n\n\n\n<p>We kunnen je ook stofstalen per post sturen.<br>Bel ons of stuur ons een e-mail...<\/p>\n\n\n\n<div class=\"wp-block-buttons is-content-justification-center is-layout-flex wp-container-core-buttons-is-layout-16018d1d wp-block-buttons-is-layout-flex\">\n<div class=\"wp-block-button\"><a class=\"wp-block-button__link wp-element-button\" href=\"https:\/\/paule-vasseur.com\/nl\/contact-htm\/\">Neem contact met ons op<\/a><\/div>\n<\/div>\n<\/div><\/div>\n\n<\/div><\/div>\n\n\n<p><\/p>","protected":false},"excerpt":{"rendered":"<p>CONTACT &amp; RENDEZ-VOUS PAULE VASSEUR Pour d\u00e9couvrir nos nouvelles collections de tenues de c\u00e9r\u00e9monie Paule Vasseur 2025 merci de prendre rendez-vous via le formulaire ci-dessous. Par ailleurs, merci d&rsquo;indiquer votre s\u00e9lection et votre taille pour l&rsquo;essayage.Nous essaierons ainsi d&rsquo;organiser au mieux votre venue. Remplissez ce formulaire pour prendre contact avec nous : Nous mettons en&#8230;<\/p>","protected":false},"author":1,"featured_media":0,"parent":0,"menu_order":0,"comment_status":"closed","ping_status":"closed","template":"","meta":{"_kadence_starter_templates_imported_post":false,"_kad_post_transparent":"","_kad_post_title":"","_kad_post_layout":"","_kad_post_sidebar_id":"","_kad_post_content_style":"","_kad_post_vertical_padding":"","_kad_post_feature":"","_kad_post_feature_position":"","_kad_post_header":false,"_kad_post_footer":false,"_kad_post_classname":"","footnotes":""},"folder":[4272],"class_list":["post-75909","page","type-page","status-publish","hentry"],"yoast_head":"<!-- This site is optimized with the Yoast SEO plugin v27.4 - https:\/\/yoast.com\/product\/yoast-seo-wordpress\/ -->\n<title>Formulaire prise de contact et rendez-vous Paule Vasseur - PAULE VASSEUR<\/title>\n<meta name=\"description\" content=\"Vous mariez bient\u00f4t votre enfant ? Alors prenez Rendez-vous en ligne pour d\u00e9couvrir notre nouvelle collection. C&#039;est une \u00e9tape agr\u00e9able dans vos pr\u00e9paratifs mariage. Ou que vous alliez, les conseill\u00e8res Paule Vasseur sont exp\u00e9riment\u00e9es et vous recevront comme nulle part ailleurs : avec professionnalisme.\" \/>\n<meta name=\"robots\" content=\"index, follow, max-snippet:-1, max-image-preview:large, max-video-preview:-1\" \/>\n<link rel=\"canonical\" href=\"https:\/\/paule-vasseur.com\/nl\/afspraak-en-contactformulier-htm\" \/>\n<meta property=\"og:locale\" content=\"nl_BE\" \/>\n<meta property=\"og:type\" content=\"article\" \/>\n<meta property=\"og:title\" content=\"Formulaire prise de contact et rendez-vous Paule Vasseur - PAULE VASSEUR\" \/>\n<meta property=\"og:description\" content=\"Vous mariez bient\u00f4t votre enfant ? Alors prenez Rendez-vous en ligne pour d\u00e9couvrir notre nouvelle collection. C&#039;est une \u00e9tape agr\u00e9able dans vos pr\u00e9paratifs mariage. Ou que vous alliez, les conseill\u00e8res Paule Vasseur sont exp\u00e9riment\u00e9es et vous recevront comme nulle part ailleurs : avec professionnalisme.\" \/>\n<meta property=\"og:url\" content=\"https:\/\/paule-vasseur.com\/nl\/afspraak-en-contactformulier-htm\" \/>\n<meta property=\"og:site_name\" content=\"PAULE VASSEUR\" \/>\n<meta property=\"article:modified_time\" content=\"2025-09-29T08:47:28+00:00\" \/>\n<meta property=\"og:image\" content=\"https:\/\/paule-vasseur.com\/wp-content\/uploads\/2025\/09\/double_ligne-removebg-preview.png\" \/>\n\t<meta property=\"og:image:width\" content=\"1160\" \/>\n\t<meta property=\"og:image:height\" content=\"100\" \/>\n\t<meta property=\"og:image:type\" content=\"image\/png\" \/>\n<meta name=\"twitter:card\" content=\"summary_large_image\" \/>\n<meta name=\"twitter:label1\" content=\"Geschatte leestijd\" \/>\n\t<meta name=\"twitter:data1\" content=\"1 minuut\" \/>\n<script type=\"application\/ld+json\" class=\"yoast-schema-graph\">{\"@context\":\"https:\\\/\\\/schema.org\",\"@graph\":[{\"@type\":\"WebPage\",\"@id\":\"https:\\\/\\\/paule-vasseur.com\\\/nl\\\/formulaire-rendez-vous-et-contact.htm\",\"url\":\"https:\\\/\\\/paule-vasseur.com\\\/nl\\\/formulaire-rendez-vous-et-contact.htm\",\"name\":\"Formulaire prise de contact et rendez-vous Paule Vasseur - PAULE VASSEUR\",\"isPartOf\":{\"@id\":\"https:\\\/\\\/paule-vasseur.com\\\/nl\\\/#website\"},\"primaryImageOfPage\":{\"@id\":\"https:\\\/\\\/paule-vasseur.com\\\/nl\\\/formulaire-rendez-vous-et-contact.htm#primaryimage\"},\"image\":{\"@id\":\"https:\\\/\\\/paule-vasseur.com\\\/nl\\\/formulaire-rendez-vous-et-contact.htm#primaryimage\"},\"thumbnailUrl\":\"https:\\\/\\\/paule-vasseur.com\\\/wp-content\\\/uploads\\\/2025\\\/09\\\/double_ligne-removebg-preview.png\",\"datePublished\":\"2025-09-23T14:51:03+00:00\",\"dateModified\":\"2025-09-29T08:47:28+00:00\",\"description\":\"Vous mariez bient\u00f4t votre enfant ? Alors prenez Rendez-vous en ligne pour d\u00e9couvrir notre nouvelle collection. C'est une \u00e9tape agr\u00e9able dans vos pr\u00e9paratifs mariage. Ou que vous alliez, les conseill\u00e8res Paule Vasseur sont exp\u00e9riment\u00e9es et vous recevront comme nulle part ailleurs : avec professionnalisme.\",\"breadcrumb\":{\"@id\":\"https:\\\/\\\/paule-vasseur.com\\\/nl\\\/formulaire-rendez-vous-et-contact.htm#breadcrumb\"},\"inLanguage\":\"nl-BE\",\"potentialAction\":[{\"@type\":\"ReadAction\",\"target\":[\"https:\\\/\\\/paule-vasseur.com\\\/nl\\\/formulaire-rendez-vous-et-contact.htm\"]}]},{\"@type\":\"ImageObject\",\"inLanguage\":\"nl-BE\",\"@id\":\"https:\\\/\\\/paule-vasseur.com\\\/nl\\\/formulaire-rendez-vous-et-contact.htm#primaryimage\",\"url\":\"https:\\\/\\\/paule-vasseur.com\\\/wp-content\\\/uploads\\\/2025\\\/09\\\/double_ligne-removebg-preview.png\",\"contentUrl\":\"https:\\\/\\\/paule-vasseur.com\\\/wp-content\\\/uploads\\\/2025\\\/09\\\/double_ligne-removebg-preview.png\"},{\"@type\":\"BreadcrumbList\",\"@id\":\"https:\\\/\\\/paule-vasseur.com\\\/nl\\\/formulaire-rendez-vous-et-contact.htm#breadcrumb\",\"itemListElement\":[{\"@type\":\"ListItem\",\"position\":1,\"name\":\"Accueil\",\"item\":\"https:\\\/\\\/paule-vasseur.com\\\/\"},{\"@type\":\"ListItem\",\"position\":2,\"name\":\"Formulaire prise de contact et rendez-vous Paule Vasseur\"}]},{\"@type\":\"WebSite\",\"@id\":\"https:\\\/\\\/paule-vasseur.com\\\/nl\\\/#website\",\"url\":\"https:\\\/\\\/paule-vasseur.com\\\/nl\\\/\",\"name\":\"RIDEAUX COUTURE\",\"description\":\"\",\"publisher\":{\"@id\":\"https:\\\/\\\/paule-vasseur.com\\\/nl\\\/#organization\"},\"potentialAction\":[{\"@type\":\"SearchAction\",\"target\":{\"@type\":\"EntryPoint\",\"urlTemplate\":\"https:\\\/\\\/paule-vasseur.com\\\/nl\\\/?s={search_term_string}\"},\"query-input\":{\"@type\":\"PropertyValueSpecification\",\"valueRequired\":true,\"valueName\":\"search_term_string\"}}],\"inLanguage\":\"nl-BE\"},{\"@type\":\"Organization\",\"@id\":\"https:\\\/\\\/paule-vasseur.com\\\/nl\\\/#organization\",\"name\":\"RIDEAUX COUTURE\",\"url\":\"https:\\\/\\\/paule-vasseur.com\\\/nl\\\/\",\"logo\":{\"@type\":\"ImageObject\",\"inLanguage\":\"nl-BE\",\"@id\":\"https:\\\/\\\/paule-vasseur.com\\\/nl\\\/#\\\/schema\\\/logo\\\/image\\\/\",\"url\":\"https:\\\/\\\/paule-vasseur.com\\\/wp-content\\\/uploads\\\/2025\\\/09\\\/cropped-cropped-logonew2018-2.webp\",\"contentUrl\":\"https:\\\/\\\/paule-vasseur.com\\\/wp-content\\\/uploads\\\/2025\\\/09\\\/cropped-cropped-logonew2018-2.webp\",\"width\":166,\"height\":110,\"caption\":\"RIDEAUX COUTURE\"},\"image\":{\"@id\":\"https:\\\/\\\/paule-vasseur.com\\\/nl\\\/#\\\/schema\\\/logo\\\/image\\\/\"}}]}<\/script>\n<!-- \/ Yoast SEO plugin. -->","yoast_head_json":{"title":"Contact- en afspraakformulier Paule Vasseur - PAULE VASSEUR","description":"Gaat je kind binnenkort trouwen? Maak dan online een afspraak om onze nieuwe collectie te ontdekken. Het is een aangename stap in je huwelijksvoorbereidingen. Waar je ook komt, de adviseurs van Paule Vasseur zijn ervaren en ontvangen je zoals nergens anders: met professionaliteit.","robots":{"index":"index","follow":"follow","max-snippet":"max-snippet:-1","max-image-preview":"max-image-preview:large","max-video-preview":"max-video-preview:-1"},"canonical":"https:\/\/paule-vasseur.com\/nl\/afspraak-en-contactformulier-htm","og_locale":"nl_BE","og_type":"article","og_title":"Formulaire prise de contact et rendez-vous Paule Vasseur - PAULE VASSEUR","og_description":"Vous mariez bient\u00f4t votre enfant ? Alors prenez Rendez-vous en ligne pour d\u00e9couvrir notre nouvelle collection. C'est une \u00e9tape agr\u00e9able dans vos pr\u00e9paratifs mariage. Ou que vous alliez, les conseill\u00e8res Paule Vasseur sont exp\u00e9riment\u00e9es et vous recevront comme nulle part ailleurs : avec professionnalisme.","og_url":"https:\/\/paule-vasseur.com\/nl\/afspraak-en-contactformulier-htm","og_site_name":"PAULE VASSEUR","article_modified_time":"2025-09-29T08:47:28+00:00","og_image":[{"width":1160,"height":100,"url":"https:\/\/paule-vasseur.com\/wp-content\/uploads\/2025\/09\/double_ligne-removebg-preview.png","type":"image\/png"}],"twitter_card":"summary_large_image","twitter_misc":{"Geschatte leestijd":"1 minuut"},"schema":{"@context":"https:\/\/schema.org","@graph":[{"@type":"WebPage","@id":"https:\/\/paule-vasseur.com\/nl\/formulaire-rendez-vous-et-contact.htm","url":"https:\/\/paule-vasseur.com\/nl\/formulaire-rendez-vous-et-contact.htm","name":"Contact- en afspraakformulier Paule Vasseur - PAULE VASSEUR","isPartOf":{"@id":"https:\/\/paule-vasseur.com\/nl\/#website"},"primaryImageOfPage":{"@id":"https:\/\/paule-vasseur.com\/nl\/formulaire-rendez-vous-et-contact.htm#primaryimage"},"image":{"@id":"https:\/\/paule-vasseur.com\/nl\/formulaire-rendez-vous-et-contact.htm#primaryimage"},"thumbnailUrl":"https:\/\/paule-vasseur.com\/wp-content\/uploads\/2025\/09\/double_ligne-removebg-preview.png","datePublished":"2025-09-23T14:51:03+00:00","dateModified":"2025-09-29T08:47:28+00:00","description":"Gaat je kind binnenkort trouwen? Maak dan online een afspraak om onze nieuwe collectie te ontdekken. Het is een aangename stap in je huwelijksvoorbereidingen. Waar je ook komt, de adviseurs van Paule Vasseur zijn ervaren en ontvangen je zoals nergens anders: met professionaliteit.","breadcrumb":{"@id":"https:\/\/paule-vasseur.com\/nl\/formulaire-rendez-vous-et-contact.htm#breadcrumb"},"inLanguage":"nl-BE","potentialAction":[{"@type":"ReadAction","target":["https:\/\/paule-vasseur.com\/nl\/formulaire-rendez-vous-et-contact.htm"]}]},{"@type":"ImageObject","inLanguage":"nl-BE","@id":"https:\/\/paule-vasseur.com\/nl\/formulaire-rendez-vous-et-contact.htm#primaryimage","url":"https:\/\/paule-vasseur.com\/wp-content\/uploads\/2025\/09\/double_ligne-removebg-preview.png","contentUrl":"https:\/\/paule-vasseur.com\/wp-content\/uploads\/2025\/09\/double_ligne-removebg-preview.png"},{"@type":"BreadcrumbList","@id":"https:\/\/paule-vasseur.com\/nl\/formulaire-rendez-vous-et-contact.htm#breadcrumb","itemListElement":[{"@type":"ListItem","position":1,"name":"Accueil","item":"https:\/\/paule-vasseur.com\/"},{"@type":"ListItem","position":2,"name":"Formulaire prise de contact et rendez-vous Paule Vasseur"}]},{"@type":"WebSite","@id":"https:\/\/paule-vasseur.com\/nl\/#website","url":"https:\/\/paule-vasseur.com\/nl\/","name":"GORDIJNEN NAAIEN","description":"","publisher":{"@id":"https:\/\/paule-vasseur.com\/nl\/#organization"},"potentialAction":[{"@type":"SearchAction","target":{"@type":"EntryPoint","urlTemplate":"https:\/\/paule-vasseur.com\/nl\/?s={search_term_string}"},"query-input":{"@type":"PropertyValueSpecification","valueRequired":true,"valueName":"search_term_string"}}],"inLanguage":"nl-BE"},{"@type":"Organization","@id":"https:\/\/paule-vasseur.com\/nl\/#organization","name":"GORDIJNEN NAAIEN","url":"https:\/\/paule-vasseur.com\/nl\/","logo":{"@type":"ImageObject","inLanguage":"nl-BE","@id":"https:\/\/paule-vasseur.com\/nl\/#\/schema\/logo\/image\/","url":"https:\/\/paule-vasseur.com\/wp-content\/uploads\/2025\/09\/cropped-cropped-logonew2018-2.webp","contentUrl":"https:\/\/paule-vasseur.com\/wp-content\/uploads\/2025\/09\/cropped-cropped-logonew2018-2.webp","width":166,"height":110,"caption":"RIDEAUX COUTURE"},"image":{"@id":"https:\/\/paule-vasseur.com\/nl\/#\/schema\/logo\/image\/"}}]}},"_links":{"self":[{"href":"https:\/\/paule-vasseur.com\/nl\/wp-json\/wp\/v2\/pages\/75909","targetHints":{"allow":["GET"]}}],"collection":[{"href":"https:\/\/paule-vasseur.com\/nl\/wp-json\/wp\/v2\/pages"}],"about":[{"href":"https:\/\/paule-vasseur.com\/nl\/wp-json\/wp\/v2\/types\/page"}],"author":[{"embeddable":true,"href":"https:\/\/paule-vasseur.com\/nl\/wp-json\/wp\/v2\/users\/1"}],"replies":[{"embeddable":true,"href":"https:\/\/paule-vasseur.com\/nl\/wp-json\/wp\/v2\/comments?post=75909"}],"version-history":[{"count":8,"href":"https:\/\/paule-vasseur.com\/nl\/wp-json\/wp\/v2\/pages\/75909\/revisions"}],"predecessor-version":[{"id":76423,"href":"https:\/\/paule-vasseur.com\/nl\/wp-json\/wp\/v2\/pages\/75909\/revisions\/76423"}],"wp:attachment":[{"href":"https:\/\/paule-vasseur.com\/nl\/wp-json\/wp\/v2\/media?parent=75909"}],"wp:term":[{"taxonomy":"folder","embeddable":true,"href":"https:\/\/paule-vasseur.com\/nl\/wp-json\/wp\/v2\/folder?post=75909"}],"curies":[{"name":"wp","href":"https:\/\/api.w.org\/{rel}","templated":true}]}}