{"id":75997,"date":"2025-09-25T11:05:04","date_gmt":"2025-09-25T09:05:04","guid":{"rendered":"https:\/\/paule-vasseur.com\/?page_id=75997"},"modified":"2025-09-25T11:08:27","modified_gmt":"2025-09-25T09:08:27","slug":"philosophie-maison-paule-vasseur","status":"publish","type":"page","link":"https:\/\/paule-vasseur.com\/nl\/philosophie-maison-paule-vasseur.htm","title":{"rendered":"De filosofie van Paule Vasseur: tijdloze elegantie en uitstekende kwaliteit"},"content":{"rendered":"<style>.kb-row-layout-id75997_ceea59-85 > .kt-row-column-wrap{align-content:start;}:where(.kb-row-layout-id75997_ceea59-85 > .kt-row-column-wrap) > .wp-block-kadence-column{justify-content:start;}.kb-row-layout-id75997_ceea59-85 > .kt-row-column-wrap{column-gap:var(--global-kb-gap-md, 2rem);row-gap:var(--global-kb-gap-md, 2rem);padding-top:var(--global-kb-spacing-sm, 1.5rem);padding-bottom:var(--global-kb-spacing-sm, 1.5rem);grid-template-columns:minmax(0, calc(65% - ((var(--global-kb-gap-md, 2rem) * 1 )\/2)))minmax(0, calc(35% - ((var(--global-kb-gap-md, 2rem) * 1 )\/2)));}.kb-row-layout-id75997_ceea59-85 > .kt-row-layout-overlay{opacity:0.30;}@media all and (max-width: 1024px){.kb-row-layout-id75997_ceea59-85 > .kt-row-column-wrap{grid-template-columns:repeat(2, minmax(0, 1fr));}}@media all and (max-width: 767px){.kb-row-layout-id75997_ceea59-85 > .kt-row-column-wrap{grid-template-columns:minmax(0, 1fr);}}<\/style><div class=\"kb-row-layout-wrap kb-row-layout-id75997_ceea59-85 alignnone wp-block-kadence-rowlayout\"><div class=\"kt-row-column-wrap kt-has-2-columns kt-row-layout-equal kt-tab-layout-inherit kt-mobile-layout-row kt-row-valign-top\">\n<style>.kadence-column75997_a3fbf5-e9 > .kt-inside-inner-col,.kadence-column75997_a3fbf5-e9 > .kt-inside-inner-col:before{border-top-left-radius:0px;border-top-right-radius:0px;border-bottom-right-radius:0px;border-bottom-left-radius:0px;}.kadence-column75997_a3fbf5-e9 > .kt-inside-inner-col{column-gap:var(--global-kb-gap-sm, 1rem);}.kadence-column75997_a3fbf5-e9 > .kt-inside-inner-col{flex-direction:column;}.kadence-column75997_a3fbf5-e9 > .kt-inside-inner-col > .aligncenter{width:100%;}.kadence-column75997_a3fbf5-e9 > .kt-inside-inner-col:before{opacity:0.3;}.kadence-column75997_a3fbf5-e9{position:relative;}@media all and (max-width: 1024px){.kadence-column75997_a3fbf5-e9 > .kt-inside-inner-col{flex-direction:column;justify-content:center;}}@media all and (max-width: 767px){.kadence-column75997_a3fbf5-e9 > .kt-inside-inner-col{flex-direction:column;justify-content:center;}}<\/style>\n<div class=\"wp-block-kadence-column kadence-column75997_a3fbf5-e9\"><div class=\"kt-inside-inner-col\">\n<h2 class=\"wp-block-heading\">Kwaliteit, traditie en elegantie zijn de sleutelwoorden van ons modehuis<\/h2>\n\n\n\n<p>Omdat kwaliteit een zeldzaam en kostbaar goed is, biedt Paule Vasseur je een exclusieve collectie outfits van topkwaliteit voor je evenementen, of het nu gaat om bruiloften, cocktailparty's of doopfeesten.<br>Het huis onderscheidt zich door de perfectie van de snit, de zorgvuldige afwerking en de exclusieve zijde met verfijnde kleuren en borduursels. Naast een persoonlijke service kun je ook een outfit op maat bestellen.<br>Onze collecties bevatten ook bijpassende en aanpasbare hoeden voor een complete look. Paule Vasseur, een internationaal erkend Frans merk, staat garant voor uitmuntendheid en tijdloze elegantie, met een toegewijde klantenservice en een focus op de waarden van vakmanschap.<\/p>\n<\/div><\/div>\n\n\n<style>.kadence-column75997_ed445f-a8 > .kt-inside-inner-col,.kadence-column75997_ed445f-a8 > .kt-inside-inner-col:before{border-top-left-radius:0px;border-top-right-radius:0px;border-bottom-right-radius:0px;border-bottom-left-radius:0px;}.kadence-column75997_ed445f-a8 > .kt-inside-inner-col{column-gap:var(--global-kb-gap-sm, 1rem);}.kadence-column75997_ed445f-a8 > .kt-inside-inner-col{flex-direction:column;}.kadence-column75997_ed445f-a8 > .kt-inside-inner-col > .aligncenter{width:100%;}.kadence-column75997_ed445f-a8 > .kt-inside-inner-col:before{opacity:0.3;}.kadence-column75997_ed445f-a8{position:relative;}@media all and (max-width: 1024px){.kadence-column75997_ed445f-a8 > .kt-inside-inner-col{flex-direction:column;justify-content:center;}}@media all and (max-width: 767px){.kadence-column75997_ed445f-a8 > .kt-inside-inner-col{flex-direction:column;justify-content:center;}}<\/style>\n<div class=\"wp-block-kadence-column kadence-column75997_ed445f-a8\"><div class=\"kt-inside-inner-col\"><style>.kb-image75997_9cc40d-fb .kb-image-has-overlay:after{opacity:0.3;}<\/style>\n<figure class=\"wp-block-kadence-image kb-image75997_9cc40d-fb size-full\"><img loading=\"lazy\" decoding=\"async\" width=\"900\" height=\"592\" src=\"https:\/\/paule-vasseur.com\/wp-content\/uploads\/2025\/09\/cbr-photographie-60-2.jpg\" alt=\"\" class=\"kb-img wp-image-76000\" srcset=\"https:\/\/paule-vasseur.com\/wp-content\/uploads\/2025\/09\/cbr-photographie-60-2.jpg 900w, https:\/\/paule-vasseur.com\/wp-content\/uploads\/2025\/09\/cbr-photographie-60-2-500x329.jpg 500w, https:\/\/paule-vasseur.com\/wp-content\/uploads\/2025\/09\/cbr-photographie-60-2-768x505.jpg 768w, https:\/\/paule-vasseur.com\/wp-content\/uploads\/2025\/09\/cbr-photographie-60-2-650x428.jpg 650w\" sizes=\"auto, (max-width: 900px) 100vw, 900px\" \/><\/figure>\n<\/div><\/div>\n\n<\/div><\/div>\n\n\n<div class=\"wp-block-group\" style=\"padding-top:0;padding-right:0;padding-bottom:0;padding-left:0\"><div class=\"wp-block-group__inner-container is-layout-constrained wp-container-core-group-is-layout-c6b4b7cd wp-block-group-is-layout-constrained\"><div class=\"wp-block-image\">\n<figure class=\"aligncenter size-full\"><img loading=\"lazy\" decoding=\"async\" width=\"166\" height=\"110\" src=\"https:\/\/paule-vasseur.com\/wp-content\/uploads\/2025\/09\/cropped-cropped-logonew2018-2-1.webp\" alt=\"\" class=\"wp-image-69239\"\/><\/figure>\n<\/div>\n\n\n<p class=\"has-text-align-center\">Hebben jullie een ceremonie?<br>Laten we erover praten.<\/p>\n\n\n\n<div class=\"wp-block-buttons is-vertical is-content-justification-center is-layout-flex wp-container-core-buttons-is-layout-63e38172 wp-block-buttons-is-layout-flex\">\n<div class=\"wp-block-button is-style-fill\"><a class=\"wp-block-button__link has-text-align-center wp-element-button\" href=\"https:\/\/paule-vasseur.com\/nl\/contact-htm\/\">Neem contact met ons op<\/a><\/div>\n<\/div>\n\n\n<style>.wp-block-kadence-spacer.kt-block-spacer-69247_ec675a-41 .kt-block-spacer{height:20px;}.wp-block-kadence-spacer.kt-block-spacer-69247_ec675a-41 .kt-divider{border-top-width:1px;height:1px;border-top-color:#eee;width:80%;border-top-style:solid;}<\/style>\n<div class=\"wp-block-kadence-spacer aligncenter kt-block-spacer-69247_ec675a-41\"><div class=\"kt-block-spacer kt-block-spacer-halign-center\"><\/div><\/div>\n<\/div><\/div>","protected":false},"excerpt":{"rendered":"<p>Qualit\u00e9, tradition et \u00e9l\u00e9gance sont les ma\u00eetres mots de notre maison de couture Parce que la qualit\u00e9 est une valeur rare et pr\u00e9cieuse, Paule Vasseur vous propose une collection exclusive de tenues habill\u00e9es haut de gamme pour vos \u00e9v\u00e9nements, qu&rsquo;il s&rsquo;agisse de mariages, cocktails ou bapt\u00eames.La maison se distingue par la perfection de ses coupes,&#8230;<\/p>","protected":false},"author":1,"featured_media":0,"parent":0,"menu_order":0,"comment_status":"closed","ping_status":"closed","template":"","meta":{"_kadence_starter_templates_imported_post":false,"_kad_post_transparent":"","_kad_post_title":"","_kad_post_layout":"","_kad_post_sidebar_id":"","_kad_post_content_style":"","_kad_post_vertical_padding":"","_kad_post_feature":"","_kad_post_feature_position":"","_kad_post_header":false,"_kad_post_footer":false,"_kad_post_classname":"","footnotes":""},"folder":[4273],"class_list":["post-75997","page","type-page","status-publish","hentry"],"yoast_head":"<!-- This site is optimized with the Yoast SEO plugin v27.4 - https:\/\/yoast.com\/product\/yoast-seo-wordpress\/ -->\n<title>Philosophie Paule Vasseur : L&#039;\u00c9l\u00e9gance intemporelle et l&#039;excellence de la qualit\u00e9 - PAULE VASSEUR<\/title>\n<meta name=\"description\" content=\"PAULE VASSEUR pour toutes les morphologies ! Vous \u00eates une maman aux formes g\u00e9n\u00e9reuses ? Choisissez une robe qui met en valeur votre taille et votre d\u00e9collet\u00e9...\" \/>\n<meta name=\"robots\" content=\"index, follow, max-snippet:-1, max-image-preview:large, max-video-preview:-1\" \/>\n<link rel=\"canonical\" href=\"https:\/\/paule-vasseur.com\/nl\/filosofiehuis-paule-vasseur-htm\" \/>\n<meta property=\"og:locale\" content=\"nl_BE\" \/>\n<meta property=\"og:type\" content=\"article\" \/>\n<meta property=\"og:title\" content=\"Philosophie Paule Vasseur : L&#039;\u00c9l\u00e9gance intemporelle et l&#039;excellence de la qualit\u00e9 - PAULE VASSEUR\" \/>\n<meta property=\"og:description\" content=\"PAULE VASSEUR pour toutes les morphologies ! Vous \u00eates une maman aux formes g\u00e9n\u00e9reuses ? Choisissez une robe qui met en valeur votre taille et votre d\u00e9collet\u00e9...\" \/>\n<meta property=\"og:url\" content=\"https:\/\/paule-vasseur.com\/nl\/filosofiehuis-paule-vasseur-htm\" \/>\n<meta property=\"og:site_name\" content=\"PAULE VASSEUR\" \/>\n<meta property=\"article:modified_time\" content=\"2025-09-25T09:08:27+00:00\" \/>\n<meta property=\"og:image\" content=\"https:\/\/paule-vasseur.com\/wp-content\/uploads\/2025\/09\/cbr-photographie-60-2.jpg\" \/>\n\t<meta property=\"og:image:width\" content=\"900\" \/>\n\t<meta property=\"og:image:height\" content=\"592\" \/>\n\t<meta property=\"og:image:type\" content=\"image\/jpeg\" \/>\n<meta name=\"twitter:card\" content=\"summary_large_image\" \/>\n<meta name=\"twitter:label1\" content=\"Geschatte leestijd\" \/>\n\t<meta name=\"twitter:data1\" content=\"2 minuten\" \/>\n<script type=\"application\/ld+json\" class=\"yoast-schema-graph\">{\"@context\":\"https:\\\/\\\/schema.org\",\"@graph\":[{\"@type\":\"WebPage\",\"@id\":\"https:\\\/\\\/paule-vasseur.com\\\/nl\\\/philosophie-maison-paule-vasseur.htm\",\"url\":\"https:\\\/\\\/paule-vasseur.com\\\/nl\\\/philosophie-maison-paule-vasseur.htm\",\"name\":\"Philosophie Paule Vasseur : L'\u00c9l\u00e9gance intemporelle et l'excellence de la qualit\u00e9 - PAULE VASSEUR\",\"isPartOf\":{\"@id\":\"https:\\\/\\\/paule-vasseur.com\\\/nl\\\/#website\"},\"primaryImageOfPage\":{\"@id\":\"https:\\\/\\\/paule-vasseur.com\\\/nl\\\/philosophie-maison-paule-vasseur.htm#primaryimage\"},\"image\":{\"@id\":\"https:\\\/\\\/paule-vasseur.com\\\/nl\\\/philosophie-maison-paule-vasseur.htm#primaryimage\"},\"thumbnailUrl\":\"https:\\\/\\\/paule-vasseur.com\\\/wp-content\\\/uploads\\\/2025\\\/09\\\/cbr-photographie-60-2.jpg\",\"datePublished\":\"2025-09-25T09:05:04+00:00\",\"dateModified\":\"2025-09-25T09:08:27+00:00\",\"description\":\"PAULE VASSEUR pour toutes les morphologies ! Vous \u00eates une maman aux formes g\u00e9n\u00e9reuses ? Choisissez une robe qui met en valeur votre taille et votre d\u00e9collet\u00e9...\",\"breadcrumb\":{\"@id\":\"https:\\\/\\\/paule-vasseur.com\\\/nl\\\/philosophie-maison-paule-vasseur.htm#breadcrumb\"},\"inLanguage\":\"nl-BE\",\"potentialAction\":[{\"@type\":\"ReadAction\",\"target\":[\"https:\\\/\\\/paule-vasseur.com\\\/nl\\\/philosophie-maison-paule-vasseur.htm\"]}]},{\"@type\":\"ImageObject\",\"inLanguage\":\"nl-BE\",\"@id\":\"https:\\\/\\\/paule-vasseur.com\\\/nl\\\/philosophie-maison-paule-vasseur.htm#primaryimage\",\"url\":\"https:\\\/\\\/paule-vasseur.com\\\/wp-content\\\/uploads\\\/2025\\\/09\\\/cbr-photographie-60-2.jpg\",\"contentUrl\":\"https:\\\/\\\/paule-vasseur.com\\\/wp-content\\\/uploads\\\/2025\\\/09\\\/cbr-photographie-60-2.jpg\"},{\"@type\":\"BreadcrumbList\",\"@id\":\"https:\\\/\\\/paule-vasseur.com\\\/nl\\\/philosophie-maison-paule-vasseur.htm#breadcrumb\",\"itemListElement\":[{\"@type\":\"ListItem\",\"position\":1,\"name\":\"Accueil\",\"item\":\"https:\\\/\\\/paule-vasseur.com\\\/\"},{\"@type\":\"ListItem\",\"position\":2,\"name\":\"Philosophie Paule Vasseur : L&rsquo;\u00c9l\u00e9gance intemporelle et l&rsquo;excellence de la qualit\u00e9\"}]},{\"@type\":\"WebSite\",\"@id\":\"https:\\\/\\\/paule-vasseur.com\\\/nl\\\/#website\",\"url\":\"https:\\\/\\\/paule-vasseur.com\\\/nl\\\/\",\"name\":\"RIDEAUX COUTURE\",\"description\":\"\",\"publisher\":{\"@id\":\"https:\\\/\\\/paule-vasseur.com\\\/nl\\\/#organization\"},\"potentialAction\":[{\"@type\":\"SearchAction\",\"target\":{\"@type\":\"EntryPoint\",\"urlTemplate\":\"https:\\\/\\\/paule-vasseur.com\\\/nl\\\/?s={search_term_string}\"},\"query-input\":{\"@type\":\"PropertyValueSpecification\",\"valueRequired\":true,\"valueName\":\"search_term_string\"}}],\"inLanguage\":\"nl-BE\"},{\"@type\":\"Organization\",\"@id\":\"https:\\\/\\\/paule-vasseur.com\\\/nl\\\/#organization\",\"name\":\"RIDEAUX COUTURE\",\"url\":\"https:\\\/\\\/paule-vasseur.com\\\/nl\\\/\",\"logo\":{\"@type\":\"ImageObject\",\"inLanguage\":\"nl-BE\",\"@id\":\"https:\\\/\\\/paule-vasseur.com\\\/nl\\\/#\\\/schema\\\/logo\\\/image\\\/\",\"url\":\"https:\\\/\\\/paule-vasseur.com\\\/wp-content\\\/uploads\\\/2025\\\/09\\\/cropped-cropped-logonew2018-2.webp\",\"contentUrl\":\"https:\\\/\\\/paule-vasseur.com\\\/wp-content\\\/uploads\\\/2025\\\/09\\\/cropped-cropped-logonew2018-2.webp\",\"width\":166,\"height\":110,\"caption\":\"RIDEAUX COUTURE\"},\"image\":{\"@id\":\"https:\\\/\\\/paule-vasseur.com\\\/nl\\\/#\\\/schema\\\/logo\\\/image\\\/\"}}]}<\/script>\n<!-- \/ Yoast SEO plugin. -->","yoast_head_json":{"title":"De filosofie van Paule Vasseur: tijdloze elegantie en uitmuntende kwaliteit - PAULE VASSEUR","description":"PAULE VASSEUR voor alle lichaamstypes! Ben je een moeder met royale rondingen? Kies een jurk die je taille en decollet\u00e9 laat zien...","robots":{"index":"index","follow":"follow","max-snippet":"max-snippet:-1","max-image-preview":"max-image-preview:large","max-video-preview":"max-video-preview:-1"},"canonical":"https:\/\/paule-vasseur.com\/nl\/filosofiehuis-paule-vasseur-htm","og_locale":"nl_BE","og_type":"article","og_title":"Philosophie Paule Vasseur : L'\u00c9l\u00e9gance intemporelle et l'excellence de la qualit\u00e9 - PAULE VASSEUR","og_description":"PAULE VASSEUR pour toutes les morphologies ! Vous \u00eates une maman aux formes g\u00e9n\u00e9reuses ? Choisissez une robe qui met en valeur votre taille et votre d\u00e9collet\u00e9...","og_url":"https:\/\/paule-vasseur.com\/nl\/filosofiehuis-paule-vasseur-htm","og_site_name":"PAULE VASSEUR","article_modified_time":"2025-09-25T09:08:27+00:00","og_image":[{"width":900,"height":592,"url":"https:\/\/paule-vasseur.com\/wp-content\/uploads\/2025\/09\/cbr-photographie-60-2.jpg","type":"image\/jpeg"}],"twitter_card":"summary_large_image","twitter_misc":{"Geschatte leestijd":"2 minuten"},"schema":{"@context":"https:\/\/schema.org","@graph":[{"@type":"WebPage","@id":"https:\/\/paule-vasseur.com\/nl\/philosophie-maison-paule-vasseur.htm","url":"https:\/\/paule-vasseur.com\/nl\/philosophie-maison-paule-vasseur.htm","name":"De filosofie van Paule Vasseur: tijdloze elegantie en uitmuntende kwaliteit - PAULE VASSEUR","isPartOf":{"@id":"https:\/\/paule-vasseur.com\/nl\/#website"},"primaryImageOfPage":{"@id":"https:\/\/paule-vasseur.com\/nl\/philosophie-maison-paule-vasseur.htm#primaryimage"},"image":{"@id":"https:\/\/paule-vasseur.com\/nl\/philosophie-maison-paule-vasseur.htm#primaryimage"},"thumbnailUrl":"https:\/\/paule-vasseur.com\/wp-content\/uploads\/2025\/09\/cbr-photographie-60-2.jpg","datePublished":"2025-09-25T09:05:04+00:00","dateModified":"2025-09-25T09:08:27+00:00","description":"PAULE VASSEUR voor alle lichaamstypes! Ben je een moeder met royale rondingen? Kies een jurk die je taille en decollet\u00e9 laat zien...","breadcrumb":{"@id":"https:\/\/paule-vasseur.com\/nl\/philosophie-maison-paule-vasseur.htm#breadcrumb"},"inLanguage":"nl-BE","potentialAction":[{"@type":"ReadAction","target":["https:\/\/paule-vasseur.com\/nl\/philosophie-maison-paule-vasseur.htm"]}]},{"@type":"ImageObject","inLanguage":"nl-BE","@id":"https:\/\/paule-vasseur.com\/nl\/philosophie-maison-paule-vasseur.htm#primaryimage","url":"https:\/\/paule-vasseur.com\/wp-content\/uploads\/2025\/09\/cbr-photographie-60-2.jpg","contentUrl":"https:\/\/paule-vasseur.com\/wp-content\/uploads\/2025\/09\/cbr-photographie-60-2.jpg"},{"@type":"BreadcrumbList","@id":"https:\/\/paule-vasseur.com\/nl\/philosophie-maison-paule-vasseur.htm#breadcrumb","itemListElement":[{"@type":"ListItem","position":1,"name":"Accueil","item":"https:\/\/paule-vasseur.com\/"},{"@type":"ListItem","position":2,"name":"Philosophie Paule Vasseur : L&rsquo;\u00c9l\u00e9gance intemporelle et l&rsquo;excellence de la qualit\u00e9"}]},{"@type":"WebSite","@id":"https:\/\/paule-vasseur.com\/nl\/#website","url":"https:\/\/paule-vasseur.com\/nl\/","name":"GORDIJNEN NAAIEN","description":"","publisher":{"@id":"https:\/\/paule-vasseur.com\/nl\/#organization"},"potentialAction":[{"@type":"SearchAction","target":{"@type":"EntryPoint","urlTemplate":"https:\/\/paule-vasseur.com\/nl\/?s={search_term_string}"},"query-input":{"@type":"PropertyValueSpecification","valueRequired":true,"valueName":"search_term_string"}}],"inLanguage":"nl-BE"},{"@type":"Organization","@id":"https:\/\/paule-vasseur.com\/nl\/#organization","name":"GORDIJNEN NAAIEN","url":"https:\/\/paule-vasseur.com\/nl\/","logo":{"@type":"ImageObject","inLanguage":"nl-BE","@id":"https:\/\/paule-vasseur.com\/nl\/#\/schema\/logo\/image\/","url":"https:\/\/paule-vasseur.com\/wp-content\/uploads\/2025\/09\/cropped-cropped-logonew2018-2.webp","contentUrl":"https:\/\/paule-vasseur.com\/wp-content\/uploads\/2025\/09\/cropped-cropped-logonew2018-2.webp","width":166,"height":110,"caption":"RIDEAUX COUTURE"},"image":{"@id":"https:\/\/paule-vasseur.com\/nl\/#\/schema\/logo\/image\/"}}]}},"_links":{"self":[{"href":"https:\/\/paule-vasseur.com\/nl\/wp-json\/wp\/v2\/pages\/75997","targetHints":{"allow":["GET"]}}],"collection":[{"href":"https:\/\/paule-vasseur.com\/nl\/wp-json\/wp\/v2\/pages"}],"about":[{"href":"https:\/\/paule-vasseur.com\/nl\/wp-json\/wp\/v2\/types\/page"}],"author":[{"embeddable":true,"href":"https:\/\/paule-vasseur.com\/nl\/wp-json\/wp\/v2\/users\/1"}],"replies":[{"embeddable":true,"href":"https:\/\/paule-vasseur.com\/nl\/wp-json\/wp\/v2\/comments?post=75997"}],"version-history":[{"count":7,"href":"https:\/\/paule-vasseur.com\/nl\/wp-json\/wp\/v2\/pages\/75997\/revisions"}],"predecessor-version":[{"id":76007,"href":"https:\/\/paule-vasseur.com\/nl\/wp-json\/wp\/v2\/pages\/75997\/revisions\/76007"}],"wp:attachment":[{"href":"https:\/\/paule-vasseur.com\/nl\/wp-json\/wp\/v2\/media?parent=75997"}],"wp:term":[{"taxonomy":"folder","embeddable":true,"href":"https:\/\/paule-vasseur.com\/nl\/wp-json\/wp\/v2\/folder?post=75997"}],"curies":[{"name":"wp","href":"https:\/\/api.w.org\/{rel}","templated":true}]}}