{"id":76206,"date":"2025-09-26T11:41:32","date_gmt":"2025-09-26T09:41:32","guid":{"rendered":"https:\/\/paule-vasseur.com\/?page_id=76206"},"modified":"2026-04-07T16:37:18","modified_gmt":"2026-04-07T14:37:18","slug":"les-questions-frequentes","status":"publish","type":"page","link":"https:\/\/paule-vasseur.com\/nl\/les-questions-frequentes.htm","title":{"rendered":"Veelgestelde vragen"},"content":{"rendered":"<div class=\"wp-block-image\">\n<figure class=\"aligncenter size-full is-resized\"><img loading=\"lazy\" decoding=\"async\" width=\"1160\" height=\"100\" src=\"https:\/\/paule-vasseur.com\/wp-content\/uploads\/2025\/09\/double_ligne-removebg-preview.png\" alt=\"\" class=\"wp-image-69230\" style=\"width:414px;height:auto\" srcset=\"https:\/\/paule-vasseur.com\/wp-content\/uploads\/2025\/09\/double_ligne-removebg-preview.png 1160w, https:\/\/paule-vasseur.com\/wp-content\/uploads\/2025\/09\/double_ligne-removebg-preview-500x43.png 500w, https:\/\/paule-vasseur.com\/wp-content\/uploads\/2025\/09\/double_ligne-removebg-preview-1024x88.png 1024w, https:\/\/paule-vasseur.com\/wp-content\/uploads\/2025\/09\/double_ligne-removebg-preview-768x66.png 768w, https:\/\/paule-vasseur.com\/wp-content\/uploads\/2025\/09\/double_ligne-removebg-preview-650x56.png 650w\" sizes=\"auto, (max-width: 1160px) 100vw, 1160px\" \/><\/figure>\n<\/div>\n\n<style>.wp-block-kadence-advancedgallery .kb-gallery-type-grid.kb-gallery-id-76206_782397-b7{margin:-17.5px;}.kb-gallery-type-grid.kb-gallery-id-76206_782397-b7 .kadence-blocks-gallery-item{padding:17.5px;}.kb-gallery-id-76206_782397-b7 .kadence-blocks-gallery-item .kb-gal-image-radius, .kb-gallery-id-76206_782397-b7 .kb-slide-item .kb-gal-image-radius img{border-radius:0px 0px 0px 0px;;}.wp-block-kadence-advancedgallery.kb-gallery-wrap-id-76206_782397-b7{overflow:visible;}.kb-gallery-id-76206_782397-b7 .kadence-blocks-gallery-item .kb-gal-image-radius, .kb-gallery-id-76206_782397-b7 .kadence-blocks-gallery-thumb-item .kb-gal-image-radius{box-shadow:4px 2px 14px 0px rgba(0, 0, 0, 0.2);}.kb-gallery-id-76206_782397-b7 .kadence-blocks-gallery-item:hover .kb-gal-image-radius, .kb-gallery-id-76206_782397-b7 .kadence-blocks-gallery-thumb-item:hover .kb-gal-image-radius{box-shadow:0px 35px 30px -5px rgba(0, 0, 0, 0.2);}.kb-gallery-id-76206_782397-b7 .kadence-blocks-gallery-item .kadence-blocks-gallery-item-inner .kadence-blocks-gallery-item__caption{font-size:var(--global-kb-font-size-lg, 2rem);line-height:40px;text-transform:uppercase;}.kb-gallery-caption-style-bottom.kb-gallery-id-76206_782397-b7 .kadence-blocks-gallery-item .kadence-blocks-gallery-item-inner .kadence-blocks-gallery-item__caption, .kb-gallery-caption-style-bottom-hover.kb-gallery-id-76206_782397-b7 .kadence-blocks-gallery-item .kadence-blocks-gallery-item-inner .kadence-blocks-gallery-item__caption{background:linear-gradient(0deg, rgba(0, 0, 0, 0.5) 0, rgba(0, 0, 0, 0) 100%);}<\/style><div class=\"kb-gallery-wrap-id-76206_782397-b7 alignnone wp-block-kadence-advancedgallery\"><ul class=\"kb-gallery-ul kb-gallery-non-static kb-gallery-type-grid kb-gallery-id-76206_782397-b7 kb-gallery-caption-style-bottom kb-gallery-filter-none\" data-image-filter=\"none\" data-item-selector=\".kadence-blocks-gallery-item\" data-lightbox-caption=\"true\" data-columns-xxl=\"2\" data-columns-xl=\"2\" data-columns-md=\"2\" data-columns-sm=\"2\" data-columns-xs=\"1\" data-columns-ss=\"1\"><li class=\"kadence-blocks-gallery-item\"><div class=\"kadence-blocks-gallery-item-inner\"><figure class=\"kb-gallery-figure kb-gallery-item-has-link kadence-blocks-gallery-item-has-caption\"><a href=\"https:\/\/paule-vasseur.com\/nl\/afspraak-en-contactformulier-htm\/\" class=\"kb-gallery-item-link\"  ><div class=\"kb-gal-image-radius\"><div class=\"kb-gallery-image-contain kadence-blocks-gallery-intrinsic kb-gallery-image-ratio-land32 kb-has-image-ratio-land32\" ><img loading=\"lazy\" decoding=\"async\" src=\"https:\/\/paule-vasseur.com\/wp-content\/uploads\/2025\/09\/eric-rothermel-FoKO4DpXamQ-unsplash-1024x685.jpg\" width=\"1024\" height=\"685\" alt=\"\" data-full-image=\"https:\/\/paule-vasseur.com\/wp-content\/uploads\/2025\/09\/eric-rothermel-FoKO4DpXamQ-unsplash.jpg\" data-light-image=\"https:\/\/paule-vasseur.com\/wp-content\/uploads\/2025\/09\/eric-rothermel-FoKO4DpXamQ-unsplash.jpg\" data-id=\"76424\" class=\"wp-image-76424\" srcset=\"https:\/\/paule-vasseur.com\/wp-content\/uploads\/2025\/09\/eric-rothermel-FoKO4DpXamQ-unsplash-1024x685.jpg 1024w, https:\/\/paule-vasseur.com\/wp-content\/uploads\/2025\/09\/eric-rothermel-FoKO4DpXamQ-unsplash-500x335.jpg 500w, https:\/\/paule-vasseur.com\/wp-content\/uploads\/2025\/09\/eric-rothermel-FoKO4DpXamQ-unsplash-768x514.jpg 768w, https:\/\/paule-vasseur.com\/wp-content\/uploads\/2025\/09\/eric-rothermel-FoKO4DpXamQ-unsplash-1536x1028.jpg 1536w, https:\/\/paule-vasseur.com\/wp-content\/uploads\/2025\/09\/eric-rothermel-FoKO4DpXamQ-unsplash-650x435.jpg 650w, https:\/\/paule-vasseur.com\/wp-content\/uploads\/2025\/09\/eric-rothermel-FoKO4DpXamQ-unsplash.jpg 1920w\" sizes=\"auto, (max-width: 1024px) 100vw, 1024px\" \/><\/div><div class=\"kadence-blocks-gallery-item__caption\">Comment prendre rendez-vous <br>chez nos revendeurs ?<\/div><\/div><\/a><\/figure><\/div><\/li><li class=\"kadence-blocks-gallery-item\"><div class=\"kadence-blocks-gallery-item-inner\"><figure class=\"kb-gallery-figure kb-gallery-item-has-link kadence-blocks-gallery-item-has-caption\"><a href=\"https:\/\/paule-vasseur.com\/nl\/tableau-de-mesures-paule-vasseur.htm\/\" class=\"kb-gallery-item-link\"  ><div class=\"kb-gal-image-radius\"><div class=\"kb-gallery-image-contain kadence-blocks-gallery-intrinsic kb-gallery-image-ratio-land32 kb-has-image-ratio-land32\" ><img loading=\"lazy\" decoding=\"async\" src=\"https:\/\/paule-vasseur.com\/wp-content\/uploads\/2026\/04\/pexels-yaroslav-shuraev-8844384-1-1005x1024.jpg\" width=\"1005\" height=\"1024\" alt=\"\" data-full-image=\"https:\/\/paule-vasseur.com\/wp-content\/uploads\/2026\/04\/pexels-yaroslav-shuraev-8844384-1-scaled.jpg\" data-light-image=\"https:\/\/paule-vasseur.com\/wp-content\/uploads\/2026\/04\/pexels-yaroslav-shuraev-8844384-1-scaled.jpg\" data-id=\"78844\" class=\"wp-image-78844\" srcset=\"https:\/\/paule-vasseur.com\/wp-content\/uploads\/2026\/04\/pexels-yaroslav-shuraev-8844384-1-1005x1024.jpg 1005w, https:\/\/paule-vasseur.com\/wp-content\/uploads\/2026\/04\/pexels-yaroslav-shuraev-8844384-1-491x500.jpg 491w, https:\/\/paule-vasseur.com\/wp-content\/uploads\/2026\/04\/pexels-yaroslav-shuraev-8844384-1-768x783.jpg 768w, https:\/\/paule-vasseur.com\/wp-content\/uploads\/2026\/04\/pexels-yaroslav-shuraev-8844384-1-1508x1536.jpg 1508w, https:\/\/paule-vasseur.com\/wp-content\/uploads\/2026\/04\/pexels-yaroslav-shuraev-8844384-1-2010x2048.jpg 2010w, https:\/\/paule-vasseur.com\/wp-content\/uploads\/2026\/04\/pexels-yaroslav-shuraev-8844384-1-12x12.jpg 12w, https:\/\/paule-vasseur.com\/wp-content\/uploads\/2026\/04\/pexels-yaroslav-shuraev-8844384-1-60x61.jpg 60w, https:\/\/paule-vasseur.com\/wp-content\/uploads\/2026\/04\/pexels-yaroslav-shuraev-8844384-1-320x326.jpg 320w, https:\/\/paule-vasseur.com\/wp-content\/uploads\/2026\/04\/pexels-yaroslav-shuraev-8844384-1-500x509.jpg 500w, https:\/\/paule-vasseur.com\/wp-content\/uploads\/2026\/04\/pexels-yaroslav-shuraev-8844384-1-650x662.jpg 650w, https:\/\/paule-vasseur.com\/wp-content\/uploads\/2026\/04\/pexels-yaroslav-shuraev-8844384-1-50x50.jpg 50w, https:\/\/paule-vasseur.com\/wp-content\/uploads\/2026\/04\/pexels-yaroslav-shuraev-8844384-1-32x32.jpg 32w, https:\/\/paule-vasseur.com\/wp-content\/uploads\/2026\/04\/pexels-yaroslav-shuraev-8844384-1-64x65.jpg 64w\" sizes=\"auto, (max-width: 1005px) 100vw, 1005px\" \/><\/div><div class=\"kadence-blocks-gallery-item__caption\">Comment prendre vos<br> mensurations chez vous ?<\/div><\/div><\/a><\/figure><\/div><\/li><li class=\"kadence-blocks-gallery-item\"><div class=\"kadence-blocks-gallery-item-inner\"><figure class=\"kb-gallery-figure kb-gallery-item-has-link kadence-blocks-gallery-item-has-caption\"><a href=\"https:\/\/paule-vasseur.com\/nl\/outfit-op-maat-moeder-marie-htm\/\" class=\"kb-gallery-item-link\"  ><div class=\"kb-gal-image-radius\"><div class=\"kb-gallery-image-contain kadence-blocks-gallery-intrinsic kb-gallery-image-ratio-land32 kb-has-image-ratio-land32\" ><img loading=\"lazy\" decoding=\"async\" src=\"https:\/\/paule-vasseur.com\/wp-content\/uploads\/2025\/09\/pexels-pavel-danilyuk-6461156-1024x684.jpg\" width=\"1024\" height=\"684\" alt=\"\" data-full-image=\"https:\/\/paule-vasseur.com\/wp-content\/uploads\/2025\/09\/pexels-pavel-danilyuk-6461156.jpg\" data-light-image=\"https:\/\/paule-vasseur.com\/wp-content\/uploads\/2025\/09\/pexels-pavel-danilyuk-6461156.jpg\" data-id=\"76430\" class=\"wp-image-76430\" srcset=\"https:\/\/paule-vasseur.com\/wp-content\/uploads\/2025\/09\/pexels-pavel-danilyuk-6461156-1024x684.jpg 1024w, https:\/\/paule-vasseur.com\/wp-content\/uploads\/2025\/09\/pexels-pavel-danilyuk-6461156-500x334.jpg 500w, https:\/\/paule-vasseur.com\/wp-content\/uploads\/2025\/09\/pexels-pavel-danilyuk-6461156-768x513.jpg 768w, https:\/\/paule-vasseur.com\/wp-content\/uploads\/2025\/09\/pexels-pavel-danilyuk-6461156-650x434.jpg 650w, https:\/\/paule-vasseur.com\/wp-content\/uploads\/2025\/09\/pexels-pavel-danilyuk-6461156.jpg 1279w\" sizes=\"auto, (max-width: 1024px) 100vw, 1024px\" \/><\/div><div class=\"kadence-blocks-gallery-item__caption\">les d\u00e9lais de commandes pour <br>les tenues de c\u00e9r\u00e9monies ?<\/div><\/div><\/a><\/figure><\/div><\/li><li class=\"kadence-blocks-gallery-item\"><div class=\"kadence-blocks-gallery-item-inner\"><figure class=\"kb-gallery-figure kb-gallery-item-has-link kadence-blocks-gallery-item-has-caption\"><a href=\"https:\/\/paule-vasseur.com\/nl\/questions-faq-paule-vasseur.htm\/\" class=\"kb-gallery-item-link\"  ><div class=\"kb-gal-image-radius\"><div class=\"kb-gallery-image-contain kadence-blocks-gallery-intrinsic kb-gallery-image-ratio-land32 kb-has-image-ratio-land32\" ><img loading=\"lazy\" decoding=\"async\" src=\"https:\/\/paule-vasseur.com\/wp-content\/uploads\/2025\/09\/pexels-pixabay-356079-1024x620.jpg\" width=\"1024\" height=\"620\" alt=\"\" data-full-image=\"https:\/\/paule-vasseur.com\/wp-content\/uploads\/2025\/09\/pexels-pixabay-356079.jpg\" data-light-image=\"https:\/\/paule-vasseur.com\/wp-content\/uploads\/2025\/09\/pexels-pixabay-356079.jpg\" data-id=\"76425\" class=\"wp-image-76425\" srcset=\"https:\/\/paule-vasseur.com\/wp-content\/uploads\/2025\/09\/pexels-pixabay-356079-1024x620.jpg 1024w, https:\/\/paule-vasseur.com\/wp-content\/uploads\/2025\/09\/pexels-pixabay-356079-500x303.jpg 500w, https:\/\/paule-vasseur.com\/wp-content\/uploads\/2025\/09\/pexels-pixabay-356079-768x465.jpg 768w, https:\/\/paule-vasseur.com\/wp-content\/uploads\/2025\/09\/pexels-pixabay-356079-650x394.jpg 650w, https:\/\/paule-vasseur.com\/wp-content\/uploads\/2025\/09\/pexels-pixabay-356079.jpg 1280w\" sizes=\"auto, (max-width: 1024px) 100vw, 1024px\" \/><\/div><div class=\"kadence-blocks-gallery-item__caption\">Les questions <br>fr\u00e9quemment pos\u00e9es<\/div><\/div><\/a><\/figure><\/div><\/li><\/ul><\/div>\n\n<style>.wp-block-kadence-spacer.kt-block-spacer-76206_9636fc-54 .kt-block-spacer{height:60px;}.wp-block-kadence-spacer.kt-block-spacer-76206_9636fc-54 .kt-divider{border-top-width:1px;height:1px;border-top-color:#eee;width:80%;border-top-style:solid;}<\/style>\n<div class=\"wp-block-kadence-spacer aligncenter kt-block-spacer-76206_9636fc-54\"><div class=\"kt-block-spacer kt-block-spacer-halign-center\"><\/div><\/div>\n\n\n\n<p><\/p>","protected":false},"excerpt":{"rendered":"","protected":false},"author":1,"featured_media":0,"parent":0,"menu_order":0,"comment_status":"closed","ping_status":"closed","template":"","meta":{"_kadence_starter_templates_imported_post":false,"_kad_post_transparent":"","_kad_post_title":"","_kad_post_layout":"","_kad_post_sidebar_id":"","_kad_post_content_style":"","_kad_post_vertical_padding":"","_kad_post_feature":"","_kad_post_feature_position":"","_kad_post_header":false,"_kad_post_footer":false,"_kad_post_classname":"","footnotes":""},"folder":[4274],"class_list":["post-76206","page","type-page","status-publish","hentry"],"yoast_head":"<!-- This site is optimized with the Yoast SEO plugin v27.4 - https:\/\/yoast.com\/product\/yoast-seo-wordpress\/ -->\n<title>Les questions fr\u00e9quentes - PAULE VASSEUR<\/title>\n<meta name=\"robots\" content=\"index, follow, max-snippet:-1, max-image-preview:large, max-video-preview:-1\" \/>\n<link rel=\"canonical\" href=\"https:\/\/paule-vasseur.com\/nl\/veelgestelde-vragen-htm\" \/>\n<meta property=\"og:locale\" content=\"nl_BE\" \/>\n<meta property=\"og:type\" content=\"article\" \/>\n<meta property=\"og:title\" content=\"Les questions fr\u00e9quentes - PAULE VASSEUR\" \/>\n<meta property=\"og:url\" content=\"https:\/\/paule-vasseur.com\/nl\/veelgestelde-vragen-htm\" \/>\n<meta property=\"og:site_name\" content=\"PAULE VASSEUR\" \/>\n<meta property=\"article:modified_time\" content=\"2026-04-07T14:37:18+00:00\" \/>\n<meta property=\"og:image\" content=\"https:\/\/paule-vasseur.com\/wp-content\/uploads\/2025\/09\/double_ligne-removebg-preview.png\" \/>\n\t<meta property=\"og:image:width\" content=\"1160\" \/>\n\t<meta property=\"og:image:height\" content=\"100\" \/>\n\t<meta property=\"og:image:type\" content=\"image\/png\" \/>\n<meta name=\"twitter:card\" content=\"summary_large_image\" \/>\n<meta name=\"twitter:label1\" content=\"Geschatte leestijd\" \/>\n\t<meta name=\"twitter:data1\" content=\"1 minuut\" \/>\n<script type=\"application\/ld+json\" class=\"yoast-schema-graph\">{\"@context\":\"https:\\\/\\\/schema.org\",\"@graph\":[{\"@type\":\"WebPage\",\"@id\":\"https:\\\/\\\/paule-vasseur.com\\\/nl\\\/les-questions-frequentes.htm\",\"url\":\"https:\\\/\\\/paule-vasseur.com\\\/nl\\\/les-questions-frequentes.htm\",\"name\":\"Les questions fr\u00e9quentes - PAULE VASSEUR\",\"isPartOf\":{\"@id\":\"https:\\\/\\\/paule-vasseur.com\\\/nl\\\/#website\"},\"primaryImageOfPage\":{\"@id\":\"https:\\\/\\\/paule-vasseur.com\\\/nl\\\/les-questions-frequentes.htm#primaryimage\"},\"image\":{\"@id\":\"https:\\\/\\\/paule-vasseur.com\\\/nl\\\/les-questions-frequentes.htm#primaryimage\"},\"thumbnailUrl\":\"https:\\\/\\\/paule-vasseur.com\\\/wp-content\\\/uploads\\\/2025\\\/09\\\/double_ligne-removebg-preview.png\",\"datePublished\":\"2025-09-26T09:41:32+00:00\",\"dateModified\":\"2026-04-07T14:37:18+00:00\",\"breadcrumb\":{\"@id\":\"https:\\\/\\\/paule-vasseur.com\\\/nl\\\/les-questions-frequentes.htm#breadcrumb\"},\"inLanguage\":\"nl-BE\",\"potentialAction\":[{\"@type\":\"ReadAction\",\"target\":[\"https:\\\/\\\/paule-vasseur.com\\\/nl\\\/les-questions-frequentes.htm\"]}]},{\"@type\":\"ImageObject\",\"inLanguage\":\"nl-BE\",\"@id\":\"https:\\\/\\\/paule-vasseur.com\\\/nl\\\/les-questions-frequentes.htm#primaryimage\",\"url\":\"https:\\\/\\\/paule-vasseur.com\\\/wp-content\\\/uploads\\\/2025\\\/09\\\/double_ligne-removebg-preview.png\",\"contentUrl\":\"https:\\\/\\\/paule-vasseur.com\\\/wp-content\\\/uploads\\\/2025\\\/09\\\/double_ligne-removebg-preview.png\"},{\"@type\":\"BreadcrumbList\",\"@id\":\"https:\\\/\\\/paule-vasseur.com\\\/nl\\\/les-questions-frequentes.htm#breadcrumb\",\"itemListElement\":[{\"@type\":\"ListItem\",\"position\":1,\"name\":\"Accueil\",\"item\":\"https:\\\/\\\/paule-vasseur.com\\\/\"},{\"@type\":\"ListItem\",\"position\":2,\"name\":\"Les questions fr\u00e9quentes\"}]},{\"@type\":\"WebSite\",\"@id\":\"https:\\\/\\\/paule-vasseur.com\\\/nl\\\/#website\",\"url\":\"https:\\\/\\\/paule-vasseur.com\\\/nl\\\/\",\"name\":\"RIDEAUX COUTURE\",\"description\":\"\",\"publisher\":{\"@id\":\"https:\\\/\\\/paule-vasseur.com\\\/nl\\\/#organization\"},\"potentialAction\":[{\"@type\":\"SearchAction\",\"target\":{\"@type\":\"EntryPoint\",\"urlTemplate\":\"https:\\\/\\\/paule-vasseur.com\\\/nl\\\/?s={search_term_string}\"},\"query-input\":{\"@type\":\"PropertyValueSpecification\",\"valueRequired\":true,\"valueName\":\"search_term_string\"}}],\"inLanguage\":\"nl-BE\"},{\"@type\":\"Organization\",\"@id\":\"https:\\\/\\\/paule-vasseur.com\\\/nl\\\/#organization\",\"name\":\"RIDEAUX COUTURE\",\"url\":\"https:\\\/\\\/paule-vasseur.com\\\/nl\\\/\",\"logo\":{\"@type\":\"ImageObject\",\"inLanguage\":\"nl-BE\",\"@id\":\"https:\\\/\\\/paule-vasseur.com\\\/nl\\\/#\\\/schema\\\/logo\\\/image\\\/\",\"url\":\"https:\\\/\\\/paule-vasseur.com\\\/wp-content\\\/uploads\\\/2025\\\/09\\\/cropped-cropped-logonew2018-2.webp\",\"contentUrl\":\"https:\\\/\\\/paule-vasseur.com\\\/wp-content\\\/uploads\\\/2025\\\/09\\\/cropped-cropped-logonew2018-2.webp\",\"width\":166,\"height\":110,\"caption\":\"RIDEAUX COUTURE\"},\"image\":{\"@id\":\"https:\\\/\\\/paule-vasseur.com\\\/nl\\\/#\\\/schema\\\/logo\\\/image\\\/\"}}]}<\/script>\n<!-- \/ Yoast SEO plugin. -->","yoast_head_json":{"title":"Veelgestelde vragen - PAULE VASSEUR","robots":{"index":"index","follow":"follow","max-snippet":"max-snippet:-1","max-image-preview":"max-image-preview:large","max-video-preview":"max-video-preview:-1"},"canonical":"https:\/\/paule-vasseur.com\/nl\/veelgestelde-vragen-htm","og_locale":"nl_BE","og_type":"article","og_title":"Les questions fr\u00e9quentes - PAULE VASSEUR","og_url":"https:\/\/paule-vasseur.com\/nl\/veelgestelde-vragen-htm","og_site_name":"PAULE VASSEUR","article_modified_time":"2026-04-07T14:37:18+00:00","og_image":[{"width":1160,"height":100,"url":"https:\/\/paule-vasseur.com\/wp-content\/uploads\/2025\/09\/double_ligne-removebg-preview.png","type":"image\/png"}],"twitter_card":"summary_large_image","twitter_misc":{"Geschatte leestijd":"1 minuut"},"schema":{"@context":"https:\/\/schema.org","@graph":[{"@type":"WebPage","@id":"https:\/\/paule-vasseur.com\/nl\/les-questions-frequentes.htm","url":"https:\/\/paule-vasseur.com\/nl\/les-questions-frequentes.htm","name":"Veelgestelde vragen - PAULE VASSEUR","isPartOf":{"@id":"https:\/\/paule-vasseur.com\/nl\/#website"},"primaryImageOfPage":{"@id":"https:\/\/paule-vasseur.com\/nl\/les-questions-frequentes.htm#primaryimage"},"image":{"@id":"https:\/\/paule-vasseur.com\/nl\/les-questions-frequentes.htm#primaryimage"},"thumbnailUrl":"https:\/\/paule-vasseur.com\/wp-content\/uploads\/2025\/09\/double_ligne-removebg-preview.png","datePublished":"2025-09-26T09:41:32+00:00","dateModified":"2026-04-07T14:37:18+00:00","breadcrumb":{"@id":"https:\/\/paule-vasseur.com\/nl\/les-questions-frequentes.htm#breadcrumb"},"inLanguage":"nl-BE","potentialAction":[{"@type":"ReadAction","target":["https:\/\/paule-vasseur.com\/nl\/les-questions-frequentes.htm"]}]},{"@type":"ImageObject","inLanguage":"nl-BE","@id":"https:\/\/paule-vasseur.com\/nl\/les-questions-frequentes.htm#primaryimage","url":"https:\/\/paule-vasseur.com\/wp-content\/uploads\/2025\/09\/double_ligne-removebg-preview.png","contentUrl":"https:\/\/paule-vasseur.com\/wp-content\/uploads\/2025\/09\/double_ligne-removebg-preview.png"},{"@type":"BreadcrumbList","@id":"https:\/\/paule-vasseur.com\/nl\/les-questions-frequentes.htm#breadcrumb","itemListElement":[{"@type":"ListItem","position":1,"name":"Accueil","item":"https:\/\/paule-vasseur.com\/"},{"@type":"ListItem","position":2,"name":"Les questions fr\u00e9quentes"}]},{"@type":"WebSite","@id":"https:\/\/paule-vasseur.com\/nl\/#website","url":"https:\/\/paule-vasseur.com\/nl\/","name":"GORDIJNEN NAAIEN","description":"","publisher":{"@id":"https:\/\/paule-vasseur.com\/nl\/#organization"},"potentialAction":[{"@type":"SearchAction","target":{"@type":"EntryPoint","urlTemplate":"https:\/\/paule-vasseur.com\/nl\/?s={search_term_string}"},"query-input":{"@type":"PropertyValueSpecification","valueRequired":true,"valueName":"search_term_string"}}],"inLanguage":"nl-BE"},{"@type":"Organization","@id":"https:\/\/paule-vasseur.com\/nl\/#organization","name":"GORDIJNEN NAAIEN","url":"https:\/\/paule-vasseur.com\/nl\/","logo":{"@type":"ImageObject","inLanguage":"nl-BE","@id":"https:\/\/paule-vasseur.com\/nl\/#\/schema\/logo\/image\/","url":"https:\/\/paule-vasseur.com\/wp-content\/uploads\/2025\/09\/cropped-cropped-logonew2018-2.webp","contentUrl":"https:\/\/paule-vasseur.com\/wp-content\/uploads\/2025\/09\/cropped-cropped-logonew2018-2.webp","width":166,"height":110,"caption":"RIDEAUX COUTURE"},"image":{"@id":"https:\/\/paule-vasseur.com\/nl\/#\/schema\/logo\/image\/"}}]}},"_links":{"self":[{"href":"https:\/\/paule-vasseur.com\/nl\/wp-json\/wp\/v2\/pages\/76206","targetHints":{"allow":["GET"]}}],"collection":[{"href":"https:\/\/paule-vasseur.com\/nl\/wp-json\/wp\/v2\/pages"}],"about":[{"href":"https:\/\/paule-vasseur.com\/nl\/wp-json\/wp\/v2\/types\/page"}],"author":[{"embeddable":true,"href":"https:\/\/paule-vasseur.com\/nl\/wp-json\/wp\/v2\/users\/1"}],"replies":[{"embeddable":true,"href":"https:\/\/paule-vasseur.com\/nl\/wp-json\/wp\/v2\/comments?post=76206"}],"version-history":[{"count":16,"href":"https:\/\/paule-vasseur.com\/nl\/wp-json\/wp\/v2\/pages\/76206\/revisions"}],"predecessor-version":[{"id":78846,"href":"https:\/\/paule-vasseur.com\/nl\/wp-json\/wp\/v2\/pages\/76206\/revisions\/78846"}],"wp:attachment":[{"href":"https:\/\/paule-vasseur.com\/nl\/wp-json\/wp\/v2\/media?parent=76206"}],"wp:term":[{"taxonomy":"folder","embeddable":true,"href":"https:\/\/paule-vasseur.com\/nl\/wp-json\/wp\/v2\/folder?post=76206"}],"curies":[{"name":"wp","href":"https:\/\/api.w.org\/{rel}","templated":true}]}}